{"id":18058,"date":"2026-03-13T12:14:45","date_gmt":"2026-03-13T11:14:45","guid":{"rendered":"https:\/\/www.misceladoro.com\/?post_type=product&#038;p=18058"},"modified":"2026-03-19T14:45:35","modified_gmt":"2026-03-19T13:45:35","slug":"espresso-selezione-cafe-en-dosettes-souples","status":"publish","type":"product","link":"https:\/\/www.misceladoro.com\/fr\/produit\/espresso-selezione-cafe-en-dosettes-souples\/","title":{"rendered":"Espresso Selezione \u2013 Caf\u00e9 en Dosettes Souples"},"content":{"rendered":"","protected":false},"excerpt":{"rendered":"<p data-start=\"890\" data-end=\"1116\"><strong data-start=\"890\" data-end=\"953\">Un espresso \u00e9quilibr\u00e9 et enveloppant en dosettes ESE 44 mm.<\/strong><br data-start=\"953\" data-end=\"956\" \/>Selezione est un m\u00e9lange raffin\u00e9 pour ceux qui appr\u00e9cient un espresso intense mais harmonieux, avec un ar\u00f4me riche, une cr\u00e8me velout\u00e9e et une belle persistance.<br \/>\nBo\u00eete de 72 dosettes compostables, emball\u00e9es individuellement sous atmosph\u00e8re modifi\u00e9e afin de pr\u00e9server fra\u00eecheur et qualit\u00e9 dans chaque tasse.<\/p>\n","protected":false},"featured_media":18024,"template":"","meta":{"_acf_changed":false,"inline_featured_image":false},"product_brand":[],"product_cat":[722],"product_tag":[1019,1020,1298,1022,1299,1300],"class_list":{"0":"post-18058","1":"product","2":"type-product","3":"status-publish","4":"has-post-thumbnail","6":"product_cat-cafe-dosette-souple","7":"product_tag-caffe-espresso-cialde-fr","8":"product_tag-caffe-in-cialde-fr","9":"product_tag-caffe-tradizionale-in-cialde","10":"product_tag-cialde-ese-fr","11":"product_tag-migliori-caffe-in-cialda","12":"product_tag-traditional-coffee-pods","14":"first","15":"instock","16":"taxable","17":"shipping-taxable","18":"purchasable","19":"product-type-simple"},"acf":[],"yoast_head":"<!-- This site is optimized with the Yoast SEO Premium plugin v26.7 (Yoast SEO v26.7) - https:\/\/yoast.com\/wordpress\/plugins\/seo\/ -->\n<title>Espresso Selezione \u2013 Caf\u00e9 en Dosettes souples | Miscela d&#039;Oro<\/title>\n<meta name=\"description\" content=\"Espresso Selezione \u2013 72 dosettes compostables ESE 44 mm au go\u00fbt riche et harmonieux, cr\u00e8me velout\u00e9e et notes de tabac, r\u00e9glisse et chocolat.\" \/>\n<meta name=\"robots\" content=\"index, follow, max-snippet:-1, max-image-preview:large, max-video-preview:-1\" \/>\n<link rel=\"canonical\" href=\"https:\/\/www.misceladoro.com\/fr\/produit\/espresso-selezione-cafe-en-dosettes-souples\/\" \/>\n<meta property=\"og:locale\" content=\"fr_FR\" \/>\n<meta property=\"og:type\" content=\"article\" \/>\n<meta property=\"og:title\" content=\"Espresso Selezione \u2013 Caf\u00e9 en Dosettes Souples\" \/>\n<meta property=\"og:description\" content=\"Gusta l\u2019Espresso Classico di Miscela d&#039;Oro. Cialde E.S.E con corpo forte e crema spessa, note di popcorn e noci tostate. Acquista ora!\" \/>\n<meta property=\"og:url\" content=\"https:\/\/www.misceladoro.com\/fr\/produit\/espresso-selezione-cafe-en-dosettes-souples\/\" \/>\n<meta property=\"og:site_name\" content=\"Miscela d&#039;Oro\" \/>\n<meta property=\"article:publisher\" content=\"https:\/\/www.facebook.com\/MDOSicilia1946\" \/>\n<meta property=\"article:modified_time\" content=\"2026-03-19T13:45:35+00:00\" \/>\n<meta property=\"og:image\" content=\"https:\/\/www.misceladoro.com\/wp-content\/uploads\/2026\/03\/2-1.png\" \/>\n\t<meta property=\"og:image:width\" content=\"900\" \/>\n\t<meta property=\"og:image:height\" content=\"900\" \/>\n\t<meta property=\"og:image:type\" content=\"image\/png\" \/>\n<meta name=\"twitter:card\" content=\"summary_large_image\" \/>\n<meta name=\"twitter:description\" content=\"Gusta l\u2019Espresso Classico di Miscela d&#039;Oro. Cialde E.S.E con corpo forte e crema spessa, note di popcorn e noci tostate. Acquista ora!\" \/>\n<meta name=\"twitter:site\" content=\"@miscela_doro\" \/>\n<meta name=\"twitter:label1\" content=\"Dur\u00e9e de lecture estim\u00e9e\" \/>\n\t<meta name=\"twitter:data1\" content=\"1 minute\" \/>\n<script type=\"application\/ld+json\" class=\"yoast-schema-graph\">{\"@context\":\"https:\/\/schema.org\",\"@graph\":[{\"@type\":\"WebPage\",\"@id\":\"https:\/\/www.misceladoro.com\/fr\/produit\/espresso-selezione-cafe-en-dosettes-souples\/\",\"url\":\"https:\/\/www.misceladoro.com\/fr\/produit\/espresso-selezione-cafe-en-dosettes-souples\/\",\"name\":\"Espresso Selezione \u2013 Caf\u00e9 en Dosettes souples | Miscela d&#039;Oro\",\"isPartOf\":{\"@id\":\"https:\/\/www.misceladoro.com\/fr\/#website\"},\"primaryImageOfPage\":{\"@id\":\"https:\/\/www.misceladoro.com\/fr\/produit\/espresso-selezione-cafe-en-dosettes-souples\/#primaryimage\"},\"image\":{\"@id\":\"https:\/\/www.misceladoro.com\/fr\/produit\/espresso-selezione-cafe-en-dosettes-souples\/#primaryimage\"},\"thumbnailUrl\":\"https:\/\/www.misceladoro.com\/wp-content\/uploads\/2026\/03\/2-1.png\",\"datePublished\":\"2026-03-13T11:14:45+00:00\",\"dateModified\":\"2026-03-19T13:45:35+00:00\",\"description\":\"Espresso Selezione \u2013 72 dosettes compostables ESE 44 mm au go\u00fbt riche et harmonieux, cr\u00e8me velout\u00e9e et notes de tabac, r\u00e9glisse et chocolat.\",\"breadcrumb\":{\"@id\":\"https:\/\/www.misceladoro.com\/fr\/produit\/espresso-selezione-cafe-en-dosettes-souples\/#breadcrumb\"},\"inLanguage\":\"fr-FR\",\"potentialAction\":[{\"@type\":\"ReadAction\",\"target\":[\"https:\/\/www.misceladoro.com\/fr\/produit\/espresso-selezione-cafe-en-dosettes-souples\/\"]}]},{\"@type\":\"ImageObject\",\"inLanguage\":\"fr-FR\",\"@id\":\"https:\/\/www.misceladoro.com\/fr\/produit\/espresso-selezione-cafe-en-dosettes-souples\/#primaryimage\",\"url\":\"https:\/\/www.misceladoro.com\/wp-content\/uploads\/2026\/03\/2-1.png\",\"contentUrl\":\"https:\/\/www.misceladoro.com\/wp-content\/uploads\/2026\/03\/2-1.png\",\"width\":900,\"height\":900,\"caption\":\"Espresso Selezione ESE\"},{\"@type\":\"BreadcrumbList\",\"@id\":\"https:\/\/www.misceladoro.com\/fr\/produit\/espresso-selezione-cafe-en-dosettes-souples\/#breadcrumb\",\"itemListElement\":[{\"@type\":\"ListItem\",\"position\":1,\"name\":\"Home\",\"item\":\"https:\/\/www.misceladoro.com\/fr\/\"},{\"@type\":\"ListItem\",\"position\":2,\"name\":\"Shop\",\"item\":\"https:\/\/www.misceladoro.com\/fr\/shop\/\"},{\"@type\":\"ListItem\",\"position\":3,\"name\":\"Caf\u00e9 en dosette souple\",\"item\":\"https:\/\/www.misceladoro.com\/fr\/cafe-dosette-souple\/\"},{\"@type\":\"ListItem\",\"position\":4,\"name\":\"Espresso Selezione \u2013 Caf\u00e9 en Dosettes Souples\"}]},{\"@type\":\"WebSite\",\"@id\":\"https:\/\/www.misceladoro.com\/fr\/#website\",\"url\":\"https:\/\/www.misceladoro.com\/fr\/\",\"name\":\"Miscela d'Oro\",\"description\":\"Artigiani del caff\u00e8 dal 1946\",\"publisher\":{\"@id\":\"https:\/\/www.misceladoro.com\/fr\/#organization\"},\"potentialAction\":[{\"@type\":\"SearchAction\",\"target\":{\"@type\":\"EntryPoint\",\"urlTemplate\":\"https:\/\/www.misceladoro.com\/fr\/?s={search_term_string}\"},\"query-input\":{\"@type\":\"PropertyValueSpecification\",\"valueRequired\":true,\"valueName\":\"search_term_string\"}}],\"inLanguage\":\"fr-FR\"},{\"@type\":\"Organization\",\"@id\":\"https:\/\/www.misceladoro.com\/fr\/#organization\",\"name\":\"Miscela d'Oro\",\"url\":\"https:\/\/www.misceladoro.com\/fr\/\",\"logo\":{\"@type\":\"ImageObject\",\"inLanguage\":\"fr-FR\",\"@id\":\"https:\/\/www.misceladoro.com\/fr\/#\/schema\/logo\/image\/\",\"url\":\"https:\/\/www.misceladoro.com\/wp-content\/uploads\/2022\/10\/LogoMiscelaOro-logo.png\",\"contentUrl\":\"https:\/\/www.misceladoro.com\/wp-content\/uploads\/2022\/10\/LogoMiscelaOro-logo.png\",\"width\":200,\"height\":120,\"caption\":\"Miscela d'Oro\"},\"image\":{\"@id\":\"https:\/\/www.misceladoro.com\/fr\/#\/schema\/logo\/image\/\"},\"sameAs\":[\"https:\/\/www.facebook.com\/MDOSicilia1946\",\"https:\/\/x.com\/miscela_doro\",\"https:\/\/www.instagram.com\/misceladoro\/\"]}]}<\/script>\n<!-- \/ Yoast SEO Premium plugin. -->","yoast_head_json":{"title":"Espresso Selezione \u2013 Caf\u00e9 en Dosettes souples | Miscela d&#039;Oro","description":"Espresso Selezione \u2013 72 dosettes compostables ESE 44 mm au go\u00fbt riche et harmonieux, cr\u00e8me velout\u00e9e et notes de tabac, r\u00e9glisse et chocolat.","robots":{"index":"index","follow":"follow","max-snippet":"max-snippet:-1","max-image-preview":"max-image-preview:large","max-video-preview":"max-video-preview:-1"},"canonical":"https:\/\/www.misceladoro.com\/fr\/produit\/espresso-selezione-cafe-en-dosettes-souples\/","og_locale":"fr_FR","og_type":"article","og_title":"Espresso Selezione \u2013 Caf\u00e9 en Dosettes Souples","og_description":"Gusta l\u2019Espresso Classico di Miscela d'Oro. Cialde E.S.E con corpo forte e crema spessa, note di popcorn e noci tostate. Acquista ora!","og_url":"https:\/\/www.misceladoro.com\/fr\/produit\/espresso-selezione-cafe-en-dosettes-souples\/","og_site_name":"Miscela d&#039;Oro","article_publisher":"https:\/\/www.facebook.com\/MDOSicilia1946","article_modified_time":"2026-03-19T13:45:35+00:00","og_image":[{"width":900,"height":900,"url":"https:\/\/www.misceladoro.com\/wp-content\/uploads\/2026\/03\/2-1.png","type":"image\/png"}],"twitter_card":"summary_large_image","twitter_description":"Gusta l\u2019Espresso Classico di Miscela d'Oro. Cialde E.S.E con corpo forte e crema spessa, note di popcorn e noci tostate. Acquista ora!","twitter_site":"@miscela_doro","twitter_misc":{"Dur\u00e9e de lecture estim\u00e9e":"1 minute"},"schema":{"@context":"https:\/\/schema.org","@graph":[{"@type":"WebPage","@id":"https:\/\/www.misceladoro.com\/fr\/produit\/espresso-selezione-cafe-en-dosettes-souples\/","url":"https:\/\/www.misceladoro.com\/fr\/produit\/espresso-selezione-cafe-en-dosettes-souples\/","name":"Espresso Selezione \u2013 Caf\u00e9 en Dosettes souples | Miscela d&#039;Oro","isPartOf":{"@id":"https:\/\/www.misceladoro.com\/fr\/#website"},"primaryImageOfPage":{"@id":"https:\/\/www.misceladoro.com\/fr\/produit\/espresso-selezione-cafe-en-dosettes-souples\/#primaryimage"},"image":{"@id":"https:\/\/www.misceladoro.com\/fr\/produit\/espresso-selezione-cafe-en-dosettes-souples\/#primaryimage"},"thumbnailUrl":"https:\/\/www.misceladoro.com\/wp-content\/uploads\/2026\/03\/2-1.png","datePublished":"2026-03-13T11:14:45+00:00","dateModified":"2026-03-19T13:45:35+00:00","description":"Espresso Selezione \u2013 72 dosettes compostables ESE 44 mm au go\u00fbt riche et harmonieux, cr\u00e8me velout\u00e9e et notes de tabac, r\u00e9glisse et chocolat.","breadcrumb":{"@id":"https:\/\/www.misceladoro.com\/fr\/produit\/espresso-selezione-cafe-en-dosettes-souples\/#breadcrumb"},"inLanguage":"fr-FR","potentialAction":[{"@type":"ReadAction","target":["https:\/\/www.misceladoro.com\/fr\/produit\/espresso-selezione-cafe-en-dosettes-souples\/"]}]},{"@type":"ImageObject","inLanguage":"fr-FR","@id":"https:\/\/www.misceladoro.com\/fr\/produit\/espresso-selezione-cafe-en-dosettes-souples\/#primaryimage","url":"https:\/\/www.misceladoro.com\/wp-content\/uploads\/2026\/03\/2-1.png","contentUrl":"https:\/\/www.misceladoro.com\/wp-content\/uploads\/2026\/03\/2-1.png","width":900,"height":900,"caption":"Espresso Selezione ESE"},{"@type":"BreadcrumbList","@id":"https:\/\/www.misceladoro.com\/fr\/produit\/espresso-selezione-cafe-en-dosettes-souples\/#breadcrumb","itemListElement":[{"@type":"ListItem","position":1,"name":"Home","item":"https:\/\/www.misceladoro.com\/fr\/"},{"@type":"ListItem","position":2,"name":"Shop","item":"https:\/\/www.misceladoro.com\/fr\/shop\/"},{"@type":"ListItem","position":3,"name":"Caf\u00e9 en dosette souple","item":"https:\/\/www.misceladoro.com\/fr\/cafe-dosette-souple\/"},{"@type":"ListItem","position":4,"name":"Espresso Selezione \u2013 Caf\u00e9 en Dosettes Souples"}]},{"@type":"WebSite","@id":"https:\/\/www.misceladoro.com\/fr\/#website","url":"https:\/\/www.misceladoro.com\/fr\/","name":"Miscela d'Oro","description":"Artigiani del caff\u00e8 dal 1946","publisher":{"@id":"https:\/\/www.misceladoro.com\/fr\/#organization"},"potentialAction":[{"@type":"SearchAction","target":{"@type":"EntryPoint","urlTemplate":"https:\/\/www.misceladoro.com\/fr\/?s={search_term_string}"},"query-input":{"@type":"PropertyValueSpecification","valueRequired":true,"valueName":"search_term_string"}}],"inLanguage":"fr-FR"},{"@type":"Organization","@id":"https:\/\/www.misceladoro.com\/fr\/#organization","name":"Miscela d'Oro","url":"https:\/\/www.misceladoro.com\/fr\/","logo":{"@type":"ImageObject","inLanguage":"fr-FR","@id":"https:\/\/www.misceladoro.com\/fr\/#\/schema\/logo\/image\/","url":"https:\/\/www.misceladoro.com\/wp-content\/uploads\/2022\/10\/LogoMiscelaOro-logo.png","contentUrl":"https:\/\/www.misceladoro.com\/wp-content\/uploads\/2022\/10\/LogoMiscelaOro-logo.png","width":200,"height":120,"caption":"Miscela d'Oro"},"image":{"@id":"https:\/\/www.misceladoro.com\/fr\/#\/schema\/logo\/image\/"},"sameAs":["https:\/\/www.facebook.com\/MDOSicilia1946","https:\/\/x.com\/miscela_doro","https:\/\/www.instagram.com\/misceladoro\/"]}]}},"_links":{"self":[{"href":"https:\/\/www.misceladoro.com\/fr\/wp-json\/wp\/v2\/product\/18058","targetHints":{"allow":["GET"]}}],"collection":[{"href":"https:\/\/www.misceladoro.com\/fr\/wp-json\/wp\/v2\/product"}],"about":[{"href":"https:\/\/www.misceladoro.com\/fr\/wp-json\/wp\/v2\/types\/product"}],"wp:featuredmedia":[{"embeddable":true,"href":"https:\/\/www.misceladoro.com\/fr\/wp-json\/wp\/v2\/media\/18024"}],"wp:attachment":[{"href":"https:\/\/www.misceladoro.com\/fr\/wp-json\/wp\/v2\/media?parent=18058"}],"wp:term":[{"taxonomy":"product_brand","embeddable":true,"href":"https:\/\/www.misceladoro.com\/fr\/wp-json\/wp\/v2\/product_brand?post=18058"},{"taxonomy":"product_cat","embeddable":true,"href":"https:\/\/www.misceladoro.com\/fr\/wp-json\/wp\/v2\/product_cat?post=18058"},{"taxonomy":"product_tag","embeddable":true,"href":"https:\/\/www.misceladoro.com\/fr\/wp-json\/wp\/v2\/product_tag?post=18058"}],"curies":[{"name":"wp","href":"https:\/\/api.w.org\/{rel}","templated":true}]}}