{"id":17368,"date":"2025-12-16T16:00:24","date_gmt":"2025-12-16T15:00:24","guid":{"rendered":"https:\/\/www.misceladoro.com\/?post_type=product&#038;p=17368"},"modified":"2025-12-16T16:21:44","modified_gmt":"2025-12-16T15:21:44","slug":"cafe-en-dosettes-double-dose","status":"publish","type":"product","link":"https:\/\/www.misceladoro.com\/fr\/produit\/cafe-en-dosettes-double-dose\/","title":{"rendered":"Caf\u00e9 en Dosettes Double Dose"},"content":{"rendered":"","protected":false},"excerpt":{"rendered":"<p>Dosette caf\u00e9 <strong data-start=\"1955\" data-end=\"1978\">double dose de 13 g<\/strong> permettant de pr\u00e9parer <strong data-start=\"2002\" data-end=\"2020\">deux expressos<\/strong> avec une seule portion.<br data-start=\"2044\" data-end=\"2047\" \/>Ar\u00f4me riche et intense, corps plein et cr\u00e8me velout\u00e9e. Torr\u00e9faction moyenne.<br data-start=\"2135\" data-end=\"2138\" \/><strong data-start=\"2138\" data-end=\"2154\">Format 57 mm<\/strong>, compostable. <strong data-start=\"2169\" data-end=\"2204\">Conditionnement de 100 dosettes<\/strong>.<\/p>\n","protected":false},"featured_media":17344,"template":"","meta":{"_acf_changed":false,"inline_featured_image":false},"product_brand":[],"product_cat":[722],"product_tag":[],"class_list":{"0":"post-17368","1":"product","2":"type-product","3":"status-publish","4":"has-post-thumbnail","6":"product_cat-cafe-dosette-souple","8":"first","9":"instock","10":"taxable","11":"shipping-taxable","12":"purchasable","13":"product-type-simple"},"acf":[],"yoast_head":"<!-- This site is optimized with the Yoast SEO Premium plugin v26.7 (Yoast SEO v26.7) - https:\/\/yoast.com\/wordpress\/plugins\/seo\/ -->\n<title>Caf\u00e9 en Dosettes Double Dose | Miscela d&#039;Oro<\/title>\n<meta name=\"description\" content=\"Dosettes caf\u00e9 double dose 57 mm avec 13 g de caf\u00e9. Format double pour deux expressos, conditionn\u00e9es sous atmosph\u00e8re protectrice, compostables.\" \/>\n<meta name=\"robots\" content=\"index, follow, max-snippet:-1, max-image-preview:large, max-video-preview:-1\" \/>\n<link rel=\"canonical\" href=\"https:\/\/www.misceladoro.com\/fr\/produit\/cafe-en-dosettes-double-dose\/\" \/>\n<meta property=\"og:locale\" content=\"fr_FR\" \/>\n<meta property=\"og:type\" content=\"article\" \/>\n<meta property=\"og:title\" content=\"Caf\u00e9 en Dosettes Double Dose\" \/>\n<meta property=\"og:description\" content=\"Dosettes caf\u00e9 double dose 57 mm avec 13 g de caf\u00e9. Format double pour deux expressos, conditionn\u00e9es sous atmosph\u00e8re protectrice, compostables.\" \/>\n<meta property=\"og:url\" content=\"https:\/\/www.misceladoro.com\/fr\/produit\/cafe-en-dosettes-double-dose\/\" \/>\n<meta property=\"og:site_name\" content=\"Miscela d&#039;Oro\" \/>\n<meta property=\"article:publisher\" content=\"https:\/\/www.facebook.com\/MDOSicilia1946\" \/>\n<meta property=\"article:modified_time\" content=\"2025-12-16T15:21:44+00:00\" \/>\n<meta property=\"og:image\" content=\"https:\/\/www.misceladoro.com\/wp-content\/uploads\/2025\/12\/Pods_EspressoDouble.jpg\" \/>\n\t<meta property=\"og:image:width\" content=\"2185\" \/>\n\t<meta property=\"og:image:height\" content=\"2000\" \/>\n\t<meta property=\"og:image:type\" content=\"image\/jpeg\" \/>\n<meta name=\"twitter:card\" content=\"summary_large_image\" \/>\n<meta name=\"twitter:site\" content=\"@miscela_doro\" \/>\n<script type=\"application\/ld+json\" class=\"yoast-schema-graph\">{\"@context\":\"https:\/\/schema.org\",\"@graph\":[{\"@type\":\"WebPage\",\"@id\":\"https:\/\/www.misceladoro.com\/fr\/produit\/cafe-en-dosettes-double-dose\/\",\"url\":\"https:\/\/www.misceladoro.com\/fr\/produit\/cafe-en-dosettes-double-dose\/\",\"name\":\"Caf\u00e9 en Dosettes Double Dose | Miscela d&#039;Oro\",\"isPartOf\":{\"@id\":\"https:\/\/www.misceladoro.com\/fr\/#website\"},\"primaryImageOfPage\":{\"@id\":\"https:\/\/www.misceladoro.com\/fr\/produit\/cafe-en-dosettes-double-dose\/#primaryimage\"},\"image\":{\"@id\":\"https:\/\/www.misceladoro.com\/fr\/produit\/cafe-en-dosettes-double-dose\/#primaryimage\"},\"thumbnailUrl\":\"https:\/\/www.misceladoro.com\/wp-content\/uploads\/2025\/12\/Pods_EspressoDouble.jpg\",\"datePublished\":\"2025-12-16T15:00:24+00:00\",\"dateModified\":\"2025-12-16T15:21:44+00:00\",\"description\":\"Dosettes caf\u00e9 double dose 57 mm avec 13 g de caf\u00e9. Format double pour deux expressos, conditionn\u00e9es sous atmosph\u00e8re protectrice, compostables.\",\"breadcrumb\":{\"@id\":\"https:\/\/www.misceladoro.com\/fr\/produit\/cafe-en-dosettes-double-dose\/#breadcrumb\"},\"inLanguage\":\"fr-FR\",\"potentialAction\":[{\"@type\":\"ReadAction\",\"target\":[\"https:\/\/www.misceladoro.com\/fr\/produit\/cafe-en-dosettes-double-dose\/\"]}]},{\"@type\":\"ImageObject\",\"inLanguage\":\"fr-FR\",\"@id\":\"https:\/\/www.misceladoro.com\/fr\/produit\/cafe-en-dosettes-double-dose\/#primaryimage\",\"url\":\"https:\/\/www.misceladoro.com\/wp-content\/uploads\/2025\/12\/Pods_EspressoDouble.jpg\",\"contentUrl\":\"https:\/\/www.misceladoro.com\/wp-content\/uploads\/2025\/12\/Pods_EspressoDouble.jpg\",\"width\":2185,\"height\":2000,\"caption\":\"Double serving espresso pods\"},{\"@type\":\"BreadcrumbList\",\"@id\":\"https:\/\/www.misceladoro.com\/fr\/produit\/cafe-en-dosettes-double-dose\/#breadcrumb\",\"itemListElement\":[{\"@type\":\"ListItem\",\"position\":1,\"name\":\"Home\",\"item\":\"https:\/\/www.misceladoro.com\/fr\/\"},{\"@type\":\"ListItem\",\"position\":2,\"name\":\"Shop\",\"item\":\"https:\/\/www.misceladoro.com\/fr\/shop\/\"},{\"@type\":\"ListItem\",\"position\":3,\"name\":\"Caf\u00e9 en dosette souple\",\"item\":\"https:\/\/www.misceladoro.com\/fr\/cafe-dosette-souple\/\"},{\"@type\":\"ListItem\",\"position\":4,\"name\":\"Caf\u00e9 en Dosettes Double Dose\"}]},{\"@type\":\"WebSite\",\"@id\":\"https:\/\/www.misceladoro.com\/fr\/#website\",\"url\":\"https:\/\/www.misceladoro.com\/fr\/\",\"name\":\"Miscela d'Oro\",\"description\":\"Artigiani del caff\u00e8 dal 1946\",\"publisher\":{\"@id\":\"https:\/\/www.misceladoro.com\/fr\/#organization\"},\"potentialAction\":[{\"@type\":\"SearchAction\",\"target\":{\"@type\":\"EntryPoint\",\"urlTemplate\":\"https:\/\/www.misceladoro.com\/fr\/?s={search_term_string}\"},\"query-input\":{\"@type\":\"PropertyValueSpecification\",\"valueRequired\":true,\"valueName\":\"search_term_string\"}}],\"inLanguage\":\"fr-FR\"},{\"@type\":\"Organization\",\"@id\":\"https:\/\/www.misceladoro.com\/fr\/#organization\",\"name\":\"Miscela d'Oro\",\"url\":\"https:\/\/www.misceladoro.com\/fr\/\",\"logo\":{\"@type\":\"ImageObject\",\"inLanguage\":\"fr-FR\",\"@id\":\"https:\/\/www.misceladoro.com\/fr\/#\/schema\/logo\/image\/\",\"url\":\"https:\/\/www.misceladoro.com\/wp-content\/uploads\/2022\/10\/LogoMiscelaOro-logo.png\",\"contentUrl\":\"https:\/\/www.misceladoro.com\/wp-content\/uploads\/2022\/10\/LogoMiscelaOro-logo.png\",\"width\":200,\"height\":120,\"caption\":\"Miscela d'Oro\"},\"image\":{\"@id\":\"https:\/\/www.misceladoro.com\/fr\/#\/schema\/logo\/image\/\"},\"sameAs\":[\"https:\/\/www.facebook.com\/MDOSicilia1946\",\"https:\/\/x.com\/miscela_doro\",\"https:\/\/www.instagram.com\/misceladoro\/\"]}]}<\/script>\n<!-- \/ Yoast SEO Premium plugin. -->","yoast_head_json":{"title":"Caf\u00e9 en Dosettes Double Dose | Miscela d&#039;Oro","description":"Dosettes caf\u00e9 double dose 57 mm avec 13 g de caf\u00e9. Format double pour deux expressos, conditionn\u00e9es sous atmosph\u00e8re protectrice, compostables.","robots":{"index":"index","follow":"follow","max-snippet":"max-snippet:-1","max-image-preview":"max-image-preview:large","max-video-preview":"max-video-preview:-1"},"canonical":"https:\/\/www.misceladoro.com\/fr\/produit\/cafe-en-dosettes-double-dose\/","og_locale":"fr_FR","og_type":"article","og_title":"Caf\u00e9 en Dosettes Double Dose","og_description":"Dosettes caf\u00e9 double dose 57 mm avec 13 g de caf\u00e9. Format double pour deux expressos, conditionn\u00e9es sous atmosph\u00e8re protectrice, compostables.","og_url":"https:\/\/www.misceladoro.com\/fr\/produit\/cafe-en-dosettes-double-dose\/","og_site_name":"Miscela d&#039;Oro","article_publisher":"https:\/\/www.facebook.com\/MDOSicilia1946","article_modified_time":"2025-12-16T15:21:44+00:00","og_image":[{"width":2185,"height":2000,"url":"https:\/\/www.misceladoro.com\/wp-content\/uploads\/2025\/12\/Pods_EspressoDouble.jpg","type":"image\/jpeg"}],"twitter_card":"summary_large_image","twitter_site":"@miscela_doro","schema":{"@context":"https:\/\/schema.org","@graph":[{"@type":"WebPage","@id":"https:\/\/www.misceladoro.com\/fr\/produit\/cafe-en-dosettes-double-dose\/","url":"https:\/\/www.misceladoro.com\/fr\/produit\/cafe-en-dosettes-double-dose\/","name":"Caf\u00e9 en Dosettes Double Dose | Miscela d&#039;Oro","isPartOf":{"@id":"https:\/\/www.misceladoro.com\/fr\/#website"},"primaryImageOfPage":{"@id":"https:\/\/www.misceladoro.com\/fr\/produit\/cafe-en-dosettes-double-dose\/#primaryimage"},"image":{"@id":"https:\/\/www.misceladoro.com\/fr\/produit\/cafe-en-dosettes-double-dose\/#primaryimage"},"thumbnailUrl":"https:\/\/www.misceladoro.com\/wp-content\/uploads\/2025\/12\/Pods_EspressoDouble.jpg","datePublished":"2025-12-16T15:00:24+00:00","dateModified":"2025-12-16T15:21:44+00:00","description":"Dosettes caf\u00e9 double dose 57 mm avec 13 g de caf\u00e9. Format double pour deux expressos, conditionn\u00e9es sous atmosph\u00e8re protectrice, compostables.","breadcrumb":{"@id":"https:\/\/www.misceladoro.com\/fr\/produit\/cafe-en-dosettes-double-dose\/#breadcrumb"},"inLanguage":"fr-FR","potentialAction":[{"@type":"ReadAction","target":["https:\/\/www.misceladoro.com\/fr\/produit\/cafe-en-dosettes-double-dose\/"]}]},{"@type":"ImageObject","inLanguage":"fr-FR","@id":"https:\/\/www.misceladoro.com\/fr\/produit\/cafe-en-dosettes-double-dose\/#primaryimage","url":"https:\/\/www.misceladoro.com\/wp-content\/uploads\/2025\/12\/Pods_EspressoDouble.jpg","contentUrl":"https:\/\/www.misceladoro.com\/wp-content\/uploads\/2025\/12\/Pods_EspressoDouble.jpg","width":2185,"height":2000,"caption":"Double serving espresso pods"},{"@type":"BreadcrumbList","@id":"https:\/\/www.misceladoro.com\/fr\/produit\/cafe-en-dosettes-double-dose\/#breadcrumb","itemListElement":[{"@type":"ListItem","position":1,"name":"Home","item":"https:\/\/www.misceladoro.com\/fr\/"},{"@type":"ListItem","position":2,"name":"Shop","item":"https:\/\/www.misceladoro.com\/fr\/shop\/"},{"@type":"ListItem","position":3,"name":"Caf\u00e9 en dosette souple","item":"https:\/\/www.misceladoro.com\/fr\/cafe-dosette-souple\/"},{"@type":"ListItem","position":4,"name":"Caf\u00e9 en Dosettes Double Dose"}]},{"@type":"WebSite","@id":"https:\/\/www.misceladoro.com\/fr\/#website","url":"https:\/\/www.misceladoro.com\/fr\/","name":"Miscela d'Oro","description":"Artigiani del caff\u00e8 dal 1946","publisher":{"@id":"https:\/\/www.misceladoro.com\/fr\/#organization"},"potentialAction":[{"@type":"SearchAction","target":{"@type":"EntryPoint","urlTemplate":"https:\/\/www.misceladoro.com\/fr\/?s={search_term_string}"},"query-input":{"@type":"PropertyValueSpecification","valueRequired":true,"valueName":"search_term_string"}}],"inLanguage":"fr-FR"},{"@type":"Organization","@id":"https:\/\/www.misceladoro.com\/fr\/#organization","name":"Miscela d'Oro","url":"https:\/\/www.misceladoro.com\/fr\/","logo":{"@type":"ImageObject","inLanguage":"fr-FR","@id":"https:\/\/www.misceladoro.com\/fr\/#\/schema\/logo\/image\/","url":"https:\/\/www.misceladoro.com\/wp-content\/uploads\/2022\/10\/LogoMiscelaOro-logo.png","contentUrl":"https:\/\/www.misceladoro.com\/wp-content\/uploads\/2022\/10\/LogoMiscelaOro-logo.png","width":200,"height":120,"caption":"Miscela d'Oro"},"image":{"@id":"https:\/\/www.misceladoro.com\/fr\/#\/schema\/logo\/image\/"},"sameAs":["https:\/\/www.facebook.com\/MDOSicilia1946","https:\/\/x.com\/miscela_doro","https:\/\/www.instagram.com\/misceladoro\/"]}]}},"_links":{"self":[{"href":"https:\/\/www.misceladoro.com\/fr\/wp-json\/wp\/v2\/product\/17368","targetHints":{"allow":["GET"]}}],"collection":[{"href":"https:\/\/www.misceladoro.com\/fr\/wp-json\/wp\/v2\/product"}],"about":[{"href":"https:\/\/www.misceladoro.com\/fr\/wp-json\/wp\/v2\/types\/product"}],"wp:featuredmedia":[{"embeddable":true,"href":"https:\/\/www.misceladoro.com\/fr\/wp-json\/wp\/v2\/media\/17344"}],"wp:attachment":[{"href":"https:\/\/www.misceladoro.com\/fr\/wp-json\/wp\/v2\/media?parent=17368"}],"wp:term":[{"taxonomy":"product_brand","embeddable":true,"href":"https:\/\/www.misceladoro.com\/fr\/wp-json\/wp\/v2\/product_brand?post=17368"},{"taxonomy":"product_cat","embeddable":true,"href":"https:\/\/www.misceladoro.com\/fr\/wp-json\/wp\/v2\/product_cat?post=17368"},{"taxonomy":"product_tag","embeddable":true,"href":"https:\/\/www.misceladoro.com\/fr\/wp-json\/wp\/v2\/product_tag?post=17368"}],"curies":[{"name":"wp","href":"https:\/\/api.w.org\/{rel}","templated":true}]}}