{"id":14478,"date":"2025-05-16T16:45:59","date_gmt":"2025-05-16T14:45:59","guid":{"rendered":"https:\/\/www.misceladoro.com\/prodotto\/moulin-cafe-eureka-mignon-specialita-avec-grains\/"},"modified":"2025-07-01T11:00:31","modified_gmt":"2025-07-01T09:00:31","slug":"moulin-cafe-eureka-mignon-specialita-avec-grains","status":"publish","type":"product","link":"https:\/\/www.misceladoro.com\/fr\/produit\/moulin-cafe-eureka-mignon-specialita-avec-grains\/","title":{"rendered":"Moulin \u00e0 Caf\u00e9 Mignon Specialit\u00e0 par Eureka + Grains de Caf\u00e9"},"content":{"rendered":"","protected":false},"excerpt":{"rendered":"<p>Le moulin \u00e0 caf\u00e9 des vrais connaisseurs\u00a0: hautes performances, \u00e9cran tactile intuitif, fonctionnement ultra-silencieux et pr\u00e9cision maximale du r\u00e9glage de la mouture. Compact, \u00e9l\u00e9gant et enti\u00e8rement fabriqu\u00e9 en Italie.<\/p>\n","protected":false},"featured_media":10983,"template":"","meta":{"_acf_changed":false,"inline_featured_image":false},"product_brand":[],"product_cat":[748],"product_tag":[],"class_list":{"0":"post-14478","1":"product","2":"type-product","3":"status-publish","4":"has-post-thumbnail","6":"product_cat-machines-cafe","8":"first","9":"instock","10":"taxable","11":"shipping-taxable","12":"purchasable","13":"product-type-variable"},"acf":[],"yoast_head":"<!-- This site is optimized with the Yoast SEO Premium plugin v26.7 (Yoast SEO v26.7) - https:\/\/yoast.com\/wordpress\/plugins\/seo\/ -->\n<title>Moulin \u00e0 caf\u00e9 Eureka Mignon Specialit\u00e0 + grains caf\u00e9 | Miscela d&#039;Oro<\/title>\n<meta name=\"description\" content=\"Eureka Mignon Specialit\u00e0 + caf\u00e9 500 g\u00a0: mouture pr\u00e9cise, design italien. Id\u00e9al pour amateurs d\u2019espresso maison.\" \/>\n<meta name=\"robots\" content=\"index, follow, max-snippet:-1, max-image-preview:large, max-video-preview:-1\" \/>\n<link rel=\"canonical\" href=\"https:\/\/www.misceladoro.com\/fr\/produit\/moulin-cafe-eureka-mignon-specialita-avec-grains\/\" \/>\n<meta property=\"og:locale\" content=\"fr_FR\" \/>\n<meta property=\"og:type\" content=\"article\" \/>\n<meta property=\"og:title\" content=\"Moulin \u00e0 Caf\u00e9 Mignon Specialit\u00e0 par Eureka + Grains de Caf\u00e9\" \/>\n<meta property=\"og:description\" content=\"Eureka Mignon Specialit\u00e0 + caf\u00e9 500 g\u00a0: mouture pr\u00e9cise, design italien. Id\u00e9al pour amateurs d\u2019espresso maison.\" \/>\n<meta property=\"og:url\" content=\"https:\/\/www.misceladoro.com\/fr\/produit\/moulin-cafe-eureka-mignon-specialita-avec-grains\/\" \/>\n<meta property=\"og:site_name\" content=\"Miscela d&#039;Oro\" \/>\n<meta property=\"article:publisher\" content=\"https:\/\/www.facebook.com\/MDOSicilia1946\" \/>\n<meta property=\"article:modified_time\" content=\"2025-07-01T09:00:31+00:00\" \/>\n<meta property=\"og:image\" content=\"https:\/\/www.misceladoro.com\/wp-content\/uploads\/2025\/05\/eureka-gran-gourmet.png\" \/>\n\t<meta property=\"og:image:width\" content=\"1026\" \/>\n\t<meta property=\"og:image:height\" content=\"1026\" \/>\n\t<meta property=\"og:image:type\" content=\"image\/png\" \/>\n<meta name=\"twitter:card\" content=\"summary_large_image\" \/>\n<meta name=\"twitter:site\" content=\"@miscela_doro\" \/>\n<meta name=\"twitter:label1\" content=\"Dur\u00e9e de lecture estim\u00e9e\" \/>\n\t<meta name=\"twitter:data1\" content=\"1 minute\" \/>\n<script type=\"application\/ld+json\" class=\"yoast-schema-graph\">{\"@context\":\"https:\/\/schema.org\",\"@graph\":[{\"@type\":\"WebPage\",\"@id\":\"https:\/\/www.misceladoro.com\/fr\/produit\/moulin-cafe-eureka-mignon-specialita-avec-grains\/\",\"url\":\"https:\/\/www.misceladoro.com\/fr\/produit\/moulin-cafe-eureka-mignon-specialita-avec-grains\/\",\"name\":\"Moulin \u00e0 caf\u00e9 Eureka Mignon Specialit\u00e0 + grains caf\u00e9 | Miscela d&#039;Oro\",\"isPartOf\":{\"@id\":\"https:\/\/www.misceladoro.com\/fr\/#website\"},\"primaryImageOfPage\":{\"@id\":\"https:\/\/www.misceladoro.com\/fr\/produit\/moulin-cafe-eureka-mignon-specialita-avec-grains\/#primaryimage\"},\"image\":{\"@id\":\"https:\/\/www.misceladoro.com\/fr\/produit\/moulin-cafe-eureka-mignon-specialita-avec-grains\/#primaryimage\"},\"thumbnailUrl\":\"https:\/\/www.misceladoro.com\/wp-content\/uploads\/2025\/05\/eureka-gran-gourmet.png\",\"datePublished\":\"2025-05-16T14:45:59+00:00\",\"dateModified\":\"2025-07-01T09:00:31+00:00\",\"description\":\"Eureka Mignon Specialit\u00e0 + caf\u00e9 500 g\u00a0: mouture pr\u00e9cise, design italien. Id\u00e9al pour amateurs d\u2019espresso maison.\",\"breadcrumb\":{\"@id\":\"https:\/\/www.misceladoro.com\/fr\/produit\/moulin-cafe-eureka-mignon-specialita-avec-grains\/#breadcrumb\"},\"inLanguage\":\"fr-FR\",\"potentialAction\":[{\"@type\":\"ReadAction\",\"target\":[\"https:\/\/www.misceladoro.com\/fr\/produit\/moulin-cafe-eureka-mignon-specialita-avec-grains\/\"]}]},{\"@type\":\"ImageObject\",\"inLanguage\":\"fr-FR\",\"@id\":\"https:\/\/www.misceladoro.com\/fr\/produit\/moulin-cafe-eureka-mignon-specialita-avec-grains\/#primaryimage\",\"url\":\"https:\/\/www.misceladoro.com\/wp-content\/uploads\/2025\/05\/eureka-gran-gourmet.png\",\"contentUrl\":\"https:\/\/www.misceladoro.com\/wp-content\/uploads\/2025\/05\/eureka-gran-gourmet.png\",\"width\":1026,\"height\":1026},{\"@type\":\"BreadcrumbList\",\"@id\":\"https:\/\/www.misceladoro.com\/fr\/produit\/moulin-cafe-eureka-mignon-specialita-avec-grains\/#breadcrumb\",\"itemListElement\":[{\"@type\":\"ListItem\",\"position\":1,\"name\":\"Home\",\"item\":\"https:\/\/www.misceladoro.com\/fr\/\"},{\"@type\":\"ListItem\",\"position\":2,\"name\":\"Shop\",\"item\":\"https:\/\/www.misceladoro.com\/fr\/shop\/\"},{\"@type\":\"ListItem\",\"position\":3,\"name\":\"Machines \u00e0 caf\u00e9\",\"item\":\"https:\/\/www.misceladoro.com\/fr\/machines-cafe\/\"},{\"@type\":\"ListItem\",\"position\":4,\"name\":\"Moulin \u00e0 Caf\u00e9 Mignon Specialit\u00e0 par Eureka + Grains de Caf\u00e9\"}]},{\"@type\":\"WebSite\",\"@id\":\"https:\/\/www.misceladoro.com\/fr\/#website\",\"url\":\"https:\/\/www.misceladoro.com\/fr\/\",\"name\":\"Miscela d'Oro\",\"description\":\"Artigiani del caff\u00e8 dal 1946\",\"publisher\":{\"@id\":\"https:\/\/www.misceladoro.com\/fr\/#organization\"},\"potentialAction\":[{\"@type\":\"SearchAction\",\"target\":{\"@type\":\"EntryPoint\",\"urlTemplate\":\"https:\/\/www.misceladoro.com\/fr\/?s={search_term_string}\"},\"query-input\":{\"@type\":\"PropertyValueSpecification\",\"valueRequired\":true,\"valueName\":\"search_term_string\"}}],\"inLanguage\":\"fr-FR\"},{\"@type\":\"Organization\",\"@id\":\"https:\/\/www.misceladoro.com\/fr\/#organization\",\"name\":\"Miscela d'Oro\",\"url\":\"https:\/\/www.misceladoro.com\/fr\/\",\"logo\":{\"@type\":\"ImageObject\",\"inLanguage\":\"fr-FR\",\"@id\":\"https:\/\/www.misceladoro.com\/fr\/#\/schema\/logo\/image\/\",\"url\":\"https:\/\/www.misceladoro.com\/wp-content\/uploads\/2022\/10\/LogoMiscelaOro-logo.png\",\"contentUrl\":\"https:\/\/www.misceladoro.com\/wp-content\/uploads\/2022\/10\/LogoMiscelaOro-logo.png\",\"width\":200,\"height\":120,\"caption\":\"Miscela d'Oro\"},\"image\":{\"@id\":\"https:\/\/www.misceladoro.com\/fr\/#\/schema\/logo\/image\/\"},\"sameAs\":[\"https:\/\/www.facebook.com\/MDOSicilia1946\",\"https:\/\/x.com\/miscela_doro\",\"https:\/\/www.instagram.com\/misceladoro\/\"]}]}<\/script>\n<!-- \/ Yoast SEO Premium plugin. -->","yoast_head_json":{"title":"Moulin \u00e0 caf\u00e9 Eureka Mignon Specialit\u00e0 + grains caf\u00e9 | Miscela d&#039;Oro","description":"Eureka Mignon Specialit\u00e0 + caf\u00e9 500 g\u00a0: mouture pr\u00e9cise, design italien. Id\u00e9al pour amateurs d\u2019espresso maison.","robots":{"index":"index","follow":"follow","max-snippet":"max-snippet:-1","max-image-preview":"max-image-preview:large","max-video-preview":"max-video-preview:-1"},"canonical":"https:\/\/www.misceladoro.com\/fr\/produit\/moulin-cafe-eureka-mignon-specialita-avec-grains\/","og_locale":"fr_FR","og_type":"article","og_title":"Moulin \u00e0 Caf\u00e9 Mignon Specialit\u00e0 par Eureka + Grains de Caf\u00e9","og_description":"Eureka Mignon Specialit\u00e0 + caf\u00e9 500 g\u00a0: mouture pr\u00e9cise, design italien. Id\u00e9al pour amateurs d\u2019espresso maison.","og_url":"https:\/\/www.misceladoro.com\/fr\/produit\/moulin-cafe-eureka-mignon-specialita-avec-grains\/","og_site_name":"Miscela d&#039;Oro","article_publisher":"https:\/\/www.facebook.com\/MDOSicilia1946","article_modified_time":"2025-07-01T09:00:31+00:00","og_image":[{"width":1026,"height":1026,"url":"https:\/\/www.misceladoro.com\/wp-content\/uploads\/2025\/05\/eureka-gran-gourmet.png","type":"image\/png"}],"twitter_card":"summary_large_image","twitter_site":"@miscela_doro","twitter_misc":{"Dur\u00e9e de lecture estim\u00e9e":"1 minute"},"schema":{"@context":"https:\/\/schema.org","@graph":[{"@type":"WebPage","@id":"https:\/\/www.misceladoro.com\/fr\/produit\/moulin-cafe-eureka-mignon-specialita-avec-grains\/","url":"https:\/\/www.misceladoro.com\/fr\/produit\/moulin-cafe-eureka-mignon-specialita-avec-grains\/","name":"Moulin \u00e0 caf\u00e9 Eureka Mignon Specialit\u00e0 + grains caf\u00e9 | Miscela d&#039;Oro","isPartOf":{"@id":"https:\/\/www.misceladoro.com\/fr\/#website"},"primaryImageOfPage":{"@id":"https:\/\/www.misceladoro.com\/fr\/produit\/moulin-cafe-eureka-mignon-specialita-avec-grains\/#primaryimage"},"image":{"@id":"https:\/\/www.misceladoro.com\/fr\/produit\/moulin-cafe-eureka-mignon-specialita-avec-grains\/#primaryimage"},"thumbnailUrl":"https:\/\/www.misceladoro.com\/wp-content\/uploads\/2025\/05\/eureka-gran-gourmet.png","datePublished":"2025-05-16T14:45:59+00:00","dateModified":"2025-07-01T09:00:31+00:00","description":"Eureka Mignon Specialit\u00e0 + caf\u00e9 500 g\u00a0: mouture pr\u00e9cise, design italien. Id\u00e9al pour amateurs d\u2019espresso maison.","breadcrumb":{"@id":"https:\/\/www.misceladoro.com\/fr\/produit\/moulin-cafe-eureka-mignon-specialita-avec-grains\/#breadcrumb"},"inLanguage":"fr-FR","potentialAction":[{"@type":"ReadAction","target":["https:\/\/www.misceladoro.com\/fr\/produit\/moulin-cafe-eureka-mignon-specialita-avec-grains\/"]}]},{"@type":"ImageObject","inLanguage":"fr-FR","@id":"https:\/\/www.misceladoro.com\/fr\/produit\/moulin-cafe-eureka-mignon-specialita-avec-grains\/#primaryimage","url":"https:\/\/www.misceladoro.com\/wp-content\/uploads\/2025\/05\/eureka-gran-gourmet.png","contentUrl":"https:\/\/www.misceladoro.com\/wp-content\/uploads\/2025\/05\/eureka-gran-gourmet.png","width":1026,"height":1026},{"@type":"BreadcrumbList","@id":"https:\/\/www.misceladoro.com\/fr\/produit\/moulin-cafe-eureka-mignon-specialita-avec-grains\/#breadcrumb","itemListElement":[{"@type":"ListItem","position":1,"name":"Home","item":"https:\/\/www.misceladoro.com\/fr\/"},{"@type":"ListItem","position":2,"name":"Shop","item":"https:\/\/www.misceladoro.com\/fr\/shop\/"},{"@type":"ListItem","position":3,"name":"Machines \u00e0 caf\u00e9","item":"https:\/\/www.misceladoro.com\/fr\/machines-cafe\/"},{"@type":"ListItem","position":4,"name":"Moulin \u00e0 Caf\u00e9 Mignon Specialit\u00e0 par Eureka + Grains de Caf\u00e9"}]},{"@type":"WebSite","@id":"https:\/\/www.misceladoro.com\/fr\/#website","url":"https:\/\/www.misceladoro.com\/fr\/","name":"Miscela d'Oro","description":"Artigiani del caff\u00e8 dal 1946","publisher":{"@id":"https:\/\/www.misceladoro.com\/fr\/#organization"},"potentialAction":[{"@type":"SearchAction","target":{"@type":"EntryPoint","urlTemplate":"https:\/\/www.misceladoro.com\/fr\/?s={search_term_string}"},"query-input":{"@type":"PropertyValueSpecification","valueRequired":true,"valueName":"search_term_string"}}],"inLanguage":"fr-FR"},{"@type":"Organization","@id":"https:\/\/www.misceladoro.com\/fr\/#organization","name":"Miscela d'Oro","url":"https:\/\/www.misceladoro.com\/fr\/","logo":{"@type":"ImageObject","inLanguage":"fr-FR","@id":"https:\/\/www.misceladoro.com\/fr\/#\/schema\/logo\/image\/","url":"https:\/\/www.misceladoro.com\/wp-content\/uploads\/2022\/10\/LogoMiscelaOro-logo.png","contentUrl":"https:\/\/www.misceladoro.com\/wp-content\/uploads\/2022\/10\/LogoMiscelaOro-logo.png","width":200,"height":120,"caption":"Miscela d'Oro"},"image":{"@id":"https:\/\/www.misceladoro.com\/fr\/#\/schema\/logo\/image\/"},"sameAs":["https:\/\/www.facebook.com\/MDOSicilia1946","https:\/\/x.com\/miscela_doro","https:\/\/www.instagram.com\/misceladoro\/"]}]}},"_links":{"self":[{"href":"https:\/\/www.misceladoro.com\/fr\/wp-json\/wp\/v2\/product\/14478","targetHints":{"allow":["GET"]}}],"collection":[{"href":"https:\/\/www.misceladoro.com\/fr\/wp-json\/wp\/v2\/product"}],"about":[{"href":"https:\/\/www.misceladoro.com\/fr\/wp-json\/wp\/v2\/types\/product"}],"wp:featuredmedia":[{"embeddable":true,"href":"https:\/\/www.misceladoro.com\/fr\/wp-json\/wp\/v2\/media\/10983"}],"wp:attachment":[{"href":"https:\/\/www.misceladoro.com\/fr\/wp-json\/wp\/v2\/media?parent=14478"}],"wp:term":[{"taxonomy":"product_brand","embeddable":true,"href":"https:\/\/www.misceladoro.com\/fr\/wp-json\/wp\/v2\/product_brand?post=14478"},{"taxonomy":"product_cat","embeddable":true,"href":"https:\/\/www.misceladoro.com\/fr\/wp-json\/wp\/v2\/product_cat?post=14478"},{"taxonomy":"product_tag","embeddable":true,"href":"https:\/\/www.misceladoro.com\/fr\/wp-json\/wp\/v2\/product_tag?post=14478"}],"curies":[{"name":"wp","href":"https:\/\/api.w.org\/{rel}","templated":true}]}}