{"id":14477,"date":"2025-05-13T13:45:15","date_gmt":"2025-05-13T11:45:15","guid":{"rendered":"https:\/\/www.misceladoro.com\/prodotto\/machine-cafe-joka-capitani-avec-dosettes\/"},"modified":"2026-01-16T14:17:04","modified_gmt":"2026-01-16T13:17:04","slug":"machine-cafe-joka-capitani-avec-dosettes","status":"publish","type":"product","link":"https:\/\/www.misceladoro.com\/fr\/produit\/machine-cafe-joka-capitani-avec-dosettes\/","title":{"rendered":"Machine \u00e0 Caf\u00e9 \u00e0 Dosettes Joka par Capitani + 30 Dosettes Nespresso\u00ae* Black"},"content":{"rendered":"","protected":false},"excerpt":{"rendered":"<p>Compacte, \u00e9l\u00e9gante et facile \u00e0 utiliser, JOKA est la machine id\u00e9ale pour savourer un expresso cr\u00e9meux et intense, \u00e0 la maison, au quotidien.<br \/>\n*La marque Nespresso\u00ae n&rsquo;appartient pas \u00e0 Miscela d&rsquo;Oro S.p.A. ni aux soci\u00e9t\u00e9s qui lui sont associ\u00e9es.<\/p>\n","protected":false},"featured_media":11001,"template":"","meta":{"_acf_changed":false,"inline_featured_image":false},"product_brand":[],"product_cat":[748],"product_tag":[],"class_list":{"0":"post-14477","1":"product","2":"type-product","3":"status-publish","4":"has-post-thumbnail","6":"product_cat-machines-cafe","8":"first","9":"outofstock","10":"taxable","11":"shipping-taxable","12":"purchasable","13":"product-type-simple"},"acf":[],"yoast_head":"<!-- This site is optimized with the Yoast SEO Premium plugin v26.7 (Yoast SEO v26.7) - https:\/\/yoast.com\/wordpress\/plugins\/seo\/ -->\n<title>Joka by Capitani - Machine \u00e0 caf\u00e9 \u00e0 dosettes italienne | Miscela d&#039;Oro<\/title>\n<meta name=\"description\" content=\"Machine \u00e0 caf\u00e9 Joka \u00e0 dosettes. Compacte et \u00e9l\u00e9gante, pour un expresso italien parfait \u00e0 la maison. Design made in Italy.\" \/>\n<meta name=\"robots\" content=\"index, follow, max-snippet:-1, max-image-preview:large, max-video-preview:-1\" \/>\n<link rel=\"canonical\" href=\"https:\/\/www.misceladoro.com\/fr\/produit\/machine-cafe-joka-capitani-avec-dosettes\/\" \/>\n<meta property=\"og:locale\" content=\"fr_FR\" \/>\n<meta property=\"og:type\" content=\"article\" \/>\n<meta property=\"og:title\" content=\"Machine \u00e0 Caf\u00e9 \u00e0 Dosettes Joka par Capitani + 30 Dosettes Nespresso\u00ae* Black\" \/>\n<meta property=\"og:description\" content=\"Machine \u00e0 caf\u00e9 Joka \u00e0 dosettes. Compacte et \u00e9l\u00e9gante, pour un expresso italien parfait \u00e0 la maison. Design made in Italy.\" \/>\n<meta property=\"og:url\" content=\"https:\/\/www.misceladoro.com\/fr\/produit\/machine-cafe-joka-capitani-avec-dosettes\/\" \/>\n<meta property=\"og:site_name\" content=\"Miscela d&#039;Oro\" \/>\n<meta property=\"article:publisher\" content=\"https:\/\/www.facebook.com\/MDOSicilia1946\" \/>\n<meta property=\"article:modified_time\" content=\"2026-01-16T13:17:04+00:00\" \/>\n<meta property=\"og:image\" content=\"https:\/\/www.misceladoro.com\/wp-content\/uploads\/2025\/05\/capitani-black.png\" \/>\n\t<meta property=\"og:image:width\" content=\"1026\" \/>\n\t<meta property=\"og:image:height\" content=\"1026\" \/>\n\t<meta property=\"og:image:type\" content=\"image\/png\" \/>\n<meta name=\"twitter:card\" content=\"summary_large_image\" \/>\n<meta name=\"twitter:site\" content=\"@miscela_doro\" \/>\n<meta name=\"twitter:label1\" content=\"Dur\u00e9e de lecture estim\u00e9e\" \/>\n\t<meta name=\"twitter:data1\" content=\"1 minute\" \/>\n<script type=\"application\/ld+json\" class=\"yoast-schema-graph\">{\"@context\":\"https:\/\/schema.org\",\"@graph\":[{\"@type\":\"WebPage\",\"@id\":\"https:\/\/www.misceladoro.com\/fr\/produit\/machine-cafe-joka-capitani-avec-dosettes\/\",\"url\":\"https:\/\/www.misceladoro.com\/fr\/produit\/machine-cafe-joka-capitani-avec-dosettes\/\",\"name\":\"Joka by Capitani - Machine \u00e0 caf\u00e9 \u00e0 dosettes italienne | Miscela d&#039;Oro\",\"isPartOf\":{\"@id\":\"https:\/\/www.misceladoro.com\/fr\/#website\"},\"primaryImageOfPage\":{\"@id\":\"https:\/\/www.misceladoro.com\/fr\/produit\/machine-cafe-joka-capitani-avec-dosettes\/#primaryimage\"},\"image\":{\"@id\":\"https:\/\/www.misceladoro.com\/fr\/produit\/machine-cafe-joka-capitani-avec-dosettes\/#primaryimage\"},\"thumbnailUrl\":\"https:\/\/www.misceladoro.com\/wp-content\/uploads\/2025\/05\/capitani-black.png\",\"datePublished\":\"2025-05-13T11:45:15+00:00\",\"dateModified\":\"2026-01-16T13:17:04+00:00\",\"description\":\"Machine \u00e0 caf\u00e9 Joka \u00e0 dosettes. Compacte et \u00e9l\u00e9gante, pour un expresso italien parfait \u00e0 la maison. Design made in Italy.\",\"breadcrumb\":{\"@id\":\"https:\/\/www.misceladoro.com\/fr\/produit\/machine-cafe-joka-capitani-avec-dosettes\/#breadcrumb\"},\"inLanguage\":\"fr-FR\",\"potentialAction\":[{\"@type\":\"ReadAction\",\"target\":[\"https:\/\/www.misceladoro.com\/fr\/produit\/machine-cafe-joka-capitani-avec-dosettes\/\"]}]},{\"@type\":\"ImageObject\",\"inLanguage\":\"fr-FR\",\"@id\":\"https:\/\/www.misceladoro.com\/fr\/produit\/machine-cafe-joka-capitani-avec-dosettes\/#primaryimage\",\"url\":\"https:\/\/www.misceladoro.com\/wp-content\/uploads\/2025\/05\/capitani-black.png\",\"contentUrl\":\"https:\/\/www.misceladoro.com\/wp-content\/uploads\/2025\/05\/capitani-black.png\",\"width\":1026,\"height\":1026,\"caption\":\"|\"},{\"@type\":\"BreadcrumbList\",\"@id\":\"https:\/\/www.misceladoro.com\/fr\/produit\/machine-cafe-joka-capitani-avec-dosettes\/#breadcrumb\",\"itemListElement\":[{\"@type\":\"ListItem\",\"position\":1,\"name\":\"Home\",\"item\":\"https:\/\/www.misceladoro.com\/fr\/\"},{\"@type\":\"ListItem\",\"position\":2,\"name\":\"Shop\",\"item\":\"https:\/\/www.misceladoro.com\/fr\/shop\/\"},{\"@type\":\"ListItem\",\"position\":3,\"name\":\"Machines \u00e0 caf\u00e9\",\"item\":\"https:\/\/www.misceladoro.com\/fr\/machines-cafe\/\"},{\"@type\":\"ListItem\",\"position\":4,\"name\":\"Machine \u00e0 Caf\u00e9 \u00e0 Dosettes Joka par Capitani + 30 Dosettes Nespresso\u00ae* Black\"}]},{\"@type\":\"WebSite\",\"@id\":\"https:\/\/www.misceladoro.com\/fr\/#website\",\"url\":\"https:\/\/www.misceladoro.com\/fr\/\",\"name\":\"Miscela d'Oro\",\"description\":\"Artigiani del caff\u00e8 dal 1946\",\"publisher\":{\"@id\":\"https:\/\/www.misceladoro.com\/fr\/#organization\"},\"potentialAction\":[{\"@type\":\"SearchAction\",\"target\":{\"@type\":\"EntryPoint\",\"urlTemplate\":\"https:\/\/www.misceladoro.com\/fr\/?s={search_term_string}\"},\"query-input\":{\"@type\":\"PropertyValueSpecification\",\"valueRequired\":true,\"valueName\":\"search_term_string\"}}],\"inLanguage\":\"fr-FR\"},{\"@type\":\"Organization\",\"@id\":\"https:\/\/www.misceladoro.com\/fr\/#organization\",\"name\":\"Miscela d'Oro\",\"url\":\"https:\/\/www.misceladoro.com\/fr\/\",\"logo\":{\"@type\":\"ImageObject\",\"inLanguage\":\"fr-FR\",\"@id\":\"https:\/\/www.misceladoro.com\/fr\/#\/schema\/logo\/image\/\",\"url\":\"https:\/\/www.misceladoro.com\/wp-content\/uploads\/2022\/10\/LogoMiscelaOro-logo.png\",\"contentUrl\":\"https:\/\/www.misceladoro.com\/wp-content\/uploads\/2022\/10\/LogoMiscelaOro-logo.png\",\"width\":200,\"height\":120,\"caption\":\"Miscela d'Oro\"},\"image\":{\"@id\":\"https:\/\/www.misceladoro.com\/fr\/#\/schema\/logo\/image\/\"},\"sameAs\":[\"https:\/\/www.facebook.com\/MDOSicilia1946\",\"https:\/\/x.com\/miscela_doro\",\"https:\/\/www.instagram.com\/misceladoro\/\"]}]}<\/script>\n<!-- \/ Yoast SEO Premium plugin. -->","yoast_head_json":{"title":"Joka by Capitani - Machine \u00e0 caf\u00e9 \u00e0 dosettes italienne | Miscela d&#039;Oro","description":"Machine \u00e0 caf\u00e9 Joka \u00e0 dosettes. Compacte et \u00e9l\u00e9gante, pour un expresso italien parfait \u00e0 la maison. Design made in Italy.","robots":{"index":"index","follow":"follow","max-snippet":"max-snippet:-1","max-image-preview":"max-image-preview:large","max-video-preview":"max-video-preview:-1"},"canonical":"https:\/\/www.misceladoro.com\/fr\/produit\/machine-cafe-joka-capitani-avec-dosettes\/","og_locale":"fr_FR","og_type":"article","og_title":"Machine \u00e0 Caf\u00e9 \u00e0 Dosettes Joka par Capitani + 30 Dosettes Nespresso\u00ae* Black","og_description":"Machine \u00e0 caf\u00e9 Joka \u00e0 dosettes. Compacte et \u00e9l\u00e9gante, pour un expresso italien parfait \u00e0 la maison. Design made in Italy.","og_url":"https:\/\/www.misceladoro.com\/fr\/produit\/machine-cafe-joka-capitani-avec-dosettes\/","og_site_name":"Miscela d&#039;Oro","article_publisher":"https:\/\/www.facebook.com\/MDOSicilia1946","article_modified_time":"2026-01-16T13:17:04+00:00","og_image":[{"width":1026,"height":1026,"url":"https:\/\/www.misceladoro.com\/wp-content\/uploads\/2025\/05\/capitani-black.png","type":"image\/png"}],"twitter_card":"summary_large_image","twitter_site":"@miscela_doro","twitter_misc":{"Dur\u00e9e de lecture estim\u00e9e":"1 minute"},"schema":{"@context":"https:\/\/schema.org","@graph":[{"@type":"WebPage","@id":"https:\/\/www.misceladoro.com\/fr\/produit\/machine-cafe-joka-capitani-avec-dosettes\/","url":"https:\/\/www.misceladoro.com\/fr\/produit\/machine-cafe-joka-capitani-avec-dosettes\/","name":"Joka by Capitani - Machine \u00e0 caf\u00e9 \u00e0 dosettes italienne | Miscela d&#039;Oro","isPartOf":{"@id":"https:\/\/www.misceladoro.com\/fr\/#website"},"primaryImageOfPage":{"@id":"https:\/\/www.misceladoro.com\/fr\/produit\/machine-cafe-joka-capitani-avec-dosettes\/#primaryimage"},"image":{"@id":"https:\/\/www.misceladoro.com\/fr\/produit\/machine-cafe-joka-capitani-avec-dosettes\/#primaryimage"},"thumbnailUrl":"https:\/\/www.misceladoro.com\/wp-content\/uploads\/2025\/05\/capitani-black.png","datePublished":"2025-05-13T11:45:15+00:00","dateModified":"2026-01-16T13:17:04+00:00","description":"Machine \u00e0 caf\u00e9 Joka \u00e0 dosettes. Compacte et \u00e9l\u00e9gante, pour un expresso italien parfait \u00e0 la maison. Design made in Italy.","breadcrumb":{"@id":"https:\/\/www.misceladoro.com\/fr\/produit\/machine-cafe-joka-capitani-avec-dosettes\/#breadcrumb"},"inLanguage":"fr-FR","potentialAction":[{"@type":"ReadAction","target":["https:\/\/www.misceladoro.com\/fr\/produit\/machine-cafe-joka-capitani-avec-dosettes\/"]}]},{"@type":"ImageObject","inLanguage":"fr-FR","@id":"https:\/\/www.misceladoro.com\/fr\/produit\/machine-cafe-joka-capitani-avec-dosettes\/#primaryimage","url":"https:\/\/www.misceladoro.com\/wp-content\/uploads\/2025\/05\/capitani-black.png","contentUrl":"https:\/\/www.misceladoro.com\/wp-content\/uploads\/2025\/05\/capitani-black.png","width":1026,"height":1026,"caption":"|"},{"@type":"BreadcrumbList","@id":"https:\/\/www.misceladoro.com\/fr\/produit\/machine-cafe-joka-capitani-avec-dosettes\/#breadcrumb","itemListElement":[{"@type":"ListItem","position":1,"name":"Home","item":"https:\/\/www.misceladoro.com\/fr\/"},{"@type":"ListItem","position":2,"name":"Shop","item":"https:\/\/www.misceladoro.com\/fr\/shop\/"},{"@type":"ListItem","position":3,"name":"Machines \u00e0 caf\u00e9","item":"https:\/\/www.misceladoro.com\/fr\/machines-cafe\/"},{"@type":"ListItem","position":4,"name":"Machine \u00e0 Caf\u00e9 \u00e0 Dosettes Joka par Capitani + 30 Dosettes Nespresso\u00ae* Black"}]},{"@type":"WebSite","@id":"https:\/\/www.misceladoro.com\/fr\/#website","url":"https:\/\/www.misceladoro.com\/fr\/","name":"Miscela d'Oro","description":"Artigiani del caff\u00e8 dal 1946","publisher":{"@id":"https:\/\/www.misceladoro.com\/fr\/#organization"},"potentialAction":[{"@type":"SearchAction","target":{"@type":"EntryPoint","urlTemplate":"https:\/\/www.misceladoro.com\/fr\/?s={search_term_string}"},"query-input":{"@type":"PropertyValueSpecification","valueRequired":true,"valueName":"search_term_string"}}],"inLanguage":"fr-FR"},{"@type":"Organization","@id":"https:\/\/www.misceladoro.com\/fr\/#organization","name":"Miscela d'Oro","url":"https:\/\/www.misceladoro.com\/fr\/","logo":{"@type":"ImageObject","inLanguage":"fr-FR","@id":"https:\/\/www.misceladoro.com\/fr\/#\/schema\/logo\/image\/","url":"https:\/\/www.misceladoro.com\/wp-content\/uploads\/2022\/10\/LogoMiscelaOro-logo.png","contentUrl":"https:\/\/www.misceladoro.com\/wp-content\/uploads\/2022\/10\/LogoMiscelaOro-logo.png","width":200,"height":120,"caption":"Miscela d'Oro"},"image":{"@id":"https:\/\/www.misceladoro.com\/fr\/#\/schema\/logo\/image\/"},"sameAs":["https:\/\/www.facebook.com\/MDOSicilia1946","https:\/\/x.com\/miscela_doro","https:\/\/www.instagram.com\/misceladoro\/"]}]}},"_links":{"self":[{"href":"https:\/\/www.misceladoro.com\/fr\/wp-json\/wp\/v2\/product\/14477","targetHints":{"allow":["GET"]}}],"collection":[{"href":"https:\/\/www.misceladoro.com\/fr\/wp-json\/wp\/v2\/product"}],"about":[{"href":"https:\/\/www.misceladoro.com\/fr\/wp-json\/wp\/v2\/types\/product"}],"wp:featuredmedia":[{"embeddable":true,"href":"https:\/\/www.misceladoro.com\/fr\/wp-json\/wp\/v2\/media\/11001"}],"wp:attachment":[{"href":"https:\/\/www.misceladoro.com\/fr\/wp-json\/wp\/v2\/media?parent=14477"}],"wp:term":[{"taxonomy":"product_brand","embeddable":true,"href":"https:\/\/www.misceladoro.com\/fr\/wp-json\/wp\/v2\/product_brand?post=14477"},{"taxonomy":"product_cat","embeddable":true,"href":"https:\/\/www.misceladoro.com\/fr\/wp-json\/wp\/v2\/product_cat?post=14477"},{"taxonomy":"product_tag","embeddable":true,"href":"https:\/\/www.misceladoro.com\/fr\/wp-json\/wp\/v2\/product_tag?post=14477"}],"curies":[{"name":"wp","href":"https:\/\/api.w.org\/{rel}","templated":true}]}}