{"id":14473,"date":"2025-05-13T16:16:14","date_gmt":"2025-05-13T14:16:14","guid":{"rendered":"https:\/\/www.misceladoro.com\/prodotto\/pot-lait-cappuccino-europa\/"},"modified":"2025-06-30T17:59:52","modified_gmt":"2025-06-30T15:59:52","slug":"pot-lait-cappuccino-europa","status":"publish","type":"product","link":"https:\/\/www.misceladoro.com\/fr\/produit\/pot-lait-cappuccino-europa\/","title":{"rendered":"Europa \u2013 Pot \u00e0 Lait Cappuccino par Miscela d&rsquo;Oro"},"content":{"rendered":"","protected":false},"excerpt":{"rendered":"<p>\u00c9l\u00e9gant, robuste et facile \u00e0 manipuler, le pichet \u00e0 mousser Europa de Miscela d\u2019Oro est con\u00e7u pour faire mousser parfaitement le lait et pr\u00e9parer des cappuccinos onctueux en toute simplicit\u00e9.<\/p>\n","protected":false},"featured_media":11887,"template":"","meta":{"_acf_changed":false,"inline_featured_image":false},"product_brand":[],"product_cat":[746],"product_tag":[],"class_list":{"0":"post-14473","1":"product","2":"type-product","3":"status-publish","4":"has-post-thumbnail","6":"product_cat-tasses-accessoires","8":"first","9":"instock","10":"taxable","11":"shipping-taxable","12":"purchasable","13":"product-type-variable"},"acf":[],"yoast_head":"<!-- This site is optimized with the Yoast SEO Premium plugin v26.7 (Yoast SEO v26.7) - https:\/\/yoast.com\/wordpress\/plugins\/seo\/ -->\n<title>Europa - Pot \u00e0 lait pour cappuccino italien | Miscela d&#039;Oro<\/title>\n<meta name=\"description\" content=\"Pot \u00e0 lait Europa blanc en acier inox. Id\u00e9al pour latte art et cappuccino italien. Bec verseur pr\u00e9cis et maniable.\" \/>\n<meta name=\"robots\" content=\"index, follow, max-snippet:-1, max-image-preview:large, max-video-preview:-1\" \/>\n<link rel=\"canonical\" href=\"https:\/\/www.misceladoro.com\/fr\/produit\/pot-lait-cappuccino-europa\/\" \/>\n<meta property=\"og:locale\" content=\"fr_FR\" \/>\n<meta property=\"og:type\" content=\"article\" \/>\n<meta property=\"og:title\" content=\"Europa \u2013 Pot \u00e0 Lait Cappuccino par Miscela d&#039;Oro\" \/>\n<meta property=\"og:description\" content=\"Pot \u00e0 lait Europa blanc en acier inox. Id\u00e9al pour latte art et cappuccino italien. Bec verseur pr\u00e9cis et maniable.\" \/>\n<meta property=\"og:url\" content=\"https:\/\/www.misceladoro.com\/fr\/produit\/pot-lait-cappuccino-europa\/\" \/>\n<meta property=\"og:site_name\" content=\"Miscela d&#039;Oro\" \/>\n<meta property=\"article:publisher\" content=\"https:\/\/www.facebook.com\/MDOSicilia1946\" \/>\n<meta property=\"article:modified_time\" content=\"2025-06-30T15:59:52+00:00\" \/>\n<meta property=\"og:image\" content=\"https:\/\/www.misceladoro.com\/wp-content\/uploads\/2025\/05\/Lattiera_Europa.png\" \/>\n\t<meta property=\"og:image:width\" content=\"1112\" \/>\n\t<meta property=\"og:image:height\" content=\"1112\" \/>\n\t<meta property=\"og:image:type\" content=\"image\/png\" \/>\n<meta name=\"twitter:card\" content=\"summary_large_image\" \/>\n<meta name=\"twitter:site\" content=\"@miscela_doro\" \/>\n<meta name=\"twitter:label1\" content=\"Dur\u00e9e de lecture estim\u00e9e\" \/>\n\t<meta name=\"twitter:data1\" content=\"1 minute\" \/>\n<script type=\"application\/ld+json\" class=\"yoast-schema-graph\">{\"@context\":\"https:\/\/schema.org\",\"@graph\":[{\"@type\":\"WebPage\",\"@id\":\"https:\/\/www.misceladoro.com\/fr\/produit\/pot-lait-cappuccino-europa\/\",\"url\":\"https:\/\/www.misceladoro.com\/fr\/produit\/pot-lait-cappuccino-europa\/\",\"name\":\"Europa - Pot \u00e0 lait pour cappuccino italien | Miscela d&#039;Oro\",\"isPartOf\":{\"@id\":\"https:\/\/www.misceladoro.com\/fr\/#website\"},\"primaryImageOfPage\":{\"@id\":\"https:\/\/www.misceladoro.com\/fr\/produit\/pot-lait-cappuccino-europa\/#primaryimage\"},\"image\":{\"@id\":\"https:\/\/www.misceladoro.com\/fr\/produit\/pot-lait-cappuccino-europa\/#primaryimage\"},\"thumbnailUrl\":\"https:\/\/www.misceladoro.com\/wp-content\/uploads\/2025\/05\/Lattiera_Europa.png\",\"datePublished\":\"2025-05-13T14:16:14+00:00\",\"dateModified\":\"2025-06-30T15:59:52+00:00\",\"description\":\"Pot \u00e0 lait Europa blanc en acier inox. Id\u00e9al pour latte art et cappuccino italien. Bec verseur pr\u00e9cis et maniable.\",\"breadcrumb\":{\"@id\":\"https:\/\/www.misceladoro.com\/fr\/produit\/pot-lait-cappuccino-europa\/#breadcrumb\"},\"inLanguage\":\"fr-FR\",\"potentialAction\":[{\"@type\":\"ReadAction\",\"target\":[\"https:\/\/www.misceladoro.com\/fr\/produit\/pot-lait-cappuccino-europa\/\"]}]},{\"@type\":\"ImageObject\",\"inLanguage\":\"fr-FR\",\"@id\":\"https:\/\/www.misceladoro.com\/fr\/produit\/pot-lait-cappuccino-europa\/#primaryimage\",\"url\":\"https:\/\/www.misceladoro.com\/wp-content\/uploads\/2025\/05\/Lattiera_Europa.png\",\"contentUrl\":\"https:\/\/www.misceladoro.com\/wp-content\/uploads\/2025\/05\/Lattiera_Europa.png\",\"width\":1112,\"height\":1112},{\"@type\":\"BreadcrumbList\",\"@id\":\"https:\/\/www.misceladoro.com\/fr\/produit\/pot-lait-cappuccino-europa\/#breadcrumb\",\"itemListElement\":[{\"@type\":\"ListItem\",\"position\":1,\"name\":\"Home\",\"item\":\"https:\/\/www.misceladoro.com\/fr\/\"},{\"@type\":\"ListItem\",\"position\":2,\"name\":\"Shop\",\"item\":\"https:\/\/www.misceladoro.com\/fr\/shop\/\"},{\"@type\":\"ListItem\",\"position\":3,\"name\":\"Tasses et accessoires\",\"item\":\"https:\/\/www.misceladoro.com\/fr\/tasses-accessoires\/\"},{\"@type\":\"ListItem\",\"position\":4,\"name\":\"Europa \u2013 Pot \u00e0 Lait Cappuccino par Miscela d&#8217;Oro\"}]},{\"@type\":\"WebSite\",\"@id\":\"https:\/\/www.misceladoro.com\/fr\/#website\",\"url\":\"https:\/\/www.misceladoro.com\/fr\/\",\"name\":\"Miscela d'Oro\",\"description\":\"Artigiani del caff\u00e8 dal 1946\",\"publisher\":{\"@id\":\"https:\/\/www.misceladoro.com\/fr\/#organization\"},\"potentialAction\":[{\"@type\":\"SearchAction\",\"target\":{\"@type\":\"EntryPoint\",\"urlTemplate\":\"https:\/\/www.misceladoro.com\/fr\/?s={search_term_string}\"},\"query-input\":{\"@type\":\"PropertyValueSpecification\",\"valueRequired\":true,\"valueName\":\"search_term_string\"}}],\"inLanguage\":\"fr-FR\"},{\"@type\":\"Organization\",\"@id\":\"https:\/\/www.misceladoro.com\/fr\/#organization\",\"name\":\"Miscela d'Oro\",\"url\":\"https:\/\/www.misceladoro.com\/fr\/\",\"logo\":{\"@type\":\"ImageObject\",\"inLanguage\":\"fr-FR\",\"@id\":\"https:\/\/www.misceladoro.com\/fr\/#\/schema\/logo\/image\/\",\"url\":\"https:\/\/www.misceladoro.com\/wp-content\/uploads\/2022\/10\/LogoMiscelaOro-logo.png\",\"contentUrl\":\"https:\/\/www.misceladoro.com\/wp-content\/uploads\/2022\/10\/LogoMiscelaOro-logo.png\",\"width\":200,\"height\":120,\"caption\":\"Miscela d'Oro\"},\"image\":{\"@id\":\"https:\/\/www.misceladoro.com\/fr\/#\/schema\/logo\/image\/\"},\"sameAs\":[\"https:\/\/www.facebook.com\/MDOSicilia1946\",\"https:\/\/x.com\/miscela_doro\",\"https:\/\/www.instagram.com\/misceladoro\/\"]}]}<\/script>\n<!-- \/ Yoast SEO Premium plugin. -->","yoast_head_json":{"title":"Europa - Pot \u00e0 lait pour cappuccino italien | Miscela d&#039;Oro","description":"Pot \u00e0 lait Europa blanc en acier inox. Id\u00e9al pour latte art et cappuccino italien. Bec verseur pr\u00e9cis et maniable.","robots":{"index":"index","follow":"follow","max-snippet":"max-snippet:-1","max-image-preview":"max-image-preview:large","max-video-preview":"max-video-preview:-1"},"canonical":"https:\/\/www.misceladoro.com\/fr\/produit\/pot-lait-cappuccino-europa\/","og_locale":"fr_FR","og_type":"article","og_title":"Europa \u2013 Pot \u00e0 Lait Cappuccino par Miscela d'Oro","og_description":"Pot \u00e0 lait Europa blanc en acier inox. Id\u00e9al pour latte art et cappuccino italien. Bec verseur pr\u00e9cis et maniable.","og_url":"https:\/\/www.misceladoro.com\/fr\/produit\/pot-lait-cappuccino-europa\/","og_site_name":"Miscela d&#039;Oro","article_publisher":"https:\/\/www.facebook.com\/MDOSicilia1946","article_modified_time":"2025-06-30T15:59:52+00:00","og_image":[{"width":1112,"height":1112,"url":"https:\/\/www.misceladoro.com\/wp-content\/uploads\/2025\/05\/Lattiera_Europa.png","type":"image\/png"}],"twitter_card":"summary_large_image","twitter_site":"@miscela_doro","twitter_misc":{"Dur\u00e9e de lecture estim\u00e9e":"1 minute"},"schema":{"@context":"https:\/\/schema.org","@graph":[{"@type":"WebPage","@id":"https:\/\/www.misceladoro.com\/fr\/produit\/pot-lait-cappuccino-europa\/","url":"https:\/\/www.misceladoro.com\/fr\/produit\/pot-lait-cappuccino-europa\/","name":"Europa - Pot \u00e0 lait pour cappuccino italien | Miscela d&#039;Oro","isPartOf":{"@id":"https:\/\/www.misceladoro.com\/fr\/#website"},"primaryImageOfPage":{"@id":"https:\/\/www.misceladoro.com\/fr\/produit\/pot-lait-cappuccino-europa\/#primaryimage"},"image":{"@id":"https:\/\/www.misceladoro.com\/fr\/produit\/pot-lait-cappuccino-europa\/#primaryimage"},"thumbnailUrl":"https:\/\/www.misceladoro.com\/wp-content\/uploads\/2025\/05\/Lattiera_Europa.png","datePublished":"2025-05-13T14:16:14+00:00","dateModified":"2025-06-30T15:59:52+00:00","description":"Pot \u00e0 lait Europa blanc en acier inox. Id\u00e9al pour latte art et cappuccino italien. Bec verseur pr\u00e9cis et maniable.","breadcrumb":{"@id":"https:\/\/www.misceladoro.com\/fr\/produit\/pot-lait-cappuccino-europa\/#breadcrumb"},"inLanguage":"fr-FR","potentialAction":[{"@type":"ReadAction","target":["https:\/\/www.misceladoro.com\/fr\/produit\/pot-lait-cappuccino-europa\/"]}]},{"@type":"ImageObject","inLanguage":"fr-FR","@id":"https:\/\/www.misceladoro.com\/fr\/produit\/pot-lait-cappuccino-europa\/#primaryimage","url":"https:\/\/www.misceladoro.com\/wp-content\/uploads\/2025\/05\/Lattiera_Europa.png","contentUrl":"https:\/\/www.misceladoro.com\/wp-content\/uploads\/2025\/05\/Lattiera_Europa.png","width":1112,"height":1112},{"@type":"BreadcrumbList","@id":"https:\/\/www.misceladoro.com\/fr\/produit\/pot-lait-cappuccino-europa\/#breadcrumb","itemListElement":[{"@type":"ListItem","position":1,"name":"Home","item":"https:\/\/www.misceladoro.com\/fr\/"},{"@type":"ListItem","position":2,"name":"Shop","item":"https:\/\/www.misceladoro.com\/fr\/shop\/"},{"@type":"ListItem","position":3,"name":"Tasses et accessoires","item":"https:\/\/www.misceladoro.com\/fr\/tasses-accessoires\/"},{"@type":"ListItem","position":4,"name":"Europa \u2013 Pot \u00e0 Lait Cappuccino par Miscela d&#8217;Oro"}]},{"@type":"WebSite","@id":"https:\/\/www.misceladoro.com\/fr\/#website","url":"https:\/\/www.misceladoro.com\/fr\/","name":"Miscela d'Oro","description":"Artigiani del caff\u00e8 dal 1946","publisher":{"@id":"https:\/\/www.misceladoro.com\/fr\/#organization"},"potentialAction":[{"@type":"SearchAction","target":{"@type":"EntryPoint","urlTemplate":"https:\/\/www.misceladoro.com\/fr\/?s={search_term_string}"},"query-input":{"@type":"PropertyValueSpecification","valueRequired":true,"valueName":"search_term_string"}}],"inLanguage":"fr-FR"},{"@type":"Organization","@id":"https:\/\/www.misceladoro.com\/fr\/#organization","name":"Miscela d'Oro","url":"https:\/\/www.misceladoro.com\/fr\/","logo":{"@type":"ImageObject","inLanguage":"fr-FR","@id":"https:\/\/www.misceladoro.com\/fr\/#\/schema\/logo\/image\/","url":"https:\/\/www.misceladoro.com\/wp-content\/uploads\/2022\/10\/LogoMiscelaOro-logo.png","contentUrl":"https:\/\/www.misceladoro.com\/wp-content\/uploads\/2022\/10\/LogoMiscelaOro-logo.png","width":200,"height":120,"caption":"Miscela d'Oro"},"image":{"@id":"https:\/\/www.misceladoro.com\/fr\/#\/schema\/logo\/image\/"},"sameAs":["https:\/\/www.facebook.com\/MDOSicilia1946","https:\/\/x.com\/miscela_doro","https:\/\/www.instagram.com\/misceladoro\/"]}]}},"_links":{"self":[{"href":"https:\/\/www.misceladoro.com\/fr\/wp-json\/wp\/v2\/product\/14473","targetHints":{"allow":["GET"]}}],"collection":[{"href":"https:\/\/www.misceladoro.com\/fr\/wp-json\/wp\/v2\/product"}],"about":[{"href":"https:\/\/www.misceladoro.com\/fr\/wp-json\/wp\/v2\/types\/product"}],"wp:featuredmedia":[{"embeddable":true,"href":"https:\/\/www.misceladoro.com\/fr\/wp-json\/wp\/v2\/media\/11887"}],"wp:attachment":[{"href":"https:\/\/www.misceladoro.com\/fr\/wp-json\/wp\/v2\/media?parent=14473"}],"wp:term":[{"taxonomy":"product_brand","embeddable":true,"href":"https:\/\/www.misceladoro.com\/fr\/wp-json\/wp\/v2\/product_brand?post=14473"},{"taxonomy":"product_cat","embeddable":true,"href":"https:\/\/www.misceladoro.com\/fr\/wp-json\/wp\/v2\/product_cat?post=14473"},{"taxonomy":"product_tag","embeddable":true,"href":"https:\/\/www.misceladoro.com\/fr\/wp-json\/wp\/v2\/product_tag?post=14473"}],"curies":[{"name":"wp","href":"https:\/\/api.w.org\/{rel}","templated":true}]}}