{"id":14468,"date":"2022-11-23T13:20:07","date_gmt":"2022-11-23T12:20:07","guid":{"rendered":"https:\/\/www.misceladoro.com\/prodotto\/the-noir-althaus-earl-grey-classic\/"},"modified":"2025-06-30T12:02:08","modified_gmt":"2025-06-30T10:02:08","slug":"the-noir-althaus-earl-grey-classic","status":"publish","type":"product","link":"https:\/\/www.misceladoro.com\/fr\/produit\/the-noir-althaus-earl-grey-classic\/","title":{"rendered":"Earl Grey Classic \u2013 Th\u00e9 Noir Aromatis\u00e9 Althaus"},"content":{"rendered":"","protected":false},"excerpt":{"rendered":"<p>Un m\u00e9lange aromatique, vivifiant et puissant de th\u00e9s noirs de Ceylan et de Chine, enrichi de la saveur intense et citronn\u00e9e de la bergamote.<\/p>\n<p><strong>Ingr\u00e9dients\u00a0<\/strong>: Th\u00e9 noir, ar\u00f4me naturel<\/p>\n<p><strong>Contenu<\/strong>\u00a0: 20 sachets de th\u00e9 x 1,75\u00a0g = 35\u00a0g<\/p>\n","protected":false},"featured_media":11873,"template":"","meta":{"_acf_changed":false,"inline_featured_image":false},"product_brand":[],"product_cat":[742],"product_tag":[],"class_list":{"0":"post-14468","1":"product","2":"type-product","3":"status-publish","4":"has-post-thumbnail","6":"product_cat-the-boissons","8":"first","9":"instock","10":"taxable","11":"shipping-taxable","12":"purchasable","13":"product-type-simple"},"acf":[],"yoast_head":"<!-- This site is optimized with the Yoast SEO Premium plugin v26.7 (Yoast SEO v26.7) - https:\/\/yoast.com\/wordpress\/plugins\/seo\/ -->\n<title>Earl Grey Classic \u2013 Th\u00e9 noir aromatis\u00e9 Althaus | Miscela d&#039;Oro<\/title>\n<meta name=\"description\" content=\"Earl Grey Classic Althaus\u00a0: th\u00e9 noir parfum\u00e9 \u00e0 la bergamote. Go\u00fbt agrume intense et raffin\u00e9. \u00c9l\u00e9gance dans chaque tasse.\" \/>\n<meta name=\"robots\" content=\"index, follow, max-snippet:-1, max-image-preview:large, max-video-preview:-1\" \/>\n<link rel=\"canonical\" href=\"https:\/\/www.misceladoro.com\/fr\/produit\/the-noir-althaus-earl-grey-classic\/\" \/>\n<meta property=\"og:locale\" content=\"fr_FR\" \/>\n<meta property=\"og:type\" content=\"article\" \/>\n<meta property=\"og:title\" content=\"Earl Grey Classic \u2013 Th\u00e9 Noir Aromatis\u00e9 Althaus\" \/>\n<meta property=\"og:description\" content=\"Earl Grey Classic Althaus\u00a0: th\u00e9 noir parfum\u00e9 \u00e0 la bergamote. Go\u00fbt agrume intense et raffin\u00e9. \u00c9l\u00e9gance dans chaque tasse.\" \/>\n<meta property=\"og:url\" content=\"https:\/\/www.misceladoro.com\/fr\/produit\/the-noir-althaus-earl-grey-classic\/\" \/>\n<meta property=\"og:site_name\" content=\"Miscela d&#039;Oro\" \/>\n<meta property=\"article:publisher\" content=\"https:\/\/www.facebook.com\/MDOSicilia1946\" \/>\n<meta property=\"article:modified_time\" content=\"2025-06-30T10:02:08+00:00\" \/>\n<meta property=\"og:image\" content=\"https:\/\/www.misceladoro.com\/wp-content\/uploads\/2022\/11\/bio-Deli-Pack_Product-Picture_Earl-Grey-Classic_01-min_1920x1920.jpg\" \/>\n\t<meta property=\"og:image:width\" content=\"1200\" \/>\n\t<meta property=\"og:image:height\" content=\"1200\" \/>\n\t<meta property=\"og:image:type\" content=\"image\/jpeg\" \/>\n<meta name=\"twitter:card\" content=\"summary_large_image\" \/>\n<meta name=\"twitter:site\" content=\"@miscela_doro\" \/>\n<meta name=\"twitter:label1\" content=\"Dur\u00e9e de lecture estim\u00e9e\" \/>\n\t<meta name=\"twitter:data1\" content=\"1 minute\" \/>\n<script type=\"application\/ld+json\" class=\"yoast-schema-graph\">{\"@context\":\"https:\/\/schema.org\",\"@graph\":[{\"@type\":\"WebPage\",\"@id\":\"https:\/\/www.misceladoro.com\/fr\/produit\/the-noir-althaus-earl-grey-classic\/\",\"url\":\"https:\/\/www.misceladoro.com\/fr\/produit\/the-noir-althaus-earl-grey-classic\/\",\"name\":\"Earl Grey Classic \u2013 Th\u00e9 noir aromatis\u00e9 Althaus | Miscela d&#039;Oro\",\"isPartOf\":{\"@id\":\"https:\/\/www.misceladoro.com\/fr\/#website\"},\"primaryImageOfPage\":{\"@id\":\"https:\/\/www.misceladoro.com\/fr\/produit\/the-noir-althaus-earl-grey-classic\/#primaryimage\"},\"image\":{\"@id\":\"https:\/\/www.misceladoro.com\/fr\/produit\/the-noir-althaus-earl-grey-classic\/#primaryimage\"},\"thumbnailUrl\":\"https:\/\/www.misceladoro.com\/wp-content\/uploads\/2022\/11\/bio-Deli-Pack_Product-Picture_Earl-Grey-Classic_01-min_1920x1920.jpg\",\"datePublished\":\"2022-11-23T12:20:07+00:00\",\"dateModified\":\"2025-06-30T10:02:08+00:00\",\"description\":\"Earl Grey Classic Althaus\u00a0: th\u00e9 noir parfum\u00e9 \u00e0 la bergamote. Go\u00fbt agrume intense et raffin\u00e9. \u00c9l\u00e9gance dans chaque tasse.\",\"breadcrumb\":{\"@id\":\"https:\/\/www.misceladoro.com\/fr\/produit\/the-noir-althaus-earl-grey-classic\/#breadcrumb\"},\"inLanguage\":\"fr-FR\",\"potentialAction\":[{\"@type\":\"ReadAction\",\"target\":[\"https:\/\/www.misceladoro.com\/fr\/produit\/the-noir-althaus-earl-grey-classic\/\"]}]},{\"@type\":\"ImageObject\",\"inLanguage\":\"fr-FR\",\"@id\":\"https:\/\/www.misceladoro.com\/fr\/produit\/the-noir-althaus-earl-grey-classic\/#primaryimage\",\"url\":\"https:\/\/www.misceladoro.com\/wp-content\/uploads\/2022\/11\/bio-Deli-Pack_Product-Picture_Earl-Grey-Classic_01-min_1920x1920.jpg\",\"contentUrl\":\"https:\/\/www.misceladoro.com\/wp-content\/uploads\/2022\/11\/bio-Deli-Pack_Product-Picture_Earl-Grey-Classic_01-min_1920x1920.jpg\",\"width\":1200,\"height\":1200,\"caption\":\"|||||\"},{\"@type\":\"BreadcrumbList\",\"@id\":\"https:\/\/www.misceladoro.com\/fr\/produit\/the-noir-althaus-earl-grey-classic\/#breadcrumb\",\"itemListElement\":[{\"@type\":\"ListItem\",\"position\":1,\"name\":\"Home\",\"item\":\"https:\/\/www.misceladoro.com\/fr\/\"},{\"@type\":\"ListItem\",\"position\":2,\"name\":\"Shop\",\"item\":\"https:\/\/www.misceladoro.com\/fr\/shop\/\"},{\"@type\":\"ListItem\",\"position\":3,\"name\":\"Th\u00e9 et boissons\",\"item\":\"https:\/\/www.misceladoro.com\/fr\/the-boissons\/\"},{\"@type\":\"ListItem\",\"position\":4,\"name\":\"Earl Grey Classic \u2013 Th\u00e9 Noir Aromatis\u00e9 Althaus\"}]},{\"@type\":\"WebSite\",\"@id\":\"https:\/\/www.misceladoro.com\/fr\/#website\",\"url\":\"https:\/\/www.misceladoro.com\/fr\/\",\"name\":\"Miscela d'Oro\",\"description\":\"Artigiani del caff\u00e8 dal 1946\",\"publisher\":{\"@id\":\"https:\/\/www.misceladoro.com\/fr\/#organization\"},\"potentialAction\":[{\"@type\":\"SearchAction\",\"target\":{\"@type\":\"EntryPoint\",\"urlTemplate\":\"https:\/\/www.misceladoro.com\/fr\/?s={search_term_string}\"},\"query-input\":{\"@type\":\"PropertyValueSpecification\",\"valueRequired\":true,\"valueName\":\"search_term_string\"}}],\"inLanguage\":\"fr-FR\"},{\"@type\":\"Organization\",\"@id\":\"https:\/\/www.misceladoro.com\/fr\/#organization\",\"name\":\"Miscela d'Oro\",\"url\":\"https:\/\/www.misceladoro.com\/fr\/\",\"logo\":{\"@type\":\"ImageObject\",\"inLanguage\":\"fr-FR\",\"@id\":\"https:\/\/www.misceladoro.com\/fr\/#\/schema\/logo\/image\/\",\"url\":\"https:\/\/www.misceladoro.com\/wp-content\/uploads\/2022\/10\/LogoMiscelaOro-logo.png\",\"contentUrl\":\"https:\/\/www.misceladoro.com\/wp-content\/uploads\/2022\/10\/LogoMiscelaOro-logo.png\",\"width\":200,\"height\":120,\"caption\":\"Miscela d'Oro\"},\"image\":{\"@id\":\"https:\/\/www.misceladoro.com\/fr\/#\/schema\/logo\/image\/\"},\"sameAs\":[\"https:\/\/www.facebook.com\/MDOSicilia1946\",\"https:\/\/x.com\/miscela_doro\",\"https:\/\/www.instagram.com\/misceladoro\/\"]}]}<\/script>\n<!-- \/ Yoast SEO Premium plugin. -->","yoast_head_json":{"title":"Earl Grey Classic \u2013 Th\u00e9 noir aromatis\u00e9 Althaus | Miscela d&#039;Oro","description":"Earl Grey Classic Althaus\u00a0: th\u00e9 noir parfum\u00e9 \u00e0 la bergamote. Go\u00fbt agrume intense et raffin\u00e9. \u00c9l\u00e9gance dans chaque tasse.","robots":{"index":"index","follow":"follow","max-snippet":"max-snippet:-1","max-image-preview":"max-image-preview:large","max-video-preview":"max-video-preview:-1"},"canonical":"https:\/\/www.misceladoro.com\/fr\/produit\/the-noir-althaus-earl-grey-classic\/","og_locale":"fr_FR","og_type":"article","og_title":"Earl Grey Classic \u2013 Th\u00e9 Noir Aromatis\u00e9 Althaus","og_description":"Earl Grey Classic Althaus\u00a0: th\u00e9 noir parfum\u00e9 \u00e0 la bergamote. Go\u00fbt agrume intense et raffin\u00e9. \u00c9l\u00e9gance dans chaque tasse.","og_url":"https:\/\/www.misceladoro.com\/fr\/produit\/the-noir-althaus-earl-grey-classic\/","og_site_name":"Miscela d&#039;Oro","article_publisher":"https:\/\/www.facebook.com\/MDOSicilia1946","article_modified_time":"2025-06-30T10:02:08+00:00","og_image":[{"width":1200,"height":1200,"url":"https:\/\/www.misceladoro.com\/wp-content\/uploads\/2022\/11\/bio-Deli-Pack_Product-Picture_Earl-Grey-Classic_01-min_1920x1920.jpg","type":"image\/jpeg"}],"twitter_card":"summary_large_image","twitter_site":"@miscela_doro","twitter_misc":{"Dur\u00e9e de lecture estim\u00e9e":"1 minute"},"schema":{"@context":"https:\/\/schema.org","@graph":[{"@type":"WebPage","@id":"https:\/\/www.misceladoro.com\/fr\/produit\/the-noir-althaus-earl-grey-classic\/","url":"https:\/\/www.misceladoro.com\/fr\/produit\/the-noir-althaus-earl-grey-classic\/","name":"Earl Grey Classic \u2013 Th\u00e9 noir aromatis\u00e9 Althaus | Miscela d&#039;Oro","isPartOf":{"@id":"https:\/\/www.misceladoro.com\/fr\/#website"},"primaryImageOfPage":{"@id":"https:\/\/www.misceladoro.com\/fr\/produit\/the-noir-althaus-earl-grey-classic\/#primaryimage"},"image":{"@id":"https:\/\/www.misceladoro.com\/fr\/produit\/the-noir-althaus-earl-grey-classic\/#primaryimage"},"thumbnailUrl":"https:\/\/www.misceladoro.com\/wp-content\/uploads\/2022\/11\/bio-Deli-Pack_Product-Picture_Earl-Grey-Classic_01-min_1920x1920.jpg","datePublished":"2022-11-23T12:20:07+00:00","dateModified":"2025-06-30T10:02:08+00:00","description":"Earl Grey Classic Althaus\u00a0: th\u00e9 noir parfum\u00e9 \u00e0 la bergamote. Go\u00fbt agrume intense et raffin\u00e9. \u00c9l\u00e9gance dans chaque tasse.","breadcrumb":{"@id":"https:\/\/www.misceladoro.com\/fr\/produit\/the-noir-althaus-earl-grey-classic\/#breadcrumb"},"inLanguage":"fr-FR","potentialAction":[{"@type":"ReadAction","target":["https:\/\/www.misceladoro.com\/fr\/produit\/the-noir-althaus-earl-grey-classic\/"]}]},{"@type":"ImageObject","inLanguage":"fr-FR","@id":"https:\/\/www.misceladoro.com\/fr\/produit\/the-noir-althaus-earl-grey-classic\/#primaryimage","url":"https:\/\/www.misceladoro.com\/wp-content\/uploads\/2022\/11\/bio-Deli-Pack_Product-Picture_Earl-Grey-Classic_01-min_1920x1920.jpg","contentUrl":"https:\/\/www.misceladoro.com\/wp-content\/uploads\/2022\/11\/bio-Deli-Pack_Product-Picture_Earl-Grey-Classic_01-min_1920x1920.jpg","width":1200,"height":1200,"caption":"|||||"},{"@type":"BreadcrumbList","@id":"https:\/\/www.misceladoro.com\/fr\/produit\/the-noir-althaus-earl-grey-classic\/#breadcrumb","itemListElement":[{"@type":"ListItem","position":1,"name":"Home","item":"https:\/\/www.misceladoro.com\/fr\/"},{"@type":"ListItem","position":2,"name":"Shop","item":"https:\/\/www.misceladoro.com\/fr\/shop\/"},{"@type":"ListItem","position":3,"name":"Th\u00e9 et boissons","item":"https:\/\/www.misceladoro.com\/fr\/the-boissons\/"},{"@type":"ListItem","position":4,"name":"Earl Grey Classic \u2013 Th\u00e9 Noir Aromatis\u00e9 Althaus"}]},{"@type":"WebSite","@id":"https:\/\/www.misceladoro.com\/fr\/#website","url":"https:\/\/www.misceladoro.com\/fr\/","name":"Miscela d'Oro","description":"Artigiani del caff\u00e8 dal 1946","publisher":{"@id":"https:\/\/www.misceladoro.com\/fr\/#organization"},"potentialAction":[{"@type":"SearchAction","target":{"@type":"EntryPoint","urlTemplate":"https:\/\/www.misceladoro.com\/fr\/?s={search_term_string}"},"query-input":{"@type":"PropertyValueSpecification","valueRequired":true,"valueName":"search_term_string"}}],"inLanguage":"fr-FR"},{"@type":"Organization","@id":"https:\/\/www.misceladoro.com\/fr\/#organization","name":"Miscela d'Oro","url":"https:\/\/www.misceladoro.com\/fr\/","logo":{"@type":"ImageObject","inLanguage":"fr-FR","@id":"https:\/\/www.misceladoro.com\/fr\/#\/schema\/logo\/image\/","url":"https:\/\/www.misceladoro.com\/wp-content\/uploads\/2022\/10\/LogoMiscelaOro-logo.png","contentUrl":"https:\/\/www.misceladoro.com\/wp-content\/uploads\/2022\/10\/LogoMiscelaOro-logo.png","width":200,"height":120,"caption":"Miscela d'Oro"},"image":{"@id":"https:\/\/www.misceladoro.com\/fr\/#\/schema\/logo\/image\/"},"sameAs":["https:\/\/www.facebook.com\/MDOSicilia1946","https:\/\/x.com\/miscela_doro","https:\/\/www.instagram.com\/misceladoro\/"]}]}},"_links":{"self":[{"href":"https:\/\/www.misceladoro.com\/fr\/wp-json\/wp\/v2\/product\/14468","targetHints":{"allow":["GET"]}}],"collection":[{"href":"https:\/\/www.misceladoro.com\/fr\/wp-json\/wp\/v2\/product"}],"about":[{"href":"https:\/\/www.misceladoro.com\/fr\/wp-json\/wp\/v2\/types\/product"}],"wp:featuredmedia":[{"embeddable":true,"href":"https:\/\/www.misceladoro.com\/fr\/wp-json\/wp\/v2\/media\/11873"}],"wp:attachment":[{"href":"https:\/\/www.misceladoro.com\/fr\/wp-json\/wp\/v2\/media?parent=14468"}],"wp:term":[{"taxonomy":"product_brand","embeddable":true,"href":"https:\/\/www.misceladoro.com\/fr\/wp-json\/wp\/v2\/product_brand?post=14468"},{"taxonomy":"product_cat","embeddable":true,"href":"https:\/\/www.misceladoro.com\/fr\/wp-json\/wp\/v2\/product_cat?post=14468"},{"taxonomy":"product_tag","embeddable":true,"href":"https:\/\/www.misceladoro.com\/fr\/wp-json\/wp\/v2\/product_tag?post=14468"}],"curies":[{"name":"wp","href":"https:\/\/api.w.org\/{rel}","templated":true}]}}