{"id":14462,"date":"2022-10-17T16:36:22","date_gmt":"2022-10-17T14:36:22","guid":{"rendered":"https:\/\/www.misceladoro.com\/prodotto\/capsules-compatibles-nespresso-red\/"},"modified":"2025-06-30T12:23:47","modified_gmt":"2025-06-30T10:23:47","slug":"capsules-compatibles-nespresso-red","status":"publish","type":"product","link":"https:\/\/www.misceladoro.com\/fr\/produit\/capsules-compatibles-nespresso-red\/","title":{"rendered":"Red \u2013 Capsules Compatibles Nespresso\u00ae*"},"content":{"rendered":"","protected":false},"excerpt":{"rendered":"<p>La passion du caf\u00e9 artisanal dans un go\u00fbt unique, ample et \u00e0 la cr\u00e8me l\u00e9gendaire, au c\u0153ur d&rsquo;un ar\u00f4me puissant et sensuel. Un m\u00e9lange \u00e9quilibr\u00e9 \u00e0 l&rsquo;arri\u00e8re-go\u00fbt persistant.<\/p>\n<p>*<strong>Dosettes de caf\u00e9 compatibles avec les machines Nespresso\u00ae<\/strong><\/p>\n<p>La marque Nespresso\u00ae n&rsquo;appartient pas \u00e0 Miscela d&rsquo;Oro S.p.A. ni \u00e0 aucune soci\u00e9t\u00e9 li\u00e9e.<\/p>\n","protected":false},"featured_media":11860,"template":"","meta":{"_acf_changed":false,"inline_featured_image":false},"product_brand":[],"product_cat":[728,734],"product_tag":[1038,971,1041,1042,1043,1044,1045],"class_list":{"0":"post-14462","1":"product","2":"type-product","3":"status-publish","4":"has-post-thumbnail","6":"product_cat-capsules-cafe","7":"product_cat-compatibles-nespresso","8":"product_tag-aprile-fr","9":"product_tag-caffe-in-capsule-fr","10":"product_tag-capsule-caffe-online-fr","11":"product_tag-capsule-compatibili-nespresso-fr","12":"product_tag-coffee-capsules-fr","13":"product_tag-nespresso-compatible-capsules-fr","14":"product_tag-online-coffee-capsules-fr","16":"first","17":"instock","18":"taxable","19":"shipping-taxable","20":"purchasable","21":"product-type-simple"},"acf":[],"yoast_head":"<!-- This site is optimized with the Yoast SEO Premium plugin v26.7 (Yoast SEO v26.7) - https:\/\/yoast.com\/wordpress\/plugins\/seo\/ -->\n<title>Red - Capsules compatibles Nespresso\u00ae fortes | Miscela d&#039;Oro<\/title>\n<meta name=\"description\" content=\"Red Nespresso\u00ae\u00a0: espresso fort et \u00e9quilibr\u00e9. Capsules au go\u00fbt traditionnel pour amateurs de caf\u00e9 cors\u00e9. Riche et puissant.\" \/>\n<meta name=\"robots\" content=\"index, follow, max-snippet:-1, max-image-preview:large, max-video-preview:-1\" \/>\n<link rel=\"canonical\" href=\"https:\/\/www.misceladoro.com\/fr\/produit\/capsules-compatibles-nespresso-red\/\" \/>\n<meta property=\"og:locale\" content=\"fr_FR\" \/>\n<meta property=\"og:type\" content=\"article\" \/>\n<meta property=\"og:title\" content=\"Red \u2013 Capsules Compatibles Nespresso\u00ae*\" \/>\n<meta property=\"og:description\" content=\"Gusta le capsule Red di Miscela d&#039;Oro. Aroma corposo, crema leggendaria, retrogusto di cioccolato. Compatibili Nespresso\u2122. Acquista ora!\" \/>\n<meta property=\"og:url\" content=\"https:\/\/www.misceladoro.com\/fr\/produit\/capsules-compatibles-nespresso-red\/\" \/>\n<meta property=\"og:site_name\" content=\"Miscela d&#039;Oro\" \/>\n<meta property=\"article:publisher\" content=\"https:\/\/www.facebook.com\/MDOSicilia1946\" \/>\n<meta property=\"article:modified_time\" content=\"2025-06-30T10:23:47+00:00\" \/>\n<meta property=\"og:image\" content=\"https:\/\/www.misceladoro.com\/wp-content\/uploads\/2022\/10\/red-capsule-nespresso-.jpeg\" \/>\n\t<meta property=\"og:image:width\" content=\"500\" \/>\n\t<meta property=\"og:image:height\" content=\"500\" \/>\n\t<meta property=\"og:image:type\" content=\"image\/jpeg\" \/>\n<meta name=\"twitter:card\" content=\"summary_large_image\" \/>\n<meta name=\"twitter:description\" content=\"Gusta le capsule Red di Miscela d&#039;Oro. Aroma corposo, crema leggendaria, retrogusto di cioccolato. Compatibili Nespresso\u2122. Acquista ora!\" \/>\n<meta name=\"twitter:site\" content=\"@miscela_doro\" \/>\n<meta name=\"twitter:label1\" content=\"Dur\u00e9e de lecture estim\u00e9e\" \/>\n\t<meta name=\"twitter:data1\" content=\"1 minute\" \/>\n<script type=\"application\/ld+json\" class=\"yoast-schema-graph\">{\"@context\":\"https:\/\/schema.org\",\"@graph\":[{\"@type\":\"WebPage\",\"@id\":\"https:\/\/www.misceladoro.com\/fr\/produit\/capsules-compatibles-nespresso-red\/\",\"url\":\"https:\/\/www.misceladoro.com\/fr\/produit\/capsules-compatibles-nespresso-red\/\",\"name\":\"Red - Capsules compatibles Nespresso\u00ae fortes | Miscela d&#039;Oro\",\"isPartOf\":{\"@id\":\"https:\/\/www.misceladoro.com\/fr\/#website\"},\"primaryImageOfPage\":{\"@id\":\"https:\/\/www.misceladoro.com\/fr\/produit\/capsules-compatibles-nespresso-red\/#primaryimage\"},\"image\":{\"@id\":\"https:\/\/www.misceladoro.com\/fr\/produit\/capsules-compatibles-nespresso-red\/#primaryimage\"},\"thumbnailUrl\":\"https:\/\/www.misceladoro.com\/wp-content\/uploads\/2022\/10\/red-capsule-nespresso-.jpeg\",\"datePublished\":\"2022-10-17T14:36:22+00:00\",\"dateModified\":\"2025-06-30T10:23:47+00:00\",\"description\":\"Red Nespresso\u00ae\u00a0: espresso fort et \u00e9quilibr\u00e9. Capsules au go\u00fbt traditionnel pour amateurs de caf\u00e9 cors\u00e9. Riche et puissant.\",\"breadcrumb\":{\"@id\":\"https:\/\/www.misceladoro.com\/fr\/produit\/capsules-compatibles-nespresso-red\/#breadcrumb\"},\"inLanguage\":\"fr-FR\",\"potentialAction\":[{\"@type\":\"ReadAction\",\"target\":[\"https:\/\/www.misceladoro.com\/fr\/produit\/capsules-compatibles-nespresso-red\/\"]}]},{\"@type\":\"ImageObject\",\"inLanguage\":\"fr-FR\",\"@id\":\"https:\/\/www.misceladoro.com\/fr\/produit\/capsules-compatibles-nespresso-red\/#primaryimage\",\"url\":\"https:\/\/www.misceladoro.com\/wp-content\/uploads\/2022\/10\/red-capsule-nespresso-.jpeg\",\"contentUrl\":\"https:\/\/www.misceladoro.com\/wp-content\/uploads\/2022\/10\/red-capsule-nespresso-.jpeg\",\"width\":500,\"height\":500,\"caption\":\"||||\"},{\"@type\":\"BreadcrumbList\",\"@id\":\"https:\/\/www.misceladoro.com\/fr\/produit\/capsules-compatibles-nespresso-red\/#breadcrumb\",\"itemListElement\":[{\"@type\":\"ListItem\",\"position\":1,\"name\":\"Home\",\"item\":\"https:\/\/www.misceladoro.com\/fr\/\"},{\"@type\":\"ListItem\",\"position\":2,\"name\":\"Shop\",\"item\":\"https:\/\/www.misceladoro.com\/fr\/shop\/\"},{\"@type\":\"ListItem\",\"position\":3,\"name\":\"Capsules caf\u00e9\",\"item\":\"https:\/\/www.misceladoro.com\/fr\/capsules-cafe\/\"},{\"@type\":\"ListItem\",\"position\":4,\"name\":\"Nespresso\u00ae compatible\",\"item\":\"https:\/\/www.misceladoro.com\/fr\/capsules-cafe\/compatibles-nespresso\/\"},{\"@type\":\"ListItem\",\"position\":5,\"name\":\"Red \u2013 Capsules Compatibles Nespresso\u00ae*\"}]},{\"@type\":\"WebSite\",\"@id\":\"https:\/\/www.misceladoro.com\/fr\/#website\",\"url\":\"https:\/\/www.misceladoro.com\/fr\/\",\"name\":\"Miscela d'Oro\",\"description\":\"Artigiani del caff\u00e8 dal 1946\",\"publisher\":{\"@id\":\"https:\/\/www.misceladoro.com\/fr\/#organization\"},\"potentialAction\":[{\"@type\":\"SearchAction\",\"target\":{\"@type\":\"EntryPoint\",\"urlTemplate\":\"https:\/\/www.misceladoro.com\/fr\/?s={search_term_string}\"},\"query-input\":{\"@type\":\"PropertyValueSpecification\",\"valueRequired\":true,\"valueName\":\"search_term_string\"}}],\"inLanguage\":\"fr-FR\"},{\"@type\":\"Organization\",\"@id\":\"https:\/\/www.misceladoro.com\/fr\/#organization\",\"name\":\"Miscela d'Oro\",\"url\":\"https:\/\/www.misceladoro.com\/fr\/\",\"logo\":{\"@type\":\"ImageObject\",\"inLanguage\":\"fr-FR\",\"@id\":\"https:\/\/www.misceladoro.com\/fr\/#\/schema\/logo\/image\/\",\"url\":\"https:\/\/www.misceladoro.com\/wp-content\/uploads\/2022\/10\/LogoMiscelaOro-logo.png\",\"contentUrl\":\"https:\/\/www.misceladoro.com\/wp-content\/uploads\/2022\/10\/LogoMiscelaOro-logo.png\",\"width\":200,\"height\":120,\"caption\":\"Miscela d'Oro\"},\"image\":{\"@id\":\"https:\/\/www.misceladoro.com\/fr\/#\/schema\/logo\/image\/\"},\"sameAs\":[\"https:\/\/www.facebook.com\/MDOSicilia1946\",\"https:\/\/x.com\/miscela_doro\",\"https:\/\/www.instagram.com\/misceladoro\/\"]}]}<\/script>\n<!-- \/ Yoast SEO Premium plugin. -->","yoast_head_json":{"title":"Red - Capsules compatibles Nespresso\u00ae fortes | Miscela d&#039;Oro","description":"Red Nespresso\u00ae\u00a0: espresso fort et \u00e9quilibr\u00e9. Capsules au go\u00fbt traditionnel pour amateurs de caf\u00e9 cors\u00e9. Riche et puissant.","robots":{"index":"index","follow":"follow","max-snippet":"max-snippet:-1","max-image-preview":"max-image-preview:large","max-video-preview":"max-video-preview:-1"},"canonical":"https:\/\/www.misceladoro.com\/fr\/produit\/capsules-compatibles-nespresso-red\/","og_locale":"fr_FR","og_type":"article","og_title":"Red \u2013 Capsules Compatibles Nespresso\u00ae*","og_description":"Gusta le capsule Red di Miscela d'Oro. Aroma corposo, crema leggendaria, retrogusto di cioccolato. Compatibili Nespresso\u2122. Acquista ora!","og_url":"https:\/\/www.misceladoro.com\/fr\/produit\/capsules-compatibles-nespresso-red\/","og_site_name":"Miscela d&#039;Oro","article_publisher":"https:\/\/www.facebook.com\/MDOSicilia1946","article_modified_time":"2025-06-30T10:23:47+00:00","og_image":[{"width":500,"height":500,"url":"https:\/\/www.misceladoro.com\/wp-content\/uploads\/2022\/10\/red-capsule-nespresso-.jpeg","type":"image\/jpeg"}],"twitter_card":"summary_large_image","twitter_description":"Gusta le capsule Red di Miscela d'Oro. Aroma corposo, crema leggendaria, retrogusto di cioccolato. Compatibili Nespresso\u2122. Acquista ora!","twitter_site":"@miscela_doro","twitter_misc":{"Dur\u00e9e de lecture estim\u00e9e":"1 minute"},"schema":{"@context":"https:\/\/schema.org","@graph":[{"@type":"WebPage","@id":"https:\/\/www.misceladoro.com\/fr\/produit\/capsules-compatibles-nespresso-red\/","url":"https:\/\/www.misceladoro.com\/fr\/produit\/capsules-compatibles-nespresso-red\/","name":"Red - Capsules compatibles Nespresso\u00ae fortes | Miscela d&#039;Oro","isPartOf":{"@id":"https:\/\/www.misceladoro.com\/fr\/#website"},"primaryImageOfPage":{"@id":"https:\/\/www.misceladoro.com\/fr\/produit\/capsules-compatibles-nespresso-red\/#primaryimage"},"image":{"@id":"https:\/\/www.misceladoro.com\/fr\/produit\/capsules-compatibles-nespresso-red\/#primaryimage"},"thumbnailUrl":"https:\/\/www.misceladoro.com\/wp-content\/uploads\/2022\/10\/red-capsule-nespresso-.jpeg","datePublished":"2022-10-17T14:36:22+00:00","dateModified":"2025-06-30T10:23:47+00:00","description":"Red Nespresso\u00ae\u00a0: espresso fort et \u00e9quilibr\u00e9. Capsules au go\u00fbt traditionnel pour amateurs de caf\u00e9 cors\u00e9. Riche et puissant.","breadcrumb":{"@id":"https:\/\/www.misceladoro.com\/fr\/produit\/capsules-compatibles-nespresso-red\/#breadcrumb"},"inLanguage":"fr-FR","potentialAction":[{"@type":"ReadAction","target":["https:\/\/www.misceladoro.com\/fr\/produit\/capsules-compatibles-nespresso-red\/"]}]},{"@type":"ImageObject","inLanguage":"fr-FR","@id":"https:\/\/www.misceladoro.com\/fr\/produit\/capsules-compatibles-nespresso-red\/#primaryimage","url":"https:\/\/www.misceladoro.com\/wp-content\/uploads\/2022\/10\/red-capsule-nespresso-.jpeg","contentUrl":"https:\/\/www.misceladoro.com\/wp-content\/uploads\/2022\/10\/red-capsule-nespresso-.jpeg","width":500,"height":500,"caption":"||||"},{"@type":"BreadcrumbList","@id":"https:\/\/www.misceladoro.com\/fr\/produit\/capsules-compatibles-nespresso-red\/#breadcrumb","itemListElement":[{"@type":"ListItem","position":1,"name":"Home","item":"https:\/\/www.misceladoro.com\/fr\/"},{"@type":"ListItem","position":2,"name":"Shop","item":"https:\/\/www.misceladoro.com\/fr\/shop\/"},{"@type":"ListItem","position":3,"name":"Capsules caf\u00e9","item":"https:\/\/www.misceladoro.com\/fr\/capsules-cafe\/"},{"@type":"ListItem","position":4,"name":"Nespresso\u00ae compatible","item":"https:\/\/www.misceladoro.com\/fr\/capsules-cafe\/compatibles-nespresso\/"},{"@type":"ListItem","position":5,"name":"Red \u2013 Capsules Compatibles Nespresso\u00ae*"}]},{"@type":"WebSite","@id":"https:\/\/www.misceladoro.com\/fr\/#website","url":"https:\/\/www.misceladoro.com\/fr\/","name":"Miscela d'Oro","description":"Artigiani del caff\u00e8 dal 1946","publisher":{"@id":"https:\/\/www.misceladoro.com\/fr\/#organization"},"potentialAction":[{"@type":"SearchAction","target":{"@type":"EntryPoint","urlTemplate":"https:\/\/www.misceladoro.com\/fr\/?s={search_term_string}"},"query-input":{"@type":"PropertyValueSpecification","valueRequired":true,"valueName":"search_term_string"}}],"inLanguage":"fr-FR"},{"@type":"Organization","@id":"https:\/\/www.misceladoro.com\/fr\/#organization","name":"Miscela d'Oro","url":"https:\/\/www.misceladoro.com\/fr\/","logo":{"@type":"ImageObject","inLanguage":"fr-FR","@id":"https:\/\/www.misceladoro.com\/fr\/#\/schema\/logo\/image\/","url":"https:\/\/www.misceladoro.com\/wp-content\/uploads\/2022\/10\/LogoMiscelaOro-logo.png","contentUrl":"https:\/\/www.misceladoro.com\/wp-content\/uploads\/2022\/10\/LogoMiscelaOro-logo.png","width":200,"height":120,"caption":"Miscela d'Oro"},"image":{"@id":"https:\/\/www.misceladoro.com\/fr\/#\/schema\/logo\/image\/"},"sameAs":["https:\/\/www.facebook.com\/MDOSicilia1946","https:\/\/x.com\/miscela_doro","https:\/\/www.instagram.com\/misceladoro\/"]}]}},"_links":{"self":[{"href":"https:\/\/www.misceladoro.com\/fr\/wp-json\/wp\/v2\/product\/14462","targetHints":{"allow":["GET"]}}],"collection":[{"href":"https:\/\/www.misceladoro.com\/fr\/wp-json\/wp\/v2\/product"}],"about":[{"href":"https:\/\/www.misceladoro.com\/fr\/wp-json\/wp\/v2\/types\/product"}],"wp:featuredmedia":[{"embeddable":true,"href":"https:\/\/www.misceladoro.com\/fr\/wp-json\/wp\/v2\/media\/11860"}],"wp:attachment":[{"href":"https:\/\/www.misceladoro.com\/fr\/wp-json\/wp\/v2\/media?parent=14462"}],"wp:term":[{"taxonomy":"product_brand","embeddable":true,"href":"https:\/\/www.misceladoro.com\/fr\/wp-json\/wp\/v2\/product_brand?post=14462"},{"taxonomy":"product_cat","embeddable":true,"href":"https:\/\/www.misceladoro.com\/fr\/wp-json\/wp\/v2\/product_cat?post=14462"},{"taxonomy":"product_tag","embeddable":true,"href":"https:\/\/www.misceladoro.com\/fr\/wp-json\/wp\/v2\/product_tag?post=14462"}],"curies":[{"name":"wp","href":"https:\/\/api.w.org\/{rel}","templated":true}]}}