{"id":14460,"date":"2022-10-16T16:37:51","date_gmt":"2022-10-16T14:37:51","guid":{"rendered":"https:\/\/www.misceladoro.com\/prodotto\/capsules-compatibles-nespresso-purple\/"},"modified":"2025-07-01T11:53:38","modified_gmt":"2025-07-01T09:53:38","slug":"capsules-compatibles-nespresso-purple","status":"publish","type":"product","link":"https:\/\/www.misceladoro.com\/fr\/produit\/capsules-compatibles-nespresso-purple\/","title":{"rendered":"Purple \u2013 Capsules Compatibles Nespresso\u00ae*"},"content":{"rendered":"","protected":false},"excerpt":{"rendered":"<p class=\"p1\">Les parfums floraux d&rsquo;un caf\u00e9 artisanal \u00e0 l&rsquo;ar\u00f4me puissant et parfum\u00e9. Un m\u00e9lange \u00e0 l&rsquo;ar\u00f4me puissant et au go\u00fbt enveloppant et intense.<\/p>\n<p>*<strong>Dosettes de caf\u00e9 compatibles avec les machines Nespresso\u00ae<\/strong><br \/>\nLa marque Nespresso\u00ae n&rsquo;appartient pas \u00e0 Miscela d&rsquo;Oro S.p.A. ni \u00e0 aucune soci\u00e9t\u00e9 li\u00e9e.<\/p>\n","protected":false},"featured_media":11853,"template":"","meta":{"_acf_changed":false,"inline_featured_image":false},"product_brand":[],"product_cat":[728,734],"product_tag":[1038,1005,1006,1049,971,1041,1042,1043,1044,1045,1017],"class_list":{"0":"post-14460","1":"product","2":"type-product","3":"status-publish","4":"has-post-thumbnail","6":"product_cat-capsules-cafe","7":"product_cat-compatibles-nespresso","8":"product_tag-aprile-fr","9":"product_tag-aromatic-coffee-fr","10":"product_tag-caffe-aromatico-fr","11":"product_tag-caffe-deciso-fr","12":"product_tag-caffe-in-capsule-fr","13":"product_tag-capsule-caffe-online-fr","14":"product_tag-capsule-compatibili-nespresso-fr","15":"product_tag-coffee-capsules-fr","16":"product_tag-nespresso-compatible-capsules-fr","17":"product_tag-online-coffee-capsules-fr","18":"product_tag-strong-coffee-fr","20":"first","21":"instock","22":"taxable","23":"shipping-taxable","24":"purchasable","25":"product-type-simple"},"acf":[],"yoast_head":"<!-- This site is optimized with the Yoast SEO Premium plugin v26.7 (Yoast SEO v26.7) - https:\/\/yoast.com\/wordpress\/plugins\/seo\/ -->\n<title>Capsules de caf\u00e9 compatibles Nespresso\u00ae Purple - Cr\u00e9meux | Miscela d&#039;Oro<\/title>\n<meta name=\"description\" content=\"Capsules Purple Nespresso\u00ae\u00a0: espresso intense, floral et cors\u00e9. Une exp\u00e9rience barista \u00e0 la maison. Go\u00fbtez la profondeur italienne.\" \/>\n<meta name=\"robots\" content=\"index, follow, max-snippet:-1, max-image-preview:large, max-video-preview:-1\" \/>\n<link rel=\"canonical\" href=\"https:\/\/www.misceladoro.com\/fr\/produit\/capsules-compatibles-nespresso-purple\/\" \/>\n<meta property=\"og:locale\" content=\"fr_FR\" \/>\n<meta property=\"og:type\" content=\"article\" \/>\n<meta property=\"og:title\" content=\"Purple \u2013 Capsules Compatibles Nespresso\u00ae*\" \/>\n<meta property=\"og:description\" content=\"Prova le capsule Purple di Miscela d&#039;Oro. Aroma deciso, note di cioccolato fondente, crema vellutata. Compatibili Nespresso\u2122. Acquista ora!\" \/>\n<meta property=\"og:url\" content=\"https:\/\/www.misceladoro.com\/fr\/produit\/capsules-compatibles-nespresso-purple\/\" \/>\n<meta property=\"og:site_name\" content=\"Miscela d&#039;Oro\" \/>\n<meta property=\"article:publisher\" content=\"https:\/\/www.facebook.com\/MDOSicilia1946\" \/>\n<meta property=\"article:modified_time\" content=\"2025-07-01T09:53:38+00:00\" \/>\n<meta property=\"og:image\" content=\"https:\/\/www.misceladoro.com\/wp-content\/uploads\/2022\/10\/purple-capsule-nespresso-compatibili-.jpeg\" \/>\n\t<meta property=\"og:image:width\" content=\"500\" \/>\n\t<meta property=\"og:image:height\" content=\"500\" \/>\n\t<meta property=\"og:image:type\" content=\"image\/jpeg\" \/>\n<meta name=\"twitter:card\" content=\"summary_large_image\" \/>\n<meta name=\"twitter:description\" content=\"Prova le capsule Purple di Miscela d&#039;Oro. Aroma deciso, note di cioccolato fondente, crema vellutata. Compatibili Nespresso\u2122. Acquista ora!\" \/>\n<meta name=\"twitter:site\" content=\"@miscela_doro\" \/>\n<meta name=\"twitter:label1\" content=\"Dur\u00e9e de lecture estim\u00e9e\" \/>\n\t<meta name=\"twitter:data1\" content=\"1 minute\" \/>\n<script type=\"application\/ld+json\" class=\"yoast-schema-graph\">{\"@context\":\"https:\/\/schema.org\",\"@graph\":[{\"@type\":\"WebPage\",\"@id\":\"https:\/\/www.misceladoro.com\/fr\/produit\/capsules-compatibles-nespresso-purple\/\",\"url\":\"https:\/\/www.misceladoro.com\/fr\/produit\/capsules-compatibles-nespresso-purple\/\",\"name\":\"Capsules de caf\u00e9 compatibles Nespresso\u00ae Purple - Cr\u00e9meux | Miscela d&#039;Oro\",\"isPartOf\":{\"@id\":\"https:\/\/www.misceladoro.com\/fr\/#website\"},\"primaryImageOfPage\":{\"@id\":\"https:\/\/www.misceladoro.com\/fr\/produit\/capsules-compatibles-nespresso-purple\/#primaryimage\"},\"image\":{\"@id\":\"https:\/\/www.misceladoro.com\/fr\/produit\/capsules-compatibles-nespresso-purple\/#primaryimage\"},\"thumbnailUrl\":\"https:\/\/www.misceladoro.com\/wp-content\/uploads\/2022\/10\/purple-capsule-nespresso-compatibili-.jpeg\",\"datePublished\":\"2022-10-16T14:37:51+00:00\",\"dateModified\":\"2025-07-01T09:53:38+00:00\",\"description\":\"Capsules Purple Nespresso\u00ae\u00a0: espresso intense, floral et cors\u00e9. Une exp\u00e9rience barista \u00e0 la maison. Go\u00fbtez la profondeur italienne.\",\"breadcrumb\":{\"@id\":\"https:\/\/www.misceladoro.com\/fr\/produit\/capsules-compatibles-nespresso-purple\/#breadcrumb\"},\"inLanguage\":\"fr-FR\",\"potentialAction\":[{\"@type\":\"ReadAction\",\"target\":[\"https:\/\/www.misceladoro.com\/fr\/produit\/capsules-compatibles-nespresso-purple\/\"]}]},{\"@type\":\"ImageObject\",\"inLanguage\":\"fr-FR\",\"@id\":\"https:\/\/www.misceladoro.com\/fr\/produit\/capsules-compatibles-nespresso-purple\/#primaryimage\",\"url\":\"https:\/\/www.misceladoro.com\/wp-content\/uploads\/2022\/10\/purple-capsule-nespresso-compatibili-.jpeg\",\"contentUrl\":\"https:\/\/www.misceladoro.com\/wp-content\/uploads\/2022\/10\/purple-capsule-nespresso-compatibili-.jpeg\",\"width\":500,\"height\":500,\"caption\":\"|||\"},{\"@type\":\"BreadcrumbList\",\"@id\":\"https:\/\/www.misceladoro.com\/fr\/produit\/capsules-compatibles-nespresso-purple\/#breadcrumb\",\"itemListElement\":[{\"@type\":\"ListItem\",\"position\":1,\"name\":\"Home\",\"item\":\"https:\/\/www.misceladoro.com\/fr\/\"},{\"@type\":\"ListItem\",\"position\":2,\"name\":\"Shop\",\"item\":\"https:\/\/www.misceladoro.com\/fr\/shop\/\"},{\"@type\":\"ListItem\",\"position\":3,\"name\":\"Capsules caf\u00e9\",\"item\":\"https:\/\/www.misceladoro.com\/fr\/capsules-cafe\/\"},{\"@type\":\"ListItem\",\"position\":4,\"name\":\"Nespresso\u00ae compatible\",\"item\":\"https:\/\/www.misceladoro.com\/fr\/capsules-cafe\/compatibles-nespresso\/\"},{\"@type\":\"ListItem\",\"position\":5,\"name\":\"Purple \u2013 Capsules Compatibles Nespresso\u00ae*\"}]},{\"@type\":\"WebSite\",\"@id\":\"https:\/\/www.misceladoro.com\/fr\/#website\",\"url\":\"https:\/\/www.misceladoro.com\/fr\/\",\"name\":\"Miscela d'Oro\",\"description\":\"Artigiani del caff\u00e8 dal 1946\",\"publisher\":{\"@id\":\"https:\/\/www.misceladoro.com\/fr\/#organization\"},\"potentialAction\":[{\"@type\":\"SearchAction\",\"target\":{\"@type\":\"EntryPoint\",\"urlTemplate\":\"https:\/\/www.misceladoro.com\/fr\/?s={search_term_string}\"},\"query-input\":{\"@type\":\"PropertyValueSpecification\",\"valueRequired\":true,\"valueName\":\"search_term_string\"}}],\"inLanguage\":\"fr-FR\"},{\"@type\":\"Organization\",\"@id\":\"https:\/\/www.misceladoro.com\/fr\/#organization\",\"name\":\"Miscela d'Oro\",\"url\":\"https:\/\/www.misceladoro.com\/fr\/\",\"logo\":{\"@type\":\"ImageObject\",\"inLanguage\":\"fr-FR\",\"@id\":\"https:\/\/www.misceladoro.com\/fr\/#\/schema\/logo\/image\/\",\"url\":\"https:\/\/www.misceladoro.com\/wp-content\/uploads\/2022\/10\/LogoMiscelaOro-logo.png\",\"contentUrl\":\"https:\/\/www.misceladoro.com\/wp-content\/uploads\/2022\/10\/LogoMiscelaOro-logo.png\",\"width\":200,\"height\":120,\"caption\":\"Miscela d'Oro\"},\"image\":{\"@id\":\"https:\/\/www.misceladoro.com\/fr\/#\/schema\/logo\/image\/\"},\"sameAs\":[\"https:\/\/www.facebook.com\/MDOSicilia1946\",\"https:\/\/x.com\/miscela_doro\",\"https:\/\/www.instagram.com\/misceladoro\/\"]}]}<\/script>\n<!-- \/ Yoast SEO Premium plugin. -->","yoast_head_json":{"title":"Capsules de caf\u00e9 compatibles Nespresso\u00ae Purple - Cr\u00e9meux | Miscela d&#039;Oro","description":"Capsules Purple Nespresso\u00ae\u00a0: espresso intense, floral et cors\u00e9. Une exp\u00e9rience barista \u00e0 la maison. Go\u00fbtez la profondeur italienne.","robots":{"index":"index","follow":"follow","max-snippet":"max-snippet:-1","max-image-preview":"max-image-preview:large","max-video-preview":"max-video-preview:-1"},"canonical":"https:\/\/www.misceladoro.com\/fr\/produit\/capsules-compatibles-nespresso-purple\/","og_locale":"fr_FR","og_type":"article","og_title":"Purple \u2013 Capsules Compatibles Nespresso\u00ae*","og_description":"Prova le capsule Purple di Miscela d'Oro. Aroma deciso, note di cioccolato fondente, crema vellutata. Compatibili Nespresso\u2122. Acquista ora!","og_url":"https:\/\/www.misceladoro.com\/fr\/produit\/capsules-compatibles-nespresso-purple\/","og_site_name":"Miscela d&#039;Oro","article_publisher":"https:\/\/www.facebook.com\/MDOSicilia1946","article_modified_time":"2025-07-01T09:53:38+00:00","og_image":[{"width":500,"height":500,"url":"https:\/\/www.misceladoro.com\/wp-content\/uploads\/2022\/10\/purple-capsule-nespresso-compatibili-.jpeg","type":"image\/jpeg"}],"twitter_card":"summary_large_image","twitter_description":"Prova le capsule Purple di Miscela d'Oro. Aroma deciso, note di cioccolato fondente, crema vellutata. Compatibili Nespresso\u2122. Acquista ora!","twitter_site":"@miscela_doro","twitter_misc":{"Dur\u00e9e de lecture estim\u00e9e":"1 minute"},"schema":{"@context":"https:\/\/schema.org","@graph":[{"@type":"WebPage","@id":"https:\/\/www.misceladoro.com\/fr\/produit\/capsules-compatibles-nespresso-purple\/","url":"https:\/\/www.misceladoro.com\/fr\/produit\/capsules-compatibles-nespresso-purple\/","name":"Capsules de caf\u00e9 compatibles Nespresso\u00ae Purple - Cr\u00e9meux | Miscela d&#039;Oro","isPartOf":{"@id":"https:\/\/www.misceladoro.com\/fr\/#website"},"primaryImageOfPage":{"@id":"https:\/\/www.misceladoro.com\/fr\/produit\/capsules-compatibles-nespresso-purple\/#primaryimage"},"image":{"@id":"https:\/\/www.misceladoro.com\/fr\/produit\/capsules-compatibles-nespresso-purple\/#primaryimage"},"thumbnailUrl":"https:\/\/www.misceladoro.com\/wp-content\/uploads\/2022\/10\/purple-capsule-nespresso-compatibili-.jpeg","datePublished":"2022-10-16T14:37:51+00:00","dateModified":"2025-07-01T09:53:38+00:00","description":"Capsules Purple Nespresso\u00ae\u00a0: espresso intense, floral et cors\u00e9. Une exp\u00e9rience barista \u00e0 la maison. Go\u00fbtez la profondeur italienne.","breadcrumb":{"@id":"https:\/\/www.misceladoro.com\/fr\/produit\/capsules-compatibles-nespresso-purple\/#breadcrumb"},"inLanguage":"fr-FR","potentialAction":[{"@type":"ReadAction","target":["https:\/\/www.misceladoro.com\/fr\/produit\/capsules-compatibles-nespresso-purple\/"]}]},{"@type":"ImageObject","inLanguage":"fr-FR","@id":"https:\/\/www.misceladoro.com\/fr\/produit\/capsules-compatibles-nespresso-purple\/#primaryimage","url":"https:\/\/www.misceladoro.com\/wp-content\/uploads\/2022\/10\/purple-capsule-nespresso-compatibili-.jpeg","contentUrl":"https:\/\/www.misceladoro.com\/wp-content\/uploads\/2022\/10\/purple-capsule-nespresso-compatibili-.jpeg","width":500,"height":500,"caption":"|||"},{"@type":"BreadcrumbList","@id":"https:\/\/www.misceladoro.com\/fr\/produit\/capsules-compatibles-nespresso-purple\/#breadcrumb","itemListElement":[{"@type":"ListItem","position":1,"name":"Home","item":"https:\/\/www.misceladoro.com\/fr\/"},{"@type":"ListItem","position":2,"name":"Shop","item":"https:\/\/www.misceladoro.com\/fr\/shop\/"},{"@type":"ListItem","position":3,"name":"Capsules caf\u00e9","item":"https:\/\/www.misceladoro.com\/fr\/capsules-cafe\/"},{"@type":"ListItem","position":4,"name":"Nespresso\u00ae compatible","item":"https:\/\/www.misceladoro.com\/fr\/capsules-cafe\/compatibles-nespresso\/"},{"@type":"ListItem","position":5,"name":"Purple \u2013 Capsules Compatibles Nespresso\u00ae*"}]},{"@type":"WebSite","@id":"https:\/\/www.misceladoro.com\/fr\/#website","url":"https:\/\/www.misceladoro.com\/fr\/","name":"Miscela d'Oro","description":"Artigiani del caff\u00e8 dal 1946","publisher":{"@id":"https:\/\/www.misceladoro.com\/fr\/#organization"},"potentialAction":[{"@type":"SearchAction","target":{"@type":"EntryPoint","urlTemplate":"https:\/\/www.misceladoro.com\/fr\/?s={search_term_string}"},"query-input":{"@type":"PropertyValueSpecification","valueRequired":true,"valueName":"search_term_string"}}],"inLanguage":"fr-FR"},{"@type":"Organization","@id":"https:\/\/www.misceladoro.com\/fr\/#organization","name":"Miscela d'Oro","url":"https:\/\/www.misceladoro.com\/fr\/","logo":{"@type":"ImageObject","inLanguage":"fr-FR","@id":"https:\/\/www.misceladoro.com\/fr\/#\/schema\/logo\/image\/","url":"https:\/\/www.misceladoro.com\/wp-content\/uploads\/2022\/10\/LogoMiscelaOro-logo.png","contentUrl":"https:\/\/www.misceladoro.com\/wp-content\/uploads\/2022\/10\/LogoMiscelaOro-logo.png","width":200,"height":120,"caption":"Miscela d'Oro"},"image":{"@id":"https:\/\/www.misceladoro.com\/fr\/#\/schema\/logo\/image\/"},"sameAs":["https:\/\/www.facebook.com\/MDOSicilia1946","https:\/\/x.com\/miscela_doro","https:\/\/www.instagram.com\/misceladoro\/"]}]}},"_links":{"self":[{"href":"https:\/\/www.misceladoro.com\/fr\/wp-json\/wp\/v2\/product\/14460","targetHints":{"allow":["GET"]}}],"collection":[{"href":"https:\/\/www.misceladoro.com\/fr\/wp-json\/wp\/v2\/product"}],"about":[{"href":"https:\/\/www.misceladoro.com\/fr\/wp-json\/wp\/v2\/types\/product"}],"wp:featuredmedia":[{"embeddable":true,"href":"https:\/\/www.misceladoro.com\/fr\/wp-json\/wp\/v2\/media\/11853"}],"wp:attachment":[{"href":"https:\/\/www.misceladoro.com\/fr\/wp-json\/wp\/v2\/media?parent=14460"}],"wp:term":[{"taxonomy":"product_brand","embeddable":true,"href":"https:\/\/www.misceladoro.com\/fr\/wp-json\/wp\/v2\/product_brand?post=14460"},{"taxonomy":"product_cat","embeddable":true,"href":"https:\/\/www.misceladoro.com\/fr\/wp-json\/wp\/v2\/product_cat?post=14460"},{"taxonomy":"product_tag","embeddable":true,"href":"https:\/\/www.misceladoro.com\/fr\/wp-json\/wp\/v2\/product_tag?post=14460"}],"curies":[{"name":"wp","href":"https:\/\/api.w.org\/{rel}","templated":true}]}}