{"id":14435,"date":"2023-01-16T09:11:50","date_gmt":"2025-05-06T13:30:39","guid":{"rendered":"https:\/\/www.misceladoro.com\/prodotto\/tasses-expresso\/"},"modified":"2025-06-30T09:51:59","modified_gmt":"2025-06-30T07:51:59","slug":"tasses-expresso","status":"publish","type":"product","link":"https:\/\/www.misceladoro.com\/fr\/produit\/tasses-expresso\/","title":{"rendered":"Set de 6 Tasses \u00e0 Caf\u00e9 Expresso Miscela D&rsquo;Oro"},"content":{"rendered":"","protected":false},"excerpt":{"rendered":"<p>Tasse \u00e0 expresso &#8211; 6 tasses par bo\u00eete<\/p>\n<p>(5 tasses avec logo Miscela d&rsquo;Oro + 1 tasse \u00e9dition \u00e9limin\u00e9e Oliviero Toscani)<\/p>\n","protected":false},"featured_media":10746,"template":"","meta":{"_acf_changed":false,"inline_featured_image":false},"product_brand":[],"product_cat":[746],"product_tag":[],"class_list":{"0":"post-14435","1":"product","2":"type-product","3":"status-publish","4":"has-post-thumbnail","6":"product_cat-tasses-accessoires","8":"first","9":"instock","10":"taxable","11":"shipping-taxable","12":"purchasable","13":"product-type-simple"},"acf":[],"yoast_head":"<!-- This site is optimized with the Yoast SEO Premium plugin v26.7 (Yoast SEO v26.7) - https:\/\/yoast.com\/wordpress\/plugins\/seo\/ -->\n<title>Set de 6 tasses \u00e0 caf\u00e9 expresso italien | Miscela d&#039;Oro<\/title>\n<meta name=\"description\" content=\"Set 6 tasses expresso\u00a0: style italien intemporel. Une exp\u00e9rience authentique pour les vrais amateurs de caf\u00e9. Design Miscela d\u2019Oro.\" \/>\n<meta name=\"robots\" content=\"index, follow, max-snippet:-1, max-image-preview:large, max-video-preview:-1\" \/>\n<link rel=\"canonical\" href=\"https:\/\/www.misceladoro.com\/fr\/produit\/tasses-expresso\/\" \/>\n<meta property=\"og:locale\" content=\"fr_FR\" \/>\n<meta property=\"og:type\" content=\"article\" \/>\n<meta property=\"og:title\" content=\"Set de 6 Tasses \u00e0 Caf\u00e9 Expresso Miscela D&#039;Oro\" \/>\n<meta property=\"og:description\" content=\"Set 6 tasses expresso\u00a0: style italien intemporel. Une exp\u00e9rience authentique pour les vrais amateurs de caf\u00e9. Design Miscela d\u2019Oro.\" \/>\n<meta property=\"og:url\" content=\"https:\/\/www.misceladoro.com\/fr\/produit\/tasses-expresso\/\" \/>\n<meta property=\"og:site_name\" content=\"Miscela d&#039;Oro\" \/>\n<meta property=\"article:publisher\" content=\"https:\/\/www.facebook.com\/MDOSicilia1946\" \/>\n<meta property=\"article:modified_time\" content=\"2025-06-30T07:51:59+00:00\" \/>\n<meta property=\"og:image\" content=\"https:\/\/www.misceladoro.com\/wp-content\/uploads\/2023\/01\/set07-a.png\" \/>\n\t<meta property=\"og:image:width\" content=\"941\" \/>\n\t<meta property=\"og:image:height\" content=\"941\" \/>\n\t<meta property=\"og:image:type\" content=\"image\/png\" \/>\n<meta name=\"twitter:card\" content=\"summary_large_image\" \/>\n<meta name=\"twitter:site\" content=\"@miscela_doro\" \/>\n<meta name=\"twitter:label1\" content=\"Dur\u00e9e de lecture estim\u00e9e\" \/>\n\t<meta name=\"twitter:data1\" content=\"1 minute\" \/>\n<script type=\"application\/ld+json\" class=\"yoast-schema-graph\">{\"@context\":\"https:\/\/schema.org\",\"@graph\":[{\"@type\":\"WebPage\",\"@id\":\"https:\/\/www.misceladoro.com\/fr\/produit\/tasses-expresso\/\",\"url\":\"https:\/\/www.misceladoro.com\/fr\/produit\/tasses-expresso\/\",\"name\":\"Set de 6 tasses \u00e0 caf\u00e9 expresso italien | Miscela d&#039;Oro\",\"isPartOf\":{\"@id\":\"https:\/\/www.misceladoro.com\/fr\/#website\"},\"primaryImageOfPage\":{\"@id\":\"https:\/\/www.misceladoro.com\/fr\/produit\/tasses-expresso\/#primaryimage\"},\"image\":{\"@id\":\"https:\/\/www.misceladoro.com\/fr\/produit\/tasses-expresso\/#primaryimage\"},\"thumbnailUrl\":\"https:\/\/www.misceladoro.com\/wp-content\/uploads\/2023\/01\/set07-a.png\",\"datePublished\":\"2025-05-06T13:30:39+00:00\",\"dateModified\":\"2025-06-30T07:51:59+00:00\",\"description\":\"Set 6 tasses expresso\u00a0: style italien intemporel. Une exp\u00e9rience authentique pour les vrais amateurs de caf\u00e9. Design Miscela d\u2019Oro.\",\"breadcrumb\":{\"@id\":\"https:\/\/www.misceladoro.com\/fr\/produit\/tasses-expresso\/#breadcrumb\"},\"inLanguage\":\"fr-FR\",\"potentialAction\":[{\"@type\":\"ReadAction\",\"target\":[\"https:\/\/www.misceladoro.com\/fr\/produit\/tasses-expresso\/\"]}]},{\"@type\":\"ImageObject\",\"inLanguage\":\"fr-FR\",\"@id\":\"https:\/\/www.misceladoro.com\/fr\/produit\/tasses-expresso\/#primaryimage\",\"url\":\"https:\/\/www.misceladoro.com\/wp-content\/uploads\/2023\/01\/set07-a.png\",\"contentUrl\":\"https:\/\/www.misceladoro.com\/wp-content\/uploads\/2023\/01\/set07-a.png\",\"width\":941,\"height\":941,\"caption\":\"Tasses \u00e0 caf\u00e9 Expresso Miscela d'Oro\"},{\"@type\":\"BreadcrumbList\",\"@id\":\"https:\/\/www.misceladoro.com\/fr\/produit\/tasses-expresso\/#breadcrumb\",\"itemListElement\":[{\"@type\":\"ListItem\",\"position\":1,\"name\":\"Home\",\"item\":\"https:\/\/www.misceladoro.com\/fr\/\"},{\"@type\":\"ListItem\",\"position\":2,\"name\":\"Shop\",\"item\":\"https:\/\/www.misceladoro.com\/fr\/shop\/\"},{\"@type\":\"ListItem\",\"position\":3,\"name\":\"Tasses et accessoires\",\"item\":\"https:\/\/www.misceladoro.com\/fr\/tasses-accessoires\/\"},{\"@type\":\"ListItem\",\"position\":4,\"name\":\"Set de 6 Tasses \u00e0 Caf\u00e9 Expresso Miscela D&#8217;Oro\"}]},{\"@type\":\"WebSite\",\"@id\":\"https:\/\/www.misceladoro.com\/fr\/#website\",\"url\":\"https:\/\/www.misceladoro.com\/fr\/\",\"name\":\"Miscela d'Oro\",\"description\":\"Artigiani del caff\u00e8 dal 1946\",\"publisher\":{\"@id\":\"https:\/\/www.misceladoro.com\/fr\/#organization\"},\"potentialAction\":[{\"@type\":\"SearchAction\",\"target\":{\"@type\":\"EntryPoint\",\"urlTemplate\":\"https:\/\/www.misceladoro.com\/fr\/?s={search_term_string}\"},\"query-input\":{\"@type\":\"PropertyValueSpecification\",\"valueRequired\":true,\"valueName\":\"search_term_string\"}}],\"inLanguage\":\"fr-FR\"},{\"@type\":\"Organization\",\"@id\":\"https:\/\/www.misceladoro.com\/fr\/#organization\",\"name\":\"Miscela d'Oro\",\"url\":\"https:\/\/www.misceladoro.com\/fr\/\",\"logo\":{\"@type\":\"ImageObject\",\"inLanguage\":\"fr-FR\",\"@id\":\"https:\/\/www.misceladoro.com\/fr\/#\/schema\/logo\/image\/\",\"url\":\"https:\/\/www.misceladoro.com\/wp-content\/uploads\/2022\/10\/LogoMiscelaOro-logo.png\",\"contentUrl\":\"https:\/\/www.misceladoro.com\/wp-content\/uploads\/2022\/10\/LogoMiscelaOro-logo.png\",\"width\":200,\"height\":120,\"caption\":\"Miscela d'Oro\"},\"image\":{\"@id\":\"https:\/\/www.misceladoro.com\/fr\/#\/schema\/logo\/image\/\"},\"sameAs\":[\"https:\/\/www.facebook.com\/MDOSicilia1946\",\"https:\/\/x.com\/miscela_doro\",\"https:\/\/www.instagram.com\/misceladoro\/\"]}]}<\/script>\n<!-- \/ Yoast SEO Premium plugin. -->","yoast_head_json":{"title":"Set de 6 tasses \u00e0 caf\u00e9 expresso italien | Miscela d&#039;Oro","description":"Set 6 tasses expresso\u00a0: style italien intemporel. Une exp\u00e9rience authentique pour les vrais amateurs de caf\u00e9. Design Miscela d\u2019Oro.","robots":{"index":"index","follow":"follow","max-snippet":"max-snippet:-1","max-image-preview":"max-image-preview:large","max-video-preview":"max-video-preview:-1"},"canonical":"https:\/\/www.misceladoro.com\/fr\/produit\/tasses-expresso\/","og_locale":"fr_FR","og_type":"article","og_title":"Set de 6 Tasses \u00e0 Caf\u00e9 Expresso Miscela D'Oro","og_description":"Set 6 tasses expresso\u00a0: style italien intemporel. Une exp\u00e9rience authentique pour les vrais amateurs de caf\u00e9. Design Miscela d\u2019Oro.","og_url":"https:\/\/www.misceladoro.com\/fr\/produit\/tasses-expresso\/","og_site_name":"Miscela d&#039;Oro","article_publisher":"https:\/\/www.facebook.com\/MDOSicilia1946","article_modified_time":"2025-06-30T07:51:59+00:00","og_image":[{"width":941,"height":941,"url":"https:\/\/www.misceladoro.com\/wp-content\/uploads\/2023\/01\/set07-a.png","type":"image\/png"}],"twitter_card":"summary_large_image","twitter_site":"@miscela_doro","twitter_misc":{"Dur\u00e9e de lecture estim\u00e9e":"1 minute"},"schema":{"@context":"https:\/\/schema.org","@graph":[{"@type":"WebPage","@id":"https:\/\/www.misceladoro.com\/fr\/produit\/tasses-expresso\/","url":"https:\/\/www.misceladoro.com\/fr\/produit\/tasses-expresso\/","name":"Set de 6 tasses \u00e0 caf\u00e9 expresso italien | Miscela d&#039;Oro","isPartOf":{"@id":"https:\/\/www.misceladoro.com\/fr\/#website"},"primaryImageOfPage":{"@id":"https:\/\/www.misceladoro.com\/fr\/produit\/tasses-expresso\/#primaryimage"},"image":{"@id":"https:\/\/www.misceladoro.com\/fr\/produit\/tasses-expresso\/#primaryimage"},"thumbnailUrl":"https:\/\/www.misceladoro.com\/wp-content\/uploads\/2023\/01\/set07-a.png","datePublished":"2025-05-06T13:30:39+00:00","dateModified":"2025-06-30T07:51:59+00:00","description":"Set 6 tasses expresso\u00a0: style italien intemporel. Une exp\u00e9rience authentique pour les vrais amateurs de caf\u00e9. Design Miscela d\u2019Oro.","breadcrumb":{"@id":"https:\/\/www.misceladoro.com\/fr\/produit\/tasses-expresso\/#breadcrumb"},"inLanguage":"fr-FR","potentialAction":[{"@type":"ReadAction","target":["https:\/\/www.misceladoro.com\/fr\/produit\/tasses-expresso\/"]}]},{"@type":"ImageObject","inLanguage":"fr-FR","@id":"https:\/\/www.misceladoro.com\/fr\/produit\/tasses-expresso\/#primaryimage","url":"https:\/\/www.misceladoro.com\/wp-content\/uploads\/2023\/01\/set07-a.png","contentUrl":"https:\/\/www.misceladoro.com\/wp-content\/uploads\/2023\/01\/set07-a.png","width":941,"height":941,"caption":"Tasses \u00e0 caf\u00e9 Expresso Miscela d'Oro"},{"@type":"BreadcrumbList","@id":"https:\/\/www.misceladoro.com\/fr\/produit\/tasses-expresso\/#breadcrumb","itemListElement":[{"@type":"ListItem","position":1,"name":"Home","item":"https:\/\/www.misceladoro.com\/fr\/"},{"@type":"ListItem","position":2,"name":"Shop","item":"https:\/\/www.misceladoro.com\/fr\/shop\/"},{"@type":"ListItem","position":3,"name":"Tasses et accessoires","item":"https:\/\/www.misceladoro.com\/fr\/tasses-accessoires\/"},{"@type":"ListItem","position":4,"name":"Set de 6 Tasses \u00e0 Caf\u00e9 Expresso Miscela D&#8217;Oro"}]},{"@type":"WebSite","@id":"https:\/\/www.misceladoro.com\/fr\/#website","url":"https:\/\/www.misceladoro.com\/fr\/","name":"Miscela d'Oro","description":"Artigiani del caff\u00e8 dal 1946","publisher":{"@id":"https:\/\/www.misceladoro.com\/fr\/#organization"},"potentialAction":[{"@type":"SearchAction","target":{"@type":"EntryPoint","urlTemplate":"https:\/\/www.misceladoro.com\/fr\/?s={search_term_string}"},"query-input":{"@type":"PropertyValueSpecification","valueRequired":true,"valueName":"search_term_string"}}],"inLanguage":"fr-FR"},{"@type":"Organization","@id":"https:\/\/www.misceladoro.com\/fr\/#organization","name":"Miscela d'Oro","url":"https:\/\/www.misceladoro.com\/fr\/","logo":{"@type":"ImageObject","inLanguage":"fr-FR","@id":"https:\/\/www.misceladoro.com\/fr\/#\/schema\/logo\/image\/","url":"https:\/\/www.misceladoro.com\/wp-content\/uploads\/2022\/10\/LogoMiscelaOro-logo.png","contentUrl":"https:\/\/www.misceladoro.com\/wp-content\/uploads\/2022\/10\/LogoMiscelaOro-logo.png","width":200,"height":120,"caption":"Miscela d'Oro"},"image":{"@id":"https:\/\/www.misceladoro.com\/fr\/#\/schema\/logo\/image\/"},"sameAs":["https:\/\/www.facebook.com\/MDOSicilia1946","https:\/\/x.com\/miscela_doro","https:\/\/www.instagram.com\/misceladoro\/"]}]}},"_links":{"self":[{"href":"https:\/\/www.misceladoro.com\/fr\/wp-json\/wp\/v2\/product\/14435","targetHints":{"allow":["GET"]}}],"collection":[{"href":"https:\/\/www.misceladoro.com\/fr\/wp-json\/wp\/v2\/product"}],"about":[{"href":"https:\/\/www.misceladoro.com\/fr\/wp-json\/wp\/v2\/types\/product"}],"wp:featuredmedia":[{"embeddable":true,"href":"https:\/\/www.misceladoro.com\/fr\/wp-json\/wp\/v2\/media\/10746"}],"wp:attachment":[{"href":"https:\/\/www.misceladoro.com\/fr\/wp-json\/wp\/v2\/media?parent=14435"}],"wp:term":[{"taxonomy":"product_brand","embeddable":true,"href":"https:\/\/www.misceladoro.com\/fr\/wp-json\/wp\/v2\/product_brand?post=14435"},{"taxonomy":"product_cat","embeddable":true,"href":"https:\/\/www.misceladoro.com\/fr\/wp-json\/wp\/v2\/product_cat?post=14435"},{"taxonomy":"product_tag","embeddable":true,"href":"https:\/\/www.misceladoro.com\/fr\/wp-json\/wp\/v2\/product_tag?post=14435"}],"curies":[{"name":"wp","href":"https:\/\/api.w.org\/{rel}","templated":true}]}}