{"id":14430,"date":"2024-05-17T17:54:42","date_gmt":"2024-05-17T15:54:42","guid":{"rendered":"https:\/\/www.misceladoro.com\/prodotto\/biscuits-amandes-miel-piparelli\/"},"modified":"2025-06-30T10:18:08","modified_gmt":"2025-06-30T08:18:08","slug":"biscuits-amandes-miel-piparelli","status":"publish","type":"product","link":"https:\/\/www.misceladoro.com\/fr\/produit\/biscuits-amandes-miel-piparelli\/","title":{"rendered":"Piparelli \u2013 Biscuits aux Amandes et au Miel 250 g"},"content":{"rendered":"","protected":false},"excerpt":{"rendered":"<p>Biscuits siciliens au go\u00fbt intense et unique, pr\u00e9par\u00e9s selon la recette traditionnelle avec des ingr\u00e9dients de haute qualit\u00e9. Ces biscuits croquants aux amandes grill\u00e9es et au miel offrent une v\u00e9ritable exp\u00e9rience sensorielle, parfaits \u00e0 d\u00e9guster nature ou accompagn\u00e9s de vins doux ou de liqueurs. Leur texture rustique et leur parfum aromatique en font un authentique d\u00e9lice sicilien, appr\u00e9ci\u00e9 des amateurs de saveurs authentiques et charg\u00e9es d&rsquo;histoire.<\/p>\n","protected":false},"featured_media":11742,"template":"","meta":{"_acf_changed":false,"inline_featured_image":false},"product_brand":[],"product_cat":[744],"product_tag":[],"class_list":{"0":"post-14430","1":"product","2":"type-product","3":"status-publish","4":"has-post-thumbnail","6":"product_cat-produits-siciliens","8":"first","9":"outofstock","10":"taxable","11":"shipping-taxable","12":"purchasable","13":"product-type-simple"},"acf":[],"yoast_head":"<!-- This site is optimized with the Yoast SEO Premium plugin v26.7 (Yoast SEO v26.7) - https:\/\/yoast.com\/wordpress\/plugins\/seo\/ -->\n<title>Piparelli: biscuits italiens aux amandes et au miel | Miscela d&#039;Oro<\/title>\n<meta name=\"description\" content=\"Piparelli\u00a0: biscuits croquants aux amandes et au miel. Une sp\u00e9cialit\u00e9 sicilienne rustique \u00e0 savourer avec caf\u00e9 ou vin doux.\" \/>\n<meta name=\"robots\" content=\"index, follow, max-snippet:-1, max-image-preview:large, max-video-preview:-1\" \/>\n<link rel=\"canonical\" href=\"https:\/\/www.misceladoro.com\/fr\/produit\/biscuits-amandes-miel-piparelli\/\" \/>\n<meta property=\"og:locale\" content=\"fr_FR\" \/>\n<meta property=\"og:type\" content=\"article\" \/>\n<meta property=\"og:title\" content=\"Piparelli \u2013 Biscuits aux Amandes et au Miel 250 g\" \/>\n<meta property=\"og:description\" content=\"Piparelli\u00a0: biscuits croquants aux amandes et au miel. Une sp\u00e9cialit\u00e9 sicilienne rustique \u00e0 savourer avec caf\u00e9 ou vin doux.\" \/>\n<meta property=\"og:url\" content=\"https:\/\/www.misceladoro.com\/fr\/produit\/biscuits-amandes-miel-piparelli\/\" \/>\n<meta property=\"og:site_name\" content=\"Miscela d&#039;Oro\" \/>\n<meta property=\"article:publisher\" content=\"https:\/\/www.facebook.com\/MDOSicilia1946\" \/>\n<meta property=\"article:modified_time\" content=\"2025-06-30T08:18:08+00:00\" \/>\n<meta property=\"og:image\" content=\"https:\/\/www.misceladoro.com\/wp-content\/uploads\/2022\/10\/piparelli-250-g.jpeg\" \/>\n\t<meta property=\"og:image:width\" content=\"500\" \/>\n\t<meta property=\"og:image:height\" content=\"500\" \/>\n\t<meta property=\"og:image:type\" content=\"image\/jpeg\" \/>\n<meta name=\"twitter:card\" content=\"summary_large_image\" \/>\n<meta name=\"twitter:site\" content=\"@miscela_doro\" \/>\n<meta name=\"twitter:label1\" content=\"Dur\u00e9e de lecture estim\u00e9e\" \/>\n\t<meta name=\"twitter:data1\" content=\"1 minute\" \/>\n<script type=\"application\/ld+json\" class=\"yoast-schema-graph\">{\"@context\":\"https:\/\/schema.org\",\"@graph\":[{\"@type\":\"WebPage\",\"@id\":\"https:\/\/www.misceladoro.com\/fr\/produit\/biscuits-amandes-miel-piparelli\/\",\"url\":\"https:\/\/www.misceladoro.com\/fr\/produit\/biscuits-amandes-miel-piparelli\/\",\"name\":\"Piparelli: biscuits italiens aux amandes et au miel | Miscela d&#039;Oro\",\"isPartOf\":{\"@id\":\"https:\/\/www.misceladoro.com\/fr\/#website\"},\"primaryImageOfPage\":{\"@id\":\"https:\/\/www.misceladoro.com\/fr\/produit\/biscuits-amandes-miel-piparelli\/#primaryimage\"},\"image\":{\"@id\":\"https:\/\/www.misceladoro.com\/fr\/produit\/biscuits-amandes-miel-piparelli\/#primaryimage\"},\"thumbnailUrl\":\"https:\/\/www.misceladoro.com\/wp-content\/uploads\/2022\/10\/piparelli-250-g.jpeg\",\"datePublished\":\"2024-05-17T15:54:42+00:00\",\"dateModified\":\"2025-06-30T08:18:08+00:00\",\"description\":\"Piparelli\u00a0: biscuits croquants aux amandes et au miel. Une sp\u00e9cialit\u00e9 sicilienne rustique \u00e0 savourer avec caf\u00e9 ou vin doux.\",\"breadcrumb\":{\"@id\":\"https:\/\/www.misceladoro.com\/fr\/produit\/biscuits-amandes-miel-piparelli\/#breadcrumb\"},\"inLanguage\":\"fr-FR\",\"potentialAction\":[{\"@type\":\"ReadAction\",\"target\":[\"https:\/\/www.misceladoro.com\/fr\/produit\/biscuits-amandes-miel-piparelli\/\"]}]},{\"@type\":\"ImageObject\",\"inLanguage\":\"fr-FR\",\"@id\":\"https:\/\/www.misceladoro.com\/fr\/produit\/biscuits-amandes-miel-piparelli\/#primaryimage\",\"url\":\"https:\/\/www.misceladoro.com\/wp-content\/uploads\/2022\/10\/piparelli-250-g.jpeg\",\"contentUrl\":\"https:\/\/www.misceladoro.com\/wp-content\/uploads\/2022\/10\/piparelli-250-g.jpeg\",\"width\":500,\"height\":500},{\"@type\":\"BreadcrumbList\",\"@id\":\"https:\/\/www.misceladoro.com\/fr\/produit\/biscuits-amandes-miel-piparelli\/#breadcrumb\",\"itemListElement\":[{\"@type\":\"ListItem\",\"position\":1,\"name\":\"Home\",\"item\":\"https:\/\/www.misceladoro.com\/fr\/\"},{\"@type\":\"ListItem\",\"position\":2,\"name\":\"Shop\",\"item\":\"https:\/\/www.misceladoro.com\/fr\/shop\/\"},{\"@type\":\"ListItem\",\"position\":3,\"name\":\"Produits siciliens\",\"item\":\"https:\/\/www.misceladoro.com\/fr\/produits-siciliens\/\"},{\"@type\":\"ListItem\",\"position\":4,\"name\":\"Piparelli \u2013 Biscuits aux Amandes et au Miel 250 g\"}]},{\"@type\":\"WebSite\",\"@id\":\"https:\/\/www.misceladoro.com\/fr\/#website\",\"url\":\"https:\/\/www.misceladoro.com\/fr\/\",\"name\":\"Miscela d'Oro\",\"description\":\"Artigiani del caff\u00e8 dal 1946\",\"publisher\":{\"@id\":\"https:\/\/www.misceladoro.com\/fr\/#organization\"},\"potentialAction\":[{\"@type\":\"SearchAction\",\"target\":{\"@type\":\"EntryPoint\",\"urlTemplate\":\"https:\/\/www.misceladoro.com\/fr\/?s={search_term_string}\"},\"query-input\":{\"@type\":\"PropertyValueSpecification\",\"valueRequired\":true,\"valueName\":\"search_term_string\"}}],\"inLanguage\":\"fr-FR\"},{\"@type\":\"Organization\",\"@id\":\"https:\/\/www.misceladoro.com\/fr\/#organization\",\"name\":\"Miscela d'Oro\",\"url\":\"https:\/\/www.misceladoro.com\/fr\/\",\"logo\":{\"@type\":\"ImageObject\",\"inLanguage\":\"fr-FR\",\"@id\":\"https:\/\/www.misceladoro.com\/fr\/#\/schema\/logo\/image\/\",\"url\":\"https:\/\/www.misceladoro.com\/wp-content\/uploads\/2022\/10\/LogoMiscelaOro-logo.png\",\"contentUrl\":\"https:\/\/www.misceladoro.com\/wp-content\/uploads\/2022\/10\/LogoMiscelaOro-logo.png\",\"width\":200,\"height\":120,\"caption\":\"Miscela d'Oro\"},\"image\":{\"@id\":\"https:\/\/www.misceladoro.com\/fr\/#\/schema\/logo\/image\/\"},\"sameAs\":[\"https:\/\/www.facebook.com\/MDOSicilia1946\",\"https:\/\/x.com\/miscela_doro\",\"https:\/\/www.instagram.com\/misceladoro\/\"]}]}<\/script>\n<!-- \/ Yoast SEO Premium plugin. -->","yoast_head_json":{"title":"Piparelli: biscuits italiens aux amandes et au miel | Miscela d&#039;Oro","description":"Piparelli\u00a0: biscuits croquants aux amandes et au miel. Une sp\u00e9cialit\u00e9 sicilienne rustique \u00e0 savourer avec caf\u00e9 ou vin doux.","robots":{"index":"index","follow":"follow","max-snippet":"max-snippet:-1","max-image-preview":"max-image-preview:large","max-video-preview":"max-video-preview:-1"},"canonical":"https:\/\/www.misceladoro.com\/fr\/produit\/biscuits-amandes-miel-piparelli\/","og_locale":"fr_FR","og_type":"article","og_title":"Piparelli \u2013 Biscuits aux Amandes et au Miel 250 g","og_description":"Piparelli\u00a0: biscuits croquants aux amandes et au miel. Une sp\u00e9cialit\u00e9 sicilienne rustique \u00e0 savourer avec caf\u00e9 ou vin doux.","og_url":"https:\/\/www.misceladoro.com\/fr\/produit\/biscuits-amandes-miel-piparelli\/","og_site_name":"Miscela d&#039;Oro","article_publisher":"https:\/\/www.facebook.com\/MDOSicilia1946","article_modified_time":"2025-06-30T08:18:08+00:00","og_image":[{"width":500,"height":500,"url":"https:\/\/www.misceladoro.com\/wp-content\/uploads\/2022\/10\/piparelli-250-g.jpeg","type":"image\/jpeg"}],"twitter_card":"summary_large_image","twitter_site":"@miscela_doro","twitter_misc":{"Dur\u00e9e de lecture estim\u00e9e":"1 minute"},"schema":{"@context":"https:\/\/schema.org","@graph":[{"@type":"WebPage","@id":"https:\/\/www.misceladoro.com\/fr\/produit\/biscuits-amandes-miel-piparelli\/","url":"https:\/\/www.misceladoro.com\/fr\/produit\/biscuits-amandes-miel-piparelli\/","name":"Piparelli: biscuits italiens aux amandes et au miel | Miscela d&#039;Oro","isPartOf":{"@id":"https:\/\/www.misceladoro.com\/fr\/#website"},"primaryImageOfPage":{"@id":"https:\/\/www.misceladoro.com\/fr\/produit\/biscuits-amandes-miel-piparelli\/#primaryimage"},"image":{"@id":"https:\/\/www.misceladoro.com\/fr\/produit\/biscuits-amandes-miel-piparelli\/#primaryimage"},"thumbnailUrl":"https:\/\/www.misceladoro.com\/wp-content\/uploads\/2022\/10\/piparelli-250-g.jpeg","datePublished":"2024-05-17T15:54:42+00:00","dateModified":"2025-06-30T08:18:08+00:00","description":"Piparelli\u00a0: biscuits croquants aux amandes et au miel. Une sp\u00e9cialit\u00e9 sicilienne rustique \u00e0 savourer avec caf\u00e9 ou vin doux.","breadcrumb":{"@id":"https:\/\/www.misceladoro.com\/fr\/produit\/biscuits-amandes-miel-piparelli\/#breadcrumb"},"inLanguage":"fr-FR","potentialAction":[{"@type":"ReadAction","target":["https:\/\/www.misceladoro.com\/fr\/produit\/biscuits-amandes-miel-piparelli\/"]}]},{"@type":"ImageObject","inLanguage":"fr-FR","@id":"https:\/\/www.misceladoro.com\/fr\/produit\/biscuits-amandes-miel-piparelli\/#primaryimage","url":"https:\/\/www.misceladoro.com\/wp-content\/uploads\/2022\/10\/piparelli-250-g.jpeg","contentUrl":"https:\/\/www.misceladoro.com\/wp-content\/uploads\/2022\/10\/piparelli-250-g.jpeg","width":500,"height":500},{"@type":"BreadcrumbList","@id":"https:\/\/www.misceladoro.com\/fr\/produit\/biscuits-amandes-miel-piparelli\/#breadcrumb","itemListElement":[{"@type":"ListItem","position":1,"name":"Home","item":"https:\/\/www.misceladoro.com\/fr\/"},{"@type":"ListItem","position":2,"name":"Shop","item":"https:\/\/www.misceladoro.com\/fr\/shop\/"},{"@type":"ListItem","position":3,"name":"Produits siciliens","item":"https:\/\/www.misceladoro.com\/fr\/produits-siciliens\/"},{"@type":"ListItem","position":4,"name":"Piparelli \u2013 Biscuits aux Amandes et au Miel 250 g"}]},{"@type":"WebSite","@id":"https:\/\/www.misceladoro.com\/fr\/#website","url":"https:\/\/www.misceladoro.com\/fr\/","name":"Miscela d'Oro","description":"Artigiani del caff\u00e8 dal 1946","publisher":{"@id":"https:\/\/www.misceladoro.com\/fr\/#organization"},"potentialAction":[{"@type":"SearchAction","target":{"@type":"EntryPoint","urlTemplate":"https:\/\/www.misceladoro.com\/fr\/?s={search_term_string}"},"query-input":{"@type":"PropertyValueSpecification","valueRequired":true,"valueName":"search_term_string"}}],"inLanguage":"fr-FR"},{"@type":"Organization","@id":"https:\/\/www.misceladoro.com\/fr\/#organization","name":"Miscela d'Oro","url":"https:\/\/www.misceladoro.com\/fr\/","logo":{"@type":"ImageObject","inLanguage":"fr-FR","@id":"https:\/\/www.misceladoro.com\/fr\/#\/schema\/logo\/image\/","url":"https:\/\/www.misceladoro.com\/wp-content\/uploads\/2022\/10\/LogoMiscelaOro-logo.png","contentUrl":"https:\/\/www.misceladoro.com\/wp-content\/uploads\/2022\/10\/LogoMiscelaOro-logo.png","width":200,"height":120,"caption":"Miscela d'Oro"},"image":{"@id":"https:\/\/www.misceladoro.com\/fr\/#\/schema\/logo\/image\/"},"sameAs":["https:\/\/www.facebook.com\/MDOSicilia1946","https:\/\/x.com\/miscela_doro","https:\/\/www.instagram.com\/misceladoro\/"]}]}},"_links":{"self":[{"href":"https:\/\/www.misceladoro.com\/fr\/wp-json\/wp\/v2\/product\/14430","targetHints":{"allow":["GET"]}}],"collection":[{"href":"https:\/\/www.misceladoro.com\/fr\/wp-json\/wp\/v2\/product"}],"about":[{"href":"https:\/\/www.misceladoro.com\/fr\/wp-json\/wp\/v2\/types\/product"}],"wp:featuredmedia":[{"embeddable":true,"href":"https:\/\/www.misceladoro.com\/fr\/wp-json\/wp\/v2\/media\/11742"}],"wp:attachment":[{"href":"https:\/\/www.misceladoro.com\/fr\/wp-json\/wp\/v2\/media?parent=14430"}],"wp:term":[{"taxonomy":"product_brand","embeddable":true,"href":"https:\/\/www.misceladoro.com\/fr\/wp-json\/wp\/v2\/product_brand?post=14430"},{"taxonomy":"product_cat","embeddable":true,"href":"https:\/\/www.misceladoro.com\/fr\/wp-json\/wp\/v2\/product_cat?post=14430"},{"taxonomy":"product_tag","embeddable":true,"href":"https:\/\/www.misceladoro.com\/fr\/wp-json\/wp\/v2\/product_tag?post=14430"}],"curies":[{"name":"wp","href":"https:\/\/api.w.org\/{rel}","templated":true}]}}