{"id":14427,"date":"2022-11-14T12:19:42","date_gmt":"2022-11-14T11:19:42","guid":{"rendered":"https:\/\/www.misceladoro.com\/prodotto\/capsules-compatibles-dolce-gusto-orge\/"},"modified":"2025-06-30T12:31:13","modified_gmt":"2025-06-30T10:31:13","slug":"capsules-compatibles-dolce-gusto-orge","status":"publish","type":"product","link":"https:\/\/www.misceladoro.com\/fr\/produit\/capsules-compatibles-dolce-gusto-orge\/","title":{"rendered":"Orge \u2013 Capsules Compatibles Dolce Gusto\u00ae*"},"content":{"rendered":"","protected":false},"excerpt":{"rendered":"<p>Les capsules Orzo, compatibles avec les machines Nescaf\u00e9\u00ae Dolce Gusto\u00ae, offrent une boisson naturelle et digestive sans caf\u00e9ine, \u00e0 l&rsquo;ar\u00f4me intense et bienfaisant.<\/p>\n<p><strong>*Capsules compatibles avec les machines Nescaf\u00e9\u00ae Dolce Gusto\u00ae.<\/strong><br \/>\nLes marques Nescaf\u00e9\u00ae Dolce Gusto\u00ae sont des marques d\u00e9pos\u00e9es de tiers, sans aucun lien avec Miscela d&rsquo;Oro S.p.A.<\/p>\n","protected":false},"featured_media":11732,"template":"","meta":{"_acf_changed":false,"inline_featured_image":false},"product_brand":[],"product_cat":[742],"product_tag":[974,977,978,979],"class_list":{"0":"post-14427","1":"product","2":"type-product","3":"status-publish","4":"has-post-thumbnail","6":"product_cat-the-boissons","7":"product_tag-capsule-dolce-gusto-fr","8":"product_tag-dolce-gusto-capsules-fr","9":"product_tag-dolce-gusto-coffee-fr","10":"product_tag-dolcegusto-capsule-fr","12":"first","13":"instock","14":"taxable","15":"shipping-taxable","16":"purchasable","17":"product-type-simple"},"acf":[],"yoast_head":"<!-- This site is optimized with the Yoast SEO Premium plugin v26.7 (Yoast SEO v26.7) - https:\/\/yoast.com\/wordpress\/plugins\/seo\/ -->\n<title>Orge: Capsules de caf\u00e9 compatibles Dolce Gusto\u00ae | Miscela d&#039;Oro<\/title>\n<meta name=\"description\" content=\"Caf\u00e9 d\u2019orge Dolce Gusto\u00ae : sans caf\u00e9ine, naturel et digeste. Une alternative douce, onctueuse et r\u00e9confortante pour chaque moment de la journ\u00e9e.\" \/>\n<meta name=\"robots\" content=\"index, follow, max-snippet:-1, max-image-preview:large, max-video-preview:-1\" \/>\n<link rel=\"canonical\" href=\"https:\/\/www.misceladoro.com\/fr\/produit\/capsules-compatibles-dolce-gusto-orge\/\" \/>\n<meta property=\"og:locale\" content=\"fr_FR\" \/>\n<meta property=\"og:type\" content=\"article\" \/>\n<meta property=\"og:title\" content=\"Orge \u2013 Capsules Compatibles Dolce Gusto\u00ae*\" \/>\n<meta property=\"og:description\" content=\"Prova l\u2019Orzo di Miscela d&#039;Oro. Capsule compatibili Dolce Gusto per una bevanda naturale e digestiva. Acquista ora online!\" \/>\n<meta property=\"og:url\" content=\"https:\/\/www.misceladoro.com\/fr\/produit\/capsules-compatibles-dolce-gusto-orge\/\" \/>\n<meta property=\"og:site_name\" content=\"Miscela d&#039;Oro\" \/>\n<meta property=\"article:publisher\" content=\"https:\/\/www.facebook.com\/MDOSicilia1946\" \/>\n<meta property=\"article:modified_time\" content=\"2025-06-30T10:31:13+00:00\" \/>\n<meta property=\"og:image\" content=\"https:\/\/www.misceladoro.com\/wp-content\/uploads\/2022\/11\/orzo_dolce_gusto_web.jpg\" \/>\n\t<meta property=\"og:image:width\" content=\"500\" \/>\n\t<meta property=\"og:image:height\" content=\"500\" \/>\n\t<meta property=\"og:image:type\" content=\"image\/jpeg\" \/>\n<meta name=\"twitter:card\" content=\"summary_large_image\" \/>\n<meta name=\"twitter:description\" content=\"Prova l\u2019Orzo di Miscela d&#039;Oro. Capsule compatibili Dolce Gusto per una bevanda naturale e digestiva. Acquista ora online!\" \/>\n<meta name=\"twitter:site\" content=\"@miscela_doro\" \/>\n<meta name=\"twitter:label1\" content=\"Dur\u00e9e de lecture estim\u00e9e\" \/>\n\t<meta name=\"twitter:data1\" content=\"1 minute\" \/>\n<script type=\"application\/ld+json\" class=\"yoast-schema-graph\">{\"@context\":\"https:\/\/schema.org\",\"@graph\":[{\"@type\":\"WebPage\",\"@id\":\"https:\/\/www.misceladoro.com\/fr\/produit\/capsules-compatibles-dolce-gusto-orge\/\",\"url\":\"https:\/\/www.misceladoro.com\/fr\/produit\/capsules-compatibles-dolce-gusto-orge\/\",\"name\":\"Orge: Capsules de caf\u00e9 compatibles Dolce Gusto\u00ae | Miscela d&#039;Oro\",\"isPartOf\":{\"@id\":\"https:\/\/www.misceladoro.com\/fr\/#website\"},\"primaryImageOfPage\":{\"@id\":\"https:\/\/www.misceladoro.com\/fr\/produit\/capsules-compatibles-dolce-gusto-orge\/#primaryimage\"},\"image\":{\"@id\":\"https:\/\/www.misceladoro.com\/fr\/produit\/capsules-compatibles-dolce-gusto-orge\/#primaryimage\"},\"thumbnailUrl\":\"https:\/\/www.misceladoro.com\/wp-content\/uploads\/2022\/11\/orzo_dolce_gusto_web.jpg\",\"datePublished\":\"2022-11-14T11:19:42+00:00\",\"dateModified\":\"2025-06-30T10:31:13+00:00\",\"description\":\"Caf\u00e9 d\u2019orge Dolce Gusto\u00ae : sans caf\u00e9ine, naturel et digeste. Une alternative douce, onctueuse et r\u00e9confortante pour chaque moment de la journ\u00e9e.\",\"breadcrumb\":{\"@id\":\"https:\/\/www.misceladoro.com\/fr\/produit\/capsules-compatibles-dolce-gusto-orge\/#breadcrumb\"},\"inLanguage\":\"fr-FR\",\"potentialAction\":[{\"@type\":\"ReadAction\",\"target\":[\"https:\/\/www.misceladoro.com\/fr\/produit\/capsules-compatibles-dolce-gusto-orge\/\"]}]},{\"@type\":\"ImageObject\",\"inLanguage\":\"fr-FR\",\"@id\":\"https:\/\/www.misceladoro.com\/fr\/produit\/capsules-compatibles-dolce-gusto-orge\/#primaryimage\",\"url\":\"https:\/\/www.misceladoro.com\/wp-content\/uploads\/2022\/11\/orzo_dolce_gusto_web.jpg\",\"contentUrl\":\"https:\/\/www.misceladoro.com\/wp-content\/uploads\/2022\/11\/orzo_dolce_gusto_web.jpg\",\"width\":500,\"height\":500,\"caption\":\"|||||||||\"},{\"@type\":\"BreadcrumbList\",\"@id\":\"https:\/\/www.misceladoro.com\/fr\/produit\/capsules-compatibles-dolce-gusto-orge\/#breadcrumb\",\"itemListElement\":[{\"@type\":\"ListItem\",\"position\":1,\"name\":\"Home\",\"item\":\"https:\/\/www.misceladoro.com\/fr\/\"},{\"@type\":\"ListItem\",\"position\":2,\"name\":\"Shop\",\"item\":\"https:\/\/www.misceladoro.com\/fr\/shop\/\"},{\"@type\":\"ListItem\",\"position\":3,\"name\":\"Th\u00e9 et boissons\",\"item\":\"https:\/\/www.misceladoro.com\/fr\/the-boissons\/\"},{\"@type\":\"ListItem\",\"position\":4,\"name\":\"Orge \u2013 Capsules Compatibles Dolce Gusto\u00ae*\"}]},{\"@type\":\"WebSite\",\"@id\":\"https:\/\/www.misceladoro.com\/fr\/#website\",\"url\":\"https:\/\/www.misceladoro.com\/fr\/\",\"name\":\"Miscela d'Oro\",\"description\":\"Artigiani del caff\u00e8 dal 1946\",\"publisher\":{\"@id\":\"https:\/\/www.misceladoro.com\/fr\/#organization\"},\"potentialAction\":[{\"@type\":\"SearchAction\",\"target\":{\"@type\":\"EntryPoint\",\"urlTemplate\":\"https:\/\/www.misceladoro.com\/fr\/?s={search_term_string}\"},\"query-input\":{\"@type\":\"PropertyValueSpecification\",\"valueRequired\":true,\"valueName\":\"search_term_string\"}}],\"inLanguage\":\"fr-FR\"},{\"@type\":\"Organization\",\"@id\":\"https:\/\/www.misceladoro.com\/fr\/#organization\",\"name\":\"Miscela d'Oro\",\"url\":\"https:\/\/www.misceladoro.com\/fr\/\",\"logo\":{\"@type\":\"ImageObject\",\"inLanguage\":\"fr-FR\",\"@id\":\"https:\/\/www.misceladoro.com\/fr\/#\/schema\/logo\/image\/\",\"url\":\"https:\/\/www.misceladoro.com\/wp-content\/uploads\/2022\/10\/LogoMiscelaOro-logo.png\",\"contentUrl\":\"https:\/\/www.misceladoro.com\/wp-content\/uploads\/2022\/10\/LogoMiscelaOro-logo.png\",\"width\":200,\"height\":120,\"caption\":\"Miscela d'Oro\"},\"image\":{\"@id\":\"https:\/\/www.misceladoro.com\/fr\/#\/schema\/logo\/image\/\"},\"sameAs\":[\"https:\/\/www.facebook.com\/MDOSicilia1946\",\"https:\/\/x.com\/miscela_doro\",\"https:\/\/www.instagram.com\/misceladoro\/\"]}]}<\/script>\n<!-- \/ Yoast SEO Premium plugin. -->","yoast_head_json":{"title":"Orge: Capsules de caf\u00e9 compatibles Dolce Gusto\u00ae | Miscela d&#039;Oro","description":"Caf\u00e9 d\u2019orge Dolce Gusto\u00ae : sans caf\u00e9ine, naturel et digeste. Une alternative douce, onctueuse et r\u00e9confortante pour chaque moment de la journ\u00e9e.","robots":{"index":"index","follow":"follow","max-snippet":"max-snippet:-1","max-image-preview":"max-image-preview:large","max-video-preview":"max-video-preview:-1"},"canonical":"https:\/\/www.misceladoro.com\/fr\/produit\/capsules-compatibles-dolce-gusto-orge\/","og_locale":"fr_FR","og_type":"article","og_title":"Orge \u2013 Capsules Compatibles Dolce Gusto\u00ae*","og_description":"Prova l\u2019Orzo di Miscela d'Oro. Capsule compatibili Dolce Gusto per una bevanda naturale e digestiva. Acquista ora online!","og_url":"https:\/\/www.misceladoro.com\/fr\/produit\/capsules-compatibles-dolce-gusto-orge\/","og_site_name":"Miscela d&#039;Oro","article_publisher":"https:\/\/www.facebook.com\/MDOSicilia1946","article_modified_time":"2025-06-30T10:31:13+00:00","og_image":[{"width":500,"height":500,"url":"https:\/\/www.misceladoro.com\/wp-content\/uploads\/2022\/11\/orzo_dolce_gusto_web.jpg","type":"image\/jpeg"}],"twitter_card":"summary_large_image","twitter_description":"Prova l\u2019Orzo di Miscela d'Oro. Capsule compatibili Dolce Gusto per una bevanda naturale e digestiva. Acquista ora online!","twitter_site":"@miscela_doro","twitter_misc":{"Dur\u00e9e de lecture estim\u00e9e":"1 minute"},"schema":{"@context":"https:\/\/schema.org","@graph":[{"@type":"WebPage","@id":"https:\/\/www.misceladoro.com\/fr\/produit\/capsules-compatibles-dolce-gusto-orge\/","url":"https:\/\/www.misceladoro.com\/fr\/produit\/capsules-compatibles-dolce-gusto-orge\/","name":"Orge: Capsules de caf\u00e9 compatibles Dolce Gusto\u00ae | Miscela d&#039;Oro","isPartOf":{"@id":"https:\/\/www.misceladoro.com\/fr\/#website"},"primaryImageOfPage":{"@id":"https:\/\/www.misceladoro.com\/fr\/produit\/capsules-compatibles-dolce-gusto-orge\/#primaryimage"},"image":{"@id":"https:\/\/www.misceladoro.com\/fr\/produit\/capsules-compatibles-dolce-gusto-orge\/#primaryimage"},"thumbnailUrl":"https:\/\/www.misceladoro.com\/wp-content\/uploads\/2022\/11\/orzo_dolce_gusto_web.jpg","datePublished":"2022-11-14T11:19:42+00:00","dateModified":"2025-06-30T10:31:13+00:00","description":"Caf\u00e9 d\u2019orge Dolce Gusto\u00ae : sans caf\u00e9ine, naturel et digeste. Une alternative douce, onctueuse et r\u00e9confortante pour chaque moment de la journ\u00e9e.","breadcrumb":{"@id":"https:\/\/www.misceladoro.com\/fr\/produit\/capsules-compatibles-dolce-gusto-orge\/#breadcrumb"},"inLanguage":"fr-FR","potentialAction":[{"@type":"ReadAction","target":["https:\/\/www.misceladoro.com\/fr\/produit\/capsules-compatibles-dolce-gusto-orge\/"]}]},{"@type":"ImageObject","inLanguage":"fr-FR","@id":"https:\/\/www.misceladoro.com\/fr\/produit\/capsules-compatibles-dolce-gusto-orge\/#primaryimage","url":"https:\/\/www.misceladoro.com\/wp-content\/uploads\/2022\/11\/orzo_dolce_gusto_web.jpg","contentUrl":"https:\/\/www.misceladoro.com\/wp-content\/uploads\/2022\/11\/orzo_dolce_gusto_web.jpg","width":500,"height":500,"caption":"|||||||||"},{"@type":"BreadcrumbList","@id":"https:\/\/www.misceladoro.com\/fr\/produit\/capsules-compatibles-dolce-gusto-orge\/#breadcrumb","itemListElement":[{"@type":"ListItem","position":1,"name":"Home","item":"https:\/\/www.misceladoro.com\/fr\/"},{"@type":"ListItem","position":2,"name":"Shop","item":"https:\/\/www.misceladoro.com\/fr\/shop\/"},{"@type":"ListItem","position":3,"name":"Th\u00e9 et boissons","item":"https:\/\/www.misceladoro.com\/fr\/the-boissons\/"},{"@type":"ListItem","position":4,"name":"Orge \u2013 Capsules Compatibles Dolce Gusto\u00ae*"}]},{"@type":"WebSite","@id":"https:\/\/www.misceladoro.com\/fr\/#website","url":"https:\/\/www.misceladoro.com\/fr\/","name":"Miscela d'Oro","description":"Artigiani del caff\u00e8 dal 1946","publisher":{"@id":"https:\/\/www.misceladoro.com\/fr\/#organization"},"potentialAction":[{"@type":"SearchAction","target":{"@type":"EntryPoint","urlTemplate":"https:\/\/www.misceladoro.com\/fr\/?s={search_term_string}"},"query-input":{"@type":"PropertyValueSpecification","valueRequired":true,"valueName":"search_term_string"}}],"inLanguage":"fr-FR"},{"@type":"Organization","@id":"https:\/\/www.misceladoro.com\/fr\/#organization","name":"Miscela d'Oro","url":"https:\/\/www.misceladoro.com\/fr\/","logo":{"@type":"ImageObject","inLanguage":"fr-FR","@id":"https:\/\/www.misceladoro.com\/fr\/#\/schema\/logo\/image\/","url":"https:\/\/www.misceladoro.com\/wp-content\/uploads\/2022\/10\/LogoMiscelaOro-logo.png","contentUrl":"https:\/\/www.misceladoro.com\/wp-content\/uploads\/2022\/10\/LogoMiscelaOro-logo.png","width":200,"height":120,"caption":"Miscela d'Oro"},"image":{"@id":"https:\/\/www.misceladoro.com\/fr\/#\/schema\/logo\/image\/"},"sameAs":["https:\/\/www.facebook.com\/MDOSicilia1946","https:\/\/x.com\/miscela_doro","https:\/\/www.instagram.com\/misceladoro\/"]}]}},"_links":{"self":[{"href":"https:\/\/www.misceladoro.com\/fr\/wp-json\/wp\/v2\/product\/14427","targetHints":{"allow":["GET"]}}],"collection":[{"href":"https:\/\/www.misceladoro.com\/fr\/wp-json\/wp\/v2\/product"}],"about":[{"href":"https:\/\/www.misceladoro.com\/fr\/wp-json\/wp\/v2\/types\/product"}],"wp:featuredmedia":[{"embeddable":true,"href":"https:\/\/www.misceladoro.com\/fr\/wp-json\/wp\/v2\/media\/11732"}],"wp:attachment":[{"href":"https:\/\/www.misceladoro.com\/fr\/wp-json\/wp\/v2\/media?parent=14427"}],"wp:term":[{"taxonomy":"product_brand","embeddable":true,"href":"https:\/\/www.misceladoro.com\/fr\/wp-json\/wp\/v2\/product_brand?post=14427"},{"taxonomy":"product_cat","embeddable":true,"href":"https:\/\/www.misceladoro.com\/fr\/wp-json\/wp\/v2\/product_cat?post=14427"},{"taxonomy":"product_tag","embeddable":true,"href":"https:\/\/www.misceladoro.com\/fr\/wp-json\/wp\/v2\/product_tag?post=14427"}],"curies":[{"name":"wp","href":"https:\/\/api.w.org\/{rel}","templated":true}]}}