{"id":14411,"date":"2023-03-08T15:07:16","date_gmt":"2023-03-08T14:07:16","guid":{"rendered":"https:\/\/www.misceladoro.com\/prodotto\/cafe-moulu-gusto-espresso\/"},"modified":"2025-12-01T23:12:25","modified_gmt":"2025-12-01T22:12:25","slug":"cafe-moulu-gusto-espresso","status":"publish","type":"product","link":"https:\/\/www.misceladoro.com\/fr\/produit\/cafe-moulu-gusto-espresso\/","title":{"rendered":"Gusto Espresso \u2013 Caf\u00e9 Moulu"},"content":{"rendered":"","protected":false},"excerpt":{"rendered":"<p class=\"p1\">Un superbe m\u00e9lange de caf\u00e9 moulu \u00e0 l&rsquo;ar\u00f4me intense et \u00e0 la cr\u00e8me \u00e9paisse. Mouture adapt\u00e9e aux machines \u00e0 expresso domestiques.<\/p>\n","protected":false},"featured_media":11401,"template":"","meta":{"_acf_changed":false,"inline_featured_image":false},"product_brand":[],"product_cat":[736],"product_tag":[649,650,651,652,653,654,655,656,657,658],"class_list":{"0":"post-14411","1":"product","2":"type-product","3":"status-publish","4":"has-post-thumbnail","6":"product_cat-cafe-moulu","7":"product_tag-best-ground-coffee-fr","8":"product_tag-caffe-in-polvere-fr","9":"product_tag-caffe-macinato-fr","10":"product_tag-caffe-macinato-migliore-fr","11":"product_tag-caffe-macinato-per-espresso-fr","12":"product_tag-caffe-per-espresso-fr","13":"product_tag-coffee-for-espresso-fr","14":"product_tag-coffee-powder-fr","15":"product_tag-ground-coffee-fr","16":"product_tag-ground-espresso-coffee-fr","18":"first","19":"instock","20":"taxable","21":"shipping-taxable","22":"purchasable","23":"product-type-variable"},"acf":[],"yoast_head":"<!-- This site is optimized with the Yoast SEO Premium plugin v26.7 (Yoast SEO v26.7) - https:\/\/yoast.com\/wordpress\/plugins\/seo\/ -->\n<title>Gusto Espresso - Caf\u00e9 moulu cr\u00e9meux et intense | Miscela d&#039;Oro<\/title>\n<meta name=\"description\" content=\"Gusto Espresso moulu\u00a0: ar\u00f4me intense, cr\u00e8me riche. Pour machines moka ou espresso. Espresso italien authentique.\" \/>\n<meta name=\"robots\" content=\"index, follow, max-snippet:-1, max-image-preview:large, max-video-preview:-1\" \/>\n<link rel=\"canonical\" href=\"https:\/\/www.misceladoro.com\/fr\/produit\/cafe-moulu-gusto-espresso\/\" \/>\n<meta property=\"og:locale\" content=\"fr_FR\" \/>\n<meta property=\"og:type\" content=\"article\" \/>\n<meta property=\"og:title\" content=\"Gusto Espresso \u2013 Caf\u00e9 Moulu\" \/>\n<meta property=\"og:description\" content=\"Gusta il Gusto Espresso di Miscela d&#039;Oro. Caff\u00e8 macinato dal profumo intenso e crema spessa, perfetto per macchine espresso domestiche. Acquista ora online!\u00a0\" \/>\n<meta property=\"og:url\" content=\"https:\/\/www.misceladoro.com\/fr\/produit\/cafe-moulu-gusto-espresso\/\" \/>\n<meta property=\"og:site_name\" content=\"Miscela d&#039;Oro\" \/>\n<meta property=\"article:publisher\" content=\"https:\/\/www.facebook.com\/MDOSicilia1946\" \/>\n<meta property=\"article:modified_time\" content=\"2025-12-01T22:12:25+00:00\" \/>\n<meta property=\"og:image\" content=\"https:\/\/www.misceladoro.com\/wp-content\/uploads\/2023\/03\/gusto-espresso.jpg\" \/>\n\t<meta property=\"og:image:width\" content=\"500\" \/>\n\t<meta property=\"og:image:height\" content=\"500\" \/>\n\t<meta property=\"og:image:type\" content=\"image\/jpeg\" \/>\n<meta name=\"twitter:card\" content=\"summary_large_image\" \/>\n<meta name=\"twitter:description\" content=\"Gusta il Gusto Espresso di Miscela d&#039;Oro. Caff\u00e8 macinato dal profumo intenso e crema spessa, perfetto per macchine espresso domestiche. Acquista ora online!\u00a0\" \/>\n<meta name=\"twitter:site\" content=\"@miscela_doro\" \/>\n<meta name=\"twitter:label1\" content=\"Dur\u00e9e de lecture estim\u00e9e\" \/>\n\t<meta name=\"twitter:data1\" content=\"1 minute\" \/>\n<script type=\"application\/ld+json\" class=\"yoast-schema-graph\">{\"@context\":\"https:\/\/schema.org\",\"@graph\":[{\"@type\":\"WebPage\",\"@id\":\"https:\/\/www.misceladoro.com\/fr\/produit\/cafe-moulu-gusto-espresso\/\",\"url\":\"https:\/\/www.misceladoro.com\/fr\/produit\/cafe-moulu-gusto-espresso\/\",\"name\":\"Gusto Espresso - Caf\u00e9 moulu cr\u00e9meux et intense | Miscela d&#039;Oro\",\"isPartOf\":{\"@id\":\"https:\/\/www.misceladoro.com\/fr\/#website\"},\"primaryImageOfPage\":{\"@id\":\"https:\/\/www.misceladoro.com\/fr\/produit\/cafe-moulu-gusto-espresso\/#primaryimage\"},\"image\":{\"@id\":\"https:\/\/www.misceladoro.com\/fr\/produit\/cafe-moulu-gusto-espresso\/#primaryimage\"},\"thumbnailUrl\":\"https:\/\/www.misceladoro.com\/wp-content\/uploads\/2023\/03\/gusto-espresso.jpg\",\"datePublished\":\"2023-03-08T14:07:16+00:00\",\"dateModified\":\"2025-12-01T22:12:25+00:00\",\"description\":\"Gusto Espresso moulu\u00a0: ar\u00f4me intense, cr\u00e8me riche. Pour machines moka ou espresso. Espresso italien authentique.\",\"breadcrumb\":{\"@id\":\"https:\/\/www.misceladoro.com\/fr\/produit\/cafe-moulu-gusto-espresso\/#breadcrumb\"},\"inLanguage\":\"fr-FR\",\"potentialAction\":[{\"@type\":\"ReadAction\",\"target\":[\"https:\/\/www.misceladoro.com\/fr\/produit\/cafe-moulu-gusto-espresso\/\"]}]},{\"@type\":\"ImageObject\",\"inLanguage\":\"fr-FR\",\"@id\":\"https:\/\/www.misceladoro.com\/fr\/produit\/cafe-moulu-gusto-espresso\/#primaryimage\",\"url\":\"https:\/\/www.misceladoro.com\/wp-content\/uploads\/2023\/03\/gusto-espresso.jpg\",\"contentUrl\":\"https:\/\/www.misceladoro.com\/wp-content\/uploads\/2023\/03\/gusto-espresso.jpg\",\"width\":500,\"height\":500},{\"@type\":\"BreadcrumbList\",\"@id\":\"https:\/\/www.misceladoro.com\/fr\/produit\/cafe-moulu-gusto-espresso\/#breadcrumb\",\"itemListElement\":[{\"@type\":\"ListItem\",\"position\":1,\"name\":\"Home\",\"item\":\"https:\/\/www.misceladoro.com\/fr\/\"},{\"@type\":\"ListItem\",\"position\":2,\"name\":\"Shop\",\"item\":\"https:\/\/www.misceladoro.com\/fr\/shop\/\"},{\"@type\":\"ListItem\",\"position\":3,\"name\":\"Caf\u00e9 moulu\u200b\",\"item\":\"https:\/\/www.misceladoro.com\/fr\/cafe-moulu\/\"},{\"@type\":\"ListItem\",\"position\":4,\"name\":\"Gusto Espresso \u2013 Caf\u00e9 Moulu\"}]},{\"@type\":\"WebSite\",\"@id\":\"https:\/\/www.misceladoro.com\/fr\/#website\",\"url\":\"https:\/\/www.misceladoro.com\/fr\/\",\"name\":\"Miscela d'Oro\",\"description\":\"Artigiani del caff\u00e8 dal 1946\",\"publisher\":{\"@id\":\"https:\/\/www.misceladoro.com\/fr\/#organization\"},\"potentialAction\":[{\"@type\":\"SearchAction\",\"target\":{\"@type\":\"EntryPoint\",\"urlTemplate\":\"https:\/\/www.misceladoro.com\/fr\/?s={search_term_string}\"},\"query-input\":{\"@type\":\"PropertyValueSpecification\",\"valueRequired\":true,\"valueName\":\"search_term_string\"}}],\"inLanguage\":\"fr-FR\"},{\"@type\":\"Organization\",\"@id\":\"https:\/\/www.misceladoro.com\/fr\/#organization\",\"name\":\"Miscela d'Oro\",\"url\":\"https:\/\/www.misceladoro.com\/fr\/\",\"logo\":{\"@type\":\"ImageObject\",\"inLanguage\":\"fr-FR\",\"@id\":\"https:\/\/www.misceladoro.com\/fr\/#\/schema\/logo\/image\/\",\"url\":\"https:\/\/www.misceladoro.com\/wp-content\/uploads\/2022\/10\/LogoMiscelaOro-logo.png\",\"contentUrl\":\"https:\/\/www.misceladoro.com\/wp-content\/uploads\/2022\/10\/LogoMiscelaOro-logo.png\",\"width\":200,\"height\":120,\"caption\":\"Miscela d'Oro\"},\"image\":{\"@id\":\"https:\/\/www.misceladoro.com\/fr\/#\/schema\/logo\/image\/\"},\"sameAs\":[\"https:\/\/www.facebook.com\/MDOSicilia1946\",\"https:\/\/x.com\/miscela_doro\",\"https:\/\/www.instagram.com\/misceladoro\/\"]}]}<\/script>\n<!-- \/ Yoast SEO Premium plugin. -->","yoast_head_json":{"title":"Gusto Espresso - Caf\u00e9 moulu cr\u00e9meux et intense | Miscela d&#039;Oro","description":"Gusto Espresso moulu\u00a0: ar\u00f4me intense, cr\u00e8me riche. Pour machines moka ou espresso. Espresso italien authentique.","robots":{"index":"index","follow":"follow","max-snippet":"max-snippet:-1","max-image-preview":"max-image-preview:large","max-video-preview":"max-video-preview:-1"},"canonical":"https:\/\/www.misceladoro.com\/fr\/produit\/cafe-moulu-gusto-espresso\/","og_locale":"fr_FR","og_type":"article","og_title":"Gusto Espresso \u2013 Caf\u00e9 Moulu","og_description":"Gusta il Gusto Espresso di Miscela d'Oro. Caff\u00e8 macinato dal profumo intenso e crema spessa, perfetto per macchine espresso domestiche. Acquista ora online!\u00a0","og_url":"https:\/\/www.misceladoro.com\/fr\/produit\/cafe-moulu-gusto-espresso\/","og_site_name":"Miscela d&#039;Oro","article_publisher":"https:\/\/www.facebook.com\/MDOSicilia1946","article_modified_time":"2025-12-01T22:12:25+00:00","og_image":[{"width":500,"height":500,"url":"https:\/\/www.misceladoro.com\/wp-content\/uploads\/2023\/03\/gusto-espresso.jpg","type":"image\/jpeg"}],"twitter_card":"summary_large_image","twitter_description":"Gusta il Gusto Espresso di Miscela d'Oro. Caff\u00e8 macinato dal profumo intenso e crema spessa, perfetto per macchine espresso domestiche. Acquista ora online!\u00a0","twitter_site":"@miscela_doro","twitter_misc":{"Dur\u00e9e de lecture estim\u00e9e":"1 minute"},"schema":{"@context":"https:\/\/schema.org","@graph":[{"@type":"WebPage","@id":"https:\/\/www.misceladoro.com\/fr\/produit\/cafe-moulu-gusto-espresso\/","url":"https:\/\/www.misceladoro.com\/fr\/produit\/cafe-moulu-gusto-espresso\/","name":"Gusto Espresso - Caf\u00e9 moulu cr\u00e9meux et intense | Miscela d&#039;Oro","isPartOf":{"@id":"https:\/\/www.misceladoro.com\/fr\/#website"},"primaryImageOfPage":{"@id":"https:\/\/www.misceladoro.com\/fr\/produit\/cafe-moulu-gusto-espresso\/#primaryimage"},"image":{"@id":"https:\/\/www.misceladoro.com\/fr\/produit\/cafe-moulu-gusto-espresso\/#primaryimage"},"thumbnailUrl":"https:\/\/www.misceladoro.com\/wp-content\/uploads\/2023\/03\/gusto-espresso.jpg","datePublished":"2023-03-08T14:07:16+00:00","dateModified":"2025-12-01T22:12:25+00:00","description":"Gusto Espresso moulu\u00a0: ar\u00f4me intense, cr\u00e8me riche. Pour machines moka ou espresso. Espresso italien authentique.","breadcrumb":{"@id":"https:\/\/www.misceladoro.com\/fr\/produit\/cafe-moulu-gusto-espresso\/#breadcrumb"},"inLanguage":"fr-FR","potentialAction":[{"@type":"ReadAction","target":["https:\/\/www.misceladoro.com\/fr\/produit\/cafe-moulu-gusto-espresso\/"]}]},{"@type":"ImageObject","inLanguage":"fr-FR","@id":"https:\/\/www.misceladoro.com\/fr\/produit\/cafe-moulu-gusto-espresso\/#primaryimage","url":"https:\/\/www.misceladoro.com\/wp-content\/uploads\/2023\/03\/gusto-espresso.jpg","contentUrl":"https:\/\/www.misceladoro.com\/wp-content\/uploads\/2023\/03\/gusto-espresso.jpg","width":500,"height":500},{"@type":"BreadcrumbList","@id":"https:\/\/www.misceladoro.com\/fr\/produit\/cafe-moulu-gusto-espresso\/#breadcrumb","itemListElement":[{"@type":"ListItem","position":1,"name":"Home","item":"https:\/\/www.misceladoro.com\/fr\/"},{"@type":"ListItem","position":2,"name":"Shop","item":"https:\/\/www.misceladoro.com\/fr\/shop\/"},{"@type":"ListItem","position":3,"name":"Caf\u00e9 moulu\u200b","item":"https:\/\/www.misceladoro.com\/fr\/cafe-moulu\/"},{"@type":"ListItem","position":4,"name":"Gusto Espresso \u2013 Caf\u00e9 Moulu"}]},{"@type":"WebSite","@id":"https:\/\/www.misceladoro.com\/fr\/#website","url":"https:\/\/www.misceladoro.com\/fr\/","name":"Miscela d'Oro","description":"Artigiani del caff\u00e8 dal 1946","publisher":{"@id":"https:\/\/www.misceladoro.com\/fr\/#organization"},"potentialAction":[{"@type":"SearchAction","target":{"@type":"EntryPoint","urlTemplate":"https:\/\/www.misceladoro.com\/fr\/?s={search_term_string}"},"query-input":{"@type":"PropertyValueSpecification","valueRequired":true,"valueName":"search_term_string"}}],"inLanguage":"fr-FR"},{"@type":"Organization","@id":"https:\/\/www.misceladoro.com\/fr\/#organization","name":"Miscela d'Oro","url":"https:\/\/www.misceladoro.com\/fr\/","logo":{"@type":"ImageObject","inLanguage":"fr-FR","@id":"https:\/\/www.misceladoro.com\/fr\/#\/schema\/logo\/image\/","url":"https:\/\/www.misceladoro.com\/wp-content\/uploads\/2022\/10\/LogoMiscelaOro-logo.png","contentUrl":"https:\/\/www.misceladoro.com\/wp-content\/uploads\/2022\/10\/LogoMiscelaOro-logo.png","width":200,"height":120,"caption":"Miscela d'Oro"},"image":{"@id":"https:\/\/www.misceladoro.com\/fr\/#\/schema\/logo\/image\/"},"sameAs":["https:\/\/www.facebook.com\/MDOSicilia1946","https:\/\/x.com\/miscela_doro","https:\/\/www.instagram.com\/misceladoro\/"]}]}},"_links":{"self":[{"href":"https:\/\/www.misceladoro.com\/fr\/wp-json\/wp\/v2\/product\/14411","targetHints":{"allow":["GET"]}}],"collection":[{"href":"https:\/\/www.misceladoro.com\/fr\/wp-json\/wp\/v2\/product"}],"about":[{"href":"https:\/\/www.misceladoro.com\/fr\/wp-json\/wp\/v2\/types\/product"}],"wp:featuredmedia":[{"embeddable":true,"href":"https:\/\/www.misceladoro.com\/fr\/wp-json\/wp\/v2\/media\/11401"}],"wp:attachment":[{"href":"https:\/\/www.misceladoro.com\/fr\/wp-json\/wp\/v2\/media?parent=14411"}],"wp:term":[{"taxonomy":"product_brand","embeddable":true,"href":"https:\/\/www.misceladoro.com\/fr\/wp-json\/wp\/v2\/product_brand?post=14411"},{"taxonomy":"product_cat","embeddable":true,"href":"https:\/\/www.misceladoro.com\/fr\/wp-json\/wp\/v2\/product_cat?post=14411"},{"taxonomy":"product_tag","embeddable":true,"href":"https:\/\/www.misceladoro.com\/fr\/wp-json\/wp\/v2\/product_tag?post=14411"}],"curies":[{"name":"wp","href":"https:\/\/api.w.org\/{rel}","templated":true}]}}