{"id":14408,"date":"2023-03-08T14:56:06","date_gmt":"2023-03-08T13:56:06","guid":{"rendered":"https:\/\/www.misceladoro.com\/prodotto\/cafe-moulu-gusto-classico\/"},"modified":"2025-07-10T13:11:02","modified_gmt":"2025-07-10T11:11:02","slug":"cafe-moulu-gusto-classico","status":"publish","type":"product","link":"https:\/\/www.misceladoro.com\/fr\/produit\/cafe-moulu-gusto-classico\/","title":{"rendered":"Gusto Classico \u2013 Caf\u00e9 Moulu"},"content":{"rendered":"","protected":false},"excerpt":{"rendered":"<p class=\"p1\">M\u00e9lange traditionnel de caf\u00e9 moulu \u00e0 l&rsquo;ar\u00f4me puissant et persistant. Mouture adapt\u00e9e aux cafeti\u00e8res moka et filtre.<\/p>\n","protected":false},"featured_media":11684,"template":"","meta":{"_acf_changed":false,"inline_featured_image":false},"product_brand":[],"product_cat":[736],"product_tag":[1038,649,650,651,652,653,983,984,656,657,658],"class_list":{"0":"post-14408","1":"product","2":"type-product","3":"status-publish","4":"has-post-thumbnail","6":"product_cat-cafe-moulu","7":"product_tag-aprile-fr","8":"product_tag-best-ground-coffee-fr","9":"product_tag-caffe-in-polvere-fr","10":"product_tag-caffe-macinato-fr","11":"product_tag-caffe-macinato-migliore-fr","12":"product_tag-caffe-macinato-per-espresso-fr","13":"product_tag-caffe-per-moka-fr","14":"product_tag-coffee-for-moka-fr","15":"product_tag-coffee-powder-fr","16":"product_tag-ground-coffee-fr","17":"product_tag-ground-espresso-coffee-fr","19":"first","20":"instock","21":"taxable","22":"shipping-taxable","23":"purchasable","24":"product-type-variable"},"acf":[],"yoast_head":"<!-- This site is optimized with the Yoast SEO Premium plugin v26.7 (Yoast SEO v26.7) - https:\/\/yoast.com\/wordpress\/plugins\/seo\/ -->\n<title>Gusto Classico - Caf\u00e9 moulu au go\u00fbt prononc\u00e9 | Miscela d&#039;Oro<\/title>\n<meta name=\"description\" content=\"Gusto Classico moulu\u00a0: espresso fort, riche et \u00e9quilibr\u00e9. Id\u00e9al pour moka et filtre. Un hommage au caf\u00e9 italien classique.\" \/>\n<meta name=\"robots\" content=\"index, follow, max-snippet:-1, max-image-preview:large, max-video-preview:-1\" \/>\n<link rel=\"canonical\" href=\"https:\/\/www.misceladoro.com\/fr\/produit\/cafe-moulu-gusto-classico\/\" \/>\n<meta property=\"og:locale\" content=\"fr_FR\" \/>\n<meta property=\"og:type\" content=\"article\" \/>\n<meta property=\"og:title\" content=\"Gusto Classico \u2013 Caf\u00e9 Moulu\" \/>\n<meta property=\"og:description\" content=\"Scopri il Gusto Classico di Miscela d&#039;Oro. Caff\u00e8 macinato dall\u2019aroma forte e persistente, perfetto per moka e macchina filtro. Acquista ora online!\" \/>\n<meta property=\"og:url\" content=\"https:\/\/www.misceladoro.com\/fr\/produit\/cafe-moulu-gusto-classico\/\" \/>\n<meta property=\"og:site_name\" content=\"Miscela d&#039;Oro\" \/>\n<meta property=\"article:publisher\" content=\"https:\/\/www.facebook.com\/MDOSicilia1946\" \/>\n<meta property=\"article:modified_time\" content=\"2025-07-10T11:11:02+00:00\" \/>\n<meta property=\"og:image\" content=\"https:\/\/www.misceladoro.com\/wp-content\/uploads\/2025\/04\/gusto-classico-macinato-1.png\" \/>\n\t<meta property=\"og:image:width\" content=\"855\" \/>\n\t<meta property=\"og:image:height\" content=\"855\" \/>\n\t<meta property=\"og:image:type\" content=\"image\/png\" \/>\n<meta name=\"twitter:card\" content=\"summary_large_image\" \/>\n<meta name=\"twitter:description\" content=\"Scopri il Gusto Classico di Miscela d&#039;Oro. Caff\u00e8 macinato dall\u2019aroma forte e persistente, perfetto per moka e macchina filtro. Acquista ora online!\" \/>\n<meta name=\"twitter:site\" content=\"@miscela_doro\" \/>\n<meta name=\"twitter:label1\" content=\"Dur\u00e9e de lecture estim\u00e9e\" \/>\n\t<meta name=\"twitter:data1\" content=\"1 minute\" \/>\n<script type=\"application\/ld+json\" class=\"yoast-schema-graph\">{\"@context\":\"https:\/\/schema.org\",\"@graph\":[{\"@type\":\"WebPage\",\"@id\":\"https:\/\/www.misceladoro.com\/fr\/produit\/cafe-moulu-gusto-classico\/\",\"url\":\"https:\/\/www.misceladoro.com\/fr\/produit\/cafe-moulu-gusto-classico\/\",\"name\":\"Gusto Classico - Caf\u00e9 moulu au go\u00fbt prononc\u00e9 | Miscela d&#039;Oro\",\"isPartOf\":{\"@id\":\"https:\/\/www.misceladoro.com\/fr\/#website\"},\"primaryImageOfPage\":{\"@id\":\"https:\/\/www.misceladoro.com\/fr\/produit\/cafe-moulu-gusto-classico\/#primaryimage\"},\"image\":{\"@id\":\"https:\/\/www.misceladoro.com\/fr\/produit\/cafe-moulu-gusto-classico\/#primaryimage\"},\"thumbnailUrl\":\"https:\/\/www.misceladoro.com\/wp-content\/uploads\/2025\/04\/gusto-classico-macinato-1.png\",\"datePublished\":\"2023-03-08T13:56:06+00:00\",\"dateModified\":\"2025-07-10T11:11:02+00:00\",\"description\":\"Gusto Classico moulu\u00a0: espresso fort, riche et \u00e9quilibr\u00e9. Id\u00e9al pour moka et filtre. Un hommage au caf\u00e9 italien classique.\",\"breadcrumb\":{\"@id\":\"https:\/\/www.misceladoro.com\/fr\/produit\/cafe-moulu-gusto-classico\/#breadcrumb\"},\"inLanguage\":\"fr-FR\",\"potentialAction\":[{\"@type\":\"ReadAction\",\"target\":[\"https:\/\/www.misceladoro.com\/fr\/produit\/cafe-moulu-gusto-classico\/\"]}]},{\"@type\":\"ImageObject\",\"inLanguage\":\"fr-FR\",\"@id\":\"https:\/\/www.misceladoro.com\/fr\/produit\/cafe-moulu-gusto-classico\/#primaryimage\",\"url\":\"https:\/\/www.misceladoro.com\/wp-content\/uploads\/2025\/04\/gusto-classico-macinato-1.png\",\"contentUrl\":\"https:\/\/www.misceladoro.com\/wp-content\/uploads\/2025\/04\/gusto-classico-macinato-1.png\",\"width\":855,\"height\":855,\"caption\":\"|\"},{\"@type\":\"BreadcrumbList\",\"@id\":\"https:\/\/www.misceladoro.com\/fr\/produit\/cafe-moulu-gusto-classico\/#breadcrumb\",\"itemListElement\":[{\"@type\":\"ListItem\",\"position\":1,\"name\":\"Home\",\"item\":\"https:\/\/www.misceladoro.com\/fr\/\"},{\"@type\":\"ListItem\",\"position\":2,\"name\":\"Shop\",\"item\":\"https:\/\/www.misceladoro.com\/fr\/shop\/\"},{\"@type\":\"ListItem\",\"position\":3,\"name\":\"Caf\u00e9 moulu\u200b\",\"item\":\"https:\/\/www.misceladoro.com\/fr\/cafe-moulu\/\"},{\"@type\":\"ListItem\",\"position\":4,\"name\":\"Gusto Classico \u2013 Caf\u00e9 Moulu\"}]},{\"@type\":\"WebSite\",\"@id\":\"https:\/\/www.misceladoro.com\/fr\/#website\",\"url\":\"https:\/\/www.misceladoro.com\/fr\/\",\"name\":\"Miscela d'Oro\",\"description\":\"Artigiani del caff\u00e8 dal 1946\",\"publisher\":{\"@id\":\"https:\/\/www.misceladoro.com\/fr\/#organization\"},\"potentialAction\":[{\"@type\":\"SearchAction\",\"target\":{\"@type\":\"EntryPoint\",\"urlTemplate\":\"https:\/\/www.misceladoro.com\/fr\/?s={search_term_string}\"},\"query-input\":{\"@type\":\"PropertyValueSpecification\",\"valueRequired\":true,\"valueName\":\"search_term_string\"}}],\"inLanguage\":\"fr-FR\"},{\"@type\":\"Organization\",\"@id\":\"https:\/\/www.misceladoro.com\/fr\/#organization\",\"name\":\"Miscela d'Oro\",\"url\":\"https:\/\/www.misceladoro.com\/fr\/\",\"logo\":{\"@type\":\"ImageObject\",\"inLanguage\":\"fr-FR\",\"@id\":\"https:\/\/www.misceladoro.com\/fr\/#\/schema\/logo\/image\/\",\"url\":\"https:\/\/www.misceladoro.com\/wp-content\/uploads\/2022\/10\/LogoMiscelaOro-logo.png\",\"contentUrl\":\"https:\/\/www.misceladoro.com\/wp-content\/uploads\/2022\/10\/LogoMiscelaOro-logo.png\",\"width\":200,\"height\":120,\"caption\":\"Miscela d'Oro\"},\"image\":{\"@id\":\"https:\/\/www.misceladoro.com\/fr\/#\/schema\/logo\/image\/\"},\"sameAs\":[\"https:\/\/www.facebook.com\/MDOSicilia1946\",\"https:\/\/x.com\/miscela_doro\",\"https:\/\/www.instagram.com\/misceladoro\/\"]}]}<\/script>\n<!-- \/ Yoast SEO Premium plugin. -->","yoast_head_json":{"title":"Gusto Classico - Caf\u00e9 moulu au go\u00fbt prononc\u00e9 | Miscela d&#039;Oro","description":"Gusto Classico moulu\u00a0: espresso fort, riche et \u00e9quilibr\u00e9. Id\u00e9al pour moka et filtre. Un hommage au caf\u00e9 italien classique.","robots":{"index":"index","follow":"follow","max-snippet":"max-snippet:-1","max-image-preview":"max-image-preview:large","max-video-preview":"max-video-preview:-1"},"canonical":"https:\/\/www.misceladoro.com\/fr\/produit\/cafe-moulu-gusto-classico\/","og_locale":"fr_FR","og_type":"article","og_title":"Gusto Classico \u2013 Caf\u00e9 Moulu","og_description":"Scopri il Gusto Classico di Miscela d'Oro. Caff\u00e8 macinato dall\u2019aroma forte e persistente, perfetto per moka e macchina filtro. Acquista ora online!","og_url":"https:\/\/www.misceladoro.com\/fr\/produit\/cafe-moulu-gusto-classico\/","og_site_name":"Miscela d&#039;Oro","article_publisher":"https:\/\/www.facebook.com\/MDOSicilia1946","article_modified_time":"2025-07-10T11:11:02+00:00","og_image":[{"width":855,"height":855,"url":"https:\/\/www.misceladoro.com\/wp-content\/uploads\/2025\/04\/gusto-classico-macinato-1.png","type":"image\/png"}],"twitter_card":"summary_large_image","twitter_description":"Scopri il Gusto Classico di Miscela d'Oro. Caff\u00e8 macinato dall\u2019aroma forte e persistente, perfetto per moka e macchina filtro. Acquista ora online!","twitter_site":"@miscela_doro","twitter_misc":{"Dur\u00e9e de lecture estim\u00e9e":"1 minute"},"schema":{"@context":"https:\/\/schema.org","@graph":[{"@type":"WebPage","@id":"https:\/\/www.misceladoro.com\/fr\/produit\/cafe-moulu-gusto-classico\/","url":"https:\/\/www.misceladoro.com\/fr\/produit\/cafe-moulu-gusto-classico\/","name":"Gusto Classico - Caf\u00e9 moulu au go\u00fbt prononc\u00e9 | Miscela d&#039;Oro","isPartOf":{"@id":"https:\/\/www.misceladoro.com\/fr\/#website"},"primaryImageOfPage":{"@id":"https:\/\/www.misceladoro.com\/fr\/produit\/cafe-moulu-gusto-classico\/#primaryimage"},"image":{"@id":"https:\/\/www.misceladoro.com\/fr\/produit\/cafe-moulu-gusto-classico\/#primaryimage"},"thumbnailUrl":"https:\/\/www.misceladoro.com\/wp-content\/uploads\/2025\/04\/gusto-classico-macinato-1.png","datePublished":"2023-03-08T13:56:06+00:00","dateModified":"2025-07-10T11:11:02+00:00","description":"Gusto Classico moulu\u00a0: espresso fort, riche et \u00e9quilibr\u00e9. Id\u00e9al pour moka et filtre. Un hommage au caf\u00e9 italien classique.","breadcrumb":{"@id":"https:\/\/www.misceladoro.com\/fr\/produit\/cafe-moulu-gusto-classico\/#breadcrumb"},"inLanguage":"fr-FR","potentialAction":[{"@type":"ReadAction","target":["https:\/\/www.misceladoro.com\/fr\/produit\/cafe-moulu-gusto-classico\/"]}]},{"@type":"ImageObject","inLanguage":"fr-FR","@id":"https:\/\/www.misceladoro.com\/fr\/produit\/cafe-moulu-gusto-classico\/#primaryimage","url":"https:\/\/www.misceladoro.com\/wp-content\/uploads\/2025\/04\/gusto-classico-macinato-1.png","contentUrl":"https:\/\/www.misceladoro.com\/wp-content\/uploads\/2025\/04\/gusto-classico-macinato-1.png","width":855,"height":855,"caption":"|"},{"@type":"BreadcrumbList","@id":"https:\/\/www.misceladoro.com\/fr\/produit\/cafe-moulu-gusto-classico\/#breadcrumb","itemListElement":[{"@type":"ListItem","position":1,"name":"Home","item":"https:\/\/www.misceladoro.com\/fr\/"},{"@type":"ListItem","position":2,"name":"Shop","item":"https:\/\/www.misceladoro.com\/fr\/shop\/"},{"@type":"ListItem","position":3,"name":"Caf\u00e9 moulu\u200b","item":"https:\/\/www.misceladoro.com\/fr\/cafe-moulu\/"},{"@type":"ListItem","position":4,"name":"Gusto Classico \u2013 Caf\u00e9 Moulu"}]},{"@type":"WebSite","@id":"https:\/\/www.misceladoro.com\/fr\/#website","url":"https:\/\/www.misceladoro.com\/fr\/","name":"Miscela d'Oro","description":"Artigiani del caff\u00e8 dal 1946","publisher":{"@id":"https:\/\/www.misceladoro.com\/fr\/#organization"},"potentialAction":[{"@type":"SearchAction","target":{"@type":"EntryPoint","urlTemplate":"https:\/\/www.misceladoro.com\/fr\/?s={search_term_string}"},"query-input":{"@type":"PropertyValueSpecification","valueRequired":true,"valueName":"search_term_string"}}],"inLanguage":"fr-FR"},{"@type":"Organization","@id":"https:\/\/www.misceladoro.com\/fr\/#organization","name":"Miscela d'Oro","url":"https:\/\/www.misceladoro.com\/fr\/","logo":{"@type":"ImageObject","inLanguage":"fr-FR","@id":"https:\/\/www.misceladoro.com\/fr\/#\/schema\/logo\/image\/","url":"https:\/\/www.misceladoro.com\/wp-content\/uploads\/2022\/10\/LogoMiscelaOro-logo.png","contentUrl":"https:\/\/www.misceladoro.com\/wp-content\/uploads\/2022\/10\/LogoMiscelaOro-logo.png","width":200,"height":120,"caption":"Miscela d'Oro"},"image":{"@id":"https:\/\/www.misceladoro.com\/fr\/#\/schema\/logo\/image\/"},"sameAs":["https:\/\/www.facebook.com\/MDOSicilia1946","https:\/\/x.com\/miscela_doro","https:\/\/www.instagram.com\/misceladoro\/"]}]}},"_links":{"self":[{"href":"https:\/\/www.misceladoro.com\/fr\/wp-json\/wp\/v2\/product\/14408","targetHints":{"allow":["GET"]}}],"collection":[{"href":"https:\/\/www.misceladoro.com\/fr\/wp-json\/wp\/v2\/product"}],"about":[{"href":"https:\/\/www.misceladoro.com\/fr\/wp-json\/wp\/v2\/types\/product"}],"wp:featuredmedia":[{"embeddable":true,"href":"https:\/\/www.misceladoro.com\/fr\/wp-json\/wp\/v2\/media\/11684"}],"wp:attachment":[{"href":"https:\/\/www.misceladoro.com\/fr\/wp-json\/wp\/v2\/media?parent=14408"}],"wp:term":[{"taxonomy":"product_brand","embeddable":true,"href":"https:\/\/www.misceladoro.com\/fr\/wp-json\/wp\/v2\/product_brand?post=14408"},{"taxonomy":"product_cat","embeddable":true,"href":"https:\/\/www.misceladoro.com\/fr\/wp-json\/wp\/v2\/product_cat?post=14408"},{"taxonomy":"product_tag","embeddable":true,"href":"https:\/\/www.misceladoro.com\/fr\/wp-json\/wp\/v2\/product_tag?post=14408"}],"curies":[{"name":"wp","href":"https:\/\/api.w.org\/{rel}","templated":true}]}}