{"id":14405,"date":"2022-10-12T18:29:06","date_gmt":"2022-10-12T16:29:06","guid":{"rendered":"https:\/\/www.misceladoro.com\/prodotto\/moulu-pour-filtre-americano-premium-decafeine\/"},"modified":"2025-06-30T09:27:06","modified_gmt":"2025-06-30T07:27:06","slug":"moulu-pour-filtre-americano-premium-decafeine","status":"publish","type":"product","link":"https:\/\/www.misceladoro.com\/fr\/produit\/moulu-pour-filtre-americano-premium-decafeine\/","title":{"rendered":"Americano Premium D\u00e9caf\u00e9in\u00e9 \u2013 Caf\u00e9 Moulu Pour Filtre"},"content":{"rendered":"","protected":false},"excerpt":{"rendered":"<p class=\"p1\">Un m\u00e9lange de caf\u00e9 d\u00e9caf\u00e9in\u00e9 100 % arabica de haute qualit\u00e9, pour un caf\u00e9 filtre \u00e0 d\u00e9guster \u00e0 tout moment de la journ\u00e9e. L\u00e9ger et aromatique, surprenant et doux en bouche, il offre un go\u00fbt onctueux aux notes de biscuit et de tabac. D\u00e9caf\u00e9in\u00e9 \u00e0 l&rsquo;eau pure, \u00e0 la vapeur et avec l&rsquo;ar\u00f4me naturel d\u00e9j\u00e0 pr\u00e9sent dans le caf\u00e9, sans aucun autre adjuvant technologique.<\/p>\n","protected":false},"featured_media":11675,"template":"","meta":{"_acf_changed":false,"inline_featured_image":false},"product_brand":[],"product_cat":[740,714,726],"product_tag":[992,985],"class_list":{"0":"post-14405","1":"product","2":"type-product","3":"status-publish","4":"has-post-thumbnail","6":"product_cat-cafe-decafeine","7":"product_cat-cafe-filtre","8":"product_cat-moulu-pour-filtre","9":"product_tag-caffe-in-grani-fr","10":"product_tag-decaf-coffee-fr","12":"first","13":"outofstock","14":"taxable","15":"shipping-taxable","16":"purchasable","17":"product-type-simple"},"acf":[],"yoast_head":"<!-- This site is optimized with the Yoast SEO Premium plugin v26.7 (Yoast SEO v26.7) - https:\/\/yoast.com\/wordpress\/plugins\/seo\/ -->\n<title>Americano Premium D\u00e9caf\u00e9in\u00e9: Caf\u00e9 Moulu Pour Filtre | Miscela d&#039;Oro<\/title>\n<meta name=\"description\" content=\"Americano Premium D\u00e9caf\u00a0: espresso doux, sans caf\u00e9ine, go\u00fbt \u00e9quilibr\u00e9. Id\u00e9al pour les pauses tardives sans compromis.\" \/>\n<meta name=\"robots\" content=\"index, follow, max-snippet:-1, max-image-preview:large, max-video-preview:-1\" \/>\n<link rel=\"canonical\" href=\"https:\/\/www.misceladoro.com\/fr\/produit\/moulu-pour-filtre-americano-premium-decafeine\/\" \/>\n<meta property=\"og:locale\" content=\"fr_FR\" \/>\n<meta property=\"og:type\" content=\"article\" \/>\n<meta property=\"og:title\" content=\"Americano Premium D\u00e9caf\u00e9in\u00e9 \u2013 Caf\u00e9 Moulu Pour Filtre\" \/>\n<meta property=\"og:description\" content=\"Gusta l\u2019Americano Premium Decaf di Miscela d&#039;Oro. Caff\u00e8 decaffeinato in grani 100% arabica per un caff\u00e8 filtro leggero e aromatico. Acquista ora online!\" \/>\n<meta property=\"og:url\" content=\"https:\/\/www.misceladoro.com\/fr\/produit\/moulu-pour-filtre-americano-premium-decafeine\/\" \/>\n<meta property=\"og:site_name\" content=\"Miscela d&#039;Oro\" \/>\n<meta property=\"article:publisher\" content=\"https:\/\/www.facebook.com\/MDOSicilia1946\" \/>\n<meta property=\"article:modified_time\" content=\"2025-06-30T07:27:06+00:00\" \/>\n<meta property=\"og:image\" content=\"https:\/\/www.misceladoro.com\/wp-content\/uploads\/2023\/01\/americano_premium_decaf_227.jpg\" \/>\n\t<meta property=\"og:image:width\" content=\"500\" \/>\n\t<meta property=\"og:image:height\" content=\"500\" \/>\n\t<meta property=\"og:image:type\" content=\"image\/jpeg\" \/>\n<meta name=\"twitter:card\" content=\"summary_large_image\" \/>\n<meta name=\"twitter:description\" content=\"Gusta l\u2019Americano Premium Decaf di Miscela d&#039;Oro. Caff\u00e8 decaffeinato in grani 100% arabica per un caff\u00e8 filtro leggero e aromatico. Acquista ora online!\" \/>\n<meta name=\"twitter:site\" content=\"@miscela_doro\" \/>\n<meta name=\"twitter:label1\" content=\"Dur\u00e9e de lecture estim\u00e9e\" \/>\n\t<meta name=\"twitter:data1\" content=\"1 minute\" \/>\n<script type=\"application\/ld+json\" class=\"yoast-schema-graph\">{\"@context\":\"https:\/\/schema.org\",\"@graph\":[{\"@type\":\"WebPage\",\"@id\":\"https:\/\/www.misceladoro.com\/fr\/produit\/moulu-pour-filtre-americano-premium-decafeine\/\",\"url\":\"https:\/\/www.misceladoro.com\/fr\/produit\/moulu-pour-filtre-americano-premium-decafeine\/\",\"name\":\"Americano Premium D\u00e9caf\u00e9in\u00e9: Caf\u00e9 Moulu Pour Filtre | Miscela d&#039;Oro\",\"isPartOf\":{\"@id\":\"https:\/\/www.misceladoro.com\/fr\/#website\"},\"primaryImageOfPage\":{\"@id\":\"https:\/\/www.misceladoro.com\/fr\/produit\/moulu-pour-filtre-americano-premium-decafeine\/#primaryimage\"},\"image\":{\"@id\":\"https:\/\/www.misceladoro.com\/fr\/produit\/moulu-pour-filtre-americano-premium-decafeine\/#primaryimage\"},\"thumbnailUrl\":\"https:\/\/www.misceladoro.com\/wp-content\/uploads\/2023\/01\/americano_premium_decaf_227.jpg\",\"datePublished\":\"2022-10-12T16:29:06+00:00\",\"dateModified\":\"2025-06-30T07:27:06+00:00\",\"description\":\"Americano Premium D\u00e9caf\u00a0: espresso doux, sans caf\u00e9ine, go\u00fbt \u00e9quilibr\u00e9. Id\u00e9al pour les pauses tardives sans compromis.\",\"breadcrumb\":{\"@id\":\"https:\/\/www.misceladoro.com\/fr\/produit\/moulu-pour-filtre-americano-premium-decafeine\/#breadcrumb\"},\"inLanguage\":\"fr-FR\",\"potentialAction\":[{\"@type\":\"ReadAction\",\"target\":[\"https:\/\/www.misceladoro.com\/fr\/produit\/moulu-pour-filtre-americano-premium-decafeine\/\"]}]},{\"@type\":\"ImageObject\",\"inLanguage\":\"fr-FR\",\"@id\":\"https:\/\/www.misceladoro.com\/fr\/produit\/moulu-pour-filtre-americano-premium-decafeine\/#primaryimage\",\"url\":\"https:\/\/www.misceladoro.com\/wp-content\/uploads\/2023\/01\/americano_premium_decaf_227.jpg\",\"contentUrl\":\"https:\/\/www.misceladoro.com\/wp-content\/uploads\/2023\/01\/americano_premium_decaf_227.jpg\",\"width\":500,\"height\":500},{\"@type\":\"BreadcrumbList\",\"@id\":\"https:\/\/www.misceladoro.com\/fr\/produit\/moulu-pour-filtre-americano-premium-decafeine\/#breadcrumb\",\"itemListElement\":[{\"@type\":\"ListItem\",\"position\":1,\"name\":\"Home\",\"item\":\"https:\/\/www.misceladoro.com\/fr\/\"},{\"@type\":\"ListItem\",\"position\":2,\"name\":\"Shop\",\"item\":\"https:\/\/www.misceladoro.com\/fr\/shop\/\"},{\"@type\":\"ListItem\",\"position\":3,\"name\":\"Caf\u00e9 filtre\",\"item\":\"https:\/\/www.misceladoro.com\/fr\/cafe-filtre\/\"},{\"@type\":\"ListItem\",\"position\":4,\"name\":\"Caf\u00e9 moulu pour filtre\",\"item\":\"https:\/\/www.misceladoro.com\/fr\/cafe-filtre\/moulu-pour-filtre\/\"},{\"@type\":\"ListItem\",\"position\":5,\"name\":\"Americano Premium D\u00e9caf\u00e9in\u00e9 \u2013 Caf\u00e9 Moulu Pour Filtre\"}]},{\"@type\":\"WebSite\",\"@id\":\"https:\/\/www.misceladoro.com\/fr\/#website\",\"url\":\"https:\/\/www.misceladoro.com\/fr\/\",\"name\":\"Miscela d'Oro\",\"description\":\"Artigiani del caff\u00e8 dal 1946\",\"publisher\":{\"@id\":\"https:\/\/www.misceladoro.com\/fr\/#organization\"},\"potentialAction\":[{\"@type\":\"SearchAction\",\"target\":{\"@type\":\"EntryPoint\",\"urlTemplate\":\"https:\/\/www.misceladoro.com\/fr\/?s={search_term_string}\"},\"query-input\":{\"@type\":\"PropertyValueSpecification\",\"valueRequired\":true,\"valueName\":\"search_term_string\"}}],\"inLanguage\":\"fr-FR\"},{\"@type\":\"Organization\",\"@id\":\"https:\/\/www.misceladoro.com\/fr\/#organization\",\"name\":\"Miscela d'Oro\",\"url\":\"https:\/\/www.misceladoro.com\/fr\/\",\"logo\":{\"@type\":\"ImageObject\",\"inLanguage\":\"fr-FR\",\"@id\":\"https:\/\/www.misceladoro.com\/fr\/#\/schema\/logo\/image\/\",\"url\":\"https:\/\/www.misceladoro.com\/wp-content\/uploads\/2022\/10\/LogoMiscelaOro-logo.png\",\"contentUrl\":\"https:\/\/www.misceladoro.com\/wp-content\/uploads\/2022\/10\/LogoMiscelaOro-logo.png\",\"width\":200,\"height\":120,\"caption\":\"Miscela d'Oro\"},\"image\":{\"@id\":\"https:\/\/www.misceladoro.com\/fr\/#\/schema\/logo\/image\/\"},\"sameAs\":[\"https:\/\/www.facebook.com\/MDOSicilia1946\",\"https:\/\/x.com\/miscela_doro\",\"https:\/\/www.instagram.com\/misceladoro\/\"]}]}<\/script>\n<!-- \/ Yoast SEO Premium plugin. -->","yoast_head_json":{"title":"Americano Premium D\u00e9caf\u00e9in\u00e9: Caf\u00e9 Moulu Pour Filtre | Miscela d&#039;Oro","description":"Americano Premium D\u00e9caf\u00a0: espresso doux, sans caf\u00e9ine, go\u00fbt \u00e9quilibr\u00e9. Id\u00e9al pour les pauses tardives sans compromis.","robots":{"index":"index","follow":"follow","max-snippet":"max-snippet:-1","max-image-preview":"max-image-preview:large","max-video-preview":"max-video-preview:-1"},"canonical":"https:\/\/www.misceladoro.com\/fr\/produit\/moulu-pour-filtre-americano-premium-decafeine\/","og_locale":"fr_FR","og_type":"article","og_title":"Americano Premium D\u00e9caf\u00e9in\u00e9 \u2013 Caf\u00e9 Moulu Pour Filtre","og_description":"Gusta l\u2019Americano Premium Decaf di Miscela d'Oro. Caff\u00e8 decaffeinato in grani 100% arabica per un caff\u00e8 filtro leggero e aromatico. Acquista ora online!","og_url":"https:\/\/www.misceladoro.com\/fr\/produit\/moulu-pour-filtre-americano-premium-decafeine\/","og_site_name":"Miscela d&#039;Oro","article_publisher":"https:\/\/www.facebook.com\/MDOSicilia1946","article_modified_time":"2025-06-30T07:27:06+00:00","og_image":[{"width":500,"height":500,"url":"https:\/\/www.misceladoro.com\/wp-content\/uploads\/2023\/01\/americano_premium_decaf_227.jpg","type":"image\/jpeg"}],"twitter_card":"summary_large_image","twitter_description":"Gusta l\u2019Americano Premium Decaf di Miscela d'Oro. Caff\u00e8 decaffeinato in grani 100% arabica per un caff\u00e8 filtro leggero e aromatico. Acquista ora online!","twitter_site":"@miscela_doro","twitter_misc":{"Dur\u00e9e de lecture estim\u00e9e":"1 minute"},"schema":{"@context":"https:\/\/schema.org","@graph":[{"@type":"WebPage","@id":"https:\/\/www.misceladoro.com\/fr\/produit\/moulu-pour-filtre-americano-premium-decafeine\/","url":"https:\/\/www.misceladoro.com\/fr\/produit\/moulu-pour-filtre-americano-premium-decafeine\/","name":"Americano Premium D\u00e9caf\u00e9in\u00e9: Caf\u00e9 Moulu Pour Filtre | Miscela d&#039;Oro","isPartOf":{"@id":"https:\/\/www.misceladoro.com\/fr\/#website"},"primaryImageOfPage":{"@id":"https:\/\/www.misceladoro.com\/fr\/produit\/moulu-pour-filtre-americano-premium-decafeine\/#primaryimage"},"image":{"@id":"https:\/\/www.misceladoro.com\/fr\/produit\/moulu-pour-filtre-americano-premium-decafeine\/#primaryimage"},"thumbnailUrl":"https:\/\/www.misceladoro.com\/wp-content\/uploads\/2023\/01\/americano_premium_decaf_227.jpg","datePublished":"2022-10-12T16:29:06+00:00","dateModified":"2025-06-30T07:27:06+00:00","description":"Americano Premium D\u00e9caf\u00a0: espresso doux, sans caf\u00e9ine, go\u00fbt \u00e9quilibr\u00e9. Id\u00e9al pour les pauses tardives sans compromis.","breadcrumb":{"@id":"https:\/\/www.misceladoro.com\/fr\/produit\/moulu-pour-filtre-americano-premium-decafeine\/#breadcrumb"},"inLanguage":"fr-FR","potentialAction":[{"@type":"ReadAction","target":["https:\/\/www.misceladoro.com\/fr\/produit\/moulu-pour-filtre-americano-premium-decafeine\/"]}]},{"@type":"ImageObject","inLanguage":"fr-FR","@id":"https:\/\/www.misceladoro.com\/fr\/produit\/moulu-pour-filtre-americano-premium-decafeine\/#primaryimage","url":"https:\/\/www.misceladoro.com\/wp-content\/uploads\/2023\/01\/americano_premium_decaf_227.jpg","contentUrl":"https:\/\/www.misceladoro.com\/wp-content\/uploads\/2023\/01\/americano_premium_decaf_227.jpg","width":500,"height":500},{"@type":"BreadcrumbList","@id":"https:\/\/www.misceladoro.com\/fr\/produit\/moulu-pour-filtre-americano-premium-decafeine\/#breadcrumb","itemListElement":[{"@type":"ListItem","position":1,"name":"Home","item":"https:\/\/www.misceladoro.com\/fr\/"},{"@type":"ListItem","position":2,"name":"Shop","item":"https:\/\/www.misceladoro.com\/fr\/shop\/"},{"@type":"ListItem","position":3,"name":"Caf\u00e9 filtre","item":"https:\/\/www.misceladoro.com\/fr\/cafe-filtre\/"},{"@type":"ListItem","position":4,"name":"Caf\u00e9 moulu pour filtre","item":"https:\/\/www.misceladoro.com\/fr\/cafe-filtre\/moulu-pour-filtre\/"},{"@type":"ListItem","position":5,"name":"Americano Premium D\u00e9caf\u00e9in\u00e9 \u2013 Caf\u00e9 Moulu Pour Filtre"}]},{"@type":"WebSite","@id":"https:\/\/www.misceladoro.com\/fr\/#website","url":"https:\/\/www.misceladoro.com\/fr\/","name":"Miscela d'Oro","description":"Artigiani del caff\u00e8 dal 1946","publisher":{"@id":"https:\/\/www.misceladoro.com\/fr\/#organization"},"potentialAction":[{"@type":"SearchAction","target":{"@type":"EntryPoint","urlTemplate":"https:\/\/www.misceladoro.com\/fr\/?s={search_term_string}"},"query-input":{"@type":"PropertyValueSpecification","valueRequired":true,"valueName":"search_term_string"}}],"inLanguage":"fr-FR"},{"@type":"Organization","@id":"https:\/\/www.misceladoro.com\/fr\/#organization","name":"Miscela d'Oro","url":"https:\/\/www.misceladoro.com\/fr\/","logo":{"@type":"ImageObject","inLanguage":"fr-FR","@id":"https:\/\/www.misceladoro.com\/fr\/#\/schema\/logo\/image\/","url":"https:\/\/www.misceladoro.com\/wp-content\/uploads\/2022\/10\/LogoMiscelaOro-logo.png","contentUrl":"https:\/\/www.misceladoro.com\/wp-content\/uploads\/2022\/10\/LogoMiscelaOro-logo.png","width":200,"height":120,"caption":"Miscela d'Oro"},"image":{"@id":"https:\/\/www.misceladoro.com\/fr\/#\/schema\/logo\/image\/"},"sameAs":["https:\/\/www.facebook.com\/MDOSicilia1946","https:\/\/x.com\/miscela_doro","https:\/\/www.instagram.com\/misceladoro\/"]}]}},"_links":{"self":[{"href":"https:\/\/www.misceladoro.com\/fr\/wp-json\/wp\/v2\/product\/14405","targetHints":{"allow":["GET"]}}],"collection":[{"href":"https:\/\/www.misceladoro.com\/fr\/wp-json\/wp\/v2\/product"}],"about":[{"href":"https:\/\/www.misceladoro.com\/fr\/wp-json\/wp\/v2\/types\/product"}],"wp:featuredmedia":[{"embeddable":true,"href":"https:\/\/www.misceladoro.com\/fr\/wp-json\/wp\/v2\/media\/11675"}],"wp:attachment":[{"href":"https:\/\/www.misceladoro.com\/fr\/wp-json\/wp\/v2\/media?parent=14405"}],"wp:term":[{"taxonomy":"product_brand","embeddable":true,"href":"https:\/\/www.misceladoro.com\/fr\/wp-json\/wp\/v2\/product_brand?post=14405"},{"taxonomy":"product_cat","embeddable":true,"href":"https:\/\/www.misceladoro.com\/fr\/wp-json\/wp\/v2\/product_cat?post=14405"},{"taxonomy":"product_tag","embeddable":true,"href":"https:\/\/www.misceladoro.com\/fr\/wp-json\/wp\/v2\/product_tag?post=14405"}],"curies":[{"name":"wp","href":"https:\/\/api.w.org\/{rel}","templated":true}]}}