{"id":14403,"date":"2022-10-21T15:01:56","date_gmt":"2022-10-21T13:01:56","guid":{"rendered":"https:\/\/www.misceladoro.com\/prodotto\/grains-pour-filtre-americano-premium\/"},"modified":"2025-07-10T14:42:49","modified_gmt":"2025-07-10T12:42:49","slug":"grains-pour-filtre-americano-premium","status":"publish","type":"product","link":"https:\/\/www.misceladoro.com\/fr\/produit\/grains-pour-filtre-americano-premium\/","title":{"rendered":"Americano Premium \u2013 Caf\u00e9 en Grain Pour Filtre"},"content":{"rendered":"","protected":false},"excerpt":{"rendered":"<p class=\"p1\">Un m\u00e9lange 100 % arabica de la plus haute qualit\u00e9, con\u00e7u pour un caf\u00e9 filtre cors\u00e9 et enveloppant. \u00c9quilibr\u00e9 et aromatique, il pr\u00e9sente une acidit\u00e9 d\u00e9licate et agr\u00e9able en bouche, ainsi que de douces notes de noix de cajou et de raisins secs.<\/p>\n","protected":false},"featured_media":11671,"template":"","meta":{"_acf_changed":false,"inline_featured_image":false},"product_brand":[],"product_cat":[720,714],"product_tag":[992],"class_list":{"0":"post-14403","1":"product","2":"type-product","3":"status-publish","4":"has-post-thumbnail","6":"product_cat-grains-pour-filtre","7":"product_cat-cafe-filtre","8":"product_tag-caffe-in-grani-fr","10":"first","11":"instock","12":"taxable","13":"shipping-taxable","14":"purchasable","15":"product-type-simple"},"acf":[],"yoast_head":"<!-- This site is optimized with the Yoast SEO Premium plugin v26.7 (Yoast SEO v26.7) - https:\/\/yoast.com\/wordpress\/plugins\/seo\/ -->\n<title>Americano Premium: Caf\u00e9 en Grain Pour Filtre | Miscela d&#039;Oro<\/title>\n<meta name=\"description\" content=\"Americano Premium\u00a0: caf\u00e9 filtre noiset\u00e9 et \u00e9quilibr\u00e9. Ar\u00f4mes doux et fruit\u00e9s. Espresso 100\u00a0% Arabica \u00e0 savourer.\" \/>\n<meta name=\"robots\" content=\"index, follow, max-snippet:-1, max-image-preview:large, max-video-preview:-1\" \/>\n<link rel=\"canonical\" href=\"https:\/\/www.misceladoro.com\/fr\/produit\/grains-pour-filtre-americano-premium\/\" \/>\n<meta property=\"og:locale\" content=\"fr_FR\" \/>\n<meta property=\"og:type\" content=\"article\" \/>\n<meta property=\"og:title\" content=\"Americano Premium \u2013 Caf\u00e9 en Grain Pour Filtre\" \/>\n<meta property=\"og:description\" content=\"Scopri l\u2019Americano Premium di Miscela d&#039;Oro. Caff\u00e8 in grani 100% arabica per un caff\u00e8 filtro pieno e avvolgente. Acquista ora online!\" \/>\n<meta property=\"og:url\" content=\"https:\/\/www.misceladoro.com\/fr\/produit\/grains-pour-filtre-americano-premium\/\" \/>\n<meta property=\"og:site_name\" content=\"Miscela d&#039;Oro\" \/>\n<meta property=\"article:publisher\" content=\"https:\/\/www.facebook.com\/MDOSicilia1946\" \/>\n<meta property=\"article:modified_time\" content=\"2025-07-10T12:42:49+00:00\" \/>\n<meta property=\"og:image\" content=\"https:\/\/www.misceladoro.com\/wp-content\/uploads\/2024\/01\/Americano_premium_500g.png\" \/>\n\t<meta property=\"og:image:width\" content=\"900\" \/>\n\t<meta property=\"og:image:height\" content=\"900\" \/>\n\t<meta property=\"og:image:type\" content=\"image\/png\" \/>\n<meta name=\"twitter:card\" content=\"summary_large_image\" \/>\n<meta name=\"twitter:description\" content=\"Scopri l\u2019Americano Premium di Miscela d&#039;Oro. Caff\u00e8 in grani 100% arabica per un caff\u00e8 filtro pieno e avvolgente. Acquista ora online!\" \/>\n<meta name=\"twitter:site\" content=\"@miscela_doro\" \/>\n<meta name=\"twitter:label1\" content=\"Dur\u00e9e de lecture estim\u00e9e\" \/>\n\t<meta name=\"twitter:data1\" content=\"1 minute\" \/>\n<script type=\"application\/ld+json\" class=\"yoast-schema-graph\">{\"@context\":\"https:\/\/schema.org\",\"@graph\":[{\"@type\":\"WebPage\",\"@id\":\"https:\/\/www.misceladoro.com\/fr\/produit\/grains-pour-filtre-americano-premium\/\",\"url\":\"https:\/\/www.misceladoro.com\/fr\/produit\/grains-pour-filtre-americano-premium\/\",\"name\":\"Americano Premium: Caf\u00e9 en Grain Pour Filtre | Miscela d&#039;Oro\",\"isPartOf\":{\"@id\":\"https:\/\/www.misceladoro.com\/fr\/#website\"},\"primaryImageOfPage\":{\"@id\":\"https:\/\/www.misceladoro.com\/fr\/produit\/grains-pour-filtre-americano-premium\/#primaryimage\"},\"image\":{\"@id\":\"https:\/\/www.misceladoro.com\/fr\/produit\/grains-pour-filtre-americano-premium\/#primaryimage\"},\"thumbnailUrl\":\"https:\/\/www.misceladoro.com\/wp-content\/uploads\/2024\/01\/Americano_premium_500g.png\",\"datePublished\":\"2022-10-21T13:01:56+00:00\",\"dateModified\":\"2025-07-10T12:42:49+00:00\",\"description\":\"Americano Premium\u00a0: caf\u00e9 filtre noiset\u00e9 et \u00e9quilibr\u00e9. Ar\u00f4mes doux et fruit\u00e9s. Espresso 100\u00a0% Arabica \u00e0 savourer.\",\"breadcrumb\":{\"@id\":\"https:\/\/www.misceladoro.com\/fr\/produit\/grains-pour-filtre-americano-premium\/#breadcrumb\"},\"inLanguage\":\"fr-FR\",\"potentialAction\":[{\"@type\":\"ReadAction\",\"target\":[\"https:\/\/www.misceladoro.com\/fr\/produit\/grains-pour-filtre-americano-premium\/\"]}]},{\"@type\":\"ImageObject\",\"inLanguage\":\"fr-FR\",\"@id\":\"https:\/\/www.misceladoro.com\/fr\/produit\/grains-pour-filtre-americano-premium\/#primaryimage\",\"url\":\"https:\/\/www.misceladoro.com\/wp-content\/uploads\/2024\/01\/Americano_premium_500g.png\",\"contentUrl\":\"https:\/\/www.misceladoro.com\/wp-content\/uploads\/2024\/01\/Americano_premium_500g.png\",\"width\":900,\"height\":900,\"caption\":\"||\"},{\"@type\":\"BreadcrumbList\",\"@id\":\"https:\/\/www.misceladoro.com\/fr\/produit\/grains-pour-filtre-americano-premium\/#breadcrumb\",\"itemListElement\":[{\"@type\":\"ListItem\",\"position\":1,\"name\":\"Home\",\"item\":\"https:\/\/www.misceladoro.com\/fr\/\"},{\"@type\":\"ListItem\",\"position\":2,\"name\":\"Shop\",\"item\":\"https:\/\/www.misceladoro.com\/fr\/shop\/\"},{\"@type\":\"ListItem\",\"position\":3,\"name\":\"Caf\u00e9 filtre\",\"item\":\"https:\/\/www.misceladoro.com\/fr\/cafe-filtre\/\"},{\"@type\":\"ListItem\",\"position\":4,\"name\":\"Caf\u00e9 en grains pour filtre\",\"item\":\"https:\/\/www.misceladoro.com\/fr\/cafe-filtre\/grains-pour-filtre\/\"},{\"@type\":\"ListItem\",\"position\":5,\"name\":\"Americano Premium \u2013 Caf\u00e9 en Grain Pour Filtre\"}]},{\"@type\":\"WebSite\",\"@id\":\"https:\/\/www.misceladoro.com\/fr\/#website\",\"url\":\"https:\/\/www.misceladoro.com\/fr\/\",\"name\":\"Miscela d'Oro\",\"description\":\"Artigiani del caff\u00e8 dal 1946\",\"publisher\":{\"@id\":\"https:\/\/www.misceladoro.com\/fr\/#organization\"},\"potentialAction\":[{\"@type\":\"SearchAction\",\"target\":{\"@type\":\"EntryPoint\",\"urlTemplate\":\"https:\/\/www.misceladoro.com\/fr\/?s={search_term_string}\"},\"query-input\":{\"@type\":\"PropertyValueSpecification\",\"valueRequired\":true,\"valueName\":\"search_term_string\"}}],\"inLanguage\":\"fr-FR\"},{\"@type\":\"Organization\",\"@id\":\"https:\/\/www.misceladoro.com\/fr\/#organization\",\"name\":\"Miscela d'Oro\",\"url\":\"https:\/\/www.misceladoro.com\/fr\/\",\"logo\":{\"@type\":\"ImageObject\",\"inLanguage\":\"fr-FR\",\"@id\":\"https:\/\/www.misceladoro.com\/fr\/#\/schema\/logo\/image\/\",\"url\":\"https:\/\/www.misceladoro.com\/wp-content\/uploads\/2022\/10\/LogoMiscelaOro-logo.png\",\"contentUrl\":\"https:\/\/www.misceladoro.com\/wp-content\/uploads\/2022\/10\/LogoMiscelaOro-logo.png\",\"width\":200,\"height\":120,\"caption\":\"Miscela d'Oro\"},\"image\":{\"@id\":\"https:\/\/www.misceladoro.com\/fr\/#\/schema\/logo\/image\/\"},\"sameAs\":[\"https:\/\/www.facebook.com\/MDOSicilia1946\",\"https:\/\/x.com\/miscela_doro\",\"https:\/\/www.instagram.com\/misceladoro\/\"]}]}<\/script>\n<!-- \/ Yoast SEO Premium plugin. -->","yoast_head_json":{"title":"Americano Premium: Caf\u00e9 en Grain Pour Filtre | Miscela d&#039;Oro","description":"Americano Premium\u00a0: caf\u00e9 filtre noiset\u00e9 et \u00e9quilibr\u00e9. Ar\u00f4mes doux et fruit\u00e9s. Espresso 100\u00a0% Arabica \u00e0 savourer.","robots":{"index":"index","follow":"follow","max-snippet":"max-snippet:-1","max-image-preview":"max-image-preview:large","max-video-preview":"max-video-preview:-1"},"canonical":"https:\/\/www.misceladoro.com\/fr\/produit\/grains-pour-filtre-americano-premium\/","og_locale":"fr_FR","og_type":"article","og_title":"Americano Premium \u2013 Caf\u00e9 en Grain Pour Filtre","og_description":"Scopri l\u2019Americano Premium di Miscela d'Oro. Caff\u00e8 in grani 100% arabica per un caff\u00e8 filtro pieno e avvolgente. Acquista ora online!","og_url":"https:\/\/www.misceladoro.com\/fr\/produit\/grains-pour-filtre-americano-premium\/","og_site_name":"Miscela d&#039;Oro","article_publisher":"https:\/\/www.facebook.com\/MDOSicilia1946","article_modified_time":"2025-07-10T12:42:49+00:00","og_image":[{"width":900,"height":900,"url":"https:\/\/www.misceladoro.com\/wp-content\/uploads\/2024\/01\/Americano_premium_500g.png","type":"image\/png"}],"twitter_card":"summary_large_image","twitter_description":"Scopri l\u2019Americano Premium di Miscela d'Oro. Caff\u00e8 in grani 100% arabica per un caff\u00e8 filtro pieno e avvolgente. Acquista ora online!","twitter_site":"@miscela_doro","twitter_misc":{"Dur\u00e9e de lecture estim\u00e9e":"1 minute"},"schema":{"@context":"https:\/\/schema.org","@graph":[{"@type":"WebPage","@id":"https:\/\/www.misceladoro.com\/fr\/produit\/grains-pour-filtre-americano-premium\/","url":"https:\/\/www.misceladoro.com\/fr\/produit\/grains-pour-filtre-americano-premium\/","name":"Americano Premium: Caf\u00e9 en Grain Pour Filtre | Miscela d&#039;Oro","isPartOf":{"@id":"https:\/\/www.misceladoro.com\/fr\/#website"},"primaryImageOfPage":{"@id":"https:\/\/www.misceladoro.com\/fr\/produit\/grains-pour-filtre-americano-premium\/#primaryimage"},"image":{"@id":"https:\/\/www.misceladoro.com\/fr\/produit\/grains-pour-filtre-americano-premium\/#primaryimage"},"thumbnailUrl":"https:\/\/www.misceladoro.com\/wp-content\/uploads\/2024\/01\/Americano_premium_500g.png","datePublished":"2022-10-21T13:01:56+00:00","dateModified":"2025-07-10T12:42:49+00:00","description":"Americano Premium\u00a0: caf\u00e9 filtre noiset\u00e9 et \u00e9quilibr\u00e9. Ar\u00f4mes doux et fruit\u00e9s. Espresso 100\u00a0% Arabica \u00e0 savourer.","breadcrumb":{"@id":"https:\/\/www.misceladoro.com\/fr\/produit\/grains-pour-filtre-americano-premium\/#breadcrumb"},"inLanguage":"fr-FR","potentialAction":[{"@type":"ReadAction","target":["https:\/\/www.misceladoro.com\/fr\/produit\/grains-pour-filtre-americano-premium\/"]}]},{"@type":"ImageObject","inLanguage":"fr-FR","@id":"https:\/\/www.misceladoro.com\/fr\/produit\/grains-pour-filtre-americano-premium\/#primaryimage","url":"https:\/\/www.misceladoro.com\/wp-content\/uploads\/2024\/01\/Americano_premium_500g.png","contentUrl":"https:\/\/www.misceladoro.com\/wp-content\/uploads\/2024\/01\/Americano_premium_500g.png","width":900,"height":900,"caption":"||"},{"@type":"BreadcrumbList","@id":"https:\/\/www.misceladoro.com\/fr\/produit\/grains-pour-filtre-americano-premium\/#breadcrumb","itemListElement":[{"@type":"ListItem","position":1,"name":"Home","item":"https:\/\/www.misceladoro.com\/fr\/"},{"@type":"ListItem","position":2,"name":"Shop","item":"https:\/\/www.misceladoro.com\/fr\/shop\/"},{"@type":"ListItem","position":3,"name":"Caf\u00e9 filtre","item":"https:\/\/www.misceladoro.com\/fr\/cafe-filtre\/"},{"@type":"ListItem","position":4,"name":"Caf\u00e9 en grains pour filtre","item":"https:\/\/www.misceladoro.com\/fr\/cafe-filtre\/grains-pour-filtre\/"},{"@type":"ListItem","position":5,"name":"Americano Premium \u2013 Caf\u00e9 en Grain Pour Filtre"}]},{"@type":"WebSite","@id":"https:\/\/www.misceladoro.com\/fr\/#website","url":"https:\/\/www.misceladoro.com\/fr\/","name":"Miscela d'Oro","description":"Artigiani del caff\u00e8 dal 1946","publisher":{"@id":"https:\/\/www.misceladoro.com\/fr\/#organization"},"potentialAction":[{"@type":"SearchAction","target":{"@type":"EntryPoint","urlTemplate":"https:\/\/www.misceladoro.com\/fr\/?s={search_term_string}"},"query-input":{"@type":"PropertyValueSpecification","valueRequired":true,"valueName":"search_term_string"}}],"inLanguage":"fr-FR"},{"@type":"Organization","@id":"https:\/\/www.misceladoro.com\/fr\/#organization","name":"Miscela d'Oro","url":"https:\/\/www.misceladoro.com\/fr\/","logo":{"@type":"ImageObject","inLanguage":"fr-FR","@id":"https:\/\/www.misceladoro.com\/fr\/#\/schema\/logo\/image\/","url":"https:\/\/www.misceladoro.com\/wp-content\/uploads\/2022\/10\/LogoMiscelaOro-logo.png","contentUrl":"https:\/\/www.misceladoro.com\/wp-content\/uploads\/2022\/10\/LogoMiscelaOro-logo.png","width":200,"height":120,"caption":"Miscela d'Oro"},"image":{"@id":"https:\/\/www.misceladoro.com\/fr\/#\/schema\/logo\/image\/"},"sameAs":["https:\/\/www.facebook.com\/MDOSicilia1946","https:\/\/x.com\/miscela_doro","https:\/\/www.instagram.com\/misceladoro\/"]}]}},"_links":{"self":[{"href":"https:\/\/www.misceladoro.com\/fr\/wp-json\/wp\/v2\/product\/14403","targetHints":{"allow":["GET"]}}],"collection":[{"href":"https:\/\/www.misceladoro.com\/fr\/wp-json\/wp\/v2\/product"}],"about":[{"href":"https:\/\/www.misceladoro.com\/fr\/wp-json\/wp\/v2\/types\/product"}],"wp:featuredmedia":[{"embeddable":true,"href":"https:\/\/www.misceladoro.com\/fr\/wp-json\/wp\/v2\/media\/11671"}],"wp:attachment":[{"href":"https:\/\/www.misceladoro.com\/fr\/wp-json\/wp\/v2\/media?parent=14403"}],"wp:term":[{"taxonomy":"product_brand","embeddable":true,"href":"https:\/\/www.misceladoro.com\/fr\/wp-json\/wp\/v2\/product_brand?post=14403"},{"taxonomy":"product_cat","embeddable":true,"href":"https:\/\/www.misceladoro.com\/fr\/wp-json\/wp\/v2\/product_cat?post=14403"},{"taxonomy":"product_tag","embeddable":true,"href":"https:\/\/www.misceladoro.com\/fr\/wp-json\/wp\/v2\/product_tag?post=14403"}],"curies":[{"name":"wp","href":"https:\/\/api.w.org\/{rel}","templated":true}]}}