{"id":14401,"date":"2022-10-16T07:47:59","date_gmt":"2022-10-16T05:47:59","guid":{"rendered":"https:\/\/www.misceladoro.com\/prodotto\/moulu-pour-filtre-americano-classico-pack\/"},"modified":"2025-07-10T14:46:09","modified_gmt":"2025-07-10T12:46:09","slug":"moulu-pour-filtre-americano-classico-pack","status":"publish","type":"product","link":"https:\/\/www.misceladoro.com\/fr\/produit\/moulu-pour-filtre-americano-classico-pack\/","title":{"rendered":"Americano Classico Pack \u2013 Caf\u00e9 Moulu Pour Filtre"},"content":{"rendered":"","protected":false},"excerpt":{"rendered":"<p class=\"p1\">Un m\u00e9lange de caf\u00e9s fins pour un caf\u00e9 filtre fort et intense. \u00c9quilibr\u00e9 et enveloppant, il pr\u00e9sente une l\u00e9g\u00e8re acidit\u00e9 en bouche, des notes de pop-corn, de pain et de noix grill\u00e9es. Paquet de 50 sachets de 64 g (un sachet permet de pr\u00e9parer 12 tasses de caf\u00e9).<\/p>\n","protected":false},"featured_media":10841,"template":"","meta":{"_acf_changed":false,"inline_featured_image":false},"product_brand":[],"product_cat":[714,726],"product_tag":[],"class_list":{"0":"post-14401","1":"product","2":"type-product","3":"status-publish","4":"has-post-thumbnail","6":"product_cat-cafe-filtre","7":"product_cat-moulu-pour-filtre","9":"first","10":"instock","11":"taxable","12":"shipping-taxable","13":"purchasable","14":"product-type-simple"},"acf":[],"yoast_head":"<!-- This site is optimized with the Yoast SEO Premium plugin v26.7 (Yoast SEO v26.7) - https:\/\/yoast.com\/wordpress\/plugins\/seo\/ -->\n<title>Americano Classico Pack: Caf\u00e9 Moulu Pour Filtre | Miscela d&#039;Oro<\/title>\n<meta name=\"description\" content=\"Americano Classico Pack\u00a0: caf\u00e9 filtre cors\u00e9 et aromatique. Ar\u00f4mes grill\u00e9s, intensit\u00e9 \u00e9quilibr\u00e9e. Id\u00e9al pour le quotidien.\" \/>\n<meta name=\"robots\" content=\"index, follow, max-snippet:-1, max-image-preview:large, max-video-preview:-1\" \/>\n<link rel=\"canonical\" href=\"https:\/\/www.misceladoro.com\/fr\/produit\/moulu-pour-filtre-americano-classico-pack\/\" \/>\n<meta property=\"og:locale\" content=\"fr_FR\" \/>\n<meta property=\"og:type\" content=\"article\" \/>\n<meta property=\"og:title\" content=\"Americano Classico Pack \u2013 Caf\u00e9 Moulu Pour Filtre\" \/>\n<meta property=\"og:description\" content=\"Prova l\u2019Americano Classico di Miscela d&#039;Oro. Caff\u00e8 filtro in monodose pregiato per un caff\u00e8 forte e intenso. Acquista ora online!\" \/>\n<meta property=\"og:url\" content=\"https:\/\/www.misceladoro.com\/fr\/produit\/moulu-pour-filtre-americano-classico-pack\/\" \/>\n<meta property=\"og:site_name\" content=\"Miscela d&#039;Oro\" \/>\n<meta property=\"article:publisher\" content=\"https:\/\/www.facebook.com\/MDOSicilia1946\" \/>\n<meta property=\"article:modified_time\" content=\"2025-07-10T12:46:09+00:00\" \/>\n<meta property=\"og:image\" content=\"https:\/\/www.misceladoro.com\/wp-content\/uploads\/2022\/10\/filtro-americano-classico.png\" \/>\n\t<meta property=\"og:image:width\" content=\"941\" \/>\n\t<meta property=\"og:image:height\" content=\"941\" \/>\n\t<meta property=\"og:image:type\" content=\"image\/png\" \/>\n<meta name=\"twitter:card\" content=\"summary_large_image\" \/>\n<meta name=\"twitter:description\" content=\"Prova l\u2019Americano Classico di Miscela d&#039;Oro. Caff\u00e8 filtro in monodose pregiato per un caff\u00e8 forte e intenso. Acquista ora online!\" \/>\n<meta name=\"twitter:site\" content=\"@miscela_doro\" \/>\n<meta name=\"twitter:label1\" content=\"Dur\u00e9e de lecture estim\u00e9e\" \/>\n\t<meta name=\"twitter:data1\" content=\"1 minute\" \/>\n<script type=\"application\/ld+json\" class=\"yoast-schema-graph\">{\"@context\":\"https:\/\/schema.org\",\"@graph\":[{\"@type\":\"WebPage\",\"@id\":\"https:\/\/www.misceladoro.com\/fr\/produit\/moulu-pour-filtre-americano-classico-pack\/\",\"url\":\"https:\/\/www.misceladoro.com\/fr\/produit\/moulu-pour-filtre-americano-classico-pack\/\",\"name\":\"Americano Classico Pack: Caf\u00e9 Moulu Pour Filtre | Miscela d&#039;Oro\",\"isPartOf\":{\"@id\":\"https:\/\/www.misceladoro.com\/fr\/#website\"},\"primaryImageOfPage\":{\"@id\":\"https:\/\/www.misceladoro.com\/fr\/produit\/moulu-pour-filtre-americano-classico-pack\/#primaryimage\"},\"image\":{\"@id\":\"https:\/\/www.misceladoro.com\/fr\/produit\/moulu-pour-filtre-americano-classico-pack\/#primaryimage\"},\"thumbnailUrl\":\"https:\/\/www.misceladoro.com\/wp-content\/uploads\/2022\/10\/filtro-americano-classico.png\",\"datePublished\":\"2022-10-16T05:47:59+00:00\",\"dateModified\":\"2025-07-10T12:46:09+00:00\",\"description\":\"Americano Classico Pack\u00a0: caf\u00e9 filtre cors\u00e9 et aromatique. Ar\u00f4mes grill\u00e9s, intensit\u00e9 \u00e9quilibr\u00e9e. Id\u00e9al pour le quotidien.\",\"breadcrumb\":{\"@id\":\"https:\/\/www.misceladoro.com\/fr\/produit\/moulu-pour-filtre-americano-classico-pack\/#breadcrumb\"},\"inLanguage\":\"fr-FR\",\"potentialAction\":[{\"@type\":\"ReadAction\",\"target\":[\"https:\/\/www.misceladoro.com\/fr\/produit\/moulu-pour-filtre-americano-classico-pack\/\"]}]},{\"@type\":\"ImageObject\",\"inLanguage\":\"fr-FR\",\"@id\":\"https:\/\/www.misceladoro.com\/fr\/produit\/moulu-pour-filtre-americano-classico-pack\/#primaryimage\",\"url\":\"https:\/\/www.misceladoro.com\/wp-content\/uploads\/2022\/10\/filtro-americano-classico.png\",\"contentUrl\":\"https:\/\/www.misceladoro.com\/wp-content\/uploads\/2022\/10\/filtro-americano-classico.png\",\"width\":941,\"height\":941,\"caption\":\"|\"},{\"@type\":\"BreadcrumbList\",\"@id\":\"https:\/\/www.misceladoro.com\/fr\/produit\/moulu-pour-filtre-americano-classico-pack\/#breadcrumb\",\"itemListElement\":[{\"@type\":\"ListItem\",\"position\":1,\"name\":\"Home\",\"item\":\"https:\/\/www.misceladoro.com\/fr\/\"},{\"@type\":\"ListItem\",\"position\":2,\"name\":\"Shop\",\"item\":\"https:\/\/www.misceladoro.com\/fr\/shop\/\"},{\"@type\":\"ListItem\",\"position\":3,\"name\":\"Caf\u00e9 filtre\",\"item\":\"https:\/\/www.misceladoro.com\/fr\/cafe-filtre\/\"},{\"@type\":\"ListItem\",\"position\":4,\"name\":\"Caf\u00e9 moulu pour filtre\",\"item\":\"https:\/\/www.misceladoro.com\/fr\/cafe-filtre\/moulu-pour-filtre\/\"},{\"@type\":\"ListItem\",\"position\":5,\"name\":\"Americano Classico Pack \u2013 Caf\u00e9 Moulu Pour Filtre\"}]},{\"@type\":\"WebSite\",\"@id\":\"https:\/\/www.misceladoro.com\/fr\/#website\",\"url\":\"https:\/\/www.misceladoro.com\/fr\/\",\"name\":\"Miscela d'Oro\",\"description\":\"Artigiani del caff\u00e8 dal 1946\",\"publisher\":{\"@id\":\"https:\/\/www.misceladoro.com\/fr\/#organization\"},\"potentialAction\":[{\"@type\":\"SearchAction\",\"target\":{\"@type\":\"EntryPoint\",\"urlTemplate\":\"https:\/\/www.misceladoro.com\/fr\/?s={search_term_string}\"},\"query-input\":{\"@type\":\"PropertyValueSpecification\",\"valueRequired\":true,\"valueName\":\"search_term_string\"}}],\"inLanguage\":\"fr-FR\"},{\"@type\":\"Organization\",\"@id\":\"https:\/\/www.misceladoro.com\/fr\/#organization\",\"name\":\"Miscela d'Oro\",\"url\":\"https:\/\/www.misceladoro.com\/fr\/\",\"logo\":{\"@type\":\"ImageObject\",\"inLanguage\":\"fr-FR\",\"@id\":\"https:\/\/www.misceladoro.com\/fr\/#\/schema\/logo\/image\/\",\"url\":\"https:\/\/www.misceladoro.com\/wp-content\/uploads\/2022\/10\/LogoMiscelaOro-logo.png\",\"contentUrl\":\"https:\/\/www.misceladoro.com\/wp-content\/uploads\/2022\/10\/LogoMiscelaOro-logo.png\",\"width\":200,\"height\":120,\"caption\":\"Miscela d'Oro\"},\"image\":{\"@id\":\"https:\/\/www.misceladoro.com\/fr\/#\/schema\/logo\/image\/\"},\"sameAs\":[\"https:\/\/www.facebook.com\/MDOSicilia1946\",\"https:\/\/x.com\/miscela_doro\",\"https:\/\/www.instagram.com\/misceladoro\/\"]}]}<\/script>\n<!-- \/ Yoast SEO Premium plugin. -->","yoast_head_json":{"title":"Americano Classico Pack: Caf\u00e9 Moulu Pour Filtre | Miscela d&#039;Oro","description":"Americano Classico Pack\u00a0: caf\u00e9 filtre cors\u00e9 et aromatique. Ar\u00f4mes grill\u00e9s, intensit\u00e9 \u00e9quilibr\u00e9e. Id\u00e9al pour le quotidien.","robots":{"index":"index","follow":"follow","max-snippet":"max-snippet:-1","max-image-preview":"max-image-preview:large","max-video-preview":"max-video-preview:-1"},"canonical":"https:\/\/www.misceladoro.com\/fr\/produit\/moulu-pour-filtre-americano-classico-pack\/","og_locale":"fr_FR","og_type":"article","og_title":"Americano Classico Pack \u2013 Caf\u00e9 Moulu Pour Filtre","og_description":"Prova l\u2019Americano Classico di Miscela d'Oro. Caff\u00e8 filtro in monodose pregiato per un caff\u00e8 forte e intenso. Acquista ora online!","og_url":"https:\/\/www.misceladoro.com\/fr\/produit\/moulu-pour-filtre-americano-classico-pack\/","og_site_name":"Miscela d&#039;Oro","article_publisher":"https:\/\/www.facebook.com\/MDOSicilia1946","article_modified_time":"2025-07-10T12:46:09+00:00","og_image":[{"width":941,"height":941,"url":"https:\/\/www.misceladoro.com\/wp-content\/uploads\/2022\/10\/filtro-americano-classico.png","type":"image\/png"}],"twitter_card":"summary_large_image","twitter_description":"Prova l\u2019Americano Classico di Miscela d'Oro. Caff\u00e8 filtro in monodose pregiato per un caff\u00e8 forte e intenso. Acquista ora online!","twitter_site":"@miscela_doro","twitter_misc":{"Dur\u00e9e de lecture estim\u00e9e":"1 minute"},"schema":{"@context":"https:\/\/schema.org","@graph":[{"@type":"WebPage","@id":"https:\/\/www.misceladoro.com\/fr\/produit\/moulu-pour-filtre-americano-classico-pack\/","url":"https:\/\/www.misceladoro.com\/fr\/produit\/moulu-pour-filtre-americano-classico-pack\/","name":"Americano Classico Pack: Caf\u00e9 Moulu Pour Filtre | Miscela d&#039;Oro","isPartOf":{"@id":"https:\/\/www.misceladoro.com\/fr\/#website"},"primaryImageOfPage":{"@id":"https:\/\/www.misceladoro.com\/fr\/produit\/moulu-pour-filtre-americano-classico-pack\/#primaryimage"},"image":{"@id":"https:\/\/www.misceladoro.com\/fr\/produit\/moulu-pour-filtre-americano-classico-pack\/#primaryimage"},"thumbnailUrl":"https:\/\/www.misceladoro.com\/wp-content\/uploads\/2022\/10\/filtro-americano-classico.png","datePublished":"2022-10-16T05:47:59+00:00","dateModified":"2025-07-10T12:46:09+00:00","description":"Americano Classico Pack\u00a0: caf\u00e9 filtre cors\u00e9 et aromatique. Ar\u00f4mes grill\u00e9s, intensit\u00e9 \u00e9quilibr\u00e9e. Id\u00e9al pour le quotidien.","breadcrumb":{"@id":"https:\/\/www.misceladoro.com\/fr\/produit\/moulu-pour-filtre-americano-classico-pack\/#breadcrumb"},"inLanguage":"fr-FR","potentialAction":[{"@type":"ReadAction","target":["https:\/\/www.misceladoro.com\/fr\/produit\/moulu-pour-filtre-americano-classico-pack\/"]}]},{"@type":"ImageObject","inLanguage":"fr-FR","@id":"https:\/\/www.misceladoro.com\/fr\/produit\/moulu-pour-filtre-americano-classico-pack\/#primaryimage","url":"https:\/\/www.misceladoro.com\/wp-content\/uploads\/2022\/10\/filtro-americano-classico.png","contentUrl":"https:\/\/www.misceladoro.com\/wp-content\/uploads\/2022\/10\/filtro-americano-classico.png","width":941,"height":941,"caption":"|"},{"@type":"BreadcrumbList","@id":"https:\/\/www.misceladoro.com\/fr\/produit\/moulu-pour-filtre-americano-classico-pack\/#breadcrumb","itemListElement":[{"@type":"ListItem","position":1,"name":"Home","item":"https:\/\/www.misceladoro.com\/fr\/"},{"@type":"ListItem","position":2,"name":"Shop","item":"https:\/\/www.misceladoro.com\/fr\/shop\/"},{"@type":"ListItem","position":3,"name":"Caf\u00e9 filtre","item":"https:\/\/www.misceladoro.com\/fr\/cafe-filtre\/"},{"@type":"ListItem","position":4,"name":"Caf\u00e9 moulu pour filtre","item":"https:\/\/www.misceladoro.com\/fr\/cafe-filtre\/moulu-pour-filtre\/"},{"@type":"ListItem","position":5,"name":"Americano Classico Pack \u2013 Caf\u00e9 Moulu Pour Filtre"}]},{"@type":"WebSite","@id":"https:\/\/www.misceladoro.com\/fr\/#website","url":"https:\/\/www.misceladoro.com\/fr\/","name":"Miscela d'Oro","description":"Artigiani del caff\u00e8 dal 1946","publisher":{"@id":"https:\/\/www.misceladoro.com\/fr\/#organization"},"potentialAction":[{"@type":"SearchAction","target":{"@type":"EntryPoint","urlTemplate":"https:\/\/www.misceladoro.com\/fr\/?s={search_term_string}"},"query-input":{"@type":"PropertyValueSpecification","valueRequired":true,"valueName":"search_term_string"}}],"inLanguage":"fr-FR"},{"@type":"Organization","@id":"https:\/\/www.misceladoro.com\/fr\/#organization","name":"Miscela d'Oro","url":"https:\/\/www.misceladoro.com\/fr\/","logo":{"@type":"ImageObject","inLanguage":"fr-FR","@id":"https:\/\/www.misceladoro.com\/fr\/#\/schema\/logo\/image\/","url":"https:\/\/www.misceladoro.com\/wp-content\/uploads\/2022\/10\/LogoMiscelaOro-logo.png","contentUrl":"https:\/\/www.misceladoro.com\/wp-content\/uploads\/2022\/10\/LogoMiscelaOro-logo.png","width":200,"height":120,"caption":"Miscela d'Oro"},"image":{"@id":"https:\/\/www.misceladoro.com\/fr\/#\/schema\/logo\/image\/"},"sameAs":["https:\/\/www.facebook.com\/MDOSicilia1946","https:\/\/x.com\/miscela_doro","https:\/\/www.instagram.com\/misceladoro\/"]}]}},"_links":{"self":[{"href":"https:\/\/www.misceladoro.com\/fr\/wp-json\/wp\/v2\/product\/14401","targetHints":{"allow":["GET"]}}],"collection":[{"href":"https:\/\/www.misceladoro.com\/fr\/wp-json\/wp\/v2\/product"}],"about":[{"href":"https:\/\/www.misceladoro.com\/fr\/wp-json\/wp\/v2\/types\/product"}],"wp:featuredmedia":[{"embeddable":true,"href":"https:\/\/www.misceladoro.com\/fr\/wp-json\/wp\/v2\/media\/10841"}],"wp:attachment":[{"href":"https:\/\/www.misceladoro.com\/fr\/wp-json\/wp\/v2\/media?parent=14401"}],"wp:term":[{"taxonomy":"product_brand","embeddable":true,"href":"https:\/\/www.misceladoro.com\/fr\/wp-json\/wp\/v2\/product_brand?post=14401"},{"taxonomy":"product_cat","embeddable":true,"href":"https:\/\/www.misceladoro.com\/fr\/wp-json\/wp\/v2\/product_cat?post=14401"},{"taxonomy":"product_tag","embeddable":true,"href":"https:\/\/www.misceladoro.com\/fr\/wp-json\/wp\/v2\/product_tag?post=14401"}],"curies":[{"name":"wp","href":"https:\/\/api.w.org\/{rel}","templated":true}]}}