{"id":14400,"date":"2022-10-19T16:00:42","date_gmt":"2022-10-19T14:00:42","guid":{"rendered":"https:\/\/www.misceladoro.com\/prodotto\/grains-cafe-arabica-espresso-gran-gourmet\/"},"modified":"2025-09-05T15:50:35","modified_gmt":"2025-09-05T13:50:35","slug":"grains-cafe-arabica-espresso-gran-gourmet","status":"publish","type":"product","link":"https:\/\/www.misceladoro.com\/fr\/produit\/grains-cafe-arabica-espresso-gran-gourmet\/","title":{"rendered":"Espresso Gran Gourmet \u2013 Grains de Caf\u00e9 100 % Arabica"},"content":{"rendered":"","protected":false},"excerpt":{"rendered":"<p>M\u00e9lange 100% Arabica de la plus haute qualit\u00e9. Bien \u00e9quilibr\u00e9 et aromatique, avec une acidit\u00e9 d\u00e9licate, des notes douces de noix de cajou et de raisins secs, et une finale au chocolat noir.<\/p>\n","protected":false},"featured_media":10789,"template":"","meta":{"_acf_changed":false,"inline_featured_image":false},"product_brand":[],"product_cat":[718],"product_tag":[1006,1007,1001,992,1010],"class_list":{"0":"post-14400","1":"product","2":"type-product","3":"status-publish","4":"has-post-thumbnail","6":"product_cat-grains-cafe","7":"product_tag-caffe-aromatico-fr","8":"product_tag-caffe-con-crema-vellutata-fr","9":"product_tag-caffe-gourmet-fr","10":"product_tag-caffe-in-grani-fr","11":"product_tag-miscela-pregiata-fr","13":"first","14":"instock","15":"taxable","16":"shipping-taxable","17":"purchasable","18":"product-type-simple"},"acf":[],"yoast_head":"<!-- This site is optimized with the Yoast SEO Premium plugin v26.7 (Yoast SEO v26.7) - https:\/\/yoast.com\/wordpress\/plugins\/seo\/ -->\n<title>Espresso Gran Gourmet - Grains de caf\u00e9 100 % Arabica | Miscela d&#039;Oro<\/title>\n<meta name=\"description\" content=\"Grains de caf\u00e9 100 % Arabica torr\u00e9fi\u00e9s en Sicile. Notes fruit\u00e9es et chocolat\u00e9es, \u00e9quilibre raffin\u00e9. D\u00e9couvrez l\u2019authentique espresso italien.\" \/>\n<meta name=\"robots\" content=\"index, follow, max-snippet:-1, max-image-preview:large, max-video-preview:-1\" \/>\n<link rel=\"canonical\" href=\"https:\/\/www.misceladoro.com\/fr\/produit\/grains-cafe-arabica-espresso-gran-gourmet\/\" \/>\n<meta property=\"og:locale\" content=\"fr_FR\" \/>\n<meta property=\"og:type\" content=\"article\" \/>\n<meta property=\"og:title\" content=\"Espresso Gran Gourmet \u2013 Grains de Caf\u00e9 100 % Arabica\" \/>\n<meta property=\"og:description\" content=\"Scopri l\u2019Espresso Gran Gourmet di Miscela d&#039;Oro. Caff\u00e8 in grani 100% Arabica, con note di anacardi e cioccolato fondente. Acquista ora online!\u00a0\" \/>\n<meta property=\"og:url\" content=\"https:\/\/www.misceladoro.com\/fr\/produit\/grains-cafe-arabica-espresso-gran-gourmet\/\" \/>\n<meta property=\"og:site_name\" content=\"Miscela d&#039;Oro\" \/>\n<meta property=\"article:publisher\" content=\"https:\/\/www.facebook.com\/MDOSicilia1946\" \/>\n<meta property=\"article:modified_time\" content=\"2025-09-05T13:50:35+00:00\" \/>\n<meta property=\"og:image\" content=\"https:\/\/www.misceladoro.com\/wp-content\/uploads\/2022\/10\/gran-gourmet-grani.png\" \/>\n\t<meta property=\"og:image:width\" content=\"941\" \/>\n\t<meta property=\"og:image:height\" content=\"941\" \/>\n\t<meta property=\"og:image:type\" content=\"image\/png\" \/>\n<meta name=\"twitter:card\" content=\"summary_large_image\" \/>\n<meta name=\"twitter:description\" content=\"Scopri l\u2019Espresso Gran Gourmet di Miscela d&#039;Oro. Caff\u00e8 in grani 100% Arabica, con note di anacardi e cioccolato fondente. Acquista ora online!\u00a0\" \/>\n<meta name=\"twitter:site\" content=\"@miscela_doro\" \/>\n<meta name=\"twitter:label1\" content=\"Dur\u00e9e de lecture estim\u00e9e\" \/>\n\t<meta name=\"twitter:data1\" content=\"1 minute\" \/>\n<script type=\"application\/ld+json\" class=\"yoast-schema-graph\">{\"@context\":\"https:\/\/schema.org\",\"@graph\":[{\"@type\":\"WebPage\",\"@id\":\"https:\/\/www.misceladoro.com\/fr\/produit\/grains-cafe-arabica-espresso-gran-gourmet\/\",\"url\":\"https:\/\/www.misceladoro.com\/fr\/produit\/grains-cafe-arabica-espresso-gran-gourmet\/\",\"name\":\"Espresso Gran Gourmet - Grains de caf\u00e9 100 % Arabica | Miscela d&#039;Oro\",\"isPartOf\":{\"@id\":\"https:\/\/www.misceladoro.com\/fr\/#website\"},\"primaryImageOfPage\":{\"@id\":\"https:\/\/www.misceladoro.com\/fr\/produit\/grains-cafe-arabica-espresso-gran-gourmet\/#primaryimage\"},\"image\":{\"@id\":\"https:\/\/www.misceladoro.com\/fr\/produit\/grains-cafe-arabica-espresso-gran-gourmet\/#primaryimage\"},\"thumbnailUrl\":\"https:\/\/www.misceladoro.com\/wp-content\/uploads\/2022\/10\/gran-gourmet-grani.png\",\"datePublished\":\"2022-10-19T14:00:42+00:00\",\"dateModified\":\"2025-09-05T13:50:35+00:00\",\"description\":\"Grains de caf\u00e9 100 % Arabica torr\u00e9fi\u00e9s en Sicile. Notes fruit\u00e9es et chocolat\u00e9es, \u00e9quilibre raffin\u00e9. D\u00e9couvrez l\u2019authentique espresso italien.\",\"breadcrumb\":{\"@id\":\"https:\/\/www.misceladoro.com\/fr\/produit\/grains-cafe-arabica-espresso-gran-gourmet\/#breadcrumb\"},\"inLanguage\":\"fr-FR\",\"potentialAction\":[{\"@type\":\"ReadAction\",\"target\":[\"https:\/\/www.misceladoro.com\/fr\/produit\/grains-cafe-arabica-espresso-gran-gourmet\/\"]}]},{\"@type\":\"ImageObject\",\"inLanguage\":\"fr-FR\",\"@id\":\"https:\/\/www.misceladoro.com\/fr\/produit\/grains-cafe-arabica-espresso-gran-gourmet\/#primaryimage\",\"url\":\"https:\/\/www.misceladoro.com\/wp-content\/uploads\/2022\/10\/gran-gourmet-grani.png\",\"contentUrl\":\"https:\/\/www.misceladoro.com\/wp-content\/uploads\/2022\/10\/gran-gourmet-grani.png\",\"width\":941,\"height\":941,\"caption\":\"||||||||||||||||\"},{\"@type\":\"BreadcrumbList\",\"@id\":\"https:\/\/www.misceladoro.com\/fr\/produit\/grains-cafe-arabica-espresso-gran-gourmet\/#breadcrumb\",\"itemListElement\":[{\"@type\":\"ListItem\",\"position\":1,\"name\":\"Home\",\"item\":\"https:\/\/www.misceladoro.com\/fr\/\"},{\"@type\":\"ListItem\",\"position\":2,\"name\":\"Shop\",\"item\":\"https:\/\/www.misceladoro.com\/fr\/shop\/\"},{\"@type\":\"ListItem\",\"position\":3,\"name\":\"Grains de caf\u00e9\",\"item\":\"https:\/\/www.misceladoro.com\/fr\/grains-cafe\/\"},{\"@type\":\"ListItem\",\"position\":4,\"name\":\"Espresso Gran Gourmet \u2013 Grains de Caf\u00e9 100 % Arabica\"}]},{\"@type\":\"WebSite\",\"@id\":\"https:\/\/www.misceladoro.com\/fr\/#website\",\"url\":\"https:\/\/www.misceladoro.com\/fr\/\",\"name\":\"Miscela d'Oro\",\"description\":\"Artigiani del caff\u00e8 dal 1946\",\"publisher\":{\"@id\":\"https:\/\/www.misceladoro.com\/fr\/#organization\"},\"potentialAction\":[{\"@type\":\"SearchAction\",\"target\":{\"@type\":\"EntryPoint\",\"urlTemplate\":\"https:\/\/www.misceladoro.com\/fr\/?s={search_term_string}\"},\"query-input\":{\"@type\":\"PropertyValueSpecification\",\"valueRequired\":true,\"valueName\":\"search_term_string\"}}],\"inLanguage\":\"fr-FR\"},{\"@type\":\"Organization\",\"@id\":\"https:\/\/www.misceladoro.com\/fr\/#organization\",\"name\":\"Miscela d'Oro\",\"url\":\"https:\/\/www.misceladoro.com\/fr\/\",\"logo\":{\"@type\":\"ImageObject\",\"inLanguage\":\"fr-FR\",\"@id\":\"https:\/\/www.misceladoro.com\/fr\/#\/schema\/logo\/image\/\",\"url\":\"https:\/\/www.misceladoro.com\/wp-content\/uploads\/2022\/10\/LogoMiscelaOro-logo.png\",\"contentUrl\":\"https:\/\/www.misceladoro.com\/wp-content\/uploads\/2022\/10\/LogoMiscelaOro-logo.png\",\"width\":200,\"height\":120,\"caption\":\"Miscela d'Oro\"},\"image\":{\"@id\":\"https:\/\/www.misceladoro.com\/fr\/#\/schema\/logo\/image\/\"},\"sameAs\":[\"https:\/\/www.facebook.com\/MDOSicilia1946\",\"https:\/\/x.com\/miscela_doro\",\"https:\/\/www.instagram.com\/misceladoro\/\"]}]}<\/script>\n<!-- \/ Yoast SEO Premium plugin. -->","yoast_head_json":{"title":"Espresso Gran Gourmet - Grains de caf\u00e9 100 % Arabica | Miscela d&#039;Oro","description":"Grains de caf\u00e9 100 % Arabica torr\u00e9fi\u00e9s en Sicile. Notes fruit\u00e9es et chocolat\u00e9es, \u00e9quilibre raffin\u00e9. D\u00e9couvrez l\u2019authentique espresso italien.","robots":{"index":"index","follow":"follow","max-snippet":"max-snippet:-1","max-image-preview":"max-image-preview:large","max-video-preview":"max-video-preview:-1"},"canonical":"https:\/\/www.misceladoro.com\/fr\/produit\/grains-cafe-arabica-espresso-gran-gourmet\/","og_locale":"fr_FR","og_type":"article","og_title":"Espresso Gran Gourmet \u2013 Grains de Caf\u00e9 100 % Arabica","og_description":"Scopri l\u2019Espresso Gran Gourmet di Miscela d'Oro. Caff\u00e8 in grani 100% Arabica, con note di anacardi e cioccolato fondente. Acquista ora online!\u00a0","og_url":"https:\/\/www.misceladoro.com\/fr\/produit\/grains-cafe-arabica-espresso-gran-gourmet\/","og_site_name":"Miscela d&#039;Oro","article_publisher":"https:\/\/www.facebook.com\/MDOSicilia1946","article_modified_time":"2025-09-05T13:50:35+00:00","og_image":[{"width":941,"height":941,"url":"https:\/\/www.misceladoro.com\/wp-content\/uploads\/2022\/10\/gran-gourmet-grani.png","type":"image\/png"}],"twitter_card":"summary_large_image","twitter_description":"Scopri l\u2019Espresso Gran Gourmet di Miscela d'Oro. Caff\u00e8 in grani 100% Arabica, con note di anacardi e cioccolato fondente. Acquista ora online!\u00a0","twitter_site":"@miscela_doro","twitter_misc":{"Dur\u00e9e de lecture estim\u00e9e":"1 minute"},"schema":{"@context":"https:\/\/schema.org","@graph":[{"@type":"WebPage","@id":"https:\/\/www.misceladoro.com\/fr\/produit\/grains-cafe-arabica-espresso-gran-gourmet\/","url":"https:\/\/www.misceladoro.com\/fr\/produit\/grains-cafe-arabica-espresso-gran-gourmet\/","name":"Espresso Gran Gourmet - Grains de caf\u00e9 100 % Arabica | Miscela d&#039;Oro","isPartOf":{"@id":"https:\/\/www.misceladoro.com\/fr\/#website"},"primaryImageOfPage":{"@id":"https:\/\/www.misceladoro.com\/fr\/produit\/grains-cafe-arabica-espresso-gran-gourmet\/#primaryimage"},"image":{"@id":"https:\/\/www.misceladoro.com\/fr\/produit\/grains-cafe-arabica-espresso-gran-gourmet\/#primaryimage"},"thumbnailUrl":"https:\/\/www.misceladoro.com\/wp-content\/uploads\/2022\/10\/gran-gourmet-grani.png","datePublished":"2022-10-19T14:00:42+00:00","dateModified":"2025-09-05T13:50:35+00:00","description":"Grains de caf\u00e9 100 % Arabica torr\u00e9fi\u00e9s en Sicile. Notes fruit\u00e9es et chocolat\u00e9es, \u00e9quilibre raffin\u00e9. D\u00e9couvrez l\u2019authentique espresso italien.","breadcrumb":{"@id":"https:\/\/www.misceladoro.com\/fr\/produit\/grains-cafe-arabica-espresso-gran-gourmet\/#breadcrumb"},"inLanguage":"fr-FR","potentialAction":[{"@type":"ReadAction","target":["https:\/\/www.misceladoro.com\/fr\/produit\/grains-cafe-arabica-espresso-gran-gourmet\/"]}]},{"@type":"ImageObject","inLanguage":"fr-FR","@id":"https:\/\/www.misceladoro.com\/fr\/produit\/grains-cafe-arabica-espresso-gran-gourmet\/#primaryimage","url":"https:\/\/www.misceladoro.com\/wp-content\/uploads\/2022\/10\/gran-gourmet-grani.png","contentUrl":"https:\/\/www.misceladoro.com\/wp-content\/uploads\/2022\/10\/gran-gourmet-grani.png","width":941,"height":941,"caption":"||||||||||||||||"},{"@type":"BreadcrumbList","@id":"https:\/\/www.misceladoro.com\/fr\/produit\/grains-cafe-arabica-espresso-gran-gourmet\/#breadcrumb","itemListElement":[{"@type":"ListItem","position":1,"name":"Home","item":"https:\/\/www.misceladoro.com\/fr\/"},{"@type":"ListItem","position":2,"name":"Shop","item":"https:\/\/www.misceladoro.com\/fr\/shop\/"},{"@type":"ListItem","position":3,"name":"Grains de caf\u00e9","item":"https:\/\/www.misceladoro.com\/fr\/grains-cafe\/"},{"@type":"ListItem","position":4,"name":"Espresso Gran Gourmet \u2013 Grains de Caf\u00e9 100 % Arabica"}]},{"@type":"WebSite","@id":"https:\/\/www.misceladoro.com\/fr\/#website","url":"https:\/\/www.misceladoro.com\/fr\/","name":"Miscela d'Oro","description":"Artigiani del caff\u00e8 dal 1946","publisher":{"@id":"https:\/\/www.misceladoro.com\/fr\/#organization"},"potentialAction":[{"@type":"SearchAction","target":{"@type":"EntryPoint","urlTemplate":"https:\/\/www.misceladoro.com\/fr\/?s={search_term_string}"},"query-input":{"@type":"PropertyValueSpecification","valueRequired":true,"valueName":"search_term_string"}}],"inLanguage":"fr-FR"},{"@type":"Organization","@id":"https:\/\/www.misceladoro.com\/fr\/#organization","name":"Miscela d'Oro","url":"https:\/\/www.misceladoro.com\/fr\/","logo":{"@type":"ImageObject","inLanguage":"fr-FR","@id":"https:\/\/www.misceladoro.com\/fr\/#\/schema\/logo\/image\/","url":"https:\/\/www.misceladoro.com\/wp-content\/uploads\/2022\/10\/LogoMiscelaOro-logo.png","contentUrl":"https:\/\/www.misceladoro.com\/wp-content\/uploads\/2022\/10\/LogoMiscelaOro-logo.png","width":200,"height":120,"caption":"Miscela d'Oro"},"image":{"@id":"https:\/\/www.misceladoro.com\/fr\/#\/schema\/logo\/image\/"},"sameAs":["https:\/\/www.facebook.com\/MDOSicilia1946","https:\/\/x.com\/miscela_doro","https:\/\/www.instagram.com\/misceladoro\/"]}]}},"_links":{"self":[{"href":"https:\/\/www.misceladoro.com\/fr\/wp-json\/wp\/v2\/product\/14400","targetHints":{"allow":["GET"]}}],"collection":[{"href":"https:\/\/www.misceladoro.com\/fr\/wp-json\/wp\/v2\/product"}],"about":[{"href":"https:\/\/www.misceladoro.com\/fr\/wp-json\/wp\/v2\/types\/product"}],"wp:featuredmedia":[{"embeddable":true,"href":"https:\/\/www.misceladoro.com\/fr\/wp-json\/wp\/v2\/media\/10789"}],"wp:attachment":[{"href":"https:\/\/www.misceladoro.com\/fr\/wp-json\/wp\/v2\/media?parent=14400"}],"wp:term":[{"taxonomy":"product_brand","embeddable":true,"href":"https:\/\/www.misceladoro.com\/fr\/wp-json\/wp\/v2\/product_brand?post=14400"},{"taxonomy":"product_cat","embeddable":true,"href":"https:\/\/www.misceladoro.com\/fr\/wp-json\/wp\/v2\/product_cat?post=14400"},{"taxonomy":"product_tag","embeddable":true,"href":"https:\/\/www.misceladoro.com\/fr\/wp-json\/wp\/v2\/product_tag?post=14400"}],"curies":[{"name":"wp","href":"https:\/\/api.w.org\/{rel}","templated":true}]}}