{"id":14398,"date":"2022-10-19T15:21:54","date_gmt":"2022-10-19T13:21:54","guid":{"rendered":"https:\/\/www.misceladoro.com\/prodotto\/grains-pour-filtre-americano-classico\/"},"modified":"2025-07-10T14:47:51","modified_gmt":"2025-07-10T12:47:51","slug":"grains-pour-filtre-americano-classico","status":"publish","type":"product","link":"https:\/\/www.misceladoro.com\/fr\/produit\/grains-pour-filtre-americano-classico\/","title":{"rendered":"Americano Classico \u2013 Caf\u00e9 en Grain Pour Filtre"},"content":{"rendered":"","protected":false},"excerpt":{"rendered":"<p class=\"p1\">Un m\u00e9lange de caf\u00e9s fins pour un caf\u00e9 filtre fort et intense. \u00c9quilibr\u00e9 et enveloppant, il pr\u00e9sente une l\u00e9g\u00e8re acidit\u00e9 en bouche et des notes de pop-corn, de pain et de noix grill\u00e9es.<\/p>\n","protected":false},"featured_media":11653,"template":"","meta":{"_acf_changed":false,"inline_featured_image":false},"product_brand":[],"product_cat":[720,714],"product_tag":[992],"class_list":{"0":"post-14398","1":"product","2":"type-product","3":"status-publish","4":"has-post-thumbnail","6":"product_cat-grains-pour-filtre","7":"product_cat-cafe-filtre","8":"product_tag-caffe-in-grani-fr","10":"first","11":"instock","12":"taxable","13":"shipping-taxable","14":"purchasable","15":"product-type-simple"},"acf":[],"yoast_head":"<!-- This site is optimized with the Yoast SEO Premium plugin v26.7 (Yoast SEO v26.7) - https:\/\/yoast.com\/wordpress\/plugins\/seo\/ -->\n<title>Americano Classico: Caf\u00e9 en Grain Pour Filtre | Miscela d&#039;Oro<\/title>\n<meta name=\"description\" content=\"Americano Classico\u00a0: caf\u00e9 filtre cors\u00e9 aux notes grill\u00e9es. Espresso doux et riche pour les amateurs de caf\u00e9 quotidien.\" \/>\n<meta name=\"robots\" content=\"index, follow, max-snippet:-1, max-image-preview:large, max-video-preview:-1\" \/>\n<link rel=\"canonical\" href=\"https:\/\/www.misceladoro.com\/fr\/produit\/grains-pour-filtre-americano-classico\/\" \/>\n<meta property=\"og:locale\" content=\"fr_FR\" \/>\n<meta property=\"og:type\" content=\"article\" \/>\n<meta property=\"og:title\" content=\"Americano Classico \u2013 Caf\u00e9 en Grain Pour Filtre\" \/>\n<meta property=\"og:description\" content=\"Prova l\u2019Americano Classico di Miscela d&#039;Oro. Caff\u00e8 in grani pregiato per un caff\u00e8 filtro forte e intenso. Acquista ora online!\" \/>\n<meta property=\"og:url\" content=\"https:\/\/www.misceladoro.com\/fr\/produit\/grains-pour-filtre-americano-classico\/\" \/>\n<meta property=\"og:site_name\" content=\"Miscela d&#039;Oro\" \/>\n<meta property=\"article:publisher\" content=\"https:\/\/www.facebook.com\/MDOSicilia1946\" \/>\n<meta property=\"article:modified_time\" content=\"2025-07-10T12:47:51+00:00\" \/>\n<meta property=\"og:image\" content=\"https:\/\/www.misceladoro.com\/wp-content\/uploads\/2024\/01\/Amercicano_classico_500g.png\" \/>\n\t<meta property=\"og:image:width\" content=\"900\" \/>\n\t<meta property=\"og:image:height\" content=\"900\" \/>\n\t<meta property=\"og:image:type\" content=\"image\/png\" \/>\n<meta name=\"twitter:card\" content=\"summary_large_image\" \/>\n<meta name=\"twitter:description\" content=\"Prova l\u2019Americano Classico di Miscela d&#039;Oro. Caff\u00e8 in grani pregiato per un caff\u00e8 filtro forte e intenso. Acquista ora online!\" \/>\n<meta name=\"twitter:site\" content=\"@miscela_doro\" \/>\n<meta name=\"twitter:label1\" content=\"Dur\u00e9e de lecture estim\u00e9e\" \/>\n\t<meta name=\"twitter:data1\" content=\"1 minute\" \/>\n<script type=\"application\/ld+json\" class=\"yoast-schema-graph\">{\"@context\":\"https:\/\/schema.org\",\"@graph\":[{\"@type\":\"WebPage\",\"@id\":\"https:\/\/www.misceladoro.com\/fr\/produit\/grains-pour-filtre-americano-classico\/\",\"url\":\"https:\/\/www.misceladoro.com\/fr\/produit\/grains-pour-filtre-americano-classico\/\",\"name\":\"Americano Classico: Caf\u00e9 en Grain Pour Filtre | Miscela d&#039;Oro\",\"isPartOf\":{\"@id\":\"https:\/\/www.misceladoro.com\/fr\/#website\"},\"primaryImageOfPage\":{\"@id\":\"https:\/\/www.misceladoro.com\/fr\/produit\/grains-pour-filtre-americano-classico\/#primaryimage\"},\"image\":{\"@id\":\"https:\/\/www.misceladoro.com\/fr\/produit\/grains-pour-filtre-americano-classico\/#primaryimage\"},\"thumbnailUrl\":\"https:\/\/www.misceladoro.com\/wp-content\/uploads\/2024\/01\/Amercicano_classico_500g.png\",\"datePublished\":\"2022-10-19T13:21:54+00:00\",\"dateModified\":\"2025-07-10T12:47:51+00:00\",\"description\":\"Americano Classico\u00a0: caf\u00e9 filtre cors\u00e9 aux notes grill\u00e9es. Espresso doux et riche pour les amateurs de caf\u00e9 quotidien.\",\"breadcrumb\":{\"@id\":\"https:\/\/www.misceladoro.com\/fr\/produit\/grains-pour-filtre-americano-classico\/#breadcrumb\"},\"inLanguage\":\"fr-FR\",\"potentialAction\":[{\"@type\":\"ReadAction\",\"target\":[\"https:\/\/www.misceladoro.com\/fr\/produit\/grains-pour-filtre-americano-classico\/\"]}]},{\"@type\":\"ImageObject\",\"inLanguage\":\"fr-FR\",\"@id\":\"https:\/\/www.misceladoro.com\/fr\/produit\/grains-pour-filtre-americano-classico\/#primaryimage\",\"url\":\"https:\/\/www.misceladoro.com\/wp-content\/uploads\/2024\/01\/Amercicano_classico_500g.png\",\"contentUrl\":\"https:\/\/www.misceladoro.com\/wp-content\/uploads\/2024\/01\/Amercicano_classico_500g.png\",\"width\":900,\"height\":900,\"caption\":\"||\"},{\"@type\":\"BreadcrumbList\",\"@id\":\"https:\/\/www.misceladoro.com\/fr\/produit\/grains-pour-filtre-americano-classico\/#breadcrumb\",\"itemListElement\":[{\"@type\":\"ListItem\",\"position\":1,\"name\":\"Home\",\"item\":\"https:\/\/www.misceladoro.com\/fr\/\"},{\"@type\":\"ListItem\",\"position\":2,\"name\":\"Shop\",\"item\":\"https:\/\/www.misceladoro.com\/fr\/shop\/\"},{\"@type\":\"ListItem\",\"position\":3,\"name\":\"Caf\u00e9 filtre\",\"item\":\"https:\/\/www.misceladoro.com\/fr\/cafe-filtre\/\"},{\"@type\":\"ListItem\",\"position\":4,\"name\":\"Caf\u00e9 en grains pour filtre\",\"item\":\"https:\/\/www.misceladoro.com\/fr\/cafe-filtre\/grains-pour-filtre\/\"},{\"@type\":\"ListItem\",\"position\":5,\"name\":\"Americano Classico \u2013 Caf\u00e9 en Grain Pour Filtre\"}]},{\"@type\":\"WebSite\",\"@id\":\"https:\/\/www.misceladoro.com\/fr\/#website\",\"url\":\"https:\/\/www.misceladoro.com\/fr\/\",\"name\":\"Miscela d'Oro\",\"description\":\"Artigiani del caff\u00e8 dal 1946\",\"publisher\":{\"@id\":\"https:\/\/www.misceladoro.com\/fr\/#organization\"},\"potentialAction\":[{\"@type\":\"SearchAction\",\"target\":{\"@type\":\"EntryPoint\",\"urlTemplate\":\"https:\/\/www.misceladoro.com\/fr\/?s={search_term_string}\"},\"query-input\":{\"@type\":\"PropertyValueSpecification\",\"valueRequired\":true,\"valueName\":\"search_term_string\"}}],\"inLanguage\":\"fr-FR\"},{\"@type\":\"Organization\",\"@id\":\"https:\/\/www.misceladoro.com\/fr\/#organization\",\"name\":\"Miscela d'Oro\",\"url\":\"https:\/\/www.misceladoro.com\/fr\/\",\"logo\":{\"@type\":\"ImageObject\",\"inLanguage\":\"fr-FR\",\"@id\":\"https:\/\/www.misceladoro.com\/fr\/#\/schema\/logo\/image\/\",\"url\":\"https:\/\/www.misceladoro.com\/wp-content\/uploads\/2022\/10\/LogoMiscelaOro-logo.png\",\"contentUrl\":\"https:\/\/www.misceladoro.com\/wp-content\/uploads\/2022\/10\/LogoMiscelaOro-logo.png\",\"width\":200,\"height\":120,\"caption\":\"Miscela d'Oro\"},\"image\":{\"@id\":\"https:\/\/www.misceladoro.com\/fr\/#\/schema\/logo\/image\/\"},\"sameAs\":[\"https:\/\/www.facebook.com\/MDOSicilia1946\",\"https:\/\/x.com\/miscela_doro\",\"https:\/\/www.instagram.com\/misceladoro\/\"]}]}<\/script>\n<!-- \/ Yoast SEO Premium plugin. -->","yoast_head_json":{"title":"Americano Classico: Caf\u00e9 en Grain Pour Filtre | Miscela d&#039;Oro","description":"Americano Classico\u00a0: caf\u00e9 filtre cors\u00e9 aux notes grill\u00e9es. Espresso doux et riche pour les amateurs de caf\u00e9 quotidien.","robots":{"index":"index","follow":"follow","max-snippet":"max-snippet:-1","max-image-preview":"max-image-preview:large","max-video-preview":"max-video-preview:-1"},"canonical":"https:\/\/www.misceladoro.com\/fr\/produit\/grains-pour-filtre-americano-classico\/","og_locale":"fr_FR","og_type":"article","og_title":"Americano Classico \u2013 Caf\u00e9 en Grain Pour Filtre","og_description":"Prova l\u2019Americano Classico di Miscela d'Oro. Caff\u00e8 in grani pregiato per un caff\u00e8 filtro forte e intenso. Acquista ora online!","og_url":"https:\/\/www.misceladoro.com\/fr\/produit\/grains-pour-filtre-americano-classico\/","og_site_name":"Miscela d&#039;Oro","article_publisher":"https:\/\/www.facebook.com\/MDOSicilia1946","article_modified_time":"2025-07-10T12:47:51+00:00","og_image":[{"width":900,"height":900,"url":"https:\/\/www.misceladoro.com\/wp-content\/uploads\/2024\/01\/Amercicano_classico_500g.png","type":"image\/png"}],"twitter_card":"summary_large_image","twitter_description":"Prova l\u2019Americano Classico di Miscela d'Oro. Caff\u00e8 in grani pregiato per un caff\u00e8 filtro forte e intenso. Acquista ora online!","twitter_site":"@miscela_doro","twitter_misc":{"Dur\u00e9e de lecture estim\u00e9e":"1 minute"},"schema":{"@context":"https:\/\/schema.org","@graph":[{"@type":"WebPage","@id":"https:\/\/www.misceladoro.com\/fr\/produit\/grains-pour-filtre-americano-classico\/","url":"https:\/\/www.misceladoro.com\/fr\/produit\/grains-pour-filtre-americano-classico\/","name":"Americano Classico: Caf\u00e9 en Grain Pour Filtre | Miscela d&#039;Oro","isPartOf":{"@id":"https:\/\/www.misceladoro.com\/fr\/#website"},"primaryImageOfPage":{"@id":"https:\/\/www.misceladoro.com\/fr\/produit\/grains-pour-filtre-americano-classico\/#primaryimage"},"image":{"@id":"https:\/\/www.misceladoro.com\/fr\/produit\/grains-pour-filtre-americano-classico\/#primaryimage"},"thumbnailUrl":"https:\/\/www.misceladoro.com\/wp-content\/uploads\/2024\/01\/Amercicano_classico_500g.png","datePublished":"2022-10-19T13:21:54+00:00","dateModified":"2025-07-10T12:47:51+00:00","description":"Americano Classico\u00a0: caf\u00e9 filtre cors\u00e9 aux notes grill\u00e9es. Espresso doux et riche pour les amateurs de caf\u00e9 quotidien.","breadcrumb":{"@id":"https:\/\/www.misceladoro.com\/fr\/produit\/grains-pour-filtre-americano-classico\/#breadcrumb"},"inLanguage":"fr-FR","potentialAction":[{"@type":"ReadAction","target":["https:\/\/www.misceladoro.com\/fr\/produit\/grains-pour-filtre-americano-classico\/"]}]},{"@type":"ImageObject","inLanguage":"fr-FR","@id":"https:\/\/www.misceladoro.com\/fr\/produit\/grains-pour-filtre-americano-classico\/#primaryimage","url":"https:\/\/www.misceladoro.com\/wp-content\/uploads\/2024\/01\/Amercicano_classico_500g.png","contentUrl":"https:\/\/www.misceladoro.com\/wp-content\/uploads\/2024\/01\/Amercicano_classico_500g.png","width":900,"height":900,"caption":"||"},{"@type":"BreadcrumbList","@id":"https:\/\/www.misceladoro.com\/fr\/produit\/grains-pour-filtre-americano-classico\/#breadcrumb","itemListElement":[{"@type":"ListItem","position":1,"name":"Home","item":"https:\/\/www.misceladoro.com\/fr\/"},{"@type":"ListItem","position":2,"name":"Shop","item":"https:\/\/www.misceladoro.com\/fr\/shop\/"},{"@type":"ListItem","position":3,"name":"Caf\u00e9 filtre","item":"https:\/\/www.misceladoro.com\/fr\/cafe-filtre\/"},{"@type":"ListItem","position":4,"name":"Caf\u00e9 en grains pour filtre","item":"https:\/\/www.misceladoro.com\/fr\/cafe-filtre\/grains-pour-filtre\/"},{"@type":"ListItem","position":5,"name":"Americano Classico \u2013 Caf\u00e9 en Grain Pour Filtre"}]},{"@type":"WebSite","@id":"https:\/\/www.misceladoro.com\/fr\/#website","url":"https:\/\/www.misceladoro.com\/fr\/","name":"Miscela d'Oro","description":"Artigiani del caff\u00e8 dal 1946","publisher":{"@id":"https:\/\/www.misceladoro.com\/fr\/#organization"},"potentialAction":[{"@type":"SearchAction","target":{"@type":"EntryPoint","urlTemplate":"https:\/\/www.misceladoro.com\/fr\/?s={search_term_string}"},"query-input":{"@type":"PropertyValueSpecification","valueRequired":true,"valueName":"search_term_string"}}],"inLanguage":"fr-FR"},{"@type":"Organization","@id":"https:\/\/www.misceladoro.com\/fr\/#organization","name":"Miscela d'Oro","url":"https:\/\/www.misceladoro.com\/fr\/","logo":{"@type":"ImageObject","inLanguage":"fr-FR","@id":"https:\/\/www.misceladoro.com\/fr\/#\/schema\/logo\/image\/","url":"https:\/\/www.misceladoro.com\/wp-content\/uploads\/2022\/10\/LogoMiscelaOro-logo.png","contentUrl":"https:\/\/www.misceladoro.com\/wp-content\/uploads\/2022\/10\/LogoMiscelaOro-logo.png","width":200,"height":120,"caption":"Miscela d'Oro"},"image":{"@id":"https:\/\/www.misceladoro.com\/fr\/#\/schema\/logo\/image\/"},"sameAs":["https:\/\/www.facebook.com\/MDOSicilia1946","https:\/\/x.com\/miscela_doro","https:\/\/www.instagram.com\/misceladoro\/"]}]}},"_links":{"self":[{"href":"https:\/\/www.misceladoro.com\/fr\/wp-json\/wp\/v2\/product\/14398","targetHints":{"allow":["GET"]}}],"collection":[{"href":"https:\/\/www.misceladoro.com\/fr\/wp-json\/wp\/v2\/product"}],"about":[{"href":"https:\/\/www.misceladoro.com\/fr\/wp-json\/wp\/v2\/types\/product"}],"wp:featuredmedia":[{"embeddable":true,"href":"https:\/\/www.misceladoro.com\/fr\/wp-json\/wp\/v2\/media\/11653"}],"wp:attachment":[{"href":"https:\/\/www.misceladoro.com\/fr\/wp-json\/wp\/v2\/media?parent=14398"}],"wp:term":[{"taxonomy":"product_brand","embeddable":true,"href":"https:\/\/www.misceladoro.com\/fr\/wp-json\/wp\/v2\/product_brand?post=14398"},{"taxonomy":"product_cat","embeddable":true,"href":"https:\/\/www.misceladoro.com\/fr\/wp-json\/wp\/v2\/product_cat?post=14398"},{"taxonomy":"product_tag","embeddable":true,"href":"https:\/\/www.misceladoro.com\/fr\/wp-json\/wp\/v2\/product_tag?post=14398"}],"curies":[{"name":"wp","href":"https:\/\/api.w.org\/{rel}","templated":true}]}}