{"id":14395,"date":"2022-11-15T11:40:47","date_gmt":"2022-11-15T10:40:47","guid":{"rendered":"https:\/\/www.misceladoro.com\/prodotto\/capsules-compatibles-dolce-gusto-cappuccino\/"},"modified":"2025-09-08T14:31:43","modified_gmt":"2025-09-08T12:31:43","slug":"capsules-compatibles-dolce-gusto-cappuccino","status":"publish","type":"product","link":"https:\/\/www.misceladoro.com\/fr\/produit\/capsules-compatibles-dolce-gusto-cappuccino\/","title":{"rendered":"Cappuccino \u2013 Capsules Compatibles Dolce Gusto\u00ae*"},"content":{"rendered":"","protected":false},"excerpt":{"rendered":"<div class=\"page\" title=\"Page 1\">\n<div class=\"layoutArea\">\n<div class=\"column\">\n<div class=\"page\" title=\"Page 1\">\n<div class=\"layoutArea\">\n<div class=\"column\">\n<p>Un nuage de lait fouett\u00e9 chaud et l&rsquo;\u00e9nergie d&rsquo;un expresso.<\/p>\n<p><strong>8 capsules Espresso Intenso \/ 8 capsules Lait<\/strong><\/p>\n<\/div>\n<\/div>\n<\/div>\n<p>*<strong>Dosettes de caf\u00e9 compatibles avec les machines Nescaf\u00e9\u00ae Dolce Gusto\u00ae<\/strong><\/p>\n<p>Les marques Nescaf\u00e9\u00ae Dolce Gusto\u00ae sont des marques d\u00e9pos\u00e9es de tiers, sans aucun lien avec Miscela d\u2019Oro S.p.A.<\/p>\n<\/div>\n<\/div>\n<\/div>\n","protected":false},"featured_media":11642,"template":"","meta":{"_acf_changed":false,"inline_featured_image":false},"product_brand":[],"product_cat":[728,730],"product_tag":[1285],"class_list":{"0":"post-14395","1":"product","2":"type-product","3":"status-publish","4":"has-post-thumbnail","6":"product_cat-capsules-cafe","7":"product_cat-compatibles-dolce-gusto","8":"product_tag-cappuccino-nescafe-dolce-gusto-fr","10":"first","11":"instock","12":"taxable","13":"shipping-taxable","14":"purchasable","15":"product-type-simple"},"acf":[],"yoast_head":"<!-- This site is optimized with the Yoast SEO Premium plugin v26.7 (Yoast SEO v26.7) - https:\/\/yoast.com\/wordpress\/plugins\/seo\/ -->\n<title>Capsules compatibles Dolce Gusto\u00ae Cappuccino | Miscela d&#039;Oro<\/title>\n<meta name=\"description\" content=\"Capsules compatibles Nescaf\u00e9 Dolce Gusto\u00ae Cappuccino : expresso cors\u00e9 et lait mousseux en parfait \u00e9quilibre. Une pause cr\u00e9meuse et gourmande. Commandez !\" \/>\n<meta name=\"robots\" content=\"index, follow, max-snippet:-1, max-image-preview:large, max-video-preview:-1\" \/>\n<link rel=\"canonical\" href=\"https:\/\/www.misceladoro.com\/fr\/produit\/capsules-compatibles-dolce-gusto-cappuccino\/\" \/>\n<meta property=\"og:locale\" content=\"fr_FR\" \/>\n<meta property=\"og:type\" content=\"article\" \/>\n<meta property=\"og:title\" content=\"Cappuccino \u2013 Capsules Compatibles Dolce Gusto\u00ae*\" \/>\n<meta property=\"og:description\" content=\"Capsules compatibles Nescaf\u00e9 Dolce Gusto\u00ae Cappuccino : expresso cors\u00e9 et lait mousseux en parfait \u00e9quilibre. Une pause cr\u00e9meuse et gourmande. Commandez !\" \/>\n<meta property=\"og:url\" content=\"https:\/\/www.misceladoro.com\/fr\/produit\/capsules-compatibles-dolce-gusto-cappuccino\/\" \/>\n<meta property=\"og:site_name\" content=\"Miscela d&#039;Oro\" \/>\n<meta property=\"article:publisher\" content=\"https:\/\/www.facebook.com\/MDOSicilia1946\" \/>\n<meta property=\"article:modified_time\" content=\"2025-09-08T12:31:43+00:00\" \/>\n<meta property=\"og:image\" content=\"https:\/\/www.misceladoro.com\/wp-content\/uploads\/2022\/11\/cappuccino_dolcegusto.png\" \/>\n\t<meta property=\"og:image:width\" content=\"941\" \/>\n\t<meta property=\"og:image:height\" content=\"941\" \/>\n\t<meta property=\"og:image:type\" content=\"image\/png\" \/>\n<meta name=\"twitter:card\" content=\"summary_large_image\" \/>\n<meta name=\"twitter:site\" content=\"@miscela_doro\" \/>\n<meta name=\"twitter:label1\" content=\"Dur\u00e9e de lecture estim\u00e9e\" \/>\n\t<meta name=\"twitter:data1\" content=\"1 minute\" \/>\n<script type=\"application\/ld+json\" class=\"yoast-schema-graph\">{\"@context\":\"https:\/\/schema.org\",\"@graph\":[{\"@type\":\"WebPage\",\"@id\":\"https:\/\/www.misceladoro.com\/fr\/produit\/capsules-compatibles-dolce-gusto-cappuccino\/\",\"url\":\"https:\/\/www.misceladoro.com\/fr\/produit\/capsules-compatibles-dolce-gusto-cappuccino\/\",\"name\":\"Capsules compatibles Dolce Gusto\u00ae Cappuccino | Miscela d&#039;Oro\",\"isPartOf\":{\"@id\":\"https:\/\/www.misceladoro.com\/fr\/#website\"},\"primaryImageOfPage\":{\"@id\":\"https:\/\/www.misceladoro.com\/fr\/produit\/capsules-compatibles-dolce-gusto-cappuccino\/#primaryimage\"},\"image\":{\"@id\":\"https:\/\/www.misceladoro.com\/fr\/produit\/capsules-compatibles-dolce-gusto-cappuccino\/#primaryimage\"},\"thumbnailUrl\":\"https:\/\/www.misceladoro.com\/wp-content\/uploads\/2022\/11\/cappuccino_dolcegusto.png\",\"datePublished\":\"2022-11-15T10:40:47+00:00\",\"dateModified\":\"2025-09-08T12:31:43+00:00\",\"description\":\"Capsules compatibles Nescaf\u00e9 Dolce Gusto\u00ae Cappuccino : expresso cors\u00e9 et lait mousseux en parfait \u00e9quilibre. Une pause cr\u00e9meuse et gourmande. Commandez !\",\"breadcrumb\":{\"@id\":\"https:\/\/www.misceladoro.com\/fr\/produit\/capsules-compatibles-dolce-gusto-cappuccino\/#breadcrumb\"},\"inLanguage\":\"fr-FR\",\"potentialAction\":[{\"@type\":\"ReadAction\",\"target\":[\"https:\/\/www.misceladoro.com\/fr\/produit\/capsules-compatibles-dolce-gusto-cappuccino\/\"]}]},{\"@type\":\"ImageObject\",\"inLanguage\":\"fr-FR\",\"@id\":\"https:\/\/www.misceladoro.com\/fr\/produit\/capsules-compatibles-dolce-gusto-cappuccino\/#primaryimage\",\"url\":\"https:\/\/www.misceladoro.com\/wp-content\/uploads\/2022\/11\/cappuccino_dolcegusto.png\",\"contentUrl\":\"https:\/\/www.misceladoro.com\/wp-content\/uploads\/2022\/11\/cappuccino_dolcegusto.png\",\"width\":941,\"height\":941,\"caption\":\"|\"},{\"@type\":\"BreadcrumbList\",\"@id\":\"https:\/\/www.misceladoro.com\/fr\/produit\/capsules-compatibles-dolce-gusto-cappuccino\/#breadcrumb\",\"itemListElement\":[{\"@type\":\"ListItem\",\"position\":1,\"name\":\"Home\",\"item\":\"https:\/\/www.misceladoro.com\/fr\/\"},{\"@type\":\"ListItem\",\"position\":2,\"name\":\"Shop\",\"item\":\"https:\/\/www.misceladoro.com\/fr\/shop\/\"},{\"@type\":\"ListItem\",\"position\":3,\"name\":\"Capsules caf\u00e9\",\"item\":\"https:\/\/www.misceladoro.com\/fr\/capsules-cafe\/\"},{\"@type\":\"ListItem\",\"position\":4,\"name\":\"Dolce Gusto\u00ae\u200b compatible\",\"item\":\"https:\/\/www.misceladoro.com\/fr\/capsules-cafe\/compatibles-dolce-gusto\/\"},{\"@type\":\"ListItem\",\"position\":5,\"name\":\"Cappuccino \u2013 Capsules Compatibles Dolce Gusto\u00ae*\"}]},{\"@type\":\"WebSite\",\"@id\":\"https:\/\/www.misceladoro.com\/fr\/#website\",\"url\":\"https:\/\/www.misceladoro.com\/fr\/\",\"name\":\"Miscela d'Oro\",\"description\":\"Artigiani del caff\u00e8 dal 1946\",\"publisher\":{\"@id\":\"https:\/\/www.misceladoro.com\/fr\/#organization\"},\"potentialAction\":[{\"@type\":\"SearchAction\",\"target\":{\"@type\":\"EntryPoint\",\"urlTemplate\":\"https:\/\/www.misceladoro.com\/fr\/?s={search_term_string}\"},\"query-input\":{\"@type\":\"PropertyValueSpecification\",\"valueRequired\":true,\"valueName\":\"search_term_string\"}}],\"inLanguage\":\"fr-FR\"},{\"@type\":\"Organization\",\"@id\":\"https:\/\/www.misceladoro.com\/fr\/#organization\",\"name\":\"Miscela d'Oro\",\"url\":\"https:\/\/www.misceladoro.com\/fr\/\",\"logo\":{\"@type\":\"ImageObject\",\"inLanguage\":\"fr-FR\",\"@id\":\"https:\/\/www.misceladoro.com\/fr\/#\/schema\/logo\/image\/\",\"url\":\"https:\/\/www.misceladoro.com\/wp-content\/uploads\/2022\/10\/LogoMiscelaOro-logo.png\",\"contentUrl\":\"https:\/\/www.misceladoro.com\/wp-content\/uploads\/2022\/10\/LogoMiscelaOro-logo.png\",\"width\":200,\"height\":120,\"caption\":\"Miscela d'Oro\"},\"image\":{\"@id\":\"https:\/\/www.misceladoro.com\/fr\/#\/schema\/logo\/image\/\"},\"sameAs\":[\"https:\/\/www.facebook.com\/MDOSicilia1946\",\"https:\/\/x.com\/miscela_doro\",\"https:\/\/www.instagram.com\/misceladoro\/\"]}]}<\/script>\n<!-- \/ Yoast SEO Premium plugin. -->","yoast_head_json":{"title":"Capsules compatibles Dolce Gusto\u00ae Cappuccino | Miscela d&#039;Oro","description":"Capsules compatibles Nescaf\u00e9 Dolce Gusto\u00ae Cappuccino : expresso cors\u00e9 et lait mousseux en parfait \u00e9quilibre. Une pause cr\u00e9meuse et gourmande. Commandez !","robots":{"index":"index","follow":"follow","max-snippet":"max-snippet:-1","max-image-preview":"max-image-preview:large","max-video-preview":"max-video-preview:-1"},"canonical":"https:\/\/www.misceladoro.com\/fr\/produit\/capsules-compatibles-dolce-gusto-cappuccino\/","og_locale":"fr_FR","og_type":"article","og_title":"Cappuccino \u2013 Capsules Compatibles Dolce Gusto\u00ae*","og_description":"Capsules compatibles Nescaf\u00e9 Dolce Gusto\u00ae Cappuccino : expresso cors\u00e9 et lait mousseux en parfait \u00e9quilibre. Une pause cr\u00e9meuse et gourmande. Commandez !","og_url":"https:\/\/www.misceladoro.com\/fr\/produit\/capsules-compatibles-dolce-gusto-cappuccino\/","og_site_name":"Miscela d&#039;Oro","article_publisher":"https:\/\/www.facebook.com\/MDOSicilia1946","article_modified_time":"2025-09-08T12:31:43+00:00","og_image":[{"width":941,"height":941,"url":"https:\/\/www.misceladoro.com\/wp-content\/uploads\/2022\/11\/cappuccino_dolcegusto.png","type":"image\/png"}],"twitter_card":"summary_large_image","twitter_site":"@miscela_doro","twitter_misc":{"Dur\u00e9e de lecture estim\u00e9e":"1 minute"},"schema":{"@context":"https:\/\/schema.org","@graph":[{"@type":"WebPage","@id":"https:\/\/www.misceladoro.com\/fr\/produit\/capsules-compatibles-dolce-gusto-cappuccino\/","url":"https:\/\/www.misceladoro.com\/fr\/produit\/capsules-compatibles-dolce-gusto-cappuccino\/","name":"Capsules compatibles Dolce Gusto\u00ae Cappuccino | Miscela d&#039;Oro","isPartOf":{"@id":"https:\/\/www.misceladoro.com\/fr\/#website"},"primaryImageOfPage":{"@id":"https:\/\/www.misceladoro.com\/fr\/produit\/capsules-compatibles-dolce-gusto-cappuccino\/#primaryimage"},"image":{"@id":"https:\/\/www.misceladoro.com\/fr\/produit\/capsules-compatibles-dolce-gusto-cappuccino\/#primaryimage"},"thumbnailUrl":"https:\/\/www.misceladoro.com\/wp-content\/uploads\/2022\/11\/cappuccino_dolcegusto.png","datePublished":"2022-11-15T10:40:47+00:00","dateModified":"2025-09-08T12:31:43+00:00","description":"Capsules compatibles Nescaf\u00e9 Dolce Gusto\u00ae Cappuccino : expresso cors\u00e9 et lait mousseux en parfait \u00e9quilibre. Une pause cr\u00e9meuse et gourmande. Commandez !","breadcrumb":{"@id":"https:\/\/www.misceladoro.com\/fr\/produit\/capsules-compatibles-dolce-gusto-cappuccino\/#breadcrumb"},"inLanguage":"fr-FR","potentialAction":[{"@type":"ReadAction","target":["https:\/\/www.misceladoro.com\/fr\/produit\/capsules-compatibles-dolce-gusto-cappuccino\/"]}]},{"@type":"ImageObject","inLanguage":"fr-FR","@id":"https:\/\/www.misceladoro.com\/fr\/produit\/capsules-compatibles-dolce-gusto-cappuccino\/#primaryimage","url":"https:\/\/www.misceladoro.com\/wp-content\/uploads\/2022\/11\/cappuccino_dolcegusto.png","contentUrl":"https:\/\/www.misceladoro.com\/wp-content\/uploads\/2022\/11\/cappuccino_dolcegusto.png","width":941,"height":941,"caption":"|"},{"@type":"BreadcrumbList","@id":"https:\/\/www.misceladoro.com\/fr\/produit\/capsules-compatibles-dolce-gusto-cappuccino\/#breadcrumb","itemListElement":[{"@type":"ListItem","position":1,"name":"Home","item":"https:\/\/www.misceladoro.com\/fr\/"},{"@type":"ListItem","position":2,"name":"Shop","item":"https:\/\/www.misceladoro.com\/fr\/shop\/"},{"@type":"ListItem","position":3,"name":"Capsules caf\u00e9","item":"https:\/\/www.misceladoro.com\/fr\/capsules-cafe\/"},{"@type":"ListItem","position":4,"name":"Dolce Gusto\u00ae\u200b compatible","item":"https:\/\/www.misceladoro.com\/fr\/capsules-cafe\/compatibles-dolce-gusto\/"},{"@type":"ListItem","position":5,"name":"Cappuccino \u2013 Capsules Compatibles Dolce Gusto\u00ae*"}]},{"@type":"WebSite","@id":"https:\/\/www.misceladoro.com\/fr\/#website","url":"https:\/\/www.misceladoro.com\/fr\/","name":"Miscela d'Oro","description":"Artigiani del caff\u00e8 dal 1946","publisher":{"@id":"https:\/\/www.misceladoro.com\/fr\/#organization"},"potentialAction":[{"@type":"SearchAction","target":{"@type":"EntryPoint","urlTemplate":"https:\/\/www.misceladoro.com\/fr\/?s={search_term_string}"},"query-input":{"@type":"PropertyValueSpecification","valueRequired":true,"valueName":"search_term_string"}}],"inLanguage":"fr-FR"},{"@type":"Organization","@id":"https:\/\/www.misceladoro.com\/fr\/#organization","name":"Miscela d'Oro","url":"https:\/\/www.misceladoro.com\/fr\/","logo":{"@type":"ImageObject","inLanguage":"fr-FR","@id":"https:\/\/www.misceladoro.com\/fr\/#\/schema\/logo\/image\/","url":"https:\/\/www.misceladoro.com\/wp-content\/uploads\/2022\/10\/LogoMiscelaOro-logo.png","contentUrl":"https:\/\/www.misceladoro.com\/wp-content\/uploads\/2022\/10\/LogoMiscelaOro-logo.png","width":200,"height":120,"caption":"Miscela d'Oro"},"image":{"@id":"https:\/\/www.misceladoro.com\/fr\/#\/schema\/logo\/image\/"},"sameAs":["https:\/\/www.facebook.com\/MDOSicilia1946","https:\/\/x.com\/miscela_doro","https:\/\/www.instagram.com\/misceladoro\/"]}]}},"_links":{"self":[{"href":"https:\/\/www.misceladoro.com\/fr\/wp-json\/wp\/v2\/product\/14395","targetHints":{"allow":["GET"]}}],"collection":[{"href":"https:\/\/www.misceladoro.com\/fr\/wp-json\/wp\/v2\/product"}],"about":[{"href":"https:\/\/www.misceladoro.com\/fr\/wp-json\/wp\/v2\/types\/product"}],"wp:featuredmedia":[{"embeddable":true,"href":"https:\/\/www.misceladoro.com\/fr\/wp-json\/wp\/v2\/media\/11642"}],"wp:attachment":[{"href":"https:\/\/www.misceladoro.com\/fr\/wp-json\/wp\/v2\/media?parent=14395"}],"wp:term":[{"taxonomy":"product_brand","embeddable":true,"href":"https:\/\/www.misceladoro.com\/fr\/wp-json\/wp\/v2\/product_brand?post=14395"},{"taxonomy":"product_cat","embeddable":true,"href":"https:\/\/www.misceladoro.com\/fr\/wp-json\/wp\/v2\/product_cat?post=14395"},{"taxonomy":"product_tag","embeddable":true,"href":"https:\/\/www.misceladoro.com\/fr\/wp-json\/wp\/v2\/product_tag?post=14395"}],"curies":[{"name":"wp","href":"https:\/\/api.w.org\/{rel}","templated":true}]}}