{"id":14388,"date":"2023-09-15T15:33:35","date_gmt":"2023-09-15T13:33:35","guid":{"rendered":"https:\/\/www.misceladoro.com\/prodotto\/machine-cafe-dolce-gusto-mini-me-avec-capsules\/"},"modified":"2025-07-01T12:28:12","modified_gmt":"2025-07-01T10:28:12","slug":"machine-cafe-dolce-gusto-mini-me-avec-capsules","status":"publish","type":"product","link":"https:\/\/www.misceladoro.com\/fr\/produit\/machine-cafe-dolce-gusto-mini-me-avec-capsules\/","title":{"rendered":"Machine \u00e0 Caf\u00e9 Dolce Gusto\u00ae* Mini Me + 48 Capsules Dolce Gusto\u00ae*"},"content":{"rendered":"","protected":false},"excerpt":{"rendered":"<p><strong>Machine \u00e0 caf\u00e9 Mini Me moderne, compacte et automatique<\/strong><\/p>\n<p>La machine \u00e0 caf\u00e9 Mini Me NESCAF\u00c9\u00ae Dolce Gusto\u00ae, moderne, compacte et automatique, pr\u00e9pare un caf\u00e9 de qualit\u00e9 \u00e0 la cr\u00e8me onctueuse et g\u00e9n\u00e9reuse gr\u00e2ce \u00e0 son syst\u00e8me haute pression (jusqu&rsquo;\u00e0 15 bars). Gr\u00e2ce \u00e0 nos capsules herm\u00e9tiques, qui pr\u00e9servent la fra\u00eecheur du caf\u00e9, vous savourez des tasses toujours pleines d&rsquo;ar\u00f4mes.<\/p>\n<p>Les marques Nescaf\u00e9\u00ae Dolce Gusto\u00ae sont des marques tierces, sans aucun lien avec Miscela d\u2019Oro S.p.A.<\/p>\n","protected":false},"featured_media":11625,"template":"","meta":{"_acf_changed":false,"inline_featured_image":false},"product_brand":[],"product_cat":[748],"product_tag":[],"class_list":{"0":"post-14388","1":"product","2":"type-product","3":"status-publish","4":"has-post-thumbnail","6":"product_cat-machines-cafe","8":"first","9":"instock","10":"taxable","11":"shipping-taxable","12":"purchasable","13":"product-type-simple"},"acf":[],"yoast_head":"<!-- This site is optimized with the Yoast SEO Premium plugin v26.7 (Yoast SEO v26.7) - https:\/\/yoast.com\/wordpress\/plugins\/seo\/ -->\n<title>Machine \u00e0 caf\u00e9 Dolce Gusto\u00ae Mini Me + 48 Capsules | Miscela d&#039;Oro<\/title>\n<meta name=\"description\" content=\"Mini Me Dolce Gusto\u00ae + 48 dosettes : compacte, automatique et design. Pr\u00e9parez un espresso parfait \u00e0 tout moment chez vous.\" \/>\n<meta name=\"robots\" content=\"index, follow, max-snippet:-1, max-image-preview:large, max-video-preview:-1\" \/>\n<link rel=\"canonical\" href=\"https:\/\/www.misceladoro.com\/fr\/produit\/machine-cafe-dolce-gusto-mini-me-avec-capsules\/\" \/>\n<meta property=\"og:locale\" content=\"fr_FR\" \/>\n<meta property=\"og:type\" content=\"article\" \/>\n<meta property=\"og:title\" content=\"Machine \u00e0 Caf\u00e9 Dolce Gusto\u00ae* Mini Me + 48 Capsules Dolce Gusto\u00ae*\" \/>\n<meta property=\"og:description\" content=\"Mini Me Dolce Gusto\u00ae + 48 dosettes : compacte, automatique et design. Pr\u00e9parez un espresso parfait \u00e0 tout moment chez vous.\" \/>\n<meta property=\"og:url\" content=\"https:\/\/www.misceladoro.com\/fr\/produit\/machine-cafe-dolce-gusto-mini-me-avec-capsules\/\" \/>\n<meta property=\"og:site_name\" content=\"Miscela d&#039;Oro\" \/>\n<meta property=\"article:publisher\" content=\"https:\/\/www.facebook.com\/MDOSicilia1946\" \/>\n<meta property=\"article:modified_time\" content=\"2025-07-01T10:28:12+00:00\" \/>\n<meta property=\"og:image\" content=\"https:\/\/www.misceladoro.com\/wp-content\/uploads\/2023\/09\/krups_espresso_cremoso.jpg\" \/>\n\t<meta property=\"og:image:width\" content=\"500\" \/>\n\t<meta property=\"og:image:height\" content=\"500\" \/>\n\t<meta property=\"og:image:type\" content=\"image\/jpeg\" \/>\n<meta name=\"twitter:card\" content=\"summary_large_image\" \/>\n<meta name=\"twitter:site\" content=\"@miscela_doro\" \/>\n<meta name=\"twitter:label1\" content=\"Dur\u00e9e de lecture estim\u00e9e\" \/>\n\t<meta name=\"twitter:data1\" content=\"1 minute\" \/>\n<script type=\"application\/ld+json\" class=\"yoast-schema-graph\">{\"@context\":\"https:\/\/schema.org\",\"@graph\":[{\"@type\":\"WebPage\",\"@id\":\"https:\/\/www.misceladoro.com\/fr\/produit\/machine-cafe-dolce-gusto-mini-me-avec-capsules\/\",\"url\":\"https:\/\/www.misceladoro.com\/fr\/produit\/machine-cafe-dolce-gusto-mini-me-avec-capsules\/\",\"name\":\"Machine \u00e0 caf\u00e9 Dolce Gusto\u00ae Mini Me + 48 Capsules | Miscela d&#039;Oro\",\"isPartOf\":{\"@id\":\"https:\/\/www.misceladoro.com\/fr\/#website\"},\"primaryImageOfPage\":{\"@id\":\"https:\/\/www.misceladoro.com\/fr\/produit\/machine-cafe-dolce-gusto-mini-me-avec-capsules\/#primaryimage\"},\"image\":{\"@id\":\"https:\/\/www.misceladoro.com\/fr\/produit\/machine-cafe-dolce-gusto-mini-me-avec-capsules\/#primaryimage\"},\"thumbnailUrl\":\"https:\/\/www.misceladoro.com\/wp-content\/uploads\/2023\/09\/krups_espresso_cremoso.jpg\",\"datePublished\":\"2023-09-15T13:33:35+00:00\",\"dateModified\":\"2025-07-01T10:28:12+00:00\",\"description\":\"Mini Me Dolce Gusto\u00ae + 48 dosettes : compacte, automatique et design. Pr\u00e9parez un espresso parfait \u00e0 tout moment chez vous.\",\"breadcrumb\":{\"@id\":\"https:\/\/www.misceladoro.com\/fr\/produit\/machine-cafe-dolce-gusto-mini-me-avec-capsules\/#breadcrumb\"},\"inLanguage\":\"fr-FR\",\"potentialAction\":[{\"@type\":\"ReadAction\",\"target\":[\"https:\/\/www.misceladoro.com\/fr\/produit\/machine-cafe-dolce-gusto-mini-me-avec-capsules\/\"]}]},{\"@type\":\"ImageObject\",\"inLanguage\":\"fr-FR\",\"@id\":\"https:\/\/www.misceladoro.com\/fr\/produit\/machine-cafe-dolce-gusto-mini-me-avec-capsules\/#primaryimage\",\"url\":\"https:\/\/www.misceladoro.com\/wp-content\/uploads\/2023\/09\/krups_espresso_cremoso.jpg\",\"contentUrl\":\"https:\/\/www.misceladoro.com\/wp-content\/uploads\/2023\/09\/krups_espresso_cremoso.jpg\",\"width\":500,\"height\":500,\"caption\":\"||||||||||||||||\"},{\"@type\":\"BreadcrumbList\",\"@id\":\"https:\/\/www.misceladoro.com\/fr\/produit\/machine-cafe-dolce-gusto-mini-me-avec-capsules\/#breadcrumb\",\"itemListElement\":[{\"@type\":\"ListItem\",\"position\":1,\"name\":\"Home\",\"item\":\"https:\/\/www.misceladoro.com\/fr\/\"},{\"@type\":\"ListItem\",\"position\":2,\"name\":\"Shop\",\"item\":\"https:\/\/www.misceladoro.com\/fr\/shop\/\"},{\"@type\":\"ListItem\",\"position\":3,\"name\":\"Machines \u00e0 caf\u00e9\",\"item\":\"https:\/\/www.misceladoro.com\/fr\/machines-cafe\/\"},{\"@type\":\"ListItem\",\"position\":4,\"name\":\"Machine \u00e0 Caf\u00e9 Dolce Gusto\u00ae* Mini Me + 48 Capsules Dolce Gusto\u00ae*\"}]},{\"@type\":\"WebSite\",\"@id\":\"https:\/\/www.misceladoro.com\/fr\/#website\",\"url\":\"https:\/\/www.misceladoro.com\/fr\/\",\"name\":\"Miscela d'Oro\",\"description\":\"Artigiani del caff\u00e8 dal 1946\",\"publisher\":{\"@id\":\"https:\/\/www.misceladoro.com\/fr\/#organization\"},\"potentialAction\":[{\"@type\":\"SearchAction\",\"target\":{\"@type\":\"EntryPoint\",\"urlTemplate\":\"https:\/\/www.misceladoro.com\/fr\/?s={search_term_string}\"},\"query-input\":{\"@type\":\"PropertyValueSpecification\",\"valueRequired\":true,\"valueName\":\"search_term_string\"}}],\"inLanguage\":\"fr-FR\"},{\"@type\":\"Organization\",\"@id\":\"https:\/\/www.misceladoro.com\/fr\/#organization\",\"name\":\"Miscela d'Oro\",\"url\":\"https:\/\/www.misceladoro.com\/fr\/\",\"logo\":{\"@type\":\"ImageObject\",\"inLanguage\":\"fr-FR\",\"@id\":\"https:\/\/www.misceladoro.com\/fr\/#\/schema\/logo\/image\/\",\"url\":\"https:\/\/www.misceladoro.com\/wp-content\/uploads\/2022\/10\/LogoMiscelaOro-logo.png\",\"contentUrl\":\"https:\/\/www.misceladoro.com\/wp-content\/uploads\/2022\/10\/LogoMiscelaOro-logo.png\",\"width\":200,\"height\":120,\"caption\":\"Miscela d'Oro\"},\"image\":{\"@id\":\"https:\/\/www.misceladoro.com\/fr\/#\/schema\/logo\/image\/\"},\"sameAs\":[\"https:\/\/www.facebook.com\/MDOSicilia1946\",\"https:\/\/x.com\/miscela_doro\",\"https:\/\/www.instagram.com\/misceladoro\/\"]}]}<\/script>\n<!-- \/ Yoast SEO Premium plugin. -->","yoast_head_json":{"title":"Machine \u00e0 caf\u00e9 Dolce Gusto\u00ae Mini Me + 48 Capsules | Miscela d&#039;Oro","description":"Mini Me Dolce Gusto\u00ae + 48 dosettes : compacte, automatique et design. Pr\u00e9parez un espresso parfait \u00e0 tout moment chez vous.","robots":{"index":"index","follow":"follow","max-snippet":"max-snippet:-1","max-image-preview":"max-image-preview:large","max-video-preview":"max-video-preview:-1"},"canonical":"https:\/\/www.misceladoro.com\/fr\/produit\/machine-cafe-dolce-gusto-mini-me-avec-capsules\/","og_locale":"fr_FR","og_type":"article","og_title":"Machine \u00e0 Caf\u00e9 Dolce Gusto\u00ae* Mini Me + 48 Capsules Dolce Gusto\u00ae*","og_description":"Mini Me Dolce Gusto\u00ae + 48 dosettes : compacte, automatique et design. Pr\u00e9parez un espresso parfait \u00e0 tout moment chez vous.","og_url":"https:\/\/www.misceladoro.com\/fr\/produit\/machine-cafe-dolce-gusto-mini-me-avec-capsules\/","og_site_name":"Miscela d&#039;Oro","article_publisher":"https:\/\/www.facebook.com\/MDOSicilia1946","article_modified_time":"2025-07-01T10:28:12+00:00","og_image":[{"width":500,"height":500,"url":"https:\/\/www.misceladoro.com\/wp-content\/uploads\/2023\/09\/krups_espresso_cremoso.jpg","type":"image\/jpeg"}],"twitter_card":"summary_large_image","twitter_site":"@miscela_doro","twitter_misc":{"Dur\u00e9e de lecture estim\u00e9e":"1 minute"},"schema":{"@context":"https:\/\/schema.org","@graph":[{"@type":"WebPage","@id":"https:\/\/www.misceladoro.com\/fr\/produit\/machine-cafe-dolce-gusto-mini-me-avec-capsules\/","url":"https:\/\/www.misceladoro.com\/fr\/produit\/machine-cafe-dolce-gusto-mini-me-avec-capsules\/","name":"Machine \u00e0 caf\u00e9 Dolce Gusto\u00ae Mini Me + 48 Capsules | Miscela d&#039;Oro","isPartOf":{"@id":"https:\/\/www.misceladoro.com\/fr\/#website"},"primaryImageOfPage":{"@id":"https:\/\/www.misceladoro.com\/fr\/produit\/machine-cafe-dolce-gusto-mini-me-avec-capsules\/#primaryimage"},"image":{"@id":"https:\/\/www.misceladoro.com\/fr\/produit\/machine-cafe-dolce-gusto-mini-me-avec-capsules\/#primaryimage"},"thumbnailUrl":"https:\/\/www.misceladoro.com\/wp-content\/uploads\/2023\/09\/krups_espresso_cremoso.jpg","datePublished":"2023-09-15T13:33:35+00:00","dateModified":"2025-07-01T10:28:12+00:00","description":"Mini Me Dolce Gusto\u00ae + 48 dosettes : compacte, automatique et design. Pr\u00e9parez un espresso parfait \u00e0 tout moment chez vous.","breadcrumb":{"@id":"https:\/\/www.misceladoro.com\/fr\/produit\/machine-cafe-dolce-gusto-mini-me-avec-capsules\/#breadcrumb"},"inLanguage":"fr-FR","potentialAction":[{"@type":"ReadAction","target":["https:\/\/www.misceladoro.com\/fr\/produit\/machine-cafe-dolce-gusto-mini-me-avec-capsules\/"]}]},{"@type":"ImageObject","inLanguage":"fr-FR","@id":"https:\/\/www.misceladoro.com\/fr\/produit\/machine-cafe-dolce-gusto-mini-me-avec-capsules\/#primaryimage","url":"https:\/\/www.misceladoro.com\/wp-content\/uploads\/2023\/09\/krups_espresso_cremoso.jpg","contentUrl":"https:\/\/www.misceladoro.com\/wp-content\/uploads\/2023\/09\/krups_espresso_cremoso.jpg","width":500,"height":500,"caption":"||||||||||||||||"},{"@type":"BreadcrumbList","@id":"https:\/\/www.misceladoro.com\/fr\/produit\/machine-cafe-dolce-gusto-mini-me-avec-capsules\/#breadcrumb","itemListElement":[{"@type":"ListItem","position":1,"name":"Home","item":"https:\/\/www.misceladoro.com\/fr\/"},{"@type":"ListItem","position":2,"name":"Shop","item":"https:\/\/www.misceladoro.com\/fr\/shop\/"},{"@type":"ListItem","position":3,"name":"Machines \u00e0 caf\u00e9","item":"https:\/\/www.misceladoro.com\/fr\/machines-cafe\/"},{"@type":"ListItem","position":4,"name":"Machine \u00e0 Caf\u00e9 Dolce Gusto\u00ae* Mini Me + 48 Capsules Dolce Gusto\u00ae*"}]},{"@type":"WebSite","@id":"https:\/\/www.misceladoro.com\/fr\/#website","url":"https:\/\/www.misceladoro.com\/fr\/","name":"Miscela d'Oro","description":"Artigiani del caff\u00e8 dal 1946","publisher":{"@id":"https:\/\/www.misceladoro.com\/fr\/#organization"},"potentialAction":[{"@type":"SearchAction","target":{"@type":"EntryPoint","urlTemplate":"https:\/\/www.misceladoro.com\/fr\/?s={search_term_string}"},"query-input":{"@type":"PropertyValueSpecification","valueRequired":true,"valueName":"search_term_string"}}],"inLanguage":"fr-FR"},{"@type":"Organization","@id":"https:\/\/www.misceladoro.com\/fr\/#organization","name":"Miscela d'Oro","url":"https:\/\/www.misceladoro.com\/fr\/","logo":{"@type":"ImageObject","inLanguage":"fr-FR","@id":"https:\/\/www.misceladoro.com\/fr\/#\/schema\/logo\/image\/","url":"https:\/\/www.misceladoro.com\/wp-content\/uploads\/2022\/10\/LogoMiscelaOro-logo.png","contentUrl":"https:\/\/www.misceladoro.com\/wp-content\/uploads\/2022\/10\/LogoMiscelaOro-logo.png","width":200,"height":120,"caption":"Miscela d'Oro"},"image":{"@id":"https:\/\/www.misceladoro.com\/fr\/#\/schema\/logo\/image\/"},"sameAs":["https:\/\/www.facebook.com\/MDOSicilia1946","https:\/\/x.com\/miscela_doro","https:\/\/www.instagram.com\/misceladoro\/"]}]}},"_links":{"self":[{"href":"https:\/\/www.misceladoro.com\/fr\/wp-json\/wp\/v2\/product\/14388","targetHints":{"allow":["GET"]}}],"collection":[{"href":"https:\/\/www.misceladoro.com\/fr\/wp-json\/wp\/v2\/product"}],"about":[{"href":"https:\/\/www.misceladoro.com\/fr\/wp-json\/wp\/v2\/types\/product"}],"wp:featuredmedia":[{"embeddable":true,"href":"https:\/\/www.misceladoro.com\/fr\/wp-json\/wp\/v2\/media\/11625"}],"wp:attachment":[{"href":"https:\/\/www.misceladoro.com\/fr\/wp-json\/wp\/v2\/media?parent=14388"}],"wp:term":[{"taxonomy":"product_brand","embeddable":true,"href":"https:\/\/www.misceladoro.com\/fr\/wp-json\/wp\/v2\/product_brand?post=14388"},{"taxonomy":"product_cat","embeddable":true,"href":"https:\/\/www.misceladoro.com\/fr\/wp-json\/wp\/v2\/product_cat?post=14388"},{"taxonomy":"product_tag","embeddable":true,"href":"https:\/\/www.misceladoro.com\/fr\/wp-json\/wp\/v2\/product_tag?post=14388"}],"curies":[{"name":"wp","href":"https:\/\/api.w.org\/{rel}","templated":true}]}}