{"id":14386,"date":"2023-05-11T10:13:54","date_gmt":"2025-05-06T13:30:37","guid":{"rendered":"https:\/\/www.misceladoro.com\/prodotto\/kit-gobelets-palettes-sucre-cafe\/"},"modified":"2025-06-30T10:31:00","modified_gmt":"2025-06-30T08:31:00","slug":"kit-gobelets-palettes-sucre-cafe","status":"publish","type":"product","link":"https:\/\/www.misceladoro.com\/fr\/produit\/kit-gobelets-palettes-sucre-cafe\/","title":{"rendered":"Kit de Gobelets \u00e0 Caf\u00e9 en Carton et de Sachets de Sucre"},"content":{"rendered":"","protected":false},"excerpt":{"rendered":"<p>150 tasses de 85 ml<\/p>\n<p>150 b\u00e2tonnets de sucre blanc<\/p>\n<p>150 b\u00e2tonnets m\u00e9langeurs<\/p>\n","protected":false},"featured_media":12874,"template":"","meta":{"_acf_changed":false,"inline_featured_image":false},"product_brand":[],"product_cat":[746],"product_tag":[],"class_list":{"0":"post-14386","1":"product","2":"type-product","3":"status-publish","4":"has-post-thumbnail","6":"product_cat-tasses-accessoires","8":"first","9":"instock","10":"taxable","11":"shipping-taxable","12":"purchasable","13":"product-type-simple"},"acf":[],"yoast_head":"<!-- This site is optimized with the Yoast SEO Premium plugin v26.7 (Yoast SEO v26.7) - https:\/\/yoast.com\/wordpress\/plugins\/seo\/ -->\n<title>Kit caf\u00e9: gobelets en carton et sachets de sucre | Miscela d&#039;Oro<\/title>\n<meta name=\"description\" content=\"Kit pause-caf\u00e9 complet\u00a0: 150 tasses, sucres, touillettes Miscela d\u2019Oro. Pratique, rapide et \u00e9l\u00e9gant pour bureaux ou \u00e9v\u00e9nements.\" \/>\n<meta name=\"robots\" content=\"index, follow, max-snippet:-1, max-image-preview:large, max-video-preview:-1\" \/>\n<link rel=\"canonical\" href=\"https:\/\/www.misceladoro.com\/fr\/produit\/kit-gobelets-palettes-sucre-cafe\/\" \/>\n<meta property=\"og:locale\" content=\"fr_FR\" \/>\n<meta property=\"og:type\" content=\"article\" \/>\n<meta property=\"og:title\" content=\"Kit de Gobelets \u00e0 Caf\u00e9 en Carton et de Sachets de Sucre\" \/>\n<meta property=\"og:description\" content=\"Kit pause-caf\u00e9 complet\u00a0: 150 tasses, sucres, touillettes Miscela d\u2019Oro. Pratique, rapide et \u00e9l\u00e9gant pour bureaux ou \u00e9v\u00e9nements.\" \/>\n<meta property=\"og:url\" content=\"https:\/\/www.misceladoro.com\/fr\/produit\/kit-gobelets-palettes-sucre-cafe\/\" \/>\n<meta property=\"og:site_name\" content=\"Miscela d&#039;Oro\" \/>\n<meta property=\"article:publisher\" content=\"https:\/\/www.facebook.com\/MDOSicilia1946\" \/>\n<meta property=\"article:modified_time\" content=\"2025-06-30T08:31:00+00:00\" \/>\n<meta property=\"og:image\" content=\"https:\/\/www.misceladoro.com\/wp-content\/uploads\/2023\/05\/kit-vending-espresso.jpeg\" \/>\n\t<meta property=\"og:image:width\" content=\"500\" \/>\n\t<meta property=\"og:image:height\" content=\"500\" \/>\n\t<meta property=\"og:image:type\" content=\"image\/jpeg\" \/>\n<meta name=\"twitter:card\" content=\"summary_large_image\" \/>\n<meta name=\"twitter:site\" content=\"@miscela_doro\" \/>\n<meta name=\"twitter:label1\" content=\"Dur\u00e9e de lecture estim\u00e9e\" \/>\n\t<meta name=\"twitter:data1\" content=\"1 minute\" \/>\n<script type=\"application\/ld+json\" class=\"yoast-schema-graph\">{\"@context\":\"https:\/\/schema.org\",\"@graph\":[{\"@type\":\"WebPage\",\"@id\":\"https:\/\/www.misceladoro.com\/fr\/produit\/kit-gobelets-palettes-sucre-cafe\/\",\"url\":\"https:\/\/www.misceladoro.com\/fr\/produit\/kit-gobelets-palettes-sucre-cafe\/\",\"name\":\"Kit caf\u00e9: gobelets en carton et sachets de sucre | Miscela d&#039;Oro\",\"isPartOf\":{\"@id\":\"https:\/\/www.misceladoro.com\/fr\/#website\"},\"primaryImageOfPage\":{\"@id\":\"https:\/\/www.misceladoro.com\/fr\/produit\/kit-gobelets-palettes-sucre-cafe\/#primaryimage\"},\"image\":{\"@id\":\"https:\/\/www.misceladoro.com\/fr\/produit\/kit-gobelets-palettes-sucre-cafe\/#primaryimage\"},\"thumbnailUrl\":\"https:\/\/www.misceladoro.com\/wp-content\/uploads\/2023\/05\/kit-vending-espresso.jpeg\",\"datePublished\":\"2025-05-06T13:30:37+00:00\",\"dateModified\":\"2025-06-30T08:31:00+00:00\",\"description\":\"Kit pause-caf\u00e9 complet\u00a0: 150 tasses, sucres, touillettes Miscela d\u2019Oro. Pratique, rapide et \u00e9l\u00e9gant pour bureaux ou \u00e9v\u00e9nements.\",\"breadcrumb\":{\"@id\":\"https:\/\/www.misceladoro.com\/fr\/produit\/kit-gobelets-palettes-sucre-cafe\/#breadcrumb\"},\"inLanguage\":\"fr-FR\",\"potentialAction\":[{\"@type\":\"ReadAction\",\"target\":[\"https:\/\/www.misceladoro.com\/fr\/produit\/kit-gobelets-palettes-sucre-cafe\/\"]}]},{\"@type\":\"ImageObject\",\"inLanguage\":\"fr-FR\",\"@id\":\"https:\/\/www.misceladoro.com\/fr\/produit\/kit-gobelets-palettes-sucre-cafe\/#primaryimage\",\"url\":\"https:\/\/www.misceladoro.com\/wp-content\/uploads\/2023\/05\/kit-vending-espresso.jpeg\",\"contentUrl\":\"https:\/\/www.misceladoro.com\/wp-content\/uploads\/2023\/05\/kit-vending-espresso.jpeg\",\"width\":500,\"height\":500},{\"@type\":\"BreadcrumbList\",\"@id\":\"https:\/\/www.misceladoro.com\/fr\/produit\/kit-gobelets-palettes-sucre-cafe\/#breadcrumb\",\"itemListElement\":[{\"@type\":\"ListItem\",\"position\":1,\"name\":\"Home\",\"item\":\"https:\/\/www.misceladoro.com\/fr\/\"},{\"@type\":\"ListItem\",\"position\":2,\"name\":\"Shop\",\"item\":\"https:\/\/www.misceladoro.com\/fr\/shop\/\"},{\"@type\":\"ListItem\",\"position\":3,\"name\":\"Tasses et accessoires\",\"item\":\"https:\/\/www.misceladoro.com\/fr\/tasses-accessoires\/\"},{\"@type\":\"ListItem\",\"position\":4,\"name\":\"Kit de Gobelets \u00e0 Caf\u00e9 en Carton et de Sachets de Sucre\"}]},{\"@type\":\"WebSite\",\"@id\":\"https:\/\/www.misceladoro.com\/fr\/#website\",\"url\":\"https:\/\/www.misceladoro.com\/fr\/\",\"name\":\"Miscela d'Oro\",\"description\":\"Artigiani del caff\u00e8 dal 1946\",\"publisher\":{\"@id\":\"https:\/\/www.misceladoro.com\/fr\/#organization\"},\"potentialAction\":[{\"@type\":\"SearchAction\",\"target\":{\"@type\":\"EntryPoint\",\"urlTemplate\":\"https:\/\/www.misceladoro.com\/fr\/?s={search_term_string}\"},\"query-input\":{\"@type\":\"PropertyValueSpecification\",\"valueRequired\":true,\"valueName\":\"search_term_string\"}}],\"inLanguage\":\"fr-FR\"},{\"@type\":\"Organization\",\"@id\":\"https:\/\/www.misceladoro.com\/fr\/#organization\",\"name\":\"Miscela d'Oro\",\"url\":\"https:\/\/www.misceladoro.com\/fr\/\",\"logo\":{\"@type\":\"ImageObject\",\"inLanguage\":\"fr-FR\",\"@id\":\"https:\/\/www.misceladoro.com\/fr\/#\/schema\/logo\/image\/\",\"url\":\"https:\/\/www.misceladoro.com\/wp-content\/uploads\/2022\/10\/LogoMiscelaOro-logo.png\",\"contentUrl\":\"https:\/\/www.misceladoro.com\/wp-content\/uploads\/2022\/10\/LogoMiscelaOro-logo.png\",\"width\":200,\"height\":120,\"caption\":\"Miscela d'Oro\"},\"image\":{\"@id\":\"https:\/\/www.misceladoro.com\/fr\/#\/schema\/logo\/image\/\"},\"sameAs\":[\"https:\/\/www.facebook.com\/MDOSicilia1946\",\"https:\/\/x.com\/miscela_doro\",\"https:\/\/www.instagram.com\/misceladoro\/\"]}]}<\/script>\n<!-- \/ Yoast SEO Premium plugin. -->","yoast_head_json":{"title":"Kit caf\u00e9: gobelets en carton et sachets de sucre | Miscela d&#039;Oro","description":"Kit pause-caf\u00e9 complet\u00a0: 150 tasses, sucres, touillettes Miscela d\u2019Oro. Pratique, rapide et \u00e9l\u00e9gant pour bureaux ou \u00e9v\u00e9nements.","robots":{"index":"index","follow":"follow","max-snippet":"max-snippet:-1","max-image-preview":"max-image-preview:large","max-video-preview":"max-video-preview:-1"},"canonical":"https:\/\/www.misceladoro.com\/fr\/produit\/kit-gobelets-palettes-sucre-cafe\/","og_locale":"fr_FR","og_type":"article","og_title":"Kit de Gobelets \u00e0 Caf\u00e9 en Carton et de Sachets de Sucre","og_description":"Kit pause-caf\u00e9 complet\u00a0: 150 tasses, sucres, touillettes Miscela d\u2019Oro. Pratique, rapide et \u00e9l\u00e9gant pour bureaux ou \u00e9v\u00e9nements.","og_url":"https:\/\/www.misceladoro.com\/fr\/produit\/kit-gobelets-palettes-sucre-cafe\/","og_site_name":"Miscela d&#039;Oro","article_publisher":"https:\/\/www.facebook.com\/MDOSicilia1946","article_modified_time":"2025-06-30T08:31:00+00:00","og_image":[{"width":500,"height":500,"url":"https:\/\/www.misceladoro.com\/wp-content\/uploads\/2023\/05\/kit-vending-espresso.jpeg","type":"image\/jpeg"}],"twitter_card":"summary_large_image","twitter_site":"@miscela_doro","twitter_misc":{"Dur\u00e9e de lecture estim\u00e9e":"1 minute"},"schema":{"@context":"https:\/\/schema.org","@graph":[{"@type":"WebPage","@id":"https:\/\/www.misceladoro.com\/fr\/produit\/kit-gobelets-palettes-sucre-cafe\/","url":"https:\/\/www.misceladoro.com\/fr\/produit\/kit-gobelets-palettes-sucre-cafe\/","name":"Kit caf\u00e9: gobelets en carton et sachets de sucre | Miscela d&#039;Oro","isPartOf":{"@id":"https:\/\/www.misceladoro.com\/fr\/#website"},"primaryImageOfPage":{"@id":"https:\/\/www.misceladoro.com\/fr\/produit\/kit-gobelets-palettes-sucre-cafe\/#primaryimage"},"image":{"@id":"https:\/\/www.misceladoro.com\/fr\/produit\/kit-gobelets-palettes-sucre-cafe\/#primaryimage"},"thumbnailUrl":"https:\/\/www.misceladoro.com\/wp-content\/uploads\/2023\/05\/kit-vending-espresso.jpeg","datePublished":"2025-05-06T13:30:37+00:00","dateModified":"2025-06-30T08:31:00+00:00","description":"Kit pause-caf\u00e9 complet\u00a0: 150 tasses, sucres, touillettes Miscela d\u2019Oro. Pratique, rapide et \u00e9l\u00e9gant pour bureaux ou \u00e9v\u00e9nements.","breadcrumb":{"@id":"https:\/\/www.misceladoro.com\/fr\/produit\/kit-gobelets-palettes-sucre-cafe\/#breadcrumb"},"inLanguage":"fr-FR","potentialAction":[{"@type":"ReadAction","target":["https:\/\/www.misceladoro.com\/fr\/produit\/kit-gobelets-palettes-sucre-cafe\/"]}]},{"@type":"ImageObject","inLanguage":"fr-FR","@id":"https:\/\/www.misceladoro.com\/fr\/produit\/kit-gobelets-palettes-sucre-cafe\/#primaryimage","url":"https:\/\/www.misceladoro.com\/wp-content\/uploads\/2023\/05\/kit-vending-espresso.jpeg","contentUrl":"https:\/\/www.misceladoro.com\/wp-content\/uploads\/2023\/05\/kit-vending-espresso.jpeg","width":500,"height":500},{"@type":"BreadcrumbList","@id":"https:\/\/www.misceladoro.com\/fr\/produit\/kit-gobelets-palettes-sucre-cafe\/#breadcrumb","itemListElement":[{"@type":"ListItem","position":1,"name":"Home","item":"https:\/\/www.misceladoro.com\/fr\/"},{"@type":"ListItem","position":2,"name":"Shop","item":"https:\/\/www.misceladoro.com\/fr\/shop\/"},{"@type":"ListItem","position":3,"name":"Tasses et accessoires","item":"https:\/\/www.misceladoro.com\/fr\/tasses-accessoires\/"},{"@type":"ListItem","position":4,"name":"Kit de Gobelets \u00e0 Caf\u00e9 en Carton et de Sachets de Sucre"}]},{"@type":"WebSite","@id":"https:\/\/www.misceladoro.com\/fr\/#website","url":"https:\/\/www.misceladoro.com\/fr\/","name":"Miscela d'Oro","description":"Artigiani del caff\u00e8 dal 1946","publisher":{"@id":"https:\/\/www.misceladoro.com\/fr\/#organization"},"potentialAction":[{"@type":"SearchAction","target":{"@type":"EntryPoint","urlTemplate":"https:\/\/www.misceladoro.com\/fr\/?s={search_term_string}"},"query-input":{"@type":"PropertyValueSpecification","valueRequired":true,"valueName":"search_term_string"}}],"inLanguage":"fr-FR"},{"@type":"Organization","@id":"https:\/\/www.misceladoro.com\/fr\/#organization","name":"Miscela d'Oro","url":"https:\/\/www.misceladoro.com\/fr\/","logo":{"@type":"ImageObject","inLanguage":"fr-FR","@id":"https:\/\/www.misceladoro.com\/fr\/#\/schema\/logo\/image\/","url":"https:\/\/www.misceladoro.com\/wp-content\/uploads\/2022\/10\/LogoMiscelaOro-logo.png","contentUrl":"https:\/\/www.misceladoro.com\/wp-content\/uploads\/2022\/10\/LogoMiscelaOro-logo.png","width":200,"height":120,"caption":"Miscela d'Oro"},"image":{"@id":"https:\/\/www.misceladoro.com\/fr\/#\/schema\/logo\/image\/"},"sameAs":["https:\/\/www.facebook.com\/MDOSicilia1946","https:\/\/x.com\/miscela_doro","https:\/\/www.instagram.com\/misceladoro\/"]}]}},"_links":{"self":[{"href":"https:\/\/www.misceladoro.com\/fr\/wp-json\/wp\/v2\/product\/14386","targetHints":{"allow":["GET"]}}],"collection":[{"href":"https:\/\/www.misceladoro.com\/fr\/wp-json\/wp\/v2\/product"}],"about":[{"href":"https:\/\/www.misceladoro.com\/fr\/wp-json\/wp\/v2\/types\/product"}],"wp:featuredmedia":[{"embeddable":true,"href":"https:\/\/www.misceladoro.com\/fr\/wp-json\/wp\/v2\/media\/12874"}],"wp:attachment":[{"href":"https:\/\/www.misceladoro.com\/fr\/wp-json\/wp\/v2\/media?parent=14386"}],"wp:term":[{"taxonomy":"product_brand","embeddable":true,"href":"https:\/\/www.misceladoro.com\/fr\/wp-json\/wp\/v2\/product_brand?post=14386"},{"taxonomy":"product_cat","embeddable":true,"href":"https:\/\/www.misceladoro.com\/fr\/wp-json\/wp\/v2\/product_cat?post=14386"},{"taxonomy":"product_tag","embeddable":true,"href":"https:\/\/www.misceladoro.com\/fr\/wp-json\/wp\/v2\/product_tag?post=14386"}],"curies":[{"name":"wp","href":"https:\/\/api.w.org\/{rel}","templated":true}]}}