{"id":14382,"date":"2024-11-03T12:25:55","date_gmt":"2024-11-03T11:25:55","guid":{"rendered":"https:\/\/www.misceladoro.com\/prodotto\/coffret-petit-dejeuner-cafe-en-dosettes-souples\/"},"modified":"2025-09-15T15:27:14","modified_gmt":"2025-09-15T13:27:14","slug":"coffret-petit-dejeuner-cafe-en-dosettes-souples","status":"publish","type":"product","link":"https:\/\/www.misceladoro.com\/fr\/produit\/coffret-petit-dejeuner-cafe-en-dosettes-souples\/","title":{"rendered":"Coffret Petit-D\u00e9jeuner Sicilien Avec Cafe en Dosettes Souples"},"content":{"rendered":"","protected":false},"excerpt":{"rendered":"<p>Commencez votre journ\u00e9e avec l\u2019ar\u00f4me et le plaisir du v\u00e9ritable espresso sicilien. Avec les dosettes Miscela d\u2019Oro, pr\u00e9parez en quelques secondes un espresso cr\u00e9meux et cors\u00e9 \u2014 comme au caf\u00e9. Savourez-le accompagn\u00e9 de ciambelline sabl\u00e9es parfum\u00e9es et des traditionnels biscuits siciliens aux amandes Nzuddi, pour un v\u00e9ritable go\u00fbt de Sicile.<\/p>\n","protected":false},"featured_media":15992,"template":"","meta":{"_acf_changed":false,"inline_featured_image":false},"product_brand":[],"product_cat":[716],"product_tag":[],"class_list":{"0":"post-14382","1":"product","2":"type-product","3":"status-publish","4":"has-post-thumbnail","6":"product_cat-box-petit-dejeuner","8":"first","9":"instock","10":"sale","11":"taxable","12":"shipping-taxable","13":"purchasable","14":"product-type-yith_bundle"},"acf":[],"yoast_head":"<!-- This site is optimized with the Yoast SEO Premium plugin v26.7 (Yoast SEO v26.7) - https:\/\/yoast.com\/wordpress\/plugins\/seo\/ -->\n<title>Coffret petit-d\u00e9jeuner avec Caf\u00e9 en Dosette Souple | Miscela d&#039;Oro<\/title>\n<meta name=\"description\" content=\"Coffret sicilien avec caf\u00e9 en dosettes et biscuits artisanaux. Apportez les saveurs authentiques de la Sicile chez vous ou offrez-les en cadeau.\" \/>\n<meta name=\"robots\" content=\"index, follow, max-snippet:-1, max-image-preview:large, max-video-preview:-1\" \/>\n<link rel=\"canonical\" href=\"https:\/\/www.misceladoro.com\/fr\/produit\/coffret-petit-dejeuner-cafe-en-dosettes-souples\/\" \/>\n<meta property=\"og:locale\" content=\"fr_FR\" \/>\n<meta property=\"og:type\" content=\"article\" \/>\n<meta property=\"og:title\" content=\"Coffret Petit-D\u00e9jeuner Sicilien Avec Cafe en Dosettes Souples\" \/>\n<meta property=\"og:description\" content=\"Coffret sicilien avec caf\u00e9 en dosettes et biscuits artisanaux. Apportez les saveurs authentiques de la Sicile chez vous ou offrez-les en cadeau.\" \/>\n<meta property=\"og:url\" content=\"https:\/\/www.misceladoro.com\/fr\/produit\/coffret-petit-dejeuner-cafe-en-dosettes-souples\/\" \/>\n<meta property=\"og:site_name\" content=\"Miscela d&#039;Oro\" \/>\n<meta property=\"article:publisher\" content=\"https:\/\/www.facebook.com\/MDOSicilia1946\" \/>\n<meta property=\"article:modified_time\" content=\"2025-09-15T13:27:14+00:00\" \/>\n<meta property=\"og:image\" content=\"https:\/\/www.misceladoro.com\/wp-content\/uploads\/2024\/11\/Untitled-design-9-min-e1757942825242.png\" \/>\n\t<meta property=\"og:image:width\" content=\"1080\" \/>\n\t<meta property=\"og:image:height\" content=\"783\" \/>\n\t<meta property=\"og:image:type\" content=\"image\/png\" \/>\n<meta name=\"twitter:card\" content=\"summary_large_image\" \/>\n<meta name=\"twitter:site\" content=\"@miscela_doro\" \/>\n<meta name=\"twitter:label1\" content=\"Dur\u00e9e de lecture estim\u00e9e\" \/>\n\t<meta name=\"twitter:data1\" content=\"1 minute\" \/>\n<script type=\"application\/ld+json\" class=\"yoast-schema-graph\">{\"@context\":\"https:\/\/schema.org\",\"@graph\":[{\"@type\":\"WebPage\",\"@id\":\"https:\/\/www.misceladoro.com\/fr\/produit\/coffret-petit-dejeuner-cafe-en-dosettes-souples\/\",\"url\":\"https:\/\/www.misceladoro.com\/fr\/produit\/coffret-petit-dejeuner-cafe-en-dosettes-souples\/\",\"name\":\"Coffret petit-d\u00e9jeuner avec Caf\u00e9 en Dosette Souple | Miscela d&#039;Oro\",\"isPartOf\":{\"@id\":\"https:\/\/www.misceladoro.com\/fr\/#website\"},\"primaryImageOfPage\":{\"@id\":\"https:\/\/www.misceladoro.com\/fr\/produit\/coffret-petit-dejeuner-cafe-en-dosettes-souples\/#primaryimage\"},\"image\":{\"@id\":\"https:\/\/www.misceladoro.com\/fr\/produit\/coffret-petit-dejeuner-cafe-en-dosettes-souples\/#primaryimage\"},\"thumbnailUrl\":\"https:\/\/www.misceladoro.com\/wp-content\/uploads\/2024\/11\/Untitled-design-9-min-e1757942825242.png\",\"datePublished\":\"2024-11-03T11:25:55+00:00\",\"dateModified\":\"2025-09-15T13:27:14+00:00\",\"description\":\"Coffret sicilien avec caf\u00e9 en dosettes et biscuits artisanaux. Apportez les saveurs authentiques de la Sicile chez vous ou offrez-les en cadeau.\",\"breadcrumb\":{\"@id\":\"https:\/\/www.misceladoro.com\/fr\/produit\/coffret-petit-dejeuner-cafe-en-dosettes-souples\/#breadcrumb\"},\"inLanguage\":\"fr-FR\",\"potentialAction\":[{\"@type\":\"ReadAction\",\"target\":[\"https:\/\/www.misceladoro.com\/fr\/produit\/coffret-petit-dejeuner-cafe-en-dosettes-souples\/\"]}]},{\"@type\":\"ImageObject\",\"inLanguage\":\"fr-FR\",\"@id\":\"https:\/\/www.misceladoro.com\/fr\/produit\/coffret-petit-dejeuner-cafe-en-dosettes-souples\/#primaryimage\",\"url\":\"https:\/\/www.misceladoro.com\/wp-content\/uploads\/2024\/11\/Untitled-design-9-min-e1757942825242.png\",\"contentUrl\":\"https:\/\/www.misceladoro.com\/wp-content\/uploads\/2024\/11\/Untitled-design-9-min-e1757942825242.png\",\"width\":1080,\"height\":783,\"caption\":\"Box Espresso dosettes, biscuits siciliens Nzuddi & Ciambelline\"},{\"@type\":\"BreadcrumbList\",\"@id\":\"https:\/\/www.misceladoro.com\/fr\/produit\/coffret-petit-dejeuner-cafe-en-dosettes-souples\/#breadcrumb\",\"itemListElement\":[{\"@type\":\"ListItem\",\"position\":1,\"name\":\"Home\",\"item\":\"https:\/\/www.misceladoro.com\/fr\/\"},{\"@type\":\"ListItem\",\"position\":2,\"name\":\"Shop\",\"item\":\"https:\/\/www.misceladoro.com\/fr\/shop\/\"},{\"@type\":\"ListItem\",\"position\":3,\"name\":\"Coffret petit d\u00e9jeuner\",\"item\":\"https:\/\/www.misceladoro.com\/fr\/box-petit-dejeuner\/\"},{\"@type\":\"ListItem\",\"position\":4,\"name\":\"Coffret Petit-D\u00e9jeuner Sicilien Avec Cafe en Dosettes Souples\"}]},{\"@type\":\"WebSite\",\"@id\":\"https:\/\/www.misceladoro.com\/fr\/#website\",\"url\":\"https:\/\/www.misceladoro.com\/fr\/\",\"name\":\"Miscela d'Oro\",\"description\":\"Artigiani del caff\u00e8 dal 1946\",\"publisher\":{\"@id\":\"https:\/\/www.misceladoro.com\/fr\/#organization\"},\"potentialAction\":[{\"@type\":\"SearchAction\",\"target\":{\"@type\":\"EntryPoint\",\"urlTemplate\":\"https:\/\/www.misceladoro.com\/fr\/?s={search_term_string}\"},\"query-input\":{\"@type\":\"PropertyValueSpecification\",\"valueRequired\":true,\"valueName\":\"search_term_string\"}}],\"inLanguage\":\"fr-FR\"},{\"@type\":\"Organization\",\"@id\":\"https:\/\/www.misceladoro.com\/fr\/#organization\",\"name\":\"Miscela d'Oro\",\"url\":\"https:\/\/www.misceladoro.com\/fr\/\",\"logo\":{\"@type\":\"ImageObject\",\"inLanguage\":\"fr-FR\",\"@id\":\"https:\/\/www.misceladoro.com\/fr\/#\/schema\/logo\/image\/\",\"url\":\"https:\/\/www.misceladoro.com\/wp-content\/uploads\/2022\/10\/LogoMiscelaOro-logo.png\",\"contentUrl\":\"https:\/\/www.misceladoro.com\/wp-content\/uploads\/2022\/10\/LogoMiscelaOro-logo.png\",\"width\":200,\"height\":120,\"caption\":\"Miscela d'Oro\"},\"image\":{\"@id\":\"https:\/\/www.misceladoro.com\/fr\/#\/schema\/logo\/image\/\"},\"sameAs\":[\"https:\/\/www.facebook.com\/MDOSicilia1946\",\"https:\/\/x.com\/miscela_doro\",\"https:\/\/www.instagram.com\/misceladoro\/\"]}]}<\/script>\n<!-- \/ Yoast SEO Premium plugin. -->","yoast_head_json":{"title":"Coffret petit-d\u00e9jeuner avec Caf\u00e9 en Dosette Souple | Miscela d&#039;Oro","description":"Coffret sicilien avec caf\u00e9 en dosettes et biscuits artisanaux. Apportez les saveurs authentiques de la Sicile chez vous ou offrez-les en cadeau.","robots":{"index":"index","follow":"follow","max-snippet":"max-snippet:-1","max-image-preview":"max-image-preview:large","max-video-preview":"max-video-preview:-1"},"canonical":"https:\/\/www.misceladoro.com\/fr\/produit\/coffret-petit-dejeuner-cafe-en-dosettes-souples\/","og_locale":"fr_FR","og_type":"article","og_title":"Coffret Petit-D\u00e9jeuner Sicilien Avec Cafe en Dosettes Souples","og_description":"Coffret sicilien avec caf\u00e9 en dosettes et biscuits artisanaux. Apportez les saveurs authentiques de la Sicile chez vous ou offrez-les en cadeau.","og_url":"https:\/\/www.misceladoro.com\/fr\/produit\/coffret-petit-dejeuner-cafe-en-dosettes-souples\/","og_site_name":"Miscela d&#039;Oro","article_publisher":"https:\/\/www.facebook.com\/MDOSicilia1946","article_modified_time":"2025-09-15T13:27:14+00:00","og_image":[{"width":1080,"height":783,"url":"https:\/\/www.misceladoro.com\/wp-content\/uploads\/2024\/11\/Untitled-design-9-min-e1757942825242.png","type":"image\/png"}],"twitter_card":"summary_large_image","twitter_site":"@miscela_doro","twitter_misc":{"Dur\u00e9e de lecture estim\u00e9e":"1 minute"},"schema":{"@context":"https:\/\/schema.org","@graph":[{"@type":"WebPage","@id":"https:\/\/www.misceladoro.com\/fr\/produit\/coffret-petit-dejeuner-cafe-en-dosettes-souples\/","url":"https:\/\/www.misceladoro.com\/fr\/produit\/coffret-petit-dejeuner-cafe-en-dosettes-souples\/","name":"Coffret petit-d\u00e9jeuner avec Caf\u00e9 en Dosette Souple | Miscela d&#039;Oro","isPartOf":{"@id":"https:\/\/www.misceladoro.com\/fr\/#website"},"primaryImageOfPage":{"@id":"https:\/\/www.misceladoro.com\/fr\/produit\/coffret-petit-dejeuner-cafe-en-dosettes-souples\/#primaryimage"},"image":{"@id":"https:\/\/www.misceladoro.com\/fr\/produit\/coffret-petit-dejeuner-cafe-en-dosettes-souples\/#primaryimage"},"thumbnailUrl":"https:\/\/www.misceladoro.com\/wp-content\/uploads\/2024\/11\/Untitled-design-9-min-e1757942825242.png","datePublished":"2024-11-03T11:25:55+00:00","dateModified":"2025-09-15T13:27:14+00:00","description":"Coffret sicilien avec caf\u00e9 en dosettes et biscuits artisanaux. Apportez les saveurs authentiques de la Sicile chez vous ou offrez-les en cadeau.","breadcrumb":{"@id":"https:\/\/www.misceladoro.com\/fr\/produit\/coffret-petit-dejeuner-cafe-en-dosettes-souples\/#breadcrumb"},"inLanguage":"fr-FR","potentialAction":[{"@type":"ReadAction","target":["https:\/\/www.misceladoro.com\/fr\/produit\/coffret-petit-dejeuner-cafe-en-dosettes-souples\/"]}]},{"@type":"ImageObject","inLanguage":"fr-FR","@id":"https:\/\/www.misceladoro.com\/fr\/produit\/coffret-petit-dejeuner-cafe-en-dosettes-souples\/#primaryimage","url":"https:\/\/www.misceladoro.com\/wp-content\/uploads\/2024\/11\/Untitled-design-9-min-e1757942825242.png","contentUrl":"https:\/\/www.misceladoro.com\/wp-content\/uploads\/2024\/11\/Untitled-design-9-min-e1757942825242.png","width":1080,"height":783,"caption":"Box Espresso dosettes, biscuits siciliens Nzuddi & Ciambelline"},{"@type":"BreadcrumbList","@id":"https:\/\/www.misceladoro.com\/fr\/produit\/coffret-petit-dejeuner-cafe-en-dosettes-souples\/#breadcrumb","itemListElement":[{"@type":"ListItem","position":1,"name":"Home","item":"https:\/\/www.misceladoro.com\/fr\/"},{"@type":"ListItem","position":2,"name":"Shop","item":"https:\/\/www.misceladoro.com\/fr\/shop\/"},{"@type":"ListItem","position":3,"name":"Coffret petit d\u00e9jeuner","item":"https:\/\/www.misceladoro.com\/fr\/box-petit-dejeuner\/"},{"@type":"ListItem","position":4,"name":"Coffret Petit-D\u00e9jeuner Sicilien Avec Cafe en Dosettes Souples"}]},{"@type":"WebSite","@id":"https:\/\/www.misceladoro.com\/fr\/#website","url":"https:\/\/www.misceladoro.com\/fr\/","name":"Miscela d'Oro","description":"Artigiani del caff\u00e8 dal 1946","publisher":{"@id":"https:\/\/www.misceladoro.com\/fr\/#organization"},"potentialAction":[{"@type":"SearchAction","target":{"@type":"EntryPoint","urlTemplate":"https:\/\/www.misceladoro.com\/fr\/?s={search_term_string}"},"query-input":{"@type":"PropertyValueSpecification","valueRequired":true,"valueName":"search_term_string"}}],"inLanguage":"fr-FR"},{"@type":"Organization","@id":"https:\/\/www.misceladoro.com\/fr\/#organization","name":"Miscela d'Oro","url":"https:\/\/www.misceladoro.com\/fr\/","logo":{"@type":"ImageObject","inLanguage":"fr-FR","@id":"https:\/\/www.misceladoro.com\/fr\/#\/schema\/logo\/image\/","url":"https:\/\/www.misceladoro.com\/wp-content\/uploads\/2022\/10\/LogoMiscelaOro-logo.png","contentUrl":"https:\/\/www.misceladoro.com\/wp-content\/uploads\/2022\/10\/LogoMiscelaOro-logo.png","width":200,"height":120,"caption":"Miscela d'Oro"},"image":{"@id":"https:\/\/www.misceladoro.com\/fr\/#\/schema\/logo\/image\/"},"sameAs":["https:\/\/www.facebook.com\/MDOSicilia1946","https:\/\/x.com\/miscela_doro","https:\/\/www.instagram.com\/misceladoro\/"]}]}},"_links":{"self":[{"href":"https:\/\/www.misceladoro.com\/fr\/wp-json\/wp\/v2\/product\/14382","targetHints":{"allow":["GET"]}}],"collection":[{"href":"https:\/\/www.misceladoro.com\/fr\/wp-json\/wp\/v2\/product"}],"about":[{"href":"https:\/\/www.misceladoro.com\/fr\/wp-json\/wp\/v2\/types\/product"}],"wp:featuredmedia":[{"embeddable":true,"href":"https:\/\/www.misceladoro.com\/fr\/wp-json\/wp\/v2\/media\/15992"}],"wp:attachment":[{"href":"https:\/\/www.misceladoro.com\/fr\/wp-json\/wp\/v2\/media?parent=14382"}],"wp:term":[{"taxonomy":"product_brand","embeddable":true,"href":"https:\/\/www.misceladoro.com\/fr\/wp-json\/wp\/v2\/product_brand?post=14382"},{"taxonomy":"product_cat","embeddable":true,"href":"https:\/\/www.misceladoro.com\/fr\/wp-json\/wp\/v2\/product_cat?post=14382"},{"taxonomy":"product_tag","embeddable":true,"href":"https:\/\/www.misceladoro.com\/fr\/wp-json\/wp\/v2\/product_tag?post=14382"}],"curies":[{"name":"wp","href":"https:\/\/api.w.org\/{rel}","templated":true}]}}