{"id":14374,"date":"2022-10-11T15:30:30","date_gmt":"2022-10-11T13:30:30","guid":{"rendered":"https:\/\/www.misceladoro.com\/prodotto\/capsules-compatibles-bio-lavazza-espresso-natura\/"},"modified":"2025-06-30T11:37:08","modified_gmt":"2025-06-30T09:37:08","slug":"capsules-compatibles-bio-lavazza-espresso-natura","status":"publish","type":"product","link":"https:\/\/www.misceladoro.com\/fr\/produit\/capsules-compatibles-bio-lavazza-espresso-natura\/","title":{"rendered":"Espresso Natura \u2013 Capsules Compatibles Lavazza\u00ae* Espresso Point\u00ae*"},"content":{"rendered":"","protected":false},"excerpt":{"rendered":"<p class=\"p1\">Un m\u00e9lange haut de gamme de caf\u00e9s s\u00e9lectionn\u00e9s issus de l&rsquo;agriculture biologique. \u00c9quilibr\u00e9 et rond, avec des notes de pain grill\u00e9, de fruits secs et de chocolat.<\/p>\n<p>*<strong>Dosettes de caf\u00e9 compatibles avec les machines Lavazza\u00ae Espresso Point\u00ae<\/strong><\/p>\n<p>Les marques Lavazza\u00ae Espresso Point\u00ae sont des marques d\u00e9pos\u00e9es de tiers, sans aucun lien avec Miscela d\u2019Oro S.p.A.<\/p>\n","protected":false},"featured_media":10690,"template":"","meta":{"_acf_changed":false,"inline_featured_image":false},"product_brand":[],"product_cat":[738,728,732],"product_tag":[1031,1037],"class_list":{"0":"post-14374","1":"product","2":"type-product","3":"status-publish","4":"has-post-thumbnail","6":"product_cat-cafe-bio","7":"product_cat-capsules-cafe","8":"product_cat-compatibles-lavazza-espresso-point","9":"product_tag-caffe-biologico-fr","10":"product_tag-organic-coffee-fr","12":"first","13":"instock","14":"sale","15":"taxable","16":"shipping-taxable","17":"purchasable","18":"product-type-simple"},"acf":[],"yoast_head":"<!-- This site is optimized with the Yoast SEO Premium plugin v26.7 (Yoast SEO v26.7) - https:\/\/yoast.com\/wordpress\/plugins\/seo\/ -->\n<title>Espresso Natura \u2013 Capsules bio compatibles Lavazza\u00ae | Miscela d&#039;Oro<\/title>\n<meta name=\"description\" content=\"Espresso Natura capsules bio Lavazza\u00ae\u00a0: ar\u00f4me \u00e9quilibr\u00e9, espresso durable et intense. Une pause engag\u00e9e et d\u00e9licieuse.\" \/>\n<meta name=\"robots\" content=\"index, follow, max-snippet:-1, max-image-preview:large, max-video-preview:-1\" \/>\n<link rel=\"canonical\" href=\"https:\/\/www.misceladoro.com\/fr\/produit\/capsules-compatibles-bio-lavazza-espresso-natura\/\" \/>\n<meta property=\"og:locale\" content=\"fr_FR\" \/>\n<meta property=\"og:type\" content=\"article\" \/>\n<meta property=\"og:title\" content=\"Espresso Natura \u2013 Capsules Compatibles Lavazza\u00ae* Espresso Point\u00ae*\" \/>\n<meta property=\"og:description\" content=\"Scopri l\u2019Espresso Natura di Miscela d&#039;Oro. Capsule compatibili Espresso Point con caff\u00e8 biologico, note di nocciole e cioccolato. Acquista ora online!\" \/>\n<meta property=\"og:url\" content=\"https:\/\/www.misceladoro.com\/fr\/produit\/capsules-compatibles-bio-lavazza-espresso-natura\/\" \/>\n<meta property=\"og:site_name\" content=\"Miscela d&#039;Oro\" \/>\n<meta property=\"article:publisher\" content=\"https:\/\/www.facebook.com\/MDOSicilia1946\" \/>\n<meta property=\"article:modified_time\" content=\"2025-06-30T09:37:08+00:00\" \/>\n<meta property=\"og:image\" content=\"https:\/\/www.misceladoro.com\/wp-content\/uploads\/2022\/10\/EP_natura.png\" \/>\n\t<meta property=\"og:image:width\" content=\"941\" \/>\n\t<meta property=\"og:image:height\" content=\"941\" \/>\n\t<meta property=\"og:image:type\" content=\"image\/png\" \/>\n<meta name=\"twitter:card\" content=\"summary_large_image\" \/>\n<meta name=\"twitter:description\" content=\"Scopri l\u2019Espresso Natura di Miscela d&#039;Oro. Capsule compatibili Espresso Point con caff\u00e8 biologico, note di nocciole e cioccolato. Acquista ora online!\" \/>\n<meta name=\"twitter:site\" content=\"@miscela_doro\" \/>\n<meta name=\"twitter:label1\" content=\"Dur\u00e9e de lecture estim\u00e9e\" \/>\n\t<meta name=\"twitter:data1\" content=\"1 minute\" \/>\n<script type=\"application\/ld+json\" class=\"yoast-schema-graph\">{\"@context\":\"https:\/\/schema.org\",\"@graph\":[{\"@type\":\"WebPage\",\"@id\":\"https:\/\/www.misceladoro.com\/fr\/produit\/capsules-compatibles-bio-lavazza-espresso-natura\/\",\"url\":\"https:\/\/www.misceladoro.com\/fr\/produit\/capsules-compatibles-bio-lavazza-espresso-natura\/\",\"name\":\"Espresso Natura \u2013 Capsules bio compatibles Lavazza\u00ae | Miscela d&#039;Oro\",\"isPartOf\":{\"@id\":\"https:\/\/www.misceladoro.com\/fr\/#website\"},\"primaryImageOfPage\":{\"@id\":\"https:\/\/www.misceladoro.com\/fr\/produit\/capsules-compatibles-bio-lavazza-espresso-natura\/#primaryimage\"},\"image\":{\"@id\":\"https:\/\/www.misceladoro.com\/fr\/produit\/capsules-compatibles-bio-lavazza-espresso-natura\/#primaryimage\"},\"thumbnailUrl\":\"https:\/\/www.misceladoro.com\/wp-content\/uploads\/2022\/10\/EP_natura.png\",\"datePublished\":\"2022-10-11T13:30:30+00:00\",\"dateModified\":\"2025-06-30T09:37:08+00:00\",\"description\":\"Espresso Natura capsules bio Lavazza\u00ae\u00a0: ar\u00f4me \u00e9quilibr\u00e9, espresso durable et intense. Une pause engag\u00e9e et d\u00e9licieuse.\",\"breadcrumb\":{\"@id\":\"https:\/\/www.misceladoro.com\/fr\/produit\/capsules-compatibles-bio-lavazza-espresso-natura\/#breadcrumb\"},\"inLanguage\":\"fr-FR\",\"potentialAction\":[{\"@type\":\"ReadAction\",\"target\":[\"https:\/\/www.misceladoro.com\/fr\/produit\/capsules-compatibles-bio-lavazza-espresso-natura\/\"]}]},{\"@type\":\"ImageObject\",\"inLanguage\":\"fr-FR\",\"@id\":\"https:\/\/www.misceladoro.com\/fr\/produit\/capsules-compatibles-bio-lavazza-espresso-natura\/#primaryimage\",\"url\":\"https:\/\/www.misceladoro.com\/wp-content\/uploads\/2022\/10\/EP_natura.png\",\"contentUrl\":\"https:\/\/www.misceladoro.com\/wp-content\/uploads\/2022\/10\/EP_natura.png\",\"width\":941,\"height\":941,\"caption\":\"|||\"},{\"@type\":\"BreadcrumbList\",\"@id\":\"https:\/\/www.misceladoro.com\/fr\/produit\/capsules-compatibles-bio-lavazza-espresso-natura\/#breadcrumb\",\"itemListElement\":[{\"@type\":\"ListItem\",\"position\":1,\"name\":\"Home\",\"item\":\"https:\/\/www.misceladoro.com\/fr\/\"},{\"@type\":\"ListItem\",\"position\":2,\"name\":\"Shop\",\"item\":\"https:\/\/www.misceladoro.com\/fr\/shop\/\"},{\"@type\":\"ListItem\",\"position\":3,\"name\":\"Capsules caf\u00e9\",\"item\":\"https:\/\/www.misceladoro.com\/fr\/capsules-cafe\/\"},{\"@type\":\"ListItem\",\"position\":4,\"name\":\"Lavazza\u00ae Espresso Point\u00ae compatible\",\"item\":\"https:\/\/www.misceladoro.com\/fr\/capsules-cafe\/compatibles-lavazza-espresso-point\/\"},{\"@type\":\"ListItem\",\"position\":5,\"name\":\"Espresso Natura \u2013 Capsules Compatibles Lavazza\u00ae* Espresso Point\u00ae*\"}]},{\"@type\":\"WebSite\",\"@id\":\"https:\/\/www.misceladoro.com\/fr\/#website\",\"url\":\"https:\/\/www.misceladoro.com\/fr\/\",\"name\":\"Miscela d'Oro\",\"description\":\"Artigiani del caff\u00e8 dal 1946\",\"publisher\":{\"@id\":\"https:\/\/www.misceladoro.com\/fr\/#organization\"},\"potentialAction\":[{\"@type\":\"SearchAction\",\"target\":{\"@type\":\"EntryPoint\",\"urlTemplate\":\"https:\/\/www.misceladoro.com\/fr\/?s={search_term_string}\"},\"query-input\":{\"@type\":\"PropertyValueSpecification\",\"valueRequired\":true,\"valueName\":\"search_term_string\"}}],\"inLanguage\":\"fr-FR\"},{\"@type\":\"Organization\",\"@id\":\"https:\/\/www.misceladoro.com\/fr\/#organization\",\"name\":\"Miscela d'Oro\",\"url\":\"https:\/\/www.misceladoro.com\/fr\/\",\"logo\":{\"@type\":\"ImageObject\",\"inLanguage\":\"fr-FR\",\"@id\":\"https:\/\/www.misceladoro.com\/fr\/#\/schema\/logo\/image\/\",\"url\":\"https:\/\/www.misceladoro.com\/wp-content\/uploads\/2022\/10\/LogoMiscelaOro-logo.png\",\"contentUrl\":\"https:\/\/www.misceladoro.com\/wp-content\/uploads\/2022\/10\/LogoMiscelaOro-logo.png\",\"width\":200,\"height\":120,\"caption\":\"Miscela d'Oro\"},\"image\":{\"@id\":\"https:\/\/www.misceladoro.com\/fr\/#\/schema\/logo\/image\/\"},\"sameAs\":[\"https:\/\/www.facebook.com\/MDOSicilia1946\",\"https:\/\/x.com\/miscela_doro\",\"https:\/\/www.instagram.com\/misceladoro\/\"]}]}<\/script>\n<!-- \/ Yoast SEO Premium plugin. -->","yoast_head_json":{"title":"Espresso Natura \u2013 Capsules bio compatibles Lavazza\u00ae | Miscela d&#039;Oro","description":"Espresso Natura capsules bio Lavazza\u00ae\u00a0: ar\u00f4me \u00e9quilibr\u00e9, espresso durable et intense. Une pause engag\u00e9e et d\u00e9licieuse.","robots":{"index":"index","follow":"follow","max-snippet":"max-snippet:-1","max-image-preview":"max-image-preview:large","max-video-preview":"max-video-preview:-1"},"canonical":"https:\/\/www.misceladoro.com\/fr\/produit\/capsules-compatibles-bio-lavazza-espresso-natura\/","og_locale":"fr_FR","og_type":"article","og_title":"Espresso Natura \u2013 Capsules Compatibles Lavazza\u00ae* Espresso Point\u00ae*","og_description":"Scopri l\u2019Espresso Natura di Miscela d'Oro. Capsule compatibili Espresso Point con caff\u00e8 biologico, note di nocciole e cioccolato. Acquista ora online!","og_url":"https:\/\/www.misceladoro.com\/fr\/produit\/capsules-compatibles-bio-lavazza-espresso-natura\/","og_site_name":"Miscela d&#039;Oro","article_publisher":"https:\/\/www.facebook.com\/MDOSicilia1946","article_modified_time":"2025-06-30T09:37:08+00:00","og_image":[{"width":941,"height":941,"url":"https:\/\/www.misceladoro.com\/wp-content\/uploads\/2022\/10\/EP_natura.png","type":"image\/png"}],"twitter_card":"summary_large_image","twitter_description":"Scopri l\u2019Espresso Natura di Miscela d'Oro. Capsule compatibili Espresso Point con caff\u00e8 biologico, note di nocciole e cioccolato. Acquista ora online!","twitter_site":"@miscela_doro","twitter_misc":{"Dur\u00e9e de lecture estim\u00e9e":"1 minute"},"schema":{"@context":"https:\/\/schema.org","@graph":[{"@type":"WebPage","@id":"https:\/\/www.misceladoro.com\/fr\/produit\/capsules-compatibles-bio-lavazza-espresso-natura\/","url":"https:\/\/www.misceladoro.com\/fr\/produit\/capsules-compatibles-bio-lavazza-espresso-natura\/","name":"Espresso Natura \u2013 Capsules bio compatibles Lavazza\u00ae | Miscela d&#039;Oro","isPartOf":{"@id":"https:\/\/www.misceladoro.com\/fr\/#website"},"primaryImageOfPage":{"@id":"https:\/\/www.misceladoro.com\/fr\/produit\/capsules-compatibles-bio-lavazza-espresso-natura\/#primaryimage"},"image":{"@id":"https:\/\/www.misceladoro.com\/fr\/produit\/capsules-compatibles-bio-lavazza-espresso-natura\/#primaryimage"},"thumbnailUrl":"https:\/\/www.misceladoro.com\/wp-content\/uploads\/2022\/10\/EP_natura.png","datePublished":"2022-10-11T13:30:30+00:00","dateModified":"2025-06-30T09:37:08+00:00","description":"Espresso Natura capsules bio Lavazza\u00ae\u00a0: ar\u00f4me \u00e9quilibr\u00e9, espresso durable et intense. Une pause engag\u00e9e et d\u00e9licieuse.","breadcrumb":{"@id":"https:\/\/www.misceladoro.com\/fr\/produit\/capsules-compatibles-bio-lavazza-espresso-natura\/#breadcrumb"},"inLanguage":"fr-FR","potentialAction":[{"@type":"ReadAction","target":["https:\/\/www.misceladoro.com\/fr\/produit\/capsules-compatibles-bio-lavazza-espresso-natura\/"]}]},{"@type":"ImageObject","inLanguage":"fr-FR","@id":"https:\/\/www.misceladoro.com\/fr\/produit\/capsules-compatibles-bio-lavazza-espresso-natura\/#primaryimage","url":"https:\/\/www.misceladoro.com\/wp-content\/uploads\/2022\/10\/EP_natura.png","contentUrl":"https:\/\/www.misceladoro.com\/wp-content\/uploads\/2022\/10\/EP_natura.png","width":941,"height":941,"caption":"|||"},{"@type":"BreadcrumbList","@id":"https:\/\/www.misceladoro.com\/fr\/produit\/capsules-compatibles-bio-lavazza-espresso-natura\/#breadcrumb","itemListElement":[{"@type":"ListItem","position":1,"name":"Home","item":"https:\/\/www.misceladoro.com\/fr\/"},{"@type":"ListItem","position":2,"name":"Shop","item":"https:\/\/www.misceladoro.com\/fr\/shop\/"},{"@type":"ListItem","position":3,"name":"Capsules caf\u00e9","item":"https:\/\/www.misceladoro.com\/fr\/capsules-cafe\/"},{"@type":"ListItem","position":4,"name":"Lavazza\u00ae Espresso Point\u00ae compatible","item":"https:\/\/www.misceladoro.com\/fr\/capsules-cafe\/compatibles-lavazza-espresso-point\/"},{"@type":"ListItem","position":5,"name":"Espresso Natura \u2013 Capsules Compatibles Lavazza\u00ae* Espresso Point\u00ae*"}]},{"@type":"WebSite","@id":"https:\/\/www.misceladoro.com\/fr\/#website","url":"https:\/\/www.misceladoro.com\/fr\/","name":"Miscela d'Oro","description":"Artigiani del caff\u00e8 dal 1946","publisher":{"@id":"https:\/\/www.misceladoro.com\/fr\/#organization"},"potentialAction":[{"@type":"SearchAction","target":{"@type":"EntryPoint","urlTemplate":"https:\/\/www.misceladoro.com\/fr\/?s={search_term_string}"},"query-input":{"@type":"PropertyValueSpecification","valueRequired":true,"valueName":"search_term_string"}}],"inLanguage":"fr-FR"},{"@type":"Organization","@id":"https:\/\/www.misceladoro.com\/fr\/#organization","name":"Miscela d'Oro","url":"https:\/\/www.misceladoro.com\/fr\/","logo":{"@type":"ImageObject","inLanguage":"fr-FR","@id":"https:\/\/www.misceladoro.com\/fr\/#\/schema\/logo\/image\/","url":"https:\/\/www.misceladoro.com\/wp-content\/uploads\/2022\/10\/LogoMiscelaOro-logo.png","contentUrl":"https:\/\/www.misceladoro.com\/wp-content\/uploads\/2022\/10\/LogoMiscelaOro-logo.png","width":200,"height":120,"caption":"Miscela d'Oro"},"image":{"@id":"https:\/\/www.misceladoro.com\/fr\/#\/schema\/logo\/image\/"},"sameAs":["https:\/\/www.facebook.com\/MDOSicilia1946","https:\/\/x.com\/miscela_doro","https:\/\/www.instagram.com\/misceladoro\/"]}]}},"_links":{"self":[{"href":"https:\/\/www.misceladoro.com\/fr\/wp-json\/wp\/v2\/product\/14374","targetHints":{"allow":["GET"]}}],"collection":[{"href":"https:\/\/www.misceladoro.com\/fr\/wp-json\/wp\/v2\/product"}],"about":[{"href":"https:\/\/www.misceladoro.com\/fr\/wp-json\/wp\/v2\/types\/product"}],"wp:featuredmedia":[{"embeddable":true,"href":"https:\/\/www.misceladoro.com\/fr\/wp-json\/wp\/v2\/media\/10690"}],"wp:attachment":[{"href":"https:\/\/www.misceladoro.com\/fr\/wp-json\/wp\/v2\/media?parent=14374"}],"wp:term":[{"taxonomy":"product_brand","embeddable":true,"href":"https:\/\/www.misceladoro.com\/fr\/wp-json\/wp\/v2\/product_brand?post=14374"},{"taxonomy":"product_cat","embeddable":true,"href":"https:\/\/www.misceladoro.com\/fr\/wp-json\/wp\/v2\/product_cat?post=14374"},{"taxonomy":"product_tag","embeddable":true,"href":"https:\/\/www.misceladoro.com\/fr\/wp-json\/wp\/v2\/product_tag?post=14374"}],"curies":[{"name":"wp","href":"https:\/\/api.w.org\/{rel}","templated":true}]}}