{"id":14373,"date":"2022-10-14T17:06:49","date_gmt":"2022-10-14T15:06:49","guid":{"rendered":"https:\/\/www.misceladoro.com\/prodotto\/grains-cafe-bio-espresso-natura\/"},"modified":"2025-06-30T17:52:54","modified_gmt":"2025-06-30T15:52:54","slug":"grains-cafe-bio-espresso-natura","status":"publish","type":"product","link":"https:\/\/www.misceladoro.com\/fr\/produit\/grains-cafe-bio-espresso-natura\/","title":{"rendered":"Espresso Natura \u2013 Grains de Caf\u00e9 Biologiques"},"content":{"rendered":"","protected":false},"excerpt":{"rendered":"<p>M\u00e9lange raffin\u00e9 de caf\u00e9s s\u00e9lectionn\u00e9s issus de l&rsquo;agriculture biologique. \u00c9quilibr\u00e9 et rond, acidit\u00e9 p\u00e9tillante et douceur malt\u00e9e en bouche, notes de pain grill\u00e9, de fruits secs et de chocolat.<\/p>\n<p><b>M\u00e9lange :<\/b> 50 % Arabica et 50 % Robusta<\/p>\n","protected":false},"featured_media":10818,"template":"","meta":{"_acf_changed":false,"inline_featured_image":false},"product_brand":[],"product_cat":[738,718],"product_tag":[1031,1032,992,1033,1034,1035,1036,1037],"class_list":{"0":"post-14373","1":"product","2":"type-product","3":"status-publish","4":"has-post-thumbnail","6":"product_cat-cafe-bio","7":"product_cat-grains-cafe","8":"product_tag-caffe-biologico-fr","9":"product_tag-caffe-con-note-di-cioccolato-fr","10":"product_tag-caffe-in-grani-fr","11":"product_tag-caffe-organico-fr","12":"product_tag-coffee-with-chocolate-notes-fr","13":"product_tag-miscela-naturale-fr","14":"product_tag-natural-blend-fr","15":"product_tag-organic-coffee-fr","17":"first","18":"instock","19":"sale","20":"taxable","21":"shipping-taxable","22":"purchasable","23":"product-type-simple"},"acf":[],"yoast_head":"<!-- This site is optimized with the Yoast SEO Premium plugin v26.7 (Yoast SEO v26.7) - https:\/\/yoast.com\/wordpress\/plugins\/seo\/ -->\n<title>Espresso Natura - Grains de caf\u00e9 biologiques | Miscela d&#039;Oro<\/title>\n<meta name=\"description\" content=\"Espresso Natura grains bio\u00a0: caf\u00e9 arabica \u00e9quilibr\u00e9, pain grill\u00e9, fruits secs, chocolat. Cultiv\u00e9 durablement. Go\u00fbtez l\u2019authenticit\u00e9.\" \/>\n<meta name=\"robots\" content=\"index, follow, max-snippet:-1, max-image-preview:large, max-video-preview:-1\" \/>\n<link rel=\"canonical\" href=\"https:\/\/www.misceladoro.com\/fr\/produit\/grains-cafe-bio-espresso-natura\/\" \/>\n<meta property=\"og:locale\" content=\"fr_FR\" \/>\n<meta property=\"og:type\" content=\"article\" \/>\n<meta property=\"og:title\" content=\"Espresso Natura \u2013 Grains de Caf\u00e9 Biologiques\" \/>\n<meta property=\"og:description\" content=\"Prova l\u2019Espresso Natura di Miscela d&#039;Oro. Caff\u00e8 in grani biologico con note di pane tostato e cioccolato. Acquista online ora!\" \/>\n<meta property=\"og:url\" content=\"https:\/\/www.misceladoro.com\/fr\/produit\/grains-cafe-bio-espresso-natura\/\" \/>\n<meta property=\"og:site_name\" content=\"Miscela d&#039;Oro\" \/>\n<meta property=\"article:publisher\" content=\"https:\/\/www.facebook.com\/MDOSicilia1946\" \/>\n<meta property=\"article:modified_time\" content=\"2025-06-30T15:52:54+00:00\" \/>\n<meta property=\"og:image\" content=\"https:\/\/www.misceladoro.com\/wp-content\/uploads\/2022\/10\/natura_grani.png\" \/>\n\t<meta property=\"og:image:width\" content=\"941\" \/>\n\t<meta property=\"og:image:height\" content=\"941\" \/>\n\t<meta property=\"og:image:type\" content=\"image\/png\" \/>\n<meta name=\"twitter:card\" content=\"summary_large_image\" \/>\n<meta name=\"twitter:description\" content=\"Prova l\u2019Espresso Natura di Miscela d&#039;Oro. Caff\u00e8 in grani biologico con note di pane tostato e cioccolato. Acquista online ora!\" \/>\n<meta name=\"twitter:site\" content=\"@miscela_doro\" \/>\n<meta name=\"twitter:label1\" content=\"Dur\u00e9e de lecture estim\u00e9e\" \/>\n\t<meta name=\"twitter:data1\" content=\"1 minute\" \/>\n<script type=\"application\/ld+json\" class=\"yoast-schema-graph\">{\"@context\":\"https:\/\/schema.org\",\"@graph\":[{\"@type\":\"WebPage\",\"@id\":\"https:\/\/www.misceladoro.com\/fr\/produit\/grains-cafe-bio-espresso-natura\/\",\"url\":\"https:\/\/www.misceladoro.com\/fr\/produit\/grains-cafe-bio-espresso-natura\/\",\"name\":\"Espresso Natura - Grains de caf\u00e9 biologiques | Miscela d&#039;Oro\",\"isPartOf\":{\"@id\":\"https:\/\/www.misceladoro.com\/fr\/#website\"},\"primaryImageOfPage\":{\"@id\":\"https:\/\/www.misceladoro.com\/fr\/produit\/grains-cafe-bio-espresso-natura\/#primaryimage\"},\"image\":{\"@id\":\"https:\/\/www.misceladoro.com\/fr\/produit\/grains-cafe-bio-espresso-natura\/#primaryimage\"},\"thumbnailUrl\":\"https:\/\/www.misceladoro.com\/wp-content\/uploads\/2022\/10\/natura_grani.png\",\"datePublished\":\"2022-10-14T15:06:49+00:00\",\"dateModified\":\"2025-06-30T15:52:54+00:00\",\"description\":\"Espresso Natura grains bio\u00a0: caf\u00e9 arabica \u00e9quilibr\u00e9, pain grill\u00e9, fruits secs, chocolat. Cultiv\u00e9 durablement. Go\u00fbtez l\u2019authenticit\u00e9.\",\"breadcrumb\":{\"@id\":\"https:\/\/www.misceladoro.com\/fr\/produit\/grains-cafe-bio-espresso-natura\/#breadcrumb\"},\"inLanguage\":\"fr-FR\",\"potentialAction\":[{\"@type\":\"ReadAction\",\"target\":[\"https:\/\/www.misceladoro.com\/fr\/produit\/grains-cafe-bio-espresso-natura\/\"]}]},{\"@type\":\"ImageObject\",\"inLanguage\":\"fr-FR\",\"@id\":\"https:\/\/www.misceladoro.com\/fr\/produit\/grains-cafe-bio-espresso-natura\/#primaryimage\",\"url\":\"https:\/\/www.misceladoro.com\/wp-content\/uploads\/2022\/10\/natura_grani.png\",\"contentUrl\":\"https:\/\/www.misceladoro.com\/wp-content\/uploads\/2022\/10\/natura_grani.png\",\"width\":941,\"height\":941,\"caption\":\"|\"},{\"@type\":\"BreadcrumbList\",\"@id\":\"https:\/\/www.misceladoro.com\/fr\/produit\/grains-cafe-bio-espresso-natura\/#breadcrumb\",\"itemListElement\":[{\"@type\":\"ListItem\",\"position\":1,\"name\":\"Home\",\"item\":\"https:\/\/www.misceladoro.com\/fr\/\"},{\"@type\":\"ListItem\",\"position\":2,\"name\":\"Shop\",\"item\":\"https:\/\/www.misceladoro.com\/fr\/shop\/\"},{\"@type\":\"ListItem\",\"position\":3,\"name\":\"Caf\u00e9 bio\",\"item\":\"https:\/\/www.misceladoro.com\/fr\/cafe-bio\/\"},{\"@type\":\"ListItem\",\"position\":4,\"name\":\"Espresso Natura \u2013 Grains de Caf\u00e9 Biologiques\"}]},{\"@type\":\"WebSite\",\"@id\":\"https:\/\/www.misceladoro.com\/fr\/#website\",\"url\":\"https:\/\/www.misceladoro.com\/fr\/\",\"name\":\"Miscela d'Oro\",\"description\":\"Artigiani del caff\u00e8 dal 1946\",\"publisher\":{\"@id\":\"https:\/\/www.misceladoro.com\/fr\/#organization\"},\"potentialAction\":[{\"@type\":\"SearchAction\",\"target\":{\"@type\":\"EntryPoint\",\"urlTemplate\":\"https:\/\/www.misceladoro.com\/fr\/?s={search_term_string}\"},\"query-input\":{\"@type\":\"PropertyValueSpecification\",\"valueRequired\":true,\"valueName\":\"search_term_string\"}}],\"inLanguage\":\"fr-FR\"},{\"@type\":\"Organization\",\"@id\":\"https:\/\/www.misceladoro.com\/fr\/#organization\",\"name\":\"Miscela d'Oro\",\"url\":\"https:\/\/www.misceladoro.com\/fr\/\",\"logo\":{\"@type\":\"ImageObject\",\"inLanguage\":\"fr-FR\",\"@id\":\"https:\/\/www.misceladoro.com\/fr\/#\/schema\/logo\/image\/\",\"url\":\"https:\/\/www.misceladoro.com\/wp-content\/uploads\/2022\/10\/LogoMiscelaOro-logo.png\",\"contentUrl\":\"https:\/\/www.misceladoro.com\/wp-content\/uploads\/2022\/10\/LogoMiscelaOro-logo.png\",\"width\":200,\"height\":120,\"caption\":\"Miscela d'Oro\"},\"image\":{\"@id\":\"https:\/\/www.misceladoro.com\/fr\/#\/schema\/logo\/image\/\"},\"sameAs\":[\"https:\/\/www.facebook.com\/MDOSicilia1946\",\"https:\/\/x.com\/miscela_doro\",\"https:\/\/www.instagram.com\/misceladoro\/\"]}]}<\/script>\n<!-- \/ Yoast SEO Premium plugin. -->","yoast_head_json":{"title":"Espresso Natura - Grains de caf\u00e9 biologiques | Miscela d&#039;Oro","description":"Espresso Natura grains bio\u00a0: caf\u00e9 arabica \u00e9quilibr\u00e9, pain grill\u00e9, fruits secs, chocolat. Cultiv\u00e9 durablement. Go\u00fbtez l\u2019authenticit\u00e9.","robots":{"index":"index","follow":"follow","max-snippet":"max-snippet:-1","max-image-preview":"max-image-preview:large","max-video-preview":"max-video-preview:-1"},"canonical":"https:\/\/www.misceladoro.com\/fr\/produit\/grains-cafe-bio-espresso-natura\/","og_locale":"fr_FR","og_type":"article","og_title":"Espresso Natura \u2013 Grains de Caf\u00e9 Biologiques","og_description":"Prova l\u2019Espresso Natura di Miscela d'Oro. Caff\u00e8 in grani biologico con note di pane tostato e cioccolato. Acquista online ora!","og_url":"https:\/\/www.misceladoro.com\/fr\/produit\/grains-cafe-bio-espresso-natura\/","og_site_name":"Miscela d&#039;Oro","article_publisher":"https:\/\/www.facebook.com\/MDOSicilia1946","article_modified_time":"2025-06-30T15:52:54+00:00","og_image":[{"width":941,"height":941,"url":"https:\/\/www.misceladoro.com\/wp-content\/uploads\/2022\/10\/natura_grani.png","type":"image\/png"}],"twitter_card":"summary_large_image","twitter_description":"Prova l\u2019Espresso Natura di Miscela d'Oro. Caff\u00e8 in grani biologico con note di pane tostato e cioccolato. Acquista online ora!","twitter_site":"@miscela_doro","twitter_misc":{"Dur\u00e9e de lecture estim\u00e9e":"1 minute"},"schema":{"@context":"https:\/\/schema.org","@graph":[{"@type":"WebPage","@id":"https:\/\/www.misceladoro.com\/fr\/produit\/grains-cafe-bio-espresso-natura\/","url":"https:\/\/www.misceladoro.com\/fr\/produit\/grains-cafe-bio-espresso-natura\/","name":"Espresso Natura - Grains de caf\u00e9 biologiques | Miscela d&#039;Oro","isPartOf":{"@id":"https:\/\/www.misceladoro.com\/fr\/#website"},"primaryImageOfPage":{"@id":"https:\/\/www.misceladoro.com\/fr\/produit\/grains-cafe-bio-espresso-natura\/#primaryimage"},"image":{"@id":"https:\/\/www.misceladoro.com\/fr\/produit\/grains-cafe-bio-espresso-natura\/#primaryimage"},"thumbnailUrl":"https:\/\/www.misceladoro.com\/wp-content\/uploads\/2022\/10\/natura_grani.png","datePublished":"2022-10-14T15:06:49+00:00","dateModified":"2025-06-30T15:52:54+00:00","description":"Espresso Natura grains bio\u00a0: caf\u00e9 arabica \u00e9quilibr\u00e9, pain grill\u00e9, fruits secs, chocolat. Cultiv\u00e9 durablement. Go\u00fbtez l\u2019authenticit\u00e9.","breadcrumb":{"@id":"https:\/\/www.misceladoro.com\/fr\/produit\/grains-cafe-bio-espresso-natura\/#breadcrumb"},"inLanguage":"fr-FR","potentialAction":[{"@type":"ReadAction","target":["https:\/\/www.misceladoro.com\/fr\/produit\/grains-cafe-bio-espresso-natura\/"]}]},{"@type":"ImageObject","inLanguage":"fr-FR","@id":"https:\/\/www.misceladoro.com\/fr\/produit\/grains-cafe-bio-espresso-natura\/#primaryimage","url":"https:\/\/www.misceladoro.com\/wp-content\/uploads\/2022\/10\/natura_grani.png","contentUrl":"https:\/\/www.misceladoro.com\/wp-content\/uploads\/2022\/10\/natura_grani.png","width":941,"height":941,"caption":"|"},{"@type":"BreadcrumbList","@id":"https:\/\/www.misceladoro.com\/fr\/produit\/grains-cafe-bio-espresso-natura\/#breadcrumb","itemListElement":[{"@type":"ListItem","position":1,"name":"Home","item":"https:\/\/www.misceladoro.com\/fr\/"},{"@type":"ListItem","position":2,"name":"Shop","item":"https:\/\/www.misceladoro.com\/fr\/shop\/"},{"@type":"ListItem","position":3,"name":"Caf\u00e9 bio","item":"https:\/\/www.misceladoro.com\/fr\/cafe-bio\/"},{"@type":"ListItem","position":4,"name":"Espresso Natura \u2013 Grains de Caf\u00e9 Biologiques"}]},{"@type":"WebSite","@id":"https:\/\/www.misceladoro.com\/fr\/#website","url":"https:\/\/www.misceladoro.com\/fr\/","name":"Miscela d'Oro","description":"Artigiani del caff\u00e8 dal 1946","publisher":{"@id":"https:\/\/www.misceladoro.com\/fr\/#organization"},"potentialAction":[{"@type":"SearchAction","target":{"@type":"EntryPoint","urlTemplate":"https:\/\/www.misceladoro.com\/fr\/?s={search_term_string}"},"query-input":{"@type":"PropertyValueSpecification","valueRequired":true,"valueName":"search_term_string"}}],"inLanguage":"fr-FR"},{"@type":"Organization","@id":"https:\/\/www.misceladoro.com\/fr\/#organization","name":"Miscela d'Oro","url":"https:\/\/www.misceladoro.com\/fr\/","logo":{"@type":"ImageObject","inLanguage":"fr-FR","@id":"https:\/\/www.misceladoro.com\/fr\/#\/schema\/logo\/image\/","url":"https:\/\/www.misceladoro.com\/wp-content\/uploads\/2022\/10\/LogoMiscelaOro-logo.png","contentUrl":"https:\/\/www.misceladoro.com\/wp-content\/uploads\/2022\/10\/LogoMiscelaOro-logo.png","width":200,"height":120,"caption":"Miscela d'Oro"},"image":{"@id":"https:\/\/www.misceladoro.com\/fr\/#\/schema\/logo\/image\/"},"sameAs":["https:\/\/www.facebook.com\/MDOSicilia1946","https:\/\/x.com\/miscela_doro","https:\/\/www.instagram.com\/misceladoro\/"]}]}},"_links":{"self":[{"href":"https:\/\/www.misceladoro.com\/fr\/wp-json\/wp\/v2\/product\/14373","targetHints":{"allow":["GET"]}}],"collection":[{"href":"https:\/\/www.misceladoro.com\/fr\/wp-json\/wp\/v2\/product"}],"about":[{"href":"https:\/\/www.misceladoro.com\/fr\/wp-json\/wp\/v2\/types\/product"}],"wp:featuredmedia":[{"embeddable":true,"href":"https:\/\/www.misceladoro.com\/fr\/wp-json\/wp\/v2\/media\/10818"}],"wp:attachment":[{"href":"https:\/\/www.misceladoro.com\/fr\/wp-json\/wp\/v2\/media?parent=14373"}],"wp:term":[{"taxonomy":"product_brand","embeddable":true,"href":"https:\/\/www.misceladoro.com\/fr\/wp-json\/wp\/v2\/product_brand?post=14373"},{"taxonomy":"product_cat","embeddable":true,"href":"https:\/\/www.misceladoro.com\/fr\/wp-json\/wp\/v2\/product_cat?post=14373"},{"taxonomy":"product_tag","embeddable":true,"href":"https:\/\/www.misceladoro.com\/fr\/wp-json\/wp\/v2\/product_tag?post=14373"}],"curies":[{"name":"wp","href":"https:\/\/api.w.org\/{rel}","templated":true}]}}