{"id":14367,"date":"2022-10-12T15:28:40","date_gmt":"2022-10-12T13:28:40","guid":{"rendered":"https:\/\/www.misceladoro.com\/prodotto\/capsules-compatibles-lavazza-espresso-intenso\/"},"modified":"2025-06-30T12:17:10","modified_gmt":"2025-06-30T10:17:10","slug":"capsules-compatibles-lavazza-espresso-intenso","status":"publish","type":"product","link":"https:\/\/www.misceladoro.com\/fr\/produit\/capsules-compatibles-lavazza-espresso-intenso\/","title":{"rendered":"Espresso Intenso \u2013 Capsules Compatibles Lavazza\u00ae* Espresso Point\u00ae*"},"content":{"rendered":"","protected":false},"excerpt":{"rendered":"<p class=\"p1\">Un m\u00e9lange \u00e0 l&rsquo;ar\u00f4me puissant et au go\u00fbt doux et enveloppant. Parfait pour les amateurs d&rsquo;espresso cors\u00e9.<\/p>\n<p>*<strong>Dosettes de caf\u00e9 compatibles avec les machines Lavazza\u00ae Espresso Point\u00ae<\/strong><\/p>\n<p>Les marques Lavazza\u00ae Espresso Point\u00ae sont des marques d\u00e9pos\u00e9es de tiers, sans aucun lien avec Miscela d\u2019Oro S.p.A.<\/p>\n","protected":false},"featured_media":10679,"template":"","meta":{"_acf_changed":false,"inline_featured_image":false},"product_brand":[],"product_cat":[728,732],"product_tag":[],"class_list":{"0":"post-14367","1":"product","2":"type-product","3":"status-publish","4":"has-post-thumbnail","6":"product_cat-capsules-cafe","7":"product_cat-compatibles-lavazza-espresso-point","9":"first","10":"instock","11":"taxable","12":"shipping-taxable","13":"purchasable","14":"product-type-simple"},"acf":[],"yoast_head":"<!-- This site is optimized with the Yoast SEO Premium plugin v26.7 (Yoast SEO v26.7) - https:\/\/yoast.com\/wordpress\/plugins\/seo\/ -->\n<title>Espresso Intenso \u2013 Capsules compatibles Lavazza\u00ae | Miscela d&#039;Oro<\/title>\n<meta name=\"description\" content=\"Espresso Intenso Lavazza\u00ae\u00a0: capsules cors\u00e9es, notes de caramel et finale persistante. Pour les vrais amateurs d\u2019espresso italien.\" \/>\n<meta name=\"robots\" content=\"index, follow, max-snippet:-1, max-image-preview:large, max-video-preview:-1\" \/>\n<link rel=\"canonical\" href=\"https:\/\/www.misceladoro.com\/fr\/produit\/capsules-compatibles-lavazza-espresso-intenso\/\" \/>\n<meta property=\"og:locale\" content=\"fr_FR\" \/>\n<meta property=\"og:type\" content=\"article\" \/>\n<meta property=\"og:title\" content=\"Espresso Intenso \u2013 Capsules Compatibles Lavazza\u00ae* Espresso Point\u00ae*\" \/>\n<meta property=\"og:description\" content=\"Prova l\u2019Espresso Intenso di Miscela d&#039;Oro. Capsule compatibili Espresso Point dal gusto forte e avvolgente. Acquista ora online!\" \/>\n<meta property=\"og:url\" content=\"https:\/\/www.misceladoro.com\/fr\/produit\/capsules-compatibles-lavazza-espresso-intenso\/\" \/>\n<meta property=\"og:site_name\" content=\"Miscela d&#039;Oro\" \/>\n<meta property=\"article:publisher\" content=\"https:\/\/www.facebook.com\/MDOSicilia1946\" \/>\n<meta property=\"article:modified_time\" content=\"2025-06-30T10:17:10+00:00\" \/>\n<meta property=\"og:image\" content=\"https:\/\/www.misceladoro.com\/wp-content\/uploads\/2022\/10\/Intenso_EP.png\" \/>\n\t<meta property=\"og:image:width\" content=\"941\" \/>\n\t<meta property=\"og:image:height\" content=\"941\" \/>\n\t<meta property=\"og:image:type\" content=\"image\/png\" \/>\n<meta name=\"twitter:card\" content=\"summary_large_image\" \/>\n<meta name=\"twitter:description\" content=\"Prova l\u2019Espresso Intenso di Miscela d&#039;Oro. Capsule compatibili Espresso Point dal gusto forte e avvolgente. Acquista ora online!\" \/>\n<meta name=\"twitter:site\" content=\"@miscela_doro\" \/>\n<meta name=\"twitter:label1\" content=\"Dur\u00e9e de lecture estim\u00e9e\" \/>\n\t<meta name=\"twitter:data1\" content=\"1 minute\" \/>\n<script type=\"application\/ld+json\" class=\"yoast-schema-graph\">{\"@context\":\"https:\/\/schema.org\",\"@graph\":[{\"@type\":\"WebPage\",\"@id\":\"https:\/\/www.misceladoro.com\/fr\/produit\/capsules-compatibles-lavazza-espresso-intenso\/\",\"url\":\"https:\/\/www.misceladoro.com\/fr\/produit\/capsules-compatibles-lavazza-espresso-intenso\/\",\"name\":\"Espresso Intenso \u2013 Capsules compatibles Lavazza\u00ae | Miscela d&#039;Oro\",\"isPartOf\":{\"@id\":\"https:\/\/www.misceladoro.com\/fr\/#website\"},\"primaryImageOfPage\":{\"@id\":\"https:\/\/www.misceladoro.com\/fr\/produit\/capsules-compatibles-lavazza-espresso-intenso\/#primaryimage\"},\"image\":{\"@id\":\"https:\/\/www.misceladoro.com\/fr\/produit\/capsules-compatibles-lavazza-espresso-intenso\/#primaryimage\"},\"thumbnailUrl\":\"https:\/\/www.misceladoro.com\/wp-content\/uploads\/2022\/10\/Intenso_EP.png\",\"datePublished\":\"2022-10-12T13:28:40+00:00\",\"dateModified\":\"2025-06-30T10:17:10+00:00\",\"description\":\"Espresso Intenso Lavazza\u00ae\u00a0: capsules cors\u00e9es, notes de caramel et finale persistante. Pour les vrais amateurs d\u2019espresso italien.\",\"breadcrumb\":{\"@id\":\"https:\/\/www.misceladoro.com\/fr\/produit\/capsules-compatibles-lavazza-espresso-intenso\/#breadcrumb\"},\"inLanguage\":\"fr-FR\",\"potentialAction\":[{\"@type\":\"ReadAction\",\"target\":[\"https:\/\/www.misceladoro.com\/fr\/produit\/capsules-compatibles-lavazza-espresso-intenso\/\"]}]},{\"@type\":\"ImageObject\",\"inLanguage\":\"fr-FR\",\"@id\":\"https:\/\/www.misceladoro.com\/fr\/produit\/capsules-compatibles-lavazza-espresso-intenso\/#primaryimage\",\"url\":\"https:\/\/www.misceladoro.com\/wp-content\/uploads\/2022\/10\/Intenso_EP.png\",\"contentUrl\":\"https:\/\/www.misceladoro.com\/wp-content\/uploads\/2022\/10\/Intenso_EP.png\",\"width\":941,\"height\":941,\"caption\":\"||\"},{\"@type\":\"BreadcrumbList\",\"@id\":\"https:\/\/www.misceladoro.com\/fr\/produit\/capsules-compatibles-lavazza-espresso-intenso\/#breadcrumb\",\"itemListElement\":[{\"@type\":\"ListItem\",\"position\":1,\"name\":\"Home\",\"item\":\"https:\/\/www.misceladoro.com\/fr\/\"},{\"@type\":\"ListItem\",\"position\":2,\"name\":\"Shop\",\"item\":\"https:\/\/www.misceladoro.com\/fr\/shop\/\"},{\"@type\":\"ListItem\",\"position\":3,\"name\":\"Capsules caf\u00e9\",\"item\":\"https:\/\/www.misceladoro.com\/fr\/capsules-cafe\/\"},{\"@type\":\"ListItem\",\"position\":4,\"name\":\"Lavazza\u00ae Espresso Point\u00ae compatible\",\"item\":\"https:\/\/www.misceladoro.com\/fr\/capsules-cafe\/compatibles-lavazza-espresso-point\/\"},{\"@type\":\"ListItem\",\"position\":5,\"name\":\"Espresso Intenso \u2013 Capsules Compatibles Lavazza\u00ae* Espresso Point\u00ae*\"}]},{\"@type\":\"WebSite\",\"@id\":\"https:\/\/www.misceladoro.com\/fr\/#website\",\"url\":\"https:\/\/www.misceladoro.com\/fr\/\",\"name\":\"Miscela d'Oro\",\"description\":\"Artigiani del caff\u00e8 dal 1946\",\"publisher\":{\"@id\":\"https:\/\/www.misceladoro.com\/fr\/#organization\"},\"potentialAction\":[{\"@type\":\"SearchAction\",\"target\":{\"@type\":\"EntryPoint\",\"urlTemplate\":\"https:\/\/www.misceladoro.com\/fr\/?s={search_term_string}\"},\"query-input\":{\"@type\":\"PropertyValueSpecification\",\"valueRequired\":true,\"valueName\":\"search_term_string\"}}],\"inLanguage\":\"fr-FR\"},{\"@type\":\"Organization\",\"@id\":\"https:\/\/www.misceladoro.com\/fr\/#organization\",\"name\":\"Miscela d'Oro\",\"url\":\"https:\/\/www.misceladoro.com\/fr\/\",\"logo\":{\"@type\":\"ImageObject\",\"inLanguage\":\"fr-FR\",\"@id\":\"https:\/\/www.misceladoro.com\/fr\/#\/schema\/logo\/image\/\",\"url\":\"https:\/\/www.misceladoro.com\/wp-content\/uploads\/2022\/10\/LogoMiscelaOro-logo.png\",\"contentUrl\":\"https:\/\/www.misceladoro.com\/wp-content\/uploads\/2022\/10\/LogoMiscelaOro-logo.png\",\"width\":200,\"height\":120,\"caption\":\"Miscela d'Oro\"},\"image\":{\"@id\":\"https:\/\/www.misceladoro.com\/fr\/#\/schema\/logo\/image\/\"},\"sameAs\":[\"https:\/\/www.facebook.com\/MDOSicilia1946\",\"https:\/\/x.com\/miscela_doro\",\"https:\/\/www.instagram.com\/misceladoro\/\"]}]}<\/script>\n<!-- \/ Yoast SEO Premium plugin. -->","yoast_head_json":{"title":"Espresso Intenso \u2013 Capsules compatibles Lavazza\u00ae | Miscela d&#039;Oro","description":"Espresso Intenso Lavazza\u00ae\u00a0: capsules cors\u00e9es, notes de caramel et finale persistante. Pour les vrais amateurs d\u2019espresso italien.","robots":{"index":"index","follow":"follow","max-snippet":"max-snippet:-1","max-image-preview":"max-image-preview:large","max-video-preview":"max-video-preview:-1"},"canonical":"https:\/\/www.misceladoro.com\/fr\/produit\/capsules-compatibles-lavazza-espresso-intenso\/","og_locale":"fr_FR","og_type":"article","og_title":"Espresso Intenso \u2013 Capsules Compatibles Lavazza\u00ae* Espresso Point\u00ae*","og_description":"Prova l\u2019Espresso Intenso di Miscela d'Oro. Capsule compatibili Espresso Point dal gusto forte e avvolgente. Acquista ora online!","og_url":"https:\/\/www.misceladoro.com\/fr\/produit\/capsules-compatibles-lavazza-espresso-intenso\/","og_site_name":"Miscela d&#039;Oro","article_publisher":"https:\/\/www.facebook.com\/MDOSicilia1946","article_modified_time":"2025-06-30T10:17:10+00:00","og_image":[{"width":941,"height":941,"url":"https:\/\/www.misceladoro.com\/wp-content\/uploads\/2022\/10\/Intenso_EP.png","type":"image\/png"}],"twitter_card":"summary_large_image","twitter_description":"Prova l\u2019Espresso Intenso di Miscela d'Oro. Capsule compatibili Espresso Point dal gusto forte e avvolgente. Acquista ora online!","twitter_site":"@miscela_doro","twitter_misc":{"Dur\u00e9e de lecture estim\u00e9e":"1 minute"},"schema":{"@context":"https:\/\/schema.org","@graph":[{"@type":"WebPage","@id":"https:\/\/www.misceladoro.com\/fr\/produit\/capsules-compatibles-lavazza-espresso-intenso\/","url":"https:\/\/www.misceladoro.com\/fr\/produit\/capsules-compatibles-lavazza-espresso-intenso\/","name":"Espresso Intenso \u2013 Capsules compatibles Lavazza\u00ae | Miscela d&#039;Oro","isPartOf":{"@id":"https:\/\/www.misceladoro.com\/fr\/#website"},"primaryImageOfPage":{"@id":"https:\/\/www.misceladoro.com\/fr\/produit\/capsules-compatibles-lavazza-espresso-intenso\/#primaryimage"},"image":{"@id":"https:\/\/www.misceladoro.com\/fr\/produit\/capsules-compatibles-lavazza-espresso-intenso\/#primaryimage"},"thumbnailUrl":"https:\/\/www.misceladoro.com\/wp-content\/uploads\/2022\/10\/Intenso_EP.png","datePublished":"2022-10-12T13:28:40+00:00","dateModified":"2025-06-30T10:17:10+00:00","description":"Espresso Intenso Lavazza\u00ae\u00a0: capsules cors\u00e9es, notes de caramel et finale persistante. Pour les vrais amateurs d\u2019espresso italien.","breadcrumb":{"@id":"https:\/\/www.misceladoro.com\/fr\/produit\/capsules-compatibles-lavazza-espresso-intenso\/#breadcrumb"},"inLanguage":"fr-FR","potentialAction":[{"@type":"ReadAction","target":["https:\/\/www.misceladoro.com\/fr\/produit\/capsules-compatibles-lavazza-espresso-intenso\/"]}]},{"@type":"ImageObject","inLanguage":"fr-FR","@id":"https:\/\/www.misceladoro.com\/fr\/produit\/capsules-compatibles-lavazza-espresso-intenso\/#primaryimage","url":"https:\/\/www.misceladoro.com\/wp-content\/uploads\/2022\/10\/Intenso_EP.png","contentUrl":"https:\/\/www.misceladoro.com\/wp-content\/uploads\/2022\/10\/Intenso_EP.png","width":941,"height":941,"caption":"||"},{"@type":"BreadcrumbList","@id":"https:\/\/www.misceladoro.com\/fr\/produit\/capsules-compatibles-lavazza-espresso-intenso\/#breadcrumb","itemListElement":[{"@type":"ListItem","position":1,"name":"Home","item":"https:\/\/www.misceladoro.com\/fr\/"},{"@type":"ListItem","position":2,"name":"Shop","item":"https:\/\/www.misceladoro.com\/fr\/shop\/"},{"@type":"ListItem","position":3,"name":"Capsules caf\u00e9","item":"https:\/\/www.misceladoro.com\/fr\/capsules-cafe\/"},{"@type":"ListItem","position":4,"name":"Lavazza\u00ae Espresso Point\u00ae compatible","item":"https:\/\/www.misceladoro.com\/fr\/capsules-cafe\/compatibles-lavazza-espresso-point\/"},{"@type":"ListItem","position":5,"name":"Espresso Intenso \u2013 Capsules Compatibles Lavazza\u00ae* Espresso Point\u00ae*"}]},{"@type":"WebSite","@id":"https:\/\/www.misceladoro.com\/fr\/#website","url":"https:\/\/www.misceladoro.com\/fr\/","name":"Miscela d'Oro","description":"Artigiani del caff\u00e8 dal 1946","publisher":{"@id":"https:\/\/www.misceladoro.com\/fr\/#organization"},"potentialAction":[{"@type":"SearchAction","target":{"@type":"EntryPoint","urlTemplate":"https:\/\/www.misceladoro.com\/fr\/?s={search_term_string}"},"query-input":{"@type":"PropertyValueSpecification","valueRequired":true,"valueName":"search_term_string"}}],"inLanguage":"fr-FR"},{"@type":"Organization","@id":"https:\/\/www.misceladoro.com\/fr\/#organization","name":"Miscela d'Oro","url":"https:\/\/www.misceladoro.com\/fr\/","logo":{"@type":"ImageObject","inLanguage":"fr-FR","@id":"https:\/\/www.misceladoro.com\/fr\/#\/schema\/logo\/image\/","url":"https:\/\/www.misceladoro.com\/wp-content\/uploads\/2022\/10\/LogoMiscelaOro-logo.png","contentUrl":"https:\/\/www.misceladoro.com\/wp-content\/uploads\/2022\/10\/LogoMiscelaOro-logo.png","width":200,"height":120,"caption":"Miscela d'Oro"},"image":{"@id":"https:\/\/www.misceladoro.com\/fr\/#\/schema\/logo\/image\/"},"sameAs":["https:\/\/www.facebook.com\/MDOSicilia1946","https:\/\/x.com\/miscela_doro","https:\/\/www.instagram.com\/misceladoro\/"]}]}},"_links":{"self":[{"href":"https:\/\/www.misceladoro.com\/fr\/wp-json\/wp\/v2\/product\/14367","targetHints":{"allow":["GET"]}}],"collection":[{"href":"https:\/\/www.misceladoro.com\/fr\/wp-json\/wp\/v2\/product"}],"about":[{"href":"https:\/\/www.misceladoro.com\/fr\/wp-json\/wp\/v2\/types\/product"}],"wp:featuredmedia":[{"embeddable":true,"href":"https:\/\/www.misceladoro.com\/fr\/wp-json\/wp\/v2\/media\/10679"}],"wp:attachment":[{"href":"https:\/\/www.misceladoro.com\/fr\/wp-json\/wp\/v2\/media?parent=14367"}],"wp:term":[{"taxonomy":"product_brand","embeddable":true,"href":"https:\/\/www.misceladoro.com\/fr\/wp-json\/wp\/v2\/product_brand?post=14367"},{"taxonomy":"product_cat","embeddable":true,"href":"https:\/\/www.misceladoro.com\/fr\/wp-json\/wp\/v2\/product_cat?post=14367"},{"taxonomy":"product_tag","embeddable":true,"href":"https:\/\/www.misceladoro.com\/fr\/wp-json\/wp\/v2\/product_tag?post=14367"}],"curies":[{"name":"wp","href":"https:\/\/api.w.org\/{rel}","templated":true}]}}