{"id":14356,"date":"2022-11-18T11:53:43","date_gmt":"2022-11-18T10:53:43","guid":{"rendered":"https:\/\/www.misceladoro.com\/prodotto\/capsules-compatibles-dolce-gusto-espresso-cremoso\/"},"modified":"2025-06-30T16:13:36","modified_gmt":"2025-06-30T14:13:36","slug":"capsules-compatibles-dolce-gusto-espresso-cremoso","status":"publish","type":"product","link":"https:\/\/www.misceladoro.com\/fr\/produit\/capsules-compatibles-dolce-gusto-espresso-cremoso\/","title":{"rendered":"Espresso Cremoso \u2013 Capsules Compatibles Dolce Gusto\u00ae*"},"content":{"rendered":"","protected":false},"excerpt":{"rendered":"<p>Les capsules Espresso Cremoso offrent un ar\u00f4me intense et un corps plein, avec des notes de tabac, de r\u00e9glisse et de chocolat, ainsi qu&rsquo;une cr\u00e8me velout\u00e9e. Ces capsules Dolce Gusto\u00ae de Miscela d&rsquo;Oro sont parfaites pour un espresso riche en saveurs.<\/p>\n<p><strong>*Capsules compatibles avec les machines Nescaf\u00e9\u00ae Dolce Gusto\u00ae<\/strong><\/p>\n<p>Les marques Nescaf\u00e9\u00ae Dolce Gusto\u00ae sont des marques d\u00e9pos\u00e9es par des tiers sans aucun lien avec Miscela d&rsquo;Oro S.p.A.<\/p>\n","protected":false},"featured_media":11553,"template":"","meta":{"_acf_changed":false,"inline_featured_image":false},"product_brand":[],"product_cat":[728,730],"product_tag":[970,971,972,973,974,975,976,977,978,979],"class_list":{"0":"post-14356","1":"product","2":"type-product","3":"status-publish","4":"has-post-thumbnail","6":"product_cat-capsules-cafe","7":"product_cat-compatibles-dolce-gusto","8":"product_tag-best-compatible-capsules-fr","9":"product_tag-caffe-in-capsule-fr","10":"product_tag-caffe-in-capsule-compatibili-fr","11":"product_tag-capsule-compatibili-migliori-fr","12":"product_tag-capsule-dolce-gusto-fr","13":"product_tag-coffee-in-capsules-fr","14":"product_tag-compatible-coffee-capsules-fr","15":"product_tag-dolce-gusto-capsules-fr","16":"product_tag-dolce-gusto-coffee-fr","17":"product_tag-dolcegusto-capsule-fr","19":"first","20":"instock","21":"taxable","22":"shipping-taxable","23":"purchasable","24":"product-type-simple"},"acf":[],"yoast_head":"<!-- This site is optimized with the Yoast SEO Premium plugin v26.7 (Yoast SEO v26.7) - https:\/\/yoast.com\/wordpress\/plugins\/seo\/ -->\n<title>Capsules compatibles Dolce Gusto\u00ae Espresso Cremoso | Miscela d&#039;Oro<\/title>\n<meta name=\"description\" content=\"Espresso Cremoso Dolce Gusto\u00ae\u00a0: cr\u00e8me \u00e9paisse, ar\u00f4me intense, chocolat et tabac. Un espresso italien de caract\u00e8re pour chaque pause caf\u00e9.\" \/>\n<meta name=\"robots\" content=\"index, follow, max-snippet:-1, max-image-preview:large, max-video-preview:-1\" \/>\n<link rel=\"canonical\" href=\"https:\/\/www.misceladoro.com\/fr\/produit\/capsules-compatibles-dolce-gusto-espresso-cremoso\/\" \/>\n<meta property=\"og:locale\" content=\"fr_FR\" \/>\n<meta property=\"og:type\" content=\"article\" \/>\n<meta property=\"og:title\" content=\"Espresso Cremoso \u2013 Capsules Compatibles Dolce Gusto\u00ae*\" \/>\n<meta property=\"og:description\" content=\"Scopri l\u2019Espresso Cremoso di Miscela d&#039;Oro. Capsule compatibili Dolce Gusto dall\u2019aroma ricco e intenso, con corpo pieno e crema vellutata. Acquista ora online!\" \/>\n<meta property=\"og:url\" content=\"https:\/\/www.misceladoro.com\/fr\/produit\/capsules-compatibles-dolce-gusto-espresso-cremoso\/\" \/>\n<meta property=\"og:site_name\" content=\"Miscela d&#039;Oro\" \/>\n<meta property=\"article:publisher\" content=\"https:\/\/www.facebook.com\/MDOSicilia1946\" \/>\n<meta property=\"article:modified_time\" content=\"2025-06-30T14:13:36+00:00\" \/>\n<meta property=\"og:image\" content=\"https:\/\/www.misceladoro.com\/wp-content\/uploads\/2022\/11\/dolce-gusto-cremoso.png\" \/>\n\t<meta property=\"og:image:width\" content=\"1112\" \/>\n\t<meta property=\"og:image:height\" content=\"1112\" \/>\n\t<meta property=\"og:image:type\" content=\"image\/png\" \/>\n<meta name=\"twitter:card\" content=\"summary_large_image\" \/>\n<meta name=\"twitter:description\" content=\"Scopri l\u2019Espresso Cremoso di Miscela d&#039;Oro. Capsule compatibili Dolce Gusto dall\u2019aroma ricco e intenso, con corpo pieno e crema vellutata. Acquista ora online!\" \/>\n<meta name=\"twitter:site\" content=\"@miscela_doro\" \/>\n<meta name=\"twitter:label1\" content=\"Dur\u00e9e de lecture estim\u00e9e\" \/>\n\t<meta name=\"twitter:data1\" content=\"1 minute\" \/>\n<script type=\"application\/ld+json\" class=\"yoast-schema-graph\">{\"@context\":\"https:\/\/schema.org\",\"@graph\":[{\"@type\":\"WebPage\",\"@id\":\"https:\/\/www.misceladoro.com\/fr\/produit\/capsules-compatibles-dolce-gusto-espresso-cremoso\/\",\"url\":\"https:\/\/www.misceladoro.com\/fr\/produit\/capsules-compatibles-dolce-gusto-espresso-cremoso\/\",\"name\":\"Capsules compatibles Dolce Gusto\u00ae Espresso Cremoso | Miscela d&#039;Oro\",\"isPartOf\":{\"@id\":\"https:\/\/www.misceladoro.com\/fr\/#website\"},\"primaryImageOfPage\":{\"@id\":\"https:\/\/www.misceladoro.com\/fr\/produit\/capsules-compatibles-dolce-gusto-espresso-cremoso\/#primaryimage\"},\"image\":{\"@id\":\"https:\/\/www.misceladoro.com\/fr\/produit\/capsules-compatibles-dolce-gusto-espresso-cremoso\/#primaryimage\"},\"thumbnailUrl\":\"https:\/\/www.misceladoro.com\/wp-content\/uploads\/2022\/11\/dolce-gusto-cremoso.png\",\"datePublished\":\"2022-11-18T10:53:43+00:00\",\"dateModified\":\"2025-06-30T14:13:36+00:00\",\"description\":\"Espresso Cremoso Dolce Gusto\u00ae\u00a0: cr\u00e8me \u00e9paisse, ar\u00f4me intense, chocolat et tabac. Un espresso italien de caract\u00e8re pour chaque pause caf\u00e9.\",\"breadcrumb\":{\"@id\":\"https:\/\/www.misceladoro.com\/fr\/produit\/capsules-compatibles-dolce-gusto-espresso-cremoso\/#breadcrumb\"},\"inLanguage\":\"fr-FR\",\"potentialAction\":[{\"@type\":\"ReadAction\",\"target\":[\"https:\/\/www.misceladoro.com\/fr\/produit\/capsules-compatibles-dolce-gusto-espresso-cremoso\/\"]}]},{\"@type\":\"ImageObject\",\"inLanguage\":\"fr-FR\",\"@id\":\"https:\/\/www.misceladoro.com\/fr\/produit\/capsules-compatibles-dolce-gusto-espresso-cremoso\/#primaryimage\",\"url\":\"https:\/\/www.misceladoro.com\/wp-content\/uploads\/2022\/11\/dolce-gusto-cremoso.png\",\"contentUrl\":\"https:\/\/www.misceladoro.com\/wp-content\/uploads\/2022\/11\/dolce-gusto-cremoso.png\",\"width\":1112,\"height\":1112,\"caption\":\"||\"},{\"@type\":\"BreadcrumbList\",\"@id\":\"https:\/\/www.misceladoro.com\/fr\/produit\/capsules-compatibles-dolce-gusto-espresso-cremoso\/#breadcrumb\",\"itemListElement\":[{\"@type\":\"ListItem\",\"position\":1,\"name\":\"Home\",\"item\":\"https:\/\/www.misceladoro.com\/fr\/\"},{\"@type\":\"ListItem\",\"position\":2,\"name\":\"Shop\",\"item\":\"https:\/\/www.misceladoro.com\/fr\/shop\/\"},{\"@type\":\"ListItem\",\"position\":3,\"name\":\"Capsules caf\u00e9\",\"item\":\"https:\/\/www.misceladoro.com\/fr\/capsules-cafe\/\"},{\"@type\":\"ListItem\",\"position\":4,\"name\":\"Dolce Gusto\u00ae\u200b compatible\",\"item\":\"https:\/\/www.misceladoro.com\/fr\/capsules-cafe\/compatibles-dolce-gusto\/\"},{\"@type\":\"ListItem\",\"position\":5,\"name\":\"Espresso Cremoso \u2013 Capsules Compatibles Dolce Gusto\u00ae*\"}]},{\"@type\":\"WebSite\",\"@id\":\"https:\/\/www.misceladoro.com\/fr\/#website\",\"url\":\"https:\/\/www.misceladoro.com\/fr\/\",\"name\":\"Miscela d'Oro\",\"description\":\"Artigiani del caff\u00e8 dal 1946\",\"publisher\":{\"@id\":\"https:\/\/www.misceladoro.com\/fr\/#organization\"},\"potentialAction\":[{\"@type\":\"SearchAction\",\"target\":{\"@type\":\"EntryPoint\",\"urlTemplate\":\"https:\/\/www.misceladoro.com\/fr\/?s={search_term_string}\"},\"query-input\":{\"@type\":\"PropertyValueSpecification\",\"valueRequired\":true,\"valueName\":\"search_term_string\"}}],\"inLanguage\":\"fr-FR\"},{\"@type\":\"Organization\",\"@id\":\"https:\/\/www.misceladoro.com\/fr\/#organization\",\"name\":\"Miscela d'Oro\",\"url\":\"https:\/\/www.misceladoro.com\/fr\/\",\"logo\":{\"@type\":\"ImageObject\",\"inLanguage\":\"fr-FR\",\"@id\":\"https:\/\/www.misceladoro.com\/fr\/#\/schema\/logo\/image\/\",\"url\":\"https:\/\/www.misceladoro.com\/wp-content\/uploads\/2022\/10\/LogoMiscelaOro-logo.png\",\"contentUrl\":\"https:\/\/www.misceladoro.com\/wp-content\/uploads\/2022\/10\/LogoMiscelaOro-logo.png\",\"width\":200,\"height\":120,\"caption\":\"Miscela d'Oro\"},\"image\":{\"@id\":\"https:\/\/www.misceladoro.com\/fr\/#\/schema\/logo\/image\/\"},\"sameAs\":[\"https:\/\/www.facebook.com\/MDOSicilia1946\",\"https:\/\/x.com\/miscela_doro\",\"https:\/\/www.instagram.com\/misceladoro\/\"]}]}<\/script>\n<!-- \/ Yoast SEO Premium plugin. -->","yoast_head_json":{"title":"Capsules compatibles Dolce Gusto\u00ae Espresso Cremoso | Miscela d&#039;Oro","description":"Espresso Cremoso Dolce Gusto\u00ae\u00a0: cr\u00e8me \u00e9paisse, ar\u00f4me intense, chocolat et tabac. Un espresso italien de caract\u00e8re pour chaque pause caf\u00e9.","robots":{"index":"index","follow":"follow","max-snippet":"max-snippet:-1","max-image-preview":"max-image-preview:large","max-video-preview":"max-video-preview:-1"},"canonical":"https:\/\/www.misceladoro.com\/fr\/produit\/capsules-compatibles-dolce-gusto-espresso-cremoso\/","og_locale":"fr_FR","og_type":"article","og_title":"Espresso Cremoso \u2013 Capsules Compatibles Dolce Gusto\u00ae*","og_description":"Scopri l\u2019Espresso Cremoso di Miscela d'Oro. Capsule compatibili Dolce Gusto dall\u2019aroma ricco e intenso, con corpo pieno e crema vellutata. Acquista ora online!","og_url":"https:\/\/www.misceladoro.com\/fr\/produit\/capsules-compatibles-dolce-gusto-espresso-cremoso\/","og_site_name":"Miscela d&#039;Oro","article_publisher":"https:\/\/www.facebook.com\/MDOSicilia1946","article_modified_time":"2025-06-30T14:13:36+00:00","og_image":[{"width":1112,"height":1112,"url":"https:\/\/www.misceladoro.com\/wp-content\/uploads\/2022\/11\/dolce-gusto-cremoso.png","type":"image\/png"}],"twitter_card":"summary_large_image","twitter_description":"Scopri l\u2019Espresso Cremoso di Miscela d'Oro. Capsule compatibili Dolce Gusto dall\u2019aroma ricco e intenso, con corpo pieno e crema vellutata. Acquista ora online!","twitter_site":"@miscela_doro","twitter_misc":{"Dur\u00e9e de lecture estim\u00e9e":"1 minute"},"schema":{"@context":"https:\/\/schema.org","@graph":[{"@type":"WebPage","@id":"https:\/\/www.misceladoro.com\/fr\/produit\/capsules-compatibles-dolce-gusto-espresso-cremoso\/","url":"https:\/\/www.misceladoro.com\/fr\/produit\/capsules-compatibles-dolce-gusto-espresso-cremoso\/","name":"Capsules compatibles Dolce Gusto\u00ae Espresso Cremoso | Miscela d&#039;Oro","isPartOf":{"@id":"https:\/\/www.misceladoro.com\/fr\/#website"},"primaryImageOfPage":{"@id":"https:\/\/www.misceladoro.com\/fr\/produit\/capsules-compatibles-dolce-gusto-espresso-cremoso\/#primaryimage"},"image":{"@id":"https:\/\/www.misceladoro.com\/fr\/produit\/capsules-compatibles-dolce-gusto-espresso-cremoso\/#primaryimage"},"thumbnailUrl":"https:\/\/www.misceladoro.com\/wp-content\/uploads\/2022\/11\/dolce-gusto-cremoso.png","datePublished":"2022-11-18T10:53:43+00:00","dateModified":"2025-06-30T14:13:36+00:00","description":"Espresso Cremoso Dolce Gusto\u00ae\u00a0: cr\u00e8me \u00e9paisse, ar\u00f4me intense, chocolat et tabac. Un espresso italien de caract\u00e8re pour chaque pause caf\u00e9.","breadcrumb":{"@id":"https:\/\/www.misceladoro.com\/fr\/produit\/capsules-compatibles-dolce-gusto-espresso-cremoso\/#breadcrumb"},"inLanguage":"fr-FR","potentialAction":[{"@type":"ReadAction","target":["https:\/\/www.misceladoro.com\/fr\/produit\/capsules-compatibles-dolce-gusto-espresso-cremoso\/"]}]},{"@type":"ImageObject","inLanguage":"fr-FR","@id":"https:\/\/www.misceladoro.com\/fr\/produit\/capsules-compatibles-dolce-gusto-espresso-cremoso\/#primaryimage","url":"https:\/\/www.misceladoro.com\/wp-content\/uploads\/2022\/11\/dolce-gusto-cremoso.png","contentUrl":"https:\/\/www.misceladoro.com\/wp-content\/uploads\/2022\/11\/dolce-gusto-cremoso.png","width":1112,"height":1112,"caption":"||"},{"@type":"BreadcrumbList","@id":"https:\/\/www.misceladoro.com\/fr\/produit\/capsules-compatibles-dolce-gusto-espresso-cremoso\/#breadcrumb","itemListElement":[{"@type":"ListItem","position":1,"name":"Home","item":"https:\/\/www.misceladoro.com\/fr\/"},{"@type":"ListItem","position":2,"name":"Shop","item":"https:\/\/www.misceladoro.com\/fr\/shop\/"},{"@type":"ListItem","position":3,"name":"Capsules caf\u00e9","item":"https:\/\/www.misceladoro.com\/fr\/capsules-cafe\/"},{"@type":"ListItem","position":4,"name":"Dolce Gusto\u00ae\u200b compatible","item":"https:\/\/www.misceladoro.com\/fr\/capsules-cafe\/compatibles-dolce-gusto\/"},{"@type":"ListItem","position":5,"name":"Espresso Cremoso \u2013 Capsules Compatibles Dolce Gusto\u00ae*"}]},{"@type":"WebSite","@id":"https:\/\/www.misceladoro.com\/fr\/#website","url":"https:\/\/www.misceladoro.com\/fr\/","name":"Miscela d'Oro","description":"Artigiani del caff\u00e8 dal 1946","publisher":{"@id":"https:\/\/www.misceladoro.com\/fr\/#organization"},"potentialAction":[{"@type":"SearchAction","target":{"@type":"EntryPoint","urlTemplate":"https:\/\/www.misceladoro.com\/fr\/?s={search_term_string}"},"query-input":{"@type":"PropertyValueSpecification","valueRequired":true,"valueName":"search_term_string"}}],"inLanguage":"fr-FR"},{"@type":"Organization","@id":"https:\/\/www.misceladoro.com\/fr\/#organization","name":"Miscela d'Oro","url":"https:\/\/www.misceladoro.com\/fr\/","logo":{"@type":"ImageObject","inLanguage":"fr-FR","@id":"https:\/\/www.misceladoro.com\/fr\/#\/schema\/logo\/image\/","url":"https:\/\/www.misceladoro.com\/wp-content\/uploads\/2022\/10\/LogoMiscelaOro-logo.png","contentUrl":"https:\/\/www.misceladoro.com\/wp-content\/uploads\/2022\/10\/LogoMiscelaOro-logo.png","width":200,"height":120,"caption":"Miscela d'Oro"},"image":{"@id":"https:\/\/www.misceladoro.com\/fr\/#\/schema\/logo\/image\/"},"sameAs":["https:\/\/www.facebook.com\/MDOSicilia1946","https:\/\/x.com\/miscela_doro","https:\/\/www.instagram.com\/misceladoro\/"]}]}},"_links":{"self":[{"href":"https:\/\/www.misceladoro.com\/fr\/wp-json\/wp\/v2\/product\/14356","targetHints":{"allow":["GET"]}}],"collection":[{"href":"https:\/\/www.misceladoro.com\/fr\/wp-json\/wp\/v2\/product"}],"about":[{"href":"https:\/\/www.misceladoro.com\/fr\/wp-json\/wp\/v2\/types\/product"}],"wp:featuredmedia":[{"embeddable":true,"href":"https:\/\/www.misceladoro.com\/fr\/wp-json\/wp\/v2\/media\/11553"}],"wp:attachment":[{"href":"https:\/\/www.misceladoro.com\/fr\/wp-json\/wp\/v2\/media?parent=14356"}],"wp:term":[{"taxonomy":"product_brand","embeddable":true,"href":"https:\/\/www.misceladoro.com\/fr\/wp-json\/wp\/v2\/product_brand?post=14356"},{"taxonomy":"product_cat","embeddable":true,"href":"https:\/\/www.misceladoro.com\/fr\/wp-json\/wp\/v2\/product_cat?post=14356"},{"taxonomy":"product_tag","embeddable":true,"href":"https:\/\/www.misceladoro.com\/fr\/wp-json\/wp\/v2\/product_tag?post=14356"}],"curies":[{"name":"wp","href":"https:\/\/api.w.org\/{rel}","templated":true}]}}