{"id":14354,"date":"2022-10-13T15:25:19","date_gmt":"2022-10-13T13:25:19","guid":{"rendered":"https:\/\/www.misceladoro.com\/prodotto\/capsules-compatibles-lavazza-espresso-cremoso\/"},"modified":"2025-06-30T12:20:07","modified_gmt":"2025-06-30T10:20:07","slug":"capsules-compatibles-lavazza-espresso-cremoso","status":"publish","type":"product","link":"https:\/\/www.misceladoro.com\/fr\/produit\/capsules-compatibles-lavazza-espresso-cremoso\/","title":{"rendered":"Espresso Cremoso \u2013 Capsules Compatibles Lavazza\u00ae* Espresso Point\u00ae*"},"content":{"rendered":"","protected":false},"excerpt":{"rendered":"<p class=\"p1\">Un m\u00e9lange \u00e0 l&rsquo;ar\u00f4me riche et intense, au corps g\u00e9n\u00e9reux et \u00e0 la cr\u00e8me velout\u00e9e. Parfait pour un expresso cr\u00e9meux et aromatique.<\/p>\n<p>*<strong>Dosettes de caf\u00e9 compatibles avec les machines Lavazza\u00ae Espresso Point\u00ae<\/strong><br \/>\nLes marques Lavazza\u00ae Espresso Point\u00ae sont des marques d\u00e9pos\u00e9es de tiers, sans aucun lien avec Miscela d\u2019Oro S.p.A.<\/p>\n","protected":false},"featured_media":10671,"template":"","meta":{"_acf_changed":false,"inline_featured_image":false},"product_brand":[],"product_cat":[728,732],"product_tag":[],"class_list":{"0":"post-14354","1":"product","2":"type-product","3":"status-publish","4":"has-post-thumbnail","6":"product_cat-capsules-cafe","7":"product_cat-compatibles-lavazza-espresso-point","9":"first","10":"instock","11":"taxable","12":"shipping-taxable","13":"purchasable","14":"product-type-simple"},"acf":[],"yoast_head":"<!-- This site is optimized with the Yoast SEO Premium plugin v26.7 (Yoast SEO v26.7) - https:\/\/yoast.com\/wordpress\/plugins\/seo\/ -->\n<title>Espresso Cremoso \u2013 Capsules compatibles Lavazza\u00ae | Miscela d&#039;Oro<\/title>\n<meta name=\"description\" content=\"Capsules Lavazza\u00ae Espresso Cremoso\u00a0: ar\u00f4me riche, cr\u00e8me onctueuse, notes chocolat\u00e9es. Le go\u00fbt authentique de l\u2019espresso italien \u00e0 la maison.\" \/>\n<meta name=\"robots\" content=\"index, follow, max-snippet:-1, max-image-preview:large, max-video-preview:-1\" \/>\n<link rel=\"canonical\" href=\"https:\/\/www.misceladoro.com\/fr\/produit\/capsules-compatibles-lavazza-espresso-cremoso\/\" \/>\n<meta property=\"og:locale\" content=\"fr_FR\" \/>\n<meta property=\"og:type\" content=\"article\" \/>\n<meta property=\"og:title\" content=\"Espresso Cremoso \u2013 Capsules Compatibles Lavazza\u00ae* Espresso Point\u00ae*\" \/>\n<meta property=\"og:description\" content=\"Scopri l\u2019Espresso Cremoso di Miscela d&#039;Oro. Capsule Espresso Point dall\u2019aroma ricco e intenso, con corpo pieno e crema vellutata. Acquista ora online!\" \/>\n<meta property=\"og:url\" content=\"https:\/\/www.misceladoro.com\/fr\/produit\/capsules-compatibles-lavazza-espresso-cremoso\/\" \/>\n<meta property=\"og:site_name\" content=\"Miscela d&#039;Oro\" \/>\n<meta property=\"article:publisher\" content=\"https:\/\/www.facebook.com\/MDOSicilia1946\" \/>\n<meta property=\"article:modified_time\" content=\"2025-06-30T10:20:07+00:00\" \/>\n<meta property=\"og:image\" content=\"https:\/\/www.misceladoro.com\/wp-content\/uploads\/2022\/10\/EP_Cremoso.png\" \/>\n\t<meta property=\"og:image:width\" content=\"941\" \/>\n\t<meta property=\"og:image:height\" content=\"941\" \/>\n\t<meta property=\"og:image:type\" content=\"image\/png\" \/>\n<meta name=\"twitter:card\" content=\"summary_large_image\" \/>\n<meta name=\"twitter:description\" content=\"Scopri l\u2019Espresso Cremoso di Miscela d&#039;Oro. Capsule Espresso Point dall\u2019aroma ricco e intenso, con corpo pieno e crema vellutata. Acquista ora online!\" \/>\n<meta name=\"twitter:site\" content=\"@miscela_doro\" \/>\n<meta name=\"twitter:label1\" content=\"Dur\u00e9e de lecture estim\u00e9e\" \/>\n\t<meta name=\"twitter:data1\" content=\"1 minute\" \/>\n<script type=\"application\/ld+json\" class=\"yoast-schema-graph\">{\"@context\":\"https:\/\/schema.org\",\"@graph\":[{\"@type\":\"WebPage\",\"@id\":\"https:\/\/www.misceladoro.com\/fr\/produit\/capsules-compatibles-lavazza-espresso-cremoso\/\",\"url\":\"https:\/\/www.misceladoro.com\/fr\/produit\/capsules-compatibles-lavazza-espresso-cremoso\/\",\"name\":\"Espresso Cremoso \u2013 Capsules compatibles Lavazza\u00ae | Miscela d&#039;Oro\",\"isPartOf\":{\"@id\":\"https:\/\/www.misceladoro.com\/fr\/#website\"},\"primaryImageOfPage\":{\"@id\":\"https:\/\/www.misceladoro.com\/fr\/produit\/capsules-compatibles-lavazza-espresso-cremoso\/#primaryimage\"},\"image\":{\"@id\":\"https:\/\/www.misceladoro.com\/fr\/produit\/capsules-compatibles-lavazza-espresso-cremoso\/#primaryimage\"},\"thumbnailUrl\":\"https:\/\/www.misceladoro.com\/wp-content\/uploads\/2022\/10\/EP_Cremoso.png\",\"datePublished\":\"2022-10-13T13:25:19+00:00\",\"dateModified\":\"2025-06-30T10:20:07+00:00\",\"description\":\"Capsules Lavazza\u00ae Espresso Cremoso\u00a0: ar\u00f4me riche, cr\u00e8me onctueuse, notes chocolat\u00e9es. Le go\u00fbt authentique de l\u2019espresso italien \u00e0 la maison.\",\"breadcrumb\":{\"@id\":\"https:\/\/www.misceladoro.com\/fr\/produit\/capsules-compatibles-lavazza-espresso-cremoso\/#breadcrumb\"},\"inLanguage\":\"fr-FR\",\"potentialAction\":[{\"@type\":\"ReadAction\",\"target\":[\"https:\/\/www.misceladoro.com\/fr\/produit\/capsules-compatibles-lavazza-espresso-cremoso\/\"]}]},{\"@type\":\"ImageObject\",\"inLanguage\":\"fr-FR\",\"@id\":\"https:\/\/www.misceladoro.com\/fr\/produit\/capsules-compatibles-lavazza-espresso-cremoso\/#primaryimage\",\"url\":\"https:\/\/www.misceladoro.com\/wp-content\/uploads\/2022\/10\/EP_Cremoso.png\",\"contentUrl\":\"https:\/\/www.misceladoro.com\/wp-content\/uploads\/2022\/10\/EP_Cremoso.png\",\"width\":941,\"height\":941,\"caption\":\"||\"},{\"@type\":\"BreadcrumbList\",\"@id\":\"https:\/\/www.misceladoro.com\/fr\/produit\/capsules-compatibles-lavazza-espresso-cremoso\/#breadcrumb\",\"itemListElement\":[{\"@type\":\"ListItem\",\"position\":1,\"name\":\"Home\",\"item\":\"https:\/\/www.misceladoro.com\/fr\/\"},{\"@type\":\"ListItem\",\"position\":2,\"name\":\"Shop\",\"item\":\"https:\/\/www.misceladoro.com\/fr\/shop\/\"},{\"@type\":\"ListItem\",\"position\":3,\"name\":\"Capsules caf\u00e9\",\"item\":\"https:\/\/www.misceladoro.com\/fr\/capsules-cafe\/\"},{\"@type\":\"ListItem\",\"position\":4,\"name\":\"Lavazza\u00ae Espresso Point\u00ae compatible\",\"item\":\"https:\/\/www.misceladoro.com\/fr\/capsules-cafe\/compatibles-lavazza-espresso-point\/\"},{\"@type\":\"ListItem\",\"position\":5,\"name\":\"Espresso Cremoso \u2013 Capsules Compatibles Lavazza\u00ae* Espresso Point\u00ae*\"}]},{\"@type\":\"WebSite\",\"@id\":\"https:\/\/www.misceladoro.com\/fr\/#website\",\"url\":\"https:\/\/www.misceladoro.com\/fr\/\",\"name\":\"Miscela d'Oro\",\"description\":\"Artigiani del caff\u00e8 dal 1946\",\"publisher\":{\"@id\":\"https:\/\/www.misceladoro.com\/fr\/#organization\"},\"potentialAction\":[{\"@type\":\"SearchAction\",\"target\":{\"@type\":\"EntryPoint\",\"urlTemplate\":\"https:\/\/www.misceladoro.com\/fr\/?s={search_term_string}\"},\"query-input\":{\"@type\":\"PropertyValueSpecification\",\"valueRequired\":true,\"valueName\":\"search_term_string\"}}],\"inLanguage\":\"fr-FR\"},{\"@type\":\"Organization\",\"@id\":\"https:\/\/www.misceladoro.com\/fr\/#organization\",\"name\":\"Miscela d'Oro\",\"url\":\"https:\/\/www.misceladoro.com\/fr\/\",\"logo\":{\"@type\":\"ImageObject\",\"inLanguage\":\"fr-FR\",\"@id\":\"https:\/\/www.misceladoro.com\/fr\/#\/schema\/logo\/image\/\",\"url\":\"https:\/\/www.misceladoro.com\/wp-content\/uploads\/2022\/10\/LogoMiscelaOro-logo.png\",\"contentUrl\":\"https:\/\/www.misceladoro.com\/wp-content\/uploads\/2022\/10\/LogoMiscelaOro-logo.png\",\"width\":200,\"height\":120,\"caption\":\"Miscela d'Oro\"},\"image\":{\"@id\":\"https:\/\/www.misceladoro.com\/fr\/#\/schema\/logo\/image\/\"},\"sameAs\":[\"https:\/\/www.facebook.com\/MDOSicilia1946\",\"https:\/\/x.com\/miscela_doro\",\"https:\/\/www.instagram.com\/misceladoro\/\"]}]}<\/script>\n<!-- \/ Yoast SEO Premium plugin. -->","yoast_head_json":{"title":"Espresso Cremoso \u2013 Capsules compatibles Lavazza\u00ae | Miscela d&#039;Oro","description":"Capsules Lavazza\u00ae Espresso Cremoso\u00a0: ar\u00f4me riche, cr\u00e8me onctueuse, notes chocolat\u00e9es. Le go\u00fbt authentique de l\u2019espresso italien \u00e0 la maison.","robots":{"index":"index","follow":"follow","max-snippet":"max-snippet:-1","max-image-preview":"max-image-preview:large","max-video-preview":"max-video-preview:-1"},"canonical":"https:\/\/www.misceladoro.com\/fr\/produit\/capsules-compatibles-lavazza-espresso-cremoso\/","og_locale":"fr_FR","og_type":"article","og_title":"Espresso Cremoso \u2013 Capsules Compatibles Lavazza\u00ae* Espresso Point\u00ae*","og_description":"Scopri l\u2019Espresso Cremoso di Miscela d'Oro. Capsule Espresso Point dall\u2019aroma ricco e intenso, con corpo pieno e crema vellutata. Acquista ora online!","og_url":"https:\/\/www.misceladoro.com\/fr\/produit\/capsules-compatibles-lavazza-espresso-cremoso\/","og_site_name":"Miscela d&#039;Oro","article_publisher":"https:\/\/www.facebook.com\/MDOSicilia1946","article_modified_time":"2025-06-30T10:20:07+00:00","og_image":[{"width":941,"height":941,"url":"https:\/\/www.misceladoro.com\/wp-content\/uploads\/2022\/10\/EP_Cremoso.png","type":"image\/png"}],"twitter_card":"summary_large_image","twitter_description":"Scopri l\u2019Espresso Cremoso di Miscela d'Oro. Capsule Espresso Point dall\u2019aroma ricco e intenso, con corpo pieno e crema vellutata. Acquista ora online!","twitter_site":"@miscela_doro","twitter_misc":{"Dur\u00e9e de lecture estim\u00e9e":"1 minute"},"schema":{"@context":"https:\/\/schema.org","@graph":[{"@type":"WebPage","@id":"https:\/\/www.misceladoro.com\/fr\/produit\/capsules-compatibles-lavazza-espresso-cremoso\/","url":"https:\/\/www.misceladoro.com\/fr\/produit\/capsules-compatibles-lavazza-espresso-cremoso\/","name":"Espresso Cremoso \u2013 Capsules compatibles Lavazza\u00ae | Miscela d&#039;Oro","isPartOf":{"@id":"https:\/\/www.misceladoro.com\/fr\/#website"},"primaryImageOfPage":{"@id":"https:\/\/www.misceladoro.com\/fr\/produit\/capsules-compatibles-lavazza-espresso-cremoso\/#primaryimage"},"image":{"@id":"https:\/\/www.misceladoro.com\/fr\/produit\/capsules-compatibles-lavazza-espresso-cremoso\/#primaryimage"},"thumbnailUrl":"https:\/\/www.misceladoro.com\/wp-content\/uploads\/2022\/10\/EP_Cremoso.png","datePublished":"2022-10-13T13:25:19+00:00","dateModified":"2025-06-30T10:20:07+00:00","description":"Capsules Lavazza\u00ae Espresso Cremoso\u00a0: ar\u00f4me riche, cr\u00e8me onctueuse, notes chocolat\u00e9es. Le go\u00fbt authentique de l\u2019espresso italien \u00e0 la maison.","breadcrumb":{"@id":"https:\/\/www.misceladoro.com\/fr\/produit\/capsules-compatibles-lavazza-espresso-cremoso\/#breadcrumb"},"inLanguage":"fr-FR","potentialAction":[{"@type":"ReadAction","target":["https:\/\/www.misceladoro.com\/fr\/produit\/capsules-compatibles-lavazza-espresso-cremoso\/"]}]},{"@type":"ImageObject","inLanguage":"fr-FR","@id":"https:\/\/www.misceladoro.com\/fr\/produit\/capsules-compatibles-lavazza-espresso-cremoso\/#primaryimage","url":"https:\/\/www.misceladoro.com\/wp-content\/uploads\/2022\/10\/EP_Cremoso.png","contentUrl":"https:\/\/www.misceladoro.com\/wp-content\/uploads\/2022\/10\/EP_Cremoso.png","width":941,"height":941,"caption":"||"},{"@type":"BreadcrumbList","@id":"https:\/\/www.misceladoro.com\/fr\/produit\/capsules-compatibles-lavazza-espresso-cremoso\/#breadcrumb","itemListElement":[{"@type":"ListItem","position":1,"name":"Home","item":"https:\/\/www.misceladoro.com\/fr\/"},{"@type":"ListItem","position":2,"name":"Shop","item":"https:\/\/www.misceladoro.com\/fr\/shop\/"},{"@type":"ListItem","position":3,"name":"Capsules caf\u00e9","item":"https:\/\/www.misceladoro.com\/fr\/capsules-cafe\/"},{"@type":"ListItem","position":4,"name":"Lavazza\u00ae Espresso Point\u00ae compatible","item":"https:\/\/www.misceladoro.com\/fr\/capsules-cafe\/compatibles-lavazza-espresso-point\/"},{"@type":"ListItem","position":5,"name":"Espresso Cremoso \u2013 Capsules Compatibles Lavazza\u00ae* Espresso Point\u00ae*"}]},{"@type":"WebSite","@id":"https:\/\/www.misceladoro.com\/fr\/#website","url":"https:\/\/www.misceladoro.com\/fr\/","name":"Miscela d'Oro","description":"Artigiani del caff\u00e8 dal 1946","publisher":{"@id":"https:\/\/www.misceladoro.com\/fr\/#organization"},"potentialAction":[{"@type":"SearchAction","target":{"@type":"EntryPoint","urlTemplate":"https:\/\/www.misceladoro.com\/fr\/?s={search_term_string}"},"query-input":{"@type":"PropertyValueSpecification","valueRequired":true,"valueName":"search_term_string"}}],"inLanguage":"fr-FR"},{"@type":"Organization","@id":"https:\/\/www.misceladoro.com\/fr\/#organization","name":"Miscela d'Oro","url":"https:\/\/www.misceladoro.com\/fr\/","logo":{"@type":"ImageObject","inLanguage":"fr-FR","@id":"https:\/\/www.misceladoro.com\/fr\/#\/schema\/logo\/image\/","url":"https:\/\/www.misceladoro.com\/wp-content\/uploads\/2022\/10\/LogoMiscelaOro-logo.png","contentUrl":"https:\/\/www.misceladoro.com\/wp-content\/uploads\/2022\/10\/LogoMiscelaOro-logo.png","width":200,"height":120,"caption":"Miscela d'Oro"},"image":{"@id":"https:\/\/www.misceladoro.com\/fr\/#\/schema\/logo\/image\/"},"sameAs":["https:\/\/www.facebook.com\/MDOSicilia1946","https:\/\/x.com\/miscela_doro","https:\/\/www.instagram.com\/misceladoro\/"]}]}},"_links":{"self":[{"href":"https:\/\/www.misceladoro.com\/fr\/wp-json\/wp\/v2\/product\/14354","targetHints":{"allow":["GET"]}}],"collection":[{"href":"https:\/\/www.misceladoro.com\/fr\/wp-json\/wp\/v2\/product"}],"about":[{"href":"https:\/\/www.misceladoro.com\/fr\/wp-json\/wp\/v2\/types\/product"}],"wp:featuredmedia":[{"embeddable":true,"href":"https:\/\/www.misceladoro.com\/fr\/wp-json\/wp\/v2\/media\/10671"}],"wp:attachment":[{"href":"https:\/\/www.misceladoro.com\/fr\/wp-json\/wp\/v2\/media?parent=14354"}],"wp:term":[{"taxonomy":"product_brand","embeddable":true,"href":"https:\/\/www.misceladoro.com\/fr\/wp-json\/wp\/v2\/product_brand?post=14354"},{"taxonomy":"product_cat","embeddable":true,"href":"https:\/\/www.misceladoro.com\/fr\/wp-json\/wp\/v2\/product_cat?post=14354"},{"taxonomy":"product_tag","embeddable":true,"href":"https:\/\/www.misceladoro.com\/fr\/wp-json\/wp\/v2\/product_tag?post=14354"}],"curies":[{"name":"wp","href":"https:\/\/api.w.org\/{rel}","templated":true}]}}