{"id":14352,"date":"2024-05-17T17:55:50","date_gmt":"2024-05-17T15:55:50","guid":{"rendered":"https:\/\/www.misceladoro.com\/prodotto\/beignets-pate-brisee-ciambelline\/"},"modified":"2025-06-30T10:09:28","modified_gmt":"2025-06-30T08:09:28","slug":"beignets-pate-brisee-ciambelline","status":"publish","type":"product","link":"https:\/\/www.misceladoro.com\/fr\/produit\/beignets-pate-brisee-ciambelline\/","title":{"rendered":"Ciambelline \u2013 Beignets de P\u00e2te Bris\u00e9e 250g"},"content":{"rendered":"","protected":false},"excerpt":{"rendered":"<p>Parfum\u00e9s et irr\u00e9sistibles, ces beignets \u00e0 la p\u00e2te bris\u00e9e r\u00e9v\u00e8lent les saveurs de la tradition sicilienne \u00e0 chaque bouch\u00e9e. Pr\u00e9par\u00e9s avec des ingr\u00e9dients authentiques, ces biscuits italiens pour le petit-d\u00e9jeuner sont parfaits pour accompagner un caf\u00e9 ou un th\u00e9. Leur texture friable et leur go\u00fbt d\u00e9licat en font l&rsquo;un des meilleurs biscuits italiens pour le caf\u00e9, parfaits pour les moments de d\u00e9tente. Ces petits biscuits apportent une touche de Sicile \u00e0 votre pause-caf\u00e9, gr\u00e2ce \u00e0 une recette respectueuse des saveurs et de la qualit\u00e9 italiennes traditionnelles. Id\u00e9als pour les amateurs de biscuits italiens authentiques, ces biscuits artisanaux sont un d\u00e9licieux ajout \u00e0 toute gourmandise du matin ou de l&rsquo;apr\u00e8s-midi.<\/p>\n","protected":false},"featured_media":11543,"template":"","meta":{"_acf_changed":false,"inline_featured_image":false},"product_brand":[],"product_cat":[744],"product_tag":[],"class_list":{"0":"post-14352","1":"product","2":"type-product","3":"status-publish","4":"has-post-thumbnail","6":"product_cat-produits-siciliens","8":"first","9":"outofstock","10":"taxable","11":"shipping-taxable","12":"purchasable","13":"product-type-simple"},"acf":[],"yoast_head":"<!-- This site is optimized with the Yoast SEO Premium plugin v26.7 (Yoast SEO v26.7) - https:\/\/yoast.com\/wordpress\/plugins\/seo\/ -->\n<title>Ciambelline: beignets p\u00e2te bris\u00e9e | Miscela d&#039;Oro<\/title>\n<meta name=\"description\" content=\"Ciambelline siciliennes friables \u00e0 la p\u00e2te bris\u00e9e. D\u00e9licates et savoureuses, parfaites avec un caf\u00e9 ou un th\u00e9. Go\u00fbtez la tradition.\" \/>\n<meta name=\"robots\" content=\"index, follow, max-snippet:-1, max-image-preview:large, max-video-preview:-1\" \/>\n<link rel=\"canonical\" href=\"https:\/\/www.misceladoro.com\/fr\/produit\/beignets-pate-brisee-ciambelline\/\" \/>\n<meta property=\"og:locale\" content=\"fr_FR\" \/>\n<meta property=\"og:type\" content=\"article\" \/>\n<meta property=\"og:title\" content=\"Ciambelline \u2013 Beignets de P\u00e2te Bris\u00e9e 250g\" \/>\n<meta property=\"og:description\" content=\"Ciambelline siciliennes friables \u00e0 la p\u00e2te bris\u00e9e. D\u00e9licates et savoureuses, parfaites avec un caf\u00e9 ou un th\u00e9. Go\u00fbtez la tradition.\" \/>\n<meta property=\"og:url\" content=\"https:\/\/www.misceladoro.com\/fr\/produit\/beignets-pate-brisee-ciambelline\/\" \/>\n<meta property=\"og:site_name\" content=\"Miscela d&#039;Oro\" \/>\n<meta property=\"article:publisher\" content=\"https:\/\/www.facebook.com\/MDOSicilia1946\" \/>\n<meta property=\"article:modified_time\" content=\"2025-06-30T08:09:28+00:00\" \/>\n<meta property=\"og:image\" content=\"https:\/\/www.misceladoro.com\/wp-content\/uploads\/2022\/10\/ciambelline-di-pasta-frolla-250-g.jpeg\" \/>\n\t<meta property=\"og:image:width\" content=\"500\" \/>\n\t<meta property=\"og:image:height\" content=\"500\" \/>\n\t<meta property=\"og:image:type\" content=\"image\/jpeg\" \/>\n<meta name=\"twitter:card\" content=\"summary_large_image\" \/>\n<meta name=\"twitter:site\" content=\"@miscela_doro\" \/>\n<meta name=\"twitter:label1\" content=\"Dur\u00e9e de lecture estim\u00e9e\" \/>\n\t<meta name=\"twitter:data1\" content=\"1 minute\" \/>\n<script type=\"application\/ld+json\" class=\"yoast-schema-graph\">{\"@context\":\"https:\/\/schema.org\",\"@graph\":[{\"@type\":\"WebPage\",\"@id\":\"https:\/\/www.misceladoro.com\/fr\/produit\/beignets-pate-brisee-ciambelline\/\",\"url\":\"https:\/\/www.misceladoro.com\/fr\/produit\/beignets-pate-brisee-ciambelline\/\",\"name\":\"Ciambelline: beignets p\u00e2te bris\u00e9e | Miscela d&#039;Oro\",\"isPartOf\":{\"@id\":\"https:\/\/www.misceladoro.com\/fr\/#website\"},\"primaryImageOfPage\":{\"@id\":\"https:\/\/www.misceladoro.com\/fr\/produit\/beignets-pate-brisee-ciambelline\/#primaryimage\"},\"image\":{\"@id\":\"https:\/\/www.misceladoro.com\/fr\/produit\/beignets-pate-brisee-ciambelline\/#primaryimage\"},\"thumbnailUrl\":\"https:\/\/www.misceladoro.com\/wp-content\/uploads\/2022\/10\/ciambelline-di-pasta-frolla-250-g.jpeg\",\"datePublished\":\"2024-05-17T15:55:50+00:00\",\"dateModified\":\"2025-06-30T08:09:28+00:00\",\"description\":\"Ciambelline siciliennes friables \u00e0 la p\u00e2te bris\u00e9e. D\u00e9licates et savoureuses, parfaites avec un caf\u00e9 ou un th\u00e9. Go\u00fbtez la tradition.\",\"breadcrumb\":{\"@id\":\"https:\/\/www.misceladoro.com\/fr\/produit\/beignets-pate-brisee-ciambelline\/#breadcrumb\"},\"inLanguage\":\"fr-FR\",\"potentialAction\":[{\"@type\":\"ReadAction\",\"target\":[\"https:\/\/www.misceladoro.com\/fr\/produit\/beignets-pate-brisee-ciambelline\/\"]}]},{\"@type\":\"ImageObject\",\"inLanguage\":\"fr-FR\",\"@id\":\"https:\/\/www.misceladoro.com\/fr\/produit\/beignets-pate-brisee-ciambelline\/#primaryimage\",\"url\":\"https:\/\/www.misceladoro.com\/wp-content\/uploads\/2022\/10\/ciambelline-di-pasta-frolla-250-g.jpeg\",\"contentUrl\":\"https:\/\/www.misceladoro.com\/wp-content\/uploads\/2022\/10\/ciambelline-di-pasta-frolla-250-g.jpeg\",\"width\":500,\"height\":500},{\"@type\":\"BreadcrumbList\",\"@id\":\"https:\/\/www.misceladoro.com\/fr\/produit\/beignets-pate-brisee-ciambelline\/#breadcrumb\",\"itemListElement\":[{\"@type\":\"ListItem\",\"position\":1,\"name\":\"Home\",\"item\":\"https:\/\/www.misceladoro.com\/fr\/\"},{\"@type\":\"ListItem\",\"position\":2,\"name\":\"Shop\",\"item\":\"https:\/\/www.misceladoro.com\/fr\/shop\/\"},{\"@type\":\"ListItem\",\"position\":3,\"name\":\"Produits siciliens\",\"item\":\"https:\/\/www.misceladoro.com\/fr\/produits-siciliens\/\"},{\"@type\":\"ListItem\",\"position\":4,\"name\":\"Ciambelline \u2013 Beignets de P\u00e2te Bris\u00e9e 250g\"}]},{\"@type\":\"WebSite\",\"@id\":\"https:\/\/www.misceladoro.com\/fr\/#website\",\"url\":\"https:\/\/www.misceladoro.com\/fr\/\",\"name\":\"Miscela d'Oro\",\"description\":\"Artigiani del caff\u00e8 dal 1946\",\"publisher\":{\"@id\":\"https:\/\/www.misceladoro.com\/fr\/#organization\"},\"potentialAction\":[{\"@type\":\"SearchAction\",\"target\":{\"@type\":\"EntryPoint\",\"urlTemplate\":\"https:\/\/www.misceladoro.com\/fr\/?s={search_term_string}\"},\"query-input\":{\"@type\":\"PropertyValueSpecification\",\"valueRequired\":true,\"valueName\":\"search_term_string\"}}],\"inLanguage\":\"fr-FR\"},{\"@type\":\"Organization\",\"@id\":\"https:\/\/www.misceladoro.com\/fr\/#organization\",\"name\":\"Miscela d'Oro\",\"url\":\"https:\/\/www.misceladoro.com\/fr\/\",\"logo\":{\"@type\":\"ImageObject\",\"inLanguage\":\"fr-FR\",\"@id\":\"https:\/\/www.misceladoro.com\/fr\/#\/schema\/logo\/image\/\",\"url\":\"https:\/\/www.misceladoro.com\/wp-content\/uploads\/2022\/10\/LogoMiscelaOro-logo.png\",\"contentUrl\":\"https:\/\/www.misceladoro.com\/wp-content\/uploads\/2022\/10\/LogoMiscelaOro-logo.png\",\"width\":200,\"height\":120,\"caption\":\"Miscela d'Oro\"},\"image\":{\"@id\":\"https:\/\/www.misceladoro.com\/fr\/#\/schema\/logo\/image\/\"},\"sameAs\":[\"https:\/\/www.facebook.com\/MDOSicilia1946\",\"https:\/\/x.com\/miscela_doro\",\"https:\/\/www.instagram.com\/misceladoro\/\"]}]}<\/script>\n<!-- \/ Yoast SEO Premium plugin. -->","yoast_head_json":{"title":"Ciambelline: beignets p\u00e2te bris\u00e9e | Miscela d&#039;Oro","description":"Ciambelline siciliennes friables \u00e0 la p\u00e2te bris\u00e9e. D\u00e9licates et savoureuses, parfaites avec un caf\u00e9 ou un th\u00e9. Go\u00fbtez la tradition.","robots":{"index":"index","follow":"follow","max-snippet":"max-snippet:-1","max-image-preview":"max-image-preview:large","max-video-preview":"max-video-preview:-1"},"canonical":"https:\/\/www.misceladoro.com\/fr\/produit\/beignets-pate-brisee-ciambelline\/","og_locale":"fr_FR","og_type":"article","og_title":"Ciambelline \u2013 Beignets de P\u00e2te Bris\u00e9e 250g","og_description":"Ciambelline siciliennes friables \u00e0 la p\u00e2te bris\u00e9e. D\u00e9licates et savoureuses, parfaites avec un caf\u00e9 ou un th\u00e9. Go\u00fbtez la tradition.","og_url":"https:\/\/www.misceladoro.com\/fr\/produit\/beignets-pate-brisee-ciambelline\/","og_site_name":"Miscela d&#039;Oro","article_publisher":"https:\/\/www.facebook.com\/MDOSicilia1946","article_modified_time":"2025-06-30T08:09:28+00:00","og_image":[{"width":500,"height":500,"url":"https:\/\/www.misceladoro.com\/wp-content\/uploads\/2022\/10\/ciambelline-di-pasta-frolla-250-g.jpeg","type":"image\/jpeg"}],"twitter_card":"summary_large_image","twitter_site":"@miscela_doro","twitter_misc":{"Dur\u00e9e de lecture estim\u00e9e":"1 minute"},"schema":{"@context":"https:\/\/schema.org","@graph":[{"@type":"WebPage","@id":"https:\/\/www.misceladoro.com\/fr\/produit\/beignets-pate-brisee-ciambelline\/","url":"https:\/\/www.misceladoro.com\/fr\/produit\/beignets-pate-brisee-ciambelline\/","name":"Ciambelline: beignets p\u00e2te bris\u00e9e | Miscela d&#039;Oro","isPartOf":{"@id":"https:\/\/www.misceladoro.com\/fr\/#website"},"primaryImageOfPage":{"@id":"https:\/\/www.misceladoro.com\/fr\/produit\/beignets-pate-brisee-ciambelline\/#primaryimage"},"image":{"@id":"https:\/\/www.misceladoro.com\/fr\/produit\/beignets-pate-brisee-ciambelline\/#primaryimage"},"thumbnailUrl":"https:\/\/www.misceladoro.com\/wp-content\/uploads\/2022\/10\/ciambelline-di-pasta-frolla-250-g.jpeg","datePublished":"2024-05-17T15:55:50+00:00","dateModified":"2025-06-30T08:09:28+00:00","description":"Ciambelline siciliennes friables \u00e0 la p\u00e2te bris\u00e9e. D\u00e9licates et savoureuses, parfaites avec un caf\u00e9 ou un th\u00e9. Go\u00fbtez la tradition.","breadcrumb":{"@id":"https:\/\/www.misceladoro.com\/fr\/produit\/beignets-pate-brisee-ciambelline\/#breadcrumb"},"inLanguage":"fr-FR","potentialAction":[{"@type":"ReadAction","target":["https:\/\/www.misceladoro.com\/fr\/produit\/beignets-pate-brisee-ciambelline\/"]}]},{"@type":"ImageObject","inLanguage":"fr-FR","@id":"https:\/\/www.misceladoro.com\/fr\/produit\/beignets-pate-brisee-ciambelline\/#primaryimage","url":"https:\/\/www.misceladoro.com\/wp-content\/uploads\/2022\/10\/ciambelline-di-pasta-frolla-250-g.jpeg","contentUrl":"https:\/\/www.misceladoro.com\/wp-content\/uploads\/2022\/10\/ciambelline-di-pasta-frolla-250-g.jpeg","width":500,"height":500},{"@type":"BreadcrumbList","@id":"https:\/\/www.misceladoro.com\/fr\/produit\/beignets-pate-brisee-ciambelline\/#breadcrumb","itemListElement":[{"@type":"ListItem","position":1,"name":"Home","item":"https:\/\/www.misceladoro.com\/fr\/"},{"@type":"ListItem","position":2,"name":"Shop","item":"https:\/\/www.misceladoro.com\/fr\/shop\/"},{"@type":"ListItem","position":3,"name":"Produits siciliens","item":"https:\/\/www.misceladoro.com\/fr\/produits-siciliens\/"},{"@type":"ListItem","position":4,"name":"Ciambelline \u2013 Beignets de P\u00e2te Bris\u00e9e 250g"}]},{"@type":"WebSite","@id":"https:\/\/www.misceladoro.com\/fr\/#website","url":"https:\/\/www.misceladoro.com\/fr\/","name":"Miscela d'Oro","description":"Artigiani del caff\u00e8 dal 1946","publisher":{"@id":"https:\/\/www.misceladoro.com\/fr\/#organization"},"potentialAction":[{"@type":"SearchAction","target":{"@type":"EntryPoint","urlTemplate":"https:\/\/www.misceladoro.com\/fr\/?s={search_term_string}"},"query-input":{"@type":"PropertyValueSpecification","valueRequired":true,"valueName":"search_term_string"}}],"inLanguage":"fr-FR"},{"@type":"Organization","@id":"https:\/\/www.misceladoro.com\/fr\/#organization","name":"Miscela d'Oro","url":"https:\/\/www.misceladoro.com\/fr\/","logo":{"@type":"ImageObject","inLanguage":"fr-FR","@id":"https:\/\/www.misceladoro.com\/fr\/#\/schema\/logo\/image\/","url":"https:\/\/www.misceladoro.com\/wp-content\/uploads\/2022\/10\/LogoMiscelaOro-logo.png","contentUrl":"https:\/\/www.misceladoro.com\/wp-content\/uploads\/2022\/10\/LogoMiscelaOro-logo.png","width":200,"height":120,"caption":"Miscela d'Oro"},"image":{"@id":"https:\/\/www.misceladoro.com\/fr\/#\/schema\/logo\/image\/"},"sameAs":["https:\/\/www.facebook.com\/MDOSicilia1946","https:\/\/x.com\/miscela_doro","https:\/\/www.instagram.com\/misceladoro\/"]}]}},"_links":{"self":[{"href":"https:\/\/www.misceladoro.com\/fr\/wp-json\/wp\/v2\/product\/14352","targetHints":{"allow":["GET"]}}],"collection":[{"href":"https:\/\/www.misceladoro.com\/fr\/wp-json\/wp\/v2\/product"}],"about":[{"href":"https:\/\/www.misceladoro.com\/fr\/wp-json\/wp\/v2\/types\/product"}],"wp:featuredmedia":[{"embeddable":true,"href":"https:\/\/www.misceladoro.com\/fr\/wp-json\/wp\/v2\/media\/11543"}],"wp:attachment":[{"href":"https:\/\/www.misceladoro.com\/fr\/wp-json\/wp\/v2\/media?parent=14352"}],"wp:term":[{"taxonomy":"product_brand","embeddable":true,"href":"https:\/\/www.misceladoro.com\/fr\/wp-json\/wp\/v2\/product_brand?post=14352"},{"taxonomy":"product_cat","embeddable":true,"href":"https:\/\/www.misceladoro.com\/fr\/wp-json\/wp\/v2\/product_cat?post=14352"},{"taxonomy":"product_tag","embeddable":true,"href":"https:\/\/www.misceladoro.com\/fr\/wp-json\/wp\/v2\/product_tag?post=14352"}],"curies":[{"name":"wp","href":"https:\/\/api.w.org\/{rel}","templated":true}]}}