{"id":18192,"date":"2026-03-24T12:09:08","date_gmt":"2026-03-24T11:09:08","guid":{"rendered":"https:\/\/www.misceladoro.com\/crea-abbonamento\/"},"modified":"2026-04-10T12:09:06","modified_gmt":"2026-04-10T10:09:06","slug":"creer-un-abonnement","status":"publish","type":"page","link":"https:\/\/www.misceladoro.com\/fr\/creer-un-abonnement\/","title":{"rendered":"Cr\u00e9ez votre abonnement personnalis\u00e9"},"content":{"rendered":"<h2 class=\"ql-block\" data-block-id=\"block-ab860558-9035-4e4f-9dc2-15ef99729da8\">Choisissez votre caf\u00e9 pr\u00e9f\u00e9r\u00e9, d\u00e9finissez la fr\u00e9quence de livraison et recevez-le directement chez vous.<\/h2>\n<div class=\"ql-block ai-optimize-introduction\" data-block-id=\"block-48434c7f-befe-4c4c-93f2-30f652598e04\">Pourquoi s\u2019abonner ?<\/div>\n<ul>\n<li class=\"ql-block\" data-block-id=\"block-7c44de79-bf85-465e-9655-12fcbf4c947d\">\u201310 % sur chaque commande<\/li>\n<li class=\"ql-block\" data-block-id=\"block-7c44de79-bf85-465e-9655-12fcbf4c947d\">Pause ou annulation \u00e0 tout moment<\/li>\n<li class=\"ql-block\" data-block-id=\"block-7c44de79-bf85-465e-9655-12fcbf4c947d\">Caf\u00e9 toujours fra\u00eechement torr\u00e9fi\u00e9<\/li>\n<li class=\"ql-block\" data-block-id=\"block-7c44de79-bf85-465e-9655-12fcbf4c947d\">Support prioritaire &amp; exp\u00e9dition rapide<\/li>\n<li class=\"ql-block\" data-block-id=\"block-7c44de79-bf85-465e-9655-12fcbf4c947d\">Cadeaux exclusifs tout au long de l\u2019ann\u00e9e<\/li>\n<\/ul>\n","protected":false},"excerpt":{"rendered":"<p>Choisissez votre caf\u00e9 pr\u00e9f\u00e9r\u00e9, d\u00e9finissez la fr\u00e9quence de livraison et recevez-le directement chez vous. Pourquoi s\u2019abonner ? \u201310 % sur chaque commande Pause ou annulation \u00e0 tout moment Caf\u00e9 toujours fra\u00eechement torr\u00e9fi\u00e9 Support prioritaire &amp; exp\u00e9dition rapide Cadeaux exclusifs tout au long de l\u2019ann\u00e9e<\/p>\n","protected":false},"author":4908,"featured_media":0,"parent":0,"menu_order":0,"comment_status":"closed","ping_status":"closed","template":"landing-abbonamento.php","meta":{"_acf_changed":false,"inline_featured_image":false,"footnotes":""},"class_list":["post-18192","page","type-page","status-publish","hentry"],"acf":[],"yoast_head":"<!-- This site is optimized with the Yoast SEO Premium plugin v26.7 (Yoast SEO v26.7) - https:\/\/yoast.com\/wordpress\/plugins\/seo\/ -->\n<title>Cr\u00e9ez votre abonnement personnalis\u00e9 | Miscela d&#039;Oro<\/title>\n<meta name=\"description\" content=\"Recevez votre caf\u00e9 pr\u00e9f\u00e9r\u00e9 r\u00e9guli\u00e8rement: -10% \u00e0 chaque commande, livraison rapide, toujours fra\u00eechement torr\u00e9fi\u00e9. Pause ou r\u00e9siliation \u00e0 tout moment.\" \/>\n<meta name=\"robots\" content=\"index, follow, max-snippet:-1, max-image-preview:large, max-video-preview:-1\" \/>\n<link rel=\"canonical\" href=\"https:\/\/www.misceladoro.com\/fr\/creer-un-abonnement\/\" \/>\n<meta property=\"og:locale\" content=\"fr_FR\" \/>\n<meta property=\"og:type\" content=\"article\" \/>\n<meta property=\"og:title\" content=\"Cr\u00e9ez votre abonnement personnalis\u00e9\" \/>\n<meta property=\"og:description\" content=\"Recevez votre caf\u00e9 pr\u00e9f\u00e9r\u00e9 r\u00e9guli\u00e8rement: -10% \u00e0 chaque commande, livraison rapide, toujours fra\u00eechement torr\u00e9fi\u00e9. Pause ou r\u00e9siliation \u00e0 tout moment.\" \/>\n<meta property=\"og:url\" content=\"https:\/\/www.misceladoro.com\/fr\/creer-un-abonnement\/\" \/>\n<meta property=\"og:site_name\" content=\"Miscela d&#039;Oro\" \/>\n<meta property=\"article:publisher\" content=\"https:\/\/www.facebook.com\/MDOSicilia1946\" \/>\n<meta property=\"article:modified_time\" content=\"2026-04-10T10:09:06+00:00\" \/>\n<meta name=\"twitter:card\" content=\"summary_large_image\" \/>\n<meta name=\"twitter:site\" content=\"@miscela_doro\" \/>\n<meta name=\"twitter:label1\" content=\"Dur\u00e9e de lecture estim\u00e9e\" \/>\n\t<meta name=\"twitter:data1\" content=\"1 minute\" \/>\n<script type=\"application\/ld+json\" class=\"yoast-schema-graph\">{\"@context\":\"https:\/\/schema.org\",\"@graph\":[{\"@type\":\"WebPage\",\"@id\":\"https:\/\/www.misceladoro.com\/fr\/creer-un-abonnement\/\",\"url\":\"https:\/\/www.misceladoro.com\/fr\/creer-un-abonnement\/\",\"name\":\"Cr\u00e9ez votre abonnement personnalis\u00e9 | Miscela d&#039;Oro\",\"isPartOf\":{\"@id\":\"https:\/\/www.misceladoro.com\/fr\/#website\"},\"datePublished\":\"2026-03-24T11:09:08+00:00\",\"dateModified\":\"2026-04-10T10:09:06+00:00\",\"description\":\"Recevez votre caf\u00e9 pr\u00e9f\u00e9r\u00e9 r\u00e9guli\u00e8rement: -10% \u00e0 chaque commande, livraison rapide, toujours fra\u00eechement torr\u00e9fi\u00e9. Pause ou r\u00e9siliation \u00e0 tout moment.\",\"breadcrumb\":{\"@id\":\"https:\/\/www.misceladoro.com\/fr\/creer-un-abonnement\/#breadcrumb\"},\"inLanguage\":\"fr-FR\",\"potentialAction\":[{\"@type\":\"ReadAction\",\"target\":[\"https:\/\/www.misceladoro.com\/fr\/creer-un-abonnement\/\"]}]},{\"@type\":\"BreadcrumbList\",\"@id\":\"https:\/\/www.misceladoro.com\/fr\/creer-un-abonnement\/#breadcrumb\",\"itemListElement\":[{\"@type\":\"ListItem\",\"position\":1,\"name\":\"Home\",\"item\":\"https:\/\/www.misceladoro.com\/fr\/\"},{\"@type\":\"ListItem\",\"position\":2,\"name\":\"Cr\u00e9ez votre abonnement personnalis\u00e9\"}]},{\"@type\":\"WebSite\",\"@id\":\"https:\/\/www.misceladoro.com\/fr\/#website\",\"url\":\"https:\/\/www.misceladoro.com\/fr\/\",\"name\":\"Miscela d'Oro\",\"description\":\"Artigiani del caff\u00e8 dal 1946\",\"publisher\":{\"@id\":\"https:\/\/www.misceladoro.com\/fr\/#organization\"},\"potentialAction\":[{\"@type\":\"SearchAction\",\"target\":{\"@type\":\"EntryPoint\",\"urlTemplate\":\"https:\/\/www.misceladoro.com\/fr\/?s={search_term_string}\"},\"query-input\":{\"@type\":\"PropertyValueSpecification\",\"valueRequired\":true,\"valueName\":\"search_term_string\"}}],\"inLanguage\":\"fr-FR\"},{\"@type\":\"Organization\",\"@id\":\"https:\/\/www.misceladoro.com\/fr\/#organization\",\"name\":\"Miscela d'Oro\",\"url\":\"https:\/\/www.misceladoro.com\/fr\/\",\"logo\":{\"@type\":\"ImageObject\",\"inLanguage\":\"fr-FR\",\"@id\":\"https:\/\/www.misceladoro.com\/fr\/#\/schema\/logo\/image\/\",\"url\":\"https:\/\/www.misceladoro.com\/wp-content\/uploads\/2022\/10\/LogoMiscelaOro-logo.png\",\"contentUrl\":\"https:\/\/www.misceladoro.com\/wp-content\/uploads\/2022\/10\/LogoMiscelaOro-logo.png\",\"width\":200,\"height\":120,\"caption\":\"Miscela d'Oro\"},\"image\":{\"@id\":\"https:\/\/www.misceladoro.com\/fr\/#\/schema\/logo\/image\/\"},\"sameAs\":[\"https:\/\/www.facebook.com\/MDOSicilia1946\",\"https:\/\/x.com\/miscela_doro\",\"https:\/\/www.instagram.com\/misceladoro\/\"]}]}<\/script>\n<!-- \/ Yoast SEO Premium plugin. -->","yoast_head_json":{"title":"Cr\u00e9ez votre abonnement personnalis\u00e9 | Miscela d&#039;Oro","description":"Recevez votre caf\u00e9 pr\u00e9f\u00e9r\u00e9 r\u00e9guli\u00e8rement: -10% \u00e0 chaque commande, livraison rapide, toujours fra\u00eechement torr\u00e9fi\u00e9. Pause ou r\u00e9siliation \u00e0 tout moment.","robots":{"index":"index","follow":"follow","max-snippet":"max-snippet:-1","max-image-preview":"max-image-preview:large","max-video-preview":"max-video-preview:-1"},"canonical":"https:\/\/www.misceladoro.com\/fr\/creer-un-abonnement\/","og_locale":"fr_FR","og_type":"article","og_title":"Cr\u00e9ez votre abonnement personnalis\u00e9","og_description":"Recevez votre caf\u00e9 pr\u00e9f\u00e9r\u00e9 r\u00e9guli\u00e8rement: -10% \u00e0 chaque commande, livraison rapide, toujours fra\u00eechement torr\u00e9fi\u00e9. Pause ou r\u00e9siliation \u00e0 tout moment.","og_url":"https:\/\/www.misceladoro.com\/fr\/creer-un-abonnement\/","og_site_name":"Miscela d&#039;Oro","article_publisher":"https:\/\/www.facebook.com\/MDOSicilia1946","article_modified_time":"2026-04-10T10:09:06+00:00","twitter_card":"summary_large_image","twitter_site":"@miscela_doro","twitter_misc":{"Dur\u00e9e de lecture estim\u00e9e":"1 minute"},"schema":{"@context":"https:\/\/schema.org","@graph":[{"@type":"WebPage","@id":"https:\/\/www.misceladoro.com\/fr\/creer-un-abonnement\/","url":"https:\/\/www.misceladoro.com\/fr\/creer-un-abonnement\/","name":"Cr\u00e9ez votre abonnement personnalis\u00e9 | Miscela d&#039;Oro","isPartOf":{"@id":"https:\/\/www.misceladoro.com\/fr\/#website"},"datePublished":"2026-03-24T11:09:08+00:00","dateModified":"2026-04-10T10:09:06+00:00","description":"Recevez votre caf\u00e9 pr\u00e9f\u00e9r\u00e9 r\u00e9guli\u00e8rement: -10% \u00e0 chaque commande, livraison rapide, toujours fra\u00eechement torr\u00e9fi\u00e9. Pause ou r\u00e9siliation \u00e0 tout moment.","breadcrumb":{"@id":"https:\/\/www.misceladoro.com\/fr\/creer-un-abonnement\/#breadcrumb"},"inLanguage":"fr-FR","potentialAction":[{"@type":"ReadAction","target":["https:\/\/www.misceladoro.com\/fr\/creer-un-abonnement\/"]}]},{"@type":"BreadcrumbList","@id":"https:\/\/www.misceladoro.com\/fr\/creer-un-abonnement\/#breadcrumb","itemListElement":[{"@type":"ListItem","position":1,"name":"Home","item":"https:\/\/www.misceladoro.com\/fr\/"},{"@type":"ListItem","position":2,"name":"Cr\u00e9ez votre abonnement personnalis\u00e9"}]},{"@type":"WebSite","@id":"https:\/\/www.misceladoro.com\/fr\/#website","url":"https:\/\/www.misceladoro.com\/fr\/","name":"Miscela d'Oro","description":"Artigiani del caff\u00e8 dal 1946","publisher":{"@id":"https:\/\/www.misceladoro.com\/fr\/#organization"},"potentialAction":[{"@type":"SearchAction","target":{"@type":"EntryPoint","urlTemplate":"https:\/\/www.misceladoro.com\/fr\/?s={search_term_string}"},"query-input":{"@type":"PropertyValueSpecification","valueRequired":true,"valueName":"search_term_string"}}],"inLanguage":"fr-FR"},{"@type":"Organization","@id":"https:\/\/www.misceladoro.com\/fr\/#organization","name":"Miscela d'Oro","url":"https:\/\/www.misceladoro.com\/fr\/","logo":{"@type":"ImageObject","inLanguage":"fr-FR","@id":"https:\/\/www.misceladoro.com\/fr\/#\/schema\/logo\/image\/","url":"https:\/\/www.misceladoro.com\/wp-content\/uploads\/2022\/10\/LogoMiscelaOro-logo.png","contentUrl":"https:\/\/www.misceladoro.com\/wp-content\/uploads\/2022\/10\/LogoMiscelaOro-logo.png","width":200,"height":120,"caption":"Miscela d'Oro"},"image":{"@id":"https:\/\/www.misceladoro.com\/fr\/#\/schema\/logo\/image\/"},"sameAs":["https:\/\/www.facebook.com\/MDOSicilia1946","https:\/\/x.com\/miscela_doro","https:\/\/www.instagram.com\/misceladoro\/"]}]}},"_links":{"self":[{"href":"https:\/\/www.misceladoro.com\/fr\/wp-json\/wp\/v2\/pages\/18192","targetHints":{"allow":["GET"]}}],"collection":[{"href":"https:\/\/www.misceladoro.com\/fr\/wp-json\/wp\/v2\/pages"}],"about":[{"href":"https:\/\/www.misceladoro.com\/fr\/wp-json\/wp\/v2\/types\/page"}],"author":[{"embeddable":true,"href":"https:\/\/www.misceladoro.com\/fr\/wp-json\/wp\/v2\/users\/4908"}],"replies":[{"embeddable":true,"href":"https:\/\/www.misceladoro.com\/fr\/wp-json\/wp\/v2\/comments?post=18192"}],"version-history":[{"count":1,"href":"https:\/\/www.misceladoro.com\/fr\/wp-json\/wp\/v2\/pages\/18192\/revisions"}],"predecessor-version":[{"id":18196,"href":"https:\/\/www.misceladoro.com\/fr\/wp-json\/wp\/v2\/pages\/18192\/revisions\/18196"}],"wp:attachment":[{"href":"https:\/\/www.misceladoro.com\/fr\/wp-json\/wp\/v2\/media?parent=18192"}],"curies":[{"name":"wp","href":"https:\/\/api.w.org\/{rel}","templated":true}]}}