{"id":15206,"date":"2022-08-25T15:11:11","date_gmt":"2022-08-25T13:11:11","guid":{"rendered":"https:\/\/www.misceladoro.com\/privacy-policy\/"},"modified":"2025-07-09T12:51:00","modified_gmt":"2025-07-09T10:51:00","slug":"privacy-policy","status":"publish","type":"page","link":"https:\/\/www.misceladoro.com\/fr\/privacy-policy\/","title":{"rendered":"Privacy Policy"},"content":{"rendered":"<h1>Privacy Policy<\/h1>\n<p>INFORMATIONS SUR LE TRAITEMENT DES DONN\u00c9ES \u00c0 CARACT\u00c8RE PERSONNEL des utilisateurs qui consultent le site web https:\/\/misceladoro.com\/fr\/<\/p>\n<p>&nbsp;<\/p>\n<p>Conform\u00e9ment au r\u00e8glement (UE) 2016\/679 (ci-apr\u00e8s d\u00e9nomm\u00e9 \u00ab r\u00e8glement \u00bb), cette page d\u00e9crit les modalit\u00e9s de traitement des donn\u00e9es personnelles des utilisateurs qui consultent le site <a href=\"https:\/\/misceladoro.com\/\">https:\/\/misceladoro.com<\/a><\/p>\n<p>La note d&rsquo;information est fournie uniquement pour le site <a href=\"https:\/\/misceladoro.com\/\">https:\/\/misceladoro.com<\/a> et non pour d&rsquo;autres sites web \u00e9ventuellement consult\u00e9s par l&rsquo;utilisateur via des liens.<\/p>\n<p>&nbsp;<\/p>\n<p>Nous vous invitons \u00e0 lire la \u00ab Politique en mati\u00e8re de cookies \u00bb et les \u00ab Conditions g\u00e9n\u00e9rales de vente \u00bb du site <a href=\"https:\/\/misceladoro.com\/\">https:\/\/misceladoro.com<\/a>, qui contiennent des informations d\u00e9taill\u00e9es sur les conditions relatives \u00e0 nos services. Certains services peuvent \u00eatre soumis \u00e0 des conditions l\u00e9gales sp\u00e9cifiques, auquel cas nous vous fournirons toutes les informations n\u00e9cessaires au cas par cas.<\/p>\n<p>&nbsp;<\/p>\n<p><strong>Responsable du traitement :<\/strong><\/p>\n<p>Le responsable du traitement est : Miscela d&rsquo;Oro S.p.A. \u2013 Via E.Fermi Z.I.R. 98124 Messine &#8211; Italie<\/p>\n<p>&nbsp;<\/p>\n<ol>\n<li><strong>Cat\u00e9gories de donn\u00e9es trait\u00e9es<\/strong><\/li>\n<\/ol>\n<p>Les cat\u00e9gories de donn\u00e9es \u00e0 caract\u00e8re personnel que Miscela D&rsquo;Oro collecte et traite lorsque vous naviguez ou effectuez des achats sont les suivantes :<\/p>\n<ol>\n<li>a) les informations n\u00e9cessaires pour conclure et ex\u00e9cuter votre achat, telles que : nom et pr\u00e9nom, adresse e-mail, adresse de livraison, adresse de facturation, num\u00e9ro de t\u00e9l\u00e9phone et informations de paiement ;<\/li>\n<li>b) les informations collect\u00e9es en ligne sur notre site web, par exemple en remplissant la section \u00ab contacts \u00bb lorsque vous vous inscrivez \u00e0 la newsletter ;<\/li>\n<li>c) les informations personnelles n\u00e9cessaires pour garantir votre identification et la prestation des services propos\u00e9s via votre compte ;<\/li>\n<li>d) les informations que vous nous fournissez lorsque vous contactez notre service client\u00e8le afin de vous fournir l&rsquo;assistance demand\u00e9e.<\/li>\n<li>e) informations provenant de tiers, par exemple si vous d\u00e9cidez d&rsquo;acheter un produit \u00e0 livrer \u00e0 un ami ou de faire un cadeau. Nous vous rappelons que l&rsquo;utilisation des donn\u00e9es personnelles de tiers est soumise \u00e0 la r\u00e9glementation en mati\u00e8re de protection des donn\u00e9es personnelles.<\/li>\n<\/ol>\n<p>&nbsp;<\/p>\n<div id=\"cookie\"><strong><strong>Cookie<\/strong><\/strong><\/div>\n<p>Donn\u00e9es collect\u00e9es automatiquement : il s&rsquo;agit des donn\u00e9es de navigation et\/ou collect\u00e9es \u00e0 l&rsquo;aide de \u00ab cookies \u00bb. Les syst\u00e8mes informatiques et les proc\u00e9dures logicielles utilis\u00e9s pour le fonctionnement des Sites acqui\u00e8rent, au cours de leur fonctionnement normal, certaines donn\u00e9es personnelles dont la transmission est implicite dans l&rsquo;utilisation des protocoles de communication Internet. Il s&rsquo;agit d&rsquo;informations qui, en g\u00e9n\u00e9ral, ne sont pas collect\u00e9es pour \u00eatre associ\u00e9es \u00e0 des personnes identifi\u00e9es, mais qui, de par leur nature m\u00eame, pourraient, par le biais de traitements et d&rsquo;associations avec des donn\u00e9es d\u00e9tenues par des tiers, permettre d&rsquo;identifier les utilisateurs. Cette cat\u00e9gorie de donn\u00e9es comprend les adresses IP ou les noms de domaine des ordinateurs utilis\u00e9s par les utilisateurs qui se connectent au site, les adresses URI (Uniform Resource Identifier) des ressources demand\u00e9es, l&rsquo;heure de la demande, la m\u00e9thode utilis\u00e9e pour soumettre la demande au serveur, la taille du fichier obtenu en r\u00e9ponse, le code num\u00e9rique indiquant l&rsquo;\u00e9tat de la r\u00e9ponse donn\u00e9e par le serveur (bon, erreur, etc.) et d&rsquo;autres param\u00e8tres relatifs au syst\u00e8me d&rsquo;exploitation et \u00e0 l&rsquo;environnement informatique de l&rsquo;utilisateur.<\/p>\n<p>&nbsp;<\/p>\n<p><strong>Les mineurs<\/strong><\/p>\n<p>Nous vous informons que Miscela d&rsquo;Oro ne traite pas les donn\u00e9es personnelles relatives aux mineurs. Si vous acc\u00e9dez \u00e0 eshop.misceladoro.com\/it et utilisez les services offerts par Miscela d&rsquo;Oro, vous d\u00e9clarez avoir atteint l&rsquo;\u00e2ge de la majorit\u00e9.<\/p>\n<ol>\n<li><strong>Finalit\u00e9s du traitement et base juridique<\/strong><\/li>\n<\/ol>\n<p>Les donn\u00e9es sont trait\u00e9es aux fins suivantes.<\/p>\n<ol>\n<li>a) Sur une base contractuelle afin de :<\/li>\n<\/ol>\n<ul>\n<li>g\u00e9rer les commandes et effectuer les activit\u00e9s connexes (par exemple : assistance \u00e0 la client\u00e8le avant et apr\u00e8s la vente, communications avec le client sur l&rsquo;\u00e9tat de la commande, r\u00e9ponses \u00e0 vos demandes d&rsquo;informations, gestion des paiements, etc.) ;<\/li>\n<li>g\u00e9rer le compte des utilisateurs en cas d&rsquo;inscription sur les sites pour b\u00e9n\u00e9ficier des services correspondants ;<\/li>\n<li>g\u00e9rer les exp\u00e9ditions des produits et cr\u00e9er des lettres de transport ;<\/li>\n<\/ul>\n<p>&nbsp;<\/p>\n<ol>\n<li>b) Sur la base d&rsquo;une obligation l\u00e9gale : le traitement des donn\u00e9es de l&rsquo;utilisateur sera effectu\u00e9 conform\u00e9ment aux obligations l\u00e9gales li\u00e9es aux normes civiles, fiscales et comptables.<\/li>\n<\/ol>\n<p>&nbsp;<\/p>\n<ol>\n<li>c) Sur la base du consentement expr\u00e8s : vous informer et vous envoyer des communications commerciales et des offres promotionnelles, des newsletters, concernant les produits et services, par e-mail, SMS, t\u00e9l\u00e9phone, courrier postal ou tout autre moyen.<\/li>\n<\/ol>\n<p>Si vous souhaitez autoriser les activit\u00e9s mentionn\u00e9es au point c) et que vous ne souhaitez plus recevoir de communications de la part de Miscela D&rsquo;Oro ou que vous souhaitez limiter les modalit\u00e9s de contact, vous pouvez \u00e0 tout moment interrompre ces communications en cliquant simplement sur le lien \u00ab<i> se d\u00e9sabonner<\/i> \u00bb figurant au bas de chaque communication, en acc\u00e9dant \u00e0 votre compte ou en \u00e9crivant \u00e0 l&rsquo;adresse e-mail eshop@misceladoro.com.<\/p>\n<p>&nbsp;<\/p>\n<p><strong>Le profil du compte<\/strong><\/p>\n<p>Lors de la cr\u00e9ation de votre compte, nous vous offrons la possibilit\u00e9 de b\u00e9n\u00e9ficier des services suivants :<\/p>\n<ul>\n<li>Historique des commandes : consulter l&rsquo;historique de vos commandes.<\/li>\n<li>Liste de souhaits : enregistrer les articles que vous souhaitez le plus et surveiller leur disponibilit\u00e9.<\/li>\n<li>Mon compte : g\u00e9rer vos donn\u00e9es d&rsquo;inscription.<\/li>\n<li>Mes adresses : enregistrer ou modifier vos adresses pour les avoir toujours \u00e0 port\u00e9e de main et conclure vos achats plus rapidement.<\/li>\n<\/ul>\n<p>Afin de garantir que les informations dont nous disposons sont correctes et nous permettent d&rsquo;exercer correctement l&rsquo;activit\u00e9 d\u00e9crite ci-dessus, nous vous invitons \u00e0 acc\u00e9der \u00e0 la section \u00ab Mon compte \u00bb et, si vous le jugez n\u00e9cessaire, \u00e0 les mettre \u00e0 jour.<\/p>\n<p>&nbsp;<\/p>\n<ol>\n<li><strong>Destinataires ou cat\u00e9gories de destinataires des donn\u00e9es<\/strong><\/li>\n<\/ol>\n<p>Les donn\u00e9es \u00e0 caract\u00e8re personnel seront trait\u00e9es par le personnel de Miscela d&rsquo;Oro sp\u00e9cialement form\u00e9 et autoris\u00e9 \u00e0 ce traitement.<\/p>\n<p>En particulier, nous fournirons vos donn\u00e9es personnelles aux prestataires de services ou fournisseurs, en tant que responsables du traitement et\/ou en tant que personnes physiques agissant sous l&rsquo;autorit\u00e9 de Miscela d&rsquo;Oro, qui nous assistent dans les op\u00e9rations sur nos sites web, dans la conduite de nos activit\u00e9s, dans la garantie du service ou dans la protection de la s\u00e9curit\u00e9 et de l&rsquo;int\u00e9grit\u00e9 de nos activit\u00e9s (y compris la maintenance informatique, le prestataire de services de s\u00e9curit\u00e9 et d&rsquo;assistance, le fournisseur de services d&rsquo;h\u00e9bergement, le fournisseur de services de paiement, les partenaires marketing et publicitaires, les services de courrier ou de messagerie \u00e9lectronique ou le centre d&rsquo;assistance \u00e0 la client\u00e8le, etc.).<\/p>\n<p>&nbsp;<\/p>\n<ol>\n<li><strong>Dur\u00e9e de conservation des donn\u00e9es<\/strong><\/li>\n<\/ol>\n<p>Vos donn\u00e9es personnelles seront conserv\u00e9es pendant le temps n\u00e9cessaire \u00e0 la r\u00e9alisation des finalit\u00e9s susmentionn\u00e9es et, en r\u00e8gle g\u00e9n\u00e9rale, pendant la dur\u00e9e de prescription pr\u00e9vue par la loi, les r\u00e8glements ou les r\u00e9glementations communautaires. Les donn\u00e9es fournies \u00e0 des fins commerciales et marketing seront trait\u00e9es pendant une dur\u00e9e maximale de 2 ans.<\/p>\n<p>&nbsp;<\/p>\n<ol>\n<li><strong>Transfert de donn\u00e9es vers des pays hors de l&rsquo;UE<\/strong><\/li>\n<\/ol>\n<p>Si les donn\u00e9es \u00e0 caract\u00e8re personnel sont transf\u00e9r\u00e9es vers des pays hors de l&rsquo;Union europ\u00e9enne, les transferts seront effectu\u00e9s conform\u00e9ment aux dispositions du r\u00e8glement de l&rsquo;UE afin de garantir un niveau de protection ad\u00e9quat. En particulier, les transferts seront effectu\u00e9s par la conclusion de clauses contractuelles types approuv\u00e9es par la Commission europ\u00e9enne, dont une copie peut \u00eatre obtenue sur demande adress\u00e9e aux coordonn\u00e9es figurant dans la pr\u00e9sente note d&rsquo;information.<\/p>\n<p>&nbsp;<\/p>\n<ol>\n<li><strong>Droits de la personne concern\u00e9e<\/strong><\/li>\n<\/ol>\n<p>Vous avez le droit d&rsquo;obtenir, dans les cas pr\u00e9vus, l&rsquo;acc\u00e8s \u00e0 vos donn\u00e9es personnelles, leur rectification ou leur suppression, ou la limitation de leur traitement, ou de vous opposer \u00e0 leur traitement (articles 15 et suivants du R\u00e8glement). Vous avez le droit de d\u00e9poser une plainte aupr\u00e8s de l&rsquo;autorit\u00e9 comp\u00e9tente en mati\u00e8re de protection des donn\u00e9es personnelles.<\/p>\n<p>Enfin, vous avez le droit de vous opposer, en tout ou en partie, au traitement des donn\u00e9es \u00e0 caract\u00e8re personnel vous concernant lorsque le traitement est fond\u00e9 sur l&rsquo;int\u00e9r\u00eat l\u00e9gitime du responsable du traitement, ainsi qu&rsquo;\u00e0 des fins de marketing direct.<\/p>\n<p>Les demandes vis\u00e9es aux points pr\u00e9c\u00e9dents doivent \u00eatre adress\u00e9es aux contacts des responsables du traitement indiqu\u00e9s dans la section \u00ab Responsable du traitement \u00bb.<\/p>\n<p>&nbsp;<\/p>\n<p><strong>Transactionale<\/strong><\/p>\n<p>Transactionale est un service de publicit\u00e9 cross-network fourni par Flyer Tech S.r.l. Le service utilise certaines donn\u00e9es personnelles de l&rsquo;utilisateur (notamment son nom, son pr\u00e9nom, ses centres d&rsquo;int\u00e9r\u00eat, ses achats, son adresse e-mail, etc.) pour envoyer des communications commerciales relatives aux services et produits fournis par des tiers appartenant au m\u00eame r\u00e9seau. Les propositions envoy\u00e9es par Transactionale sont toujours li\u00e9es au produit ou au service achet\u00e9 aupr\u00e8s du Responsable du traitement.<\/p>\n<p><b>Lieu du traitement<\/b> : Italie<\/p>\n<p><b>Politique de confidentialit\u00e9<\/b> pour les visiteurs : https:\/\/www.transactionale.com\/privacy-end-users<\/p>\n<p><strong>Communication de donn\u00e9es \u00e0 des tiers par l&rsquo;interm\u00e9diaire de Transactionale de Flyer Tech Srl<\/strong><\/p>\n<p>Le Responsable du traitement peut cr\u00e9er des bases de donn\u00e9es en utilisant tout ou partie des Donn\u00e9es de l&rsquo;Utilisateur et\/ou en utilisant des donn\u00e9es de second niveau d\u00e9riv\u00e9es du traitement statistique des Donn\u00e9es fournies<\/p>\n<p>ou de la cr\u00e9ation de profils d&rsquo;Utilisateurs. Si l&rsquo;Utilisateur effectue un achat et donne son consentement, le Responsable du traitement peut communiquer les Donn\u00e9es indiqu\u00e9es dans le paragraphe pr\u00e9c\u00e9dent \u00e0 des tiers pour lesquels l&rsquo;Utilisateur a manifest\u00e9 son int\u00e9r\u00eat. Les tiers peuvent utiliser les donn\u00e9es re\u00e7ues pour envoyer des e-mails \u00e0 caract\u00e8re commercial et promotionnel. L&rsquo;Utilisateur a toujours la possibilit\u00e9 de r\u00e9voquer son consentement en envoyant simplement un e-mail aux coordonn\u00e9es indiqu\u00e9es dans le pr\u00e9sent document ou, si la communication a d\u00e9j\u00e0 eu lieu, directement au membre du r\u00e9seau Transactionale qui a re\u00e7u les Donn\u00e9es.<\/p>\n<p>Derni\u00e8re mise \u00e0 jour le 24\/05\/2018<\/p>\n","protected":false},"excerpt":{"rendered":"<p>Privacy Policy INFORMATIONS SUR LE TRAITEMENT DES DONN\u00c9ES \u00c0 CARACT\u00c8RE PERSONNEL des utilisateurs qui consultent le site web https:\/\/misceladoro.com\/fr\/ &nbsp; Conform\u00e9ment au r\u00e8glement (UE) 2016\/679 (ci-apr\u00e8s d\u00e9nomm\u00e9 \u00ab r\u00e8glement \u00bb), cette page d\u00e9crit les modalit\u00e9s de traitement des donn\u00e9es personnelles des utilisateurs qui consultent le site https:\/\/misceladoro.com La note d&rsquo;information est fournie uniquement pour le [&hellip;]<\/p>\n","protected":false},"author":4902,"featured_media":0,"parent":0,"menu_order":0,"comment_status":"closed","ping_status":"open","template":"","meta":{"_acf_changed":false,"inline_featured_image":false,"footnotes":""},"class_list":["post-15206","page","type-page","status-publish","hentry"],"acf":[],"yoast_head":"<!-- This site is optimized with the Yoast SEO Premium plugin v26.7 (Yoast SEO v26.7) - https:\/\/yoast.com\/wordpress\/plugins\/seo\/ -->\n<title>Privacy Policy | Miscela d&#039;Oro<\/title>\n<meta name=\"robots\" content=\"index, follow, max-snippet:-1, max-image-preview:large, max-video-preview:-1\" \/>\n<link rel=\"canonical\" href=\"https:\/\/www.misceladoro.com\/fr\/privacy-policy\/\" \/>\n<meta property=\"og:locale\" content=\"fr_FR\" \/>\n<meta property=\"og:type\" content=\"article\" \/>\n<meta property=\"og:title\" content=\"Privacy Policy\" \/>\n<meta property=\"og:description\" content=\"Privacy Policy INFORMATIONS SUR LE TRAITEMENT DES DONN\u00c9ES \u00c0 CARACT\u00c8RE PERSONNEL des utilisateurs qui consultent le site web https:\/\/misceladoro.com\/fr\/ &nbsp; Conform\u00e9ment au r\u00e8glement (UE) 2016\/679 (ci-apr\u00e8s d\u00e9nomm\u00e9 \u00ab r\u00e8glement \u00bb), cette page d\u00e9crit les modalit\u00e9s de traitement des donn\u00e9es personnelles des utilisateurs qui consultent le site https:\/\/misceladoro.com La note d&rsquo;information est fournie uniquement pour le [&hellip;]\" \/>\n<meta property=\"og:url\" content=\"https:\/\/www.misceladoro.com\/fr\/privacy-policy\/\" \/>\n<meta property=\"og:site_name\" content=\"Miscela d&#039;Oro\" \/>\n<meta property=\"article:publisher\" content=\"https:\/\/www.facebook.com\/MDOSicilia1946\" \/>\n<meta property=\"article:modified_time\" content=\"2025-07-09T10:51:00+00:00\" \/>\n<meta name=\"twitter:card\" content=\"summary_large_image\" \/>\n<meta name=\"twitter:site\" content=\"@miscela_doro\" \/>\n<meta name=\"twitter:label1\" content=\"Dur\u00e9e de lecture estim\u00e9e\" \/>\n\t<meta name=\"twitter:data1\" content=\"8 minutes\" \/>\n<script type=\"application\/ld+json\" class=\"yoast-schema-graph\">{\"@context\":\"https:\/\/schema.org\",\"@graph\":[{\"@type\":\"WebPage\",\"@id\":\"https:\/\/www.misceladoro.com\/fr\/privacy-policy\/\",\"url\":\"https:\/\/www.misceladoro.com\/fr\/privacy-policy\/\",\"name\":\"Privacy Policy | Miscela d&#039;Oro\",\"isPartOf\":{\"@id\":\"https:\/\/www.misceladoro.com\/fr\/#website\"},\"datePublished\":\"2022-08-25T13:11:11+00:00\",\"dateModified\":\"2025-07-09T10:51:00+00:00\",\"breadcrumb\":{\"@id\":\"https:\/\/www.misceladoro.com\/fr\/privacy-policy\/#breadcrumb\"},\"inLanguage\":\"fr-FR\",\"potentialAction\":[{\"@type\":\"ReadAction\",\"target\":[\"https:\/\/www.misceladoro.com\/fr\/privacy-policy\/\"]}]},{\"@type\":\"BreadcrumbList\",\"@id\":\"https:\/\/www.misceladoro.com\/fr\/privacy-policy\/#breadcrumb\",\"itemListElement\":[{\"@type\":\"ListItem\",\"position\":1,\"name\":\"Home\",\"item\":\"https:\/\/www.misceladoro.com\/fr\/\"},{\"@type\":\"ListItem\",\"position\":2,\"name\":\"Privacy Policy\"}]},{\"@type\":\"WebSite\",\"@id\":\"https:\/\/www.misceladoro.com\/fr\/#website\",\"url\":\"https:\/\/www.misceladoro.com\/fr\/\",\"name\":\"Miscela d'Oro\",\"description\":\"Artigiani del caff\u00e8 dal 1946\",\"publisher\":{\"@id\":\"https:\/\/www.misceladoro.com\/fr\/#organization\"},\"potentialAction\":[{\"@type\":\"SearchAction\",\"target\":{\"@type\":\"EntryPoint\",\"urlTemplate\":\"https:\/\/www.misceladoro.com\/fr\/?s={search_term_string}\"},\"query-input\":{\"@type\":\"PropertyValueSpecification\",\"valueRequired\":true,\"valueName\":\"search_term_string\"}}],\"inLanguage\":\"fr-FR\"},{\"@type\":\"Organization\",\"@id\":\"https:\/\/www.misceladoro.com\/fr\/#organization\",\"name\":\"Miscela d'Oro\",\"url\":\"https:\/\/www.misceladoro.com\/fr\/\",\"logo\":{\"@type\":\"ImageObject\",\"inLanguage\":\"fr-FR\",\"@id\":\"https:\/\/www.misceladoro.com\/fr\/#\/schema\/logo\/image\/\",\"url\":\"https:\/\/www.misceladoro.com\/wp-content\/uploads\/2022\/10\/LogoMiscelaOro-logo.png\",\"contentUrl\":\"https:\/\/www.misceladoro.com\/wp-content\/uploads\/2022\/10\/LogoMiscelaOro-logo.png\",\"width\":200,\"height\":120,\"caption\":\"Miscela d'Oro\"},\"image\":{\"@id\":\"https:\/\/www.misceladoro.com\/fr\/#\/schema\/logo\/image\/\"},\"sameAs\":[\"https:\/\/www.facebook.com\/MDOSicilia1946\",\"https:\/\/x.com\/miscela_doro\",\"https:\/\/www.instagram.com\/misceladoro\/\"]}]}<\/script>\n<!-- \/ Yoast SEO Premium plugin. -->","yoast_head_json":{"title":"Privacy Policy | Miscela d&#039;Oro","robots":{"index":"index","follow":"follow","max-snippet":"max-snippet:-1","max-image-preview":"max-image-preview:large","max-video-preview":"max-video-preview:-1"},"canonical":"https:\/\/www.misceladoro.com\/fr\/privacy-policy\/","og_locale":"fr_FR","og_type":"article","og_title":"Privacy Policy","og_description":"Privacy Policy INFORMATIONS SUR LE TRAITEMENT DES DONN\u00c9ES \u00c0 CARACT\u00c8RE PERSONNEL des utilisateurs qui consultent le site web https:\/\/misceladoro.com\/fr\/ &nbsp; Conform\u00e9ment au r\u00e8glement (UE) 2016\/679 (ci-apr\u00e8s d\u00e9nomm\u00e9 \u00ab r\u00e8glement \u00bb), cette page d\u00e9crit les modalit\u00e9s de traitement des donn\u00e9es personnelles des utilisateurs qui consultent le site https:\/\/misceladoro.com La note d&rsquo;information est fournie uniquement pour le [&hellip;]","og_url":"https:\/\/www.misceladoro.com\/fr\/privacy-policy\/","og_site_name":"Miscela d&#039;Oro","article_publisher":"https:\/\/www.facebook.com\/MDOSicilia1946","article_modified_time":"2025-07-09T10:51:00+00:00","twitter_card":"summary_large_image","twitter_site":"@miscela_doro","twitter_misc":{"Dur\u00e9e de lecture estim\u00e9e":"8 minutes"},"schema":{"@context":"https:\/\/schema.org","@graph":[{"@type":"WebPage","@id":"https:\/\/www.misceladoro.com\/fr\/privacy-policy\/","url":"https:\/\/www.misceladoro.com\/fr\/privacy-policy\/","name":"Privacy Policy | Miscela d&#039;Oro","isPartOf":{"@id":"https:\/\/www.misceladoro.com\/fr\/#website"},"datePublished":"2022-08-25T13:11:11+00:00","dateModified":"2025-07-09T10:51:00+00:00","breadcrumb":{"@id":"https:\/\/www.misceladoro.com\/fr\/privacy-policy\/#breadcrumb"},"inLanguage":"fr-FR","potentialAction":[{"@type":"ReadAction","target":["https:\/\/www.misceladoro.com\/fr\/privacy-policy\/"]}]},{"@type":"BreadcrumbList","@id":"https:\/\/www.misceladoro.com\/fr\/privacy-policy\/#breadcrumb","itemListElement":[{"@type":"ListItem","position":1,"name":"Home","item":"https:\/\/www.misceladoro.com\/fr\/"},{"@type":"ListItem","position":2,"name":"Privacy Policy"}]},{"@type":"WebSite","@id":"https:\/\/www.misceladoro.com\/fr\/#website","url":"https:\/\/www.misceladoro.com\/fr\/","name":"Miscela d'Oro","description":"Artigiani del caff\u00e8 dal 1946","publisher":{"@id":"https:\/\/www.misceladoro.com\/fr\/#organization"},"potentialAction":[{"@type":"SearchAction","target":{"@type":"EntryPoint","urlTemplate":"https:\/\/www.misceladoro.com\/fr\/?s={search_term_string}"},"query-input":{"@type":"PropertyValueSpecification","valueRequired":true,"valueName":"search_term_string"}}],"inLanguage":"fr-FR"},{"@type":"Organization","@id":"https:\/\/www.misceladoro.com\/fr\/#organization","name":"Miscela d'Oro","url":"https:\/\/www.misceladoro.com\/fr\/","logo":{"@type":"ImageObject","inLanguage":"fr-FR","@id":"https:\/\/www.misceladoro.com\/fr\/#\/schema\/logo\/image\/","url":"https:\/\/www.misceladoro.com\/wp-content\/uploads\/2022\/10\/LogoMiscelaOro-logo.png","contentUrl":"https:\/\/www.misceladoro.com\/wp-content\/uploads\/2022\/10\/LogoMiscelaOro-logo.png","width":200,"height":120,"caption":"Miscela d'Oro"},"image":{"@id":"https:\/\/www.misceladoro.com\/fr\/#\/schema\/logo\/image\/"},"sameAs":["https:\/\/www.facebook.com\/MDOSicilia1946","https:\/\/x.com\/miscela_doro","https:\/\/www.instagram.com\/misceladoro\/"]}]}},"_links":{"self":[{"href":"https:\/\/www.misceladoro.com\/fr\/wp-json\/wp\/v2\/pages\/15206","targetHints":{"allow":["GET"]}}],"collection":[{"href":"https:\/\/www.misceladoro.com\/fr\/wp-json\/wp\/v2\/pages"}],"about":[{"href":"https:\/\/www.misceladoro.com\/fr\/wp-json\/wp\/v2\/types\/page"}],"author":[{"embeddable":true,"href":"https:\/\/www.misceladoro.com\/fr\/wp-json\/wp\/v2\/users\/4902"}],"replies":[{"embeddable":true,"href":"https:\/\/www.misceladoro.com\/fr\/wp-json\/wp\/v2\/comments?post=15206"}],"version-history":[{"count":3,"href":"https:\/\/www.misceladoro.com\/fr\/wp-json\/wp\/v2\/pages\/15206\/revisions"}],"predecessor-version":[{"id":15217,"href":"https:\/\/www.misceladoro.com\/fr\/wp-json\/wp\/v2\/pages\/15206\/revisions\/15217"}],"wp:attachment":[{"href":"https:\/\/www.misceladoro.com\/fr\/wp-json\/wp\/v2\/media?parent=15206"}],"curies":[{"name":"wp","href":"https:\/\/api.w.org\/{rel}","templated":true}]}}