{"id":14837,"date":"2025-04-18T18:46:59","date_gmt":"2025-04-18T16:46:59","guid":{"rendered":"https:\/\/www.misceladoro.com\/test-miscela-doro\/"},"modified":"2025-07-02T11:51:02","modified_gmt":"2025-07-02T09:51:02","slug":"test-miscela-doro","status":"publish","type":"page","link":"https:\/\/www.misceladoro.com\/fr\/test-miscela-doro\/","title":{"rendered":"Test Miscela d&rsquo;oro"},"content":{"rendered":"<div class=\"frm_forms  with_frm_style frm_style_stile-formidable\" id=\"frm_form_2_container\" data-token=\"2f831e6ba3fb89afcac68a1499de583a\">\n<form enctype=\"multipart\/form-data\" method=\"post\" class=\"frm-show-form  frm_js_validate  frm_pro_form \" id=\"form_quiz\" data-token=\"2f831e6ba3fb89afcac68a1499de583a\">\n<div class=\"frm_form_fields  frm_page_num_1\">\n<fieldset>\n<legend class=\"frm_screen_reader\">Quiz<\/legend>\r\n\r\n<div class=\"frm_fields_container\">\n<input type=\"hidden\" name=\"frm_action\" value=\"create\" \/>\n<input type=\"hidden\" name=\"form_id\" value=\"2\" \/>\n<input type=\"hidden\" name=\"frm_hide_fields_2\" id=\"frm_hide_fields_2\" value=\"\" \/>\n<input type=\"hidden\" name=\"form_key\" value=\"quiz\" \/>\n<input type=\"hidden\" name=\"item_meta[0]\" value=\"\" \/>\n<input type=\"hidden\" id=\"frm_submit_entry_2\" name=\"frm_submit_entry_2\" value=\"3e7b374a7f\" \/><input type=\"hidden\" name=\"_wp_http_referer\" value=\"\/fr\/wp-json\/wp\/v2\/pages\/14837\" \/><input type=\"hidden\" name=\"item_meta[6]\" id=\"field_72k1r\" value=\"\"  data-invmsg=\"Punteggio est non valide\"   \/>\n<div id=\"frm_field_7_container\" class=\"frm_form_field form-field  frm_required_field frm_top_container vertical_radio\">\r\n    <div  id=\"field_t8ld4_label\" class=\"frm_primary_label\"><span class=\"step-indicator\">\u00c9TAPE 1 \/ 7 :<\/span> Comment pr\u00e9f\u00e9rez-vous commencer votre journ\u00e9e ?\n\n\r\n        <span class=\"frm_required\" aria-hidden=\"true\">*<\/span>\r\n    <\/div>\r\n    <div class=\"frm_opt_container\" aria-labelledby=\"field_t8ld4_label\" role=\"radiogroup\" aria-required=\"true\">\t\t<div class=\"frm_radio\" id=\"frm_radio_7-0\">\t\t\t<label  for=\"field_t8ld4-0\">\n\t\t\t\t\t<input type=\"radio\" name=\"item_meta[7]\" id=\"field_t8ld4-0\" value=\"0\"\n\t\t   data-reqmsg=\"&lt;span class=&quot;step-indicator&quot;&gt;\u00c9TAPE 1 \/ 7 :&lt;\/span&gt; Comment pr\u00e9f\u00e9rez-vous commencer votre journ\u00e9e ?\n\n ne peut pas \u00eatre vide.\" data-invmsg=\"&lt;span class=&quot;step-indicator&quot;&gt;\u00c9TAPE 1 \/ 7 :&lt;\/span&gt; Comment pr\u00e9f\u00e9rez-vous commencer votre journ\u00e9e ?\n\n est non valide\"  \/> Avec un caf\u00e9 fort et affirm\u00e9, pour me donner de l\u2019\u00e9nergie.<\/label><\/div>\n\t\t<div class=\"frm_radio\" id=\"frm_radio_7-1\">\t\t\t<label  for=\"field_t8ld4-1\">\n\t\t\t\t\t<input type=\"radio\" name=\"item_meta[7]\" id=\"field_t8ld4-1\" value=\"1\"\n\t\t   data-reqmsg=\"&lt;span class=&quot;step-indicator&quot;&gt;\u00c9TAPE 1 \/ 7 :&lt;\/span&gt; Comment pr\u00e9f\u00e9rez-vous commencer votre journ\u00e9e ?\n\n ne peut pas \u00eatre vide.\" data-invmsg=\"&lt;span class=&quot;step-indicator&quot;&gt;\u00c9TAPE 1 \/ 7 :&lt;\/span&gt; Comment pr\u00e9f\u00e9rez-vous commencer votre journ\u00e9e ?\n\n est non valide\"  \/> Avec un caf\u00e9 doux et d\u00e9licat, pour commencer en douceur.<\/label><\/div>\n\t\t<div class=\"frm_radio\" id=\"frm_radio_7-2\">\t\t\t<label  for=\"field_t8ld4-2\">\n\t\t\t\t\t<input type=\"radio\" name=\"item_meta[7]\" id=\"field_t8ld4-2\" value=\"2\"\n\t\t   data-reqmsg=\"&lt;span class=&quot;step-indicator&quot;&gt;\u00c9TAPE 1 \/ 7 :&lt;\/span&gt; Comment pr\u00e9f\u00e9rez-vous commencer votre journ\u00e9e ?\n\n ne peut pas \u00eatre vide.\" data-invmsg=\"&lt;span class=&quot;step-indicator&quot;&gt;\u00c9TAPE 1 \/ 7 :&lt;\/span&gt; Comment pr\u00e9f\u00e9rez-vous commencer votre journ\u00e9e ?\n\n est non valide\"  \/> Cela d\u00e9pend du jour : parfois intense, parfois plus l\u00e9ger.<\/label><\/div>\n<\/div>\r\n    \r\n    \r\n<\/div>\n<input type=\"hidden\" name=\"frm_page_order_2\" id=\"frm_page_order_2\" value=\"8\" \/><input type=\"hidden\" name=\"item_meta[8]\" id=\"field_wimn8-0\" value=\"\"     \/>\n<input type=\"hidden\" name=\"item_meta[18]\" id=\"field_ryglv\" value=\"\"     \/>\n<input type=\"hidden\" name=\"item_meta[9]\" id=\"field_cevco-0\" value=\"\"     \/>\n<input type=\"hidden\" name=\"item_meta[19]\" id=\"field_2jtj6\" value=\"\"     \/>\n<input type=\"hidden\" name=\"item_meta[10]\" id=\"field_bexe-0\" value=\"\"     \/>\n<input type=\"hidden\" name=\"item_meta[20]\" id=\"field_8ha4x\" value=\"\"     \/>\n<input type=\"hidden\" name=\"item_meta[11]\" id=\"field_9aclp-0\" value=\"\"     \/>\n<input type=\"hidden\" name=\"item_meta[21]\" id=\"field_ft4c0\" value=\"\"     \/>\n<input type=\"hidden\" name=\"item_meta[12]\" id=\"field_4cnhg-0\" value=\"\"     \/>\n<input type=\"hidden\" name=\"item_meta[22]\" id=\"field_6llhe\" value=\"\"     \/>\n<input type=\"hidden\" name=\"item_meta[15]\" id=\"field_vs6np-0\" value=\"\"     \/>\n<input type=\"hidden\" name=\"item_meta[13]\" id=\"field_rpj20\" value=\"\"     \/>\n<input type=\"hidden\" name=\"item_meta[16]\" id=\"field_4d38b\" value=\"fr\"  data-frmval=\"fr\"   \/>\n\t<input type=\"hidden\" name=\"item_key\" value=\"\" \/>\n\t\t\t<div id=\"frm_field_23_container\">\n\t\t\t<label for=\"field_xsnj5\" >\n\t\t\t\tSi vous \u00eates un humain, ne remplissez pas ce champ.\t\t\t<\/label>\n\t\t\t<input  id=\"field_xsnj5\" type=\"text\" class=\"frm_form_field form-field frm_verify\" name=\"item_meta[23]\" value=\"\"  \/>\n\t\t<\/div>\n\t\t<input name=\"frm_state\" type=\"hidden\" value=\"xZB3H7v2Cy1GPH51pJoI2gu\/7Uz8F8s\/WfaieKbRUY1j0DOospaaFlr4FtrkYbIe\" \/><div class=\"frm_submit\">\r\n\r\n<button class=\"frm_button_submit\" type=\"submit\"  >QUESTION SUIVANTE<\/button>\r\n\r\n<\/div><\/div>\n<\/fieldset>\n<\/div>\n\n<\/form>\n<\/div>\n\n","protected":false},"excerpt":{"rendered":"","protected":false},"author":4908,"featured_media":0,"parent":0,"menu_order":0,"comment_status":"closed","ping_status":"closed","template":"test-miscela.php","meta":{"_acf_changed":false,"inline_featured_image":false,"footnotes":""},"class_list":["post-14837","page","type-page","status-publish","hentry"],"acf":[],"yoast_head":"<!-- This site is optimized with the Yoast SEO Premium plugin v26.7 (Yoast SEO v26.7) - https:\/\/yoast.com\/wordpress\/plugins\/seo\/ -->\n<title>Test Miscela d&#039;oro | Miscela d&#039;Oro<\/title>\n<meta name=\"robots\" content=\"noindex, follow\" \/>\n<meta property=\"og:locale\" content=\"fr_FR\" \/>\n<meta property=\"og:type\" content=\"article\" \/>\n<meta property=\"og:title\" content=\"Test Miscela d&#039;oro\" \/>\n<meta property=\"og:url\" content=\"https:\/\/www.misceladoro.com\/fr\/test-miscela-doro\/\" \/>\n<meta property=\"og:site_name\" content=\"Miscela d&#039;Oro\" \/>\n<meta property=\"article:publisher\" content=\"https:\/\/www.facebook.com\/MDOSicilia1946\" \/>\n<meta property=\"article:modified_time\" content=\"2025-07-02T09:51:02+00:00\" \/>\n<meta name=\"twitter:card\" content=\"summary_large_image\" \/>\n<meta name=\"twitter:site\" content=\"@miscela_doro\" \/>\n<meta name=\"twitter:label1\" content=\"Dur\u00e9e de lecture estim\u00e9e\" \/>\n\t<meta name=\"twitter:data1\" content=\"1 minute\" \/>\n<script type=\"application\/ld+json\" class=\"yoast-schema-graph\">{\"@context\":\"https:\/\/schema.org\",\"@graph\":[{\"@type\":\"WebPage\",\"@id\":\"https:\/\/www.misceladoro.com\/fr\/test-miscela-doro\/\",\"url\":\"https:\/\/www.misceladoro.com\/fr\/test-miscela-doro\/\",\"name\":\"Test Miscela d'oro | Miscela d&#039;Oro\",\"isPartOf\":{\"@id\":\"https:\/\/www.misceladoro.com\/fr\/#website\"},\"datePublished\":\"2025-04-18T16:46:59+00:00\",\"dateModified\":\"2025-07-02T09:51:02+00:00\",\"breadcrumb\":{\"@id\":\"https:\/\/www.misceladoro.com\/fr\/test-miscela-doro\/#breadcrumb\"},\"inLanguage\":\"fr-FR\",\"potentialAction\":[{\"@type\":\"ReadAction\",\"target\":[\"https:\/\/www.misceladoro.com\/fr\/test-miscela-doro\/\"]}]},{\"@type\":\"BreadcrumbList\",\"@id\":\"https:\/\/www.misceladoro.com\/fr\/test-miscela-doro\/#breadcrumb\",\"itemListElement\":[{\"@type\":\"ListItem\",\"position\":1,\"name\":\"Home\",\"item\":\"https:\/\/www.misceladoro.com\/fr\/\"},{\"@type\":\"ListItem\",\"position\":2,\"name\":\"Test Miscela d&#8217;oro\"}]},{\"@type\":\"WebSite\",\"@id\":\"https:\/\/www.misceladoro.com\/fr\/#website\",\"url\":\"https:\/\/www.misceladoro.com\/fr\/\",\"name\":\"Miscela d'Oro\",\"description\":\"Artigiani del caff\u00e8 dal 1946\",\"publisher\":{\"@id\":\"https:\/\/www.misceladoro.com\/fr\/#organization\"},\"potentialAction\":[{\"@type\":\"SearchAction\",\"target\":{\"@type\":\"EntryPoint\",\"urlTemplate\":\"https:\/\/www.misceladoro.com\/fr\/?s={search_term_string}\"},\"query-input\":{\"@type\":\"PropertyValueSpecification\",\"valueRequired\":true,\"valueName\":\"search_term_string\"}}],\"inLanguage\":\"fr-FR\"},{\"@type\":\"Organization\",\"@id\":\"https:\/\/www.misceladoro.com\/fr\/#organization\",\"name\":\"Miscela d'Oro\",\"url\":\"https:\/\/www.misceladoro.com\/fr\/\",\"logo\":{\"@type\":\"ImageObject\",\"inLanguage\":\"fr-FR\",\"@id\":\"https:\/\/www.misceladoro.com\/fr\/#\/schema\/logo\/image\/\",\"url\":\"https:\/\/www.misceladoro.com\/wp-content\/uploads\/2022\/10\/LogoMiscelaOro-logo.png\",\"contentUrl\":\"https:\/\/www.misceladoro.com\/wp-content\/uploads\/2022\/10\/LogoMiscelaOro-logo.png\",\"width\":200,\"height\":120,\"caption\":\"Miscela d'Oro\"},\"image\":{\"@id\":\"https:\/\/www.misceladoro.com\/fr\/#\/schema\/logo\/image\/\"},\"sameAs\":[\"https:\/\/www.facebook.com\/MDOSicilia1946\",\"https:\/\/x.com\/miscela_doro\",\"https:\/\/www.instagram.com\/misceladoro\/\"]}]}<\/script>\n<!-- \/ Yoast SEO Premium plugin. -->","yoast_head_json":{"title":"Test Miscela d'oro | Miscela d&#039;Oro","robots":{"index":"noindex","follow":"follow"},"og_locale":"fr_FR","og_type":"article","og_title":"Test Miscela d'oro","og_url":"https:\/\/www.misceladoro.com\/fr\/test-miscela-doro\/","og_site_name":"Miscela d&#039;Oro","article_publisher":"https:\/\/www.facebook.com\/MDOSicilia1946","article_modified_time":"2025-07-02T09:51:02+00:00","twitter_card":"summary_large_image","twitter_site":"@miscela_doro","twitter_misc":{"Dur\u00e9e de lecture estim\u00e9e":"1 minute"},"schema":{"@context":"https:\/\/schema.org","@graph":[{"@type":"WebPage","@id":"https:\/\/www.misceladoro.com\/fr\/test-miscela-doro\/","url":"https:\/\/www.misceladoro.com\/fr\/test-miscela-doro\/","name":"Test Miscela d'oro | Miscela d&#039;Oro","isPartOf":{"@id":"https:\/\/www.misceladoro.com\/fr\/#website"},"datePublished":"2025-04-18T16:46:59+00:00","dateModified":"2025-07-02T09:51:02+00:00","breadcrumb":{"@id":"https:\/\/www.misceladoro.com\/fr\/test-miscela-doro\/#breadcrumb"},"inLanguage":"fr-FR","potentialAction":[{"@type":"ReadAction","target":["https:\/\/www.misceladoro.com\/fr\/test-miscela-doro\/"]}]},{"@type":"BreadcrumbList","@id":"https:\/\/www.misceladoro.com\/fr\/test-miscela-doro\/#breadcrumb","itemListElement":[{"@type":"ListItem","position":1,"name":"Home","item":"https:\/\/www.misceladoro.com\/fr\/"},{"@type":"ListItem","position":2,"name":"Test Miscela d&#8217;oro"}]},{"@type":"WebSite","@id":"https:\/\/www.misceladoro.com\/fr\/#website","url":"https:\/\/www.misceladoro.com\/fr\/","name":"Miscela d'Oro","description":"Artigiani del caff\u00e8 dal 1946","publisher":{"@id":"https:\/\/www.misceladoro.com\/fr\/#organization"},"potentialAction":[{"@type":"SearchAction","target":{"@type":"EntryPoint","urlTemplate":"https:\/\/www.misceladoro.com\/fr\/?s={search_term_string}"},"query-input":{"@type":"PropertyValueSpecification","valueRequired":true,"valueName":"search_term_string"}}],"inLanguage":"fr-FR"},{"@type":"Organization","@id":"https:\/\/www.misceladoro.com\/fr\/#organization","name":"Miscela d'Oro","url":"https:\/\/www.misceladoro.com\/fr\/","logo":{"@type":"ImageObject","inLanguage":"fr-FR","@id":"https:\/\/www.misceladoro.com\/fr\/#\/schema\/logo\/image\/","url":"https:\/\/www.misceladoro.com\/wp-content\/uploads\/2022\/10\/LogoMiscelaOro-logo.png","contentUrl":"https:\/\/www.misceladoro.com\/wp-content\/uploads\/2022\/10\/LogoMiscelaOro-logo.png","width":200,"height":120,"caption":"Miscela d'Oro"},"image":{"@id":"https:\/\/www.misceladoro.com\/fr\/#\/schema\/logo\/image\/"},"sameAs":["https:\/\/www.facebook.com\/MDOSicilia1946","https:\/\/x.com\/miscela_doro","https:\/\/www.instagram.com\/misceladoro\/"]}]}},"_links":{"self":[{"href":"https:\/\/www.misceladoro.com\/fr\/wp-json\/wp\/v2\/pages\/14837","targetHints":{"allow":["GET"]}}],"collection":[{"href":"https:\/\/www.misceladoro.com\/fr\/wp-json\/wp\/v2\/pages"}],"about":[{"href":"https:\/\/www.misceladoro.com\/fr\/wp-json\/wp\/v2\/types\/page"}],"author":[{"embeddable":true,"href":"https:\/\/www.misceladoro.com\/fr\/wp-json\/wp\/v2\/users\/4908"}],"replies":[{"embeddable":true,"href":"https:\/\/www.misceladoro.com\/fr\/wp-json\/wp\/v2\/comments?post=14837"}],"version-history":[{"count":1,"href":"https:\/\/www.misceladoro.com\/fr\/wp-json\/wp\/v2\/pages\/14837\/revisions"}],"predecessor-version":[{"id":14838,"href":"https:\/\/www.misceladoro.com\/fr\/wp-json\/wp\/v2\/pages\/14837\/revisions\/14838"}],"wp:attachment":[{"href":"https:\/\/www.misceladoro.com\/fr\/wp-json\/wp\/v2\/media?parent=14837"}],"curies":[{"name":"wp","href":"https:\/\/api.w.org\/{rel}","templated":true}]}}