{"id":14715,"date":"2025-03-31T12:55:28","date_gmt":"2025-03-31T10:55:28","guid":{"rendered":"https:\/\/www.misceladoro.com\/torrefazione-artigianale\/"},"modified":"2025-07-08T09:55:13","modified_gmt":"2025-07-08T07:55:13","slug":"torrefaction-artisanale","status":"publish","type":"page","link":"https:\/\/www.misceladoro.com\/fr\/torrefaction-artisanale\/","title":{"rendered":"Torr\u00e9faction artisanale"},"content":{"rendered":"","protected":false},"excerpt":{"rendered":"<p>Un know how gelosamente custodito dall\u2019azienda e dai sui Maestri Torrefattori, responsabili della produzione dell\u2019eccezionale&#8230;<\/p>\n","protected":false},"author":4908,"featured_media":13590,"parent":0,"menu_order":0,"comment_status":"closed","ping_status":"closed","template":"","meta":{"_acf_changed":false,"inline_featured_image":false,"footnotes":""},"class_list":["post-14715","page","type-page","status-publish","has-post-thumbnail","hentry"],"acf":[],"yoast_head":"<!-- This site is optimized with the Yoast SEO Premium plugin v26.7 (Yoast SEO v26.7) - https:\/\/yoast.com\/wordpress\/plugins\/seo\/ -->\n<title>Notre processus de torr\u00e9faction du caf\u00e9\u00a0: l&#039;\u00e2me de Miscela d&#039;Oro<\/title>\n<meta name=\"description\" content=\"Chaque grain est soigneusement s\u00e9lectionn\u00e9 et torr\u00e9fi\u00e9 en Sicile. Savourez un caf\u00e9 artisanal italien au go\u00fbt unique. D\u00e9couvrez-le ici.\" \/>\n<meta name=\"robots\" content=\"index, follow, max-snippet:-1, max-image-preview:large, max-video-preview:-1\" \/>\n<link rel=\"canonical\" href=\"https:\/\/www.misceladoro.com\/fr\/torrefaction-artisanale\/\" \/>\n<meta property=\"og:locale\" content=\"fr_FR\" \/>\n<meta property=\"og:type\" content=\"article\" \/>\n<meta property=\"og:title\" content=\"Torr\u00e9faction artisanale\" \/>\n<meta property=\"og:description\" content=\"Chaque grain est soigneusement s\u00e9lectionn\u00e9 et torr\u00e9fi\u00e9 en Sicile. Savourez un caf\u00e9 artisanal italien au go\u00fbt unique. D\u00e9couvrez-le ici.\" \/>\n<meta property=\"og:url\" content=\"https:\/\/www.misceladoro.com\/fr\/torrefaction-artisanale\/\" \/>\n<meta property=\"og:site_name\" content=\"Miscela d&#039;Oro\" \/>\n<meta property=\"article:publisher\" content=\"https:\/\/www.facebook.com\/MDOSicilia1946\" \/>\n<meta property=\"article:modified_time\" content=\"2025-07-08T07:55:13+00:00\" \/>\n<meta property=\"og:image\" content=\"https:\/\/www.misceladoro.com\/wp-content\/uploads\/2025\/03\/tostatura.jpg\" \/>\n\t<meta property=\"og:image:width\" content=\"1500\" \/>\n\t<meta property=\"og:image:height\" content=\"844\" \/>\n\t<meta property=\"og:image:type\" content=\"image\/jpeg\" \/>\n<meta name=\"twitter:card\" content=\"summary_large_image\" \/>\n<meta name=\"twitter:site\" content=\"@miscela_doro\" \/>\n<meta name=\"twitter:label1\" content=\"Dur\u00e9e de lecture estim\u00e9e\" \/>\n\t<meta name=\"twitter:data1\" content=\"1 minute\" \/>\n<script type=\"application\/ld+json\" class=\"yoast-schema-graph\">{\"@context\":\"https:\/\/schema.org\",\"@graph\":[{\"@type\":\"WebPage\",\"@id\":\"https:\/\/www.misceladoro.com\/fr\/torrefaction-artisanale\/\",\"url\":\"https:\/\/www.misceladoro.com\/fr\/torrefaction-artisanale\/\",\"name\":\"Notre processus de torr\u00e9faction du caf\u00e9\u00a0: l'\u00e2me de Miscela d'Oro\",\"isPartOf\":{\"@id\":\"https:\/\/www.misceladoro.com\/fr\/#website\"},\"primaryImageOfPage\":{\"@id\":\"https:\/\/www.misceladoro.com\/fr\/torrefaction-artisanale\/#primaryimage\"},\"image\":{\"@id\":\"https:\/\/www.misceladoro.com\/fr\/torrefaction-artisanale\/#primaryimage\"},\"thumbnailUrl\":\"https:\/\/www.misceladoro.com\/wp-content\/uploads\/2025\/03\/tostatura.jpg\",\"datePublished\":\"2025-03-31T10:55:28+00:00\",\"dateModified\":\"2025-07-08T07:55:13+00:00\",\"description\":\"Chaque grain est soigneusement s\u00e9lectionn\u00e9 et torr\u00e9fi\u00e9 en Sicile. Savourez un caf\u00e9 artisanal italien au go\u00fbt unique. D\u00e9couvrez-le ici.\",\"breadcrumb\":{\"@id\":\"https:\/\/www.misceladoro.com\/fr\/torrefaction-artisanale\/#breadcrumb\"},\"inLanguage\":\"fr-FR\",\"potentialAction\":[{\"@type\":\"ReadAction\",\"target\":[\"https:\/\/www.misceladoro.com\/fr\/torrefaction-artisanale\/\"]}]},{\"@type\":\"ImageObject\",\"inLanguage\":\"fr-FR\",\"@id\":\"https:\/\/www.misceladoro.com\/fr\/torrefaction-artisanale\/#primaryimage\",\"url\":\"https:\/\/www.misceladoro.com\/wp-content\/uploads\/2025\/03\/tostatura.jpg\",\"contentUrl\":\"https:\/\/www.misceladoro.com\/wp-content\/uploads\/2025\/03\/tostatura.jpg\",\"width\":1500,\"height\":844},{\"@type\":\"BreadcrumbList\",\"@id\":\"https:\/\/www.misceladoro.com\/fr\/torrefaction-artisanale\/#breadcrumb\",\"itemListElement\":[{\"@type\":\"ListItem\",\"position\":1,\"name\":\"Home\",\"item\":\"https:\/\/www.misceladoro.com\/fr\/\"},{\"@type\":\"ListItem\",\"position\":2,\"name\":\"Torr\u00e9faction artisanale\"}]},{\"@type\":\"WebSite\",\"@id\":\"https:\/\/www.misceladoro.com\/fr\/#website\",\"url\":\"https:\/\/www.misceladoro.com\/fr\/\",\"name\":\"Miscela d'Oro\",\"description\":\"Artigiani del caff\u00e8 dal 1946\",\"publisher\":{\"@id\":\"https:\/\/www.misceladoro.com\/fr\/#organization\"},\"potentialAction\":[{\"@type\":\"SearchAction\",\"target\":{\"@type\":\"EntryPoint\",\"urlTemplate\":\"https:\/\/www.misceladoro.com\/fr\/?s={search_term_string}\"},\"query-input\":{\"@type\":\"PropertyValueSpecification\",\"valueRequired\":true,\"valueName\":\"search_term_string\"}}],\"inLanguage\":\"fr-FR\"},{\"@type\":\"Organization\",\"@id\":\"https:\/\/www.misceladoro.com\/fr\/#organization\",\"name\":\"Miscela d'Oro\",\"url\":\"https:\/\/www.misceladoro.com\/fr\/\",\"logo\":{\"@type\":\"ImageObject\",\"inLanguage\":\"fr-FR\",\"@id\":\"https:\/\/www.misceladoro.com\/fr\/#\/schema\/logo\/image\/\",\"url\":\"https:\/\/www.misceladoro.com\/wp-content\/uploads\/2022\/10\/LogoMiscelaOro-logo.png\",\"contentUrl\":\"https:\/\/www.misceladoro.com\/wp-content\/uploads\/2022\/10\/LogoMiscelaOro-logo.png\",\"width\":200,\"height\":120,\"caption\":\"Miscela d'Oro\"},\"image\":{\"@id\":\"https:\/\/www.misceladoro.com\/fr\/#\/schema\/logo\/image\/\"},\"sameAs\":[\"https:\/\/www.facebook.com\/MDOSicilia1946\",\"https:\/\/x.com\/miscela_doro\",\"https:\/\/www.instagram.com\/misceladoro\/\"]}]}<\/script>\n<!-- \/ Yoast SEO Premium plugin. -->","yoast_head_json":{"title":"Notre processus de torr\u00e9faction du caf\u00e9\u00a0: l'\u00e2me de Miscela d'Oro","description":"Chaque grain est soigneusement s\u00e9lectionn\u00e9 et torr\u00e9fi\u00e9 en Sicile. Savourez un caf\u00e9 artisanal italien au go\u00fbt unique. D\u00e9couvrez-le ici.","robots":{"index":"index","follow":"follow","max-snippet":"max-snippet:-1","max-image-preview":"max-image-preview:large","max-video-preview":"max-video-preview:-1"},"canonical":"https:\/\/www.misceladoro.com\/fr\/torrefaction-artisanale\/","og_locale":"fr_FR","og_type":"article","og_title":"Torr\u00e9faction artisanale","og_description":"Chaque grain est soigneusement s\u00e9lectionn\u00e9 et torr\u00e9fi\u00e9 en Sicile. Savourez un caf\u00e9 artisanal italien au go\u00fbt unique. D\u00e9couvrez-le ici.","og_url":"https:\/\/www.misceladoro.com\/fr\/torrefaction-artisanale\/","og_site_name":"Miscela d&#039;Oro","article_publisher":"https:\/\/www.facebook.com\/MDOSicilia1946","article_modified_time":"2025-07-08T07:55:13+00:00","og_image":[{"width":1500,"height":844,"url":"https:\/\/www.misceladoro.com\/wp-content\/uploads\/2025\/03\/tostatura.jpg","type":"image\/jpeg"}],"twitter_card":"summary_large_image","twitter_site":"@miscela_doro","twitter_misc":{"Dur\u00e9e de lecture estim\u00e9e":"1 minute"},"schema":{"@context":"https:\/\/schema.org","@graph":[{"@type":"WebPage","@id":"https:\/\/www.misceladoro.com\/fr\/torrefaction-artisanale\/","url":"https:\/\/www.misceladoro.com\/fr\/torrefaction-artisanale\/","name":"Notre processus de torr\u00e9faction du caf\u00e9\u00a0: l'\u00e2me de Miscela d'Oro","isPartOf":{"@id":"https:\/\/www.misceladoro.com\/fr\/#website"},"primaryImageOfPage":{"@id":"https:\/\/www.misceladoro.com\/fr\/torrefaction-artisanale\/#primaryimage"},"image":{"@id":"https:\/\/www.misceladoro.com\/fr\/torrefaction-artisanale\/#primaryimage"},"thumbnailUrl":"https:\/\/www.misceladoro.com\/wp-content\/uploads\/2025\/03\/tostatura.jpg","datePublished":"2025-03-31T10:55:28+00:00","dateModified":"2025-07-08T07:55:13+00:00","description":"Chaque grain est soigneusement s\u00e9lectionn\u00e9 et torr\u00e9fi\u00e9 en Sicile. Savourez un caf\u00e9 artisanal italien au go\u00fbt unique. D\u00e9couvrez-le ici.","breadcrumb":{"@id":"https:\/\/www.misceladoro.com\/fr\/torrefaction-artisanale\/#breadcrumb"},"inLanguage":"fr-FR","potentialAction":[{"@type":"ReadAction","target":["https:\/\/www.misceladoro.com\/fr\/torrefaction-artisanale\/"]}]},{"@type":"ImageObject","inLanguage":"fr-FR","@id":"https:\/\/www.misceladoro.com\/fr\/torrefaction-artisanale\/#primaryimage","url":"https:\/\/www.misceladoro.com\/wp-content\/uploads\/2025\/03\/tostatura.jpg","contentUrl":"https:\/\/www.misceladoro.com\/wp-content\/uploads\/2025\/03\/tostatura.jpg","width":1500,"height":844},{"@type":"BreadcrumbList","@id":"https:\/\/www.misceladoro.com\/fr\/torrefaction-artisanale\/#breadcrumb","itemListElement":[{"@type":"ListItem","position":1,"name":"Home","item":"https:\/\/www.misceladoro.com\/fr\/"},{"@type":"ListItem","position":2,"name":"Torr\u00e9faction artisanale"}]},{"@type":"WebSite","@id":"https:\/\/www.misceladoro.com\/fr\/#website","url":"https:\/\/www.misceladoro.com\/fr\/","name":"Miscela d'Oro","description":"Artigiani del caff\u00e8 dal 1946","publisher":{"@id":"https:\/\/www.misceladoro.com\/fr\/#organization"},"potentialAction":[{"@type":"SearchAction","target":{"@type":"EntryPoint","urlTemplate":"https:\/\/www.misceladoro.com\/fr\/?s={search_term_string}"},"query-input":{"@type":"PropertyValueSpecification","valueRequired":true,"valueName":"search_term_string"}}],"inLanguage":"fr-FR"},{"@type":"Organization","@id":"https:\/\/www.misceladoro.com\/fr\/#organization","name":"Miscela d'Oro","url":"https:\/\/www.misceladoro.com\/fr\/","logo":{"@type":"ImageObject","inLanguage":"fr-FR","@id":"https:\/\/www.misceladoro.com\/fr\/#\/schema\/logo\/image\/","url":"https:\/\/www.misceladoro.com\/wp-content\/uploads\/2022\/10\/LogoMiscelaOro-logo.png","contentUrl":"https:\/\/www.misceladoro.com\/wp-content\/uploads\/2022\/10\/LogoMiscelaOro-logo.png","width":200,"height":120,"caption":"Miscela d'Oro"},"image":{"@id":"https:\/\/www.misceladoro.com\/fr\/#\/schema\/logo\/image\/"},"sameAs":["https:\/\/www.facebook.com\/MDOSicilia1946","https:\/\/x.com\/miscela_doro","https:\/\/www.instagram.com\/misceladoro\/"]}]}},"_links":{"self":[{"href":"https:\/\/www.misceladoro.com\/fr\/wp-json\/wp\/v2\/pages\/14715","targetHints":{"allow":["GET"]}}],"collection":[{"href":"https:\/\/www.misceladoro.com\/fr\/wp-json\/wp\/v2\/pages"}],"about":[{"href":"https:\/\/www.misceladoro.com\/fr\/wp-json\/wp\/v2\/types\/page"}],"author":[{"embeddable":true,"href":"https:\/\/www.misceladoro.com\/fr\/wp-json\/wp\/v2\/users\/4908"}],"replies":[{"embeddable":true,"href":"https:\/\/www.misceladoro.com\/fr\/wp-json\/wp\/v2\/comments?post=14715"}],"version-history":[{"count":2,"href":"https:\/\/www.misceladoro.com\/fr\/wp-json\/wp\/v2\/pages\/14715\/revisions"}],"predecessor-version":[{"id":15166,"href":"https:\/\/www.misceladoro.com\/fr\/wp-json\/wp\/v2\/pages\/14715\/revisions\/15166"}],"wp:featuredmedia":[{"embeddable":true,"href":"https:\/\/www.misceladoro.com\/fr\/wp-json\/wp\/v2\/media\/13590"}],"wp:attachment":[{"href":"https:\/\/www.misceladoro.com\/fr\/wp-json\/wp\/v2\/media?parent=14715"}],"curies":[{"name":"wp","href":"https:\/\/api.w.org\/{rel}","templated":true}]}}