{"id":14207,"date":"2025-04-15T14:53:18","date_gmt":"2025-04-15T12:53:18","guid":{"rendered":"https:\/\/www.misceladoro.com\/?page_id=14207"},"modified":"2025-07-08T15:21:57","modified_gmt":"2025-07-08T13:21:57","slug":"faq","status":"publish","type":"page","link":"https:\/\/www.misceladoro.com\/fr\/assistance\/faq\/","title":{"rendered":"FAQ"},"content":{"rendered":"","protected":false},"excerpt":{"rendered":"","protected":false},"author":4908,"featured_media":0,"parent":14211,"menu_order":0,"comment_status":"closed","ping_status":"closed","template":"","meta":{"_acf_changed":false,"inline_featured_image":false,"footnotes":""},"class_list":["post-14207","page","type-page","status-publish","hentry"],"acf":[],"yoast_head":"<!-- This site is optimized with the Yoast SEO Premium plugin v26.7 (Yoast SEO v26.7) - https:\/\/yoast.com\/wordpress\/plugins\/seo\/ -->\n<title>FAQ \u2013 Commandes, livraison et retours | Miscela d&#039;Oro<\/title>\n<meta name=\"description\" content=\"Questions sur une commande ou une livraison ? Retrouvez toutes les r\u00e9ponses et l\u2019aide n\u00e9cessaire sur notre page FAQ d\u00e9di\u00e9e.\" \/>\n<meta name=\"robots\" content=\"index, follow, max-snippet:-1, max-image-preview:large, max-video-preview:-1\" \/>\n<link rel=\"canonical\" href=\"https:\/\/www.misceladoro.com\/fr\/assistance\/faq\/\" \/>\n<meta property=\"og:locale\" content=\"fr_FR\" \/>\n<meta property=\"og:type\" content=\"article\" \/>\n<meta property=\"og:title\" content=\"FAQ\" \/>\n<meta property=\"og:description\" content=\"Questions sur une commande ou une livraison ? Retrouvez toutes les r\u00e9ponses et l\u2019aide n\u00e9cessaire sur notre page FAQ d\u00e9di\u00e9e.\" \/>\n<meta property=\"og:url\" content=\"https:\/\/www.misceladoro.com\/fr\/assistance\/faq\/\" \/>\n<meta property=\"og:site_name\" content=\"Miscela d&#039;Oro\" \/>\n<meta property=\"article:publisher\" content=\"https:\/\/www.facebook.com\/MDOSicilia1946\" \/>\n<meta property=\"article:modified_time\" content=\"2025-07-08T13:21:57+00:00\" \/>\n<meta name=\"twitter:card\" content=\"summary_large_image\" \/>\n<meta name=\"twitter:site\" content=\"@miscela_doro\" \/>\n<script type=\"application\/ld+json\" class=\"yoast-schema-graph\">{\"@context\":\"https:\/\/schema.org\",\"@graph\":[{\"@type\":\"WebPage\",\"@id\":\"https:\/\/www.misceladoro.com\/fr\/assistance\/faq\/\",\"url\":\"https:\/\/www.misceladoro.com\/fr\/assistance\/faq\/\",\"name\":\"FAQ \u2013 Commandes, livraison et retours | Miscela d&#039;Oro\",\"isPartOf\":{\"@id\":\"https:\/\/www.misceladoro.com\/fr\/#website\"},\"datePublished\":\"2025-04-15T12:53:18+00:00\",\"dateModified\":\"2025-07-08T13:21:57+00:00\",\"description\":\"Questions sur une commande ou une livraison ? Retrouvez toutes les r\u00e9ponses et l\u2019aide n\u00e9cessaire sur notre page FAQ d\u00e9di\u00e9e.\",\"breadcrumb\":{\"@id\":\"https:\/\/www.misceladoro.com\/fr\/assistance\/faq\/#breadcrumb\"},\"inLanguage\":\"fr-FR\",\"potentialAction\":[{\"@type\":\"ReadAction\",\"target\":[\"https:\/\/www.misceladoro.com\/fr\/assistance\/faq\/\"]}]},{\"@type\":\"BreadcrumbList\",\"@id\":\"https:\/\/www.misceladoro.com\/fr\/assistance\/faq\/#breadcrumb\",\"itemListElement\":[{\"@type\":\"ListItem\",\"position\":1,\"name\":\"Home\",\"item\":\"https:\/\/www.misceladoro.com\/fr\/\"},{\"@type\":\"ListItem\",\"position\":2,\"name\":\"Assistance commandes\",\"item\":\"https:\/\/www.misceladoro.com\/fr\/assistance\/\"},{\"@type\":\"ListItem\",\"position\":3,\"name\":\"FAQ\"}]},{\"@type\":\"WebSite\",\"@id\":\"https:\/\/www.misceladoro.com\/fr\/#website\",\"url\":\"https:\/\/www.misceladoro.com\/fr\/\",\"name\":\"Miscela d'Oro\",\"description\":\"Artigiani del caff\u00e8 dal 1946\",\"publisher\":{\"@id\":\"https:\/\/www.misceladoro.com\/fr\/#organization\"},\"potentialAction\":[{\"@type\":\"SearchAction\",\"target\":{\"@type\":\"EntryPoint\",\"urlTemplate\":\"https:\/\/www.misceladoro.com\/fr\/?s={search_term_string}\"},\"query-input\":{\"@type\":\"PropertyValueSpecification\",\"valueRequired\":true,\"valueName\":\"search_term_string\"}}],\"inLanguage\":\"fr-FR\"},{\"@type\":\"Organization\",\"@id\":\"https:\/\/www.misceladoro.com\/fr\/#organization\",\"name\":\"Miscela d'Oro\",\"url\":\"https:\/\/www.misceladoro.com\/fr\/\",\"logo\":{\"@type\":\"ImageObject\",\"inLanguage\":\"fr-FR\",\"@id\":\"https:\/\/www.misceladoro.com\/fr\/#\/schema\/logo\/image\/\",\"url\":\"https:\/\/www.misceladoro.com\/wp-content\/uploads\/2022\/10\/LogoMiscelaOro-logo.png\",\"contentUrl\":\"https:\/\/www.misceladoro.com\/wp-content\/uploads\/2022\/10\/LogoMiscelaOro-logo.png\",\"width\":200,\"height\":120,\"caption\":\"Miscela d'Oro\"},\"image\":{\"@id\":\"https:\/\/www.misceladoro.com\/fr\/#\/schema\/logo\/image\/\"},\"sameAs\":[\"https:\/\/www.facebook.com\/MDOSicilia1946\",\"https:\/\/x.com\/miscela_doro\",\"https:\/\/www.instagram.com\/misceladoro\/\"]}]}<\/script>\n<!-- \/ Yoast SEO Premium plugin. -->","yoast_head_json":{"title":"FAQ \u2013 Commandes, livraison et retours | Miscela d&#039;Oro","description":"Questions sur une commande ou une livraison ? Retrouvez toutes les r\u00e9ponses et l\u2019aide n\u00e9cessaire sur notre page FAQ d\u00e9di\u00e9e.","robots":{"index":"index","follow":"follow","max-snippet":"max-snippet:-1","max-image-preview":"max-image-preview:large","max-video-preview":"max-video-preview:-1"},"canonical":"https:\/\/www.misceladoro.com\/fr\/assistance\/faq\/","og_locale":"fr_FR","og_type":"article","og_title":"FAQ","og_description":"Questions sur une commande ou une livraison ? Retrouvez toutes les r\u00e9ponses et l\u2019aide n\u00e9cessaire sur notre page FAQ d\u00e9di\u00e9e.","og_url":"https:\/\/www.misceladoro.com\/fr\/assistance\/faq\/","og_site_name":"Miscela d&#039;Oro","article_publisher":"https:\/\/www.facebook.com\/MDOSicilia1946","article_modified_time":"2025-07-08T13:21:57+00:00","twitter_card":"summary_large_image","twitter_site":"@miscela_doro","schema":{"@context":"https:\/\/schema.org","@graph":[{"@type":"WebPage","@id":"https:\/\/www.misceladoro.com\/fr\/assistance\/faq\/","url":"https:\/\/www.misceladoro.com\/fr\/assistance\/faq\/","name":"FAQ \u2013 Commandes, livraison et retours | Miscela d&#039;Oro","isPartOf":{"@id":"https:\/\/www.misceladoro.com\/fr\/#website"},"datePublished":"2025-04-15T12:53:18+00:00","dateModified":"2025-07-08T13:21:57+00:00","description":"Questions sur une commande ou une livraison ? Retrouvez toutes les r\u00e9ponses et l\u2019aide n\u00e9cessaire sur notre page FAQ d\u00e9di\u00e9e.","breadcrumb":{"@id":"https:\/\/www.misceladoro.com\/fr\/assistance\/faq\/#breadcrumb"},"inLanguage":"fr-FR","potentialAction":[{"@type":"ReadAction","target":["https:\/\/www.misceladoro.com\/fr\/assistance\/faq\/"]}]},{"@type":"BreadcrumbList","@id":"https:\/\/www.misceladoro.com\/fr\/assistance\/faq\/#breadcrumb","itemListElement":[{"@type":"ListItem","position":1,"name":"Home","item":"https:\/\/www.misceladoro.com\/fr\/"},{"@type":"ListItem","position":2,"name":"Assistance commandes","item":"https:\/\/www.misceladoro.com\/fr\/assistance\/"},{"@type":"ListItem","position":3,"name":"FAQ"}]},{"@type":"WebSite","@id":"https:\/\/www.misceladoro.com\/fr\/#website","url":"https:\/\/www.misceladoro.com\/fr\/","name":"Miscela d'Oro","description":"Artigiani del caff\u00e8 dal 1946","publisher":{"@id":"https:\/\/www.misceladoro.com\/fr\/#organization"},"potentialAction":[{"@type":"SearchAction","target":{"@type":"EntryPoint","urlTemplate":"https:\/\/www.misceladoro.com\/fr\/?s={search_term_string}"},"query-input":{"@type":"PropertyValueSpecification","valueRequired":true,"valueName":"search_term_string"}}],"inLanguage":"fr-FR"},{"@type":"Organization","@id":"https:\/\/www.misceladoro.com\/fr\/#organization","name":"Miscela d'Oro","url":"https:\/\/www.misceladoro.com\/fr\/","logo":{"@type":"ImageObject","inLanguage":"fr-FR","@id":"https:\/\/www.misceladoro.com\/fr\/#\/schema\/logo\/image\/","url":"https:\/\/www.misceladoro.com\/wp-content\/uploads\/2022\/10\/LogoMiscelaOro-logo.png","contentUrl":"https:\/\/www.misceladoro.com\/wp-content\/uploads\/2022\/10\/LogoMiscelaOro-logo.png","width":200,"height":120,"caption":"Miscela d'Oro"},"image":{"@id":"https:\/\/www.misceladoro.com\/fr\/#\/schema\/logo\/image\/"},"sameAs":["https:\/\/www.facebook.com\/MDOSicilia1946","https:\/\/x.com\/miscela_doro","https:\/\/www.instagram.com\/misceladoro\/"]}]}},"_links":{"self":[{"href":"https:\/\/www.misceladoro.com\/fr\/wp-json\/wp\/v2\/pages\/14207","targetHints":{"allow":["GET"]}}],"collection":[{"href":"https:\/\/www.misceladoro.com\/fr\/wp-json\/wp\/v2\/pages"}],"about":[{"href":"https:\/\/www.misceladoro.com\/fr\/wp-json\/wp\/v2\/types\/page"}],"author":[{"embeddable":true,"href":"https:\/\/www.misceladoro.com\/fr\/wp-json\/wp\/v2\/users\/4908"}],"replies":[{"embeddable":true,"href":"https:\/\/www.misceladoro.com\/fr\/wp-json\/wp\/v2\/comments?post=14207"}],"version-history":[{"count":7,"href":"https:\/\/www.misceladoro.com\/fr\/wp-json\/wp\/v2\/pages\/14207\/revisions"}],"predecessor-version":[{"id":15194,"href":"https:\/\/www.misceladoro.com\/fr\/wp-json\/wp\/v2\/pages\/14207\/revisions\/15194"}],"up":[{"embeddable":true,"href":"https:\/\/www.misceladoro.com\/fr\/wp-json\/wp\/v2\/pages\/14211"}],"wp:attachment":[{"href":"https:\/\/www.misceladoro.com\/fr\/wp-json\/wp\/v2\/media?parent=14207"}],"curies":[{"name":"wp","href":"https:\/\/api.w.org\/{rel}","templated":true}]}}