{"id":14203,"date":"2022-10-18T20:18:54","date_gmt":"2022-10-18T18:18:54","guid":{"rendered":"https:\/\/www.misceladoro.com\/?page_id=14203"},"modified":"2025-06-25T14:42:20","modified_gmt":"2025-06-25T12:42:20","slug":"livraison-et-retours","status":"publish","type":"page","link":"https:\/\/www.misceladoro.com\/fr\/assistance\/livraison-et-retours\/","title":{"rendered":"Livraison et retours"},"content":{"rendered":"","protected":false},"excerpt":{"rendered":"","protected":false},"author":4908,"featured_media":13651,"parent":14211,"menu_order":0,"comment_status":"closed","ping_status":"closed","template":"","meta":{"_acf_changed":false,"inline_featured_image":false,"footnotes":""},"class_list":["post-14203","page","type-page","status-publish","has-post-thumbnail","hentry"],"acf":[],"yoast_head":"<!-- This site is optimized with the Yoast SEO Premium plugin v26.7 (Yoast SEO v26.7) - https:\/\/yoast.com\/wordpress\/plugins\/seo\/ -->\n<title>Exp\u00e9ditions et retours | Miscela d&#039;Oro<\/title>\n<meta name=\"description\" content=\"Infos sur les livraisons, les retours et le suivi de commande. Profitez d\u2019un service fiable pour votre caf\u00e9 pr\u00e9f\u00e9r\u00e9, sans tracas.\" \/>\n<meta name=\"robots\" content=\"index, follow, max-snippet:-1, max-image-preview:large, max-video-preview:-1\" \/>\n<link rel=\"canonical\" href=\"https:\/\/www.misceladoro.com\/fr\/assistance\/livraison-et-retours\/\" \/>\n<meta property=\"og:locale\" content=\"fr_FR\" \/>\n<meta property=\"og:type\" content=\"article\" \/>\n<meta property=\"og:title\" content=\"Livraison et retours\" \/>\n<meta property=\"og:description\" content=\"Infos sur les livraisons, les retours et le suivi de commande. Profitez d\u2019un service fiable pour votre caf\u00e9 pr\u00e9f\u00e9r\u00e9, sans tracas.\" \/>\n<meta property=\"og:url\" content=\"https:\/\/www.misceladoro.com\/fr\/assistance\/livraison-et-retours\/\" \/>\n<meta property=\"og:site_name\" content=\"Miscela d&#039;Oro\" \/>\n<meta property=\"article:publisher\" content=\"https:\/\/www.facebook.com\/MDOSicilia1946\" \/>\n<meta property=\"article:modified_time\" content=\"2025-06-25T12:42:20+00:00\" \/>\n<meta property=\"og:image\" content=\"https:\/\/www.misceladoro.com\/wp-content\/uploads\/2025\/04\/prodotti-sacchetto-1.png\" \/>\n\t<meta property=\"og:image:width\" content=\"294\" \/>\n\t<meta property=\"og:image:height\" content=\"288\" \/>\n\t<meta property=\"og:image:type\" content=\"image\/png\" \/>\n<meta name=\"twitter:card\" content=\"summary_large_image\" \/>\n<meta name=\"twitter:site\" content=\"@miscela_doro\" \/>\n<meta name=\"twitter:label1\" content=\"Dur\u00e9e de lecture estim\u00e9e\" \/>\n\t<meta name=\"twitter:data1\" content=\"1 minute\" \/>\n<script type=\"application\/ld+json\" class=\"yoast-schema-graph\">{\"@context\":\"https:\/\/schema.org\",\"@graph\":[{\"@type\":\"WebPage\",\"@id\":\"https:\/\/www.misceladoro.com\/fr\/assistance\/livraison-et-retours\/\",\"url\":\"https:\/\/www.misceladoro.com\/fr\/assistance\/livraison-et-retours\/\",\"name\":\"Exp\u00e9ditions et retours | Miscela d&#039;Oro\",\"isPartOf\":{\"@id\":\"https:\/\/www.misceladoro.com\/fr\/#website\"},\"primaryImageOfPage\":{\"@id\":\"https:\/\/www.misceladoro.com\/fr\/assistance\/livraison-et-retours\/#primaryimage\"},\"image\":{\"@id\":\"https:\/\/www.misceladoro.com\/fr\/assistance\/livraison-et-retours\/#primaryimage\"},\"thumbnailUrl\":\"https:\/\/www.misceladoro.com\/wp-content\/uploads\/2025\/04\/prodotti-sacchetto-1.png\",\"datePublished\":\"2022-10-18T18:18:54+00:00\",\"dateModified\":\"2025-06-25T12:42:20+00:00\",\"description\":\"Infos sur les livraisons, les retours et le suivi de commande. Profitez d\u2019un service fiable pour votre caf\u00e9 pr\u00e9f\u00e9r\u00e9, sans tracas.\",\"breadcrumb\":{\"@id\":\"https:\/\/www.misceladoro.com\/fr\/assistance\/livraison-et-retours\/#breadcrumb\"},\"inLanguage\":\"fr-FR\",\"potentialAction\":[{\"@type\":\"ReadAction\",\"target\":[\"https:\/\/www.misceladoro.com\/fr\/assistance\/livraison-et-retours\/\"]}]},{\"@type\":\"ImageObject\",\"inLanguage\":\"fr-FR\",\"@id\":\"https:\/\/www.misceladoro.com\/fr\/assistance\/livraison-et-retours\/#primaryimage\",\"url\":\"https:\/\/www.misceladoro.com\/wp-content\/uploads\/2025\/04\/prodotti-sacchetto-1.png\",\"contentUrl\":\"https:\/\/www.misceladoro.com\/wp-content\/uploads\/2025\/04\/prodotti-sacchetto-1.png\",\"width\":294,\"height\":288},{\"@type\":\"BreadcrumbList\",\"@id\":\"https:\/\/www.misceladoro.com\/fr\/assistance\/livraison-et-retours\/#breadcrumb\",\"itemListElement\":[{\"@type\":\"ListItem\",\"position\":1,\"name\":\"Home\",\"item\":\"https:\/\/www.misceladoro.com\/fr\/\"},{\"@type\":\"ListItem\",\"position\":2,\"name\":\"Assistance commandes\",\"item\":\"https:\/\/www.misceladoro.com\/fr\/assistance\/\"},{\"@type\":\"ListItem\",\"position\":3,\"name\":\"Livraison et retours\"}]},{\"@type\":\"WebSite\",\"@id\":\"https:\/\/www.misceladoro.com\/fr\/#website\",\"url\":\"https:\/\/www.misceladoro.com\/fr\/\",\"name\":\"Miscela d'Oro\",\"description\":\"Artigiani del caff\u00e8 dal 1946\",\"publisher\":{\"@id\":\"https:\/\/www.misceladoro.com\/fr\/#organization\"},\"potentialAction\":[{\"@type\":\"SearchAction\",\"target\":{\"@type\":\"EntryPoint\",\"urlTemplate\":\"https:\/\/www.misceladoro.com\/fr\/?s={search_term_string}\"},\"query-input\":{\"@type\":\"PropertyValueSpecification\",\"valueRequired\":true,\"valueName\":\"search_term_string\"}}],\"inLanguage\":\"fr-FR\"},{\"@type\":\"Organization\",\"@id\":\"https:\/\/www.misceladoro.com\/fr\/#organization\",\"name\":\"Miscela d'Oro\",\"url\":\"https:\/\/www.misceladoro.com\/fr\/\",\"logo\":{\"@type\":\"ImageObject\",\"inLanguage\":\"fr-FR\",\"@id\":\"https:\/\/www.misceladoro.com\/fr\/#\/schema\/logo\/image\/\",\"url\":\"https:\/\/www.misceladoro.com\/wp-content\/uploads\/2022\/10\/LogoMiscelaOro-logo.png\",\"contentUrl\":\"https:\/\/www.misceladoro.com\/wp-content\/uploads\/2022\/10\/LogoMiscelaOro-logo.png\",\"width\":200,\"height\":120,\"caption\":\"Miscela d'Oro\"},\"image\":{\"@id\":\"https:\/\/www.misceladoro.com\/fr\/#\/schema\/logo\/image\/\"},\"sameAs\":[\"https:\/\/www.facebook.com\/MDOSicilia1946\",\"https:\/\/x.com\/miscela_doro\",\"https:\/\/www.instagram.com\/misceladoro\/\"]}]}<\/script>\n<!-- \/ Yoast SEO Premium plugin. -->","yoast_head_json":{"title":"Exp\u00e9ditions et retours | Miscela d&#039;Oro","description":"Infos sur les livraisons, les retours et le suivi de commande. Profitez d\u2019un service fiable pour votre caf\u00e9 pr\u00e9f\u00e9r\u00e9, sans tracas.","robots":{"index":"index","follow":"follow","max-snippet":"max-snippet:-1","max-image-preview":"max-image-preview:large","max-video-preview":"max-video-preview:-1"},"canonical":"https:\/\/www.misceladoro.com\/fr\/assistance\/livraison-et-retours\/","og_locale":"fr_FR","og_type":"article","og_title":"Livraison et retours","og_description":"Infos sur les livraisons, les retours et le suivi de commande. Profitez d\u2019un service fiable pour votre caf\u00e9 pr\u00e9f\u00e9r\u00e9, sans tracas.","og_url":"https:\/\/www.misceladoro.com\/fr\/assistance\/livraison-et-retours\/","og_site_name":"Miscela d&#039;Oro","article_publisher":"https:\/\/www.facebook.com\/MDOSicilia1946","article_modified_time":"2025-06-25T12:42:20+00:00","og_image":[{"width":294,"height":288,"url":"https:\/\/www.misceladoro.com\/wp-content\/uploads\/2025\/04\/prodotti-sacchetto-1.png","type":"image\/png"}],"twitter_card":"summary_large_image","twitter_site":"@miscela_doro","twitter_misc":{"Dur\u00e9e de lecture estim\u00e9e":"1 minute"},"schema":{"@context":"https:\/\/schema.org","@graph":[{"@type":"WebPage","@id":"https:\/\/www.misceladoro.com\/fr\/assistance\/livraison-et-retours\/","url":"https:\/\/www.misceladoro.com\/fr\/assistance\/livraison-et-retours\/","name":"Exp\u00e9ditions et retours | Miscela d&#039;Oro","isPartOf":{"@id":"https:\/\/www.misceladoro.com\/fr\/#website"},"primaryImageOfPage":{"@id":"https:\/\/www.misceladoro.com\/fr\/assistance\/livraison-et-retours\/#primaryimage"},"image":{"@id":"https:\/\/www.misceladoro.com\/fr\/assistance\/livraison-et-retours\/#primaryimage"},"thumbnailUrl":"https:\/\/www.misceladoro.com\/wp-content\/uploads\/2025\/04\/prodotti-sacchetto-1.png","datePublished":"2022-10-18T18:18:54+00:00","dateModified":"2025-06-25T12:42:20+00:00","description":"Infos sur les livraisons, les retours et le suivi de commande. Profitez d\u2019un service fiable pour votre caf\u00e9 pr\u00e9f\u00e9r\u00e9, sans tracas.","breadcrumb":{"@id":"https:\/\/www.misceladoro.com\/fr\/assistance\/livraison-et-retours\/#breadcrumb"},"inLanguage":"fr-FR","potentialAction":[{"@type":"ReadAction","target":["https:\/\/www.misceladoro.com\/fr\/assistance\/livraison-et-retours\/"]}]},{"@type":"ImageObject","inLanguage":"fr-FR","@id":"https:\/\/www.misceladoro.com\/fr\/assistance\/livraison-et-retours\/#primaryimage","url":"https:\/\/www.misceladoro.com\/wp-content\/uploads\/2025\/04\/prodotti-sacchetto-1.png","contentUrl":"https:\/\/www.misceladoro.com\/wp-content\/uploads\/2025\/04\/prodotti-sacchetto-1.png","width":294,"height":288},{"@type":"BreadcrumbList","@id":"https:\/\/www.misceladoro.com\/fr\/assistance\/livraison-et-retours\/#breadcrumb","itemListElement":[{"@type":"ListItem","position":1,"name":"Home","item":"https:\/\/www.misceladoro.com\/fr\/"},{"@type":"ListItem","position":2,"name":"Assistance commandes","item":"https:\/\/www.misceladoro.com\/fr\/assistance\/"},{"@type":"ListItem","position":3,"name":"Livraison et retours"}]},{"@type":"WebSite","@id":"https:\/\/www.misceladoro.com\/fr\/#website","url":"https:\/\/www.misceladoro.com\/fr\/","name":"Miscela d'Oro","description":"Artigiani del caff\u00e8 dal 1946","publisher":{"@id":"https:\/\/www.misceladoro.com\/fr\/#organization"},"potentialAction":[{"@type":"SearchAction","target":{"@type":"EntryPoint","urlTemplate":"https:\/\/www.misceladoro.com\/fr\/?s={search_term_string}"},"query-input":{"@type":"PropertyValueSpecification","valueRequired":true,"valueName":"search_term_string"}}],"inLanguage":"fr-FR"},{"@type":"Organization","@id":"https:\/\/www.misceladoro.com\/fr\/#organization","name":"Miscela d'Oro","url":"https:\/\/www.misceladoro.com\/fr\/","logo":{"@type":"ImageObject","inLanguage":"fr-FR","@id":"https:\/\/www.misceladoro.com\/fr\/#\/schema\/logo\/image\/","url":"https:\/\/www.misceladoro.com\/wp-content\/uploads\/2022\/10\/LogoMiscelaOro-logo.png","contentUrl":"https:\/\/www.misceladoro.com\/wp-content\/uploads\/2022\/10\/LogoMiscelaOro-logo.png","width":200,"height":120,"caption":"Miscela d'Oro"},"image":{"@id":"https:\/\/www.misceladoro.com\/fr\/#\/schema\/logo\/image\/"},"sameAs":["https:\/\/www.facebook.com\/MDOSicilia1946","https:\/\/x.com\/miscela_doro","https:\/\/www.instagram.com\/misceladoro\/"]}]}},"_links":{"self":[{"href":"https:\/\/www.misceladoro.com\/fr\/wp-json\/wp\/v2\/pages\/14203","targetHints":{"allow":["GET"]}}],"collection":[{"href":"https:\/\/www.misceladoro.com\/fr\/wp-json\/wp\/v2\/pages"}],"about":[{"href":"https:\/\/www.misceladoro.com\/fr\/wp-json\/wp\/v2\/types\/page"}],"author":[{"embeddable":true,"href":"https:\/\/www.misceladoro.com\/fr\/wp-json\/wp\/v2\/users\/4908"}],"replies":[{"embeddable":true,"href":"https:\/\/www.misceladoro.com\/fr\/wp-json\/wp\/v2\/comments?post=14203"}],"version-history":[{"count":3,"href":"https:\/\/www.misceladoro.com\/fr\/wp-json\/wp\/v2\/pages\/14203\/revisions"}],"predecessor-version":[{"id":15146,"href":"https:\/\/www.misceladoro.com\/fr\/wp-json\/wp\/v2\/pages\/14203\/revisions\/15146"}],"up":[{"embeddable":true,"href":"https:\/\/www.misceladoro.com\/fr\/wp-json\/wp\/v2\/pages\/14211"}],"wp:featuredmedia":[{"embeddable":true,"href":"https:\/\/www.misceladoro.com\/fr\/wp-json\/wp\/v2\/media\/13651"}],"wp:attachment":[{"href":"https:\/\/www.misceladoro.com\/fr\/wp-json\/wp\/v2\/media?parent=14203"}],"curies":[{"name":"wp","href":"https:\/\/api.w.org\/{rel}","templated":true}]}}