{"id":14199,"date":"2022-10-15T18:17:50","date_gmt":"2022-10-15T16:17:50","guid":{"rendered":"https:\/\/www.misceladoro.com\/?page_id=14199"},"modified":"2025-07-16T13:19:02","modified_gmt":"2025-07-16T11:19:02","slug":"conditions-de-vente","status":"publish","type":"page","link":"https:\/\/www.misceladoro.com\/fr\/conditions-de-vente\/","title":{"rendered":"Conditions d&rsquo;utilisation"},"content":{"rendered":"","protected":false},"excerpt":{"rendered":"","protected":false},"author":4908,"featured_media":13643,"parent":0,"menu_order":0,"comment_status":"closed","ping_status":"closed","template":"","meta":{"_acf_changed":false,"inline_featured_image":false,"footnotes":""},"class_list":["post-14199","page","type-page","status-publish","has-post-thumbnail","hentry"],"acf":[],"yoast_head":"<!-- This site is optimized with the Yoast SEO Premium plugin v26.7 (Yoast SEO v26.7) - https:\/\/yoast.com\/wordpress\/plugins\/seo\/ -->\n<title>Conditions g\u00e9n\u00e9rales | Miscela d&#039;Oro<\/title>\n<meta name=\"description\" content=\"Consultez nos conditions g\u00e9n\u00e9rales : infos sur le paiement, la livraison, les retours et les mentions l\u00e9gales de Miscela d\u2019Oro.\" \/>\n<meta name=\"robots\" content=\"index, follow, max-snippet:-1, max-image-preview:large, max-video-preview:-1\" \/>\n<link rel=\"canonical\" href=\"https:\/\/www.misceladoro.com\/fr\/conditions-de-vente\/\" \/>\n<meta property=\"og:locale\" content=\"fr_FR\" \/>\n<meta property=\"og:type\" content=\"article\" \/>\n<meta property=\"og:title\" content=\"Conditions d&#039;utilisation\" \/>\n<meta property=\"og:description\" content=\"Consultez nos conditions g\u00e9n\u00e9rales : infos sur le paiement, la livraison, les retours et les mentions l\u00e9gales de Miscela d\u2019Oro.\" \/>\n<meta property=\"og:url\" content=\"https:\/\/www.misceladoro.com\/fr\/conditions-de-vente\/\" \/>\n<meta property=\"og:site_name\" content=\"Miscela d&#039;Oro\" \/>\n<meta property=\"article:publisher\" content=\"https:\/\/www.facebook.com\/MDOSicilia1946\" \/>\n<meta property=\"article:modified_time\" content=\"2025-07-16T11:19:02+00:00\" \/>\n<meta property=\"og:image\" content=\"https:\/\/www.misceladoro.com\/wp-content\/uploads\/2025\/04\/nonna.png\" \/>\n\t<meta property=\"og:image:width\" content=\"432\" \/>\n\t<meta property=\"og:image:height\" content=\"288\" \/>\n\t<meta property=\"og:image:type\" content=\"image\/png\" \/>\n<meta name=\"twitter:card\" content=\"summary_large_image\" \/>\n<meta name=\"twitter:site\" content=\"@miscela_doro\" \/>\n<meta name=\"twitter:label1\" content=\"Dur\u00e9e de lecture estim\u00e9e\" \/>\n\t<meta name=\"twitter:data1\" content=\"1 minute\" \/>\n<script type=\"application\/ld+json\" class=\"yoast-schema-graph\">{\"@context\":\"https:\/\/schema.org\",\"@graph\":[{\"@type\":\"WebPage\",\"@id\":\"https:\/\/www.misceladoro.com\/fr\/conditions-de-vente\/\",\"url\":\"https:\/\/www.misceladoro.com\/fr\/conditions-de-vente\/\",\"name\":\"Conditions g\u00e9n\u00e9rales | Miscela d&#039;Oro\",\"isPartOf\":{\"@id\":\"https:\/\/www.misceladoro.com\/fr\/#website\"},\"primaryImageOfPage\":{\"@id\":\"https:\/\/www.misceladoro.com\/fr\/conditions-de-vente\/#primaryimage\"},\"image\":{\"@id\":\"https:\/\/www.misceladoro.com\/fr\/conditions-de-vente\/#primaryimage\"},\"thumbnailUrl\":\"https:\/\/www.misceladoro.com\/wp-content\/uploads\/2025\/04\/nonna.png\",\"datePublished\":\"2022-10-15T16:17:50+00:00\",\"dateModified\":\"2025-07-16T11:19:02+00:00\",\"description\":\"Consultez nos conditions g\u00e9n\u00e9rales : infos sur le paiement, la livraison, les retours et les mentions l\u00e9gales de Miscela d\u2019Oro.\",\"breadcrumb\":{\"@id\":\"https:\/\/www.misceladoro.com\/fr\/conditions-de-vente\/#breadcrumb\"},\"inLanguage\":\"fr-FR\",\"potentialAction\":[{\"@type\":\"ReadAction\",\"target\":[\"https:\/\/www.misceladoro.com\/fr\/conditions-de-vente\/\"]}]},{\"@type\":\"ImageObject\",\"inLanguage\":\"fr-FR\",\"@id\":\"https:\/\/www.misceladoro.com\/fr\/conditions-de-vente\/#primaryimage\",\"url\":\"https:\/\/www.misceladoro.com\/wp-content\/uploads\/2025\/04\/nonna.png\",\"contentUrl\":\"https:\/\/www.misceladoro.com\/wp-content\/uploads\/2025\/04\/nonna.png\",\"width\":432,\"height\":288},{\"@type\":\"BreadcrumbList\",\"@id\":\"https:\/\/www.misceladoro.com\/fr\/conditions-de-vente\/#breadcrumb\",\"itemListElement\":[{\"@type\":\"ListItem\",\"position\":1,\"name\":\"Home\",\"item\":\"https:\/\/www.misceladoro.com\/fr\/\"},{\"@type\":\"ListItem\",\"position\":2,\"name\":\"Conditions d&#8217;utilisation\"}]},{\"@type\":\"WebSite\",\"@id\":\"https:\/\/www.misceladoro.com\/fr\/#website\",\"url\":\"https:\/\/www.misceladoro.com\/fr\/\",\"name\":\"Miscela d'Oro\",\"description\":\"Artigiani del caff\u00e8 dal 1946\",\"publisher\":{\"@id\":\"https:\/\/www.misceladoro.com\/fr\/#organization\"},\"potentialAction\":[{\"@type\":\"SearchAction\",\"target\":{\"@type\":\"EntryPoint\",\"urlTemplate\":\"https:\/\/www.misceladoro.com\/fr\/?s={search_term_string}\"},\"query-input\":{\"@type\":\"PropertyValueSpecification\",\"valueRequired\":true,\"valueName\":\"search_term_string\"}}],\"inLanguage\":\"fr-FR\"},{\"@type\":\"Organization\",\"@id\":\"https:\/\/www.misceladoro.com\/fr\/#organization\",\"name\":\"Miscela d'Oro\",\"url\":\"https:\/\/www.misceladoro.com\/fr\/\",\"logo\":{\"@type\":\"ImageObject\",\"inLanguage\":\"fr-FR\",\"@id\":\"https:\/\/www.misceladoro.com\/fr\/#\/schema\/logo\/image\/\",\"url\":\"https:\/\/www.misceladoro.com\/wp-content\/uploads\/2022\/10\/LogoMiscelaOro-logo.png\",\"contentUrl\":\"https:\/\/www.misceladoro.com\/wp-content\/uploads\/2022\/10\/LogoMiscelaOro-logo.png\",\"width\":200,\"height\":120,\"caption\":\"Miscela d'Oro\"},\"image\":{\"@id\":\"https:\/\/www.misceladoro.com\/fr\/#\/schema\/logo\/image\/\"},\"sameAs\":[\"https:\/\/www.facebook.com\/MDOSicilia1946\",\"https:\/\/x.com\/miscela_doro\",\"https:\/\/www.instagram.com\/misceladoro\/\"]}]}<\/script>\n<!-- \/ Yoast SEO Premium plugin. -->","yoast_head_json":{"title":"Conditions g\u00e9n\u00e9rales | Miscela d&#039;Oro","description":"Consultez nos conditions g\u00e9n\u00e9rales : infos sur le paiement, la livraison, les retours et les mentions l\u00e9gales de Miscela d\u2019Oro.","robots":{"index":"index","follow":"follow","max-snippet":"max-snippet:-1","max-image-preview":"max-image-preview:large","max-video-preview":"max-video-preview:-1"},"canonical":"https:\/\/www.misceladoro.com\/fr\/conditions-de-vente\/","og_locale":"fr_FR","og_type":"article","og_title":"Conditions d'utilisation","og_description":"Consultez nos conditions g\u00e9n\u00e9rales : infos sur le paiement, la livraison, les retours et les mentions l\u00e9gales de Miscela d\u2019Oro.","og_url":"https:\/\/www.misceladoro.com\/fr\/conditions-de-vente\/","og_site_name":"Miscela d&#039;Oro","article_publisher":"https:\/\/www.facebook.com\/MDOSicilia1946","article_modified_time":"2025-07-16T11:19:02+00:00","og_image":[{"width":432,"height":288,"url":"https:\/\/www.misceladoro.com\/wp-content\/uploads\/2025\/04\/nonna.png","type":"image\/png"}],"twitter_card":"summary_large_image","twitter_site":"@miscela_doro","twitter_misc":{"Dur\u00e9e de lecture estim\u00e9e":"1 minute"},"schema":{"@context":"https:\/\/schema.org","@graph":[{"@type":"WebPage","@id":"https:\/\/www.misceladoro.com\/fr\/conditions-de-vente\/","url":"https:\/\/www.misceladoro.com\/fr\/conditions-de-vente\/","name":"Conditions g\u00e9n\u00e9rales | Miscela d&#039;Oro","isPartOf":{"@id":"https:\/\/www.misceladoro.com\/fr\/#website"},"primaryImageOfPage":{"@id":"https:\/\/www.misceladoro.com\/fr\/conditions-de-vente\/#primaryimage"},"image":{"@id":"https:\/\/www.misceladoro.com\/fr\/conditions-de-vente\/#primaryimage"},"thumbnailUrl":"https:\/\/www.misceladoro.com\/wp-content\/uploads\/2025\/04\/nonna.png","datePublished":"2022-10-15T16:17:50+00:00","dateModified":"2025-07-16T11:19:02+00:00","description":"Consultez nos conditions g\u00e9n\u00e9rales : infos sur le paiement, la livraison, les retours et les mentions l\u00e9gales de Miscela d\u2019Oro.","breadcrumb":{"@id":"https:\/\/www.misceladoro.com\/fr\/conditions-de-vente\/#breadcrumb"},"inLanguage":"fr-FR","potentialAction":[{"@type":"ReadAction","target":["https:\/\/www.misceladoro.com\/fr\/conditions-de-vente\/"]}]},{"@type":"ImageObject","inLanguage":"fr-FR","@id":"https:\/\/www.misceladoro.com\/fr\/conditions-de-vente\/#primaryimage","url":"https:\/\/www.misceladoro.com\/wp-content\/uploads\/2025\/04\/nonna.png","contentUrl":"https:\/\/www.misceladoro.com\/wp-content\/uploads\/2025\/04\/nonna.png","width":432,"height":288},{"@type":"BreadcrumbList","@id":"https:\/\/www.misceladoro.com\/fr\/conditions-de-vente\/#breadcrumb","itemListElement":[{"@type":"ListItem","position":1,"name":"Home","item":"https:\/\/www.misceladoro.com\/fr\/"},{"@type":"ListItem","position":2,"name":"Conditions d&#8217;utilisation"}]},{"@type":"WebSite","@id":"https:\/\/www.misceladoro.com\/fr\/#website","url":"https:\/\/www.misceladoro.com\/fr\/","name":"Miscela d'Oro","description":"Artigiani del caff\u00e8 dal 1946","publisher":{"@id":"https:\/\/www.misceladoro.com\/fr\/#organization"},"potentialAction":[{"@type":"SearchAction","target":{"@type":"EntryPoint","urlTemplate":"https:\/\/www.misceladoro.com\/fr\/?s={search_term_string}"},"query-input":{"@type":"PropertyValueSpecification","valueRequired":true,"valueName":"search_term_string"}}],"inLanguage":"fr-FR"},{"@type":"Organization","@id":"https:\/\/www.misceladoro.com\/fr\/#organization","name":"Miscela d'Oro","url":"https:\/\/www.misceladoro.com\/fr\/","logo":{"@type":"ImageObject","inLanguage":"fr-FR","@id":"https:\/\/www.misceladoro.com\/fr\/#\/schema\/logo\/image\/","url":"https:\/\/www.misceladoro.com\/wp-content\/uploads\/2022\/10\/LogoMiscelaOro-logo.png","contentUrl":"https:\/\/www.misceladoro.com\/wp-content\/uploads\/2022\/10\/LogoMiscelaOro-logo.png","width":200,"height":120,"caption":"Miscela d'Oro"},"image":{"@id":"https:\/\/www.misceladoro.com\/fr\/#\/schema\/logo\/image\/"},"sameAs":["https:\/\/www.facebook.com\/MDOSicilia1946","https:\/\/x.com\/miscela_doro","https:\/\/www.instagram.com\/misceladoro\/"]}]}},"_links":{"self":[{"href":"https:\/\/www.misceladoro.com\/fr\/wp-json\/wp\/v2\/pages\/14199","targetHints":{"allow":["GET"]}}],"collection":[{"href":"https:\/\/www.misceladoro.com\/fr\/wp-json\/wp\/v2\/pages"}],"about":[{"href":"https:\/\/www.misceladoro.com\/fr\/wp-json\/wp\/v2\/types\/page"}],"author":[{"embeddable":true,"href":"https:\/\/www.misceladoro.com\/fr\/wp-json\/wp\/v2\/users\/4908"}],"replies":[{"embeddable":true,"href":"https:\/\/www.misceladoro.com\/fr\/wp-json\/wp\/v2\/comments?post=14199"}],"version-history":[{"count":4,"href":"https:\/\/www.misceladoro.com\/fr\/wp-json\/wp\/v2\/pages\/14199\/revisions"}],"predecessor-version":[{"id":15284,"href":"https:\/\/www.misceladoro.com\/fr\/wp-json\/wp\/v2\/pages\/14199\/revisions\/15284"}],"wp:featuredmedia":[{"embeddable":true,"href":"https:\/\/www.misceladoro.com\/fr\/wp-json\/wp\/v2\/media\/13643"}],"wp:attachment":[{"href":"https:\/\/www.misceladoro.com\/fr\/wp-json\/wp\/v2\/media?parent=14199"}],"curies":[{"name":"wp","href":"https:\/\/api.w.org\/{rel}","templated":true}]}}