{"id":14185,"date":"2025-06-19T12:03:22","date_gmt":"2025-06-19T10:03:22","guid":{"rendered":"https:\/\/www.misceladoro.com\/?page_id=14185"},"modified":"2025-10-13T12:39:50","modified_gmt":"2025-10-13T10:39:50","slug":"declaration-daccessibilite","status":"publish","type":"page","link":"https:\/\/www.misceladoro.com\/fr\/declaration-daccessibilite\/","title":{"rendered":"D\u00e9claration d\u2019accessibilit\u00e9"},"content":{"rendered":"<h1 data-start=\"75\" data-end=\"212\">D\u00e9claration d\u2019accessibilit\u00e9 du site web pour les entit\u00e9s priv\u00e9es vis\u00e9es \u00e0 l\u2019article 3, paragraphe 1, de la loi n\u00b0 4 du 9 janvier 2004<\/h1>\n<p data-start=\"214\" data-end=\"229\"><strong data-start=\"214\" data-end=\"229\">D\u00e9claration<\/strong><\/p>\n<p data-start=\"231\" data-end=\"343\">Miscela d\u2019Oro s\u2019engage \u00e0 rendre son site web accessible, conform\u00e9ment \u00e0 la loi italienne n\u00b0 4 du 9 janvier 2004.<\/p>\n<p data-start=\"345\" data-end=\"466\">La pr\u00e9sente d\u00e9claration d\u2019accessibilit\u00e9 s\u2019applique au site : <a class=\"\" href=\"https:\/\/www.misceladoro.com\/fr\/\" target=\"_new\" rel=\"noopener\" data-start=\"406\" data-end=\"466\">https:\/\/www.misceladoro.com\/<\/a><\/p>\n<p data-start=\"440\" data-end=\"594\"><strong data-start=\"440\" data-end=\"462\">\u00c9tat de conformit\u00e9<\/strong><br data-start=\"462\" data-end=\"465\" \/><strong data-start=\"465\" data-end=\"477\">Conforme<\/strong><br data-start=\"477\" data-end=\"480\" \/>L\u2019ensemble du contenu du site est conforme aux exigences d\u2019accessibilit\u00e9 \u00e9tablies par la l\u00e9gislation en vigueur.<\/p>\n<p data-start=\"596\" data-end=\"869\"><strong data-start=\"596\" data-end=\"634\">D\u00e9rogations et champ d\u2019application<\/strong><br data-start=\"634\" data-end=\"637\" \/>Aucune d\u00e9rogation n\u2019est actuellement appliqu\u00e9e pour charge disproportionn\u00e9e conform\u00e9ment \u00e0 l\u2019article 3-ter de la Loi n\u00b0 4 du 9 janvier 2004.<br data-start=\"777\" data-end=\"780\" \/>Tout le contenu du site entre dans le champ d\u2019application de la l\u00e9gislation en vigueur.<\/p>\n<p data-start=\"871\" data-end=\"1241\"><strong data-start=\"871\" data-end=\"918\">R\u00e9daction de la d\u00e9claration d\u2019accessibilit\u00e9<\/strong><br data-start=\"918\" data-end=\"921\" \/>La pr\u00e9sente d\u00e9claration a \u00e9t\u00e9 r\u00e9dig\u00e9e le 09\/10\/2025.<br data-start=\"973\" data-end=\"976\" \/>L\u2019\u00e9valuation a \u00e9t\u00e9 r\u00e9alis\u00e9e par Accessibi.com \u00e0 travers des analyses objectives et subjectives men\u00e9es par du personnel qualifi\u00e9.<br data-start=\"1104\" data-end=\"1107\" \/>La pr\u00e9sente d\u00e9claration a \u00e9t\u00e9 r\u00e9examin\u00e9e en dernier lieu le 09\/10\/2025, conform\u00e9ment aux recommandations (r\u00e9examen au moins annuel).<\/p>\n<p data-start=\"1457\" data-end=\"1493\"><strong data-start=\"1457\" data-end=\"1493\">Retour d\u2019information et contacts<\/strong><\/p>\n<p data-start=\"1495\" data-end=\"1623\">Pour tout signalement ou demande concernant l\u2019accessibilit\u00e9 du site, vous pouvez \u00e9crire \u00e0 :<br data-start=\"1586\" data-end=\"1589\" \/><em data-start=\"1592\" data-end=\"1623\"><a class=\"cursor-pointer\" rel=\"noopener\" data-start=\"1593\" data-end=\"1622\">accessibility@misceladoro.com<\/a><\/em><\/p>\n<p data-start=\"1625\" data-end=\"1674\">Responsable des signalements : Maria Luisa Urbano<\/p>\n<p data-start=\"1676\" data-end=\"1731\"><strong data-start=\"1676\" data-end=\"1731\">Modalit\u00e9s de transmission des signalements \u00e0 l\u2019AgID<\/strong><\/p>\n<p data-start=\"1733\" data-end=\"1933\">En cas de r\u00e9ponse insatisfaisante ou en l\u2019absence de r\u00e9ponse dans un d\u00e9lai de 30 jours, un signalement peut \u00eatre envoy\u00e9 \u00e0 l\u2019AgID via courrier \u00e9lectronique certifi\u00e9 (PEC) : <em data-start=\"1905\" data-end=\"1933\"><a class=\"cursor-pointer\" rel=\"noopener\" data-start=\"1906\" data-end=\"1932\">protocollo@pec.agid.gov.it<\/a><\/em><\/p>\n<p data-start=\"1935\" data-end=\"1963\"><strong data-start=\"1935\" data-end=\"1963\">Informations sur le site<\/strong><\/p>\n<p data-start=\"1965\" data-end=\"2028\">Tests d\u2019utilisabilit\u00e9 effectu\u00e9s : Non<br data-start=\"2002\" data-end=\"2005\" \/>CMS utilis\u00e9 : WordPress<\/p>\n<p data-start=\"2030\" data-end=\"2063\"><strong data-start=\"2030\" data-end=\"2063\">Informations sur la structure<\/strong><\/p>\n<p data-start=\"2065\" data-end=\"2156\">Non applicable aux entit\u00e9s priv\u00e9es vis\u00e9es \u00e0 l\u2019article 3, paragraphe 1, de la loi n\u00b0 4\/2004.<\/p>\n","protected":false},"excerpt":{"rendered":"<p>D\u00e9claration d\u2019accessibilit\u00e9 du site web pour les entit\u00e9s priv\u00e9es vis\u00e9es \u00e0 l\u2019article 3, paragraphe 1, de la loi n\u00b0 4 du 9 janvier 2004 D\u00e9claration Miscela d\u2019Oro s\u2019engage \u00e0 rendre son site web accessible, conform\u00e9ment \u00e0 la loi italienne n\u00b0 4 du 9 janvier 2004. La pr\u00e9sente d\u00e9claration d\u2019accessibilit\u00e9 s\u2019applique au site : https:\/\/www.misceladoro.com\/ \u00c9tat [&hellip;]<\/p>\n","protected":false},"author":5975,"featured_media":0,"parent":0,"menu_order":0,"comment_status":"closed","ping_status":"closed","template":"","meta":{"_acf_changed":false,"inline_featured_image":false,"footnotes":""},"class_list":["post-14185","page","type-page","status-publish","hentry"],"acf":[],"yoast_head":"<!-- This site is optimized with the Yoast SEO Premium plugin v26.7 (Yoast SEO v26.7) - https:\/\/yoast.com\/wordpress\/plugins\/seo\/ -->\n<title>D\u00e9claration d\u2019accessibilit\u00e9 | Miscela d&#039;Oro<\/title>\n<meta name=\"description\" content=\"D\u00e9couvrez l&#039;engagement de Miscela d&#039;Oro en faveur de l&#039;accessibilit\u00e9 num\u00e9rique : vous trouverez ici ce que nous avons fait et ce que nous am\u00e9liorons\" \/>\n<meta name=\"robots\" content=\"index, follow, max-snippet:-1, max-image-preview:large, max-video-preview:-1\" \/>\n<link rel=\"canonical\" href=\"https:\/\/www.misceladoro.com\/fr\/declaration-daccessibilite\/\" \/>\n<meta property=\"og:locale\" content=\"fr_FR\" \/>\n<meta property=\"og:type\" content=\"article\" \/>\n<meta property=\"og:title\" content=\"D\u00e9claration d\u2019accessibilit\u00e9\" \/>\n<meta property=\"og:description\" content=\"D\u00e9couvrez l&#039;engagement de Miscela d&#039;Oro en faveur de l&#039;accessibilit\u00e9 num\u00e9rique : vous trouverez ici ce que nous avons fait et ce que nous am\u00e9liorons\" \/>\n<meta property=\"og:url\" content=\"https:\/\/www.misceladoro.com\/fr\/declaration-daccessibilite\/\" \/>\n<meta property=\"og:site_name\" content=\"Miscela d&#039;Oro\" \/>\n<meta property=\"article:publisher\" content=\"https:\/\/www.facebook.com\/MDOSicilia1946\" \/>\n<meta property=\"article:modified_time\" content=\"2025-10-13T10:39:50+00:00\" \/>\n<meta name=\"twitter:card\" content=\"summary_large_image\" \/>\n<meta name=\"twitter:site\" content=\"@miscela_doro\" \/>\n<meta name=\"twitter:label1\" content=\"Dur\u00e9e de lecture estim\u00e9e\" \/>\n\t<meta name=\"twitter:data1\" content=\"2 minutes\" \/>\n<script type=\"application\/ld+json\" class=\"yoast-schema-graph\">{\"@context\":\"https:\/\/schema.org\",\"@graph\":[{\"@type\":\"WebPage\",\"@id\":\"https:\/\/www.misceladoro.com\/fr\/declaration-daccessibilite\/\",\"url\":\"https:\/\/www.misceladoro.com\/fr\/declaration-daccessibilite\/\",\"name\":\"D\u00e9claration d\u2019accessibilit\u00e9 | Miscela d&#039;Oro\",\"isPartOf\":{\"@id\":\"https:\/\/www.misceladoro.com\/fr\/#website\"},\"datePublished\":\"2025-06-19T10:03:22+00:00\",\"dateModified\":\"2025-10-13T10:39:50+00:00\",\"description\":\"D\u00e9couvrez l'engagement de Miscela d'Oro en faveur de l'accessibilit\u00e9 num\u00e9rique : vous trouverez ici ce que nous avons fait et ce que nous am\u00e9liorons\",\"breadcrumb\":{\"@id\":\"https:\/\/www.misceladoro.com\/fr\/declaration-daccessibilite\/#breadcrumb\"},\"inLanguage\":\"fr-FR\",\"potentialAction\":[{\"@type\":\"ReadAction\",\"target\":[\"https:\/\/www.misceladoro.com\/fr\/declaration-daccessibilite\/\"]}]},{\"@type\":\"BreadcrumbList\",\"@id\":\"https:\/\/www.misceladoro.com\/fr\/declaration-daccessibilite\/#breadcrumb\",\"itemListElement\":[{\"@type\":\"ListItem\",\"position\":1,\"name\":\"Home\",\"item\":\"https:\/\/www.misceladoro.com\/fr\/\"},{\"@type\":\"ListItem\",\"position\":2,\"name\":\"D\u00e9claration d\u2019accessibilit\u00e9\"}]},{\"@type\":\"WebSite\",\"@id\":\"https:\/\/www.misceladoro.com\/fr\/#website\",\"url\":\"https:\/\/www.misceladoro.com\/fr\/\",\"name\":\"Miscela d'Oro\",\"description\":\"Artigiani del caff\u00e8 dal 1946\",\"publisher\":{\"@id\":\"https:\/\/www.misceladoro.com\/fr\/#organization\"},\"potentialAction\":[{\"@type\":\"SearchAction\",\"target\":{\"@type\":\"EntryPoint\",\"urlTemplate\":\"https:\/\/www.misceladoro.com\/fr\/?s={search_term_string}\"},\"query-input\":{\"@type\":\"PropertyValueSpecification\",\"valueRequired\":true,\"valueName\":\"search_term_string\"}}],\"inLanguage\":\"fr-FR\"},{\"@type\":\"Organization\",\"@id\":\"https:\/\/www.misceladoro.com\/fr\/#organization\",\"name\":\"Miscela d'Oro\",\"url\":\"https:\/\/www.misceladoro.com\/fr\/\",\"logo\":{\"@type\":\"ImageObject\",\"inLanguage\":\"fr-FR\",\"@id\":\"https:\/\/www.misceladoro.com\/fr\/#\/schema\/logo\/image\/\",\"url\":\"https:\/\/www.misceladoro.com\/wp-content\/uploads\/2022\/10\/LogoMiscelaOro-logo.png\",\"contentUrl\":\"https:\/\/www.misceladoro.com\/wp-content\/uploads\/2022\/10\/LogoMiscelaOro-logo.png\",\"width\":200,\"height\":120,\"caption\":\"Miscela d'Oro\"},\"image\":{\"@id\":\"https:\/\/www.misceladoro.com\/fr\/#\/schema\/logo\/image\/\"},\"sameAs\":[\"https:\/\/www.facebook.com\/MDOSicilia1946\",\"https:\/\/x.com\/miscela_doro\",\"https:\/\/www.instagram.com\/misceladoro\/\"]}]}<\/script>\n<!-- \/ Yoast SEO Premium plugin. -->","yoast_head_json":{"title":"D\u00e9claration d\u2019accessibilit\u00e9 | Miscela d&#039;Oro","description":"D\u00e9couvrez l'engagement de Miscela d'Oro en faveur de l'accessibilit\u00e9 num\u00e9rique : vous trouverez ici ce que nous avons fait et ce que nous am\u00e9liorons","robots":{"index":"index","follow":"follow","max-snippet":"max-snippet:-1","max-image-preview":"max-image-preview:large","max-video-preview":"max-video-preview:-1"},"canonical":"https:\/\/www.misceladoro.com\/fr\/declaration-daccessibilite\/","og_locale":"fr_FR","og_type":"article","og_title":"D\u00e9claration d\u2019accessibilit\u00e9","og_description":"D\u00e9couvrez l'engagement de Miscela d'Oro en faveur de l'accessibilit\u00e9 num\u00e9rique : vous trouverez ici ce que nous avons fait et ce que nous am\u00e9liorons","og_url":"https:\/\/www.misceladoro.com\/fr\/declaration-daccessibilite\/","og_site_name":"Miscela d&#039;Oro","article_publisher":"https:\/\/www.facebook.com\/MDOSicilia1946","article_modified_time":"2025-10-13T10:39:50+00:00","twitter_card":"summary_large_image","twitter_site":"@miscela_doro","twitter_misc":{"Dur\u00e9e de lecture estim\u00e9e":"2 minutes"},"schema":{"@context":"https:\/\/schema.org","@graph":[{"@type":"WebPage","@id":"https:\/\/www.misceladoro.com\/fr\/declaration-daccessibilite\/","url":"https:\/\/www.misceladoro.com\/fr\/declaration-daccessibilite\/","name":"D\u00e9claration d\u2019accessibilit\u00e9 | Miscela d&#039;Oro","isPartOf":{"@id":"https:\/\/www.misceladoro.com\/fr\/#website"},"datePublished":"2025-06-19T10:03:22+00:00","dateModified":"2025-10-13T10:39:50+00:00","description":"D\u00e9couvrez l'engagement de Miscela d'Oro en faveur de l'accessibilit\u00e9 num\u00e9rique : vous trouverez ici ce que nous avons fait et ce que nous am\u00e9liorons","breadcrumb":{"@id":"https:\/\/www.misceladoro.com\/fr\/declaration-daccessibilite\/#breadcrumb"},"inLanguage":"fr-FR","potentialAction":[{"@type":"ReadAction","target":["https:\/\/www.misceladoro.com\/fr\/declaration-daccessibilite\/"]}]},{"@type":"BreadcrumbList","@id":"https:\/\/www.misceladoro.com\/fr\/declaration-daccessibilite\/#breadcrumb","itemListElement":[{"@type":"ListItem","position":1,"name":"Home","item":"https:\/\/www.misceladoro.com\/fr\/"},{"@type":"ListItem","position":2,"name":"D\u00e9claration d\u2019accessibilit\u00e9"}]},{"@type":"WebSite","@id":"https:\/\/www.misceladoro.com\/fr\/#website","url":"https:\/\/www.misceladoro.com\/fr\/","name":"Miscela d'Oro","description":"Artigiani del caff\u00e8 dal 1946","publisher":{"@id":"https:\/\/www.misceladoro.com\/fr\/#organization"},"potentialAction":[{"@type":"SearchAction","target":{"@type":"EntryPoint","urlTemplate":"https:\/\/www.misceladoro.com\/fr\/?s={search_term_string}"},"query-input":{"@type":"PropertyValueSpecification","valueRequired":true,"valueName":"search_term_string"}}],"inLanguage":"fr-FR"},{"@type":"Organization","@id":"https:\/\/www.misceladoro.com\/fr\/#organization","name":"Miscela d'Oro","url":"https:\/\/www.misceladoro.com\/fr\/","logo":{"@type":"ImageObject","inLanguage":"fr-FR","@id":"https:\/\/www.misceladoro.com\/fr\/#\/schema\/logo\/image\/","url":"https:\/\/www.misceladoro.com\/wp-content\/uploads\/2022\/10\/LogoMiscelaOro-logo.png","contentUrl":"https:\/\/www.misceladoro.com\/wp-content\/uploads\/2022\/10\/LogoMiscelaOro-logo.png","width":200,"height":120,"caption":"Miscela d'Oro"},"image":{"@id":"https:\/\/www.misceladoro.com\/fr\/#\/schema\/logo\/image\/"},"sameAs":["https:\/\/www.facebook.com\/MDOSicilia1946","https:\/\/x.com\/miscela_doro","https:\/\/www.instagram.com\/misceladoro\/"]}]}},"_links":{"self":[{"href":"https:\/\/www.misceladoro.com\/fr\/wp-json\/wp\/v2\/pages\/14185","targetHints":{"allow":["GET"]}}],"collection":[{"href":"https:\/\/www.misceladoro.com\/fr\/wp-json\/wp\/v2\/pages"}],"about":[{"href":"https:\/\/www.misceladoro.com\/fr\/wp-json\/wp\/v2\/types\/page"}],"author":[{"embeddable":true,"href":"https:\/\/www.misceladoro.com\/fr\/wp-json\/wp\/v2\/users\/5975"}],"replies":[{"embeddable":true,"href":"https:\/\/www.misceladoro.com\/fr\/wp-json\/wp\/v2\/comments?post=14185"}],"version-history":[{"count":4,"href":"https:\/\/www.misceladoro.com\/fr\/wp-json\/wp\/v2\/pages\/14185\/revisions"}],"predecessor-version":[{"id":16439,"href":"https:\/\/www.misceladoro.com\/fr\/wp-json\/wp\/v2\/pages\/14185\/revisions\/16439"}],"wp:attachment":[{"href":"https:\/\/www.misceladoro.com\/fr\/wp-json\/wp\/v2\/media?parent=14185"}],"curies":[{"name":"wp","href":"https:\/\/api.w.org\/{rel}","templated":true}]}}