{"id":16767,"date":"2025-11-10T10:58:52","date_gmt":"2025-11-10T09:58:52","guid":{"rendered":"https:\/\/www.misceladoro.com\/?post_type=product&#038;p=16767"},"modified":"2025-11-10T11:38:56","modified_gmt":"2025-11-10T10:38:56","slug":"althaus-golden-apple-fruechtetee","status":"publish","type":"product","link":"https:\/\/www.misceladoro.com\/de\/produkt\/althaus-golden-apple-fruechtetee\/","title":{"rendered":"Althaus Golden Apple \u2013 Aromatisierter Fr\u00fcchtetee mit Apfel und Zitrusnoten"},"content":{"rendered":"<p data-start=\"382\" data-end=\"667\">Ein au\u00dfergew\u00f6hnlicher <strong data-start=\"404\" data-end=\"418\">Fr\u00fcchtetee<\/strong>, der die S\u00fc\u00dfe reifer <strong data-start=\"440\" data-end=\"449\">\u00c4pfel<\/strong> mit feinen <strong data-start=\"461\" data-end=\"476\">Zitrusnoten<\/strong> von Zitrone und Orange vereint.<br data-start=\"508\" data-end=\"511\" \/><strong data-start=\"511\" data-end=\"535\">Althaus Golden Apple<\/strong> ist ein goldgelber, aromatischer Tee mit ausgewogenem Geschmack \u2013 <strong data-start=\"602\" data-end=\"627\">nat\u00fcrlich koffeinfrei<\/strong> und ideal f\u00fcr jeden Moment des Tages.<\/p>\n<p data-start=\"669\" data-end=\"841\">Seine leuchtend gelbe Farbe und das fruchtige Aroma begeistern schon beim ersten Schluck. Perfekt <strong data-start=\"767\" data-end=\"791\">hei\u00df an kalten Tagen<\/strong> oder <strong data-start=\"797\" data-end=\"840\">gek\u00fchlt als erfrischendes Sommergetr\u00e4nk<\/strong>.<\/p>\n<h3 data-start=\"848\" data-end=\"864\">Zutaten<\/h3>\n<p data-start=\"865\" data-end=\"1020\">Hagebuttenschalen, Apfel* (15 %), Orangenschalen, nat\u00fcrliches Aroma (Apfel), Zitronenschalen, S\u00e4uerungsmittel: Zitronens\u00e4ure.<br data-start=\"990\" data-end=\"993\" \/>(*aus kontrolliertem Anbau)<\/p>\n<h3 data-start=\"1027\" data-end=\"1047\">Zubereitung<\/h3>\n<p data-start=\"1048\" data-end=\"1090\">F\u00fcr einen sicheren und aromatischen Tee:<\/p>\n<ul data-start=\"1091\" data-end=\"1257\">\n<li data-start=\"1091\" data-end=\"1155\">\n<p data-start=\"1093\" data-end=\"1155\">Einen Teebeutel mit <strong data-start=\"1113\" data-end=\"1142\">kochendem Wasser (100 \u00b0C)<\/strong> \u00fcbergie\u00dfen<\/p>\n<\/li>\n<li data-start=\"1156\" data-end=\"1190\">\n<p data-start=\"1158\" data-end=\"1190\"><strong data-start=\"1158\" data-end=\"1174\">5\u201310 Minuten<\/strong> ziehen lassen<\/p>\n<\/li>\n<li data-start=\"1191\" data-end=\"1257\">\n<p data-start=\"1193\" data-end=\"1257\">Hei\u00df servieren oder f\u00fcr eine <strong data-start=\"1222\" data-end=\"1239\">kalte Version<\/strong> abk\u00fchlen lassen<\/p>\n<\/li>\n<\/ul>\n<h3 data-start=\"1264\" data-end=\"1286\">Eigenschaften<\/h3>\n<ul data-start=\"1287\" data-end=\"1499\">\n<li data-start=\"1287\" data-end=\"1351\">\n<p data-start=\"1289\" data-end=\"1351\"><strong data-start=\"1289\" data-end=\"1318\">Aromatisierter Fr\u00fcchtetee<\/strong> mit Apfel- und Zitrusgeschmack<\/p>\n<\/li>\n<li data-start=\"1352\" data-end=\"1381\">\n<p data-start=\"1354\" data-end=\"1381\">Tassenfarbe: <strong data-start=\"1367\" data-end=\"1379\">goldgelb<\/strong><\/p>\n<\/li>\n<li data-start=\"1382\" data-end=\"1434\">\n<p data-start=\"1384\" data-end=\"1434\">Verpackung: <strong data-start=\"1396\" data-end=\"1432\">20 einzeln versiegelte Teebeutel<\/strong><\/p>\n<\/li>\n<li data-start=\"1435\" data-end=\"1454\">\n<p data-start=\"1437\" data-end=\"1454\"><strong data-start=\"1437\" data-end=\"1452\">Koffeinfrei<\/strong><\/p>\n<\/li>\n<li data-start=\"1455\" data-end=\"1499\">\n<p data-start=\"1457\" data-end=\"1499\">Auch ideal als <strong data-start=\"1472\" data-end=\"1499\">Eistee oder Kaltaufguss<\/strong><\/p>\n<\/li>\n<\/ul>\n","protected":false},"excerpt":{"rendered":"<p data-start=\"1574\" data-end=\"1757\">Ein <strong data-start=\"1578\" data-end=\"1592\">Fr\u00fcchtetee<\/strong> mit s\u00fc\u00dfem Apfelgeschmack und einer leichten Zitrusnote. Seine goldgelbe Farbe und das fruchtige Aroma machen ihn zu einem erfrischenden Genuss zu jeder Tageszeit.<\/p>\n<p data-start=\"1759\" data-end=\"1927\"><strong data-start=\"1759\" data-end=\"1771\">Zutaten:<\/strong> Hagebutte, Apfel (15 %), Orangenschale, nat\u00fcrliches Aroma (Apfel), Zitronenschale, S\u00e4uerungsmittel: Zitronens\u00e4ure<br data-start=\"1885\" data-end=\"1888\" \/><strong data-start=\"1888\" data-end=\"1899\">Inhalt:<\/strong> 20 Teebeutel x 3 g = 60 g<\/p>\n","protected":false},"featured_media":16775,"template":"","meta":{"_acf_changed":false,"inline_featured_image":false},"product_brand":[],"product_cat":[743],"product_tag":[],"class_list":{"0":"post-16767","1":"product","2":"type-product","3":"status-publish","4":"has-post-thumbnail","6":"product_cat-tee-getraenke","8":"first","9":"instock","10":"taxable","11":"shipping-taxable","12":"purchasable","13":"product-type-simple"},"acf":[],"yoast_head":"<!-- This site is optimized with the Yoast SEO Premium plugin v26.7 (Yoast SEO v26.7) - https:\/\/yoast.com\/wordpress\/plugins\/seo\/ -->\n<title>Althaus Golden Apple \u2013 Aromatisierter Fr\u00fcchtetee mit Apfel und Zitrusnoten | Miscela d&#039;Oro<\/title>\n<meta name=\"description\" content=\"Althaus Golden Apple Fr\u00fcchtetee mit s\u00fc\u00dfem Apfel- und Zitrusaroma. 20 Teebeutel. Nat\u00fcrlich, aromatisch und koffeinfrei \u2013 perfekt f\u00fcr jeden Moment.\" \/>\n<meta name=\"robots\" content=\"index, follow, max-snippet:-1, max-image-preview:large, max-video-preview:-1\" \/>\n<link rel=\"canonical\" href=\"https:\/\/www.misceladoro.com\/de\/produkt\/althaus-golden-apple-fruechtetee\/\" \/>\n<meta property=\"og:locale\" content=\"de_DE\" \/>\n<meta property=\"og:type\" content=\"article\" \/>\n<meta property=\"og:title\" content=\"Althaus Golden Apple \u2013 Aromatisierter Fr\u00fcchtetee mit Apfel und Zitrusnoten\" \/>\n<meta property=\"og:description\" content=\"Althaus Golden Apple Fr\u00fcchtetee mit s\u00fc\u00dfem Apfel- und Zitrusaroma. 20 Teebeutel. Nat\u00fcrlich, aromatisch und koffeinfrei \u2013 perfekt f\u00fcr jeden Moment.\" \/>\n<meta property=\"og:url\" content=\"https:\/\/www.misceladoro.com\/de\/produkt\/althaus-golden-apple-fruechtetee\/\" \/>\n<meta property=\"og:site_name\" content=\"Miscela d&#039;Oro\" \/>\n<meta property=\"article:publisher\" content=\"https:\/\/www.facebook.com\/MDOSicilia1946\" \/>\n<meta property=\"article:modified_time\" content=\"2025-11-10T10:38:56+00:00\" \/>\n<meta property=\"og:image\" content=\"https:\/\/www.misceladoro.com\/wp-content\/uploads\/2025\/11\/8-e1762776181628.png\" \/>\n\t<meta property=\"og:image:width\" content=\"1080\" \/>\n\t<meta property=\"og:image:height\" content=\"1350\" \/>\n\t<meta property=\"og:image:type\" content=\"image\/png\" \/>\n<meta name=\"twitter:card\" content=\"summary_large_image\" \/>\n<meta name=\"twitter:site\" content=\"@miscela_doro\" \/>\n<meta name=\"twitter:label1\" content=\"Gesch\u00e4tzte Lesezeit\" \/>\n\t<meta name=\"twitter:data1\" content=\"1\u00a0Minute\" \/>\n<script type=\"application\/ld+json\" class=\"yoast-schema-graph\">{\"@context\":\"https:\/\/schema.org\",\"@graph\":[{\"@type\":\"WebPage\",\"@id\":\"https:\/\/www.misceladoro.com\/de\/produkt\/althaus-golden-apple-fruechtetee\/\",\"url\":\"https:\/\/www.misceladoro.com\/de\/produkt\/althaus-golden-apple-fruechtetee\/\",\"name\":\"Althaus Golden Apple \u2013 Aromatisierter Fr\u00fcchtetee mit Apfel und Zitrusnoten | Miscela d&#039;Oro\",\"isPartOf\":{\"@id\":\"https:\/\/www.misceladoro.com\/de\/#website\"},\"primaryImageOfPage\":{\"@id\":\"https:\/\/www.misceladoro.com\/de\/produkt\/althaus-golden-apple-fruechtetee\/#primaryimage\"},\"image\":{\"@id\":\"https:\/\/www.misceladoro.com\/de\/produkt\/althaus-golden-apple-fruechtetee\/#primaryimage\"},\"thumbnailUrl\":\"https:\/\/www.misceladoro.com\/wp-content\/uploads\/2025\/11\/8-e1762776181628.png\",\"datePublished\":\"2025-11-10T09:58:52+00:00\",\"dateModified\":\"2025-11-10T10:38:56+00:00\",\"description\":\"Althaus Golden Apple Fr\u00fcchtetee mit s\u00fc\u00dfem Apfel- und Zitrusaroma. 20 Teebeutel. Nat\u00fcrlich, aromatisch und koffeinfrei \u2013 perfekt f\u00fcr jeden Moment.\",\"breadcrumb\":{\"@id\":\"https:\/\/www.misceladoro.com\/de\/produkt\/althaus-golden-apple-fruechtetee\/#breadcrumb\"},\"inLanguage\":\"de\",\"potentialAction\":[{\"@type\":\"ReadAction\",\"target\":[\"https:\/\/www.misceladoro.com\/de\/produkt\/althaus-golden-apple-fruechtetee\/\"]}]},{\"@type\":\"ImageObject\",\"inLanguage\":\"de\",\"@id\":\"https:\/\/www.misceladoro.com\/de\/produkt\/althaus-golden-apple-fruechtetee\/#primaryimage\",\"url\":\"https:\/\/www.misceladoro.com\/wp-content\/uploads\/2025\/11\/8-e1762776181628.png\",\"contentUrl\":\"https:\/\/www.misceladoro.com\/wp-content\/uploads\/2025\/11\/8-e1762776181628.png\",\"width\":1080,\"height\":1350,\"caption\":\"Golden Apple\"},{\"@type\":\"BreadcrumbList\",\"@id\":\"https:\/\/www.misceladoro.com\/de\/produkt\/althaus-golden-apple-fruechtetee\/#breadcrumb\",\"itemListElement\":[{\"@type\":\"ListItem\",\"position\":1,\"name\":\"Home\",\"item\":\"https:\/\/www.misceladoro.com\/de\/\"},{\"@type\":\"ListItem\",\"position\":2,\"name\":\"Shop\",\"item\":\"https:\/\/www.misceladoro.com\/de\/shop\/\"},{\"@type\":\"ListItem\",\"position\":3,\"name\":\"Tee und getr\u00e4nke\",\"item\":\"https:\/\/www.misceladoro.com\/de\/tee-getraenke\/\"},{\"@type\":\"ListItem\",\"position\":4,\"name\":\"Althaus Golden Apple \u2013 Aromatisierter Fr\u00fcchtetee mit Apfel und Zitrusnoten\"}]},{\"@type\":\"WebSite\",\"@id\":\"https:\/\/www.misceladoro.com\/de\/#website\",\"url\":\"https:\/\/www.misceladoro.com\/de\/\",\"name\":\"Miscela d'Oro\",\"description\":\"Artigiani del caff\u00e8 dal 1946\",\"publisher\":{\"@id\":\"https:\/\/www.misceladoro.com\/de\/#organization\"},\"potentialAction\":[{\"@type\":\"SearchAction\",\"target\":{\"@type\":\"EntryPoint\",\"urlTemplate\":\"https:\/\/www.misceladoro.com\/de\/?s={search_term_string}\"},\"query-input\":{\"@type\":\"PropertyValueSpecification\",\"valueRequired\":true,\"valueName\":\"search_term_string\"}}],\"inLanguage\":\"de\"},{\"@type\":\"Organization\",\"@id\":\"https:\/\/www.misceladoro.com\/de\/#organization\",\"name\":\"Miscela d'Oro\",\"url\":\"https:\/\/www.misceladoro.com\/de\/\",\"logo\":{\"@type\":\"ImageObject\",\"inLanguage\":\"de\",\"@id\":\"https:\/\/www.misceladoro.com\/de\/#\/schema\/logo\/image\/\",\"url\":\"https:\/\/www.misceladoro.com\/wp-content\/uploads\/2022\/10\/LogoMiscelaOro-logo.png\",\"contentUrl\":\"https:\/\/www.misceladoro.com\/wp-content\/uploads\/2022\/10\/LogoMiscelaOro-logo.png\",\"width\":200,\"height\":120,\"caption\":\"Miscela d'Oro\"},\"image\":{\"@id\":\"https:\/\/www.misceladoro.com\/de\/#\/schema\/logo\/image\/\"},\"sameAs\":[\"https:\/\/www.facebook.com\/MDOSicilia1946\",\"https:\/\/x.com\/miscela_doro\",\"https:\/\/www.instagram.com\/misceladoro\/\"]}]}<\/script>\n<!-- \/ Yoast SEO Premium plugin. -->","yoast_head_json":{"title":"Althaus Golden Apple \u2013 Aromatisierter Fr\u00fcchtetee mit Apfel und Zitrusnoten | Miscela d&#039;Oro","description":"Althaus Golden Apple Fr\u00fcchtetee mit s\u00fc\u00dfem Apfel- und Zitrusaroma. 20 Teebeutel. Nat\u00fcrlich, aromatisch und koffeinfrei \u2013 perfekt f\u00fcr jeden Moment.","robots":{"index":"index","follow":"follow","max-snippet":"max-snippet:-1","max-image-preview":"max-image-preview:large","max-video-preview":"max-video-preview:-1"},"canonical":"https:\/\/www.misceladoro.com\/de\/produkt\/althaus-golden-apple-fruechtetee\/","og_locale":"de_DE","og_type":"article","og_title":"Althaus Golden Apple \u2013 Aromatisierter Fr\u00fcchtetee mit Apfel und Zitrusnoten","og_description":"Althaus Golden Apple Fr\u00fcchtetee mit s\u00fc\u00dfem Apfel- und Zitrusaroma. 20 Teebeutel. Nat\u00fcrlich, aromatisch und koffeinfrei \u2013 perfekt f\u00fcr jeden Moment.","og_url":"https:\/\/www.misceladoro.com\/de\/produkt\/althaus-golden-apple-fruechtetee\/","og_site_name":"Miscela d&#039;Oro","article_publisher":"https:\/\/www.facebook.com\/MDOSicilia1946","article_modified_time":"2025-11-10T10:38:56+00:00","og_image":[{"width":1080,"height":1350,"url":"https:\/\/www.misceladoro.com\/wp-content\/uploads\/2025\/11\/8-e1762776181628.png","type":"image\/png"}],"twitter_card":"summary_large_image","twitter_site":"@miscela_doro","twitter_misc":{"Gesch\u00e4tzte Lesezeit":"1\u00a0Minute"},"schema":{"@context":"https:\/\/schema.org","@graph":[{"@type":"WebPage","@id":"https:\/\/www.misceladoro.com\/de\/produkt\/althaus-golden-apple-fruechtetee\/","url":"https:\/\/www.misceladoro.com\/de\/produkt\/althaus-golden-apple-fruechtetee\/","name":"Althaus Golden Apple \u2013 Aromatisierter Fr\u00fcchtetee mit Apfel und Zitrusnoten | Miscela d&#039;Oro","isPartOf":{"@id":"https:\/\/www.misceladoro.com\/de\/#website"},"primaryImageOfPage":{"@id":"https:\/\/www.misceladoro.com\/de\/produkt\/althaus-golden-apple-fruechtetee\/#primaryimage"},"image":{"@id":"https:\/\/www.misceladoro.com\/de\/produkt\/althaus-golden-apple-fruechtetee\/#primaryimage"},"thumbnailUrl":"https:\/\/www.misceladoro.com\/wp-content\/uploads\/2025\/11\/8-e1762776181628.png","datePublished":"2025-11-10T09:58:52+00:00","dateModified":"2025-11-10T10:38:56+00:00","description":"Althaus Golden Apple Fr\u00fcchtetee mit s\u00fc\u00dfem Apfel- und Zitrusaroma. 20 Teebeutel. Nat\u00fcrlich, aromatisch und koffeinfrei \u2013 perfekt f\u00fcr jeden Moment.","breadcrumb":{"@id":"https:\/\/www.misceladoro.com\/de\/produkt\/althaus-golden-apple-fruechtetee\/#breadcrumb"},"inLanguage":"de","potentialAction":[{"@type":"ReadAction","target":["https:\/\/www.misceladoro.com\/de\/produkt\/althaus-golden-apple-fruechtetee\/"]}]},{"@type":"ImageObject","inLanguage":"de","@id":"https:\/\/www.misceladoro.com\/de\/produkt\/althaus-golden-apple-fruechtetee\/#primaryimage","url":"https:\/\/www.misceladoro.com\/wp-content\/uploads\/2025\/11\/8-e1762776181628.png","contentUrl":"https:\/\/www.misceladoro.com\/wp-content\/uploads\/2025\/11\/8-e1762776181628.png","width":1080,"height":1350,"caption":"Golden Apple"},{"@type":"BreadcrumbList","@id":"https:\/\/www.misceladoro.com\/de\/produkt\/althaus-golden-apple-fruechtetee\/#breadcrumb","itemListElement":[{"@type":"ListItem","position":1,"name":"Home","item":"https:\/\/www.misceladoro.com\/de\/"},{"@type":"ListItem","position":2,"name":"Shop","item":"https:\/\/www.misceladoro.com\/de\/shop\/"},{"@type":"ListItem","position":3,"name":"Tee und getr\u00e4nke","item":"https:\/\/www.misceladoro.com\/de\/tee-getraenke\/"},{"@type":"ListItem","position":4,"name":"Althaus Golden Apple \u2013 Aromatisierter Fr\u00fcchtetee mit Apfel und Zitrusnoten"}]},{"@type":"WebSite","@id":"https:\/\/www.misceladoro.com\/de\/#website","url":"https:\/\/www.misceladoro.com\/de\/","name":"Miscela d'Oro","description":"Artigiani del caff\u00e8 dal 1946","publisher":{"@id":"https:\/\/www.misceladoro.com\/de\/#organization"},"potentialAction":[{"@type":"SearchAction","target":{"@type":"EntryPoint","urlTemplate":"https:\/\/www.misceladoro.com\/de\/?s={search_term_string}"},"query-input":{"@type":"PropertyValueSpecification","valueRequired":true,"valueName":"search_term_string"}}],"inLanguage":"de"},{"@type":"Organization","@id":"https:\/\/www.misceladoro.com\/de\/#organization","name":"Miscela d'Oro","url":"https:\/\/www.misceladoro.com\/de\/","logo":{"@type":"ImageObject","inLanguage":"de","@id":"https:\/\/www.misceladoro.com\/de\/#\/schema\/logo\/image\/","url":"https:\/\/www.misceladoro.com\/wp-content\/uploads\/2022\/10\/LogoMiscelaOro-logo.png","contentUrl":"https:\/\/www.misceladoro.com\/wp-content\/uploads\/2022\/10\/LogoMiscelaOro-logo.png","width":200,"height":120,"caption":"Miscela d'Oro"},"image":{"@id":"https:\/\/www.misceladoro.com\/de\/#\/schema\/logo\/image\/"},"sameAs":["https:\/\/www.facebook.com\/MDOSicilia1946","https:\/\/x.com\/miscela_doro","https:\/\/www.instagram.com\/misceladoro\/"]}]}},"_links":{"self":[{"href":"https:\/\/www.misceladoro.com\/de\/wp-json\/wp\/v2\/product\/16767","targetHints":{"allow":["GET"]}}],"collection":[{"href":"https:\/\/www.misceladoro.com\/de\/wp-json\/wp\/v2\/product"}],"about":[{"href":"https:\/\/www.misceladoro.com\/de\/wp-json\/wp\/v2\/types\/product"}],"wp:featuredmedia":[{"embeddable":true,"href":"https:\/\/www.misceladoro.com\/de\/wp-json\/wp\/v2\/media\/16775"}],"wp:attachment":[{"href":"https:\/\/www.misceladoro.com\/de\/wp-json\/wp\/v2\/media?parent=16767"}],"wp:term":[{"taxonomy":"product_brand","embeddable":true,"href":"https:\/\/www.misceladoro.com\/de\/wp-json\/wp\/v2\/product_brand?post=16767"},{"taxonomy":"product_cat","embeddable":true,"href":"https:\/\/www.misceladoro.com\/de\/wp-json\/wp\/v2\/product_cat?post=16767"},{"taxonomy":"product_tag","embeddable":true,"href":"https:\/\/www.misceladoro.com\/de\/wp-json\/wp\/v2\/product_tag?post=16767"}],"curies":[{"name":"wp","href":"https:\/\/api.w.org\/{rel}","templated":true}]}}