{"id":14608,"date":"2025-05-13T16:44:58","date_gmt":"2025-05-13T14:44:58","guid":{"rendered":"https:\/\/www.misceladoro.com\/prodotto\/tamperstation-kaffee-miscela-doro\/"},"modified":"2025-07-01T17:06:45","modified_gmt":"2025-07-01T15:06:45","slug":"tamperstation-kaffee-miscela-doro","status":"publish","type":"product","link":"https:\/\/www.misceladoro.com\/de\/produkt\/tamperstation-kaffee-miscela-doro\/","title":{"rendered":"Tamperstation f\u00fcr Kaffee aus Edelstahl von Miscela d&#8217;Oro"},"content":{"rendered":"","protected":false},"excerpt":{"rendered":"<p>Stabil, kompakt und elegant. Die Tampingstation Miscela d&#8217;Oro ist das ideale Zubeh\u00f6r, um Kaffee bequem, pr\u00e4zise und professionell zu tampfen und gleichzeitig f\u00fcr Ordnung und Sauberkeit auf der Arbeitsplatte zu sorgen.<\/p>\n","protected":false},"featured_media":11881,"template":"","meta":{"_acf_changed":false,"inline_featured_image":false},"product_brand":[],"product_cat":[749],"product_tag":[],"class_list":{"0":"post-14608","1":"product","2":"type-product","3":"status-publish","4":"has-post-thumbnail","6":"product_cat-kaffeemaschinen","8":"first","9":"outofstock","10":"taxable","11":"shipping-taxable","12":"purchasable","13":"product-type-simple"},"acf":[],"yoast_head":"<!-- This site is optimized with the Yoast SEO Premium plugin v26.7 (Yoast SEO v26.7) - https:\/\/yoast.com\/wordpress\/plugins\/seo\/ -->\n<title>Tamperstation Miscela d&#039;Oro f\u00fcr Kaffee aus Edelstahl<\/title>\n<meta name=\"description\" content=\"Tamperstation aus Edelstahl: rutschfest &amp; pr\u00e4zise. Kompatibel mit 58 mm Tampern. Ordnung &amp; Stabilit\u00e4t f\u00fcr Ihre Barista-Ecke.\" \/>\n<meta name=\"robots\" content=\"index, follow, max-snippet:-1, max-image-preview:large, max-video-preview:-1\" \/>\n<link rel=\"canonical\" href=\"https:\/\/www.misceladoro.com\/de\/produkt\/tamperstation-kaffee-miscela-doro\/\" \/>\n<meta property=\"og:locale\" content=\"de_DE\" \/>\n<meta property=\"og:type\" content=\"article\" \/>\n<meta property=\"og:title\" content=\"Tamperstation f\u00fcr Kaffee aus Edelstahl von Miscela d&#039;Oro\" \/>\n<meta property=\"og:description\" content=\"Tamperstation aus Edelstahl: rutschfest &amp; pr\u00e4zise. Kompatibel mit 58 mm Tampern. Ordnung &amp; Stabilit\u00e4t f\u00fcr Ihre Barista-Ecke.\" \/>\n<meta property=\"og:url\" content=\"https:\/\/www.misceladoro.com\/de\/produkt\/tamperstation-kaffee-miscela-doro\/\" \/>\n<meta property=\"og:site_name\" content=\"Miscela d&#039;Oro\" \/>\n<meta property=\"article:publisher\" content=\"https:\/\/www.facebook.com\/MDOSicilia1946\" \/>\n<meta property=\"article:modified_time\" content=\"2025-07-01T15:06:45+00:00\" \/>\n<meta property=\"og:image\" content=\"https:\/\/www.misceladoro.com\/wp-content\/uploads\/2025\/05\/porta-pressino.png\" \/>\n\t<meta property=\"og:image:width\" content=\"1112\" \/>\n\t<meta property=\"og:image:height\" content=\"1112\" \/>\n\t<meta property=\"og:image:type\" content=\"image\/png\" \/>\n<meta name=\"twitter:card\" content=\"summary_large_image\" \/>\n<meta name=\"twitter:site\" content=\"@miscela_doro\" \/>\n<meta name=\"twitter:label1\" content=\"Gesch\u00e4tzte Lesezeit\" \/>\n\t<meta name=\"twitter:data1\" content=\"1\u00a0Minute\" \/>\n<script type=\"application\/ld+json\" class=\"yoast-schema-graph\">{\"@context\":\"https:\/\/schema.org\",\"@graph\":[{\"@type\":\"WebPage\",\"@id\":\"https:\/\/www.misceladoro.com\/de\/produkt\/tamperstation-kaffee-miscela-doro\/\",\"url\":\"https:\/\/www.misceladoro.com\/de\/produkt\/tamperstation-kaffee-miscela-doro\/\",\"name\":\"Tamperstation Miscela d'Oro f\u00fcr Kaffee aus Edelstahl\",\"isPartOf\":{\"@id\":\"https:\/\/www.misceladoro.com\/de\/#website\"},\"primaryImageOfPage\":{\"@id\":\"https:\/\/www.misceladoro.com\/de\/produkt\/tamperstation-kaffee-miscela-doro\/#primaryimage\"},\"image\":{\"@id\":\"https:\/\/www.misceladoro.com\/de\/produkt\/tamperstation-kaffee-miscela-doro\/#primaryimage\"},\"thumbnailUrl\":\"https:\/\/www.misceladoro.com\/wp-content\/uploads\/2025\/05\/porta-pressino.png\",\"datePublished\":\"2025-05-13T14:44:58+00:00\",\"dateModified\":\"2025-07-01T15:06:45+00:00\",\"description\":\"Tamperstation aus Edelstahl: rutschfest & pr\u00e4zise. Kompatibel mit 58 mm Tampern. Ordnung & Stabilit\u00e4t f\u00fcr Ihre Barista-Ecke.\",\"breadcrumb\":{\"@id\":\"https:\/\/www.misceladoro.com\/de\/produkt\/tamperstation-kaffee-miscela-doro\/#breadcrumb\"},\"inLanguage\":\"de\",\"potentialAction\":[{\"@type\":\"ReadAction\",\"target\":[\"https:\/\/www.misceladoro.com\/de\/produkt\/tamperstation-kaffee-miscela-doro\/\"]}]},{\"@type\":\"ImageObject\",\"inLanguage\":\"de\",\"@id\":\"https:\/\/www.misceladoro.com\/de\/produkt\/tamperstation-kaffee-miscela-doro\/#primaryimage\",\"url\":\"https:\/\/www.misceladoro.com\/wp-content\/uploads\/2025\/05\/porta-pressino.png\",\"contentUrl\":\"https:\/\/www.misceladoro.com\/wp-content\/uploads\/2025\/05\/porta-pressino.png\",\"width\":1112,\"height\":1112},{\"@type\":\"BreadcrumbList\",\"@id\":\"https:\/\/www.misceladoro.com\/de\/produkt\/tamperstation-kaffee-miscela-doro\/#breadcrumb\",\"itemListElement\":[{\"@type\":\"ListItem\",\"position\":1,\"name\":\"Home\",\"item\":\"https:\/\/www.misceladoro.com\/de\/\"},{\"@type\":\"ListItem\",\"position\":2,\"name\":\"Shop\",\"item\":\"https:\/\/www.misceladoro.com\/de\/shop\/\"},{\"@type\":\"ListItem\",\"position\":3,\"name\":\"Kaffeemaschinen\",\"item\":\"https:\/\/www.misceladoro.com\/de\/kaffeemaschinen\/\"},{\"@type\":\"ListItem\",\"position\":4,\"name\":\"Tamperstation f\u00fcr Kaffee aus Edelstahl von Miscela d&#8217;Oro\"}]},{\"@type\":\"WebSite\",\"@id\":\"https:\/\/www.misceladoro.com\/de\/#website\",\"url\":\"https:\/\/www.misceladoro.com\/de\/\",\"name\":\"Miscela d'Oro\",\"description\":\"Artigiani del caff\u00e8 dal 1946\",\"publisher\":{\"@id\":\"https:\/\/www.misceladoro.com\/de\/#organization\"},\"potentialAction\":[{\"@type\":\"SearchAction\",\"target\":{\"@type\":\"EntryPoint\",\"urlTemplate\":\"https:\/\/www.misceladoro.com\/de\/?s={search_term_string}\"},\"query-input\":{\"@type\":\"PropertyValueSpecification\",\"valueRequired\":true,\"valueName\":\"search_term_string\"}}],\"inLanguage\":\"de\"},{\"@type\":\"Organization\",\"@id\":\"https:\/\/www.misceladoro.com\/de\/#organization\",\"name\":\"Miscela d'Oro\",\"url\":\"https:\/\/www.misceladoro.com\/de\/\",\"logo\":{\"@type\":\"ImageObject\",\"inLanguage\":\"de\",\"@id\":\"https:\/\/www.misceladoro.com\/de\/#\/schema\/logo\/image\/\",\"url\":\"https:\/\/www.misceladoro.com\/wp-content\/uploads\/2022\/10\/LogoMiscelaOro-logo.png\",\"contentUrl\":\"https:\/\/www.misceladoro.com\/wp-content\/uploads\/2022\/10\/LogoMiscelaOro-logo.png\",\"width\":200,\"height\":120,\"caption\":\"Miscela d'Oro\"},\"image\":{\"@id\":\"https:\/\/www.misceladoro.com\/de\/#\/schema\/logo\/image\/\"},\"sameAs\":[\"https:\/\/www.facebook.com\/MDOSicilia1946\",\"https:\/\/x.com\/miscela_doro\",\"https:\/\/www.instagram.com\/misceladoro\/\"]}]}<\/script>\n<!-- \/ Yoast SEO Premium plugin. -->","yoast_head_json":{"title":"Tamperstation Miscela d'Oro f\u00fcr Kaffee aus Edelstahl","description":"Tamperstation aus Edelstahl: rutschfest & pr\u00e4zise. Kompatibel mit 58 mm Tampern. Ordnung & Stabilit\u00e4t f\u00fcr Ihre Barista-Ecke.","robots":{"index":"index","follow":"follow","max-snippet":"max-snippet:-1","max-image-preview":"max-image-preview:large","max-video-preview":"max-video-preview:-1"},"canonical":"https:\/\/www.misceladoro.com\/de\/produkt\/tamperstation-kaffee-miscela-doro\/","og_locale":"de_DE","og_type":"article","og_title":"Tamperstation f\u00fcr Kaffee aus Edelstahl von Miscela d'Oro","og_description":"Tamperstation aus Edelstahl: rutschfest & pr\u00e4zise. Kompatibel mit 58 mm Tampern. Ordnung & Stabilit\u00e4t f\u00fcr Ihre Barista-Ecke.","og_url":"https:\/\/www.misceladoro.com\/de\/produkt\/tamperstation-kaffee-miscela-doro\/","og_site_name":"Miscela d&#039;Oro","article_publisher":"https:\/\/www.facebook.com\/MDOSicilia1946","article_modified_time":"2025-07-01T15:06:45+00:00","og_image":[{"width":1112,"height":1112,"url":"https:\/\/www.misceladoro.com\/wp-content\/uploads\/2025\/05\/porta-pressino.png","type":"image\/png"}],"twitter_card":"summary_large_image","twitter_site":"@miscela_doro","twitter_misc":{"Gesch\u00e4tzte Lesezeit":"1\u00a0Minute"},"schema":{"@context":"https:\/\/schema.org","@graph":[{"@type":"WebPage","@id":"https:\/\/www.misceladoro.com\/de\/produkt\/tamperstation-kaffee-miscela-doro\/","url":"https:\/\/www.misceladoro.com\/de\/produkt\/tamperstation-kaffee-miscela-doro\/","name":"Tamperstation Miscela d'Oro f\u00fcr Kaffee aus Edelstahl","isPartOf":{"@id":"https:\/\/www.misceladoro.com\/de\/#website"},"primaryImageOfPage":{"@id":"https:\/\/www.misceladoro.com\/de\/produkt\/tamperstation-kaffee-miscela-doro\/#primaryimage"},"image":{"@id":"https:\/\/www.misceladoro.com\/de\/produkt\/tamperstation-kaffee-miscela-doro\/#primaryimage"},"thumbnailUrl":"https:\/\/www.misceladoro.com\/wp-content\/uploads\/2025\/05\/porta-pressino.png","datePublished":"2025-05-13T14:44:58+00:00","dateModified":"2025-07-01T15:06:45+00:00","description":"Tamperstation aus Edelstahl: rutschfest & pr\u00e4zise. Kompatibel mit 58 mm Tampern. Ordnung & Stabilit\u00e4t f\u00fcr Ihre Barista-Ecke.","breadcrumb":{"@id":"https:\/\/www.misceladoro.com\/de\/produkt\/tamperstation-kaffee-miscela-doro\/#breadcrumb"},"inLanguage":"de","potentialAction":[{"@type":"ReadAction","target":["https:\/\/www.misceladoro.com\/de\/produkt\/tamperstation-kaffee-miscela-doro\/"]}]},{"@type":"ImageObject","inLanguage":"de","@id":"https:\/\/www.misceladoro.com\/de\/produkt\/tamperstation-kaffee-miscela-doro\/#primaryimage","url":"https:\/\/www.misceladoro.com\/wp-content\/uploads\/2025\/05\/porta-pressino.png","contentUrl":"https:\/\/www.misceladoro.com\/wp-content\/uploads\/2025\/05\/porta-pressino.png","width":1112,"height":1112},{"@type":"BreadcrumbList","@id":"https:\/\/www.misceladoro.com\/de\/produkt\/tamperstation-kaffee-miscela-doro\/#breadcrumb","itemListElement":[{"@type":"ListItem","position":1,"name":"Home","item":"https:\/\/www.misceladoro.com\/de\/"},{"@type":"ListItem","position":2,"name":"Shop","item":"https:\/\/www.misceladoro.com\/de\/shop\/"},{"@type":"ListItem","position":3,"name":"Kaffeemaschinen","item":"https:\/\/www.misceladoro.com\/de\/kaffeemaschinen\/"},{"@type":"ListItem","position":4,"name":"Tamperstation f\u00fcr Kaffee aus Edelstahl von Miscela d&#8217;Oro"}]},{"@type":"WebSite","@id":"https:\/\/www.misceladoro.com\/de\/#website","url":"https:\/\/www.misceladoro.com\/de\/","name":"Miscela d'Oro","description":"Artigiani del caff\u00e8 dal 1946","publisher":{"@id":"https:\/\/www.misceladoro.com\/de\/#organization"},"potentialAction":[{"@type":"SearchAction","target":{"@type":"EntryPoint","urlTemplate":"https:\/\/www.misceladoro.com\/de\/?s={search_term_string}"},"query-input":{"@type":"PropertyValueSpecification","valueRequired":true,"valueName":"search_term_string"}}],"inLanguage":"de"},{"@type":"Organization","@id":"https:\/\/www.misceladoro.com\/de\/#organization","name":"Miscela d'Oro","url":"https:\/\/www.misceladoro.com\/de\/","logo":{"@type":"ImageObject","inLanguage":"de","@id":"https:\/\/www.misceladoro.com\/de\/#\/schema\/logo\/image\/","url":"https:\/\/www.misceladoro.com\/wp-content\/uploads\/2022\/10\/LogoMiscelaOro-logo.png","contentUrl":"https:\/\/www.misceladoro.com\/wp-content\/uploads\/2022\/10\/LogoMiscelaOro-logo.png","width":200,"height":120,"caption":"Miscela d'Oro"},"image":{"@id":"https:\/\/www.misceladoro.com\/de\/#\/schema\/logo\/image\/"},"sameAs":["https:\/\/www.facebook.com\/MDOSicilia1946","https:\/\/x.com\/miscela_doro","https:\/\/www.instagram.com\/misceladoro\/"]}]}},"_links":{"self":[{"href":"https:\/\/www.misceladoro.com\/de\/wp-json\/wp\/v2\/product\/14608","targetHints":{"allow":["GET"]}}],"collection":[{"href":"https:\/\/www.misceladoro.com\/de\/wp-json\/wp\/v2\/product"}],"about":[{"href":"https:\/\/www.misceladoro.com\/de\/wp-json\/wp\/v2\/types\/product"}],"wp:featuredmedia":[{"embeddable":true,"href":"https:\/\/www.misceladoro.com\/de\/wp-json\/wp\/v2\/media\/11881"}],"wp:attachment":[{"href":"https:\/\/www.misceladoro.com\/de\/wp-json\/wp\/v2\/media?parent=14608"}],"wp:term":[{"taxonomy":"product_brand","embeddable":true,"href":"https:\/\/www.misceladoro.com\/de\/wp-json\/wp\/v2\/product_brand?post=14608"},{"taxonomy":"product_cat","embeddable":true,"href":"https:\/\/www.misceladoro.com\/de\/wp-json\/wp\/v2\/product_cat?post=14608"},{"taxonomy":"product_tag","embeddable":true,"href":"https:\/\/www.misceladoro.com\/de\/wp-json\/wp\/v2\/product_tag?post=14608"}],"curies":[{"name":"wp","href":"https:\/\/api.w.org\/{rel}","templated":true}]}}