{"id":14568,"date":"2022-12-18T18:28:23","date_gmt":"2022-12-18T17:28:23","guid":{"rendered":"https:\/\/www.misceladoro.com\/prodotto\/italienisches-kakaopulver-voglianera\/"},"modified":"2025-07-01T12:49:32","modified_gmt":"2025-07-01T10:49:32","slug":"italienisches-kakaopulver-voglianera","status":"publish","type":"product","link":"https:\/\/www.misceladoro.com\/de\/produkt\/italienisches-kakaopulver-voglianera\/","title":{"rendered":"Voglianera \u2013 Italienisches Kakaopulver 500g"},"content":{"rendered":"","protected":false},"excerpt":{"rendered":"<div class=\"page\" title=\"Seite 1\">\n<div class=\"layoutArea\">\n<div class=\"column\">\n<p>Zubereitung f\u00fcr dicke Schokolade in der Tasse.<\/p>\n<p><strong>500-g-Dose<\/strong><\/p>\n<\/div>\n<\/div>\n<\/div>\n","protected":false},"featured_media":11773,"template":"","meta":{"_acf_changed":false,"inline_featured_image":false},"product_brand":[],"product_cat":[743],"product_tag":[],"class_list":{"0":"post-14568","1":"product","2":"type-product","3":"status-publish","4":"has-post-thumbnail","6":"product_cat-tee-getraenke","8":"first","9":"instock","10":"taxable","11":"shipping-taxable","12":"purchasable","13":"product-type-simple"},"acf":[],"yoast_head":"<!-- This site is optimized with the Yoast SEO Premium plugin v26.7 (Yoast SEO v26.7) - https:\/\/yoast.com\/wordpress\/plugins\/seo\/ -->\n<title>Voglianera: 500g italienisches Kakaopulver | Miscela d&#039;Oro<\/title>\n<meta name=\"description\" content=\"Voglianera: italienisches Kakaopulver mit 40 % Kakaoanteil. F\u00fcr hei\u00dfe Schokolade, Desserts &amp; Getr\u00e4nke. Intensiv &amp; edel!\" \/>\n<meta name=\"robots\" content=\"index, follow, max-snippet:-1, max-image-preview:large, max-video-preview:-1\" \/>\n<link rel=\"canonical\" href=\"https:\/\/www.misceladoro.com\/de\/produkt\/italienisches-kakaopulver-voglianera\/\" \/>\n<meta property=\"og:locale\" content=\"de_DE\" \/>\n<meta property=\"og:type\" content=\"article\" \/>\n<meta property=\"og:title\" content=\"Voglianera \u2013 Italienisches Kakaopulver 500g\" \/>\n<meta property=\"og:description\" content=\"Voglianera: italienisches Kakaopulver mit 40 % Kakaoanteil. F\u00fcr hei\u00dfe Schokolade, Desserts &amp; Getr\u00e4nke. Intensiv &amp; edel!\" \/>\n<meta property=\"og:url\" content=\"https:\/\/www.misceladoro.com\/de\/produkt\/italienisches-kakaopulver-voglianera\/\" \/>\n<meta property=\"og:site_name\" content=\"Miscela d&#039;Oro\" \/>\n<meta property=\"article:publisher\" content=\"https:\/\/www.facebook.com\/MDOSicilia1946\" \/>\n<meta property=\"article:modified_time\" content=\"2025-07-01T10:49:32+00:00\" \/>\n<meta property=\"og:image\" content=\"https:\/\/www.misceladoro.com\/wp-content\/uploads\/2022\/12\/cioccolata-calda.png\" \/>\n\t<meta property=\"og:image:width\" content=\"1080\" \/>\n\t<meta property=\"og:image:height\" content=\"1350\" \/>\n\t<meta property=\"og:image:type\" content=\"image\/png\" \/>\n<meta name=\"twitter:card\" content=\"summary_large_image\" \/>\n<meta name=\"twitter:site\" content=\"@miscela_doro\" \/>\n<meta name=\"twitter:label1\" content=\"Gesch\u00e4tzte Lesezeit\" \/>\n\t<meta name=\"twitter:data1\" content=\"1\u00a0Minute\" \/>\n<script type=\"application\/ld+json\" class=\"yoast-schema-graph\">{\"@context\":\"https:\/\/schema.org\",\"@graph\":[{\"@type\":\"WebPage\",\"@id\":\"https:\/\/www.misceladoro.com\/de\/produkt\/italienisches-kakaopulver-voglianera\/\",\"url\":\"https:\/\/www.misceladoro.com\/de\/produkt\/italienisches-kakaopulver-voglianera\/\",\"name\":\"Voglianera: 500g italienisches Kakaopulver | Miscela d&#039;Oro\",\"isPartOf\":{\"@id\":\"https:\/\/www.misceladoro.com\/de\/#website\"},\"primaryImageOfPage\":{\"@id\":\"https:\/\/www.misceladoro.com\/de\/produkt\/italienisches-kakaopulver-voglianera\/#primaryimage\"},\"image\":{\"@id\":\"https:\/\/www.misceladoro.com\/de\/produkt\/italienisches-kakaopulver-voglianera\/#primaryimage\"},\"thumbnailUrl\":\"https:\/\/www.misceladoro.com\/wp-content\/uploads\/2022\/12\/cioccolata-calda.png\",\"datePublished\":\"2022-12-18T17:28:23+00:00\",\"dateModified\":\"2025-07-01T10:49:32+00:00\",\"description\":\"Voglianera: italienisches Kakaopulver mit 40 % Kakaoanteil. F\u00fcr hei\u00dfe Schokolade, Desserts & Getr\u00e4nke. Intensiv & edel!\",\"breadcrumb\":{\"@id\":\"https:\/\/www.misceladoro.com\/de\/produkt\/italienisches-kakaopulver-voglianera\/#breadcrumb\"},\"inLanguage\":\"de\",\"potentialAction\":[{\"@type\":\"ReadAction\",\"target\":[\"https:\/\/www.misceladoro.com\/de\/produkt\/italienisches-kakaopulver-voglianera\/\"]}]},{\"@type\":\"ImageObject\",\"inLanguage\":\"de\",\"@id\":\"https:\/\/www.misceladoro.com\/de\/produkt\/italienisches-kakaopulver-voglianera\/#primaryimage\",\"url\":\"https:\/\/www.misceladoro.com\/wp-content\/uploads\/2022\/12\/cioccolata-calda.png\",\"contentUrl\":\"https:\/\/www.misceladoro.com\/wp-content\/uploads\/2022\/12\/cioccolata-calda.png\",\"width\":1080,\"height\":1350,\"caption\":\"|\"},{\"@type\":\"BreadcrumbList\",\"@id\":\"https:\/\/www.misceladoro.com\/de\/produkt\/italienisches-kakaopulver-voglianera\/#breadcrumb\",\"itemListElement\":[{\"@type\":\"ListItem\",\"position\":1,\"name\":\"Home\",\"item\":\"https:\/\/www.misceladoro.com\/de\/\"},{\"@type\":\"ListItem\",\"position\":2,\"name\":\"Shop\",\"item\":\"https:\/\/www.misceladoro.com\/de\/shop\/\"},{\"@type\":\"ListItem\",\"position\":3,\"name\":\"Tee und getr\u00e4nke\",\"item\":\"https:\/\/www.misceladoro.com\/de\/tee-getraenke\/\"},{\"@type\":\"ListItem\",\"position\":4,\"name\":\"Voglianera \u2013 Italienisches Kakaopulver 500g\"}]},{\"@type\":\"WebSite\",\"@id\":\"https:\/\/www.misceladoro.com\/de\/#website\",\"url\":\"https:\/\/www.misceladoro.com\/de\/\",\"name\":\"Miscela d'Oro\",\"description\":\"Artigiani del caff\u00e8 dal 1946\",\"publisher\":{\"@id\":\"https:\/\/www.misceladoro.com\/de\/#organization\"},\"potentialAction\":[{\"@type\":\"SearchAction\",\"target\":{\"@type\":\"EntryPoint\",\"urlTemplate\":\"https:\/\/www.misceladoro.com\/de\/?s={search_term_string}\"},\"query-input\":{\"@type\":\"PropertyValueSpecification\",\"valueRequired\":true,\"valueName\":\"search_term_string\"}}],\"inLanguage\":\"de\"},{\"@type\":\"Organization\",\"@id\":\"https:\/\/www.misceladoro.com\/de\/#organization\",\"name\":\"Miscela d'Oro\",\"url\":\"https:\/\/www.misceladoro.com\/de\/\",\"logo\":{\"@type\":\"ImageObject\",\"inLanguage\":\"de\",\"@id\":\"https:\/\/www.misceladoro.com\/de\/#\/schema\/logo\/image\/\",\"url\":\"https:\/\/www.misceladoro.com\/wp-content\/uploads\/2022\/10\/LogoMiscelaOro-logo.png\",\"contentUrl\":\"https:\/\/www.misceladoro.com\/wp-content\/uploads\/2022\/10\/LogoMiscelaOro-logo.png\",\"width\":200,\"height\":120,\"caption\":\"Miscela d'Oro\"},\"image\":{\"@id\":\"https:\/\/www.misceladoro.com\/de\/#\/schema\/logo\/image\/\"},\"sameAs\":[\"https:\/\/www.facebook.com\/MDOSicilia1946\",\"https:\/\/x.com\/miscela_doro\",\"https:\/\/www.instagram.com\/misceladoro\/\"]}]}<\/script>\n<!-- \/ Yoast SEO Premium plugin. -->","yoast_head_json":{"title":"Voglianera: 500g italienisches Kakaopulver | Miscela d&#039;Oro","description":"Voglianera: italienisches Kakaopulver mit 40 % Kakaoanteil. F\u00fcr hei\u00dfe Schokolade, Desserts & Getr\u00e4nke. Intensiv & edel!","robots":{"index":"index","follow":"follow","max-snippet":"max-snippet:-1","max-image-preview":"max-image-preview:large","max-video-preview":"max-video-preview:-1"},"canonical":"https:\/\/www.misceladoro.com\/de\/produkt\/italienisches-kakaopulver-voglianera\/","og_locale":"de_DE","og_type":"article","og_title":"Voglianera \u2013 Italienisches Kakaopulver 500g","og_description":"Voglianera: italienisches Kakaopulver mit 40 % Kakaoanteil. F\u00fcr hei\u00dfe Schokolade, Desserts & Getr\u00e4nke. Intensiv & edel!","og_url":"https:\/\/www.misceladoro.com\/de\/produkt\/italienisches-kakaopulver-voglianera\/","og_site_name":"Miscela d&#039;Oro","article_publisher":"https:\/\/www.facebook.com\/MDOSicilia1946","article_modified_time":"2025-07-01T10:49:32+00:00","og_image":[{"width":1080,"height":1350,"url":"https:\/\/www.misceladoro.com\/wp-content\/uploads\/2022\/12\/cioccolata-calda.png","type":"image\/png"}],"twitter_card":"summary_large_image","twitter_site":"@miscela_doro","twitter_misc":{"Gesch\u00e4tzte Lesezeit":"1\u00a0Minute"},"schema":{"@context":"https:\/\/schema.org","@graph":[{"@type":"WebPage","@id":"https:\/\/www.misceladoro.com\/de\/produkt\/italienisches-kakaopulver-voglianera\/","url":"https:\/\/www.misceladoro.com\/de\/produkt\/italienisches-kakaopulver-voglianera\/","name":"Voglianera: 500g italienisches Kakaopulver | Miscela d&#039;Oro","isPartOf":{"@id":"https:\/\/www.misceladoro.com\/de\/#website"},"primaryImageOfPage":{"@id":"https:\/\/www.misceladoro.com\/de\/produkt\/italienisches-kakaopulver-voglianera\/#primaryimage"},"image":{"@id":"https:\/\/www.misceladoro.com\/de\/produkt\/italienisches-kakaopulver-voglianera\/#primaryimage"},"thumbnailUrl":"https:\/\/www.misceladoro.com\/wp-content\/uploads\/2022\/12\/cioccolata-calda.png","datePublished":"2022-12-18T17:28:23+00:00","dateModified":"2025-07-01T10:49:32+00:00","description":"Voglianera: italienisches Kakaopulver mit 40 % Kakaoanteil. F\u00fcr hei\u00dfe Schokolade, Desserts & Getr\u00e4nke. Intensiv & edel!","breadcrumb":{"@id":"https:\/\/www.misceladoro.com\/de\/produkt\/italienisches-kakaopulver-voglianera\/#breadcrumb"},"inLanguage":"de","potentialAction":[{"@type":"ReadAction","target":["https:\/\/www.misceladoro.com\/de\/produkt\/italienisches-kakaopulver-voglianera\/"]}]},{"@type":"ImageObject","inLanguage":"de","@id":"https:\/\/www.misceladoro.com\/de\/produkt\/italienisches-kakaopulver-voglianera\/#primaryimage","url":"https:\/\/www.misceladoro.com\/wp-content\/uploads\/2022\/12\/cioccolata-calda.png","contentUrl":"https:\/\/www.misceladoro.com\/wp-content\/uploads\/2022\/12\/cioccolata-calda.png","width":1080,"height":1350,"caption":"|"},{"@type":"BreadcrumbList","@id":"https:\/\/www.misceladoro.com\/de\/produkt\/italienisches-kakaopulver-voglianera\/#breadcrumb","itemListElement":[{"@type":"ListItem","position":1,"name":"Home","item":"https:\/\/www.misceladoro.com\/de\/"},{"@type":"ListItem","position":2,"name":"Shop","item":"https:\/\/www.misceladoro.com\/de\/shop\/"},{"@type":"ListItem","position":3,"name":"Tee und getr\u00e4nke","item":"https:\/\/www.misceladoro.com\/de\/tee-getraenke\/"},{"@type":"ListItem","position":4,"name":"Voglianera \u2013 Italienisches Kakaopulver 500g"}]},{"@type":"WebSite","@id":"https:\/\/www.misceladoro.com\/de\/#website","url":"https:\/\/www.misceladoro.com\/de\/","name":"Miscela d'Oro","description":"Artigiani del caff\u00e8 dal 1946","publisher":{"@id":"https:\/\/www.misceladoro.com\/de\/#organization"},"potentialAction":[{"@type":"SearchAction","target":{"@type":"EntryPoint","urlTemplate":"https:\/\/www.misceladoro.com\/de\/?s={search_term_string}"},"query-input":{"@type":"PropertyValueSpecification","valueRequired":true,"valueName":"search_term_string"}}],"inLanguage":"de"},{"@type":"Organization","@id":"https:\/\/www.misceladoro.com\/de\/#organization","name":"Miscela d'Oro","url":"https:\/\/www.misceladoro.com\/de\/","logo":{"@type":"ImageObject","inLanguage":"de","@id":"https:\/\/www.misceladoro.com\/de\/#\/schema\/logo\/image\/","url":"https:\/\/www.misceladoro.com\/wp-content\/uploads\/2022\/10\/LogoMiscelaOro-logo.png","contentUrl":"https:\/\/www.misceladoro.com\/wp-content\/uploads\/2022\/10\/LogoMiscelaOro-logo.png","width":200,"height":120,"caption":"Miscela d'Oro"},"image":{"@id":"https:\/\/www.misceladoro.com\/de\/#\/schema\/logo\/image\/"},"sameAs":["https:\/\/www.facebook.com\/MDOSicilia1946","https:\/\/x.com\/miscela_doro","https:\/\/www.instagram.com\/misceladoro\/"]}]}},"_links":{"self":[{"href":"https:\/\/www.misceladoro.com\/de\/wp-json\/wp\/v2\/product\/14568","targetHints":{"allow":["GET"]}}],"collection":[{"href":"https:\/\/www.misceladoro.com\/de\/wp-json\/wp\/v2\/product"}],"about":[{"href":"https:\/\/www.misceladoro.com\/de\/wp-json\/wp\/v2\/types\/product"}],"wp:featuredmedia":[{"embeddable":true,"href":"https:\/\/www.misceladoro.com\/de\/wp-json\/wp\/v2\/media\/11773"}],"wp:attachment":[{"href":"https:\/\/www.misceladoro.com\/de\/wp-json\/wp\/v2\/media?parent=14568"}],"wp:term":[{"taxonomy":"product_brand","embeddable":true,"href":"https:\/\/www.misceladoro.com\/de\/wp-json\/wp\/v2\/product_brand?post=14568"},{"taxonomy":"product_cat","embeddable":true,"href":"https:\/\/www.misceladoro.com\/de\/wp-json\/wp\/v2\/product_cat?post=14568"},{"taxonomy":"product_tag","embeddable":true,"href":"https:\/\/www.misceladoro.com\/de\/wp-json\/wp\/v2\/product_tag?post=14568"}],"curies":[{"name":"wp","href":"https:\/\/api.w.org\/{rel}","templated":true}]}}