{"id":14564,"date":"2023-01-15T19:14:08","date_gmt":"2023-01-15T18:14:08","guid":{"rendered":"https:\/\/www.misceladoro.com\/prodotto\/cappuccino-tassen\/"},"modified":"2025-07-01T16:31:56","modified_gmt":"2025-07-01T14:31:56","slug":"cappuccino-tassen","status":"publish","type":"product","link":"https:\/\/www.misceladoro.com\/de\/produkt\/cappuccino-tassen\/","title":{"rendered":"Set mit 6 Cappuccino-Tassen von Miscela D&#8217;Oro"},"content":{"rendered":"","protected":false},"excerpt":{"rendered":"<p>6 Tassen pro Packung<\/p>\n","protected":false},"featured_media":10767,"template":"","meta":{"_acf_changed":false,"inline_featured_image":false},"product_brand":[],"product_cat":[747],"product_tag":[],"class_list":{"0":"post-14564","1":"product","2":"type-product","3":"status-publish","4":"has-post-thumbnail","6":"product_cat-tassen-accessoires","8":"first","9":"instock","10":"taxable","11":"shipping-taxable","12":"purchasable","13":"product-type-simple"},"acf":[],"yoast_head":"<!-- This site is optimized with the Yoast SEO Premium plugin v26.7 (Yoast SEO v26.7) - https:\/\/yoast.com\/wordpress\/plugins\/seo\/ -->\n<title>Miscela d&#039;Oro Italienische Cappuccino Tassen - 6er-Set<\/title>\n<meta name=\"description\" content=\"Cappuccino-Tassen 6er-Set von Miscela d\u2019Oro: elegante Form &amp; ideale Gr\u00f6\u00dfe. F\u00fcr perfekten Milchschaum &amp; cremigen Genuss!\" \/>\n<meta name=\"robots\" content=\"index, follow, max-snippet:-1, max-image-preview:large, max-video-preview:-1\" \/>\n<link rel=\"canonical\" href=\"https:\/\/www.misceladoro.com\/de\/produkt\/cappuccino-tassen\/\" \/>\n<meta property=\"og:locale\" content=\"de_DE\" \/>\n<meta property=\"og:type\" content=\"article\" \/>\n<meta property=\"og:title\" content=\"Set mit 6 Cappuccino-Tassen von Miscela D&#039;Oro\" \/>\n<meta property=\"og:description\" content=\"Cappuccino-Tassen 6er-Set von Miscela d\u2019Oro: elegante Form &amp; ideale Gr\u00f6\u00dfe. F\u00fcr perfekten Milchschaum &amp; cremigen Genuss!\" \/>\n<meta property=\"og:url\" content=\"https:\/\/www.misceladoro.com\/de\/produkt\/cappuccino-tassen\/\" \/>\n<meta property=\"og:site_name\" content=\"Miscela d&#039;Oro\" \/>\n<meta property=\"article:publisher\" content=\"https:\/\/www.facebook.com\/MDOSicilia1946\" \/>\n<meta property=\"article:modified_time\" content=\"2025-07-01T14:31:56+00:00\" \/>\n<meta property=\"og:image\" content=\"https:\/\/www.misceladoro.com\/wp-content\/uploads\/2023\/01\/cappuccino_frontale.png\" \/>\n\t<meta property=\"og:image:width\" content=\"941\" \/>\n\t<meta property=\"og:image:height\" content=\"941\" \/>\n\t<meta property=\"og:image:type\" content=\"image\/png\" \/>\n<meta name=\"twitter:card\" content=\"summary_large_image\" \/>\n<meta name=\"twitter:site\" content=\"@miscela_doro\" \/>\n<meta name=\"twitter:label1\" content=\"Gesch\u00e4tzte Lesezeit\" \/>\n\t<meta name=\"twitter:data1\" content=\"1\u00a0Minute\" \/>\n<script type=\"application\/ld+json\" class=\"yoast-schema-graph\">{\"@context\":\"https:\/\/schema.org\",\"@graph\":[{\"@type\":\"WebPage\",\"@id\":\"https:\/\/www.misceladoro.com\/de\/produkt\/cappuccino-tassen\/\",\"url\":\"https:\/\/www.misceladoro.com\/de\/produkt\/cappuccino-tassen\/\",\"name\":\"Miscela d'Oro Italienische Cappuccino Tassen - 6er-Set\",\"isPartOf\":{\"@id\":\"https:\/\/www.misceladoro.com\/de\/#website\"},\"primaryImageOfPage\":{\"@id\":\"https:\/\/www.misceladoro.com\/de\/produkt\/cappuccino-tassen\/#primaryimage\"},\"image\":{\"@id\":\"https:\/\/www.misceladoro.com\/de\/produkt\/cappuccino-tassen\/#primaryimage\"},\"thumbnailUrl\":\"https:\/\/www.misceladoro.com\/wp-content\/uploads\/2023\/01\/cappuccino_frontale.png\",\"datePublished\":\"2023-01-15T18:14:08+00:00\",\"dateModified\":\"2025-07-01T14:31:56+00:00\",\"description\":\"Cappuccino-Tassen 6er-Set von Miscela d\u2019Oro: elegante Form & ideale Gr\u00f6\u00dfe. F\u00fcr perfekten Milchschaum & cremigen Genuss!\",\"breadcrumb\":{\"@id\":\"https:\/\/www.misceladoro.com\/de\/produkt\/cappuccino-tassen\/#breadcrumb\"},\"inLanguage\":\"de\",\"potentialAction\":[{\"@type\":\"ReadAction\",\"target\":[\"https:\/\/www.misceladoro.com\/de\/produkt\/cappuccino-tassen\/\"]}]},{\"@type\":\"ImageObject\",\"inLanguage\":\"de\",\"@id\":\"https:\/\/www.misceladoro.com\/de\/produkt\/cappuccino-tassen\/#primaryimage\",\"url\":\"https:\/\/www.misceladoro.com\/wp-content\/uploads\/2023\/01\/cappuccino_frontale.png\",\"contentUrl\":\"https:\/\/www.misceladoro.com\/wp-content\/uploads\/2023\/01\/cappuccino_frontale.png\",\"width\":941,\"height\":941,\"caption\":\"||\"},{\"@type\":\"BreadcrumbList\",\"@id\":\"https:\/\/www.misceladoro.com\/de\/produkt\/cappuccino-tassen\/#breadcrumb\",\"itemListElement\":[{\"@type\":\"ListItem\",\"position\":1,\"name\":\"Home\",\"item\":\"https:\/\/www.misceladoro.com\/de\/\"},{\"@type\":\"ListItem\",\"position\":2,\"name\":\"Shop\",\"item\":\"https:\/\/www.misceladoro.com\/de\/shop\/\"},{\"@type\":\"ListItem\",\"position\":3,\"name\":\"Tassen und accessoires\",\"item\":\"https:\/\/www.misceladoro.com\/de\/tassen-accessoires\/\"},{\"@type\":\"ListItem\",\"position\":4,\"name\":\"Set mit 6 Cappuccino-Tassen von Miscela D&#8217;Oro\"}]},{\"@type\":\"WebSite\",\"@id\":\"https:\/\/www.misceladoro.com\/de\/#website\",\"url\":\"https:\/\/www.misceladoro.com\/de\/\",\"name\":\"Miscela d'Oro\",\"description\":\"Artigiani del caff\u00e8 dal 1946\",\"publisher\":{\"@id\":\"https:\/\/www.misceladoro.com\/de\/#organization\"},\"potentialAction\":[{\"@type\":\"SearchAction\",\"target\":{\"@type\":\"EntryPoint\",\"urlTemplate\":\"https:\/\/www.misceladoro.com\/de\/?s={search_term_string}\"},\"query-input\":{\"@type\":\"PropertyValueSpecification\",\"valueRequired\":true,\"valueName\":\"search_term_string\"}}],\"inLanguage\":\"de\"},{\"@type\":\"Organization\",\"@id\":\"https:\/\/www.misceladoro.com\/de\/#organization\",\"name\":\"Miscela d'Oro\",\"url\":\"https:\/\/www.misceladoro.com\/de\/\",\"logo\":{\"@type\":\"ImageObject\",\"inLanguage\":\"de\",\"@id\":\"https:\/\/www.misceladoro.com\/de\/#\/schema\/logo\/image\/\",\"url\":\"https:\/\/www.misceladoro.com\/wp-content\/uploads\/2022\/10\/LogoMiscelaOro-logo.png\",\"contentUrl\":\"https:\/\/www.misceladoro.com\/wp-content\/uploads\/2022\/10\/LogoMiscelaOro-logo.png\",\"width\":200,\"height\":120,\"caption\":\"Miscela d'Oro\"},\"image\":{\"@id\":\"https:\/\/www.misceladoro.com\/de\/#\/schema\/logo\/image\/\"},\"sameAs\":[\"https:\/\/www.facebook.com\/MDOSicilia1946\",\"https:\/\/x.com\/miscela_doro\",\"https:\/\/www.instagram.com\/misceladoro\/\"]}]}<\/script>\n<!-- \/ Yoast SEO Premium plugin. -->","yoast_head_json":{"title":"Miscela d'Oro Italienische Cappuccino Tassen - 6er-Set","description":"Cappuccino-Tassen 6er-Set von Miscela d\u2019Oro: elegante Form & ideale Gr\u00f6\u00dfe. F\u00fcr perfekten Milchschaum & cremigen Genuss!","robots":{"index":"index","follow":"follow","max-snippet":"max-snippet:-1","max-image-preview":"max-image-preview:large","max-video-preview":"max-video-preview:-1"},"canonical":"https:\/\/www.misceladoro.com\/de\/produkt\/cappuccino-tassen\/","og_locale":"de_DE","og_type":"article","og_title":"Set mit 6 Cappuccino-Tassen von Miscela D'Oro","og_description":"Cappuccino-Tassen 6er-Set von Miscela d\u2019Oro: elegante Form & ideale Gr\u00f6\u00dfe. F\u00fcr perfekten Milchschaum & cremigen Genuss!","og_url":"https:\/\/www.misceladoro.com\/de\/produkt\/cappuccino-tassen\/","og_site_name":"Miscela d&#039;Oro","article_publisher":"https:\/\/www.facebook.com\/MDOSicilia1946","article_modified_time":"2025-07-01T14:31:56+00:00","og_image":[{"width":941,"height":941,"url":"https:\/\/www.misceladoro.com\/wp-content\/uploads\/2023\/01\/cappuccino_frontale.png","type":"image\/png"}],"twitter_card":"summary_large_image","twitter_site":"@miscela_doro","twitter_misc":{"Gesch\u00e4tzte Lesezeit":"1\u00a0Minute"},"schema":{"@context":"https:\/\/schema.org","@graph":[{"@type":"WebPage","@id":"https:\/\/www.misceladoro.com\/de\/produkt\/cappuccino-tassen\/","url":"https:\/\/www.misceladoro.com\/de\/produkt\/cappuccino-tassen\/","name":"Miscela d'Oro Italienische Cappuccino Tassen - 6er-Set","isPartOf":{"@id":"https:\/\/www.misceladoro.com\/de\/#website"},"primaryImageOfPage":{"@id":"https:\/\/www.misceladoro.com\/de\/produkt\/cappuccino-tassen\/#primaryimage"},"image":{"@id":"https:\/\/www.misceladoro.com\/de\/produkt\/cappuccino-tassen\/#primaryimage"},"thumbnailUrl":"https:\/\/www.misceladoro.com\/wp-content\/uploads\/2023\/01\/cappuccino_frontale.png","datePublished":"2023-01-15T18:14:08+00:00","dateModified":"2025-07-01T14:31:56+00:00","description":"Cappuccino-Tassen 6er-Set von Miscela d\u2019Oro: elegante Form & ideale Gr\u00f6\u00dfe. F\u00fcr perfekten Milchschaum & cremigen Genuss!","breadcrumb":{"@id":"https:\/\/www.misceladoro.com\/de\/produkt\/cappuccino-tassen\/#breadcrumb"},"inLanguage":"de","potentialAction":[{"@type":"ReadAction","target":["https:\/\/www.misceladoro.com\/de\/produkt\/cappuccino-tassen\/"]}]},{"@type":"ImageObject","inLanguage":"de","@id":"https:\/\/www.misceladoro.com\/de\/produkt\/cappuccino-tassen\/#primaryimage","url":"https:\/\/www.misceladoro.com\/wp-content\/uploads\/2023\/01\/cappuccino_frontale.png","contentUrl":"https:\/\/www.misceladoro.com\/wp-content\/uploads\/2023\/01\/cappuccino_frontale.png","width":941,"height":941,"caption":"||"},{"@type":"BreadcrumbList","@id":"https:\/\/www.misceladoro.com\/de\/produkt\/cappuccino-tassen\/#breadcrumb","itemListElement":[{"@type":"ListItem","position":1,"name":"Home","item":"https:\/\/www.misceladoro.com\/de\/"},{"@type":"ListItem","position":2,"name":"Shop","item":"https:\/\/www.misceladoro.com\/de\/shop\/"},{"@type":"ListItem","position":3,"name":"Tassen und accessoires","item":"https:\/\/www.misceladoro.com\/de\/tassen-accessoires\/"},{"@type":"ListItem","position":4,"name":"Set mit 6 Cappuccino-Tassen von Miscela D&#8217;Oro"}]},{"@type":"WebSite","@id":"https:\/\/www.misceladoro.com\/de\/#website","url":"https:\/\/www.misceladoro.com\/de\/","name":"Miscela d'Oro","description":"Artigiani del caff\u00e8 dal 1946","publisher":{"@id":"https:\/\/www.misceladoro.com\/de\/#organization"},"potentialAction":[{"@type":"SearchAction","target":{"@type":"EntryPoint","urlTemplate":"https:\/\/www.misceladoro.com\/de\/?s={search_term_string}"},"query-input":{"@type":"PropertyValueSpecification","valueRequired":true,"valueName":"search_term_string"}}],"inLanguage":"de"},{"@type":"Organization","@id":"https:\/\/www.misceladoro.com\/de\/#organization","name":"Miscela d'Oro","url":"https:\/\/www.misceladoro.com\/de\/","logo":{"@type":"ImageObject","inLanguage":"de","@id":"https:\/\/www.misceladoro.com\/de\/#\/schema\/logo\/image\/","url":"https:\/\/www.misceladoro.com\/wp-content\/uploads\/2022\/10\/LogoMiscelaOro-logo.png","contentUrl":"https:\/\/www.misceladoro.com\/wp-content\/uploads\/2022\/10\/LogoMiscelaOro-logo.png","width":200,"height":120,"caption":"Miscela d'Oro"},"image":{"@id":"https:\/\/www.misceladoro.com\/de\/#\/schema\/logo\/image\/"},"sameAs":["https:\/\/www.facebook.com\/MDOSicilia1946","https:\/\/x.com\/miscela_doro","https:\/\/www.instagram.com\/misceladoro\/"]}]}},"_links":{"self":[{"href":"https:\/\/www.misceladoro.com\/de\/wp-json\/wp\/v2\/product\/14564","targetHints":{"allow":["GET"]}}],"collection":[{"href":"https:\/\/www.misceladoro.com\/de\/wp-json\/wp\/v2\/product"}],"about":[{"href":"https:\/\/www.misceladoro.com\/de\/wp-json\/wp\/v2\/types\/product"}],"wp:featuredmedia":[{"embeddable":true,"href":"https:\/\/www.misceladoro.com\/de\/wp-json\/wp\/v2\/media\/10767"}],"wp:attachment":[{"href":"https:\/\/www.misceladoro.com\/de\/wp-json\/wp\/v2\/media?parent=14564"}],"wp:term":[{"taxonomy":"product_brand","embeddable":true,"href":"https:\/\/www.misceladoro.com\/de\/wp-json\/wp\/v2\/product_brand?post=14564"},{"taxonomy":"product_cat","embeddable":true,"href":"https:\/\/www.misceladoro.com\/de\/wp-json\/wp\/v2\/product_cat?post=14564"},{"taxonomy":"product_tag","embeddable":true,"href":"https:\/\/www.misceladoro.com\/de\/wp-json\/wp\/v2\/product_tag?post=14564"}],"curies":[{"name":"wp","href":"https:\/\/api.w.org\/{rel}","templated":true}]}}