{"id":14563,"date":"2022-11-23T13:16:29","date_gmt":"2022-11-23T12:16:29","guid":{"rendered":"https:\/\/www.misceladoro.com\/prodotto\/althaus-bio-gruentee-sencha-select\/"},"modified":"2025-07-01T16:19:09","modified_gmt":"2025-07-01T14:19:09","slug":"althaus-bio-gruentee-sencha-select","status":"publish","type":"product","link":"https:\/\/www.misceladoro.com\/de\/produkt\/althaus-bio-gruentee-sencha-select\/","title":{"rendered":"Sencha Select \u2013 Althaus Bio Gr\u00fcntee"},"content":{"rendered":"","protected":false},"excerpt":{"rendered":"<div class=\"text\">\n<p>Sencha ist der beliebteste Gr\u00fcntee Japans. Er hat ein gleichm\u00e4\u00dfig dunkles Blatt, einen mild-w\u00fcrzigen Geschmack und eine gelbgr\u00fcne Farbe.<\/p>\n<p><strong>Zutaten:<\/strong> Gr\u00fcner Tee (China)<\/p>\n<p><strong>Inhalt:<\/strong> 15 Pyramidenbeutel \u00e0 2,75 g = 41,25 g<\/p>\n<\/div>\n","protected":false},"featured_media":11755,"template":"","meta":{"_acf_changed":false,"inline_featured_image":false},"product_brand":[],"product_cat":[743],"product_tag":[],"class_list":{"0":"post-14563","1":"product","2":"type-product","3":"status-publish","4":"has-post-thumbnail","6":"product_cat-tee-getraenke","8":"first","9":"instock","10":"taxable","11":"shipping-taxable","12":"purchasable","13":"product-type-simple"},"acf":[],"yoast_head":"<!-- This site is optimized with the Yoast SEO Premium plugin v26.7 (Yoast SEO v26.7) - https:\/\/yoast.com\/wordpress\/plugins\/seo\/ -->\n<title>Sencha Select \u2013 Althaus Bio Gr\u00fcner Tee | Miscela d&#039;Oro<\/title>\n<meta name=\"description\" content=\"Sencha Select: Bio-Gr\u00fcntee von Althaus mit grasig-frischem, zart-w\u00fcrzigem Geschmack. Japanische Teekunst f\u00fcr den Alltag.\" \/>\n<meta name=\"robots\" content=\"index, follow, max-snippet:-1, max-image-preview:large, max-video-preview:-1\" \/>\n<link rel=\"canonical\" href=\"https:\/\/www.misceladoro.com\/de\/produkt\/althaus-bio-gruentee-sencha-select\/\" \/>\n<meta property=\"og:locale\" content=\"de_DE\" \/>\n<meta property=\"og:type\" content=\"article\" \/>\n<meta property=\"og:title\" content=\"Sencha Select \u2013 Althaus Bio Gr\u00fcntee\" \/>\n<meta property=\"og:description\" content=\"Sencha Select: Bio-Gr\u00fcntee von Althaus mit grasig-frischem, zart-w\u00fcrzigem Geschmack. Japanische Teekunst f\u00fcr den Alltag.\" \/>\n<meta property=\"og:url\" content=\"https:\/\/www.misceladoro.com\/de\/produkt\/althaus-bio-gruentee-sencha-select\/\" \/>\n<meta property=\"og:site_name\" content=\"Miscela d&#039;Oro\" \/>\n<meta property=\"article:publisher\" content=\"https:\/\/www.facebook.com\/MDOSicilia1946\" \/>\n<meta property=\"article:modified_time\" content=\"2025-07-01T14:19:09+00:00\" \/>\n<meta property=\"og:image\" content=\"https:\/\/www.misceladoro.com\/wp-content\/uploads\/2022\/11\/bio-Deli-Pack_Product-Picture_Sencha-Select_01-min.jpg\" \/>\n\t<meta property=\"og:image:width\" content=\"1200\" \/>\n\t<meta property=\"og:image:height\" content=\"1200\" \/>\n\t<meta property=\"og:image:type\" content=\"image\/jpeg\" \/>\n<meta name=\"twitter:card\" content=\"summary_large_image\" \/>\n<meta name=\"twitter:site\" content=\"@miscela_doro\" \/>\n<meta name=\"twitter:label1\" content=\"Gesch\u00e4tzte Lesezeit\" \/>\n\t<meta name=\"twitter:data1\" content=\"1\u00a0Minute\" \/>\n<script type=\"application\/ld+json\" class=\"yoast-schema-graph\">{\"@context\":\"https:\/\/schema.org\",\"@graph\":[{\"@type\":\"WebPage\",\"@id\":\"https:\/\/www.misceladoro.com\/de\/produkt\/althaus-bio-gruentee-sencha-select\/\",\"url\":\"https:\/\/www.misceladoro.com\/de\/produkt\/althaus-bio-gruentee-sencha-select\/\",\"name\":\"Sencha Select \u2013 Althaus Bio Gr\u00fcner Tee | Miscela d&#039;Oro\",\"isPartOf\":{\"@id\":\"https:\/\/www.misceladoro.com\/de\/#website\"},\"primaryImageOfPage\":{\"@id\":\"https:\/\/www.misceladoro.com\/de\/produkt\/althaus-bio-gruentee-sencha-select\/#primaryimage\"},\"image\":{\"@id\":\"https:\/\/www.misceladoro.com\/de\/produkt\/althaus-bio-gruentee-sencha-select\/#primaryimage\"},\"thumbnailUrl\":\"https:\/\/www.misceladoro.com\/wp-content\/uploads\/2022\/11\/bio-Deli-Pack_Product-Picture_Sencha-Select_01-min.jpg\",\"datePublished\":\"2022-11-23T12:16:29+00:00\",\"dateModified\":\"2025-07-01T14:19:09+00:00\",\"description\":\"Sencha Select: Bio-Gr\u00fcntee von Althaus mit grasig-frischem, zart-w\u00fcrzigem Geschmack. Japanische Teekunst f\u00fcr den Alltag.\",\"breadcrumb\":{\"@id\":\"https:\/\/www.misceladoro.com\/de\/produkt\/althaus-bio-gruentee-sencha-select\/#breadcrumb\"},\"inLanguage\":\"de\",\"potentialAction\":[{\"@type\":\"ReadAction\",\"target\":[\"https:\/\/www.misceladoro.com\/de\/produkt\/althaus-bio-gruentee-sencha-select\/\"]}]},{\"@type\":\"ImageObject\",\"inLanguage\":\"de\",\"@id\":\"https:\/\/www.misceladoro.com\/de\/produkt\/althaus-bio-gruentee-sencha-select\/#primaryimage\",\"url\":\"https:\/\/www.misceladoro.com\/wp-content\/uploads\/2022\/11\/bio-Deli-Pack_Product-Picture_Sencha-Select_01-min.jpg\",\"contentUrl\":\"https:\/\/www.misceladoro.com\/wp-content\/uploads\/2022\/11\/bio-Deli-Pack_Product-Picture_Sencha-Select_01-min.jpg\",\"width\":1200,\"height\":1200,\"caption\":\"|||||\"},{\"@type\":\"BreadcrumbList\",\"@id\":\"https:\/\/www.misceladoro.com\/de\/produkt\/althaus-bio-gruentee-sencha-select\/#breadcrumb\",\"itemListElement\":[{\"@type\":\"ListItem\",\"position\":1,\"name\":\"Home\",\"item\":\"https:\/\/www.misceladoro.com\/de\/\"},{\"@type\":\"ListItem\",\"position\":2,\"name\":\"Shop\",\"item\":\"https:\/\/www.misceladoro.com\/de\/shop\/\"},{\"@type\":\"ListItem\",\"position\":3,\"name\":\"Tee und getr\u00e4nke\",\"item\":\"https:\/\/www.misceladoro.com\/de\/tee-getraenke\/\"},{\"@type\":\"ListItem\",\"position\":4,\"name\":\"Sencha Select \u2013 Althaus Bio Gr\u00fcntee\"}]},{\"@type\":\"WebSite\",\"@id\":\"https:\/\/www.misceladoro.com\/de\/#website\",\"url\":\"https:\/\/www.misceladoro.com\/de\/\",\"name\":\"Miscela d'Oro\",\"description\":\"Artigiani del caff\u00e8 dal 1946\",\"publisher\":{\"@id\":\"https:\/\/www.misceladoro.com\/de\/#organization\"},\"potentialAction\":[{\"@type\":\"SearchAction\",\"target\":{\"@type\":\"EntryPoint\",\"urlTemplate\":\"https:\/\/www.misceladoro.com\/de\/?s={search_term_string}\"},\"query-input\":{\"@type\":\"PropertyValueSpecification\",\"valueRequired\":true,\"valueName\":\"search_term_string\"}}],\"inLanguage\":\"de\"},{\"@type\":\"Organization\",\"@id\":\"https:\/\/www.misceladoro.com\/de\/#organization\",\"name\":\"Miscela d'Oro\",\"url\":\"https:\/\/www.misceladoro.com\/de\/\",\"logo\":{\"@type\":\"ImageObject\",\"inLanguage\":\"de\",\"@id\":\"https:\/\/www.misceladoro.com\/de\/#\/schema\/logo\/image\/\",\"url\":\"https:\/\/www.misceladoro.com\/wp-content\/uploads\/2022\/10\/LogoMiscelaOro-logo.png\",\"contentUrl\":\"https:\/\/www.misceladoro.com\/wp-content\/uploads\/2022\/10\/LogoMiscelaOro-logo.png\",\"width\":200,\"height\":120,\"caption\":\"Miscela d'Oro\"},\"image\":{\"@id\":\"https:\/\/www.misceladoro.com\/de\/#\/schema\/logo\/image\/\"},\"sameAs\":[\"https:\/\/www.facebook.com\/MDOSicilia1946\",\"https:\/\/x.com\/miscela_doro\",\"https:\/\/www.instagram.com\/misceladoro\/\"]}]}<\/script>\n<!-- \/ Yoast SEO Premium plugin. -->","yoast_head_json":{"title":"Sencha Select \u2013 Althaus Bio Gr\u00fcner Tee | Miscela d&#039;Oro","description":"Sencha Select: Bio-Gr\u00fcntee von Althaus mit grasig-frischem, zart-w\u00fcrzigem Geschmack. Japanische Teekunst f\u00fcr den Alltag.","robots":{"index":"index","follow":"follow","max-snippet":"max-snippet:-1","max-image-preview":"max-image-preview:large","max-video-preview":"max-video-preview:-1"},"canonical":"https:\/\/www.misceladoro.com\/de\/produkt\/althaus-bio-gruentee-sencha-select\/","og_locale":"de_DE","og_type":"article","og_title":"Sencha Select \u2013 Althaus Bio Gr\u00fcntee","og_description":"Sencha Select: Bio-Gr\u00fcntee von Althaus mit grasig-frischem, zart-w\u00fcrzigem Geschmack. Japanische Teekunst f\u00fcr den Alltag.","og_url":"https:\/\/www.misceladoro.com\/de\/produkt\/althaus-bio-gruentee-sencha-select\/","og_site_name":"Miscela d&#039;Oro","article_publisher":"https:\/\/www.facebook.com\/MDOSicilia1946","article_modified_time":"2025-07-01T14:19:09+00:00","og_image":[{"width":1200,"height":1200,"url":"https:\/\/www.misceladoro.com\/wp-content\/uploads\/2022\/11\/bio-Deli-Pack_Product-Picture_Sencha-Select_01-min.jpg","type":"image\/jpeg"}],"twitter_card":"summary_large_image","twitter_site":"@miscela_doro","twitter_misc":{"Gesch\u00e4tzte Lesezeit":"1\u00a0Minute"},"schema":{"@context":"https:\/\/schema.org","@graph":[{"@type":"WebPage","@id":"https:\/\/www.misceladoro.com\/de\/produkt\/althaus-bio-gruentee-sencha-select\/","url":"https:\/\/www.misceladoro.com\/de\/produkt\/althaus-bio-gruentee-sencha-select\/","name":"Sencha Select \u2013 Althaus Bio Gr\u00fcner Tee | Miscela d&#039;Oro","isPartOf":{"@id":"https:\/\/www.misceladoro.com\/de\/#website"},"primaryImageOfPage":{"@id":"https:\/\/www.misceladoro.com\/de\/produkt\/althaus-bio-gruentee-sencha-select\/#primaryimage"},"image":{"@id":"https:\/\/www.misceladoro.com\/de\/produkt\/althaus-bio-gruentee-sencha-select\/#primaryimage"},"thumbnailUrl":"https:\/\/www.misceladoro.com\/wp-content\/uploads\/2022\/11\/bio-Deli-Pack_Product-Picture_Sencha-Select_01-min.jpg","datePublished":"2022-11-23T12:16:29+00:00","dateModified":"2025-07-01T14:19:09+00:00","description":"Sencha Select: Bio-Gr\u00fcntee von Althaus mit grasig-frischem, zart-w\u00fcrzigem Geschmack. Japanische Teekunst f\u00fcr den Alltag.","breadcrumb":{"@id":"https:\/\/www.misceladoro.com\/de\/produkt\/althaus-bio-gruentee-sencha-select\/#breadcrumb"},"inLanguage":"de","potentialAction":[{"@type":"ReadAction","target":["https:\/\/www.misceladoro.com\/de\/produkt\/althaus-bio-gruentee-sencha-select\/"]}]},{"@type":"ImageObject","inLanguage":"de","@id":"https:\/\/www.misceladoro.com\/de\/produkt\/althaus-bio-gruentee-sencha-select\/#primaryimage","url":"https:\/\/www.misceladoro.com\/wp-content\/uploads\/2022\/11\/bio-Deli-Pack_Product-Picture_Sencha-Select_01-min.jpg","contentUrl":"https:\/\/www.misceladoro.com\/wp-content\/uploads\/2022\/11\/bio-Deli-Pack_Product-Picture_Sencha-Select_01-min.jpg","width":1200,"height":1200,"caption":"|||||"},{"@type":"BreadcrumbList","@id":"https:\/\/www.misceladoro.com\/de\/produkt\/althaus-bio-gruentee-sencha-select\/#breadcrumb","itemListElement":[{"@type":"ListItem","position":1,"name":"Home","item":"https:\/\/www.misceladoro.com\/de\/"},{"@type":"ListItem","position":2,"name":"Shop","item":"https:\/\/www.misceladoro.com\/de\/shop\/"},{"@type":"ListItem","position":3,"name":"Tee und getr\u00e4nke","item":"https:\/\/www.misceladoro.com\/de\/tee-getraenke\/"},{"@type":"ListItem","position":4,"name":"Sencha Select \u2013 Althaus Bio Gr\u00fcntee"}]},{"@type":"WebSite","@id":"https:\/\/www.misceladoro.com\/de\/#website","url":"https:\/\/www.misceladoro.com\/de\/","name":"Miscela d'Oro","description":"Artigiani del caff\u00e8 dal 1946","publisher":{"@id":"https:\/\/www.misceladoro.com\/de\/#organization"},"potentialAction":[{"@type":"SearchAction","target":{"@type":"EntryPoint","urlTemplate":"https:\/\/www.misceladoro.com\/de\/?s={search_term_string}"},"query-input":{"@type":"PropertyValueSpecification","valueRequired":true,"valueName":"search_term_string"}}],"inLanguage":"de"},{"@type":"Organization","@id":"https:\/\/www.misceladoro.com\/de\/#organization","name":"Miscela d'Oro","url":"https:\/\/www.misceladoro.com\/de\/","logo":{"@type":"ImageObject","inLanguage":"de","@id":"https:\/\/www.misceladoro.com\/de\/#\/schema\/logo\/image\/","url":"https:\/\/www.misceladoro.com\/wp-content\/uploads\/2022\/10\/LogoMiscelaOro-logo.png","contentUrl":"https:\/\/www.misceladoro.com\/wp-content\/uploads\/2022\/10\/LogoMiscelaOro-logo.png","width":200,"height":120,"caption":"Miscela d'Oro"},"image":{"@id":"https:\/\/www.misceladoro.com\/de\/#\/schema\/logo\/image\/"},"sameAs":["https:\/\/www.facebook.com\/MDOSicilia1946","https:\/\/x.com\/miscela_doro","https:\/\/www.instagram.com\/misceladoro\/"]}]}},"_links":{"self":[{"href":"https:\/\/www.misceladoro.com\/de\/wp-json\/wp\/v2\/product\/14563","targetHints":{"allow":["GET"]}}],"collection":[{"href":"https:\/\/www.misceladoro.com\/de\/wp-json\/wp\/v2\/product"}],"about":[{"href":"https:\/\/www.misceladoro.com\/de\/wp-json\/wp\/v2\/types\/product"}],"wp:featuredmedia":[{"embeddable":true,"href":"https:\/\/www.misceladoro.com\/de\/wp-json\/wp\/v2\/media\/11755"}],"wp:attachment":[{"href":"https:\/\/www.misceladoro.com\/de\/wp-json\/wp\/v2\/media?parent=14563"}],"wp:term":[{"taxonomy":"product_brand","embeddable":true,"href":"https:\/\/www.misceladoro.com\/de\/wp-json\/wp\/v2\/product_brand?post=14563"},{"taxonomy":"product_cat","embeddable":true,"href":"https:\/\/www.misceladoro.com\/de\/wp-json\/wp\/v2\/product_cat?post=14563"},{"taxonomy":"product_tag","embeddable":true,"href":"https:\/\/www.misceladoro.com\/de\/wp-json\/wp\/v2\/product_tag?post=14563"}],"curies":[{"name":"wp","href":"https:\/\/api.w.org\/{rel}","templated":true}]}}