{"id":14514,"date":"2024-11-03T12:48:24","date_gmt":"2024-11-03T11:48:24","guid":{"rendered":"https:\/\/www.misceladoro.com\/prodotto\/fruehstuecksbox-gemahlener-kaffee\/"},"modified":"2025-09-11T17:00:31","modified_gmt":"2025-09-11T15:00:31","slug":"fruehstuecksbox-gemahlener-kaffee","status":"publish","type":"product","link":"https:\/\/www.misceladoro.com\/de\/produkt\/fruehstuecksbox-gemahlener-kaffee\/","title":{"rendered":"Italienische Fr\u00fchst\u00fccksbox mit Gemahlener Kaffee"},"content":{"rendered":"","protected":false},"excerpt":{"rendered":"<p data-start=\"1037\" data-end=\"1250\">Beginnen Sie Ihren Tag mit der Intensit\u00e4t echten sizilianischen Handwerkskaffees. Die Sizilianische Fr\u00fchst\u00fccksbox mit gemahlenem Espresso ist f\u00fcr Kaffeeliebhaber gedacht, die Qualit\u00e4t und Tradition sch\u00e4tzen.<\/p>\n<p data-start=\"1252\" data-end=\"1590\">Darin finden Sie zwei Dosen Miscela d\u2019Oro Espresso gemahlen, ideal, um zu Hause einen reichen, aromatischen und vollmundigen Espresso zuzubereiten. Abgerundet wird die Box durch zwei Packungen sizilianischer Kekse: zarte M\u00fcrbeteig-Ciambelline und knusprige Piparelli-Mandelkekse \u2013 die perfekte Erg\u00e4nzung zu Ihrem Kaffee.<\/p>\n","protected":false},"featured_media":15935,"template":"","meta":{"_acf_changed":false,"inline_featured_image":false},"product_brand":[],"product_cat":[717],"product_tag":[],"class_list":{"0":"post-14514","1":"product","2":"type-product","3":"status-publish","4":"has-post-thumbnail","6":"product_cat-fruehstuecksboxen","8":"first","9":"instock","10":"sale","11":"taxable","12":"shipping-taxable","13":"purchasable","14":"product-type-yith_bundle"},"acf":[],"yoast_head":"<!-- This site is optimized with the Yoast SEO Premium plugin v26.7 (Yoast SEO v26.7) - https:\/\/yoast.com\/wordpress\/plugins\/seo\/ -->\n<title>Miscela d&#039;Oro Fr\u00fchst\u00fccksbox mit Gemahlener Kaffee<\/title>\n<meta name=\"description\" content=\"Sizilianische Fr\u00fchst\u00fccksbox mit gemahlenem Espresso und traditionellen Keksen. Erleben Sie den authentischen Geschmack Siziliens zu Hause.\" \/>\n<meta name=\"robots\" content=\"index, follow, max-snippet:-1, max-image-preview:large, max-video-preview:-1\" \/>\n<link rel=\"canonical\" href=\"https:\/\/www.misceladoro.com\/de\/produkt\/fruehstuecksbox-gemahlener-kaffee\/\" \/>\n<meta property=\"og:locale\" content=\"de_DE\" \/>\n<meta property=\"og:type\" content=\"article\" \/>\n<meta property=\"og:title\" content=\"Italienische Fr\u00fchst\u00fccksbox mit Gemahlener Kaffee\" \/>\n<meta property=\"og:description\" content=\"Sizilianische Fr\u00fchst\u00fccksbox mit gemahlenem Espresso und traditionellen Keksen. Erleben Sie den authentischen Geschmack Siziliens zu Hause.\" \/>\n<meta property=\"og:url\" content=\"https:\/\/www.misceladoro.com\/de\/produkt\/fruehstuecksbox-gemahlener-kaffee\/\" \/>\n<meta property=\"og:site_name\" content=\"Miscela d&#039;Oro\" \/>\n<meta property=\"article:publisher\" content=\"https:\/\/www.facebook.com\/MDOSicilia1946\" \/>\n<meta property=\"article:modified_time\" content=\"2025-09-11T15:00:31+00:00\" \/>\n<meta property=\"og:image\" content=\"https:\/\/www.misceladoro.com\/wp-content\/uploads\/2024\/11\/Untitled-design-4-min-e1757601273750.png\" \/>\n\t<meta property=\"og:image:width\" content=\"1080\" \/>\n\t<meta property=\"og:image:height\" content=\"1350\" \/>\n\t<meta property=\"og:image:type\" content=\"image\/png\" \/>\n<meta name=\"twitter:card\" content=\"summary_large_image\" \/>\n<meta name=\"twitter:site\" content=\"@miscela_doro\" \/>\n<meta name=\"twitter:label1\" content=\"Gesch\u00e4tzte Lesezeit\" \/>\n\t<meta name=\"twitter:data1\" content=\"1\u00a0Minute\" \/>\n<script type=\"application\/ld+json\" class=\"yoast-schema-graph\">{\"@context\":\"https:\/\/schema.org\",\"@graph\":[{\"@type\":\"WebPage\",\"@id\":\"https:\/\/www.misceladoro.com\/de\/produkt\/fruehstuecksbox-gemahlener-kaffee\/\",\"url\":\"https:\/\/www.misceladoro.com\/de\/produkt\/fruehstuecksbox-gemahlener-kaffee\/\",\"name\":\"Miscela d'Oro Fr\u00fchst\u00fccksbox mit Gemahlener Kaffee\",\"isPartOf\":{\"@id\":\"https:\/\/www.misceladoro.com\/de\/#website\"},\"primaryImageOfPage\":{\"@id\":\"https:\/\/www.misceladoro.com\/de\/produkt\/fruehstuecksbox-gemahlener-kaffee\/#primaryimage\"},\"image\":{\"@id\":\"https:\/\/www.misceladoro.com\/de\/produkt\/fruehstuecksbox-gemahlener-kaffee\/#primaryimage\"},\"thumbnailUrl\":\"https:\/\/www.misceladoro.com\/wp-content\/uploads\/2024\/11\/Untitled-design-4-min-e1757922781366.png\",\"datePublished\":\"2024-11-03T11:48:24+00:00\",\"dateModified\":\"2025-09-11T15:00:31+00:00\",\"description\":\"Sizilianische Fr\u00fchst\u00fccksbox mit gemahlenem Espresso und traditionellen Keksen. Erleben Sie den authentischen Geschmack Siziliens zu Hause.\",\"breadcrumb\":{\"@id\":\"https:\/\/www.misceladoro.com\/de\/produkt\/fruehstuecksbox-gemahlener-kaffee\/#breadcrumb\"},\"inLanguage\":\"de\",\"potentialAction\":[{\"@type\":\"ReadAction\",\"target\":[\"https:\/\/www.misceladoro.com\/de\/produkt\/fruehstuecksbox-gemahlener-kaffee\/\"]}]},{\"@type\":\"ImageObject\",\"inLanguage\":\"de\",\"@id\":\"https:\/\/www.misceladoro.com\/de\/produkt\/fruehstuecksbox-gemahlener-kaffee\/#primaryimage\",\"url\":\"https:\/\/www.misceladoro.com\/wp-content\/uploads\/2024\/11\/Untitled-design-4-min-e1757922781366.png\",\"contentUrl\":\"https:\/\/www.misceladoro.com\/wp-content\/uploads\/2024\/11\/Untitled-design-4-min-e1757922781366.png\",\"width\":1080,\"height\":1350,\"caption\":\"Sizilianische Fr\u00fchst\u00fccksbox: italienischer gemahlener Kaffee und handgemachte Kekse aus Sizilien.\"},{\"@type\":\"BreadcrumbList\",\"@id\":\"https:\/\/www.misceladoro.com\/de\/produkt\/fruehstuecksbox-gemahlener-kaffee\/#breadcrumb\",\"itemListElement\":[{\"@type\":\"ListItem\",\"position\":1,\"name\":\"Home\",\"item\":\"https:\/\/www.misceladoro.com\/de\/\"},{\"@type\":\"ListItem\",\"position\":2,\"name\":\"Shop\",\"item\":\"https:\/\/www.misceladoro.com\/de\/shop\/\"},{\"@type\":\"ListItem\",\"position\":3,\"name\":\"Fr\u00fchst\u00fccksboxen\",\"item\":\"https:\/\/www.misceladoro.com\/de\/fruehstuecksboxen\/\"},{\"@type\":\"ListItem\",\"position\":4,\"name\":\"Italienische Fr\u00fchst\u00fccksbox mit Gemahlener Kaffee\"}]},{\"@type\":\"WebSite\",\"@id\":\"https:\/\/www.misceladoro.com\/de\/#website\",\"url\":\"https:\/\/www.misceladoro.com\/de\/\",\"name\":\"Miscela d'Oro\",\"description\":\"Artigiani del caff\u00e8 dal 1946\",\"publisher\":{\"@id\":\"https:\/\/www.misceladoro.com\/de\/#organization\"},\"potentialAction\":[{\"@type\":\"SearchAction\",\"target\":{\"@type\":\"EntryPoint\",\"urlTemplate\":\"https:\/\/www.misceladoro.com\/de\/?s={search_term_string}\"},\"query-input\":{\"@type\":\"PropertyValueSpecification\",\"valueRequired\":true,\"valueName\":\"search_term_string\"}}],\"inLanguage\":\"de\"},{\"@type\":\"Organization\",\"@id\":\"https:\/\/www.misceladoro.com\/de\/#organization\",\"name\":\"Miscela d'Oro\",\"url\":\"https:\/\/www.misceladoro.com\/de\/\",\"logo\":{\"@type\":\"ImageObject\",\"inLanguage\":\"de\",\"@id\":\"https:\/\/www.misceladoro.com\/de\/#\/schema\/logo\/image\/\",\"url\":\"https:\/\/www.misceladoro.com\/wp-content\/uploads\/2022\/10\/LogoMiscelaOro-logo.png\",\"contentUrl\":\"https:\/\/www.misceladoro.com\/wp-content\/uploads\/2022\/10\/LogoMiscelaOro-logo.png\",\"width\":200,\"height\":120,\"caption\":\"Miscela d'Oro\"},\"image\":{\"@id\":\"https:\/\/www.misceladoro.com\/de\/#\/schema\/logo\/image\/\"},\"sameAs\":[\"https:\/\/www.facebook.com\/MDOSicilia1946\",\"https:\/\/x.com\/miscela_doro\",\"https:\/\/www.instagram.com\/misceladoro\/\"]}]}<\/script>\n<!-- \/ Yoast SEO Premium plugin. -->","yoast_head_json":{"title":"Miscela d'Oro Fr\u00fchst\u00fccksbox mit Gemahlener Kaffee","description":"Sizilianische Fr\u00fchst\u00fccksbox mit gemahlenem Espresso und traditionellen Keksen. Erleben Sie den authentischen Geschmack Siziliens zu Hause.","robots":{"index":"index","follow":"follow","max-snippet":"max-snippet:-1","max-image-preview":"max-image-preview:large","max-video-preview":"max-video-preview:-1"},"canonical":"https:\/\/www.misceladoro.com\/de\/produkt\/fruehstuecksbox-gemahlener-kaffee\/","og_locale":"de_DE","og_type":"article","og_title":"Italienische Fr\u00fchst\u00fccksbox mit Gemahlener Kaffee","og_description":"Sizilianische Fr\u00fchst\u00fccksbox mit gemahlenem Espresso und traditionellen Keksen. Erleben Sie den authentischen Geschmack Siziliens zu Hause.","og_url":"https:\/\/www.misceladoro.com\/de\/produkt\/fruehstuecksbox-gemahlener-kaffee\/","og_site_name":"Miscela d&#039;Oro","article_publisher":"https:\/\/www.facebook.com\/MDOSicilia1946","article_modified_time":"2025-09-11T15:00:31+00:00","og_image":[{"width":1080,"height":1350,"url":"https:\/\/www.misceladoro.com\/wp-content\/uploads\/2024\/11\/Untitled-design-4-min-e1757601273750.png","type":"image\/png"}],"twitter_card":"summary_large_image","twitter_site":"@miscela_doro","twitter_misc":{"Gesch\u00e4tzte Lesezeit":"1\u00a0Minute"},"schema":{"@context":"https:\/\/schema.org","@graph":[{"@type":"WebPage","@id":"https:\/\/www.misceladoro.com\/de\/produkt\/fruehstuecksbox-gemahlener-kaffee\/","url":"https:\/\/www.misceladoro.com\/de\/produkt\/fruehstuecksbox-gemahlener-kaffee\/","name":"Miscela d'Oro Fr\u00fchst\u00fccksbox mit Gemahlener Kaffee","isPartOf":{"@id":"https:\/\/www.misceladoro.com\/de\/#website"},"primaryImageOfPage":{"@id":"https:\/\/www.misceladoro.com\/de\/produkt\/fruehstuecksbox-gemahlener-kaffee\/#primaryimage"},"image":{"@id":"https:\/\/www.misceladoro.com\/de\/produkt\/fruehstuecksbox-gemahlener-kaffee\/#primaryimage"},"thumbnailUrl":"https:\/\/www.misceladoro.com\/wp-content\/uploads\/2024\/11\/Untitled-design-4-min-e1757922781366.png","datePublished":"2024-11-03T11:48:24+00:00","dateModified":"2025-09-11T15:00:31+00:00","description":"Sizilianische Fr\u00fchst\u00fccksbox mit gemahlenem Espresso und traditionellen Keksen. Erleben Sie den authentischen Geschmack Siziliens zu Hause.","breadcrumb":{"@id":"https:\/\/www.misceladoro.com\/de\/produkt\/fruehstuecksbox-gemahlener-kaffee\/#breadcrumb"},"inLanguage":"de","potentialAction":[{"@type":"ReadAction","target":["https:\/\/www.misceladoro.com\/de\/produkt\/fruehstuecksbox-gemahlener-kaffee\/"]}]},{"@type":"ImageObject","inLanguage":"de","@id":"https:\/\/www.misceladoro.com\/de\/produkt\/fruehstuecksbox-gemahlener-kaffee\/#primaryimage","url":"https:\/\/www.misceladoro.com\/wp-content\/uploads\/2024\/11\/Untitled-design-4-min-e1757922781366.png","contentUrl":"https:\/\/www.misceladoro.com\/wp-content\/uploads\/2024\/11\/Untitled-design-4-min-e1757922781366.png","width":1080,"height":1350,"caption":"Sizilianische Fr\u00fchst\u00fccksbox: italienischer gemahlener Kaffee und handgemachte Kekse aus Sizilien."},{"@type":"BreadcrumbList","@id":"https:\/\/www.misceladoro.com\/de\/produkt\/fruehstuecksbox-gemahlener-kaffee\/#breadcrumb","itemListElement":[{"@type":"ListItem","position":1,"name":"Home","item":"https:\/\/www.misceladoro.com\/de\/"},{"@type":"ListItem","position":2,"name":"Shop","item":"https:\/\/www.misceladoro.com\/de\/shop\/"},{"@type":"ListItem","position":3,"name":"Fr\u00fchst\u00fccksboxen","item":"https:\/\/www.misceladoro.com\/de\/fruehstuecksboxen\/"},{"@type":"ListItem","position":4,"name":"Italienische Fr\u00fchst\u00fccksbox mit Gemahlener Kaffee"}]},{"@type":"WebSite","@id":"https:\/\/www.misceladoro.com\/de\/#website","url":"https:\/\/www.misceladoro.com\/de\/","name":"Miscela d'Oro","description":"Artigiani del caff\u00e8 dal 1946","publisher":{"@id":"https:\/\/www.misceladoro.com\/de\/#organization"},"potentialAction":[{"@type":"SearchAction","target":{"@type":"EntryPoint","urlTemplate":"https:\/\/www.misceladoro.com\/de\/?s={search_term_string}"},"query-input":{"@type":"PropertyValueSpecification","valueRequired":true,"valueName":"search_term_string"}}],"inLanguage":"de"},{"@type":"Organization","@id":"https:\/\/www.misceladoro.com\/de\/#organization","name":"Miscela d'Oro","url":"https:\/\/www.misceladoro.com\/de\/","logo":{"@type":"ImageObject","inLanguage":"de","@id":"https:\/\/www.misceladoro.com\/de\/#\/schema\/logo\/image\/","url":"https:\/\/www.misceladoro.com\/wp-content\/uploads\/2022\/10\/LogoMiscelaOro-logo.png","contentUrl":"https:\/\/www.misceladoro.com\/wp-content\/uploads\/2022\/10\/LogoMiscelaOro-logo.png","width":200,"height":120,"caption":"Miscela d'Oro"},"image":{"@id":"https:\/\/www.misceladoro.com\/de\/#\/schema\/logo\/image\/"},"sameAs":["https:\/\/www.facebook.com\/MDOSicilia1946","https:\/\/x.com\/miscela_doro","https:\/\/www.instagram.com\/misceladoro\/"]}]}},"_links":{"self":[{"href":"https:\/\/www.misceladoro.com\/de\/wp-json\/wp\/v2\/product\/14514","targetHints":{"allow":["GET"]}}],"collection":[{"href":"https:\/\/www.misceladoro.com\/de\/wp-json\/wp\/v2\/product"}],"about":[{"href":"https:\/\/www.misceladoro.com\/de\/wp-json\/wp\/v2\/types\/product"}],"wp:featuredmedia":[{"embeddable":true,"href":"https:\/\/www.misceladoro.com\/de\/wp-json\/wp\/v2\/media\/15935"}],"wp:attachment":[{"href":"https:\/\/www.misceladoro.com\/de\/wp-json\/wp\/v2\/media?parent=14514"}],"wp:term":[{"taxonomy":"product_brand","embeddable":true,"href":"https:\/\/www.misceladoro.com\/de\/wp-json\/wp\/v2\/product_brand?post=14514"},{"taxonomy":"product_cat","embeddable":true,"href":"https:\/\/www.misceladoro.com\/de\/wp-json\/wp\/v2\/product_cat?post=14514"},{"taxonomy":"product_tag","embeddable":true,"href":"https:\/\/www.misceladoro.com\/de\/wp-json\/wp\/v2\/product_tag?post=14514"}],"curies":[{"name":"wp","href":"https:\/\/api.w.org\/{rel}","templated":true}]}}