{"id":14508,"date":"2022-10-19T15:22:53","date_gmt":"2022-10-19T13:22:53","guid":{"rendered":"https:\/\/www.misceladoro.com\/prodotto\/nespresso-kompatible-kapseln-gold\/"},"modified":"2025-07-01T16:33:03","modified_gmt":"2025-07-01T14:33:03","slug":"nespresso-kompatible-kapseln-gold","status":"publish","type":"product","link":"https:\/\/www.misceladoro.com\/de\/produkt\/nespresso-kompatible-kapseln-gold\/","title":{"rendered":"Gold \u2013 Nespresso\u00ae* kompatible Kapseln"},"content":{"rendered":"","protected":false},"excerpt":{"rendered":"<p class=\"p1\">Intensives Aroma und ein reichhaltiger, cremiger K\u00f6rper. Ein einfaches und unwiderstehliches t\u00e4gliches Ritual, um den besten handwerklich hergestellten Kaffee direkt zu Hause zu genie\u00dfen.<\/p>\n<p>*<strong>Kaffeepads kompatibel mit Nespresso\u00ae-Maschinen<\/strong><\/p>\n<p>Die Marke Nespresso\u00ae geh\u00f6rt nicht zu Miscela d\u2019Oro S.p.A. oder verbundenen Unternehmen.<\/p>\n","protected":false},"featured_media":11603,"template":"","meta":{"_acf_changed":false,"inline_featured_image":false},"product_brand":[],"product_cat":[729,735],"product_tag":[1063,1066,1067,1068,1069,1071,1072],"class_list":{"0":"post-14508","1":"product","2":"type-product","3":"status-publish","4":"has-post-thumbnail","6":"product_cat-kaffeekapseln","7":"product_cat-nespresso-kompatible","8":"product_tag-aprile-de","9":"product_tag-caffe-in-capsule-de","10":"product_tag-capsule-caffe-online-de","11":"product_tag-capsule-compatibili-nespresso-de","12":"product_tag-coffee-capsules-de","13":"product_tag-nespresso-compatible-capsules-de","14":"product_tag-online-coffee-capsules-de","16":"first","17":"instock","18":"taxable","19":"shipping-taxable","20":"purchasable","21":"product-type-simple"},"acf":[],"yoast_head":"<!-- This site is optimized with the Yoast SEO Premium plugin v26.7 (Yoast SEO v26.7) - https:\/\/yoast.com\/wordpress\/plugins\/seo\/ -->\n<title>Gold Arabica \u2013 Nespresso\u00ae-kompatible Kapseln | Miscela d&#039;Oro<\/title>\n<meta name=\"description\" content=\"Gold Arabica: 100 % Arabica-Espresso, mild &amp; elegant. Nespresso\u00ae-kompatible Kapseln. Jetzt italienische Raffinesse erleben!\" \/>\n<meta name=\"robots\" content=\"index, follow, max-snippet:-1, max-image-preview:large, max-video-preview:-1\" \/>\n<link rel=\"canonical\" href=\"https:\/\/www.misceladoro.com\/de\/produkt\/nespresso-kompatible-kapseln-gold\/\" \/>\n<meta property=\"og:locale\" content=\"de_DE\" \/>\n<meta property=\"og:type\" content=\"article\" \/>\n<meta property=\"og:title\" content=\"Gold \u2013 Nespresso\u00ae* kompatible Kapseln\" \/>\n<meta property=\"og:description\" content=\"Scopri le capsule Gold di Miscela d&#039;Oro. Aroma intenso, corpo ricco e cremoso. Compatibili Nespresso\u2122. Acquista ora online\" \/>\n<meta property=\"og:url\" content=\"https:\/\/www.misceladoro.com\/de\/produkt\/nespresso-kompatible-kapseln-gold\/\" \/>\n<meta property=\"og:site_name\" content=\"Miscela d&#039;Oro\" \/>\n<meta property=\"article:publisher\" content=\"https:\/\/www.facebook.com\/MDOSicilia1946\" \/>\n<meta property=\"article:modified_time\" content=\"2025-07-01T14:33:03+00:00\" \/>\n<meta property=\"og:image\" content=\"https:\/\/www.misceladoro.com\/wp-content\/uploads\/2022\/10\/gold-capsule-nespresso-compatibili-confezione-da-10-capsule.jpeg\" \/>\n\t<meta property=\"og:image:width\" content=\"500\" \/>\n\t<meta property=\"og:image:height\" content=\"500\" \/>\n\t<meta property=\"og:image:type\" content=\"image\/jpeg\" \/>\n<meta name=\"twitter:card\" content=\"summary_large_image\" \/>\n<meta name=\"twitter:description\" content=\"Scopri le capsule Gold di Miscela d&#039;Oro. Aroma intenso, corpo ricco e cremoso. Compatibili Nespresso\u2122. Acquista ora online\" \/>\n<meta name=\"twitter:site\" content=\"@miscela_doro\" \/>\n<meta name=\"twitter:label1\" content=\"Gesch\u00e4tzte Lesezeit\" \/>\n\t<meta name=\"twitter:data1\" content=\"1\u00a0Minute\" \/>\n<script type=\"application\/ld+json\" class=\"yoast-schema-graph\">{\"@context\":\"https:\/\/schema.org\",\"@graph\":[{\"@type\":\"WebPage\",\"@id\":\"https:\/\/www.misceladoro.com\/de\/produkt\/nespresso-kompatible-kapseln-gold\/\",\"url\":\"https:\/\/www.misceladoro.com\/de\/produkt\/nespresso-kompatible-kapseln-gold\/\",\"name\":\"Gold Arabica \u2013 Nespresso\u00ae-kompatible Kapseln | Miscela d&#039;Oro\",\"isPartOf\":{\"@id\":\"https:\/\/www.misceladoro.com\/de\/#website\"},\"primaryImageOfPage\":{\"@id\":\"https:\/\/www.misceladoro.com\/de\/produkt\/nespresso-kompatible-kapseln-gold\/#primaryimage\"},\"image\":{\"@id\":\"https:\/\/www.misceladoro.com\/de\/produkt\/nespresso-kompatible-kapseln-gold\/#primaryimage\"},\"thumbnailUrl\":\"https:\/\/www.misceladoro.com\/wp-content\/uploads\/2022\/10\/gold-capsule-nespresso-compatibili-confezione-da-10-capsule.jpeg\",\"datePublished\":\"2022-10-19T13:22:53+00:00\",\"dateModified\":\"2025-07-01T14:33:03+00:00\",\"description\":\"Gold Arabica: 100 % Arabica-Espresso, mild & elegant. Nespresso\u00ae-kompatible Kapseln. Jetzt italienische Raffinesse erleben!\",\"breadcrumb\":{\"@id\":\"https:\/\/www.misceladoro.com\/de\/produkt\/nespresso-kompatible-kapseln-gold\/#breadcrumb\"},\"inLanguage\":\"de\",\"potentialAction\":[{\"@type\":\"ReadAction\",\"target\":[\"https:\/\/www.misceladoro.com\/de\/produkt\/nespresso-kompatible-kapseln-gold\/\"]}]},{\"@type\":\"ImageObject\",\"inLanguage\":\"de\",\"@id\":\"https:\/\/www.misceladoro.com\/de\/produkt\/nespresso-kompatible-kapseln-gold\/#primaryimage\",\"url\":\"https:\/\/www.misceladoro.com\/wp-content\/uploads\/2022\/10\/gold-capsule-nespresso-compatibili-confezione-da-10-capsule.jpeg\",\"contentUrl\":\"https:\/\/www.misceladoro.com\/wp-content\/uploads\/2022\/10\/gold-capsule-nespresso-compatibili-confezione-da-10-capsule.jpeg\",\"width\":500,\"height\":500,\"caption\":\"||||\"},{\"@type\":\"BreadcrumbList\",\"@id\":\"https:\/\/www.misceladoro.com\/de\/produkt\/nespresso-kompatible-kapseln-gold\/#breadcrumb\",\"itemListElement\":[{\"@type\":\"ListItem\",\"position\":1,\"name\":\"Home\",\"item\":\"https:\/\/www.misceladoro.com\/de\/\"},{\"@type\":\"ListItem\",\"position\":2,\"name\":\"Shop\",\"item\":\"https:\/\/www.misceladoro.com\/de\/shop\/\"},{\"@type\":\"ListItem\",\"position\":3,\"name\":\"Kaffeekapseln\",\"item\":\"https:\/\/www.misceladoro.com\/de\/kaffeekapseln\/\"},{\"@type\":\"ListItem\",\"position\":4,\"name\":\"Nespresso\u00ae kompatible\",\"item\":\"https:\/\/www.misceladoro.com\/de\/kaffeekapseln\/nespresso-kompatible\/\"},{\"@type\":\"ListItem\",\"position\":5,\"name\":\"Gold \u2013 Nespresso\u00ae* kompatible Kapseln\"}]},{\"@type\":\"WebSite\",\"@id\":\"https:\/\/www.misceladoro.com\/de\/#website\",\"url\":\"https:\/\/www.misceladoro.com\/de\/\",\"name\":\"Miscela d'Oro\",\"description\":\"Artigiani del caff\u00e8 dal 1946\",\"publisher\":{\"@id\":\"https:\/\/www.misceladoro.com\/de\/#organization\"},\"potentialAction\":[{\"@type\":\"SearchAction\",\"target\":{\"@type\":\"EntryPoint\",\"urlTemplate\":\"https:\/\/www.misceladoro.com\/de\/?s={search_term_string}\"},\"query-input\":{\"@type\":\"PropertyValueSpecification\",\"valueRequired\":true,\"valueName\":\"search_term_string\"}}],\"inLanguage\":\"de\"},{\"@type\":\"Organization\",\"@id\":\"https:\/\/www.misceladoro.com\/de\/#organization\",\"name\":\"Miscela d'Oro\",\"url\":\"https:\/\/www.misceladoro.com\/de\/\",\"logo\":{\"@type\":\"ImageObject\",\"inLanguage\":\"de\",\"@id\":\"https:\/\/www.misceladoro.com\/de\/#\/schema\/logo\/image\/\",\"url\":\"https:\/\/www.misceladoro.com\/wp-content\/uploads\/2022\/10\/LogoMiscelaOro-logo.png\",\"contentUrl\":\"https:\/\/www.misceladoro.com\/wp-content\/uploads\/2022\/10\/LogoMiscelaOro-logo.png\",\"width\":200,\"height\":120,\"caption\":\"Miscela d'Oro\"},\"image\":{\"@id\":\"https:\/\/www.misceladoro.com\/de\/#\/schema\/logo\/image\/\"},\"sameAs\":[\"https:\/\/www.facebook.com\/MDOSicilia1946\",\"https:\/\/x.com\/miscela_doro\",\"https:\/\/www.instagram.com\/misceladoro\/\"]}]}<\/script>\n<!-- \/ Yoast SEO Premium plugin. -->","yoast_head_json":{"title":"Gold Arabica \u2013 Nespresso\u00ae-kompatible Kapseln | Miscela d&#039;Oro","description":"Gold Arabica: 100 % Arabica-Espresso, mild & elegant. Nespresso\u00ae-kompatible Kapseln. Jetzt italienische Raffinesse erleben!","robots":{"index":"index","follow":"follow","max-snippet":"max-snippet:-1","max-image-preview":"max-image-preview:large","max-video-preview":"max-video-preview:-1"},"canonical":"https:\/\/www.misceladoro.com\/de\/produkt\/nespresso-kompatible-kapseln-gold\/","og_locale":"de_DE","og_type":"article","og_title":"Gold \u2013 Nespresso\u00ae* kompatible Kapseln","og_description":"Scopri le capsule Gold di Miscela d'Oro. Aroma intenso, corpo ricco e cremoso. Compatibili Nespresso\u2122. Acquista ora online","og_url":"https:\/\/www.misceladoro.com\/de\/produkt\/nespresso-kompatible-kapseln-gold\/","og_site_name":"Miscela d&#039;Oro","article_publisher":"https:\/\/www.facebook.com\/MDOSicilia1946","article_modified_time":"2025-07-01T14:33:03+00:00","og_image":[{"width":500,"height":500,"url":"https:\/\/www.misceladoro.com\/wp-content\/uploads\/2022\/10\/gold-capsule-nespresso-compatibili-confezione-da-10-capsule.jpeg","type":"image\/jpeg"}],"twitter_card":"summary_large_image","twitter_description":"Scopri le capsule Gold di Miscela d'Oro. Aroma intenso, corpo ricco e cremoso. Compatibili Nespresso\u2122. Acquista ora online","twitter_site":"@miscela_doro","twitter_misc":{"Gesch\u00e4tzte Lesezeit":"1\u00a0Minute"},"schema":{"@context":"https:\/\/schema.org","@graph":[{"@type":"WebPage","@id":"https:\/\/www.misceladoro.com\/de\/produkt\/nespresso-kompatible-kapseln-gold\/","url":"https:\/\/www.misceladoro.com\/de\/produkt\/nespresso-kompatible-kapseln-gold\/","name":"Gold Arabica \u2013 Nespresso\u00ae-kompatible Kapseln | Miscela d&#039;Oro","isPartOf":{"@id":"https:\/\/www.misceladoro.com\/de\/#website"},"primaryImageOfPage":{"@id":"https:\/\/www.misceladoro.com\/de\/produkt\/nespresso-kompatible-kapseln-gold\/#primaryimage"},"image":{"@id":"https:\/\/www.misceladoro.com\/de\/produkt\/nespresso-kompatible-kapseln-gold\/#primaryimage"},"thumbnailUrl":"https:\/\/www.misceladoro.com\/wp-content\/uploads\/2022\/10\/gold-capsule-nespresso-compatibili-confezione-da-10-capsule.jpeg","datePublished":"2022-10-19T13:22:53+00:00","dateModified":"2025-07-01T14:33:03+00:00","description":"Gold Arabica: 100 % Arabica-Espresso, mild & elegant. Nespresso\u00ae-kompatible Kapseln. Jetzt italienische Raffinesse erleben!","breadcrumb":{"@id":"https:\/\/www.misceladoro.com\/de\/produkt\/nespresso-kompatible-kapseln-gold\/#breadcrumb"},"inLanguage":"de","potentialAction":[{"@type":"ReadAction","target":["https:\/\/www.misceladoro.com\/de\/produkt\/nespresso-kompatible-kapseln-gold\/"]}]},{"@type":"ImageObject","inLanguage":"de","@id":"https:\/\/www.misceladoro.com\/de\/produkt\/nespresso-kompatible-kapseln-gold\/#primaryimage","url":"https:\/\/www.misceladoro.com\/wp-content\/uploads\/2022\/10\/gold-capsule-nespresso-compatibili-confezione-da-10-capsule.jpeg","contentUrl":"https:\/\/www.misceladoro.com\/wp-content\/uploads\/2022\/10\/gold-capsule-nespresso-compatibili-confezione-da-10-capsule.jpeg","width":500,"height":500,"caption":"||||"},{"@type":"BreadcrumbList","@id":"https:\/\/www.misceladoro.com\/de\/produkt\/nespresso-kompatible-kapseln-gold\/#breadcrumb","itemListElement":[{"@type":"ListItem","position":1,"name":"Home","item":"https:\/\/www.misceladoro.com\/de\/"},{"@type":"ListItem","position":2,"name":"Shop","item":"https:\/\/www.misceladoro.com\/de\/shop\/"},{"@type":"ListItem","position":3,"name":"Kaffeekapseln","item":"https:\/\/www.misceladoro.com\/de\/kaffeekapseln\/"},{"@type":"ListItem","position":4,"name":"Nespresso\u00ae kompatible","item":"https:\/\/www.misceladoro.com\/de\/kaffeekapseln\/nespresso-kompatible\/"},{"@type":"ListItem","position":5,"name":"Gold \u2013 Nespresso\u00ae* kompatible Kapseln"}]},{"@type":"WebSite","@id":"https:\/\/www.misceladoro.com\/de\/#website","url":"https:\/\/www.misceladoro.com\/de\/","name":"Miscela d'Oro","description":"Artigiani del caff\u00e8 dal 1946","publisher":{"@id":"https:\/\/www.misceladoro.com\/de\/#organization"},"potentialAction":[{"@type":"SearchAction","target":{"@type":"EntryPoint","urlTemplate":"https:\/\/www.misceladoro.com\/de\/?s={search_term_string}"},"query-input":{"@type":"PropertyValueSpecification","valueRequired":true,"valueName":"search_term_string"}}],"inLanguage":"de"},{"@type":"Organization","@id":"https:\/\/www.misceladoro.com\/de\/#organization","name":"Miscela d'Oro","url":"https:\/\/www.misceladoro.com\/de\/","logo":{"@type":"ImageObject","inLanguage":"de","@id":"https:\/\/www.misceladoro.com\/de\/#\/schema\/logo\/image\/","url":"https:\/\/www.misceladoro.com\/wp-content\/uploads\/2022\/10\/LogoMiscelaOro-logo.png","contentUrl":"https:\/\/www.misceladoro.com\/wp-content\/uploads\/2022\/10\/LogoMiscelaOro-logo.png","width":200,"height":120,"caption":"Miscela d'Oro"},"image":{"@id":"https:\/\/www.misceladoro.com\/de\/#\/schema\/logo\/image\/"},"sameAs":["https:\/\/www.facebook.com\/MDOSicilia1946","https:\/\/x.com\/miscela_doro","https:\/\/www.instagram.com\/misceladoro\/"]}]}},"_links":{"self":[{"href":"https:\/\/www.misceladoro.com\/de\/wp-json\/wp\/v2\/product\/14508","targetHints":{"allow":["GET"]}}],"collection":[{"href":"https:\/\/www.misceladoro.com\/de\/wp-json\/wp\/v2\/product"}],"about":[{"href":"https:\/\/www.misceladoro.com\/de\/wp-json\/wp\/v2\/types\/product"}],"wp:featuredmedia":[{"embeddable":true,"href":"https:\/\/www.misceladoro.com\/de\/wp-json\/wp\/v2\/media\/11603"}],"wp:attachment":[{"href":"https:\/\/www.misceladoro.com\/de\/wp-json\/wp\/v2\/media?parent=14508"}],"wp:term":[{"taxonomy":"product_brand","embeddable":true,"href":"https:\/\/www.misceladoro.com\/de\/wp-json\/wp\/v2\/product_brand?post=14508"},{"taxonomy":"product_cat","embeddable":true,"href":"https:\/\/www.misceladoro.com\/de\/wp-json\/wp\/v2\/product_cat?post=14508"},{"taxonomy":"product_tag","embeddable":true,"href":"https:\/\/www.misceladoro.com\/de\/wp-json\/wp\/v2\/product_tag?post=14508"}],"curies":[{"name":"wp","href":"https:\/\/api.w.org\/{rel}","templated":true}]}}