{"id":14506,"date":"2022-10-17T17:14:18","date_gmt":"2022-10-17T15:14:18","guid":{"rendered":"https:\/\/www.misceladoro.com\/prodotto\/bio-gemahlener-kaffee-espresso-natura\/"},"modified":"2025-07-02T12:56:16","modified_gmt":"2025-07-02T10:56:16","slug":"bio-gemahlener-kaffee-espresso-natura","status":"publish","type":"product","link":"https:\/\/www.misceladoro.com\/de\/produkt\/bio-gemahlener-kaffee-espresso-natura\/","title":{"rendered":"Espresso Natura \u2013 Bio Gemahlener Kaffee"},"content":{"rendered":"","protected":false},"excerpt":{"rendered":"<p class=\"p1\">Nuancenreicher Espresso: Die S\u00fc\u00dfe des Schokoladennachgeschmacks verbindet sich mit einem fast keksartigen Geschmack, der in Milch \u00fcberraschend wirkt. Eine Premiummischung ausgew\u00e4hlter Kaffeesorten aus biologischem Anbau. Ein Produkt, das die Ressourcen unseres Planeten schont, sodass die Kaffeepause ein Genuss f\u00fcr den Gaumen und eine Freude f\u00fcr den Geist ist.<\/p>\n","protected":false},"featured_media":11594,"template":"","meta":{"_acf_changed":false,"inline_featured_image":false},"product_brand":[],"product_cat":[739,737],"product_tag":[1053,1100,1055,1056,1057,1149,1150,1061,1062,1106],"class_list":{"0":"post-14506","1":"product","2":"type-product","3":"status-publish","4":"has-post-thumbnail","6":"product_cat-biokaffee","7":"product_cat-gemahlener-kaffee","8":"product_tag-best-ground-coffee-de","9":"product_tag-caffe-biologico-de","10":"product_tag-caffe-macinato-de","11":"product_tag-caffe-macinato-migliore-de","12":"product_tag-caffe-macinato-per-espresso-de","13":"product_tag-caffe-per-moka-de","14":"product_tag-coffee-for-moka-de","15":"product_tag-ground-coffee-de","16":"product_tag-ground-espresso-coffee-de","17":"product_tag-organic-coffee-de","19":"first","20":"instock","21":"sale","22":"taxable","23":"shipping-taxable","24":"purchasable","25":"product-type-simple"},"acf":[],"yoast_head":"<!-- This site is optimized with the Yoast SEO Premium plugin v26.7 (Yoast SEO v26.7) - https:\/\/yoast.com\/wordpress\/plugins\/seo\/ -->\n<title>Espresso Natura - Bio-Kaffeepulver | Miscela d&#039;Oro<\/title>\n<meta name=\"description\" content=\"Bio-Kaffeepulver mit nussigen Noten &amp; weichem Abgang. Cremige Mischung aus nachhaltigem Anbau. Schmecken Sie pure Natur!\" \/>\n<meta name=\"robots\" content=\"index, follow, max-snippet:-1, max-image-preview:large, max-video-preview:-1\" \/>\n<link rel=\"canonical\" href=\"https:\/\/www.misceladoro.com\/de\/produkt\/bio-gemahlener-kaffee-espresso-natura\/\" \/>\n<meta property=\"og:locale\" content=\"de_DE\" \/>\n<meta property=\"og:type\" content=\"article\" \/>\n<meta property=\"og:title\" content=\"Espresso Natura \u2013 Bio Gemahlener Kaffee\" \/>\n<meta property=\"og:description\" content=\"Gusta l\u2019Espresso Natura di Miscela d&#039;Oro. Caff\u00e8 macinato biologico con note di nocciole e frutta secca, perfetto per moka e macchine espresso domestiche.\" \/>\n<meta property=\"og:url\" content=\"https:\/\/www.misceladoro.com\/de\/produkt\/bio-gemahlener-kaffee-espresso-natura\/\" \/>\n<meta property=\"og:site_name\" content=\"Miscela d&#039;Oro\" \/>\n<meta property=\"article:publisher\" content=\"https:\/\/www.facebook.com\/MDOSicilia1946\" \/>\n<meta property=\"article:modified_time\" content=\"2025-07-02T10:56:16+00:00\" \/>\n<meta property=\"og:image\" content=\"https:\/\/www.misceladoro.com\/wp-content\/uploads\/2022\/10\/natura_macinato.png\" \/>\n\t<meta property=\"og:image:width\" content=\"855\" \/>\n\t<meta property=\"og:image:height\" content=\"855\" \/>\n\t<meta property=\"og:image:type\" content=\"image\/png\" \/>\n<meta name=\"twitter:card\" content=\"summary_large_image\" \/>\n<meta name=\"twitter:description\" content=\"Gusta l\u2019Espresso Natura di Miscela d&#039;Oro. Caff\u00e8 macinato biologico con note di nocciole e frutta secca, perfetto per moka e macchine espresso domestiche.\" \/>\n<meta name=\"twitter:site\" content=\"@miscela_doro\" \/>\n<meta name=\"twitter:label1\" content=\"Gesch\u00e4tzte Lesezeit\" \/>\n\t<meta name=\"twitter:data1\" content=\"1\u00a0Minute\" \/>\n<script type=\"application\/ld+json\" class=\"yoast-schema-graph\">{\"@context\":\"https:\/\/schema.org\",\"@graph\":[{\"@type\":\"WebPage\",\"@id\":\"https:\/\/www.misceladoro.com\/de\/produkt\/bio-gemahlener-kaffee-espresso-natura\/\",\"url\":\"https:\/\/www.misceladoro.com\/de\/produkt\/bio-gemahlener-kaffee-espresso-natura\/\",\"name\":\"Espresso Natura - Bio-Kaffeepulver | Miscela d&#039;Oro\",\"isPartOf\":{\"@id\":\"https:\/\/www.misceladoro.com\/de\/#website\"},\"primaryImageOfPage\":{\"@id\":\"https:\/\/www.misceladoro.com\/de\/produkt\/bio-gemahlener-kaffee-espresso-natura\/#primaryimage\"},\"image\":{\"@id\":\"https:\/\/www.misceladoro.com\/de\/produkt\/bio-gemahlener-kaffee-espresso-natura\/#primaryimage\"},\"thumbnailUrl\":\"https:\/\/www.misceladoro.com\/wp-content\/uploads\/2022\/10\/natura_macinato.png\",\"datePublished\":\"2022-10-17T15:14:18+00:00\",\"dateModified\":\"2025-07-02T10:56:16+00:00\",\"description\":\"Bio-Kaffeepulver mit nussigen Noten & weichem Abgang. Cremige Mischung aus nachhaltigem Anbau. Schmecken Sie pure Natur!\",\"breadcrumb\":{\"@id\":\"https:\/\/www.misceladoro.com\/de\/produkt\/bio-gemahlener-kaffee-espresso-natura\/#breadcrumb\"},\"inLanguage\":\"de\",\"potentialAction\":[{\"@type\":\"ReadAction\",\"target\":[\"https:\/\/www.misceladoro.com\/de\/produkt\/bio-gemahlener-kaffee-espresso-natura\/\"]}]},{\"@type\":\"ImageObject\",\"inLanguage\":\"de\",\"@id\":\"https:\/\/www.misceladoro.com\/de\/produkt\/bio-gemahlener-kaffee-espresso-natura\/#primaryimage\",\"url\":\"https:\/\/www.misceladoro.com\/wp-content\/uploads\/2022\/10\/natura_macinato.png\",\"contentUrl\":\"https:\/\/www.misceladoro.com\/wp-content\/uploads\/2022\/10\/natura_macinato.png\",\"width\":855,\"height\":855,\"caption\":\"|||\"},{\"@type\":\"BreadcrumbList\",\"@id\":\"https:\/\/www.misceladoro.com\/de\/produkt\/bio-gemahlener-kaffee-espresso-natura\/#breadcrumb\",\"itemListElement\":[{\"@type\":\"ListItem\",\"position\":1,\"name\":\"Home\",\"item\":\"https:\/\/www.misceladoro.com\/de\/\"},{\"@type\":\"ListItem\",\"position\":2,\"name\":\"Shop\",\"item\":\"https:\/\/www.misceladoro.com\/de\/shop\/\"},{\"@type\":\"ListItem\",\"position\":3,\"name\":\"Bio kaffee\",\"item\":\"https:\/\/www.misceladoro.com\/de\/biokaffee\/\"},{\"@type\":\"ListItem\",\"position\":4,\"name\":\"Espresso Natura \u2013 Bio Gemahlener Kaffee\"}]},{\"@type\":\"WebSite\",\"@id\":\"https:\/\/www.misceladoro.com\/de\/#website\",\"url\":\"https:\/\/www.misceladoro.com\/de\/\",\"name\":\"Miscela d'Oro\",\"description\":\"Artigiani del caff\u00e8 dal 1946\",\"publisher\":{\"@id\":\"https:\/\/www.misceladoro.com\/de\/#organization\"},\"potentialAction\":[{\"@type\":\"SearchAction\",\"target\":{\"@type\":\"EntryPoint\",\"urlTemplate\":\"https:\/\/www.misceladoro.com\/de\/?s={search_term_string}\"},\"query-input\":{\"@type\":\"PropertyValueSpecification\",\"valueRequired\":true,\"valueName\":\"search_term_string\"}}],\"inLanguage\":\"de\"},{\"@type\":\"Organization\",\"@id\":\"https:\/\/www.misceladoro.com\/de\/#organization\",\"name\":\"Miscela d'Oro\",\"url\":\"https:\/\/www.misceladoro.com\/de\/\",\"logo\":{\"@type\":\"ImageObject\",\"inLanguage\":\"de\",\"@id\":\"https:\/\/www.misceladoro.com\/de\/#\/schema\/logo\/image\/\",\"url\":\"https:\/\/www.misceladoro.com\/wp-content\/uploads\/2022\/10\/LogoMiscelaOro-logo.png\",\"contentUrl\":\"https:\/\/www.misceladoro.com\/wp-content\/uploads\/2022\/10\/LogoMiscelaOro-logo.png\",\"width\":200,\"height\":120,\"caption\":\"Miscela d'Oro\"},\"image\":{\"@id\":\"https:\/\/www.misceladoro.com\/de\/#\/schema\/logo\/image\/\"},\"sameAs\":[\"https:\/\/www.facebook.com\/MDOSicilia1946\",\"https:\/\/x.com\/miscela_doro\",\"https:\/\/www.instagram.com\/misceladoro\/\"]}]}<\/script>\n<!-- \/ Yoast SEO Premium plugin. -->","yoast_head_json":{"title":"Espresso Natura - Bio-Kaffeepulver | Miscela d&#039;Oro","description":"Bio-Kaffeepulver mit nussigen Noten & weichem Abgang. Cremige Mischung aus nachhaltigem Anbau. Schmecken Sie pure Natur!","robots":{"index":"index","follow":"follow","max-snippet":"max-snippet:-1","max-image-preview":"max-image-preview:large","max-video-preview":"max-video-preview:-1"},"canonical":"https:\/\/www.misceladoro.com\/de\/produkt\/bio-gemahlener-kaffee-espresso-natura\/","og_locale":"de_DE","og_type":"article","og_title":"Espresso Natura \u2013 Bio Gemahlener Kaffee","og_description":"Gusta l\u2019Espresso Natura di Miscela d'Oro. Caff\u00e8 macinato biologico con note di nocciole e frutta secca, perfetto per moka e macchine espresso domestiche.","og_url":"https:\/\/www.misceladoro.com\/de\/produkt\/bio-gemahlener-kaffee-espresso-natura\/","og_site_name":"Miscela d&#039;Oro","article_publisher":"https:\/\/www.facebook.com\/MDOSicilia1946","article_modified_time":"2025-07-02T10:56:16+00:00","og_image":[{"width":855,"height":855,"url":"https:\/\/www.misceladoro.com\/wp-content\/uploads\/2022\/10\/natura_macinato.png","type":"image\/png"}],"twitter_card":"summary_large_image","twitter_description":"Gusta l\u2019Espresso Natura di Miscela d'Oro. Caff\u00e8 macinato biologico con note di nocciole e frutta secca, perfetto per moka e macchine espresso domestiche.","twitter_site":"@miscela_doro","twitter_misc":{"Gesch\u00e4tzte Lesezeit":"1\u00a0Minute"},"schema":{"@context":"https:\/\/schema.org","@graph":[{"@type":"WebPage","@id":"https:\/\/www.misceladoro.com\/de\/produkt\/bio-gemahlener-kaffee-espresso-natura\/","url":"https:\/\/www.misceladoro.com\/de\/produkt\/bio-gemahlener-kaffee-espresso-natura\/","name":"Espresso Natura - Bio-Kaffeepulver | Miscela d&#039;Oro","isPartOf":{"@id":"https:\/\/www.misceladoro.com\/de\/#website"},"primaryImageOfPage":{"@id":"https:\/\/www.misceladoro.com\/de\/produkt\/bio-gemahlener-kaffee-espresso-natura\/#primaryimage"},"image":{"@id":"https:\/\/www.misceladoro.com\/de\/produkt\/bio-gemahlener-kaffee-espresso-natura\/#primaryimage"},"thumbnailUrl":"https:\/\/www.misceladoro.com\/wp-content\/uploads\/2022\/10\/natura_macinato.png","datePublished":"2022-10-17T15:14:18+00:00","dateModified":"2025-07-02T10:56:16+00:00","description":"Bio-Kaffeepulver mit nussigen Noten & weichem Abgang. Cremige Mischung aus nachhaltigem Anbau. Schmecken Sie pure Natur!","breadcrumb":{"@id":"https:\/\/www.misceladoro.com\/de\/produkt\/bio-gemahlener-kaffee-espresso-natura\/#breadcrumb"},"inLanguage":"de","potentialAction":[{"@type":"ReadAction","target":["https:\/\/www.misceladoro.com\/de\/produkt\/bio-gemahlener-kaffee-espresso-natura\/"]}]},{"@type":"ImageObject","inLanguage":"de","@id":"https:\/\/www.misceladoro.com\/de\/produkt\/bio-gemahlener-kaffee-espresso-natura\/#primaryimage","url":"https:\/\/www.misceladoro.com\/wp-content\/uploads\/2022\/10\/natura_macinato.png","contentUrl":"https:\/\/www.misceladoro.com\/wp-content\/uploads\/2022\/10\/natura_macinato.png","width":855,"height":855,"caption":"|||"},{"@type":"BreadcrumbList","@id":"https:\/\/www.misceladoro.com\/de\/produkt\/bio-gemahlener-kaffee-espresso-natura\/#breadcrumb","itemListElement":[{"@type":"ListItem","position":1,"name":"Home","item":"https:\/\/www.misceladoro.com\/de\/"},{"@type":"ListItem","position":2,"name":"Shop","item":"https:\/\/www.misceladoro.com\/de\/shop\/"},{"@type":"ListItem","position":3,"name":"Bio kaffee","item":"https:\/\/www.misceladoro.com\/de\/biokaffee\/"},{"@type":"ListItem","position":4,"name":"Espresso Natura \u2013 Bio Gemahlener Kaffee"}]},{"@type":"WebSite","@id":"https:\/\/www.misceladoro.com\/de\/#website","url":"https:\/\/www.misceladoro.com\/de\/","name":"Miscela d'Oro","description":"Artigiani del caff\u00e8 dal 1946","publisher":{"@id":"https:\/\/www.misceladoro.com\/de\/#organization"},"potentialAction":[{"@type":"SearchAction","target":{"@type":"EntryPoint","urlTemplate":"https:\/\/www.misceladoro.com\/de\/?s={search_term_string}"},"query-input":{"@type":"PropertyValueSpecification","valueRequired":true,"valueName":"search_term_string"}}],"inLanguage":"de"},{"@type":"Organization","@id":"https:\/\/www.misceladoro.com\/de\/#organization","name":"Miscela d'Oro","url":"https:\/\/www.misceladoro.com\/de\/","logo":{"@type":"ImageObject","inLanguage":"de","@id":"https:\/\/www.misceladoro.com\/de\/#\/schema\/logo\/image\/","url":"https:\/\/www.misceladoro.com\/wp-content\/uploads\/2022\/10\/LogoMiscelaOro-logo.png","contentUrl":"https:\/\/www.misceladoro.com\/wp-content\/uploads\/2022\/10\/LogoMiscelaOro-logo.png","width":200,"height":120,"caption":"Miscela d'Oro"},"image":{"@id":"https:\/\/www.misceladoro.com\/de\/#\/schema\/logo\/image\/"},"sameAs":["https:\/\/www.facebook.com\/MDOSicilia1946","https:\/\/x.com\/miscela_doro","https:\/\/www.instagram.com\/misceladoro\/"]}]}},"_links":{"self":[{"href":"https:\/\/www.misceladoro.com\/de\/wp-json\/wp\/v2\/product\/14506","targetHints":{"allow":["GET"]}}],"collection":[{"href":"https:\/\/www.misceladoro.com\/de\/wp-json\/wp\/v2\/product"}],"about":[{"href":"https:\/\/www.misceladoro.com\/de\/wp-json\/wp\/v2\/types\/product"}],"wp:featuredmedia":[{"embeddable":true,"href":"https:\/\/www.misceladoro.com\/de\/wp-json\/wp\/v2\/media\/11594"}],"wp:attachment":[{"href":"https:\/\/www.misceladoro.com\/de\/wp-json\/wp\/v2\/media?parent=14506"}],"wp:term":[{"taxonomy":"product_brand","embeddable":true,"href":"https:\/\/www.misceladoro.com\/de\/wp-json\/wp\/v2\/product_brand?post=14506"},{"taxonomy":"product_cat","embeddable":true,"href":"https:\/\/www.misceladoro.com\/de\/wp-json\/wp\/v2\/product_cat?post=14506"},{"taxonomy":"product_tag","embeddable":true,"href":"https:\/\/www.misceladoro.com\/de\/wp-json\/wp\/v2\/product_tag?post=14506"}],"curies":[{"name":"wp","href":"https:\/\/api.w.org\/{rel}","templated":true}]}}