{"id":14497,"date":"2022-10-12T15:28:40","date_gmt":"2022-10-12T13:28:40","guid":{"rendered":"https:\/\/www.misceladoro.com\/prodotto\/lavazza-espresso-point-kompatible-kapseln-espresso-intenso\/"},"modified":"2025-07-01T16:32:53","modified_gmt":"2025-07-01T14:32:53","slug":"lavazza-espresso-point-kompatible-kapseln-espresso-intenso","status":"publish","type":"product","link":"https:\/\/www.misceladoro.com\/de\/produkt\/lavazza-espresso-point-kompatible-kapseln-espresso-intenso\/","title":{"rendered":"Espresso Intenso \u2013 Lavazza\u00ae* Espresso Point\u00ae* kompatible Kapseln"},"content":{"rendered":"","protected":false},"excerpt":{"rendered":"<p class=\"p1\">Eine Mischung mit starkem Aroma und s\u00fc\u00dfem, umh\u00fcllendem Geschmack. Perfekt f\u00fcr alle, die einen kr\u00e4ftigen Espresso lieben.<\/p>\n<p>*<strong>Kaffeepads kompatibel mit Lavazza\u00ae Espresso Point\u00ae Maschinen<\/strong><\/p>\n<p>Die Lavazza\u00ae Espresso Point\u00ae Marken sind Marken Dritter und stehen in keiner Verbindung zu Miscela d\u2019Oro S.p.A.<\/p>\n","protected":false},"featured_media":10680,"template":"","meta":{"_acf_changed":false,"inline_featured_image":false},"product_brand":[],"product_cat":[729,733],"product_tag":[1091,1092,1093,1094,1095,1096,1097,1098,1099],"class_list":{"0":"post-14497","1":"product","2":"type-product","3":"status-publish","4":"has-post-thumbnail","6":"product_cat-kaffeekapseln","7":"product_cat-lavazza-espresso-point-kompatible","8":"product_tag-caffe-espresso-point-de","9":"product_tag-capsule-caffe-espresso-point-de","10":"product_tag-capsule-compatibili-espresso-point-de","11":"product_tag-espresso-point-de","12":"product_tag-espresso-point-capsule-de","13":"product_tag-espresso-point-capsules-de","14":"product_tag-espresso-point-coffee-de","15":"product_tag-espresso-point-coffee-capsules-de","16":"product_tag-espresso-point-compatible-capsules-de","18":"first","19":"instock","20":"taxable","21":"shipping-taxable","22":"purchasable","23":"product-type-simple"},"acf":[],"yoast_head":"<!-- This site is optimized with the Yoast SEO Premium plugin v26.7 (Yoast SEO v26.7) - https:\/\/yoast.com\/wordpress\/plugins\/seo\/ -->\n<title>Espresso Intenso \u2013 Lavazza\u00ae-kompatible Kapseln | Miscela d&#039;Oro<\/title>\n<meta name=\"description\" content=\"Lavazza\u00ae-kompatible Espresso Intenso Kapseln: vollmundig, Karamellnoten &amp; langer Abgang. Ideal f\u00fcr echte Espresso-Fans!\" \/>\n<meta name=\"robots\" content=\"index, follow, max-snippet:-1, max-image-preview:large, max-video-preview:-1\" \/>\n<link rel=\"canonical\" href=\"https:\/\/www.misceladoro.com\/de\/produkt\/lavazza-espresso-point-kompatible-kapseln-espresso-intenso\/\" \/>\n<meta property=\"og:locale\" content=\"de_DE\" \/>\n<meta property=\"og:type\" content=\"article\" \/>\n<meta property=\"og:title\" content=\"Espresso Intenso \u2013 Lavazza\u00ae* Espresso Point\u00ae* kompatible Kapseln\" \/>\n<meta property=\"og:description\" content=\"Prova l\u2019Espresso Intenso di Miscela d&#039;Oro. Capsule compatibili Espresso Point dal gusto forte e avvolgente. Acquista ora online!\" \/>\n<meta property=\"og:url\" content=\"https:\/\/www.misceladoro.com\/de\/produkt\/lavazza-espresso-point-kompatible-kapseln-espresso-intenso\/\" \/>\n<meta property=\"og:site_name\" content=\"Miscela d&#039;Oro\" \/>\n<meta property=\"article:publisher\" content=\"https:\/\/www.facebook.com\/MDOSicilia1946\" \/>\n<meta property=\"article:modified_time\" content=\"2025-07-01T14:32:53+00:00\" \/>\n<meta property=\"og:image\" content=\"https:\/\/www.misceladoro.com\/wp-content\/uploads\/2022\/10\/Intenso_EP.png\" \/>\n\t<meta property=\"og:image:width\" content=\"941\" \/>\n\t<meta property=\"og:image:height\" content=\"941\" \/>\n\t<meta property=\"og:image:type\" content=\"image\/png\" \/>\n<meta name=\"twitter:card\" content=\"summary_large_image\" \/>\n<meta name=\"twitter:description\" content=\"Prova l\u2019Espresso Intenso di Miscela d&#039;Oro. Capsule compatibili Espresso Point dal gusto forte e avvolgente. Acquista ora online!\" \/>\n<meta name=\"twitter:site\" content=\"@miscela_doro\" \/>\n<meta name=\"twitter:label1\" content=\"Gesch\u00e4tzte Lesezeit\" \/>\n\t<meta name=\"twitter:data1\" content=\"1\u00a0Minute\" \/>\n<script type=\"application\/ld+json\" class=\"yoast-schema-graph\">{\"@context\":\"https:\/\/schema.org\",\"@graph\":[{\"@type\":\"WebPage\",\"@id\":\"https:\/\/www.misceladoro.com\/de\/produkt\/lavazza-espresso-point-kompatible-kapseln-espresso-intenso\/\",\"url\":\"https:\/\/www.misceladoro.com\/de\/produkt\/lavazza-espresso-point-kompatible-kapseln-espresso-intenso\/\",\"name\":\"Espresso Intenso \u2013 Lavazza\u00ae-kompatible Kapseln | Miscela d&#039;Oro\",\"isPartOf\":{\"@id\":\"https:\/\/www.misceladoro.com\/de\/#website\"},\"primaryImageOfPage\":{\"@id\":\"https:\/\/www.misceladoro.com\/de\/produkt\/lavazza-espresso-point-kompatible-kapseln-espresso-intenso\/#primaryimage\"},\"image\":{\"@id\":\"https:\/\/www.misceladoro.com\/de\/produkt\/lavazza-espresso-point-kompatible-kapseln-espresso-intenso\/#primaryimage\"},\"thumbnailUrl\":\"https:\/\/www.misceladoro.com\/wp-content\/uploads\/2022\/10\/Intenso_EP.png\",\"datePublished\":\"2022-10-12T13:28:40+00:00\",\"dateModified\":\"2025-07-01T14:32:53+00:00\",\"description\":\"Lavazza\u00ae-kompatible Espresso Intenso Kapseln: vollmundig, Karamellnoten & langer Abgang. Ideal f\u00fcr echte Espresso-Fans!\",\"breadcrumb\":{\"@id\":\"https:\/\/www.misceladoro.com\/de\/produkt\/lavazza-espresso-point-kompatible-kapseln-espresso-intenso\/#breadcrumb\"},\"inLanguage\":\"de\",\"potentialAction\":[{\"@type\":\"ReadAction\",\"target\":[\"https:\/\/www.misceladoro.com\/de\/produkt\/lavazza-espresso-point-kompatible-kapseln-espresso-intenso\/\"]}]},{\"@type\":\"ImageObject\",\"inLanguage\":\"de\",\"@id\":\"https:\/\/www.misceladoro.com\/de\/produkt\/lavazza-espresso-point-kompatible-kapseln-espresso-intenso\/#primaryimage\",\"url\":\"https:\/\/www.misceladoro.com\/wp-content\/uploads\/2022\/10\/Intenso_EP.png\",\"contentUrl\":\"https:\/\/www.misceladoro.com\/wp-content\/uploads\/2022\/10\/Intenso_EP.png\",\"width\":941,\"height\":941,\"caption\":\"||\"},{\"@type\":\"BreadcrumbList\",\"@id\":\"https:\/\/www.misceladoro.com\/de\/produkt\/lavazza-espresso-point-kompatible-kapseln-espresso-intenso\/#breadcrumb\",\"itemListElement\":[{\"@type\":\"ListItem\",\"position\":1,\"name\":\"Home\",\"item\":\"https:\/\/www.misceladoro.com\/de\/\"},{\"@type\":\"ListItem\",\"position\":2,\"name\":\"Shop\",\"item\":\"https:\/\/www.misceladoro.com\/de\/shop\/\"},{\"@type\":\"ListItem\",\"position\":3,\"name\":\"Kaffeekapseln\",\"item\":\"https:\/\/www.misceladoro.com\/de\/kaffeekapseln\/\"},{\"@type\":\"ListItem\",\"position\":4,\"name\":\"Lavazza\u00ae Espresso Point\u00ae kompatible\u200b\",\"item\":\"https:\/\/www.misceladoro.com\/de\/kaffeekapseln\/lavazza-espresso-point-kompatible\/\"},{\"@type\":\"ListItem\",\"position\":5,\"name\":\"Espresso Intenso \u2013 Lavazza\u00ae* Espresso Point\u00ae* kompatible Kapseln\"}]},{\"@type\":\"WebSite\",\"@id\":\"https:\/\/www.misceladoro.com\/de\/#website\",\"url\":\"https:\/\/www.misceladoro.com\/de\/\",\"name\":\"Miscela d'Oro\",\"description\":\"Artigiani del caff\u00e8 dal 1946\",\"publisher\":{\"@id\":\"https:\/\/www.misceladoro.com\/de\/#organization\"},\"potentialAction\":[{\"@type\":\"SearchAction\",\"target\":{\"@type\":\"EntryPoint\",\"urlTemplate\":\"https:\/\/www.misceladoro.com\/de\/?s={search_term_string}\"},\"query-input\":{\"@type\":\"PropertyValueSpecification\",\"valueRequired\":true,\"valueName\":\"search_term_string\"}}],\"inLanguage\":\"de\"},{\"@type\":\"Organization\",\"@id\":\"https:\/\/www.misceladoro.com\/de\/#organization\",\"name\":\"Miscela d'Oro\",\"url\":\"https:\/\/www.misceladoro.com\/de\/\",\"logo\":{\"@type\":\"ImageObject\",\"inLanguage\":\"de\",\"@id\":\"https:\/\/www.misceladoro.com\/de\/#\/schema\/logo\/image\/\",\"url\":\"https:\/\/www.misceladoro.com\/wp-content\/uploads\/2022\/10\/LogoMiscelaOro-logo.png\",\"contentUrl\":\"https:\/\/www.misceladoro.com\/wp-content\/uploads\/2022\/10\/LogoMiscelaOro-logo.png\",\"width\":200,\"height\":120,\"caption\":\"Miscela d'Oro\"},\"image\":{\"@id\":\"https:\/\/www.misceladoro.com\/de\/#\/schema\/logo\/image\/\"},\"sameAs\":[\"https:\/\/www.facebook.com\/MDOSicilia1946\",\"https:\/\/x.com\/miscela_doro\",\"https:\/\/www.instagram.com\/misceladoro\/\"]}]}<\/script>\n<!-- \/ Yoast SEO Premium plugin. -->","yoast_head_json":{"title":"Espresso Intenso \u2013 Lavazza\u00ae-kompatible Kapseln | Miscela d&#039;Oro","description":"Lavazza\u00ae-kompatible Espresso Intenso Kapseln: vollmundig, Karamellnoten & langer Abgang. Ideal f\u00fcr echte Espresso-Fans!","robots":{"index":"index","follow":"follow","max-snippet":"max-snippet:-1","max-image-preview":"max-image-preview:large","max-video-preview":"max-video-preview:-1"},"canonical":"https:\/\/www.misceladoro.com\/de\/produkt\/lavazza-espresso-point-kompatible-kapseln-espresso-intenso\/","og_locale":"de_DE","og_type":"article","og_title":"Espresso Intenso \u2013 Lavazza\u00ae* Espresso Point\u00ae* kompatible Kapseln","og_description":"Prova l\u2019Espresso Intenso di Miscela d'Oro. Capsule compatibili Espresso Point dal gusto forte e avvolgente. Acquista ora online!","og_url":"https:\/\/www.misceladoro.com\/de\/produkt\/lavazza-espresso-point-kompatible-kapseln-espresso-intenso\/","og_site_name":"Miscela d&#039;Oro","article_publisher":"https:\/\/www.facebook.com\/MDOSicilia1946","article_modified_time":"2025-07-01T14:32:53+00:00","og_image":[{"width":941,"height":941,"url":"https:\/\/www.misceladoro.com\/wp-content\/uploads\/2022\/10\/Intenso_EP.png","type":"image\/png"}],"twitter_card":"summary_large_image","twitter_description":"Prova l\u2019Espresso Intenso di Miscela d'Oro. Capsule compatibili Espresso Point dal gusto forte e avvolgente. Acquista ora online!","twitter_site":"@miscela_doro","twitter_misc":{"Gesch\u00e4tzte Lesezeit":"1\u00a0Minute"},"schema":{"@context":"https:\/\/schema.org","@graph":[{"@type":"WebPage","@id":"https:\/\/www.misceladoro.com\/de\/produkt\/lavazza-espresso-point-kompatible-kapseln-espresso-intenso\/","url":"https:\/\/www.misceladoro.com\/de\/produkt\/lavazza-espresso-point-kompatible-kapseln-espresso-intenso\/","name":"Espresso Intenso \u2013 Lavazza\u00ae-kompatible Kapseln | Miscela d&#039;Oro","isPartOf":{"@id":"https:\/\/www.misceladoro.com\/de\/#website"},"primaryImageOfPage":{"@id":"https:\/\/www.misceladoro.com\/de\/produkt\/lavazza-espresso-point-kompatible-kapseln-espresso-intenso\/#primaryimage"},"image":{"@id":"https:\/\/www.misceladoro.com\/de\/produkt\/lavazza-espresso-point-kompatible-kapseln-espresso-intenso\/#primaryimage"},"thumbnailUrl":"https:\/\/www.misceladoro.com\/wp-content\/uploads\/2022\/10\/Intenso_EP.png","datePublished":"2022-10-12T13:28:40+00:00","dateModified":"2025-07-01T14:32:53+00:00","description":"Lavazza\u00ae-kompatible Espresso Intenso Kapseln: vollmundig, Karamellnoten & langer Abgang. Ideal f\u00fcr echte Espresso-Fans!","breadcrumb":{"@id":"https:\/\/www.misceladoro.com\/de\/produkt\/lavazza-espresso-point-kompatible-kapseln-espresso-intenso\/#breadcrumb"},"inLanguage":"de","potentialAction":[{"@type":"ReadAction","target":["https:\/\/www.misceladoro.com\/de\/produkt\/lavazza-espresso-point-kompatible-kapseln-espresso-intenso\/"]}]},{"@type":"ImageObject","inLanguage":"de","@id":"https:\/\/www.misceladoro.com\/de\/produkt\/lavazza-espresso-point-kompatible-kapseln-espresso-intenso\/#primaryimage","url":"https:\/\/www.misceladoro.com\/wp-content\/uploads\/2022\/10\/Intenso_EP.png","contentUrl":"https:\/\/www.misceladoro.com\/wp-content\/uploads\/2022\/10\/Intenso_EP.png","width":941,"height":941,"caption":"||"},{"@type":"BreadcrumbList","@id":"https:\/\/www.misceladoro.com\/de\/produkt\/lavazza-espresso-point-kompatible-kapseln-espresso-intenso\/#breadcrumb","itemListElement":[{"@type":"ListItem","position":1,"name":"Home","item":"https:\/\/www.misceladoro.com\/de\/"},{"@type":"ListItem","position":2,"name":"Shop","item":"https:\/\/www.misceladoro.com\/de\/shop\/"},{"@type":"ListItem","position":3,"name":"Kaffeekapseln","item":"https:\/\/www.misceladoro.com\/de\/kaffeekapseln\/"},{"@type":"ListItem","position":4,"name":"Lavazza\u00ae Espresso Point\u00ae kompatible\u200b","item":"https:\/\/www.misceladoro.com\/de\/kaffeekapseln\/lavazza-espresso-point-kompatible\/"},{"@type":"ListItem","position":5,"name":"Espresso Intenso \u2013 Lavazza\u00ae* Espresso Point\u00ae* kompatible Kapseln"}]},{"@type":"WebSite","@id":"https:\/\/www.misceladoro.com\/de\/#website","url":"https:\/\/www.misceladoro.com\/de\/","name":"Miscela d'Oro","description":"Artigiani del caff\u00e8 dal 1946","publisher":{"@id":"https:\/\/www.misceladoro.com\/de\/#organization"},"potentialAction":[{"@type":"SearchAction","target":{"@type":"EntryPoint","urlTemplate":"https:\/\/www.misceladoro.com\/de\/?s={search_term_string}"},"query-input":{"@type":"PropertyValueSpecification","valueRequired":true,"valueName":"search_term_string"}}],"inLanguage":"de"},{"@type":"Organization","@id":"https:\/\/www.misceladoro.com\/de\/#organization","name":"Miscela d'Oro","url":"https:\/\/www.misceladoro.com\/de\/","logo":{"@type":"ImageObject","inLanguage":"de","@id":"https:\/\/www.misceladoro.com\/de\/#\/schema\/logo\/image\/","url":"https:\/\/www.misceladoro.com\/wp-content\/uploads\/2022\/10\/LogoMiscelaOro-logo.png","contentUrl":"https:\/\/www.misceladoro.com\/wp-content\/uploads\/2022\/10\/LogoMiscelaOro-logo.png","width":200,"height":120,"caption":"Miscela d'Oro"},"image":{"@id":"https:\/\/www.misceladoro.com\/de\/#\/schema\/logo\/image\/"},"sameAs":["https:\/\/www.facebook.com\/MDOSicilia1946","https:\/\/x.com\/miscela_doro","https:\/\/www.instagram.com\/misceladoro\/"]}]}},"_links":{"self":[{"href":"https:\/\/www.misceladoro.com\/de\/wp-json\/wp\/v2\/product\/14497","targetHints":{"allow":["GET"]}}],"collection":[{"href":"https:\/\/www.misceladoro.com\/de\/wp-json\/wp\/v2\/product"}],"about":[{"href":"https:\/\/www.misceladoro.com\/de\/wp-json\/wp\/v2\/types\/product"}],"wp:featuredmedia":[{"embeddable":true,"href":"https:\/\/www.misceladoro.com\/de\/wp-json\/wp\/v2\/media\/10680"}],"wp:attachment":[{"href":"https:\/\/www.misceladoro.com\/de\/wp-json\/wp\/v2\/media?parent=14497"}],"wp:term":[{"taxonomy":"product_brand","embeddable":true,"href":"https:\/\/www.misceladoro.com\/de\/wp-json\/wp\/v2\/product_brand?post=14497"},{"taxonomy":"product_cat","embeddable":true,"href":"https:\/\/www.misceladoro.com\/de\/wp-json\/wp\/v2\/product_cat?post=14497"},{"taxonomy":"product_tag","embeddable":true,"href":"https:\/\/www.misceladoro.com\/de\/wp-json\/wp\/v2\/product_tag?post=14497"}],"curies":[{"name":"wp","href":"https:\/\/api.w.org\/{rel}","templated":true}]}}