{"id":14491,"date":"2022-10-16T17:04:40","date_gmt":"2022-10-16T15:04:40","guid":{"rendered":"https:\/\/www.misceladoro.com\/prodotto\/kaffeebohnen-espresso-gusto-classico\/"},"modified":"2025-07-01T17:25:02","modified_gmt":"2025-07-01T15:25:02","slug":"kaffeebohnen-espresso-gusto-classico","status":"publish","type":"product","link":"https:\/\/www.misceladoro.com\/de\/produkt\/kaffeebohnen-espresso-gusto-classico\/","title":{"rendered":"Espresso Gusto Classico \u2013 Kaffeebohnen"},"content":{"rendered":"","protected":false},"excerpt":{"rendered":"<p>Die traditionelle italienische Mischung, ausgewogen und intensiv, unverwechselbar am Gaumen mit Noten von Popcorn und ger\u00f6steten N\u00fcssen, kr\u00e4ftiger und langer Nachgeschmack.<\/p>\n<p><b>Mischung<\/b>: 40 % Arabica, 60 % Robusta<\/p>\n","protected":false},"featured_media":10803,"template":"","meta":{"_acf_changed":false,"inline_featured_image":false},"product_brand":[],"product_cat":[719],"product_tag":[1111,1112,1075,1113,1114,1115,1116,1117,1118],"class_list":{"0":"post-14491","1":"product","2":"type-product","3":"status-publish","4":"has-post-thumbnail","6":"product_cat-kaffeebohnen","7":"product_tag-caffe-con-crema-spessa-de","8":"product_tag-caffe-forte-de","9":"product_tag-caffe-in-grani-de","10":"product_tag-caffe-tradizionale-de","11":"product_tag-coffee-with-thick-crema-de","12":"product_tag-italian-blend-de","13":"product_tag-miscela-italiana-de","14":"product_tag-strong-coffee-de","15":"product_tag-traditional-coffee-de","17":"first","18":"instock","19":"taxable","20":"shipping-taxable","21":"purchasable","22":"product-type-simple"},"acf":[],"yoast_head":"<!-- This site is optimized with the Yoast SEO Premium plugin v26.7 (Yoast SEO v26.7) - https:\/\/yoast.com\/wordpress\/plugins\/seo\/ -->\n<title>Espresso Gusto Classico - Classic Kaffeebohnen | Miscela d&#039;Oro<\/title>\n<meta name=\"description\" content=\"Gusto Classico Kaffeebohnen mit kr\u00e4ftigem K\u00f6rper &amp; R\u00f6stnoten. Der italienische Klassiker f\u00fcr jeden Tag \u2013 intensiv &amp; vollmundig.\" \/>\n<meta name=\"robots\" content=\"index, follow, max-snippet:-1, max-image-preview:large, max-video-preview:-1\" \/>\n<link rel=\"canonical\" href=\"https:\/\/www.misceladoro.com\/de\/produkt\/kaffeebohnen-espresso-gusto-classico\/\" \/>\n<meta property=\"og:locale\" content=\"de_DE\" \/>\n<meta property=\"og:type\" content=\"article\" \/>\n<meta property=\"og:title\" content=\"Espresso Gusto Classico \u2013 Kaffeebohnen\" \/>\n<meta property=\"og:description\" content=\"Scopri l\u2019Espresso Gusto Classico di Miscela d&#039;Oro. Caff\u00e8 in grani con corpo robusto e crema vellutata, arricchito da note di popcorn e noci tostate. Acquista ora!\" \/>\n<meta property=\"og:url\" content=\"https:\/\/www.misceladoro.com\/de\/produkt\/kaffeebohnen-espresso-gusto-classico\/\" \/>\n<meta property=\"og:site_name\" content=\"Miscela d&#039;Oro\" \/>\n<meta property=\"article:publisher\" content=\"https:\/\/www.facebook.com\/MDOSicilia1946\" \/>\n<meta property=\"article:modified_time\" content=\"2025-07-01T15:25:02+00:00\" \/>\n<meta property=\"og:image\" content=\"https:\/\/www.misceladoro.com\/wp-content\/uploads\/2022\/10\/classico_grani.png\" \/>\n\t<meta property=\"og:image:width\" content=\"941\" \/>\n\t<meta property=\"og:image:height\" content=\"941\" \/>\n\t<meta property=\"og:image:type\" content=\"image\/png\" \/>\n<meta name=\"twitter:card\" content=\"summary_large_image\" \/>\n<meta name=\"twitter:description\" content=\"Scopri l\u2019Espresso Gusto Classico di Miscela d&#039;Oro. Caff\u00e8 in grani con corpo robusto e crema vellutata, arricchito da note di popcorn e noci tostate. Acquista ora!\" \/>\n<meta name=\"twitter:site\" content=\"@miscela_doro\" \/>\n<meta name=\"twitter:label1\" content=\"Gesch\u00e4tzte Lesezeit\" \/>\n\t<meta name=\"twitter:data1\" content=\"1\u00a0Minute\" \/>\n<script type=\"application\/ld+json\" class=\"yoast-schema-graph\">{\"@context\":\"https:\/\/schema.org\",\"@graph\":[{\"@type\":\"WebPage\",\"@id\":\"https:\/\/www.misceladoro.com\/de\/produkt\/kaffeebohnen-espresso-gusto-classico\/\",\"url\":\"https:\/\/www.misceladoro.com\/de\/produkt\/kaffeebohnen-espresso-gusto-classico\/\",\"name\":\"Espresso Gusto Classico - Classic Kaffeebohnen | Miscela d&#039;Oro\",\"isPartOf\":{\"@id\":\"https:\/\/www.misceladoro.com\/de\/#website\"},\"primaryImageOfPage\":{\"@id\":\"https:\/\/www.misceladoro.com\/de\/produkt\/kaffeebohnen-espresso-gusto-classico\/#primaryimage\"},\"image\":{\"@id\":\"https:\/\/www.misceladoro.com\/de\/produkt\/kaffeebohnen-espresso-gusto-classico\/#primaryimage\"},\"thumbnailUrl\":\"https:\/\/www.misceladoro.com\/wp-content\/uploads\/2022\/10\/classico_grani.png\",\"datePublished\":\"2022-10-16T15:04:40+00:00\",\"dateModified\":\"2025-07-01T15:25:02+00:00\",\"description\":\"Gusto Classico Kaffeebohnen mit kr\u00e4ftigem K\u00f6rper & R\u00f6stnoten. Der italienische Klassiker f\u00fcr jeden Tag \u2013 intensiv & vollmundig.\",\"breadcrumb\":{\"@id\":\"https:\/\/www.misceladoro.com\/de\/produkt\/kaffeebohnen-espresso-gusto-classico\/#breadcrumb\"},\"inLanguage\":\"de\",\"potentialAction\":[{\"@type\":\"ReadAction\",\"target\":[\"https:\/\/www.misceladoro.com\/de\/produkt\/kaffeebohnen-espresso-gusto-classico\/\"]}]},{\"@type\":\"ImageObject\",\"inLanguage\":\"de\",\"@id\":\"https:\/\/www.misceladoro.com\/de\/produkt\/kaffeebohnen-espresso-gusto-classico\/#primaryimage\",\"url\":\"https:\/\/www.misceladoro.com\/wp-content\/uploads\/2022\/10\/classico_grani.png\",\"contentUrl\":\"https:\/\/www.misceladoro.com\/wp-content\/uploads\/2022\/10\/classico_grani.png\",\"width\":941,\"height\":941,\"caption\":\"|||||\"},{\"@type\":\"BreadcrumbList\",\"@id\":\"https:\/\/www.misceladoro.com\/de\/produkt\/kaffeebohnen-espresso-gusto-classico\/#breadcrumb\",\"itemListElement\":[{\"@type\":\"ListItem\",\"position\":1,\"name\":\"Home\",\"item\":\"https:\/\/www.misceladoro.com\/de\/\"},{\"@type\":\"ListItem\",\"position\":2,\"name\":\"Shop\",\"item\":\"https:\/\/www.misceladoro.com\/de\/shop\/\"},{\"@type\":\"ListItem\",\"position\":3,\"name\":\"Kaffeebohnen\u200b\",\"item\":\"https:\/\/www.misceladoro.com\/de\/kaffeebohnen\/\"},{\"@type\":\"ListItem\",\"position\":4,\"name\":\"Espresso Gusto Classico \u2013 Kaffeebohnen\"}]},{\"@type\":\"WebSite\",\"@id\":\"https:\/\/www.misceladoro.com\/de\/#website\",\"url\":\"https:\/\/www.misceladoro.com\/de\/\",\"name\":\"Miscela d'Oro\",\"description\":\"Artigiani del caff\u00e8 dal 1946\",\"publisher\":{\"@id\":\"https:\/\/www.misceladoro.com\/de\/#organization\"},\"potentialAction\":[{\"@type\":\"SearchAction\",\"target\":{\"@type\":\"EntryPoint\",\"urlTemplate\":\"https:\/\/www.misceladoro.com\/de\/?s={search_term_string}\"},\"query-input\":{\"@type\":\"PropertyValueSpecification\",\"valueRequired\":true,\"valueName\":\"search_term_string\"}}],\"inLanguage\":\"de\"},{\"@type\":\"Organization\",\"@id\":\"https:\/\/www.misceladoro.com\/de\/#organization\",\"name\":\"Miscela d'Oro\",\"url\":\"https:\/\/www.misceladoro.com\/de\/\",\"logo\":{\"@type\":\"ImageObject\",\"inLanguage\":\"de\",\"@id\":\"https:\/\/www.misceladoro.com\/de\/#\/schema\/logo\/image\/\",\"url\":\"https:\/\/www.misceladoro.com\/wp-content\/uploads\/2022\/10\/LogoMiscelaOro-logo.png\",\"contentUrl\":\"https:\/\/www.misceladoro.com\/wp-content\/uploads\/2022\/10\/LogoMiscelaOro-logo.png\",\"width\":200,\"height\":120,\"caption\":\"Miscela d'Oro\"},\"image\":{\"@id\":\"https:\/\/www.misceladoro.com\/de\/#\/schema\/logo\/image\/\"},\"sameAs\":[\"https:\/\/www.facebook.com\/MDOSicilia1946\",\"https:\/\/x.com\/miscela_doro\",\"https:\/\/www.instagram.com\/misceladoro\/\"]}]}<\/script>\n<!-- \/ Yoast SEO Premium plugin. -->","yoast_head_json":{"title":"Espresso Gusto Classico - Classic Kaffeebohnen | Miscela d&#039;Oro","description":"Gusto Classico Kaffeebohnen mit kr\u00e4ftigem K\u00f6rper & R\u00f6stnoten. Der italienische Klassiker f\u00fcr jeden Tag \u2013 intensiv & vollmundig.","robots":{"index":"index","follow":"follow","max-snippet":"max-snippet:-1","max-image-preview":"max-image-preview:large","max-video-preview":"max-video-preview:-1"},"canonical":"https:\/\/www.misceladoro.com\/de\/produkt\/kaffeebohnen-espresso-gusto-classico\/","og_locale":"de_DE","og_type":"article","og_title":"Espresso Gusto Classico \u2013 Kaffeebohnen","og_description":"Scopri l\u2019Espresso Gusto Classico di Miscela d'Oro. Caff\u00e8 in grani con corpo robusto e crema vellutata, arricchito da note di popcorn e noci tostate. Acquista ora!","og_url":"https:\/\/www.misceladoro.com\/de\/produkt\/kaffeebohnen-espresso-gusto-classico\/","og_site_name":"Miscela d&#039;Oro","article_publisher":"https:\/\/www.facebook.com\/MDOSicilia1946","article_modified_time":"2025-07-01T15:25:02+00:00","og_image":[{"width":941,"height":941,"url":"https:\/\/www.misceladoro.com\/wp-content\/uploads\/2022\/10\/classico_grani.png","type":"image\/png"}],"twitter_card":"summary_large_image","twitter_description":"Scopri l\u2019Espresso Gusto Classico di Miscela d'Oro. Caff\u00e8 in grani con corpo robusto e crema vellutata, arricchito da note di popcorn e noci tostate. Acquista ora!","twitter_site":"@miscela_doro","twitter_misc":{"Gesch\u00e4tzte Lesezeit":"1\u00a0Minute"},"schema":{"@context":"https:\/\/schema.org","@graph":[{"@type":"WebPage","@id":"https:\/\/www.misceladoro.com\/de\/produkt\/kaffeebohnen-espresso-gusto-classico\/","url":"https:\/\/www.misceladoro.com\/de\/produkt\/kaffeebohnen-espresso-gusto-classico\/","name":"Espresso Gusto Classico - Classic Kaffeebohnen | Miscela d&#039;Oro","isPartOf":{"@id":"https:\/\/www.misceladoro.com\/de\/#website"},"primaryImageOfPage":{"@id":"https:\/\/www.misceladoro.com\/de\/produkt\/kaffeebohnen-espresso-gusto-classico\/#primaryimage"},"image":{"@id":"https:\/\/www.misceladoro.com\/de\/produkt\/kaffeebohnen-espresso-gusto-classico\/#primaryimage"},"thumbnailUrl":"https:\/\/www.misceladoro.com\/wp-content\/uploads\/2022\/10\/classico_grani.png","datePublished":"2022-10-16T15:04:40+00:00","dateModified":"2025-07-01T15:25:02+00:00","description":"Gusto Classico Kaffeebohnen mit kr\u00e4ftigem K\u00f6rper & R\u00f6stnoten. Der italienische Klassiker f\u00fcr jeden Tag \u2013 intensiv & vollmundig.","breadcrumb":{"@id":"https:\/\/www.misceladoro.com\/de\/produkt\/kaffeebohnen-espresso-gusto-classico\/#breadcrumb"},"inLanguage":"de","potentialAction":[{"@type":"ReadAction","target":["https:\/\/www.misceladoro.com\/de\/produkt\/kaffeebohnen-espresso-gusto-classico\/"]}]},{"@type":"ImageObject","inLanguage":"de","@id":"https:\/\/www.misceladoro.com\/de\/produkt\/kaffeebohnen-espresso-gusto-classico\/#primaryimage","url":"https:\/\/www.misceladoro.com\/wp-content\/uploads\/2022\/10\/classico_grani.png","contentUrl":"https:\/\/www.misceladoro.com\/wp-content\/uploads\/2022\/10\/classico_grani.png","width":941,"height":941,"caption":"|||||"},{"@type":"BreadcrumbList","@id":"https:\/\/www.misceladoro.com\/de\/produkt\/kaffeebohnen-espresso-gusto-classico\/#breadcrumb","itemListElement":[{"@type":"ListItem","position":1,"name":"Home","item":"https:\/\/www.misceladoro.com\/de\/"},{"@type":"ListItem","position":2,"name":"Shop","item":"https:\/\/www.misceladoro.com\/de\/shop\/"},{"@type":"ListItem","position":3,"name":"Kaffeebohnen\u200b","item":"https:\/\/www.misceladoro.com\/de\/kaffeebohnen\/"},{"@type":"ListItem","position":4,"name":"Espresso Gusto Classico \u2013 Kaffeebohnen"}]},{"@type":"WebSite","@id":"https:\/\/www.misceladoro.com\/de\/#website","url":"https:\/\/www.misceladoro.com\/de\/","name":"Miscela d'Oro","description":"Artigiani del caff\u00e8 dal 1946","publisher":{"@id":"https:\/\/www.misceladoro.com\/de\/#organization"},"potentialAction":[{"@type":"SearchAction","target":{"@type":"EntryPoint","urlTemplate":"https:\/\/www.misceladoro.com\/de\/?s={search_term_string}"},"query-input":{"@type":"PropertyValueSpecification","valueRequired":true,"valueName":"search_term_string"}}],"inLanguage":"de"},{"@type":"Organization","@id":"https:\/\/www.misceladoro.com\/de\/#organization","name":"Miscela d'Oro","url":"https:\/\/www.misceladoro.com\/de\/","logo":{"@type":"ImageObject","inLanguage":"de","@id":"https:\/\/www.misceladoro.com\/de\/#\/schema\/logo\/image\/","url":"https:\/\/www.misceladoro.com\/wp-content\/uploads\/2022\/10\/LogoMiscelaOro-logo.png","contentUrl":"https:\/\/www.misceladoro.com\/wp-content\/uploads\/2022\/10\/LogoMiscelaOro-logo.png","width":200,"height":120,"caption":"Miscela d'Oro"},"image":{"@id":"https:\/\/www.misceladoro.com\/de\/#\/schema\/logo\/image\/"},"sameAs":["https:\/\/www.facebook.com\/MDOSicilia1946","https:\/\/x.com\/miscela_doro","https:\/\/www.instagram.com\/misceladoro\/"]}]}},"_links":{"self":[{"href":"https:\/\/www.misceladoro.com\/de\/wp-json\/wp\/v2\/product\/14491","targetHints":{"allow":["GET"]}}],"collection":[{"href":"https:\/\/www.misceladoro.com\/de\/wp-json\/wp\/v2\/product"}],"about":[{"href":"https:\/\/www.misceladoro.com\/de\/wp-json\/wp\/v2\/types\/product"}],"wp:featuredmedia":[{"embeddable":true,"href":"https:\/\/www.misceladoro.com\/de\/wp-json\/wp\/v2\/media\/10803"}],"wp:attachment":[{"href":"https:\/\/www.misceladoro.com\/de\/wp-json\/wp\/v2\/media?parent=14491"}],"wp:term":[{"taxonomy":"product_brand","embeddable":true,"href":"https:\/\/www.misceladoro.com\/de\/wp-json\/wp\/v2\/product_brand?post=14491"},{"taxonomy":"product_cat","embeddable":true,"href":"https:\/\/www.misceladoro.com\/de\/wp-json\/wp\/v2\/product_cat?post=14491"},{"taxonomy":"product_tag","embeddable":true,"href":"https:\/\/www.misceladoro.com\/de\/wp-json\/wp\/v2\/product_tag?post=14491"}],"curies":[{"name":"wp","href":"https:\/\/api.w.org\/{rel}","templated":true}]}}