{"id":18193,"date":"2026-03-24T12:09:08","date_gmt":"2026-03-24T11:09:08","guid":{"rendered":"https:\/\/www.misceladoro.com\/crea-abbonamento\/"},"modified":"2026-04-10T12:10:04","modified_gmt":"2026-04-10T10:10:04","slug":"abonnement-erstellen","status":"publish","type":"page","link":"https:\/\/www.misceladoro.com\/de\/abonnement-erstellen\/","title":{"rendered":"Stellen Sie Ihr pers\u00f6nliches Abonnement zusammen"},"content":{"rendered":"<h2 class=\"ql-block\" data-block-id=\"block-72bc4451-6ad4-4fed-ba50-012befba5794\">W\u00e4hlen Sie Ihren Lieblingskaffee, legen Sie das Lieferintervall fest und erhalten Sie ihn bequem nach Hause.<\/h2>\n<div class=\"ql-block ai-optimize-introduction\" data-block-id=\"block-07c54117-7e5e-41b9-ba89-997e2fa14928\">Warum abonnieren?<\/div>\n<ul>\n<li class=\"ql-block\" data-block-id=\"block-13e5d5c5-5f0b-4325-be5d-ed3bd7a4dd84\">\u201310 % auf jede Bestellung<\/li>\n<li class=\"ql-block\" data-block-id=\"block-13e5d5c5-5f0b-4325-be5d-ed3bd7a4dd84\">Lieferpause oder K\u00fcndigung jederzeit m\u00f6glich<\/li>\n<li class=\"ql-block\" data-block-id=\"block-13e5d5c5-5f0b-4325-be5d-ed3bd7a4dd84\">Immer frisch ger\u00f6steter Kaffee<\/li>\n<li class=\"ql-block\" data-block-id=\"block-13e5d5c5-5f0b-4325-be5d-ed3bd7a4dd84\">Priorisierter Support &amp; schneller Versand<\/li>\n<li class=\"ql-block\" data-block-id=\"block-13e5d5c5-5f0b-4325-be5d-ed3bd7a4dd84\">Exklusive Geschenke das ganze Jahr \u00fcber<\/li>\n<\/ul>\n","protected":false},"excerpt":{"rendered":"<p>W\u00e4hlen Sie Ihren Lieblingskaffee, legen Sie das Lieferintervall fest und erhalten Sie ihn bequem nach Hause. Warum abonnieren? \u201310 % auf jede Bestellung Lieferpause oder K\u00fcndigung jederzeit m\u00f6glich Immer frisch ger\u00f6steter Kaffee Priorisierter Support &amp; schneller Versand Exklusive Geschenke das ganze Jahr \u00fcber<\/p>\n","protected":false},"author":4908,"featured_media":0,"parent":0,"menu_order":0,"comment_status":"closed","ping_status":"closed","template":"landing-abbonamento.php","meta":{"_acf_changed":false,"inline_featured_image":false,"footnotes":""},"class_list":["post-18193","page","type-page","status-publish","hentry"],"acf":[],"yoast_head":"<!-- This site is optimized with the Yoast SEO Premium plugin v26.7 (Yoast SEO v26.7) - https:\/\/yoast.com\/wordpress\/plugins\/seo\/ -->\n<title>Stellen Sie Ihr pers\u00f6nliches Abonnement zusammen | Miscela d&#039;Oro<\/title>\n<meta name=\"description\" content=\"Erhalte deinen Lieblingskaffee regelm\u00e4\u00dfig: 10% Rabatt auf jede Bestellung, schnelle Lieferung, immer frisch ger\u00f6stet. Flexibel pausieren oder k\u00fcndigen.\" \/>\n<meta name=\"robots\" content=\"index, follow, max-snippet:-1, max-image-preview:large, max-video-preview:-1\" \/>\n<link rel=\"canonical\" href=\"https:\/\/www.misceladoro.com\/de\/abonnement-erstellen\/\" \/>\n<meta property=\"og:locale\" content=\"de_DE\" \/>\n<meta property=\"og:type\" content=\"article\" \/>\n<meta property=\"og:title\" content=\"Stellen Sie Ihr pers\u00f6nliches Abonnement zusammen\" \/>\n<meta property=\"og:description\" content=\"Erhalte deinen Lieblingskaffee regelm\u00e4\u00dfig: 10% Rabatt auf jede Bestellung, schnelle Lieferung, immer frisch ger\u00f6stet. Flexibel pausieren oder k\u00fcndigen.\" \/>\n<meta property=\"og:url\" content=\"https:\/\/www.misceladoro.com\/de\/abonnement-erstellen\/\" \/>\n<meta property=\"og:site_name\" content=\"Miscela d&#039;Oro\" \/>\n<meta property=\"article:publisher\" content=\"https:\/\/www.facebook.com\/MDOSicilia1946\" \/>\n<meta property=\"article:modified_time\" content=\"2026-04-10T10:10:04+00:00\" \/>\n<meta name=\"twitter:card\" content=\"summary_large_image\" \/>\n<meta name=\"twitter:site\" content=\"@miscela_doro\" \/>\n<meta name=\"twitter:label1\" content=\"Gesch\u00e4tzte Lesezeit\" \/>\n\t<meta name=\"twitter:data1\" content=\"1\u00a0Minute\" \/>\n<script type=\"application\/ld+json\" class=\"yoast-schema-graph\">{\"@context\":\"https:\/\/schema.org\",\"@graph\":[{\"@type\":\"WebPage\",\"@id\":\"https:\/\/www.misceladoro.com\/de\/abonnement-erstellen\/\",\"url\":\"https:\/\/www.misceladoro.com\/de\/abonnement-erstellen\/\",\"name\":\"Stellen Sie Ihr pers\u00f6nliches Abonnement zusammen | Miscela d&#039;Oro\",\"isPartOf\":{\"@id\":\"https:\/\/www.misceladoro.com\/de\/#website\"},\"datePublished\":\"2026-03-24T11:09:08+00:00\",\"dateModified\":\"2026-04-10T10:10:04+00:00\",\"description\":\"Erhalte deinen Lieblingskaffee regelm\u00e4\u00dfig: 10% Rabatt auf jede Bestellung, schnelle Lieferung, immer frisch ger\u00f6stet. Flexibel pausieren oder k\u00fcndigen.\",\"breadcrumb\":{\"@id\":\"https:\/\/www.misceladoro.com\/de\/abonnement-erstellen\/#breadcrumb\"},\"inLanguage\":\"de\",\"potentialAction\":[{\"@type\":\"ReadAction\",\"target\":[\"https:\/\/www.misceladoro.com\/de\/abonnement-erstellen\/\"]}]},{\"@type\":\"BreadcrumbList\",\"@id\":\"https:\/\/www.misceladoro.com\/de\/abonnement-erstellen\/#breadcrumb\",\"itemListElement\":[{\"@type\":\"ListItem\",\"position\":1,\"name\":\"Home\",\"item\":\"https:\/\/www.misceladoro.com\/de\/\"},{\"@type\":\"ListItem\",\"position\":2,\"name\":\"Stellen Sie Ihr pers\u00f6nliches Abonnement zusammen\"}]},{\"@type\":\"WebSite\",\"@id\":\"https:\/\/www.misceladoro.com\/de\/#website\",\"url\":\"https:\/\/www.misceladoro.com\/de\/\",\"name\":\"Miscela d'Oro\",\"description\":\"Artigiani del caff\u00e8 dal 1946\",\"publisher\":{\"@id\":\"https:\/\/www.misceladoro.com\/de\/#organization\"},\"potentialAction\":[{\"@type\":\"SearchAction\",\"target\":{\"@type\":\"EntryPoint\",\"urlTemplate\":\"https:\/\/www.misceladoro.com\/de\/?s={search_term_string}\"},\"query-input\":{\"@type\":\"PropertyValueSpecification\",\"valueRequired\":true,\"valueName\":\"search_term_string\"}}],\"inLanguage\":\"de\"},{\"@type\":\"Organization\",\"@id\":\"https:\/\/www.misceladoro.com\/de\/#organization\",\"name\":\"Miscela d'Oro\",\"url\":\"https:\/\/www.misceladoro.com\/de\/\",\"logo\":{\"@type\":\"ImageObject\",\"inLanguage\":\"de\",\"@id\":\"https:\/\/www.misceladoro.com\/de\/#\/schema\/logo\/image\/\",\"url\":\"https:\/\/www.misceladoro.com\/wp-content\/uploads\/2022\/10\/LogoMiscelaOro-logo.png\",\"contentUrl\":\"https:\/\/www.misceladoro.com\/wp-content\/uploads\/2022\/10\/LogoMiscelaOro-logo.png\",\"width\":200,\"height\":120,\"caption\":\"Miscela d'Oro\"},\"image\":{\"@id\":\"https:\/\/www.misceladoro.com\/de\/#\/schema\/logo\/image\/\"},\"sameAs\":[\"https:\/\/www.facebook.com\/MDOSicilia1946\",\"https:\/\/x.com\/miscela_doro\",\"https:\/\/www.instagram.com\/misceladoro\/\"]}]}<\/script>\n<!-- \/ Yoast SEO Premium plugin. -->","yoast_head_json":{"title":"Stellen Sie Ihr pers\u00f6nliches Abonnement zusammen | Miscela d&#039;Oro","description":"Erhalte deinen Lieblingskaffee regelm\u00e4\u00dfig: 10% Rabatt auf jede Bestellung, schnelle Lieferung, immer frisch ger\u00f6stet. Flexibel pausieren oder k\u00fcndigen.","robots":{"index":"index","follow":"follow","max-snippet":"max-snippet:-1","max-image-preview":"max-image-preview:large","max-video-preview":"max-video-preview:-1"},"canonical":"https:\/\/www.misceladoro.com\/de\/abonnement-erstellen\/","og_locale":"de_DE","og_type":"article","og_title":"Stellen Sie Ihr pers\u00f6nliches Abonnement zusammen","og_description":"Erhalte deinen Lieblingskaffee regelm\u00e4\u00dfig: 10% Rabatt auf jede Bestellung, schnelle Lieferung, immer frisch ger\u00f6stet. Flexibel pausieren oder k\u00fcndigen.","og_url":"https:\/\/www.misceladoro.com\/de\/abonnement-erstellen\/","og_site_name":"Miscela d&#039;Oro","article_publisher":"https:\/\/www.facebook.com\/MDOSicilia1946","article_modified_time":"2026-04-10T10:10:04+00:00","twitter_card":"summary_large_image","twitter_site":"@miscela_doro","twitter_misc":{"Gesch\u00e4tzte Lesezeit":"1\u00a0Minute"},"schema":{"@context":"https:\/\/schema.org","@graph":[{"@type":"WebPage","@id":"https:\/\/www.misceladoro.com\/de\/abonnement-erstellen\/","url":"https:\/\/www.misceladoro.com\/de\/abonnement-erstellen\/","name":"Stellen Sie Ihr pers\u00f6nliches Abonnement zusammen | Miscela d&#039;Oro","isPartOf":{"@id":"https:\/\/www.misceladoro.com\/de\/#website"},"datePublished":"2026-03-24T11:09:08+00:00","dateModified":"2026-04-10T10:10:04+00:00","description":"Erhalte deinen Lieblingskaffee regelm\u00e4\u00dfig: 10% Rabatt auf jede Bestellung, schnelle Lieferung, immer frisch ger\u00f6stet. Flexibel pausieren oder k\u00fcndigen.","breadcrumb":{"@id":"https:\/\/www.misceladoro.com\/de\/abonnement-erstellen\/#breadcrumb"},"inLanguage":"de","potentialAction":[{"@type":"ReadAction","target":["https:\/\/www.misceladoro.com\/de\/abonnement-erstellen\/"]}]},{"@type":"BreadcrumbList","@id":"https:\/\/www.misceladoro.com\/de\/abonnement-erstellen\/#breadcrumb","itemListElement":[{"@type":"ListItem","position":1,"name":"Home","item":"https:\/\/www.misceladoro.com\/de\/"},{"@type":"ListItem","position":2,"name":"Stellen Sie Ihr pers\u00f6nliches Abonnement zusammen"}]},{"@type":"WebSite","@id":"https:\/\/www.misceladoro.com\/de\/#website","url":"https:\/\/www.misceladoro.com\/de\/","name":"Miscela d'Oro","description":"Artigiani del caff\u00e8 dal 1946","publisher":{"@id":"https:\/\/www.misceladoro.com\/de\/#organization"},"potentialAction":[{"@type":"SearchAction","target":{"@type":"EntryPoint","urlTemplate":"https:\/\/www.misceladoro.com\/de\/?s={search_term_string}"},"query-input":{"@type":"PropertyValueSpecification","valueRequired":true,"valueName":"search_term_string"}}],"inLanguage":"de"},{"@type":"Organization","@id":"https:\/\/www.misceladoro.com\/de\/#organization","name":"Miscela d'Oro","url":"https:\/\/www.misceladoro.com\/de\/","logo":{"@type":"ImageObject","inLanguage":"de","@id":"https:\/\/www.misceladoro.com\/de\/#\/schema\/logo\/image\/","url":"https:\/\/www.misceladoro.com\/wp-content\/uploads\/2022\/10\/LogoMiscelaOro-logo.png","contentUrl":"https:\/\/www.misceladoro.com\/wp-content\/uploads\/2022\/10\/LogoMiscelaOro-logo.png","width":200,"height":120,"caption":"Miscela d'Oro"},"image":{"@id":"https:\/\/www.misceladoro.com\/de\/#\/schema\/logo\/image\/"},"sameAs":["https:\/\/www.facebook.com\/MDOSicilia1946","https:\/\/x.com\/miscela_doro","https:\/\/www.instagram.com\/misceladoro\/"]}]}},"_links":{"self":[{"href":"https:\/\/www.misceladoro.com\/de\/wp-json\/wp\/v2\/pages\/18193","targetHints":{"allow":["GET"]}}],"collection":[{"href":"https:\/\/www.misceladoro.com\/de\/wp-json\/wp\/v2\/pages"}],"about":[{"href":"https:\/\/www.misceladoro.com\/de\/wp-json\/wp\/v2\/types\/page"}],"author":[{"embeddable":true,"href":"https:\/\/www.misceladoro.com\/de\/wp-json\/wp\/v2\/users\/4908"}],"replies":[{"embeddable":true,"href":"https:\/\/www.misceladoro.com\/de\/wp-json\/wp\/v2\/comments?post=18193"}],"version-history":[{"count":2,"href":"https:\/\/www.misceladoro.com\/de\/wp-json\/wp\/v2\/pages\/18193\/revisions"}],"predecessor-version":[{"id":18198,"href":"https:\/\/www.misceladoro.com\/de\/wp-json\/wp\/v2\/pages\/18193\/revisions\/18198"}],"wp:attachment":[{"href":"https:\/\/www.misceladoro.com\/de\/wp-json\/wp\/v2\/media?parent=18193"}],"curies":[{"name":"wp","href":"https:\/\/api.w.org\/{rel}","templated":true}]}}