{"id":15211,"date":"2022-08-25T15:11:11","date_gmt":"2022-08-25T13:11:11","guid":{"rendered":"https:\/\/www.misceladoro.com\/privacy-policy\/"},"modified":"2025-07-10T14:50:30","modified_gmt":"2025-07-10T12:50:30","slug":"privacy-policy","status":"publish","type":"page","link":"https:\/\/www.misceladoro.com\/de\/privacy-policy\/","title":{"rendered":"Privacy Policy"},"content":{"rendered":"<h1>Privacy Policy<\/h1>\n<p>INFORMATIONEN ZUR VERARBEITUNG PERSONENBEZOGENER DATEN von Nutzern, die die Website <a href=\"https:\/\/www.misceladoro.com\/de\/\">https:\/\/www.misceladoro.com\/de\/<\/a> besuchen<\/p>\n<p>&nbsp;<\/p>\n<p>Gem\u00e4\u00df der Verordnung (EU) 2016\/679 (im Folgenden \u201eVerordnung\u201c) beschreibt diese Seite die Art und Weise der Verarbeitung personenbezogener Daten von Nutzern, die die Website <a href=\"https:\/\/www.misceladoro.com\/de\/\">https:\/\/www.misceladoro.com\/de\/<\/a> besuchen.<\/p>\n<p>Die Informationen gelten nur f\u00fcr die Website <a href=\"https:\/\/www.misceladoro.com\/de\/\">https:\/\/www.misceladoro.com\/de\/<\/a>\u00a0und nicht f\u00fcr andere Websites, die der Nutzer \u00fcber Links aufrufen kann.<\/p>\n<p>&nbsp;<\/p>\n<p>Bitte lesen Sie die \u201eCookie-Richtlinie\u201d und die \u201eAllgemeinen Verkaufsbedingungen\u201d der Website <a href=\"https:\/\/www.misceladoro.com\/de\/\">https:\/\/www.misceladoro.com\/de\/<\/a>, die detaillierte Informationen zu den Bedingungen unserer Dienstleistungen enthalten. Einige Dienstleistungen k\u00f6nnen besonderen rechtlichen Bestimmungen unterliegen. In diesem Fall werden wir Ihnen alle erforderlichen Informationen jeweils mitteilen.<\/p>\n<p>&nbsp;<\/p>\n<p><strong>Verantwortlicher f\u00fcr die Datenverarbeitung:<\/strong><\/p>\n<p>Verantwortlicher f\u00fcr die Datenverarbeitung ist: Miscela d&#8217;Oro S.p.A. \u2013 Via E.Fermi Z.I.R. 98124 Messina &#8211; Italien<\/p>\n<p>&nbsp;<\/p>\n<ol>\n<li><strong>Kategorien der verarbeiteten Daten<\/strong><\/li>\n<\/ol>\n<p>Die Kategorien personenbezogener Daten, die Miscela D&#8217;Oro beim Surfen oder Einkaufen erhebt und verarbeitet, sind folgende:<\/p>\n<ol>\n<li>a) Informationen, die zum Abschluss und zur Ausf\u00fchrung Ihres Kaufs erforderlich sind, wie: Vor- und Nachname, E-Mail-Adresse, Lieferadresse, Rechnungsadresse, Telefonnummer und Zahlungsdaten;<\/li>\n<li>b) Informationen, die online auf unserer Website erfasst werden, beispielsweise durch Ausf\u00fcllen des Abschnitts \u201eKontakte\u201c, wenn Sie sich f\u00fcr den Newsletter anmelden;<\/li>\n<li>c) personenbezogene Daten, die erforderlich sind, um Ihre Identifizierung und die Erbringung der \u00fcber Ihr Konto angebotenen Dienstleistungen zu gew\u00e4hrleisten;<\/li>\n<li>d) Informationen, die Sie uns zur Verf\u00fcgung stellen, wenn Sie unseren Kundendienst kontaktieren, um die gew\u00fcnschte Unterst\u00fctzung zu erhalten.<\/li>\n<li>e) Informationen von Dritten, beispielsweise wenn Sie ein Produkt kaufen m\u00f6chten, das an einen Freund geliefert werden soll, oder wenn Sie ein Geschenk machen m\u00f6chten. Wir weisen Sie darauf hin, dass die Verwendung personenbezogener Daten Dritter den Datenschutzbestimmungen unterliegt.<\/li>\n<\/ol>\n<p>&nbsp;<\/p>\n<div id=\"cookie\"><strong><strong>Cookie<\/strong><\/strong><\/div>\n<p>Automatisch erhobene Daten: Hierbei handelt es sich um Navigationsdaten und\/oder Daten, die mithilfe von sogenannten \u201eCookies\u201d erhoben werden. Die f\u00fcr den Betrieb der Websites verwendeten IT-Systeme und Softwareverfahren erfassen w\u00e4hrend ihres normalen Betriebs einige personenbezogene Daten, deren \u00dcbermittlung bei der Verwendung von Internet-Kommunikationsprotokollen implizit erfolgt. Dabei handelt es sich um Informationen, die in der Regel nicht erfasst werden, um mit identifizierten Personen in Verbindung gebracht zu werden, die jedoch aufgrund ihrer Beschaffenheit durch Verarbeitung und Verkn\u00fcpfung mit Daten im Besitz von Dritten eine Identifizierung der Nutzer erm\u00f6glichen k\u00f6nnten. Zu dieser Datenkategorie geh\u00f6ren die IP-Adressen oder Dom\u00e4nennamen der Computer, die von den Nutzern verwendet werden, die sich mit der Website verbinden, die URI-Adressen (Uniform Resource Identifier) der angeforderten Ressourcen, der Zeitpunkt der Anfrage, die Methode, mit der die Anfrage an den Server gesendet wurde, die Gr\u00f6\u00dfe der als Antwort erhaltenen Datei, der Zahlencode, der den Status der vom Server gegebenen Antwort angibt (erfolgreich, Fehler, usw.) und andere Parameter, die sich auf das Betriebssystem und die IT-Umgebung des Nutzers beziehen.<\/p>\n<p>&nbsp;<\/p>\n<p><strong>Minderj\u00e4hrige<\/strong><\/p>\n<p>Wir weisen Sie darauf hin, dass Miscela d&#8217;Oro keine personenbezogenen Daten von Minderj\u00e4hrigen verarbeitet. Wenn Sie auf eshop.misceladoro.com\/it zugreifen und die von Miscela d&#8217;Oro angebotenen Dienste nutzen, erkl\u00e4ren Sie, dass Sie vollj\u00e4hrig sind.<\/p>\n<ol>\n<li><strong>Zweck der Verarbeitung und Rechtsgrundlage<\/strong><\/li>\n<\/ol>\n<p>Die Daten werden zu folgenden Zwecken verarbeitet.<\/p>\n<ol>\n<li>a) Auf vertraglicher Grundlage zu folgenden Zwecken:<\/li>\n<\/ol>\n<ul>\n<li>Bearbeitung von Bestellungen und Durchf\u00fchrung damit verbundener T\u00e4tigkeiten (z. B. Kundendienst vor und nach dem Verkauf, Kommunikation mit dem Kunden \u00fcber den Status der Bestellung, Beantwortung Ihrer Anfragen, Zahlungsabwicklung usw.);<\/li>\n<li>Verwaltung der Benutzerkonten bei der Registrierung auf den Websites, um die entsprechenden Dienste nutzen zu k\u00f6nnen;<\/li>\n<li>Verwaltung des Versands der Produkte und Erstellung von Frachtbriefen;<\/li>\n<\/ul>\n<p>&nbsp;<\/p>\n<ol>\n<li>b) Auf der Grundlage einer gesetzlichen Verpflichtung: Die Verarbeitung der Daten des Nutzers erfolgt in Erf\u00fcllung der gesetzlichen Verpflichtungen im Zusammenhang mit zivilrechtlichen, steuerlichen und buchhalterischen Vorschriften.<\/li>\n<\/ol>\n<p>&nbsp;<\/p>\n<ol>\n<li>c) Auf der Grundlage der ausdr\u00fccklichen Einwilligung: Um Sie zu informieren und Ihnen kommerzielle Mitteilungen und Werbeangebote, Newsletter zu Produkten und Dienstleistungen per E-Mail, SMS, Telefon, Post oder auf andere Weise zuzusenden.<\/li>\n<\/ol>\n<p>&nbsp;<\/p>\n<p>Wenn Sie den Aktivit\u00e4ten unter Punkt c) zustimmen und anschlie\u00dfend keine weiteren Mitteilungen von Miscela D&#8217;Oro erhalten m\u00f6chten oder die Art und Weise, wie Sie kontaktiert werden, einschr\u00e4nken m\u00f6chten, k\u00f6nnen Sie diese Mitteilungen jederzeit abbestellen, indem Sie einfach auf den entsprechenden Link \u201e<i>unsubscribe<\/i>\u201d am Ende jeder Mitteilung klicken, sich in Ihr Konto einloggen oder eine E-Mail an eshop@misceladoro.com schreiben.<\/p>\n<p>&nbsp;<\/p>\n<p><strong>Das Konto-Profil<\/strong><\/p>\n<p>Bei der Erstellung Ihres Kontos bieten wir Ihnen die M\u00f6glichkeit, die folgenden Dienste zu nutzen:<\/p>\n<ul>\n<li>Bestellhistorie: Sehen Sie sich die Historie Ihrer Bestellungen an.<\/li>\n<li>Wunschliste: Speichern Sie die Artikel, die Ihnen am besten gefallen, und behalten Sie deren Verf\u00fcgbarkeit im Auge.<\/li>\n<li>Mein Konto: Verwalten Sie Ihre Registrierungsdaten.<\/li>\n<li>Meine Adressen: Speichern oder \u00e4ndern Sie Ihre Adressen, damit Sie sie immer griffbereit haben und Ihre Eink\u00e4ufe schneller abschlie\u00dfen k\u00f6nnen.<\/li>\n<\/ul>\n<p>Um sicherzustellen, dass die uns vorliegenden Informationen korrekt sind und wir die oben beschriebenen T\u00e4tigkeiten ordnungsgem\u00e4\u00df ausf\u00fchren k\u00f6nnen, bitten wir Sie, den Bereich \u201eMein Konto\u201d aufzurufen und Ihre Daten gegebenenfalls zu aktualisieren.<\/p>\n<p>&nbsp;<\/p>\n<ol>\n<li><strong>Empf\u00e4nger oder Kategorien von Empf\u00e4ngern der Daten<\/strong><\/li>\n<\/ol>\n<p>Die personenbezogenen Daten werden von speziell geschulten und zur Datenverarbeitung befugten Mitarbeitern von Miscela d\u2019Oro verarbeitet.<\/p>\n<p>Insbesondere geben wir Ihre personenbezogenen Daten an Dienstleister oder Lieferanten weiter, die als Auftragsverarbeiter und\/oder als nat\u00fcrliche Personen, die unter der Aufsicht von Miscela d\u2019Oro handeln, uns bei der Abwicklung unserer Websites, der Aus\u00fcbung unserer T\u00e4tigkeit, der Erbringung der Dienstleistung oder dem Schutz der Sicherheit und Integrit\u00e4t unserer T\u00e4tigkeit unterst\u00fctzen (einschlie\u00dflich IT-Wartung, Sicherheits- und Supportdienstleister, Hosting-Dienstleister, Zahlungsdienstleister, Marketing- und Werbepartner, Post- oder E-Mail-Dienste oder Kundendienstzentren usw.).<\/p>\n<p>&nbsp;<\/p>\n<ol>\n<li><strong>Aufbewahrungsfrist<\/strong><\/li>\n<\/ol>\n<p>Ihre personenbezogenen Daten werden so lange gespeichert, wie es zur Erf\u00fcllung der oben genannten Zwecke erforderlich ist, und in der Regel f\u00fcr die Dauer der gesetzlichen Verj\u00e4hrungsfristen, Vorschriften oder EU-Verordnungen. Daten, die f\u00fcr kommerzielle und Marketingzwecke bereitgestellt werden, werden nicht l\u00e4nger als zwei Jahre verarbeitet.<\/p>\n<p>&nbsp;<\/p>\n<ol>\n<li><strong>Daten\u00fcbermittlung in Nicht-EU-L\u00e4nder<\/strong><\/li>\n<\/ol>\n<p>Werden personenbezogene Daten in L\u00e4nder au\u00dferhalb der Europ\u00e4ischen Union \u00fcbermittelt, erfolgt die \u00dcbermittlung unter Einhaltung der Bestimmungen der EU-Verordnung, um ein angemessenes Schutzniveau zu gew\u00e4hrleisten. Insbesondere erfolgt die \u00dcbermittlung durch den Abschluss von Standardvertragsklauseln, die von der Europ\u00e4ischen Kommission genehmigt wurden und deren Kopie auf Anfrage unter den in dieser Erkl\u00e4rung angegebenen Kontaktdaten erh\u00e4ltlich ist.<\/p>\n<ol>\n<li><strong>Rechte der betroffenen Person<\/strong><\/li>\n<\/ol>\n<p>Sie haben das Recht, in den vorgesehenen F\u00e4llen Zugang zu Ihren personenbezogenen Daten zu erhalten und deren Berichtigung oder L\u00f6schung oder die Einschr\u00e4nkung ihrer Verarbeitung zu verlangen oder ihrer Verarbeitung zu widersprechen (Art. 15 ff. der Verordnung). Sie haben das Recht, bei der zust\u00e4ndigen Datenschutzbeh\u00f6rde Beschwerde einzulegen.<\/p>\n<p>Schlie\u00dflich haben Sie das Recht, der Verarbeitung Ihrer personenbezogenen Daten, die Sie betreffen, ganz oder teilweise zu widersprechen, wenn die Verarbeitung auf dem berechtigten Interesse des Verantwortlichen beruht, sowie f\u00fcr Zwecke der Direktwerbung.<\/p>\n<p>Die in den vorstehenden Punkten genannten Anfragen sind an die im Abschnitt \u201eVerantwortlicher f\u00fcr die Datenverarbeitung\u201d angegebenen Kontaktdaten zu richten.<\/p>\n<p>&nbsp;<\/p>\n<p><strong>Transactionale<\/strong><\/p>\n<p>Transactionale ist ein Cross-Network-Werbedienst, der von Flyer Tech S.r.l. bereitgestellt wird. Der Dienst verwendet einige personenbezogene Daten des Nutzers (darunter Name, Nachname, Interessen, get\u00e4tigte K\u00e4ufe, E-Mail-Adresse usw.), um kommerzielle Mitteilungen \u00fcber Dienstleistungen und Produkte von Dritten zu versenden, die demselben Netzwerk angeh\u00f6ren. Die von Transactionale versandten Angebote stehen immer in Zusammenhang mit dem beim Verantwortlichen erworbenen Produkt oder der erworbenen Dienstleistung.<\/p>\n<p><b>Ort der Verarbeitung<\/b>: Italien<\/p>\n<p><b>Datenschutzerkl\u00e4rung<\/b> f\u00fcr Besucher: https:\/\/www.transactionale.com\/privacy-end-users<\/p>\n<p><strong>Weitergabe von Daten an Dritte durch Transactionale von Flyer Tech Srl<\/strong><\/p>\n<p>Der Verantwortliche kann Datenbanken erstellen, indem er alle oder einen Teil der Daten des Nutzers und\/oder Daten der zweiten Ebene verwendet, die aus der statistischen Verarbeitung der \u00fcbermittelten Daten<\/p>\n<p>oder aus der Erstellung von Nutzerprofilen abgeleitet werden. Wenn der Nutzer einen Kauf t\u00e4tigt und seine Zustimmung erteilt, kann der Verantwortliche die im vorstehenden Absatz genannten Daten an Dritte weitergeben, f\u00fcr deren Produkte der Nutzer Interesse bekundet hat. Die Dritten k\u00f6nnen die erhaltenen Daten verwenden, um E-Mails mit kommerziellem und werbendem Inhalt zu versenden. Der Nutzer hat jederzeit die M\u00f6glichkeit, seine Einwilligung zu widerrufen, indem er einfach eine E-Mail an die in diesem Dokument angegebenen Kontaktdaten sendet oder, falls die Mitteilung bereits erfolgt ist, direkt an das Mitglied des Transaktionsnetzwerks, das die Daten erhalten hat.<\/p>\n<p>&nbsp;<\/p>\n<p>Letzte Aktualisierung 24.05.2018<\/p>\n","protected":false},"excerpt":{"rendered":"<p>Privacy Policy INFORMATIONEN ZUR VERARBEITUNG PERSONENBEZOGENER DATEN von Nutzern, die die Website https:\/\/www.misceladoro.com\/de\/ besuchen &nbsp; Gem\u00e4\u00df der Verordnung (EU) 2016\/679 (im Folgenden \u201eVerordnung\u201c) beschreibt diese Seite die Art und Weise der Verarbeitung personenbezogener Daten von Nutzern, die die Website https:\/\/www.misceladoro.com\/de\/ besuchen. Die Informationen gelten nur f\u00fcr die Website https:\/\/www.misceladoro.com\/de\/\u00a0und nicht f\u00fcr andere Websites, die der [&hellip;]<\/p>\n","protected":false},"author":4902,"featured_media":0,"parent":0,"menu_order":0,"comment_status":"closed","ping_status":"open","template":"","meta":{"_acf_changed":false,"inline_featured_image":false,"footnotes":""},"class_list":["post-15211","page","type-page","status-publish","hentry"],"acf":[],"yoast_head":"<!-- This site is optimized with the Yoast SEO Premium plugin v26.7 (Yoast SEO v26.7) - https:\/\/yoast.com\/wordpress\/plugins\/seo\/ -->\n<title>Privacy Policy | Miscela d&#039;Oro<\/title>\n<meta name=\"robots\" content=\"index, follow, max-snippet:-1, max-image-preview:large, max-video-preview:-1\" \/>\n<link rel=\"canonical\" href=\"https:\/\/www.misceladoro.com\/de\/privacy-policy\/\" \/>\n<meta property=\"og:locale\" content=\"de_DE\" \/>\n<meta property=\"og:type\" content=\"article\" \/>\n<meta property=\"og:title\" content=\"Privacy Policy\" \/>\n<meta property=\"og:description\" content=\"Privacy Policy INFORMATIONEN ZUR VERARBEITUNG PERSONENBEZOGENER DATEN von Nutzern, die die Website https:\/\/www.misceladoro.com\/de\/ besuchen &nbsp; Gem\u00e4\u00df der Verordnung (EU) 2016\/679 (im Folgenden \u201eVerordnung\u201c) beschreibt diese Seite die Art und Weise der Verarbeitung personenbezogener Daten von Nutzern, die die Website https:\/\/www.misceladoro.com\/de\/ besuchen. Die Informationen gelten nur f\u00fcr die Website https:\/\/www.misceladoro.com\/de\/\u00a0und nicht f\u00fcr andere Websites, die der [&hellip;]\" \/>\n<meta property=\"og:url\" content=\"https:\/\/www.misceladoro.com\/de\/privacy-policy\/\" \/>\n<meta property=\"og:site_name\" content=\"Miscela d&#039;Oro\" \/>\n<meta property=\"article:publisher\" content=\"https:\/\/www.facebook.com\/MDOSicilia1946\" \/>\n<meta property=\"article:modified_time\" content=\"2025-07-10T12:50:30+00:00\" \/>\n<meta name=\"twitter:card\" content=\"summary_large_image\" \/>\n<meta name=\"twitter:site\" content=\"@miscela_doro\" \/>\n<meta name=\"twitter:label1\" content=\"Gesch\u00e4tzte Lesezeit\" \/>\n\t<meta name=\"twitter:data1\" content=\"7\u00a0Minute\" \/>\n<script type=\"application\/ld+json\" class=\"yoast-schema-graph\">{\"@context\":\"https:\/\/schema.org\",\"@graph\":[{\"@type\":\"WebPage\",\"@id\":\"https:\/\/www.misceladoro.com\/de\/privacy-policy\/\",\"url\":\"https:\/\/www.misceladoro.com\/de\/privacy-policy\/\",\"name\":\"Privacy Policy | Miscela d&#039;Oro\",\"isPartOf\":{\"@id\":\"https:\/\/www.misceladoro.com\/de\/#website\"},\"datePublished\":\"2022-08-25T13:11:11+00:00\",\"dateModified\":\"2025-07-10T12:50:30+00:00\",\"breadcrumb\":{\"@id\":\"https:\/\/www.misceladoro.com\/de\/privacy-policy\/#breadcrumb\"},\"inLanguage\":\"de\",\"potentialAction\":[{\"@type\":\"ReadAction\",\"target\":[\"https:\/\/www.misceladoro.com\/de\/privacy-policy\/\"]}]},{\"@type\":\"BreadcrumbList\",\"@id\":\"https:\/\/www.misceladoro.com\/de\/privacy-policy\/#breadcrumb\",\"itemListElement\":[{\"@type\":\"ListItem\",\"position\":1,\"name\":\"Home\",\"item\":\"https:\/\/www.misceladoro.com\/de\/\"},{\"@type\":\"ListItem\",\"position\":2,\"name\":\"Privacy Policy\"}]},{\"@type\":\"WebSite\",\"@id\":\"https:\/\/www.misceladoro.com\/de\/#website\",\"url\":\"https:\/\/www.misceladoro.com\/de\/\",\"name\":\"Miscela d'Oro\",\"description\":\"Artigiani del caff\u00e8 dal 1946\",\"publisher\":{\"@id\":\"https:\/\/www.misceladoro.com\/de\/#organization\"},\"potentialAction\":[{\"@type\":\"SearchAction\",\"target\":{\"@type\":\"EntryPoint\",\"urlTemplate\":\"https:\/\/www.misceladoro.com\/de\/?s={search_term_string}\"},\"query-input\":{\"@type\":\"PropertyValueSpecification\",\"valueRequired\":true,\"valueName\":\"search_term_string\"}}],\"inLanguage\":\"de\"},{\"@type\":\"Organization\",\"@id\":\"https:\/\/www.misceladoro.com\/de\/#organization\",\"name\":\"Miscela d'Oro\",\"url\":\"https:\/\/www.misceladoro.com\/de\/\",\"logo\":{\"@type\":\"ImageObject\",\"inLanguage\":\"de\",\"@id\":\"https:\/\/www.misceladoro.com\/de\/#\/schema\/logo\/image\/\",\"url\":\"https:\/\/www.misceladoro.com\/wp-content\/uploads\/2022\/10\/LogoMiscelaOro-logo.png\",\"contentUrl\":\"https:\/\/www.misceladoro.com\/wp-content\/uploads\/2022\/10\/LogoMiscelaOro-logo.png\",\"width\":200,\"height\":120,\"caption\":\"Miscela d'Oro\"},\"image\":{\"@id\":\"https:\/\/www.misceladoro.com\/de\/#\/schema\/logo\/image\/\"},\"sameAs\":[\"https:\/\/www.facebook.com\/MDOSicilia1946\",\"https:\/\/x.com\/miscela_doro\",\"https:\/\/www.instagram.com\/misceladoro\/\"]}]}<\/script>\n<!-- \/ Yoast SEO Premium plugin. -->","yoast_head_json":{"title":"Privacy Policy | Miscela d&#039;Oro","robots":{"index":"index","follow":"follow","max-snippet":"max-snippet:-1","max-image-preview":"max-image-preview:large","max-video-preview":"max-video-preview:-1"},"canonical":"https:\/\/www.misceladoro.com\/de\/privacy-policy\/","og_locale":"de_DE","og_type":"article","og_title":"Privacy Policy","og_description":"Privacy Policy INFORMATIONEN ZUR VERARBEITUNG PERSONENBEZOGENER DATEN von Nutzern, die die Website https:\/\/www.misceladoro.com\/de\/ besuchen &nbsp; Gem\u00e4\u00df der Verordnung (EU) 2016\/679 (im Folgenden \u201eVerordnung\u201c) beschreibt diese Seite die Art und Weise der Verarbeitung personenbezogener Daten von Nutzern, die die Website https:\/\/www.misceladoro.com\/de\/ besuchen. Die Informationen gelten nur f\u00fcr die Website https:\/\/www.misceladoro.com\/de\/\u00a0und nicht f\u00fcr andere Websites, die der [&hellip;]","og_url":"https:\/\/www.misceladoro.com\/de\/privacy-policy\/","og_site_name":"Miscela d&#039;Oro","article_publisher":"https:\/\/www.facebook.com\/MDOSicilia1946","article_modified_time":"2025-07-10T12:50:30+00:00","twitter_card":"summary_large_image","twitter_site":"@miscela_doro","twitter_misc":{"Gesch\u00e4tzte Lesezeit":"7\u00a0Minute"},"schema":{"@context":"https:\/\/schema.org","@graph":[{"@type":"WebPage","@id":"https:\/\/www.misceladoro.com\/de\/privacy-policy\/","url":"https:\/\/www.misceladoro.com\/de\/privacy-policy\/","name":"Privacy Policy | Miscela d&#039;Oro","isPartOf":{"@id":"https:\/\/www.misceladoro.com\/de\/#website"},"datePublished":"2022-08-25T13:11:11+00:00","dateModified":"2025-07-10T12:50:30+00:00","breadcrumb":{"@id":"https:\/\/www.misceladoro.com\/de\/privacy-policy\/#breadcrumb"},"inLanguage":"de","potentialAction":[{"@type":"ReadAction","target":["https:\/\/www.misceladoro.com\/de\/privacy-policy\/"]}]},{"@type":"BreadcrumbList","@id":"https:\/\/www.misceladoro.com\/de\/privacy-policy\/#breadcrumb","itemListElement":[{"@type":"ListItem","position":1,"name":"Home","item":"https:\/\/www.misceladoro.com\/de\/"},{"@type":"ListItem","position":2,"name":"Privacy Policy"}]},{"@type":"WebSite","@id":"https:\/\/www.misceladoro.com\/de\/#website","url":"https:\/\/www.misceladoro.com\/de\/","name":"Miscela d'Oro","description":"Artigiani del caff\u00e8 dal 1946","publisher":{"@id":"https:\/\/www.misceladoro.com\/de\/#organization"},"potentialAction":[{"@type":"SearchAction","target":{"@type":"EntryPoint","urlTemplate":"https:\/\/www.misceladoro.com\/de\/?s={search_term_string}"},"query-input":{"@type":"PropertyValueSpecification","valueRequired":true,"valueName":"search_term_string"}}],"inLanguage":"de"},{"@type":"Organization","@id":"https:\/\/www.misceladoro.com\/de\/#organization","name":"Miscela d'Oro","url":"https:\/\/www.misceladoro.com\/de\/","logo":{"@type":"ImageObject","inLanguage":"de","@id":"https:\/\/www.misceladoro.com\/de\/#\/schema\/logo\/image\/","url":"https:\/\/www.misceladoro.com\/wp-content\/uploads\/2022\/10\/LogoMiscelaOro-logo.png","contentUrl":"https:\/\/www.misceladoro.com\/wp-content\/uploads\/2022\/10\/LogoMiscelaOro-logo.png","width":200,"height":120,"caption":"Miscela d'Oro"},"image":{"@id":"https:\/\/www.misceladoro.com\/de\/#\/schema\/logo\/image\/"},"sameAs":["https:\/\/www.facebook.com\/MDOSicilia1946","https:\/\/x.com\/miscela_doro","https:\/\/www.instagram.com\/misceladoro\/"]}]}},"_links":{"self":[{"href":"https:\/\/www.misceladoro.com\/de\/wp-json\/wp\/v2\/pages\/15211","targetHints":{"allow":["GET"]}}],"collection":[{"href":"https:\/\/www.misceladoro.com\/de\/wp-json\/wp\/v2\/pages"}],"about":[{"href":"https:\/\/www.misceladoro.com\/de\/wp-json\/wp\/v2\/types\/page"}],"author":[{"embeddable":true,"href":"https:\/\/www.misceladoro.com\/de\/wp-json\/wp\/v2\/users\/4902"}],"replies":[{"embeddable":true,"href":"https:\/\/www.misceladoro.com\/de\/wp-json\/wp\/v2\/comments?post=15211"}],"version-history":[{"count":4,"href":"https:\/\/www.misceladoro.com\/de\/wp-json\/wp\/v2\/pages\/15211\/revisions"}],"predecessor-version":[{"id":15231,"href":"https:\/\/www.misceladoro.com\/de\/wp-json\/wp\/v2\/pages\/15211\/revisions\/15231"}],"wp:attachment":[{"href":"https:\/\/www.misceladoro.com\/de\/wp-json\/wp\/v2\/media?parent=15211"}],"curies":[{"name":"wp","href":"https:\/\/api.w.org\/{rel}","templated":true}]}}