{"id":14718,"date":"2025-03-31T12:55:28","date_gmt":"2025-03-31T10:55:28","guid":{"rendered":"https:\/\/www.misceladoro.com\/torrefazione-artigianale\/"},"modified":"2025-07-08T10:39:27","modified_gmt":"2025-07-08T08:39:27","slug":"handwerkliche-roestung","status":"publish","type":"page","link":"https:\/\/www.misceladoro.com\/de\/handwerkliche-roestung\/","title":{"rendered":"Handwerkliche R\u00f6stung"},"content":{"rendered":"","protected":false},"excerpt":{"rendered":"<p>Un know how gelosamente custodito dall\u2019azienda e dai sui Maestri Torrefattori, responsabili della produzione dell\u2019eccezionale&#8230;<\/p>\n","protected":false},"author":4908,"featured_media":13591,"parent":0,"menu_order":0,"comment_status":"closed","ping_status":"closed","template":"","meta":{"_acf_changed":false,"inline_featured_image":false,"footnotes":""},"class_list":["post-14718","page","type-page","status-publish","has-post-thumbnail","hentry"],"acf":[],"yoast_head":"<!-- This site is optimized with the Yoast SEO Premium plugin v26.7 (Yoast SEO v26.7) - https:\/\/yoast.com\/wordpress\/plugins\/seo\/ -->\n<title>Unser Kaffeer\u00f6stprozess: die Seele von Miscela d&#039;Oro<\/title>\n<meta name=\"description\" content=\"Jede Bohne wird sorgf\u00e4ltig in Sizilien ger\u00f6stet. Genie\u00dfen Sie den handwerklichen Geschmack echten italienischen Kaffees. Jetzt entdecken!\" \/>\n<meta name=\"robots\" content=\"index, follow, max-snippet:-1, max-image-preview:large, max-video-preview:-1\" \/>\n<link rel=\"canonical\" href=\"https:\/\/www.misceladoro.com\/de\/handwerkliche-roestung\/\" \/>\n<meta property=\"og:locale\" content=\"de_DE\" \/>\n<meta property=\"og:type\" content=\"article\" \/>\n<meta property=\"og:title\" content=\"Handwerkliche R\u00f6stung\" \/>\n<meta property=\"og:description\" content=\"Jede Bohne wird sorgf\u00e4ltig in Sizilien ger\u00f6stet. Genie\u00dfen Sie den handwerklichen Geschmack echten italienischen Kaffees. Jetzt entdecken!\" \/>\n<meta property=\"og:url\" content=\"https:\/\/www.misceladoro.com\/de\/handwerkliche-roestung\/\" \/>\n<meta property=\"og:site_name\" content=\"Miscela d&#039;Oro\" \/>\n<meta property=\"article:publisher\" content=\"https:\/\/www.facebook.com\/MDOSicilia1946\" \/>\n<meta property=\"article:modified_time\" content=\"2025-07-08T08:39:27+00:00\" \/>\n<meta property=\"og:image\" content=\"https:\/\/www.misceladoro.com\/wp-content\/uploads\/2025\/03\/tostatura.jpg\" \/>\n\t<meta property=\"og:image:width\" content=\"1500\" \/>\n\t<meta property=\"og:image:height\" content=\"844\" \/>\n\t<meta property=\"og:image:type\" content=\"image\/jpeg\" \/>\n<meta name=\"twitter:card\" content=\"summary_large_image\" \/>\n<meta name=\"twitter:site\" content=\"@miscela_doro\" \/>\n<meta name=\"twitter:label1\" content=\"Gesch\u00e4tzte Lesezeit\" \/>\n\t<meta name=\"twitter:data1\" content=\"1\u00a0Minute\" \/>\n<script type=\"application\/ld+json\" class=\"yoast-schema-graph\">{\"@context\":\"https:\/\/schema.org\",\"@graph\":[{\"@type\":\"WebPage\",\"@id\":\"https:\/\/www.misceladoro.com\/de\/handwerkliche-roestung\/\",\"url\":\"https:\/\/www.misceladoro.com\/de\/handwerkliche-roestung\/\",\"name\":\"Unser Kaffeer\u00f6stprozess: die Seele von Miscela d'Oro\",\"isPartOf\":{\"@id\":\"https:\/\/www.misceladoro.com\/de\/#website\"},\"primaryImageOfPage\":{\"@id\":\"https:\/\/www.misceladoro.com\/de\/handwerkliche-roestung\/#primaryimage\"},\"image\":{\"@id\":\"https:\/\/www.misceladoro.com\/de\/handwerkliche-roestung\/#primaryimage\"},\"thumbnailUrl\":\"https:\/\/www.misceladoro.com\/wp-content\/uploads\/2025\/03\/tostatura.jpg\",\"datePublished\":\"2025-03-31T10:55:28+00:00\",\"dateModified\":\"2025-07-08T08:39:27+00:00\",\"description\":\"Jede Bohne wird sorgf\u00e4ltig in Sizilien ger\u00f6stet. Genie\u00dfen Sie den handwerklichen Geschmack echten italienischen Kaffees. Jetzt entdecken!\",\"breadcrumb\":{\"@id\":\"https:\/\/www.misceladoro.com\/de\/handwerkliche-roestung\/#breadcrumb\"},\"inLanguage\":\"de\",\"potentialAction\":[{\"@type\":\"ReadAction\",\"target\":[\"https:\/\/www.misceladoro.com\/de\/handwerkliche-roestung\/\"]}]},{\"@type\":\"ImageObject\",\"inLanguage\":\"de\",\"@id\":\"https:\/\/www.misceladoro.com\/de\/handwerkliche-roestung\/#primaryimage\",\"url\":\"https:\/\/www.misceladoro.com\/wp-content\/uploads\/2025\/03\/tostatura.jpg\",\"contentUrl\":\"https:\/\/www.misceladoro.com\/wp-content\/uploads\/2025\/03\/tostatura.jpg\",\"width\":1500,\"height\":844},{\"@type\":\"BreadcrumbList\",\"@id\":\"https:\/\/www.misceladoro.com\/de\/handwerkliche-roestung\/#breadcrumb\",\"itemListElement\":[{\"@type\":\"ListItem\",\"position\":1,\"name\":\"Home\",\"item\":\"https:\/\/www.misceladoro.com\/de\/\"},{\"@type\":\"ListItem\",\"position\":2,\"name\":\"Handwerkliche R\u00f6stung\"}]},{\"@type\":\"WebSite\",\"@id\":\"https:\/\/www.misceladoro.com\/de\/#website\",\"url\":\"https:\/\/www.misceladoro.com\/de\/\",\"name\":\"Miscela d'Oro\",\"description\":\"Artigiani del caff\u00e8 dal 1946\",\"publisher\":{\"@id\":\"https:\/\/www.misceladoro.com\/de\/#organization\"},\"potentialAction\":[{\"@type\":\"SearchAction\",\"target\":{\"@type\":\"EntryPoint\",\"urlTemplate\":\"https:\/\/www.misceladoro.com\/de\/?s={search_term_string}\"},\"query-input\":{\"@type\":\"PropertyValueSpecification\",\"valueRequired\":true,\"valueName\":\"search_term_string\"}}],\"inLanguage\":\"de\"},{\"@type\":\"Organization\",\"@id\":\"https:\/\/www.misceladoro.com\/de\/#organization\",\"name\":\"Miscela d'Oro\",\"url\":\"https:\/\/www.misceladoro.com\/de\/\",\"logo\":{\"@type\":\"ImageObject\",\"inLanguage\":\"de\",\"@id\":\"https:\/\/www.misceladoro.com\/de\/#\/schema\/logo\/image\/\",\"url\":\"https:\/\/www.misceladoro.com\/wp-content\/uploads\/2022\/10\/LogoMiscelaOro-logo.png\",\"contentUrl\":\"https:\/\/www.misceladoro.com\/wp-content\/uploads\/2022\/10\/LogoMiscelaOro-logo.png\",\"width\":200,\"height\":120,\"caption\":\"Miscela d'Oro\"},\"image\":{\"@id\":\"https:\/\/www.misceladoro.com\/de\/#\/schema\/logo\/image\/\"},\"sameAs\":[\"https:\/\/www.facebook.com\/MDOSicilia1946\",\"https:\/\/x.com\/miscela_doro\",\"https:\/\/www.instagram.com\/misceladoro\/\"]}]}<\/script>\n<!-- \/ Yoast SEO Premium plugin. -->","yoast_head_json":{"title":"Unser Kaffeer\u00f6stprozess: die Seele von Miscela d'Oro","description":"Jede Bohne wird sorgf\u00e4ltig in Sizilien ger\u00f6stet. Genie\u00dfen Sie den handwerklichen Geschmack echten italienischen Kaffees. Jetzt entdecken!","robots":{"index":"index","follow":"follow","max-snippet":"max-snippet:-1","max-image-preview":"max-image-preview:large","max-video-preview":"max-video-preview:-1"},"canonical":"https:\/\/www.misceladoro.com\/de\/handwerkliche-roestung\/","og_locale":"de_DE","og_type":"article","og_title":"Handwerkliche R\u00f6stung","og_description":"Jede Bohne wird sorgf\u00e4ltig in Sizilien ger\u00f6stet. Genie\u00dfen Sie den handwerklichen Geschmack echten italienischen Kaffees. Jetzt entdecken!","og_url":"https:\/\/www.misceladoro.com\/de\/handwerkliche-roestung\/","og_site_name":"Miscela d&#039;Oro","article_publisher":"https:\/\/www.facebook.com\/MDOSicilia1946","article_modified_time":"2025-07-08T08:39:27+00:00","og_image":[{"width":1500,"height":844,"url":"https:\/\/www.misceladoro.com\/wp-content\/uploads\/2025\/03\/tostatura.jpg","type":"image\/jpeg"}],"twitter_card":"summary_large_image","twitter_site":"@miscela_doro","twitter_misc":{"Gesch\u00e4tzte Lesezeit":"1\u00a0Minute"},"schema":{"@context":"https:\/\/schema.org","@graph":[{"@type":"WebPage","@id":"https:\/\/www.misceladoro.com\/de\/handwerkliche-roestung\/","url":"https:\/\/www.misceladoro.com\/de\/handwerkliche-roestung\/","name":"Unser Kaffeer\u00f6stprozess: die Seele von Miscela d'Oro","isPartOf":{"@id":"https:\/\/www.misceladoro.com\/de\/#website"},"primaryImageOfPage":{"@id":"https:\/\/www.misceladoro.com\/de\/handwerkliche-roestung\/#primaryimage"},"image":{"@id":"https:\/\/www.misceladoro.com\/de\/handwerkliche-roestung\/#primaryimage"},"thumbnailUrl":"https:\/\/www.misceladoro.com\/wp-content\/uploads\/2025\/03\/tostatura.jpg","datePublished":"2025-03-31T10:55:28+00:00","dateModified":"2025-07-08T08:39:27+00:00","description":"Jede Bohne wird sorgf\u00e4ltig in Sizilien ger\u00f6stet. Genie\u00dfen Sie den handwerklichen Geschmack echten italienischen Kaffees. Jetzt entdecken!","breadcrumb":{"@id":"https:\/\/www.misceladoro.com\/de\/handwerkliche-roestung\/#breadcrumb"},"inLanguage":"de","potentialAction":[{"@type":"ReadAction","target":["https:\/\/www.misceladoro.com\/de\/handwerkliche-roestung\/"]}]},{"@type":"ImageObject","inLanguage":"de","@id":"https:\/\/www.misceladoro.com\/de\/handwerkliche-roestung\/#primaryimage","url":"https:\/\/www.misceladoro.com\/wp-content\/uploads\/2025\/03\/tostatura.jpg","contentUrl":"https:\/\/www.misceladoro.com\/wp-content\/uploads\/2025\/03\/tostatura.jpg","width":1500,"height":844},{"@type":"BreadcrumbList","@id":"https:\/\/www.misceladoro.com\/de\/handwerkliche-roestung\/#breadcrumb","itemListElement":[{"@type":"ListItem","position":1,"name":"Home","item":"https:\/\/www.misceladoro.com\/de\/"},{"@type":"ListItem","position":2,"name":"Handwerkliche R\u00f6stung"}]},{"@type":"WebSite","@id":"https:\/\/www.misceladoro.com\/de\/#website","url":"https:\/\/www.misceladoro.com\/de\/","name":"Miscela d'Oro","description":"Artigiani del caff\u00e8 dal 1946","publisher":{"@id":"https:\/\/www.misceladoro.com\/de\/#organization"},"potentialAction":[{"@type":"SearchAction","target":{"@type":"EntryPoint","urlTemplate":"https:\/\/www.misceladoro.com\/de\/?s={search_term_string}"},"query-input":{"@type":"PropertyValueSpecification","valueRequired":true,"valueName":"search_term_string"}}],"inLanguage":"de"},{"@type":"Organization","@id":"https:\/\/www.misceladoro.com\/de\/#organization","name":"Miscela d'Oro","url":"https:\/\/www.misceladoro.com\/de\/","logo":{"@type":"ImageObject","inLanguage":"de","@id":"https:\/\/www.misceladoro.com\/de\/#\/schema\/logo\/image\/","url":"https:\/\/www.misceladoro.com\/wp-content\/uploads\/2022\/10\/LogoMiscelaOro-logo.png","contentUrl":"https:\/\/www.misceladoro.com\/wp-content\/uploads\/2022\/10\/LogoMiscelaOro-logo.png","width":200,"height":120,"caption":"Miscela d'Oro"},"image":{"@id":"https:\/\/www.misceladoro.com\/de\/#\/schema\/logo\/image\/"},"sameAs":["https:\/\/www.facebook.com\/MDOSicilia1946","https:\/\/x.com\/miscela_doro","https:\/\/www.instagram.com\/misceladoro\/"]}]}},"_links":{"self":[{"href":"https:\/\/www.misceladoro.com\/de\/wp-json\/wp\/v2\/pages\/14718","targetHints":{"allow":["GET"]}}],"collection":[{"href":"https:\/\/www.misceladoro.com\/de\/wp-json\/wp\/v2\/pages"}],"about":[{"href":"https:\/\/www.misceladoro.com\/de\/wp-json\/wp\/v2\/types\/page"}],"author":[{"embeddable":true,"href":"https:\/\/www.misceladoro.com\/de\/wp-json\/wp\/v2\/users\/4908"}],"replies":[{"embeddable":true,"href":"https:\/\/www.misceladoro.com\/de\/wp-json\/wp\/v2\/comments?post=14718"}],"version-history":[{"count":2,"href":"https:\/\/www.misceladoro.com\/de\/wp-json\/wp\/v2\/pages\/14718\/revisions"}],"predecessor-version":[{"id":15179,"href":"https:\/\/www.misceladoro.com\/de\/wp-json\/wp\/v2\/pages\/14718\/revisions\/15179"}],"wp:featuredmedia":[{"embeddable":true,"href":"https:\/\/www.misceladoro.com\/de\/wp-json\/wp\/v2\/media\/13591"}],"wp:attachment":[{"href":"https:\/\/www.misceladoro.com\/de\/wp-json\/wp\/v2\/media?parent=14718"}],"curies":[{"name":"wp","href":"https:\/\/api.w.org\/{rel}","templated":true}]}}