{"id":14182,"date":"2025-06-19T12:03:22","date_gmt":"2025-06-19T10:03:22","guid":{"rendered":"https:\/\/www.misceladoro.com\/?page_id=14182"},"modified":"2025-10-13T12:40:56","modified_gmt":"2025-10-13T10:40:56","slug":"erklaerung-zur-barrierefreiheit","status":"publish","type":"page","link":"https:\/\/www.misceladoro.com\/de\/erklaerung-zur-barrierefreiheit\/","title":{"rendered":"Erkl\u00e4rung zur Barrierefreiheit"},"content":{"rendered":"<h1 data-start=\"47\" data-end=\"177\">Erkl\u00e4rung zur Barrierefreiheit der Website f\u00fcr private Stellen gem\u00e4\u00df Artikel 3, Absatz 1 des Gesetzes Nr. 4 vom 9. Januar 2004<\/h1>\n<p data-start=\"179\" data-end=\"192\"><strong data-start=\"179\" data-end=\"192\">Erkl\u00e4rung<\/strong><\/p>\n<p data-start=\"194\" data-end=\"317\">Miscela d\u2019Oro verpflichtet sich, ihre Website barrierefrei zug\u00e4nglich zu machen, gem\u00e4\u00df dem Gesetz Nr. 4 vom 9. Januar 2004.<\/p>\n<p data-start=\"319\" data-end=\"426\">Diese Erkl\u00e4rung zur Barrierefreiheit gilt f\u00fcr: <a class=\"\" href=\"https:\/\/www.misceladoro.com\/de\/\" target=\"_new\" rel=\"noopener\" data-start=\"366\" data-end=\"426\">https:\/\/www.misceladoro.com\/<\/a><\/p>\n<p data-start=\"442\" data-end=\"592\"><strong data-start=\"442\" data-end=\"464\">Konformit\u00e4tsstatus<\/strong><br data-start=\"464\" data-end=\"467\" \/><strong data-start=\"467\" data-end=\"478\">Konform<\/strong><br data-start=\"478\" data-end=\"481\" \/>Alle Inhalte dieser Website entsprechen den Barrierefreiheits\u00adanforderungen der geltenden Rechtsvorschriften.<\/p>\n<p data-start=\"594\" data-end=\"860\"><strong data-start=\"594\" data-end=\"629\">Ausnahmen und Anwendungsbereich<\/strong><br data-start=\"629\" data-end=\"632\" \/>Derzeit werden keine Ausnahmen aufgrund unverh\u00e4ltnism\u00e4\u00dfiger Belastung gem\u00e4\u00df Artikel 3-ter des Gesetzes Nr. 4 vom 9. Januar 2004 angewendet.<br data-start=\"771\" data-end=\"774\" \/>Alle Inhalte der Website fallen in den Anwendungsbereich der geltenden Gesetzgebung.<\/p>\n<p data-start=\"862\" data-end=\"1218\"><strong data-start=\"862\" data-end=\"908\">Erstellung der Barrierefreiheits\u00aderkl\u00e4rung<\/strong><br data-start=\"908\" data-end=\"911\" \/>Diese Erkl\u00e4rung wurde am 09.10.2025 erstellt.<br data-start=\"956\" data-end=\"959\" \/>Die Bewertung wurde von Accessibi.com anhand objektiver und subjektiver Analysen durch qualifiziertes Personal durchgef\u00fchrt.<br data-start=\"1083\" data-end=\"1086\" \/>Diese Erkl\u00e4rung wurde zuletzt am 09.10.2025 \u00fcberpr\u00fcft, in \u00dcbereinstimmung mit den Empfehlungen (mindestens j\u00e4hrliche \u00dcberpr\u00fcfung).<\/p>\n<p data-start=\"1400\" data-end=\"1437\"><strong data-start=\"1400\" data-end=\"1437\">Feedback und Kontaktinformationen<\/strong><\/p>\n<p data-start=\"1439\" data-end=\"1583\">F\u00fcr Meldungen oder Anfragen zur Barrierefreiheit dieser Website k\u00f6nnen Sie sich an folgende Adresse wenden:<br data-start=\"1546\" data-end=\"1549\" \/><em data-start=\"1552\" data-end=\"1583\"><a class=\"cursor-pointer\" rel=\"noopener\" data-start=\"1553\" data-end=\"1582\">accessibility@misceladoro.com<\/a><\/em><\/p>\n<p data-start=\"1585\" data-end=\"1645\">Verantwortliche Person f\u00fcr R\u00fcckmeldungen: Maria Luisa Urbano<\/p>\n<p data-start=\"1647\" data-end=\"1670\"><strong data-start=\"1647\" data-end=\"1670\">Meldung an die AgID<\/strong><\/p>\n<p data-start=\"1672\" data-end=\"1855\">Falls innerhalb von 30 Tagen keine oder eine unzureichende Antwort erfolgt, kann eine Meldung an die AgID \u00fcber zertifizierte E-Mail (PEC) gesendet werden: <em data-start=\"1827\" data-end=\"1855\"><a class=\"cursor-pointer\" rel=\"noopener\" data-start=\"1828\" data-end=\"1854\">protocollo@pec.agid.gov.it<\/a><\/em><\/p>\n<p data-start=\"1857\" data-end=\"1886\"><strong data-start=\"1857\" data-end=\"1886\">Informationen zur Website<\/strong><\/p>\n<p data-start=\"1888\" data-end=\"1949\">Benutzertests durchgef\u00fchrt: Nein<br data-start=\"1920\" data-end=\"1923\" \/>Verwendetes CMS: WordPress<\/p>\n<p data-start=\"1951\" data-end=\"1985\"><strong data-start=\"1951\" data-end=\"1985\">Informationen zur Organisation<\/strong><\/p>\n<p data-start=\"1987\" data-end=\"2073\">Nicht anwendbar f\u00fcr private Stellen gem\u00e4\u00df Artikel 3, Absatz 1 des Gesetzes Nr. 4\/2004.<\/p>\n","protected":false},"excerpt":{"rendered":"<p>Erkl\u00e4rung zur Barrierefreiheit der Website f\u00fcr private Stellen gem\u00e4\u00df Artikel 3, Absatz 1 des Gesetzes Nr. 4 vom 9. Januar 2004 Erkl\u00e4rung Miscela d\u2019Oro verpflichtet sich, ihre Website barrierefrei zug\u00e4nglich zu machen, gem\u00e4\u00df dem Gesetz Nr. 4 vom 9. Januar 2004. Diese Erkl\u00e4rung zur Barrierefreiheit gilt f\u00fcr: https:\/\/www.misceladoro.com\/ Konformit\u00e4tsstatusKonformAlle Inhalte dieser Website entsprechen den Barrierefreiheits\u00adanforderungen [&hellip;]<\/p>\n","protected":false},"author":5975,"featured_media":0,"parent":0,"menu_order":0,"comment_status":"closed","ping_status":"closed","template":"","meta":{"_acf_changed":false,"inline_featured_image":false,"footnotes":""},"class_list":["post-14182","page","type-page","status-publish","hentry"],"acf":[],"yoast_head":"<!-- This site is optimized with the Yoast SEO Premium plugin v26.7 (Yoast SEO v26.7) - https:\/\/yoast.com\/wordpress\/plugins\/seo\/ -->\n<title>Erkl\u00e4rung zur Barrierefreiheit | Miscela d&#039;Oro<\/title>\n<meta name=\"description\" content=\"Entdecken Sie das Engagement von Miscela d&#039;Oro f\u00fcr digitale Barrierefreiheit: Hier erfahren Sie, was wir bereits erreicht haben und was wir noch verbessern werden\" \/>\n<meta name=\"robots\" content=\"index, follow, max-snippet:-1, max-image-preview:large, max-video-preview:-1\" \/>\n<link rel=\"canonical\" href=\"https:\/\/www.misceladoro.com\/de\/erklaerung-zur-barrierefreiheit\/\" \/>\n<meta property=\"og:locale\" content=\"de_DE\" \/>\n<meta property=\"og:type\" content=\"article\" \/>\n<meta property=\"og:title\" content=\"Erkl\u00e4rung zur Barrierefreiheit\" \/>\n<meta property=\"og:description\" content=\"Entdecken Sie das Engagement von Miscela d&#039;Oro f\u00fcr digitale Barrierefreiheit: Hier erfahren Sie, was wir bereits erreicht haben und was wir noch verbessern werden\" \/>\n<meta property=\"og:url\" content=\"https:\/\/www.misceladoro.com\/de\/erklaerung-zur-barrierefreiheit\/\" \/>\n<meta property=\"og:site_name\" content=\"Miscela d&#039;Oro\" \/>\n<meta property=\"article:publisher\" content=\"https:\/\/www.facebook.com\/MDOSicilia1946\" \/>\n<meta property=\"article:modified_time\" content=\"2025-10-13T10:40:56+00:00\" \/>\n<meta name=\"twitter:card\" content=\"summary_large_image\" \/>\n<meta name=\"twitter:site\" content=\"@miscela_doro\" \/>\n<meta name=\"twitter:label1\" content=\"Gesch\u00e4tzte Lesezeit\" \/>\n\t<meta name=\"twitter:data1\" content=\"2\u00a0Minute\" \/>\n<script type=\"application\/ld+json\" class=\"yoast-schema-graph\">{\"@context\":\"https:\/\/schema.org\",\"@graph\":[{\"@type\":\"WebPage\",\"@id\":\"https:\/\/www.misceladoro.com\/de\/erklaerung-zur-barrierefreiheit\/\",\"url\":\"https:\/\/www.misceladoro.com\/de\/erklaerung-zur-barrierefreiheit\/\",\"name\":\"Erkl\u00e4rung zur Barrierefreiheit | Miscela d&#039;Oro\",\"isPartOf\":{\"@id\":\"https:\/\/www.misceladoro.com\/de\/#website\"},\"datePublished\":\"2025-06-19T10:03:22+00:00\",\"dateModified\":\"2025-10-13T10:40:56+00:00\",\"description\":\"Entdecken Sie das Engagement von Miscela d'Oro f\u00fcr digitale Barrierefreiheit: Hier erfahren Sie, was wir bereits erreicht haben und was wir noch verbessern werden\",\"breadcrumb\":{\"@id\":\"https:\/\/www.misceladoro.com\/de\/erklaerung-zur-barrierefreiheit\/#breadcrumb\"},\"inLanguage\":\"de\",\"potentialAction\":[{\"@type\":\"ReadAction\",\"target\":[\"https:\/\/www.misceladoro.com\/de\/erklaerung-zur-barrierefreiheit\/\"]}]},{\"@type\":\"BreadcrumbList\",\"@id\":\"https:\/\/www.misceladoro.com\/de\/erklaerung-zur-barrierefreiheit\/#breadcrumb\",\"itemListElement\":[{\"@type\":\"ListItem\",\"position\":1,\"name\":\"Home\",\"item\":\"https:\/\/www.misceladoro.com\/de\/\"},{\"@type\":\"ListItem\",\"position\":2,\"name\":\"Erkl\u00e4rung zur Barrierefreiheit\"}]},{\"@type\":\"WebSite\",\"@id\":\"https:\/\/www.misceladoro.com\/de\/#website\",\"url\":\"https:\/\/www.misceladoro.com\/de\/\",\"name\":\"Miscela d'Oro\",\"description\":\"Artigiani del caff\u00e8 dal 1946\",\"publisher\":{\"@id\":\"https:\/\/www.misceladoro.com\/de\/#organization\"},\"potentialAction\":[{\"@type\":\"SearchAction\",\"target\":{\"@type\":\"EntryPoint\",\"urlTemplate\":\"https:\/\/www.misceladoro.com\/de\/?s={search_term_string}\"},\"query-input\":{\"@type\":\"PropertyValueSpecification\",\"valueRequired\":true,\"valueName\":\"search_term_string\"}}],\"inLanguage\":\"de\"},{\"@type\":\"Organization\",\"@id\":\"https:\/\/www.misceladoro.com\/de\/#organization\",\"name\":\"Miscela d'Oro\",\"url\":\"https:\/\/www.misceladoro.com\/de\/\",\"logo\":{\"@type\":\"ImageObject\",\"inLanguage\":\"de\",\"@id\":\"https:\/\/www.misceladoro.com\/de\/#\/schema\/logo\/image\/\",\"url\":\"https:\/\/www.misceladoro.com\/wp-content\/uploads\/2022\/10\/LogoMiscelaOro-logo.png\",\"contentUrl\":\"https:\/\/www.misceladoro.com\/wp-content\/uploads\/2022\/10\/LogoMiscelaOro-logo.png\",\"width\":200,\"height\":120,\"caption\":\"Miscela d'Oro\"},\"image\":{\"@id\":\"https:\/\/www.misceladoro.com\/de\/#\/schema\/logo\/image\/\"},\"sameAs\":[\"https:\/\/www.facebook.com\/MDOSicilia1946\",\"https:\/\/x.com\/miscela_doro\",\"https:\/\/www.instagram.com\/misceladoro\/\"]}]}<\/script>\n<!-- \/ Yoast SEO Premium plugin. -->","yoast_head_json":{"title":"Erkl\u00e4rung zur Barrierefreiheit | Miscela d&#039;Oro","description":"Entdecken Sie das Engagement von Miscela d'Oro f\u00fcr digitale Barrierefreiheit: Hier erfahren Sie, was wir bereits erreicht haben und was wir noch verbessern werden","robots":{"index":"index","follow":"follow","max-snippet":"max-snippet:-1","max-image-preview":"max-image-preview:large","max-video-preview":"max-video-preview:-1"},"canonical":"https:\/\/www.misceladoro.com\/de\/erklaerung-zur-barrierefreiheit\/","og_locale":"de_DE","og_type":"article","og_title":"Erkl\u00e4rung zur Barrierefreiheit","og_description":"Entdecken Sie das Engagement von Miscela d'Oro f\u00fcr digitale Barrierefreiheit: Hier erfahren Sie, was wir bereits erreicht haben und was wir noch verbessern werden","og_url":"https:\/\/www.misceladoro.com\/de\/erklaerung-zur-barrierefreiheit\/","og_site_name":"Miscela d&#039;Oro","article_publisher":"https:\/\/www.facebook.com\/MDOSicilia1946","article_modified_time":"2025-10-13T10:40:56+00:00","twitter_card":"summary_large_image","twitter_site":"@miscela_doro","twitter_misc":{"Gesch\u00e4tzte Lesezeit":"2\u00a0Minute"},"schema":{"@context":"https:\/\/schema.org","@graph":[{"@type":"WebPage","@id":"https:\/\/www.misceladoro.com\/de\/erklaerung-zur-barrierefreiheit\/","url":"https:\/\/www.misceladoro.com\/de\/erklaerung-zur-barrierefreiheit\/","name":"Erkl\u00e4rung zur Barrierefreiheit | Miscela d&#039;Oro","isPartOf":{"@id":"https:\/\/www.misceladoro.com\/de\/#website"},"datePublished":"2025-06-19T10:03:22+00:00","dateModified":"2025-10-13T10:40:56+00:00","description":"Entdecken Sie das Engagement von Miscela d'Oro f\u00fcr digitale Barrierefreiheit: Hier erfahren Sie, was wir bereits erreicht haben und was wir noch verbessern werden","breadcrumb":{"@id":"https:\/\/www.misceladoro.com\/de\/erklaerung-zur-barrierefreiheit\/#breadcrumb"},"inLanguage":"de","potentialAction":[{"@type":"ReadAction","target":["https:\/\/www.misceladoro.com\/de\/erklaerung-zur-barrierefreiheit\/"]}]},{"@type":"BreadcrumbList","@id":"https:\/\/www.misceladoro.com\/de\/erklaerung-zur-barrierefreiheit\/#breadcrumb","itemListElement":[{"@type":"ListItem","position":1,"name":"Home","item":"https:\/\/www.misceladoro.com\/de\/"},{"@type":"ListItem","position":2,"name":"Erkl\u00e4rung zur Barrierefreiheit"}]},{"@type":"WebSite","@id":"https:\/\/www.misceladoro.com\/de\/#website","url":"https:\/\/www.misceladoro.com\/de\/","name":"Miscela d'Oro","description":"Artigiani del caff\u00e8 dal 1946","publisher":{"@id":"https:\/\/www.misceladoro.com\/de\/#organization"},"potentialAction":[{"@type":"SearchAction","target":{"@type":"EntryPoint","urlTemplate":"https:\/\/www.misceladoro.com\/de\/?s={search_term_string}"},"query-input":{"@type":"PropertyValueSpecification","valueRequired":true,"valueName":"search_term_string"}}],"inLanguage":"de"},{"@type":"Organization","@id":"https:\/\/www.misceladoro.com\/de\/#organization","name":"Miscela d'Oro","url":"https:\/\/www.misceladoro.com\/de\/","logo":{"@type":"ImageObject","inLanguage":"de","@id":"https:\/\/www.misceladoro.com\/de\/#\/schema\/logo\/image\/","url":"https:\/\/www.misceladoro.com\/wp-content\/uploads\/2022\/10\/LogoMiscelaOro-logo.png","contentUrl":"https:\/\/www.misceladoro.com\/wp-content\/uploads\/2022\/10\/LogoMiscelaOro-logo.png","width":200,"height":120,"caption":"Miscela d'Oro"},"image":{"@id":"https:\/\/www.misceladoro.com\/de\/#\/schema\/logo\/image\/"},"sameAs":["https:\/\/www.facebook.com\/MDOSicilia1946","https:\/\/x.com\/miscela_doro","https:\/\/www.instagram.com\/misceladoro\/"]}]}},"_links":{"self":[{"href":"https:\/\/www.misceladoro.com\/de\/wp-json\/wp\/v2\/pages\/14182","targetHints":{"allow":["GET"]}}],"collection":[{"href":"https:\/\/www.misceladoro.com\/de\/wp-json\/wp\/v2\/pages"}],"about":[{"href":"https:\/\/www.misceladoro.com\/de\/wp-json\/wp\/v2\/types\/page"}],"author":[{"embeddable":true,"href":"https:\/\/www.misceladoro.com\/de\/wp-json\/wp\/v2\/users\/5975"}],"replies":[{"embeddable":true,"href":"https:\/\/www.misceladoro.com\/de\/wp-json\/wp\/v2\/comments?post=14182"}],"version-history":[{"count":7,"href":"https:\/\/www.misceladoro.com\/de\/wp-json\/wp\/v2\/pages\/14182\/revisions"}],"predecessor-version":[{"id":16440,"href":"https:\/\/www.misceladoro.com\/de\/wp-json\/wp\/v2\/pages\/14182\/revisions\/16440"}],"wp:attachment":[{"href":"https:\/\/www.misceladoro.com\/de\/wp-json\/wp\/v2\/media?parent=14182"}],"curies":[{"name":"wp","href":"https:\/\/api.w.org\/{rel}","templated":true}]}}